{"id":10358,"date":"2021-05-11T11:46:18","date_gmt":"2021-05-11T11:46:18","guid":{"rendered":"https:\/\/wp.gestiondecompras.com\/products\/pest-control-products\/"},"modified":"2021-11-08T12:06:50","modified_gmt":"2021-11-08T12:06:50","slug":"pest-control-products","status":"publish","type":"page","link":"https:\/\/wp.gestiondecompras.com\/zh\/products\/pest-control-products\/","title":{"rendered":"Pest control products"},"content":{"rendered":"[spb_row element_name=&#8221;Row&#8221; wrap_type=&#8221;content-width&#8221; parallax_image_height=&#8221;content-height&#8221; parallax_image_movement=&#8221;fixed&#8221; parallax_image_speed=&#8221;0.5&#8243; bg_video_loop=&#8221;yes&#8221; parallax_video_height=&#8221;window-height&#8221; parallax_video_overlay=&#8221;none&#8221; row_overlay_opacity=&#8221;0&#8243; row_col_pos=&#8221;default&#8221; width=&#8221;1\/1&#8243; el_position=&#8221;first last&#8221;] [spb_column col_animation=&#8221;none&#8221; col_animation_delay=&#8221;0&#8243; col_bg_type=&#8221;cover&#8221; col_parallax_image_movement=&#8221;fixed&#8221; col_parallax_image_speed=&#8221;0.5&#8243; col_padding=&#8221;0&#8243; col_vertical_offset=&#8221;0&#8243; col_horizontal_offset=&#8221;0&#8243; col_custom_zindex=&#8221;0&#8243; col_sm=&#8221;12&#8243; simplified_controls=&#8221;yes&#8221; custom_css_percentage=&#8221;no&#8221; padding_vertical=&#8221;0&#8243; padding_horizontal=&#8221;0&#8243; margin_vertical=&#8221;0&#8243; custom_css=&#8221;margin-top: 0px;margin-bottom: 0px;&#8221; border_styling_global=&#8221;default&#8221; width=&#8221;1\/1&#8243; el_position=&#8221;first last&#8221;] [spb_text_block animation=&#8221;none&#8221; animation_delay=&#8221;0&#8243; simplified_controls=&#8221;yes&#8221; custom_css_percentage=&#8221;no&#8221; padding_vertical=&#8221;0&#8243; padding_horizontal=&#8221;0&#8243; margin_vertical=&#8221;0&#8243; custom_css=&#8221;margin-top: 0px;margin-bottom: 0px;&#8221; border_size=&#8221;0&#8243; border_styling_global=&#8221;default&#8221; width=&#8221;3\/4&#8243; el_position=&#8221;first&#8221;]\n<p>Gesti\u00f3n de Compras has a wide catalog of articles for pest control: antimalarial spikes (made of polycarbonate), cages, nets, traps, etc.<\/p>\n[\/spb_text_block][spb_text_block animation=&#8221;none&#8221; animation_delay=&#8221;0&#8243; simplified_controls=&#8221;yes&#8221; custom_css_percentage=&#8221;no&#8221; padding_vertical=&#8221;0&#8243; padding_horizontal=&#8221;0&#8243; margin_vertical=&#8221;0&#8243; custom_css=&#8221;margin-top: 0px;margin-bottom: 0px;&#8221; border_size=&#8221;0&#8243; border_styling_global=&#8221;default&#8221; width=&#8221;1\/4&#8243; el_position=&#8221;last&#8221;]\n\n                    <div class=\"spb-asset-content\" style=\"text-align: center;\">\n                        <a class=\"sf-button standard accent default pdf-button\" href=\"\/wp-content\/uploads\/2021\/11\/pest-control-products-en.pdf\" target=\"_blank\" rel=\"\">\n                            <svg xmlns=\"http:\/\/www.w3.org\/2000\/svg\" width=\"24\" height=\"24\" viewBox=\"0 0 24 24\" style=\"margin-right: 8px;\">\n                                <style type=\"text\/css\">\n                                    .st0{fill:#FFFFFF;}\n                                <\/style>\n                                <path class=\"st0\" d=\"M11.4,2C15.5,2,14,8,14,8s6-1.7,6,2.5V22H4V2C4,2,11.4,2,11.4,2z M12.2,0H2v24h20V9.6C22,7.2,15.4,0,12.2,0z   M8.4,17.3c0.3-0.3,0.9-0.6,1.7-1c0.4-0.7,0.7-1.5,1-2.2c-0.2-0.5-0.4-1-0.5-1.6c-0.2-2.1,2.1-1.9,1.7,0c-0.1,0.4-0.2,0.9-0.5,1.5  c0.4,0.7,0.8,1.1,1.2,1.5c0.5-0.1,1.3-0.2,1.8-0.1c1.4,0.2,1.2,1.7,0,1.7c-0.6,0-1.5-0.5-2-0.9c-0.8,0.1-1.6,0.4-2.3,0.6  c-0.2,0.4-0.5,1-0.8,1.4C8.7,19.9,7.2,18.4,8.4,17.3z M9.6,17.3c-0.3,0.1-0.6,0.3-0.8,0.6c-0.3,0.3-0.1,0.6,0.3,0.2  C9.3,17.9,9.5,17.6,9.6,17.3z M14.1,16.1c0.2,0.2,0.6,0.3,0.9,0.3c0.4,0,0.4-0.3-0.1-0.3C14.7,16.1,14.4,16.1,14.1,16.1z M11.1,16  c0.3-0.1,1-0.3,1.2-0.3c0,0-0.5-0.5-0.7-0.8C11.5,15.2,11.1,16,11.1,16z M11.5,12c-0.1,0.3,0,0.8,0.1,1.1c0.1-0.2,0.3-0.8,0.2-1.1  C11.7,11.7,11.5,11.7,11.5,12z\"\/>\n                            <\/svg>\n                            <span>Pest control products<\/span>\n                        <\/a>\n                    <\/div>\n                \n[\/spb_text_block] [spb_text_block animation=&#8221;none&#8221; animation_delay=&#8221;0&#8243; simplified_controls=&#8221;yes&#8221; custom_css_percentage=&#8221;no&#8221; padding_vertical=&#8221;0&#8243; padding_horizontal=&#8221;0&#8243; margin_vertical=&#8221;0&#8243; custom_css=&#8221;margin-top: 0px;margin-bottom: 0px;&#8221; border_size=&#8221;0&#8243; border_styling_global=&#8221;default&#8221; width=&#8221;1\/1&#8243; el_position=&#8221;first last&#8221;]\n<hr style=\"background-color: #0098aa; height: 1px;\" \/>\n[\/spb_text_block] [\/spb_column] [\/spb_row] [spb_row element_name=&#8221;Row&#8221; wrap_type=&#8221;content-width&#8221; parallax_image_height=&#8221;content-height&#8221; parallax_image_movement=&#8221;fixed&#8221; parallax_image_speed=&#8221;0.5&#8243; bg_video_loop=&#8221;yes&#8221; parallax_video_height=&#8221;window-height&#8221; parallax_video_overlay=&#8221;none&#8221; row_overlay_opacity=&#8221;0&#8243; row_col_pos=&#8221;default&#8221; width=&#8221;1\/1&#8243; el_position=&#8221;first last&#8221;] [spb_column col_sm=&#8221;12&#8243; padding_horizontal=&#8221;0&#8243; width=&#8221;1\/1&#8243; el_position=&#8221;first last&#8221;] [spb_boxed_content type=&#8221;coloured&#8221; box_link_target=&#8221;_self&#8221; padding_vertical=&#8221;0&#8243; padding_horizontal=&#8221;0&#8243; width=&#8221;1\/1&#8243; el_position=&#8221;first last&#8221;]\n<h2 style=\"text-align: center;\"><strong>Pest control products<\/strong><\/h2>\n<div class=\"horizontal-break bold\"> <\/div>\n[\/spb_boxed_content] [\/spb_column] [spb_column col_sm=&#8221;12&#8243; padding_horizontal=&#8221;0&#8243; width=&#8221;1\/1&#8243; el_position=&#8221;first last&#8221;] [spb_boxed_content type=&#8221;coloured&#8221; box_link_target=&#8221;_self&#8221; padding_vertical=&#8221;0&#8243; padding_horizontal=&#8221;0&#8243; width=&#8221;1\/1&#8243; el_position=&#8221;first last&#8221;]\n<p style=\"text-align: justify;\">When we talk about pests, we are talking about a set of animal or vegetables organisms capable of causing damage or misfortune in a large part of the population.<\/p>\n<p style=\"text-align: justify;\">A good pests control will prevent the presence of these organisms that can destroy crops, damage properties or complicate our daily life.<\/p>\n<p style=\"text-align: justify;\">Some of most common pests that we can find are insects (termites, cockroaches, ants, fleas or flies), birds, rats or moles.<\/p>\n[\/spb_boxed_content] [\/spb_column] [spb_boxed_content type=&#8221;coloured&#8221; box_link_target=&#8221;_self&#8221; padding_vertical=&#8221;0&#8243; padding_horizontal=&#8221;0&#8243; width=&#8221;1\/1&#8243; el_position=&#8221;first last&#8221;]\n<h2 style=\"text-align: center;\"><strong>Steps to follow in a pests control<br \/>\n<\/strong><\/h2>\n<div class=\"horizontal-break bold\"> <\/div>\n[\/spb_boxed_content] [spb_column col_sm=&#8221;12&#8243; padding_horizontal=&#8221;0&#8243; width=&#8221;1\/1&#8243; el_position=&#8221;first last&#8221;] [spb_boxed_content type=&#8221;coloured&#8221; box_link_target=&#8221;_self&#8221; padding_vertical=&#8221;0&#8243; padding_horizontal=&#8221;0&#8243; width=&#8221;1\/1&#8243; el_position=&#8221;first last&#8221;]\n<p>For a pest control can be effective, we must follow a series of steps:<\/p>\n<ul>\n<li>Identify the organism to investigate about its origin, its refuge and, therefore, the most effective methods to finish with it.<\/li>\n<li>Evaluate the possible strategies to applicate.<\/li>\n<li>Track and control the methods we have decided to apply.<\/li>\n<\/ul>\n<h3><strong>Depending on the body<\/strong><\/h3>\n<p>Depending on the body we face, we will carry out different procedures such as:<\/p>\n<ul>\n<li><strong>Disinfection:<\/strong> Involves the destruction of pathogenic microorganism.<\/li>\n<li><strong>Disinsection<\/strong>: For the control or elimination of all kinds of insects.<\/li>\n<li><strong>Deratization<\/strong>: For the elimination of any kind of rodent. We can use two types:<\/li>\n<\/ul>\n<ul>\n<li style=\"list-style-type: none;\">\n<ul>\n<li>Passive deratization: various methods that prevent rodents from invading premises or houses.<\/li>\n<li>Active deratization: chemical and biologic methods are used.<\/li>\n<\/ul>\n<\/li>\n<li><strong>Fumigation<\/strong>: Is the most effective method to eliminate pests. Are chemical agents that are found in gaseous form.<\/li>\n<\/ul>\n<p>&nbsp;<\/p>\n[\/spb_boxed_content] [\/spb_column] [\/spb_row]\n","protected":false},"excerpt":{"rendered":"<p>[spb_row element_name=&#8221;Row&#8221; wrap_type=&#8221;content-width&#8221; parallax_image_height=&#8221;content-height&#8221; parallax_image_movement=&#8221;fixed&#8221; parallax_image_speed=&#8221;0.5&#8243; bg_video_loop=&#8221;yes&#8221; parallax_video_height=&#8221;window-height&#8221; parallax_video_overlay=&#8221;none&#8221; row_overlay_opacity=&#8221;0&#8243; row_col_pos=&#8221;default&#8221; width=&#8221;1\/1&#8243; el_position=&#8221;first last&#8221;] [spb_column col_animation=&#8221;none&#8221; col_animation_delay=&#8221;0&#8243; col_bg_type=&#8221;cover&#8221; col_parallax_image_movement=&#8221;fixed&#8221; col_parallax_image_speed=&#8221;0.5&#8243; col_padding=&#8221;0&#8243; col_vertical_offset=&#8221;0&#8243; col_horizontal_offset=&#8221;0&#8243; col_custom_zindex=&#8221;0&#8243; col_sm=&#8221;12&#8243; simplified_controls=&#8221;yes&#8221; custom_css_percentage=&#8221;no&#8221; padding_vertical=&#8221;0&#8243; padding_horizontal=&#8221;0&#8243; margin_vertical=&#8221;0&#8243; custom_css=&#8221;margin-top: 0px;margin-bottom: 0px;&#8221; border_styling_global=&#8221;default&#8221; width=&#8221;1\/1&#8243; el_position=&#8221;first last&#8221;] [spb_text_block animation=&#8221;none&#8221; animation_delay=&#8221;0&#8243; simplified_controls=&#8221;yes&#8221; custom_css_percentage=&#8221;no&#8221; padding_vertical=&#8221;0&#8243; padding_horizontal=&#8221;0&#8243; margin_vertical=&#8221;0&#8243; custom_css=&#8221;margin-top: 0px;margin-bottom: 0px;&#8221; border_size=&#8221;0&#8243; border_styling_global=&#8221;default&#8221; width=&#8221;3\/4&#8243; el_position=&#8221;first&#8221;] Gesti\u00f3n de Compras has a wide catalog of [&hellip;]<\/p>\n","protected":false},"author":1,"featured_media":10134,"parent":10251,"menu_order":0,"comment_status":"closed","ping_status":"closed","template":"page-products-category.php","meta":{"footnotes":""},"yoast_head":"<!-- This site is optimized with the Yoast SEO plugin v22.4 - https:\/\/yoast.com\/wordpress\/plugins\/seo\/ -->\n<title>Pest control products - Gesti\u00f3n De Compras<\/title>\n<meta name=\"description\" content=\"Disponemos de un amplio cat\u00e1logo de art\u00edculos destinados al control de plagas: pinchos antipaloma, jaulas para p\u00e1jaros, redes, etc.\" \/>\n<meta name=\"robots\" content=\"index, follow, max-snippet:-1, max-image-preview:large, max-video-preview:-1\" \/>\n<link rel=\"canonical\" href=\"https:\/\/wp.gestiondecompras.com\/zh\/products\/pest-control-products\/\" \/>\n<meta property=\"og:locale\" content=\"zh_CN\" \/>\n<meta property=\"og:type\" content=\"article\" \/>\n<meta property=\"og:title\" content=\"Pest control products - Gesti\u00f3n De Compras\" \/>\n<meta property=\"og:description\" content=\"Disponemos de un amplio cat\u00e1logo de art\u00edculos destinados al control de plagas: pinchos antipaloma, jaulas para p\u00e1jaros, redes, etc.\" \/>\n<meta property=\"og:url\" content=\"https:\/\/wp.gestiondecompras.com\/zh\/products\/pest-control-products\/\" \/>\n<meta property=\"og:site_name\" content=\"Gesti\u00f3n De Compras\" \/>\n<meta property=\"article:modified_time\" content=\"2021-11-08T12:06:50+00:00\" \/>\n<meta property=\"og:image\" content=\"https:\/\/wp.gestiondecompras.com\/wp-content\/uploads\/2021\/07\/aves.jpg\" \/>\n\t<meta property=\"og:image:width\" content=\"640\" \/>\n\t<meta property=\"og:image:height\" content=\"426\" \/>\n\t<meta property=\"og:image:type\" content=\"image\/jpeg\" \/>\n<meta name=\"twitter:card\" content=\"summary_large_image\" \/>\n<meta name=\"twitter:label1\" content=\"Est. reading time\" \/>\n\t<meta name=\"twitter:data1\" content=\"1 minute\" \/>\n<script type=\"application\/ld+json\" class=\"yoast-schema-graph\">{\"@context\":\"https:\/\/schema.org\",\"@graph\":[{\"@type\":\"WebPage\",\"@id\":\"https:\/\/wp.gestiondecompras.com\/zh\/products\/pest-control-products\/\",\"url\":\"https:\/\/wp.gestiondecompras.com\/zh\/products\/pest-control-products\/\",\"name\":\"Pest control products - Gesti\u00f3n De Compras\",\"isPartOf\":{\"@id\":\"https:\/\/wp.gestiondecompras.com\/zh\/#website\"},\"primaryImageOfPage\":{\"@id\":\"https:\/\/wp.gestiondecompras.com\/zh\/products\/pest-control-products\/#primaryimage\"},\"image\":{\"@id\":\"https:\/\/wp.gestiondecompras.com\/zh\/products\/pest-control-products\/#primaryimage\"},\"thumbnailUrl\":\"https:\/\/wp.gestiondecompras.com\/wp-content\/uploads\/2021\/07\/aves.jpg\",\"datePublished\":\"2021-05-11T11:46:18+00:00\",\"dateModified\":\"2021-11-08T12:06:50+00:00\",\"description\":\"Disponemos de un amplio cat\u00e1logo de art\u00edculos destinados al control de plagas: pinchos antipaloma, jaulas para p\u00e1jaros, redes, etc.\",\"breadcrumb\":{\"@id\":\"https:\/\/wp.gestiondecompras.com\/zh\/products\/pest-control-products\/#breadcrumb\"},\"inLanguage\":\"zh\",\"potentialAction\":[{\"@type\":\"ReadAction\",\"target\":[\"https:\/\/wp.gestiondecompras.com\/zh\/products\/pest-control-products\/\"]}]},{\"@type\":\"ImageObject\",\"inLanguage\":\"zh\",\"@id\":\"https:\/\/wp.gestiondecompras.com\/zh\/products\/pest-control-products\/#primaryimage\",\"url\":\"https:\/\/wp.gestiondecompras.com\/wp-content\/uploads\/2021\/07\/aves.jpg\",\"contentUrl\":\"https:\/\/wp.gestiondecompras.com\/wp-content\/uploads\/2021\/07\/aves.jpg\",\"width\":640,\"height\":426},{\"@type\":\"BreadcrumbList\",\"@id\":\"https:\/\/wp.gestiondecompras.com\/zh\/products\/pest-control-products\/#breadcrumb\",\"itemListElement\":[{\"@type\":\"ListItem\",\"position\":1,\"name\":\"\u5bb6\",\"item\":\"https:\/\/wp.gestiondecompras.com\/zh\/\"},{\"@type\":\"ListItem\",\"position\":2,\"name\":\"\u4ea7\u54c1\",\"item\":\"https:\/\/wp.gestiondecompras.com\/zh\/productos\/\"},{\"@type\":\"ListItem\",\"position\":3,\"name\":\"Pest control products\"}]},{\"@type\":\"WebSite\",\"@id\":\"https:\/\/wp.gestiondecompras.com\/zh\/#website\",\"url\":\"https:\/\/wp.gestiondecompras.com\/zh\/\",\"name\":\"Gesti\u00f3n De Compras\",\"description\":\"Sourcing Internacional\",\"potentialAction\":[{\"@type\":\"SearchAction\",\"target\":{\"@type\":\"EntryPoint\",\"urlTemplate\":\"https:\/\/wp.gestiondecompras.com\/zh\/?s={search_term_string}\"},\"query-input\":\"required name=search_term_string\"}],\"inLanguage\":\"zh\"}]}<\/script>\n<!-- \/ Yoast SEO plugin. -->","yoast_head_json":{"title":"Pest control products - Gesti\u00f3n De Compras","description":"Disponemos de un amplio cat\u00e1logo de art\u00edculos destinados al control de plagas: pinchos antipaloma, jaulas para p\u00e1jaros, redes, etc.","robots":{"index":"index","follow":"follow","max-snippet":"max-snippet:-1","max-image-preview":"max-image-preview:large","max-video-preview":"max-video-preview:-1"},"canonical":"https:\/\/wp.gestiondecompras.com\/zh\/products\/pest-control-products\/","og_locale":"zh_CN","og_type":"article","og_title":"Pest control products - Gesti\u00f3n De Compras","og_description":"Disponemos de un amplio cat\u00e1logo de art\u00edculos destinados al control de plagas: pinchos antipaloma, jaulas para p\u00e1jaros, redes, etc.","og_url":"https:\/\/wp.gestiondecompras.com\/zh\/products\/pest-control-products\/","og_site_name":"Gesti\u00f3n De Compras","article_modified_time":"2021-11-08T12:06:50+00:00","og_image":[{"width":640,"height":426,"url":"https:\/\/wp.gestiondecompras.com\/wp-content\/uploads\/2021\/07\/aves.jpg","type":"image\/jpeg"}],"twitter_card":"summary_large_image","twitter_misc":{"Est. reading time":"1 minute"},"schema":{"@context":"https:\/\/schema.org","@graph":[{"@type":"WebPage","@id":"https:\/\/wp.gestiondecompras.com\/zh\/products\/pest-control-products\/","url":"https:\/\/wp.gestiondecompras.com\/zh\/products\/pest-control-products\/","name":"Pest control products - Gesti\u00f3n De Compras","isPartOf":{"@id":"https:\/\/wp.gestiondecompras.com\/zh\/#website"},"primaryImageOfPage":{"@id":"https:\/\/wp.gestiondecompras.com\/zh\/products\/pest-control-products\/#primaryimage"},"image":{"@id":"https:\/\/wp.gestiondecompras.com\/zh\/products\/pest-control-products\/#primaryimage"},"thumbnailUrl":"https:\/\/wp.gestiondecompras.com\/wp-content\/uploads\/2021\/07\/aves.jpg","datePublished":"2021-05-11T11:46:18+00:00","dateModified":"2021-11-08T12:06:50+00:00","description":"Disponemos de un amplio cat\u00e1logo de art\u00edculos destinados al control de plagas: pinchos antipaloma, jaulas para p\u00e1jaros, redes, etc.","breadcrumb":{"@id":"https:\/\/wp.gestiondecompras.com\/zh\/products\/pest-control-products\/#breadcrumb"},"inLanguage":"zh","potentialAction":[{"@type":"ReadAction","target":["https:\/\/wp.gestiondecompras.com\/zh\/products\/pest-control-products\/"]}]},{"@type":"ImageObject","inLanguage":"zh","@id":"https:\/\/wp.gestiondecompras.com\/zh\/products\/pest-control-products\/#primaryimage","url":"https:\/\/wp.gestiondecompras.com\/wp-content\/uploads\/2021\/07\/aves.jpg","contentUrl":"https:\/\/wp.gestiondecompras.com\/wp-content\/uploads\/2021\/07\/aves.jpg","width":640,"height":426},{"@type":"BreadcrumbList","@id":"https:\/\/wp.gestiondecompras.com\/zh\/products\/pest-control-products\/#breadcrumb","itemListElement":[{"@type":"ListItem","position":1,"name":"\u5bb6","item":"https:\/\/wp.gestiondecompras.com\/zh\/"},{"@type":"ListItem","position":2,"name":"\u4ea7\u54c1","item":"https:\/\/wp.gestiondecompras.com\/zh\/productos\/"},{"@type":"ListItem","position":3,"name":"Pest control products"}]},{"@type":"WebSite","@id":"https:\/\/wp.gestiondecompras.com\/zh\/#website","url":"https:\/\/wp.gestiondecompras.com\/zh\/","name":"Gesti\u00f3n De Compras","description":"Sourcing Internacional","potentialAction":[{"@type":"SearchAction","target":{"@type":"EntryPoint","urlTemplate":"https:\/\/wp.gestiondecompras.com\/zh\/?s={search_term_string}"},"query-input":"required name=search_term_string"}],"inLanguage":"zh"}]}},"_links":{"self":[{"href":"https:\/\/wp.gestiondecompras.com\/zh\/wp-json\/wp\/v2\/pages\/10358"}],"collection":[{"href":"https:\/\/wp.gestiondecompras.com\/zh\/wp-json\/wp\/v2\/pages"}],"about":[{"href":"https:\/\/wp.gestiondecompras.com\/zh\/wp-json\/wp\/v2\/types\/page"}],"author":[{"embeddable":true,"href":"https:\/\/wp.gestiondecompras.com\/zh\/wp-json\/wp\/v2\/users\/1"}],"replies":[{"embeddable":true,"href":"https:\/\/wp.gestiondecompras.com\/zh\/wp-json\/wp\/v2\/comments?post=10358"}],"version-history":[{"count":1,"href":"https:\/\/wp.gestiondecompras.com\/zh\/wp-json\/wp\/v2\/pages\/10358\/revisions"}],"predecessor-version":[{"id":10359,"href":"https:\/\/wp.gestiondecompras.com\/zh\/wp-json\/wp\/v2\/pages\/10358\/revisions\/10359"}],"up":[{"embeddable":true,"href":"https:\/\/wp.gestiondecompras.com\/zh\/wp-json\/wp\/v2\/pages\/10251"}],"wp:featuredmedia":[{"embeddable":true,"href":"https:\/\/wp.gestiondecompras.com\/zh\/wp-json\/wp\/v2\/media\/10134"}],"wp:attachment":[{"href":"https:\/\/wp.gestiondecompras.com\/zh\/wp-json\/wp\/v2\/media?parent=10358"}],"curies":[{"name":"wp","href":"https:\/\/api.w.org\/{rel}","templated":true}]}}