{"id":8012,"date":"2021-09-14T12:04:25","date_gmt":"2021-09-14T12:04:25","guid":{"rendered":"https:\/\/wp.gestiondecompras.com\/?page_id=8012"},"modified":"2021-10-26T10:34:03","modified_gmt":"2021-10-26T10:34:03","slug":"machine-de-recyclage","status":"publish","type":"page","link":"https:\/\/wp.gestiondecompras.com\/fr\/produits\/plastique\/machine-de-recyclage\/","title":{"rendered":"Machine de recyclage"},"content":{"rendered":"[spb_row element_name=\u00a0\u00bbRow\u00a0\u00bb wrap_type=\u00a0\u00bbcontent-width\u00a0\u00bb parallax_image_height=\u00a0\u00bbcontent-height\u00a0\u00bb parallax_image_movement=\u00a0\u00bbfixed\u00a0\u00bb parallax_image_speed=\u00a0\u00bb0.5&Prime; bg_video_loop=\u00a0\u00bbyes\u00a0\u00bb parallax_video_height=\u00a0\u00bbwindow-height\u00a0\u00bb parallax_video_overlay=\u00a0\u00bbnone\u00a0\u00bb row_overlay_opacity=\u00a0\u00bb0&Prime; row_col_pos=\u00a0\u00bbdefault\u00a0\u00bb width=\u00a0\u00bb1\/1&Prime; el_position=\u00a0\u00bbfirst last\u00a0\u00bb] [spb_column col_animation=\u00a0\u00bbnone\u00a0\u00bb col_animation_delay=\u00a0\u00bb0&Prime; col_bg_type=\u00a0\u00bbcover\u00a0\u00bb col_parallax_image_movement=\u00a0\u00bbfixed\u00a0\u00bb col_parallax_image_speed=\u00a0\u00bb0.5&Prime; col_padding=\u00a0\u00bb0&Prime; col_vertical_offset=\u00a0\u00bb0&Prime; col_horizontal_offset=\u00a0\u00bb0&Prime; col_custom_zindex=\u00a0\u00bb0&Prime; col_sm=\u00a0\u00bb12&Prime; simplified_controls=\u00a0\u00bbyes\u00a0\u00bb custom_css_percentage=\u00a0\u00bbno\u00a0\u00bb padding_vertical=\u00a0\u00bb0&Prime; padding_horizontal=\u00a0\u00bb0&Prime; margin_vertical=\u00a0\u00bb0&Prime; custom_css=\u00a0\u00bbmargin-top: 0px;margin-bottom: 0px;\u00a0\u00bb border_styling_global=\u00a0\u00bbdefault\u00a0\u00bb width=\u00a0\u00bb1\/1&Prime; el_position=\u00a0\u00bbfirst last\u00a0\u00bb] [spb_text_block animation=\u00a0\u00bbnone\u00a0\u00bb animation_delay=\u00a0\u00bb0&Prime; simplified_controls=\u00a0\u00bbyes\u00a0\u00bb custom_css_percentage=\u00a0\u00bbno\u00a0\u00bb padding_vertical=\u00a0\u00bb0&Prime; padding_horizontal=\u00a0\u00bb0&Prime; margin_vertical=\u00a0\u00bb0&Prime; custom_css=\u00a0\u00bbmargin-top: 0px;margin-bottom: 0px;\u00a0\u00bb border_size=\u00a0\u00bb0&Prime; border_styling_global=\u00a0\u00bbdefault\u00a0\u00bb width=\u00a0\u00bb3\/4&Prime; el_position=\u00a0\u00bbfirst\u00a0\u00bb]\n<p>Nous avons plus d&rsquo;une vingtaine de machines sp\u00e9cialis\u00e9es dans diff\u00e9rents proc\u00e9d\u00e9s de recyclage, dans diff\u00e9rents mat\u00e9riaux (PP, PE, EVA, etc.).<\/p>\n[\/spb_text_block][spb_text_block animation=\u00a0\u00bbnone\u00a0\u00bb animation_delay=\u00a0\u00bb0&Prime; simplified_controls=\u00a0\u00bbyes\u00a0\u00bb custom_css_percentage=\u00a0\u00bbno\u00a0\u00bb padding_vertical=\u00a0\u00bb0&Prime; padding_horizontal=\u00a0\u00bb0&Prime; margin_vertical=\u00a0\u00bb0&Prime; custom_css=\u00a0\u00bbmargin-top: 0px;margin-bottom: 0px;\u00a0\u00bb border_size=\u00a0\u00bb0&Prime; border_styling_global=\u00a0\u00bbdefault\u00a0\u00bb width=\u00a0\u00bb1\/4&Prime; el_position=\u00a0\u00bblast\u00a0\u00bb]\n\n[\/spb_text_block] [spb_text_block animation=\u00a0\u00bbnone\u00a0\u00bb animation_delay=\u00a0\u00bb0&Prime; simplified_controls=\u00a0\u00bbyes\u00a0\u00bb custom_css_percentage=\u00a0\u00bbno\u00a0\u00bb padding_vertical=\u00a0\u00bb0&Prime; padding_horizontal=\u00a0\u00bb0&Prime; margin_vertical=\u00a0\u00bb0&Prime; custom_css=\u00a0\u00bbmargin-top: 0px;margin-bottom: 0px;\u00a0\u00bb border_size=\u00a0\u00bb0&Prime; border_styling_global=\u00a0\u00bbdefault\u00a0\u00bb width=\u00a0\u00bb1\/1&Prime; el_position=\u00a0\u00bbfirst last\u00a0\u00bb]\n<hr style=\"background-color: #0098aa; height: 1px;\" \/>\n[\/spb_text_block] [\/spb_column] [\/spb_row] [spb_row element_name=\u00a0\u00bbRow\u00a0\u00bb wrap_type=\u00a0\u00bbcontent-width\u00a0\u00bb parallax_image_height=\u00a0\u00bbcontent-height\u00a0\u00bb parallax_image_movement=\u00a0\u00bbfixed\u00a0\u00bb parallax_image_speed=\u00a0\u00bb0.5&Prime; bg_video_loop=\u00a0\u00bbyes\u00a0\u00bb parallax_video_height=\u00a0\u00bbwindow-height\u00a0\u00bb parallax_video_overlay=\u00a0\u00bbnone\u00a0\u00bb row_overlay_opacity=\u00a0\u00bb0&Prime; row_col_pos=\u00a0\u00bbdefault\u00a0\u00bb width=\u00a0\u00bb1\/1&Prime; el_position=\u00a0\u00bbfirst last\u00a0\u00bb] [spb_text_block animation=\u00a0\u00bbnone\u00a0\u00bb animation_delay=\u00a0\u00bb0&Prime; simplified_controls=\u00a0\u00bbyes\u00a0\u00bb custom_css_percentage=\u00a0\u00bbno\u00a0\u00bb padding_vertical=\u00a0\u00bb0&Prime; padding_horizontal=\u00a0\u00bb0&Prime; margin_vertical=\u00a0\u00bb0&Prime; custom_css=\u00a0\u00bbmargin-top: 0px;margin-bottom: 0px;\u00a0\u00bb border_size=\u00a0\u00bb0&Prime; border_styling_global=\u00a0\u00bbdefault\u00a0\u00bb width=\u00a0\u00bb1\/1&Prime; el_position=\u00a0\u00bbfirst last\u00a0\u00bb]\n<h2 style=\"text-align: center;\"><strong>Produits<br \/>\n<\/strong><\/h2>\n<div class=\"horizontal-break bold\" style=\"background-color: #666d78; width: 100px\"> <\/div>\n[\/spb_text_block] [spb_boxed_content type=\u00a0\u00bbcoloured\u00a0\u00bb box_link_target=\u00a0\u00bb_self\u00a0\u00bb padding_vertical=\u00a0\u00bb0&Prime; padding_horizontal=\u00a0\u00bb0&Prime; width=\u00a0\u00bb1\/1&Prime; el_position=\u00a0\u00bbfirst last\u00a0\u00bb]\n<p style=\"text-align: justify;\">Chez Gesti\u00f3n de Compras, nous sommes conscients que toute contribution est bonne en mati\u00e8re d&rsquo;environnement.\u00a0C&rsquo;est pourquoi nous travaillons depuis des ann\u00e9es avec une grande vari\u00e9t\u00e9 de machines sp\u00e9cialis\u00e9es dans le recyclage du plastique.\u00a0Chez Gesti\u00f3n de Compras, nous nous engageons activement dans le d\u00e9veloppement socio-\u00e9conomique durable, des \u00e9quipements pour assurer la performance des \u00e9quipements de recyclage, aider les clients \u00e0 am\u00e9liorer leur efficacit\u00e9, r\u00e9duire la consommation d&rsquo;\u00e9nergie ;\u00a0ainsi que la promotion d&rsquo;une croissance \u00e9conomique sobre en carbone.<\/p>\n<p style=\"text-align: justify;\">Par cons\u00e9quent, nous avons plus d&rsquo;une vingtaine de machines\u00a0<strong>sp\u00e9cialis\u00e9es dans diff\u00e9rents proc\u00e9d\u00e9s de recyclage<\/strong>\u00a0, dans diff\u00e9rents mat\u00e9riaux (PP, PE, EVA, etc.).\u00a0Chacune des machines est con\u00e7ue pour recycler autant de plastique que possible de la mani\u00e8re la plus efficace.\u00a0La capacit\u00e9 de chacun d&rsquo;eux varie selon le mod\u00e8le.\u00a0Certaines des machines avec lesquelles nous travaillons sont des nettoyeurs, des lignes de recyclage compl\u00e8tes, des granulateurs, des doseurs, des d\u00e9shydrateurs, des extrudeuses, etc.<\/p>\n<p style=\"text-align: justify;\">Vous y trouverez les mod\u00e8les disponibles, mais nous vous recommandons, en cas d&rsquo;int\u00e9r\u00eat, de contacter la Direction des Achats pour mieux g\u00e9rer votre choix en fonction des besoins de chaque client.<\/p>\n[\/spb_boxed_content] [spb_blank_spacer height=\u00a0\u00bb30px\u00a0\u00bb width=\u00a0\u00bb1\/1&Prime; el_position=\u00a0\u00bbfirst last\u00a0\u00bb] [\/spb_row] [spb_row element_name=\u00a0\u00bbRow\u00a0\u00bb wrap_type=\u00a0\u00bbfull-width-contained\u00a0\u00bb row_bg_type=\u00a0\u00bbimage\u00a0\u00bb row_bg_color=\u00a0\u00bb#242424&Prime; color_row_height=\u00a0\u00bbcontent-height\u00a0\u00bb bg_image=\u00a0\u00bb7244&Prime; bg_type=\u00a0\u00bbcover\u00a0\u00bb parallax_image_height=\u00a0\u00bbcontent-height\u00a0\u00bb parallax_image_movement=\u00a0\u00bbscroll\u00a0\u00bb parallax_image_speed=\u00a0\u00bbstandard\u00a0\u00bb bg_video_loop=\u00a0\u00bbyes\u00a0\u00bb parallax_video_height=\u00a0\u00bbwindow-height\u00a0\u00bb row_top_style=\u00a0\u00bbnone\u00a0\u00bb row_bottom_style=\u00a0\u00bbnone\u00a0\u00bb parallax_video_overlay=\u00a0\u00bbnone\u00a0\u00bb row_overlay_opacity=\u00a0\u00bb0&Prime; remove_element_spacing=\u00a0\u00bbno\u00a0\u00bb row_col_spacing=\u00a0\u00bb0&Prime; row_col_pos=\u00a0\u00bbdefault\u00a0\u00bb row_col_equal_heights=\u00a0\u00bbno\u00a0\u00bb row_expanding=\u00a0\u00bbno\u00a0\u00bb row_animation=\u00a0\u00bbnone\u00a0\u00bb row_animation_delay=\u00a0\u00bb0&Prime; minimize_row=\u00a0\u00bbno\u00a0\u00bb simplified_controls=\u00a0\u00bbyes\u00a0\u00bb custom_css_percentage=\u00a0\u00bbno\u00a0\u00bb custom_css=\u00a0\u00bbmargin-top: 0px;margin-bottom: 0px;\u00a0\u00bb border_styling_global=\u00a0\u00bbdefault\u00a0\u00bb width=\u00a0\u00bb1\/1&Prime; el_position=\u00a0\u00bbfirst last\u00a0\u00bb] [spb_column col_animation=\u00a0\u00bbnone\u00a0\u00bb col_animation_delay=\u00a0\u00bb0&Prime; col_bg_color=\u00a0\u00bb#242424&Prime; col_bg_type=\u00a0\u00bbcover\u00a0\u00bb col_parallax_image_movement=\u00a0\u00bbfixed\u00a0\u00bb col_parallax_image_speed=\u00a0\u00bb0.5&Prime; col_padding=\u00a0\u00bb0&Prime; col_vertical_offset=\u00a0\u00bb0&Prime; col_horizontal_offset=\u00a0\u00bb0&Prime; col_custom_zindex=\u00a0\u00bb0&Prime; col_xs=\u00a0\u00bb12&Prime; col_sm=\u00a0\u00bb12&Prime; col_md=\u00a0\u00bb8&Prime; col_lg=\u00a0\u00bb8&Prime; simplified_controls=\u00a0\u00bbyes\u00a0\u00bb custom_css_percentage=\u00a0\u00bbno\u00a0\u00bb padding_vertical=\u00a0\u00bb20&Prime; padding_horizontal=\u00a0\u00bb20&Prime; margin_vertical=\u00a0\u00bb0&Prime; custom_css=\u00a0\u00bbmargin-top: 0px;margin-bottom: 0px;padding-top: 20px;padding-left: 20px;padding-right: 20px;padding-bottom: 20px;\u00a0\u00bb border_styling_global=\u00a0\u00bbdefault\u00a0\u00bb width=\u00a0\u00bb1\/1&Prime; el_position=\u00a0\u00bbfirst last\u00a0\u00bb] [spb_text_block animation=\u00a0\u00bbnone\u00a0\u00bb animation_delay=\u00a0\u00bb0&Prime; simplified_controls=\u00a0\u00bbyes\u00a0\u00bb custom_css_percentage=\u00a0\u00bbno\u00a0\u00bb padding_vertical=\u00a0\u00bb0&Prime; padding_horizontal=\u00a0\u00bb0&Prime; margin_vertical=\u00a0\u00bb0&Prime; custom_css=\u00a0\u00bbmargin-top: 0px;margin-bottom: 0px;\u00a0\u00bb border_size=\u00a0\u00bb0&Prime; border_styling_global=\u00a0\u00bbdefault\u00a0\u00bb width=\u00a0\u00bb1\/1&Prime; el_position=\u00a0\u00bbfirst last\u00a0\u00bb]\n<h3><strong>Ligne de recyclage<br \/>\n<\/strong><\/h3>\n<ul>\n<li><span style=\"color: #ffffff;\"><strong>Polypropyl\u00e8ne et poly\u00e9thyl\u00e8ne<\/strong>\u00a0: Cette machine \u00e0 laver peut \u00eatre utilis\u00e9e pour recycler les d\u00e9chets plastiques, tels que les sacs en plastique, utiliser le plastique dans l&rsquo;<\/span><br \/>\n<span style=\"color: #ffffff;\">agriculture, les emballages, etc. Toute la ligne de production est s\u00fbre et conforme \u00e0 la plus haute qualit\u00e9, avec certificat CE et ISO9001.<\/span><br \/>\n<span style=\"color: #ffffff;\">Efficacit\u00e9 de travail \u00e9lev\u00e9e, faible teneur en humidit\u00e9 (moins de 5%).\u00a0Longue<\/span><br \/>\n<span style=\"color: #ffffff;\">durabilit\u00e9 assur\u00e9e.<\/span><\/li>\n<li><span style=\"color: #ffffff;\"><strong>Bouteilles PET<\/strong>\u00a0: Pour nettoyer les bouteilles PET, certaines machines \u00e0 cha\u00eene sont n\u00e9cessaires.\u00a0Les processus que le plastique doit suivre pour \u00eatre recycl\u00e9 sont : la s\u00e9lection, le lavage et le s\u00e9chage.<\/span><\/li>\n<li><span style=\"color: #ffffff;\">Bouteilles, bo\u00eetes, chaises et autres d\u00e9chets plastiques inject\u00e9s en PP et HDPE.<\/span><\/li>\n<\/ul>\n<h3><strong>Ligne de recyclage-pelletisation<br \/>\n<\/strong><\/h3>\n<p><span style=\"color: #ffffff;\">Les machines de granulation\/d\u00e9chiquetage du plastique sont tr\u00e8s utiles pour la ligne de recyclage, car elles sont utilis\u00e9es pour casser le plastique et faciliter son recyclage.\u00a0A l&rsquo;int\u00e9rieur de la machine, des lames aliment\u00e9es par l&rsquo;\u00e9nergie du moteur, sont charg\u00e9es de casser le plastique en plus petits morceaux.\u00a0Gesti\u00f3n de Compras dispose de plusieurs types de broyeurs, en fonction du type de plastique que le client doit recycler.<\/span><\/p>\n<h3><strong>D\u00e9shydrateur<\/strong><\/h3>\n<p><span style=\"color: #ffffff;\">Le s\u00e9choir Squeezer peut s\u00e9cher les flocons de film imm\u00e9diatement.\u00a0\u00c9quip\u00e9 d&rsquo;une vis rotative et d&rsquo;une bo\u00eete de r\u00e9duction sp\u00e9ciale, qui pourrait d\u00e9shydrater et s\u00e9cher les flocons de film.\u00a0Facile \u00e0 utiliser.\u00a0L&rsquo;effet dess\u00e9chant peut atteindre 92% -95%.<\/span><\/p>\n<p><span style=\"color: #ffffff;\">Cette machine est utilis\u00e9e pour presser et pr\u00e9-granuler des films PP\/PE, des sacs tiss\u00e9s.\u00a0sacs de tonnes, nylon, etc. Il est \u00e9quip\u00e9 d&rsquo;un syst\u00e8me d&rsquo;extrusion \u00e0 vis avanc\u00e9, l&rsquo;efficacit\u00e9 de compression pourrait atteindre 95%.\u00a0Il peut \u00e9galement fonctionner selon la ligne de lavage et de granulation avec capacit\u00e9 et automatisation de l&rsquo;ensemble du processus.<\/span><\/p>\n<h3><strong>Machine d&#8217;emballage hydraulique<br \/>\n<\/strong><\/h3>\n<p><span style=\"color: #ffffff;\">Gesti\u00f3n de Compras fournit \u00e0 ses clients une large gamme de presses \u00e0 balles hydrauliques pour g\u00e9rer leurs d\u00e9chets recyclables.\u00a0Nos presses \u00e0 balles vont des presses \u00e0 balles verticales aux presses \u00e0 balles horizontales.<\/span><\/p>\n<p><span style=\"color: #ffffff;\">Pour une \u00e9cope, la partie la plus importante est la configuration hydraulique.\u00a0Parmi les pi\u00e8ces hydrauliques, le joint d&rsquo;huile et le cylindre d&rsquo;huile sont les pi\u00e8ces les plus importantes.\u00a0Nous adoptons un joint d&rsquo;\u00e9tanch\u00e9it\u00e9 \u00e0 l&rsquo;huile et utilisons une tige de piston tr\u00e8s solide pour le cylindre, ce qui peut garantir que nos machines \u00e0 emballer fonctionnent pendant plus de 15 ans.<\/span><\/p>\n<p><span style=\"color: #ffffff;\">Vous pouvez choisir les presses en fonction de vos applications, qui peuvent \u00eatre utilis\u00e9es pour presser du carton, du papier, des bouteilles en PET, des bouteilles HOPE, des canettes en aluminium, des m\u00e9taux, des pneus, des fibres, des v\u00eatements usag\u00e9s, de la sciure de bois, du foin, des d\u00e9chets, etc.<\/span><\/p>\n[\/spb_text_block] [\/spb_column] [\/spb_row]\n","protected":false},"excerpt":{"rendered":"<p>[spb_row element_name=\u00a0\u00bbRow\u00a0\u00bb wrap_type=\u00a0\u00bbcontent-width\u00a0\u00bb parallax_image_height=\u00a0\u00bbcontent-height\u00a0\u00bb parallax_image_movement=\u00a0\u00bbfixed\u00a0\u00bb parallax_image_speed=\u00a0\u00bb0.5&Prime; bg_video_loop=\u00a0\u00bbyes\u00a0\u00bb parallax_video_height=\u00a0\u00bbwindow-height\u00a0\u00bb parallax_video_overlay=\u00a0\u00bbnone\u00a0\u00bb row_overlay_opacity=\u00a0\u00bb0&Prime; row_col_pos=\u00a0\u00bbdefault\u00a0\u00bb width=\u00a0\u00bb1\/1&Prime; el_position=\u00a0\u00bbfirst last\u00a0\u00bb] [spb_column col_animation=\u00a0\u00bbnone\u00a0\u00bb col_animation_delay=\u00a0\u00bb0&Prime; col_bg_type=\u00a0\u00bbcover\u00a0\u00bb col_parallax_image_movement=\u00a0\u00bbfixed\u00a0\u00bb col_parallax_image_speed=\u00a0\u00bb0.5&Prime; col_padding=\u00a0\u00bb0&Prime; col_vertical_offset=\u00a0\u00bb0&Prime; col_horizontal_offset=\u00a0\u00bb0&Prime; col_custom_zindex=\u00a0\u00bb0&Prime; col_sm=\u00a0\u00bb12&Prime; simplified_controls=\u00a0\u00bbyes\u00a0\u00bb custom_css_percentage=\u00a0\u00bbno\u00a0\u00bb padding_vertical=\u00a0\u00bb0&Prime; padding_horizontal=\u00a0\u00bb0&Prime; margin_vertical=\u00a0\u00bb0&Prime; custom_css=\u00a0\u00bbmargin-top: 0px;margin-bottom: 0px;\u00a0\u00bb border_styling_global=\u00a0\u00bbdefault\u00a0\u00bb width=\u00a0\u00bb1\/1&Prime; el_position=\u00a0\u00bbfirst last\u00a0\u00bb] [spb_text_block animation=\u00a0\u00bbnone\u00a0\u00bb animation_delay=\u00a0\u00bb0&Prime; simplified_controls=\u00a0\u00bbyes\u00a0\u00bb custom_css_percentage=\u00a0\u00bbno\u00a0\u00bb padding_vertical=\u00a0\u00bb0&Prime; padding_horizontal=\u00a0\u00bb0&Prime; margin_vertical=\u00a0\u00bb0&Prime; custom_css=\u00a0\u00bbmargin-top: 0px;margin-bottom: 0px;\u00a0\u00bb border_size=\u00a0\u00bb0&Prime; border_styling_global=\u00a0\u00bbdefault\u00a0\u00bb width=\u00a0\u00bb3\/4&Prime; el_position=\u00a0\u00bbfirst\u00a0\u00bb] Nous avons plus d&rsquo;une vingtaine de machines sp\u00e9cialis\u00e9es [&hellip;]<\/p>\n","protected":false},"author":3,"featured_media":7253,"parent":7642,"menu_order":0,"comment_status":"closed","ping_status":"closed","template":"page-title.php","meta":{"footnotes":""},"yoast_head":"<!-- This site is optimized with the Yoast SEO plugin v22.4 - https:\/\/yoast.com\/wordpress\/plugins\/seo\/ -->\n<title>Machine de recyclage. Produits - Gesti\u00f3n De Compras<\/title>\n<meta name=\"description\" content=\"Nous avons plus d&#039;une vingtaine de machines sp\u00e9cialis\u00e9es dans diff\u00e9rents proc\u00e9d\u00e9s de recyclage, dans diff\u00e9rents mat\u00e9riaux (PP, PE, EVA, etc.).\" \/>\n<meta name=\"robots\" content=\"index, follow, max-snippet:-1, max-image-preview:large, max-video-preview:-1\" \/>\n<link rel=\"canonical\" href=\"https:\/\/wp.gestiondecompras.com\/fr\/produits\/plastique\/machine-de-recyclage\/\" \/>\n<meta property=\"og:locale\" content=\"fr_FR\" \/>\n<meta property=\"og:type\" content=\"article\" \/>\n<meta property=\"og:title\" content=\"Machine de recyclage. Produits - Gesti\u00f3n De Compras\" \/>\n<meta property=\"og:description\" content=\"Nous avons plus d&#039;une vingtaine de machines sp\u00e9cialis\u00e9es dans diff\u00e9rents proc\u00e9d\u00e9s de recyclage, dans diff\u00e9rents mat\u00e9riaux (PP, PE, EVA, etc.).\" \/>\n<meta property=\"og:url\" content=\"https:\/\/wp.gestiondecompras.com\/fr\/produits\/plastique\/machine-de-recyclage\/\" \/>\n<meta property=\"og:site_name\" content=\"Gesti\u00f3n De Compras\" \/>\n<meta property=\"article:modified_time\" content=\"2021-10-26T10:34:03+00:00\" \/>\n<meta property=\"og:image\" content=\"https:\/\/wp.gestiondecompras.com\/wp-content\/uploads\/2021\/09\/2.png\" \/>\n\t<meta property=\"og:image:width\" content=\"600\" \/>\n\t<meta property=\"og:image:height\" content=\"338\" \/>\n\t<meta property=\"og:image:type\" content=\"image\/png\" \/>\n<meta name=\"twitter:card\" content=\"summary_large_image\" \/>\n<meta name=\"twitter:label1\" content=\"Dur\u00e9e de lecture estim\u00e9e\" \/>\n\t<meta name=\"twitter:data1\" content=\"4 minutes\" \/>\n<script type=\"application\/ld+json\" class=\"yoast-schema-graph\">{\"@context\":\"https:\/\/schema.org\",\"@graph\":[{\"@type\":\"WebPage\",\"@id\":\"https:\/\/wp.gestiondecompras.com\/fr\/produits\/plastique\/machine-de-recyclage\/\",\"url\":\"https:\/\/wp.gestiondecompras.com\/fr\/produits\/plastique\/machine-de-recyclage\/\",\"name\":\"Machine de recyclage. Produits - Gesti\u00f3n De Compras\",\"isPartOf\":{\"@id\":\"https:\/\/wp.gestiondecompras.com\/fr\/#website\"},\"primaryImageOfPage\":{\"@id\":\"https:\/\/wp.gestiondecompras.com\/fr\/produits\/plastique\/machine-de-recyclage\/#primaryimage\"},\"image\":{\"@id\":\"https:\/\/wp.gestiondecompras.com\/fr\/produits\/plastique\/machine-de-recyclage\/#primaryimage\"},\"thumbnailUrl\":\"https:\/\/wp.gestiondecompras.com\/wp-content\/uploads\/2021\/09\/2.png\",\"datePublished\":\"2021-09-14T12:04:25+00:00\",\"dateModified\":\"2021-10-26T10:34:03+00:00\",\"description\":\"Nous avons plus d'une vingtaine de machines sp\u00e9cialis\u00e9es dans diff\u00e9rents proc\u00e9d\u00e9s de recyclage, dans diff\u00e9rents mat\u00e9riaux (PP, PE, EVA, etc.).\",\"breadcrumb\":{\"@id\":\"https:\/\/wp.gestiondecompras.com\/fr\/produits\/plastique\/machine-de-recyclage\/#breadcrumb\"},\"inLanguage\":\"fr-FR\",\"potentialAction\":[{\"@type\":\"ReadAction\",\"target\":[\"https:\/\/wp.gestiondecompras.com\/fr\/produits\/plastique\/machine-de-recyclage\/\"]}]},{\"@type\":\"ImageObject\",\"inLanguage\":\"fr-FR\",\"@id\":\"https:\/\/wp.gestiondecompras.com\/fr\/produits\/plastique\/machine-de-recyclage\/#primaryimage\",\"url\":\"https:\/\/wp.gestiondecompras.com\/wp-content\/uploads\/2021\/09\/2.png\",\"contentUrl\":\"https:\/\/wp.gestiondecompras.com\/wp-content\/uploads\/2021\/09\/2.png\",\"width\":600,\"height\":338,\"caption\":\"maquinaria reciclaje 02\"},{\"@type\":\"BreadcrumbList\",\"@id\":\"https:\/\/wp.gestiondecompras.com\/fr\/produits\/plastique\/machine-de-recyclage\/#breadcrumb\",\"itemListElement\":[{\"@type\":\"ListItem\",\"position\":1,\"name\":\"Accueil\",\"item\":\"https:\/\/wp.gestiondecompras.com\/fr\/\"},{\"@type\":\"ListItem\",\"position\":2,\"name\":\"Produits\",\"item\":\"https:\/\/wp.gestiondecompras.com\/fr\/productos\/\"},{\"@type\":\"ListItem\",\"position\":3,\"name\":\"Plastique\",\"item\":\"https:\/\/wp.gestiondecompras.com\/fr\/productos\/plastico\/\"},{\"@type\":\"ListItem\",\"position\":4,\"name\":\"Machine de recyclage\"}]},{\"@type\":\"WebSite\",\"@id\":\"https:\/\/wp.gestiondecompras.com\/fr\/#website\",\"url\":\"https:\/\/wp.gestiondecompras.com\/fr\/\",\"name\":\"Gesti\u00f3n De Compras\",\"description\":\"Sourcing Internacional\",\"potentialAction\":[{\"@type\":\"SearchAction\",\"target\":{\"@type\":\"EntryPoint\",\"urlTemplate\":\"https:\/\/wp.gestiondecompras.com\/fr\/?s={search_term_string}\"},\"query-input\":\"required name=search_term_string\"}],\"inLanguage\":\"fr-FR\"}]}<\/script>\n<!-- \/ Yoast SEO plugin. -->","yoast_head_json":{"title":"Machine de recyclage. Produits - Gesti\u00f3n De Compras","description":"Nous avons plus d'une vingtaine de machines sp\u00e9cialis\u00e9es dans diff\u00e9rents proc\u00e9d\u00e9s de recyclage, dans diff\u00e9rents mat\u00e9riaux (PP, PE, EVA, etc.).","robots":{"index":"index","follow":"follow","max-snippet":"max-snippet:-1","max-image-preview":"max-image-preview:large","max-video-preview":"max-video-preview:-1"},"canonical":"https:\/\/wp.gestiondecompras.com\/fr\/produits\/plastique\/machine-de-recyclage\/","og_locale":"fr_FR","og_type":"article","og_title":"Machine de recyclage. Produits - Gesti\u00f3n De Compras","og_description":"Nous avons plus d'une vingtaine de machines sp\u00e9cialis\u00e9es dans diff\u00e9rents proc\u00e9d\u00e9s de recyclage, dans diff\u00e9rents mat\u00e9riaux (PP, PE, EVA, etc.).","og_url":"https:\/\/wp.gestiondecompras.com\/fr\/produits\/plastique\/machine-de-recyclage\/","og_site_name":"Gesti\u00f3n De Compras","article_modified_time":"2021-10-26T10:34:03+00:00","og_image":[{"width":600,"height":338,"url":"https:\/\/wp.gestiondecompras.com\/wp-content\/uploads\/2021\/09\/2.png","type":"image\/png"}],"twitter_card":"summary_large_image","twitter_misc":{"Dur\u00e9e de lecture estim\u00e9e":"4 minutes"},"schema":{"@context":"https:\/\/schema.org","@graph":[{"@type":"WebPage","@id":"https:\/\/wp.gestiondecompras.com\/fr\/produits\/plastique\/machine-de-recyclage\/","url":"https:\/\/wp.gestiondecompras.com\/fr\/produits\/plastique\/machine-de-recyclage\/","name":"Machine de recyclage. Produits - Gesti\u00f3n De Compras","isPartOf":{"@id":"https:\/\/wp.gestiondecompras.com\/fr\/#website"},"primaryImageOfPage":{"@id":"https:\/\/wp.gestiondecompras.com\/fr\/produits\/plastique\/machine-de-recyclage\/#primaryimage"},"image":{"@id":"https:\/\/wp.gestiondecompras.com\/fr\/produits\/plastique\/machine-de-recyclage\/#primaryimage"},"thumbnailUrl":"https:\/\/wp.gestiondecompras.com\/wp-content\/uploads\/2021\/09\/2.png","datePublished":"2021-09-14T12:04:25+00:00","dateModified":"2021-10-26T10:34:03+00:00","description":"Nous avons plus d'une vingtaine de machines sp\u00e9cialis\u00e9es dans diff\u00e9rents proc\u00e9d\u00e9s de recyclage, dans diff\u00e9rents mat\u00e9riaux (PP, PE, EVA, etc.).","breadcrumb":{"@id":"https:\/\/wp.gestiondecompras.com\/fr\/produits\/plastique\/machine-de-recyclage\/#breadcrumb"},"inLanguage":"fr-FR","potentialAction":[{"@type":"ReadAction","target":["https:\/\/wp.gestiondecompras.com\/fr\/produits\/plastique\/machine-de-recyclage\/"]}]},{"@type":"ImageObject","inLanguage":"fr-FR","@id":"https:\/\/wp.gestiondecompras.com\/fr\/produits\/plastique\/machine-de-recyclage\/#primaryimage","url":"https:\/\/wp.gestiondecompras.com\/wp-content\/uploads\/2021\/09\/2.png","contentUrl":"https:\/\/wp.gestiondecompras.com\/wp-content\/uploads\/2021\/09\/2.png","width":600,"height":338,"caption":"maquinaria reciclaje 02"},{"@type":"BreadcrumbList","@id":"https:\/\/wp.gestiondecompras.com\/fr\/produits\/plastique\/machine-de-recyclage\/#breadcrumb","itemListElement":[{"@type":"ListItem","position":1,"name":"Accueil","item":"https:\/\/wp.gestiondecompras.com\/fr\/"},{"@type":"ListItem","position":2,"name":"Produits","item":"https:\/\/wp.gestiondecompras.com\/fr\/productos\/"},{"@type":"ListItem","position":3,"name":"Plastique","item":"https:\/\/wp.gestiondecompras.com\/fr\/productos\/plastico\/"},{"@type":"ListItem","position":4,"name":"Machine de recyclage"}]},{"@type":"WebSite","@id":"https:\/\/wp.gestiondecompras.com\/fr\/#website","url":"https:\/\/wp.gestiondecompras.com\/fr\/","name":"Gesti\u00f3n De Compras","description":"Sourcing Internacional","potentialAction":[{"@type":"SearchAction","target":{"@type":"EntryPoint","urlTemplate":"https:\/\/wp.gestiondecompras.com\/fr\/?s={search_term_string}"},"query-input":"required name=search_term_string"}],"inLanguage":"fr-FR"}]}},"_links":{"self":[{"href":"https:\/\/wp.gestiondecompras.com\/fr\/wp-json\/wp\/v2\/pages\/8012"}],"collection":[{"href":"https:\/\/wp.gestiondecompras.com\/fr\/wp-json\/wp\/v2\/pages"}],"about":[{"href":"https:\/\/wp.gestiondecompras.com\/fr\/wp-json\/wp\/v2\/types\/page"}],"author":[{"embeddable":true,"href":"https:\/\/wp.gestiondecompras.com\/fr\/wp-json\/wp\/v2\/users\/3"}],"replies":[{"embeddable":true,"href":"https:\/\/wp.gestiondecompras.com\/fr\/wp-json\/wp\/v2\/comments?post=8012"}],"version-history":[{"count":2,"href":"https:\/\/wp.gestiondecompras.com\/fr\/wp-json\/wp\/v2\/pages\/8012\/revisions"}],"predecessor-version":[{"id":8014,"href":"https:\/\/wp.gestiondecompras.com\/fr\/wp-json\/wp\/v2\/pages\/8012\/revisions\/8014"}],"up":[{"embeddable":true,"href":"https:\/\/wp.gestiondecompras.com\/fr\/wp-json\/wp\/v2\/pages\/7642"}],"wp:featuredmedia":[{"embeddable":true,"href":"https:\/\/wp.gestiondecompras.com\/fr\/wp-json\/wp\/v2\/media\/7253"}],"wp:attachment":[{"href":"https:\/\/wp.gestiondecompras.com\/fr\/wp-json\/wp\/v2\/media?parent=8012"}],"curies":[{"name":"wp","href":"https:\/\/api.w.org\/{rel}","templated":true}]}}