{"id":7957,"date":"2021-06-01T11:36:34","date_gmt":"2021-06-01T11:36:34","guid":{"rendered":"https:\/\/wp.gestiondecompras.com\/?page_id=7957"},"modified":"2021-11-09T12:13:31","modified_gmt":"2021-11-09T12:13:31","slug":"systemes-a-canaux-chauds","status":"publish","type":"page","link":"https:\/\/wp.gestiondecompras.com\/fr\/produits\/moules\/systemes-a-canaux-chauds\/","title":{"rendered":"Syst\u00e8mes \u00e0 canaux chauds"},"content":{"rendered":"[spb_row element_name=\u00a0\u00bbRow\u00a0\u00bb wrap_type=\u00a0\u00bbcontent-width\u00a0\u00bb parallax_image_height=\u00a0\u00bbcontent-height\u00a0\u00bb parallax_image_movement=\u00a0\u00bbfixed\u00a0\u00bb parallax_image_speed=\u00a0\u00bb0.5&Prime; bg_video_loop=\u00a0\u00bbyes\u00a0\u00bb parallax_video_height=\u00a0\u00bbwindow-height\u00a0\u00bb parallax_video_overlay=\u00a0\u00bbnone\u00a0\u00bb row_overlay_opacity=\u00a0\u00bb0&Prime; row_col_pos=\u00a0\u00bbdefault\u00a0\u00bb width=\u00a0\u00bb1\/1&Prime; el_position=\u00a0\u00bbfirst last\u00a0\u00bb] [spb_column col_sm=\u00a0\u00bb12&Prime; col_animation=\u00a0\u00bbnone\u00a0\u00bb col_animation_delay=\u00a0\u00bb0&Prime; col_bg_type=\u00a0\u00bbcover\u00a0\u00bb col_parallax_image_movement=\u00a0\u00bbfixed\u00a0\u00bb col_parallax_image_speed=\u00a0\u00bb0.5&Prime; col_padding=\u00a0\u00bb0&Prime; col_vertical_offset=\u00a0\u00bb0&Prime; col_horizontal_offset=\u00a0\u00bb0&Prime; col_custom_zindex=\u00a0\u00bb0&Prime; simplified_controls=\u00a0\u00bbyes\u00a0\u00bb custom_css_percentage=\u00a0\u00bbno\u00a0\u00bb padding_vertical=\u00a0\u00bb0&Prime; padding_horizontal=\u00a0\u00bb0&Prime; margin_vertical=\u00a0\u00bb0&Prime; custom_css=\u00a0\u00bbmargin-top: 0px;margin-bottom: 0px;\u00a0\u00bb border_styling_global=\u00a0\u00bbdefault\u00a0\u00bb width=\u00a0\u00bb1\/1&Prime; el_position=\u00a0\u00bbfirst last\u00a0\u00bb] [spb_text_block animation=\u00a0\u00bbnone\u00a0\u00bb animation_delay=\u00a0\u00bb0&Prime; simplified_controls=\u00a0\u00bbyes\u00a0\u00bb custom_css_percentage=\u00a0\u00bbno\u00a0\u00bb padding_vertical=\u00a0\u00bb0&Prime; padding_horizontal=\u00a0\u00bb0&Prime; margin_vertical=\u00a0\u00bb0&Prime; custom_css=\u00a0\u00bbmargin-top: 0px;margin-bottom: 0px;\u00a0\u00bb border_size=\u00a0\u00bb0&Prime; border_styling_global=\u00a0\u00bbdefault\u00a0\u00bb width=\u00a0\u00bb3\/4&Prime; el_position=\u00a0\u00bbfirst\u00a0\u00bb]\n<p>Gesti\u00f3n de Compras poss\u00e8de une vaste exp\u00e9rience dans la conception, le d\u00e9veloppement et la fabrication de syst\u00e8mes \u00e0 canaux chauds.<\/p>\n[\/spb_text_block] [spb_text_block animation=\u00a0\u00bbnone\u00a0\u00bb animation_delay=\u00a0\u00bb0&Prime; simplified_controls=\u00a0\u00bbyes\u00a0\u00bb custom_css_percentage=\u00a0\u00bbno\u00a0\u00bb padding_vertical=\u00a0\u00bb0&Prime; padding_horizontal=\u00a0\u00bb0&Prime; margin_vertical=\u00a0\u00bb0&Prime; custom_css=\u00a0\u00bbmargin-top: 0px;margin-bottom: 0px;\u00a0\u00bb border_size=\u00a0\u00bb0&Prime; border_styling_global=\u00a0\u00bbdefault\u00a0\u00bb width=\u00a0\u00bb1\/4&Prime; el_position=\u00a0\u00bblast\u00a0\u00bb]\n\n[\/spb_text_block] [spb_text_block animation=\u00a0\u00bbnone\u00a0\u00bb animation_delay=\u00a0\u00bb0&Prime; simplified_controls=\u00a0\u00bbyes\u00a0\u00bb custom_css_percentage=\u00a0\u00bbno\u00a0\u00bb padding_vertical=\u00a0\u00bb0&Prime; padding_horizontal=\u00a0\u00bb0&Prime; margin_vertical=\u00a0\u00bb0&Prime; custom_css=\u00a0\u00bbmargin-top: 0px;margin-bottom: 0px;\u00a0\u00bb border_size=\u00a0\u00bb0&Prime; border_styling_global=\u00a0\u00bbdefault\u00a0\u00bb width=\u00a0\u00bb1\/1&Prime; el_position=\u00a0\u00bbfirst last\u00a0\u00bb]\n<hr style=\"background-color: #0098aa; height: 1px;\" \/>\n[\/spb_text_block] [\/spb_column] [\/spb_row] [spb_row element_name=\u00a0\u00bbRow\u00a0\u00bb wrap_type=\u00a0\u00bbcontent-width\u00a0\u00bb parallax_image_height=\u00a0\u00bbcontent-height\u00a0\u00bb parallax_image_movement=\u00a0\u00bbfixed\u00a0\u00bb parallax_image_speed=\u00a0\u00bb0.5&Prime; bg_video_loop=\u00a0\u00bbyes\u00a0\u00bb parallax_video_height=\u00a0\u00bbwindow-height\u00a0\u00bb parallax_video_overlay=\u00a0\u00bbnone\u00a0\u00bb row_overlay_opacity=\u00a0\u00bb0&Prime; row_col_pos=\u00a0\u00bbdefault\u00a0\u00bb width=\u00a0\u00bb1\/1&Prime; el_position=\u00a0\u00bbfirst last\u00a0\u00bb] [spb_text_block animation=\u00a0\u00bbnone\u00a0\u00bb animation_delay=\u00a0\u00bb0&Prime; simplified_controls=\u00a0\u00bbyes\u00a0\u00bb custom_css_percentage=\u00a0\u00bbno\u00a0\u00bb padding_vertical=\u00a0\u00bb0&Prime; padding_horizontal=\u00a0\u00bb0&Prime; margin_vertical=\u00a0\u00bb0&Prime; custom_css=\u00a0\u00bbmargin-top: 0px;margin-bottom: 0px;\u00a0\u00bb border_size=\u00a0\u00bb0&Prime; border_styling_global=\u00a0\u00bbdefault\u00a0\u00bb width=\u00a0\u00bb1\/1&Prime; el_position=\u00a0\u00bbfirst last\u00a0\u00bb]\n<h2 style=\"text-align: center;\"><strong>Composants<\/strong><\/h2>\n<div class=\"horizontal-break bold\" style=\"background-color: #666d78; width: 100px\"> <\/div>\n[\/spb_text_block] [spb_boxed_content type=\u00a0\u00bbcoloured\u00a0\u00bb box_link_target=\u00a0\u00bb_self\u00a0\u00bb padding_vertical=\u00a0\u00bb0&Prime; padding_horizontal=\u00a0\u00bb0&Prime; width=\u00a0\u00bb1\/1&Prime; el_position=\u00a0\u00bbfirst last\u00a0\u00bb]\n<p style=\"text-align: justify;\">Les syst\u00e8mes \u00e0 canaux chauds sont des syst\u00e8mes d&rsquo;alimentation pour moules d&rsquo;injection qui transportent le plastique fondu de la buse de la machine dans la cavit\u00e9.<\/p>\n<p style=\"text-align: justify;\">Les syst\u00e8mes \u00e0 canaux chauds sont compos\u00e9s de diff\u00e9rentes pi\u00e8ces et m\u00e9canismes\u00a0:<\/p>\n<ul>\n<li style=\"text-align: justify;\"><strong>Buses : Les<\/strong>\u00a0buses sont le syst\u00e8me de distribution de la masse fondue.\u00a0Les buses sont con\u00e7ues pour injecter et distribuer le polym\u00e8re fondu dans un certain nombre de cavit\u00e9s.<\/li>\n<li style=\"text-align: justify;\"><strong>Collecteurs :<\/strong>\u00a0Il s&rsquo;agit d&rsquo;un syst\u00e8me de distribution de mati\u00e8re fondue chauff\u00e9 avec des canaux.\u00a0Cette structure peut se pr\u00e9senter sous diff\u00e9rentes formes telles que I, H, X, Y ou toute autre forme demand\u00e9e.<\/li>\n<li style=\"text-align: justify;\"><strong>Contr\u00f4le du d\u00e9bit :<\/strong>\u00a0Technologie de vanne pour contr\u00f4ler le d\u00e9bit de fusion.<\/li>\n<li style=\"text-align: justify;\"><strong>Contr\u00f4leur de temp\u00e9rature<\/strong><\/li>\n<li style=\"text-align: justify;\"><strong>Connexions\/Pi\u00e8ces :<\/strong>\u00a0Toutes les connexions pertinentes comme \u00e9lectriques, r\u00e9sistances, thermocouple\u2026<\/li>\n<\/ul>\n[\/spb_boxed_content] [\/spb_row] [spb_row element_name=\u00a0\u00bbRow\u00a0\u00bb wrap_type=\u00a0\u00bbcontent-width\u00a0\u00bb parallax_image_height=\u00a0\u00bbcontent-height\u00a0\u00bb parallax_image_movement=\u00a0\u00bbfixed\u00a0\u00bb parallax_image_speed=\u00a0\u00bb0.5&Prime; bg_video_loop=\u00a0\u00bbyes\u00a0\u00bb parallax_video_height=\u00a0\u00bbwindow-height\u00a0\u00bb parallax_video_overlay=\u00a0\u00bbnone\u00a0\u00bb row_overlay_opacity=\u00a0\u00bb0&Prime; row_col_pos=\u00a0\u00bbdefault\u00a0\u00bb width=\u00a0\u00bb1\/1&Prime; el_position=\u00a0\u00bbfirst last\u00a0\u00bb] [spb_text_block animation=\u00a0\u00bbnone\u00a0\u00bb animation_delay=\u00a0\u00bb0&Prime; simplified_controls=\u00a0\u00bbyes\u00a0\u00bb custom_css_percentage=\u00a0\u00bbno\u00a0\u00bb padding_vertical=\u00a0\u00bb0&Prime; padding_horizontal=\u00a0\u00bb0&Prime; margin_vertical=\u00a0\u00bb0&Prime; custom_css=\u00a0\u00bbmargin-top: 0px;margin-bottom: 0px;\u00a0\u00bb border_size=\u00a0\u00bb0&Prime; border_styling_global=\u00a0\u00bbdefault\u00a0\u00bb width=\u00a0\u00bb1\/1&Prime; el_position=\u00a0\u00bbfirst last\u00a0\u00bb]\n<h2 style=\"text-align: center;\"><strong>Syst\u00e8mes<\/strong><\/h2>\n<div class=\"horizontal-break bold\" style=\"background-color: #666d78; width: 100px\"> <\/div>\n[\/spb_text_block] [spb_boxed_content type=\u00a0\u00bbcoloured\u00a0\u00bb box_link_target=\u00a0\u00bb_self\u00a0\u00bb padding_vertical=\u00a0\u00bb0&Prime; padding_horizontal=\u00a0\u00bb0&Prime; width=\u00a0\u00bb1\/1&Prime; el_position=\u00a0\u00bbfirst last\u00a0\u00bb]\n<p style=\"text-align: justify;\">Les canaux chauds peuvent \u00eatre class\u00e9s en fonction de leur mode de chauffage.\u00a0Il existe deux principaux types de syst\u00e8mes \u00e0 canaux chauds\u00a0:<\/p>\n[\/spb_boxed_content] [spb_boxed_content type=\u00a0\u00bbcoloured\u00a0\u00bb box_link_target=\u00a0\u00bb_self\u00a0\u00bb padding_vertical=\u00a0\u00bb0&Prime; padding_horizontal=\u00a0\u00bb0&Prime; width=\u00a0\u00bb1\/2&Prime; el_position=\u00a0\u00bbfirst\u00a0\u00bb]\n<h3 style=\"text-align: justify;\">patins chauffants<\/h3>\n<p style=\"text-align: justify;\">Pour les syst\u00e8mes \u00e0 glissi\u00e8res chauff\u00e9es, il existe deux conceptions : \u00e0 chauffage interne et \u00e0 chauffage externe.\u00a0Le premier est caract\u00e9ris\u00e9 par un chauffage interne.\u00a0La r\u00e9sistance est plac\u00e9e directement dans le canal de fusion et chauffe le mat\u00e9riau de l&rsquo;int\u00e9rieur.\u00a0Le second consiste en un collecteur chauff\u00e9 avec des passages d&rsquo;\u00e9coulement int\u00e9rieurs.\u00a0Le collecteur est con\u00e7u avec diverses caract\u00e9ristiques isolantes pour le s\u00e9parer du reste du moule, r\u00e9duisant ainsi le transfert de chaleur.<\/p>\n[\/spb_boxed_content] [spb_boxed_content type=\u00a0\u00bbcoloured\u00a0\u00bb box_link_target=\u00a0\u00bb_self\u00a0\u00bb padding_vertical=\u00a0\u00bb0&Prime; padding_horizontal=\u00a0\u00bb0&Prime; width=\u00a0\u00bb1\/2&Prime; el_position=\u00a0\u00bblast\u00a0\u00bb]\n<h3>Coulisses isol\u00e9es<\/h3>\n<p style=\"text-align: justify;\">Ce syst\u00e8me permet au polym\u00e8re fondu de s&rsquo;\u00e9couler dans le canal, puis il est refroidi pour former une couche isolante de plastique solide le long des parois du canal.<\/p>\n[\/spb_boxed_content] [spb_blank_spacer height=\u00a0\u00bb30px\u00a0\u00bb width=\u00a0\u00bb1\/1&Prime; el_position=\u00a0\u00bbfirst last\u00a0\u00bb] [\/spb_row] [spb_row element_name=\u00a0\u00bbRow\u00a0\u00bb wrap_type=\u00a0\u00bbfull-width-contained\u00a0\u00bb row_bg_type=\u00a0\u00bbimage\u00a0\u00bb row_bg_color=\u00a0\u00bb#242424&Prime; color_row_height=\u00a0\u00bbcontent-height\u00a0\u00bb bg_image=\u00a0\u00bb4622&Prime; bg_type=\u00a0\u00bbcover\u00a0\u00bb parallax_image_height=\u00a0\u00bbcontent-height\u00a0\u00bb parallax_image_movement=\u00a0\u00bbscroll\u00a0\u00bb parallax_image_speed=\u00a0\u00bbstandard\u00a0\u00bb bg_video_loop=\u00a0\u00bbyes\u00a0\u00bb parallax_video_height=\u00a0\u00bbwindow-height\u00a0\u00bb row_top_style=\u00a0\u00bbnone\u00a0\u00bb row_bottom_style=\u00a0\u00bbnone\u00a0\u00bb parallax_video_overlay=\u00a0\u00bbnone\u00a0\u00bb row_overlay_opacity=\u00a0\u00bb0&Prime; remove_element_spacing=\u00a0\u00bbno\u00a0\u00bb row_col_spacing=\u00a0\u00bb0&Prime; row_col_pos=\u00a0\u00bbdefault\u00a0\u00bb row_col_equal_heights=\u00a0\u00bbno\u00a0\u00bb row_expanding=\u00a0\u00bbno\u00a0\u00bb row_animation=\u00a0\u00bbnone\u00a0\u00bb row_animation_delay=\u00a0\u00bb0&Prime; minimize_row=\u00a0\u00bbno\u00a0\u00bb simplified_controls=\u00a0\u00bbyes\u00a0\u00bb custom_css_percentage=\u00a0\u00bbno\u00a0\u00bb custom_css=\u00a0\u00bbmargin-top: 0px;margin-bottom: 0px;\u00a0\u00bb border_styling_global=\u00a0\u00bbdefault\u00a0\u00bb el_class=\u00a0\u00bbhideBackImage\u00a0\u00bb width=\u00a0\u00bb1\/1&Prime; el_position=\u00a0\u00bbfirst last\u00a0\u00bb] [spb_column col_xs=\u00a0\u00bb12&Prime; col_sm=\u00a0\u00bb12&Prime; col_md=\u00a0\u00bb8&Prime; col_lg=\u00a0\u00bb8&Prime; col_animation=\u00a0\u00bbnone\u00a0\u00bb col_animation_delay=\u00a0\u00bb0&Prime; col_bg_color=\u00a0\u00bb#242424&Prime; col_bg_type=\u00a0\u00bbcover\u00a0\u00bb col_parallax_image_movement=\u00a0\u00bbfixed\u00a0\u00bb col_parallax_image_speed=\u00a0\u00bb0.5&Prime; col_padding=\u00a0\u00bb0&Prime; col_vertical_offset=\u00a0\u00bb0&Prime; col_horizontal_offset=\u00a0\u00bb0&Prime; col_custom_zindex=\u00a0\u00bb0&Prime; simplified_controls=\u00a0\u00bbyes\u00a0\u00bb custom_css_percentage=\u00a0\u00bbno\u00a0\u00bb padding_vertical=\u00a0\u00bb20&Prime; padding_horizontal=\u00a0\u00bb20&Prime; margin_vertical=\u00a0\u00bb0&Prime; custom_css=\u00a0\u00bbmargin-top: 0px;margin-bottom: 0px;padding-top: 20px;padding-left: 20px;padding-right: 20px;padding-bottom: 20px;\u00a0\u00bb border_styling_global=\u00a0\u00bbdefault\u00a0\u00bb width=\u00a0\u00bb1\/1&Prime; el_position=\u00a0\u00bbfirst last\u00a0\u00bb] [spb_text_block animation=\u00a0\u00bbnone\u00a0\u00bb animation_delay=\u00a0\u00bb0&Prime; simplified_controls=\u00a0\u00bbyes\u00a0\u00bb custom_css_percentage=\u00a0\u00bbno\u00a0\u00bb padding_vertical=\u00a0\u00bb0&Prime; padding_horizontal=\u00a0\u00bb0&Prime; margin_vertical=\u00a0\u00bb0&Prime; custom_css=\u00a0\u00bbmargin-top: 0px;margin-bottom: 0px;\u00a0\u00bb border_size=\u00a0\u00bb0&Prime; border_styling_global=\u00a0\u00bbdefault\u00a0\u00bb width=\u00a0\u00bb1\/1&Prime; el_position=\u00a0\u00bbfirst last\u00a0\u00bb]\n<h2><strong>Avantages du syst\u00e8me \u00e0 canaux chauds<\/strong><\/h2>\n<hr \/>\n<ul>\n<li><span style=\"color: #ffffff;\">Fonctionnement enti\u00e8rement automatique plus facile.<\/span><\/li>\n<li><span style=\"color: #ffffff;\">Pas de perte de fonte.<\/span><\/li>\n<li><span style=\"color: #ffffff;\">Pertes de charge minimis\u00e9es.<\/span><\/li>\n<li><span style=\"color: #ffffff;\">Augmentation de l&rsquo;efficacit\u00e9 m\u00e9canique.<\/span><\/li>\n<li><span style=\"color: #ffffff;\">Am\u00e9lioration de la qualit\u00e9 des produits.<\/span><\/li>\n<li><span style=\"color: #ffffff;\">Prolongation de la dur\u00e9e de vie du moule.<\/span><\/li>\n<li><span style=\"color: #ffffff;\">Cycles plus courts.<\/span><\/li>\n<\/ul>\n[\/spb_text_block] [\/spb_column] [\/spb_row]\n","protected":false},"excerpt":{"rendered":"<p>[spb_row element_name=\u00a0\u00bbRow\u00a0\u00bb wrap_type=\u00a0\u00bbcontent-width\u00a0\u00bb parallax_image_height=\u00a0\u00bbcontent-height\u00a0\u00bb parallax_image_movement=\u00a0\u00bbfixed\u00a0\u00bb parallax_image_speed=\u00a0\u00bb0.5&Prime; bg_video_loop=\u00a0\u00bbyes\u00a0\u00bb parallax_video_height=\u00a0\u00bbwindow-height\u00a0\u00bb parallax_video_overlay=\u00a0\u00bbnone\u00a0\u00bb row_overlay_opacity=\u00a0\u00bb0&Prime; row_col_pos=\u00a0\u00bbdefault\u00a0\u00bb width=\u00a0\u00bb1\/1&Prime; el_position=\u00a0\u00bbfirst last\u00a0\u00bb] [spb_column col_sm=\u00a0\u00bb12&Prime; col_animation=\u00a0\u00bbnone\u00a0\u00bb col_animation_delay=\u00a0\u00bb0&Prime; col_bg_type=\u00a0\u00bbcover\u00a0\u00bb col_parallax_image_movement=\u00a0\u00bbfixed\u00a0\u00bb col_parallax_image_speed=\u00a0\u00bb0.5&Prime; col_padding=\u00a0\u00bb0&Prime; col_vertical_offset=\u00a0\u00bb0&Prime; col_horizontal_offset=\u00a0\u00bb0&Prime; col_custom_zindex=\u00a0\u00bb0&Prime; simplified_controls=\u00a0\u00bbyes\u00a0\u00bb custom_css_percentage=\u00a0\u00bbno\u00a0\u00bb padding_vertical=\u00a0\u00bb0&Prime; padding_horizontal=\u00a0\u00bb0&Prime; margin_vertical=\u00a0\u00bb0&Prime; custom_css=\u00a0\u00bbmargin-top: 0px;margin-bottom: 0px;\u00a0\u00bb border_styling_global=\u00a0\u00bbdefault\u00a0\u00bb width=\u00a0\u00bb1\/1&Prime; el_position=\u00a0\u00bbfirst last\u00a0\u00bb] [spb_text_block animation=\u00a0\u00bbnone\u00a0\u00bb animation_delay=\u00a0\u00bb0&Prime; simplified_controls=\u00a0\u00bbyes\u00a0\u00bb custom_css_percentage=\u00a0\u00bbno\u00a0\u00bb padding_vertical=\u00a0\u00bb0&Prime; padding_horizontal=\u00a0\u00bb0&Prime; margin_vertical=\u00a0\u00bb0&Prime; custom_css=\u00a0\u00bbmargin-top: 0px;margin-bottom: 0px;\u00a0\u00bb border_size=\u00a0\u00bb0&Prime; border_styling_global=\u00a0\u00bbdefault\u00a0\u00bb width=\u00a0\u00bb3\/4&Prime; el_position=\u00a0\u00bbfirst\u00a0\u00bb] Gesti\u00f3n de Compras poss\u00e8de une vaste exp\u00e9rience dans [&hellip;]<\/p>\n","protected":false},"author":3,"featured_media":4630,"parent":7645,"menu_order":0,"comment_status":"closed","ping_status":"closed","template":"page-title.php","meta":{"footnotes":""},"yoast_head":"<!-- This site is optimized with the Yoast SEO plugin v22.4 - https:\/\/yoast.com\/wordpress\/plugins\/seo\/ -->\n<title>Syst\u00e8mes \u00e0 canaux chauds. Produits - Gesti\u00f3n De Compras<\/title>\n<meta name=\"description\" content=\"Gesti\u00f3n de Compras poss\u00e8de une vaste exp\u00e9rience dans la conception, le d\u00e9veloppement et la fabrication de syst\u00e8mes \u00e0 canaux chauds.\" \/>\n<meta name=\"robots\" content=\"index, follow, max-snippet:-1, max-image-preview:large, max-video-preview:-1\" \/>\n<link rel=\"canonical\" href=\"https:\/\/wp.gestiondecompras.com\/fr\/produits\/moules\/systemes-a-canaux-chauds\/\" \/>\n<meta property=\"og:locale\" content=\"fr_FR\" \/>\n<meta property=\"og:type\" content=\"article\" \/>\n<meta property=\"og:title\" content=\"Syst\u00e8mes \u00e0 canaux chauds. Produits - Gesti\u00f3n De Compras\" \/>\n<meta property=\"og:description\" content=\"Gesti\u00f3n de Compras poss\u00e8de une vaste exp\u00e9rience dans la conception, le d\u00e9veloppement et la fabrication de syst\u00e8mes \u00e0 canaux chauds.\" \/>\n<meta property=\"og:url\" content=\"https:\/\/wp.gestiondecompras.com\/fr\/produits\/moules\/systemes-a-canaux-chauds\/\" \/>\n<meta property=\"og:site_name\" content=\"Gesti\u00f3n De Compras\" \/>\n<meta property=\"article:modified_time\" content=\"2021-11-09T12:13:31+00:00\" \/>\n<meta property=\"og:image\" content=\"https:\/\/wp.gestiondecompras.com\/wp-content\/uploads\/2021\/06\/colada-caliente.jpg\" \/>\n\t<meta property=\"og:image:width\" content=\"799\" \/>\n\t<meta property=\"og:image:height\" content=\"588\" \/>\n\t<meta property=\"og:image:type\" content=\"image\/jpeg\" \/>\n<meta name=\"twitter:card\" content=\"summary_large_image\" \/>\n<meta name=\"twitter:label1\" content=\"Dur\u00e9e de lecture estim\u00e9e\" \/>\n\t<meta name=\"twitter:data1\" content=\"3 minutes\" \/>\n<script type=\"application\/ld+json\" class=\"yoast-schema-graph\">{\"@context\":\"https:\/\/schema.org\",\"@graph\":[{\"@type\":\"WebPage\",\"@id\":\"https:\/\/wp.gestiondecompras.com\/fr\/produits\/moules\/systemes-a-canaux-chauds\/\",\"url\":\"https:\/\/wp.gestiondecompras.com\/fr\/produits\/moules\/systemes-a-canaux-chauds\/\",\"name\":\"Syst\u00e8mes \u00e0 canaux chauds. Produits - Gesti\u00f3n De Compras\",\"isPartOf\":{\"@id\":\"https:\/\/wp.gestiondecompras.com\/fr\/#website\"},\"primaryImageOfPage\":{\"@id\":\"https:\/\/wp.gestiondecompras.com\/fr\/produits\/moules\/systemes-a-canaux-chauds\/#primaryimage\"},\"image\":{\"@id\":\"https:\/\/wp.gestiondecompras.com\/fr\/produits\/moules\/systemes-a-canaux-chauds\/#primaryimage\"},\"thumbnailUrl\":\"https:\/\/wp.gestiondecompras.com\/wp-content\/uploads\/2021\/06\/colada-caliente.jpg\",\"datePublished\":\"2021-06-01T11:36:34+00:00\",\"dateModified\":\"2021-11-09T12:13:31+00:00\",\"description\":\"Gesti\u00f3n de Compras poss\u00e8de une vaste exp\u00e9rience dans la conception, le d\u00e9veloppement et la fabrication de syst\u00e8mes \u00e0 canaux chauds.\",\"breadcrumb\":{\"@id\":\"https:\/\/wp.gestiondecompras.com\/fr\/produits\/moules\/systemes-a-canaux-chauds\/#breadcrumb\"},\"inLanguage\":\"fr-FR\",\"potentialAction\":[{\"@type\":\"ReadAction\",\"target\":[\"https:\/\/wp.gestiondecompras.com\/fr\/produits\/moules\/systemes-a-canaux-chauds\/\"]}]},{\"@type\":\"ImageObject\",\"inLanguage\":\"fr-FR\",\"@id\":\"https:\/\/wp.gestiondecompras.com\/fr\/produits\/moules\/systemes-a-canaux-chauds\/#primaryimage\",\"url\":\"https:\/\/wp.gestiondecompras.com\/wp-content\/uploads\/2021\/06\/colada-caliente.jpg\",\"contentUrl\":\"https:\/\/wp.gestiondecompras.com\/wp-content\/uploads\/2021\/06\/colada-caliente.jpg\",\"width\":799,\"height\":588,\"caption\":\"colada caliente 02\"},{\"@type\":\"BreadcrumbList\",\"@id\":\"https:\/\/wp.gestiondecompras.com\/fr\/produits\/moules\/systemes-a-canaux-chauds\/#breadcrumb\",\"itemListElement\":[{\"@type\":\"ListItem\",\"position\":1,\"name\":\"Accueil\",\"item\":\"https:\/\/wp.gestiondecompras.com\/fr\/\"},{\"@type\":\"ListItem\",\"position\":2,\"name\":\"Produits\",\"item\":\"https:\/\/wp.gestiondecompras.com\/fr\/productos\/\"},{\"@type\":\"ListItem\",\"position\":3,\"name\":\"Moules\",\"item\":\"https:\/\/wp.gestiondecompras.com\/fr\/productos\/moldes-matrices-y-utillajes\/\"},{\"@type\":\"ListItem\",\"position\":4,\"name\":\"Syst\u00e8mes \u00e0 canaux chauds\"}]},{\"@type\":\"WebSite\",\"@id\":\"https:\/\/wp.gestiondecompras.com\/fr\/#website\",\"url\":\"https:\/\/wp.gestiondecompras.com\/fr\/\",\"name\":\"Gesti\u00f3n De Compras\",\"description\":\"Sourcing Internacional\",\"potentialAction\":[{\"@type\":\"SearchAction\",\"target\":{\"@type\":\"EntryPoint\",\"urlTemplate\":\"https:\/\/wp.gestiondecompras.com\/fr\/?s={search_term_string}\"},\"query-input\":\"required name=search_term_string\"}],\"inLanguage\":\"fr-FR\"}]}<\/script>\n<!-- \/ Yoast SEO plugin. -->","yoast_head_json":{"title":"Syst\u00e8mes \u00e0 canaux chauds. Produits - Gesti\u00f3n De Compras","description":"Gesti\u00f3n de Compras poss\u00e8de une vaste exp\u00e9rience dans la conception, le d\u00e9veloppement et la fabrication de syst\u00e8mes \u00e0 canaux chauds.","robots":{"index":"index","follow":"follow","max-snippet":"max-snippet:-1","max-image-preview":"max-image-preview:large","max-video-preview":"max-video-preview:-1"},"canonical":"https:\/\/wp.gestiondecompras.com\/fr\/produits\/moules\/systemes-a-canaux-chauds\/","og_locale":"fr_FR","og_type":"article","og_title":"Syst\u00e8mes \u00e0 canaux chauds. Produits - Gesti\u00f3n De Compras","og_description":"Gesti\u00f3n de Compras poss\u00e8de une vaste exp\u00e9rience dans la conception, le d\u00e9veloppement et la fabrication de syst\u00e8mes \u00e0 canaux chauds.","og_url":"https:\/\/wp.gestiondecompras.com\/fr\/produits\/moules\/systemes-a-canaux-chauds\/","og_site_name":"Gesti\u00f3n De Compras","article_modified_time":"2021-11-09T12:13:31+00:00","og_image":[{"width":799,"height":588,"url":"https:\/\/wp.gestiondecompras.com\/wp-content\/uploads\/2021\/06\/colada-caliente.jpg","type":"image\/jpeg"}],"twitter_card":"summary_large_image","twitter_misc":{"Dur\u00e9e de lecture estim\u00e9e":"3 minutes"},"schema":{"@context":"https:\/\/schema.org","@graph":[{"@type":"WebPage","@id":"https:\/\/wp.gestiondecompras.com\/fr\/produits\/moules\/systemes-a-canaux-chauds\/","url":"https:\/\/wp.gestiondecompras.com\/fr\/produits\/moules\/systemes-a-canaux-chauds\/","name":"Syst\u00e8mes \u00e0 canaux chauds. Produits - Gesti\u00f3n De Compras","isPartOf":{"@id":"https:\/\/wp.gestiondecompras.com\/fr\/#website"},"primaryImageOfPage":{"@id":"https:\/\/wp.gestiondecompras.com\/fr\/produits\/moules\/systemes-a-canaux-chauds\/#primaryimage"},"image":{"@id":"https:\/\/wp.gestiondecompras.com\/fr\/produits\/moules\/systemes-a-canaux-chauds\/#primaryimage"},"thumbnailUrl":"https:\/\/wp.gestiondecompras.com\/wp-content\/uploads\/2021\/06\/colada-caliente.jpg","datePublished":"2021-06-01T11:36:34+00:00","dateModified":"2021-11-09T12:13:31+00:00","description":"Gesti\u00f3n de Compras poss\u00e8de une vaste exp\u00e9rience dans la conception, le d\u00e9veloppement et la fabrication de syst\u00e8mes \u00e0 canaux chauds.","breadcrumb":{"@id":"https:\/\/wp.gestiondecompras.com\/fr\/produits\/moules\/systemes-a-canaux-chauds\/#breadcrumb"},"inLanguage":"fr-FR","potentialAction":[{"@type":"ReadAction","target":["https:\/\/wp.gestiondecompras.com\/fr\/produits\/moules\/systemes-a-canaux-chauds\/"]}]},{"@type":"ImageObject","inLanguage":"fr-FR","@id":"https:\/\/wp.gestiondecompras.com\/fr\/produits\/moules\/systemes-a-canaux-chauds\/#primaryimage","url":"https:\/\/wp.gestiondecompras.com\/wp-content\/uploads\/2021\/06\/colada-caliente.jpg","contentUrl":"https:\/\/wp.gestiondecompras.com\/wp-content\/uploads\/2021\/06\/colada-caliente.jpg","width":799,"height":588,"caption":"colada caliente 02"},{"@type":"BreadcrumbList","@id":"https:\/\/wp.gestiondecompras.com\/fr\/produits\/moules\/systemes-a-canaux-chauds\/#breadcrumb","itemListElement":[{"@type":"ListItem","position":1,"name":"Accueil","item":"https:\/\/wp.gestiondecompras.com\/fr\/"},{"@type":"ListItem","position":2,"name":"Produits","item":"https:\/\/wp.gestiondecompras.com\/fr\/productos\/"},{"@type":"ListItem","position":3,"name":"Moules","item":"https:\/\/wp.gestiondecompras.com\/fr\/productos\/moldes-matrices-y-utillajes\/"},{"@type":"ListItem","position":4,"name":"Syst\u00e8mes \u00e0 canaux chauds"}]},{"@type":"WebSite","@id":"https:\/\/wp.gestiondecompras.com\/fr\/#website","url":"https:\/\/wp.gestiondecompras.com\/fr\/","name":"Gesti\u00f3n De Compras","description":"Sourcing Internacional","potentialAction":[{"@type":"SearchAction","target":{"@type":"EntryPoint","urlTemplate":"https:\/\/wp.gestiondecompras.com\/fr\/?s={search_term_string}"},"query-input":"required name=search_term_string"}],"inLanguage":"fr-FR"}]}},"_links":{"self":[{"href":"https:\/\/wp.gestiondecompras.com\/fr\/wp-json\/wp\/v2\/pages\/7957"}],"collection":[{"href":"https:\/\/wp.gestiondecompras.com\/fr\/wp-json\/wp\/v2\/pages"}],"about":[{"href":"https:\/\/wp.gestiondecompras.com\/fr\/wp-json\/wp\/v2\/types\/page"}],"author":[{"embeddable":true,"href":"https:\/\/wp.gestiondecompras.com\/fr\/wp-json\/wp\/v2\/users\/3"}],"replies":[{"embeddable":true,"href":"https:\/\/wp.gestiondecompras.com\/fr\/wp-json\/wp\/v2\/comments?post=7957"}],"version-history":[{"count":5,"href":"https:\/\/wp.gestiondecompras.com\/fr\/wp-json\/wp\/v2\/pages\/7957\/revisions"}],"predecessor-version":[{"id":10532,"href":"https:\/\/wp.gestiondecompras.com\/fr\/wp-json\/wp\/v2\/pages\/7957\/revisions\/10532"}],"up":[{"embeddable":true,"href":"https:\/\/wp.gestiondecompras.com\/fr\/wp-json\/wp\/v2\/pages\/7645"}],"wp:featuredmedia":[{"embeddable":true,"href":"https:\/\/wp.gestiondecompras.com\/fr\/wp-json\/wp\/v2\/media\/4630"}],"wp:attachment":[{"href":"https:\/\/wp.gestiondecompras.com\/fr\/wp-json\/wp\/v2\/media?parent=7957"}],"curies":[{"name":"wp","href":"https:\/\/api.w.org\/{rel}","templated":true}]}}