{"id":7850,"date":"2021-06-17T11:07:14","date_gmt":"2021-06-17T11:07:14","guid":{"rendered":"https:\/\/wp.gestiondecompras.com\/?page_id=7850"},"modified":"2021-10-04T15:31:47","modified_gmt":"2021-10-04T15:31:47","slug":"conteneurs-et-palettes-pliables-en-plastique","status":"publish","type":"page","link":"https:\/\/wp.gestiondecompras.com\/fr\/produits\/pieces-en-plastique\/conteneurs-et-palettes-pliables-en-plastique\/","title":{"rendered":"Conteneurs et palettes pliables en plastique"},"content":{"rendered":"[spb_row element_name=\u00a0\u00bbRow\u00a0\u00bb wrap_type=\u00a0\u00bbcontent-width\u00a0\u00bb parallax_image_height=\u00a0\u00bbcontent-height\u00a0\u00bb parallax_image_movement=\u00a0\u00bbfixed\u00a0\u00bb parallax_image_speed=\u00a0\u00bb0.5&Prime; bg_video_loop=\u00a0\u00bbyes\u00a0\u00bb parallax_video_height=\u00a0\u00bbwindow-height\u00a0\u00bb parallax_video_overlay=\u00a0\u00bbnone\u00a0\u00bb row_overlay_opacity=\u00a0\u00bb0&Prime; row_col_pos=\u00a0\u00bbdefault\u00a0\u00bb width=\u00a0\u00bb1\/1&Prime; el_position=\u00a0\u00bbfirst last\u00a0\u00bb] [spb_column col_animation=\u00a0\u00bbnone\u00a0\u00bb col_animation_delay=\u00a0\u00bb0&Prime; col_bg_type=\u00a0\u00bbcover\u00a0\u00bb col_parallax_image_movement=\u00a0\u00bbfixed\u00a0\u00bb col_parallax_image_speed=\u00a0\u00bb0.5&Prime; col_padding=\u00a0\u00bb0&Prime; col_vertical_offset=\u00a0\u00bb0&Prime; col_horizontal_offset=\u00a0\u00bb0&Prime; col_custom_zindex=\u00a0\u00bb0&Prime; col_sm=\u00a0\u00bb12&Prime; simplified_controls=\u00a0\u00bbyes\u00a0\u00bb custom_css_percentage=\u00a0\u00bbno\u00a0\u00bb padding_vertical=\u00a0\u00bb0&Prime; padding_horizontal=\u00a0\u00bb0&Prime; margin_vertical=\u00a0\u00bb0&Prime; custom_css=\u00a0\u00bbmargin-top: 0px;margin-bottom: 0px;\u00a0\u00bb border_styling_global=\u00a0\u00bbdefault\u00a0\u00bb width=\u00a0\u00bb1\/1&Prime; el_position=\u00a0\u00bbfirst last\u00a0\u00bb] [spb_text_block animation=\u00a0\u00bbnone\u00a0\u00bb animation_delay=\u00a0\u00bb0&Prime; simplified_controls=\u00a0\u00bbyes\u00a0\u00bb custom_css_percentage=\u00a0\u00bbno\u00a0\u00bb padding_vertical=\u00a0\u00bb0&Prime; padding_horizontal=\u00a0\u00bb0&Prime; margin_vertical=\u00a0\u00bb0&Prime; custom_css=\u00a0\u00bbmargin-top: 0px;margin-bottom: 0px;\u00a0\u00bb border_size=\u00a0\u00bb0&Prime; border_styling_global=\u00a0\u00bbdefault\u00a0\u00bb width=\u00a0\u00bb3\/4&Prime; el_position=\u00a0\u00bbfirst\u00a0\u00bb]\n<p>Chez Gesti\u00f3n de Compras, nous avons une large gamme de bo\u00eetes, conteneurs et autres types de produits pour le transport et le stockage.<\/p>\n[\/spb_text_block][spb_text_block animation=\u00a0\u00bbnone\u00a0\u00bb animation_delay=\u00a0\u00bb0&Prime; simplified_controls=\u00a0\u00bbyes\u00a0\u00bb custom_css_percentage=\u00a0\u00bbno\u00a0\u00bb padding_vertical=\u00a0\u00bb0&Prime; padding_horizontal=\u00a0\u00bb0&Prime; margin_vertical=\u00a0\u00bb0&Prime; custom_css=\u00a0\u00bbmargin-top: 0px;margin-bottom: 0px;\u00a0\u00bb border_size=\u00a0\u00bb0&Prime; border_styling_global=\u00a0\u00bbdefault\u00a0\u00bb width=\u00a0\u00bb1\/4&Prime; el_position=\u00a0\u00bblast\u00a0\u00bb]\n\n[\/spb_text_block] [spb_text_block animation=\u00a0\u00bbnone\u00a0\u00bb animation_delay=\u00a0\u00bb0&Prime; simplified_controls=\u00a0\u00bbyes\u00a0\u00bb custom_css_percentage=\u00a0\u00bbno\u00a0\u00bb padding_vertical=\u00a0\u00bb0&Prime; padding_horizontal=\u00a0\u00bb0&Prime; margin_vertical=\u00a0\u00bb0&Prime; custom_css=\u00a0\u00bbmargin-top: 0px;margin-bottom: 0px;\u00a0\u00bb border_size=\u00a0\u00bb0&Prime; border_styling_global=\u00a0\u00bbdefault\u00a0\u00bb width=\u00a0\u00bb1\/1&Prime; el_position=\u00a0\u00bbfirst last\u00a0\u00bb]\n<hr style=\"background-color: #0098aa; height: 1px;\" \/>\n[\/spb_text_block] [\/spb_column] [\/spb_row] [spb_row element_name=\u00a0\u00bbRow\u00a0\u00bb wrap_type=\u00a0\u00bbcontent-width\u00a0\u00bb parallax_image_height=\u00a0\u00bbcontent-height\u00a0\u00bb parallax_image_movement=\u00a0\u00bbfixed\u00a0\u00bb parallax_image_speed=\u00a0\u00bb0.5&Prime; bg_video_loop=\u00a0\u00bbyes\u00a0\u00bb parallax_video_height=\u00a0\u00bbwindow-height\u00a0\u00bb parallax_video_overlay=\u00a0\u00bbnone\u00a0\u00bb row_overlay_opacity=\u00a0\u00bb0&Prime; row_col_pos=\u00a0\u00bbdefault\u00a0\u00bb width=\u00a0\u00bb1\/1&Prime; el_position=\u00a0\u00bbfirst last\u00a0\u00bb] [spb_column col_sm=\u00a0\u00bb12&Prime; padding_horizontal=\u00a0\u00bb0&Prime; width=\u00a0\u00bb1\/1&Prime; el_position=\u00a0\u00bbfirst last\u00a0\u00bb] [spb_blank_spacer height=\u00a0\u00bb30px\u00a0\u00bb width=\u00a0\u00bb1\/1&Prime; el_position=\u00a0\u00bbfirst last\u00a0\u00bb] [spb_text_block animation=\u00a0\u00bbnone\u00a0\u00bb animation_delay=\u00a0\u00bb0&Prime; simplified_controls=\u00a0\u00bbyes\u00a0\u00bb custom_css_percentage=\u00a0\u00bbno\u00a0\u00bb padding_vertical=\u00a0\u00bb0&Prime; padding_horizontal=\u00a0\u00bb0&Prime; margin_vertical=\u00a0\u00bb0&Prime; custom_css=\u00a0\u00bbmargin-top: 0px;margin-bottom: 0px;\u00a0\u00bb border_size=\u00a0\u00bb0&Prime; border_styling_global=\u00a0\u00bbdefault\u00a0\u00bb width=\u00a0\u00bb1\/1&Prime; el_position=\u00a0\u00bbfirst last\u00a0\u00bb]\n<h2 style=\"text-align: center;\"><strong>Conteneurs et palettes pliables en plastique disponibles<\/strong><\/h2>\n<div class=\"horizontal-break bold\" style=\"background-color: #666d78; width: 100px\"> <\/div>\n<p style=\"text-align: justify;\">Dans notre catalogue, nous avons plus de 120 tailles diff\u00e9rentes.\u00a0S&rsquo;agissant de pi\u00e8ces pliantes, les avantages qu&rsquo;elles procurent en termes de transport, de co\u00fbt et d&rsquo;espace sont tr\u00e8s larges.\u00a0Pour obtenir le produit que vous souhaitez, contactez Gesti\u00f3n de Compras et nous vous aiderons \u00e0 r\u00e9pondre \u00e0 vos besoins.<\/p>\n[\/spb_text_block] [spb_blank_spacer height=\u00a0\u00bb30px\u00a0\u00bb width=\u00a0\u00bb1\/1&Prime; el_position=\u00a0\u00bbfirst last\u00a0\u00bb] [\/spb_column] [spb_column col_sm=\u00a0\u00bb4&Prime; padding_horizontal=\u00a0\u00bb0&Prime; width=\u00a0\u00bb1\/3&Prime; el_position=\u00a0\u00bbfirst\u00a0\u00bb] [spb_boxed_content type=\u00a0\u00bbcoloured\u00a0\u00bb box_link_target=\u00a0\u00bb_self\u00a0\u00bb padding_vertical=\u00a0\u00bb0&Prime; padding_horizontal=\u00a0\u00bb0&Prime; width=\u00a0\u00bb1\/1&Prime; el_position=\u00a0\u00bbfirst last\u00a0\u00bb]\n<p><img loading=\"lazy\" decoding=\"async\" class=\"aligncenter size-medium wp-image-5420\" src=\"https:\/\/wp.gestiondecompras.com\/wp-content\/uploads\/2021\/06\/modelo-c-300x300.jpg\" alt=\"caja modelo c\" width=\"300\" height=\"300\" srcset=\"https:\/\/wp.gestiondecompras.com\/wp-content\/uploads\/2021\/06\/modelo-c-300x300.jpg 300w, https:\/\/wp.gestiondecompras.com\/wp-content\/uploads\/2021\/06\/modelo-c-150x150.jpg 150w, https:\/\/wp.gestiondecompras.com\/wp-content\/uploads\/2021\/06\/modelo-c.jpg 466w\" sizes=\"(max-width: 300px) 100vw, 300px\" \/><\/p>\n[\/spb_boxed_content] [\/spb_column] [spb_column col_sm=\u00a0\u00bb8&Prime; padding_horizontal=\u00a0\u00bb0&Prime; width=\u00a0\u00bb2\/3&Prime; el_position=\u00a0\u00bblast\u00a0\u00bb] [spb_boxed_content type=\u00a0\u00bbcoloured\u00a0\u00bb box_link_target=\u00a0\u00bb_self\u00a0\u00bb padding_vertical=\u00a0\u00bb0&Prime; padding_horizontal=\u00a0\u00bb0&Prime; width=\u00a0\u00bb1\/1&Prime; el_position=\u00a0\u00bbfirst last\u00a0\u00bb]\n<h3><strong>Caisse pliable<br \/>\n<\/strong><\/h3>\n<p>Nous avons une large gamme de bo\u00eetes pliantes qui combinent l&rsquo;avantage d&rsquo;\u00e9conomiser sur les co\u00fbts de transport, d&rsquo;une installation facile et d&rsquo;une manipulation facile, elle est tr\u00e8s demand\u00e9e sur le march\u00e9 mondial. Surtout dans des secteurs tels que l&rsquo;industrie, l&rsquo;agriculture, la p\u00eache, l&rsquo;\u00e9levage et l&rsquo;aquaculture. Il est non toxique et insipide, peut \u00eatre utilis\u00e9 pour la conservation des aliments et est facile \u00e0 nettoyer.<br \/>\nFabriqu\u00e9 en PP (polypropyl\u00e8ne), un produit l\u00e9ger et longue dur\u00e9e de vie.\u00a0Dans notre catalogue, vous pouvez trouver plus de 10 bo\u00eetes diff\u00e9rentes.\u00a0Avec ou sans trous dans les parois lat\u00e9rales, avec ou sans capot, avec ou sans roulettes\u2026 Selon les besoins du client.\u00a0Une fois pli\u00e9es, les bo\u00eetes occupent entre un tiers ou un cinqui\u00e8me de leur volume d&rsquo;origine.<\/p>\n[\/spb_boxed_content] [\/spb_column] [spb_column col_sm=\u00a0\u00bb8&Prime; padding_horizontal=\u00a0\u00bb0&Prime; width=\u00a0\u00bb2\/3&Prime; el_position=\u00a0\u00bbfirst\u00a0\u00bb] [spb_boxed_content type=\u00a0\u00bbcoloured\u00a0\u00bb box_link_target=\u00a0\u00bb_self\u00a0\u00bb padding_vertical=\u00a0\u00bb0&Prime; padding_horizontal=\u00a0\u00bb0&Prime; width=\u00a0\u00bb1\/1&Prime; el_position=\u00a0\u00bbfirst last\u00a0\u00bb]\n<h3 style=\"text-align: right;\"><strong>Grand conteneur pliable<br \/>\n<\/strong><\/h3>\n<p style=\"text-align: right;\">Ce conteneur pliable conserve la largeur et la longueur dans tous ses mod\u00e8les, mais la hauteur varie en fonction des besoins du client.\u00a0Une fois pli\u00e9, la hauteur du conteneur n&rsquo;est que de 350 mm, ce qui facilite son stockage et son transport.\u00a0Fabriqu\u00e9 par injection de plastique avec du poly\u00e9thyl\u00e8ne haute densit\u00e9, ce qui garantit sa solidit\u00e9 et sa consistance.<br \/>\nIl convient \u00e0 une utilisation en tant que conteneurs d&#8217;emballage de produits dans les p\u00eacheries \u00e0 grande \u00e9chelle, les usines d&rsquo;impression et de blanchiment, les usines de galvanoplastie, les usines de cigarettes, les usines alimentaires, les usines de cuir, etc. Par rapport \u00e0 la bo\u00eete en bois et en m\u00e9tal, le conteneur pliable en plastique a un long service dur\u00e9e de vie et est plus l\u00e9ger, ce qui vous fera \u00e9conomiser des frais d&rsquo;exp\u00e9dition.<\/p>\n[\/spb_boxed_content] [\/spb_column] [spb_column col_sm=\u00a0\u00bb4&Prime; padding_horizontal=\u00a0\u00bb0&Prime; width=\u00a0\u00bb1\/3&Prime; el_position=\u00a0\u00bblast\u00a0\u00bb] [spb_boxed_content type=\u00a0\u00bbcoloured\u00a0\u00bb box_link_target=\u00a0\u00bb_self\u00a0\u00bb padding_vertical=\u00a0\u00bb0&Prime; padding_horizontal=\u00a0\u00bb0&Prime; width=\u00a0\u00bb1\/1&Prime; el_position=\u00a0\u00bbfirst last\u00a0\u00bb]\n<p><img loading=\"lazy\" decoding=\"async\" class=\"aligncenter size-medium wp-image-5425\" src=\"https:\/\/wp.gestiondecompras.com\/wp-content\/uploads\/2021\/06\/modelo-d-300x237.jpg\" alt=\"caja modelo d\" width=\"300\" height=\"237\" srcset=\"https:\/\/wp.gestiondecompras.com\/wp-content\/uploads\/2021\/06\/modelo-d-300x237.jpg 300w, https:\/\/wp.gestiondecompras.com\/wp-content\/uploads\/2021\/06\/modelo-d.jpg 468w\" sizes=\"(max-width: 300px) 100vw, 300px\" \/><\/p>\n[\/spb_boxed_content] [\/spb_column] [spb_column col_sm=\u00a0\u00bb4&Prime; padding_horizontal=\u00a0\u00bb0&Prime; width=\u00a0\u00bb1\/3&Prime; el_position=\u00a0\u00bbfirst\u00a0\u00bb] [spb_boxed_content type=\u00a0\u00bbcoloured\u00a0\u00bb box_link_target=\u00a0\u00bb_self\u00a0\u00bb padding_vertical=\u00a0\u00bb0&Prime; padding_horizontal=\u00a0\u00bb0&Prime; width=\u00a0\u00bb1\/1&Prime; el_position=\u00a0\u00bbfirst last\u00a0\u00bb]\n<p><img loading=\"lazy\" decoding=\"async\" class=\"aligncenter wp-image-7343 size-full\" src=\"https:\/\/wp.gestiondecompras.com\/wp-content\/uploads\/2021\/09\/contenedor-plegable.jpg\" alt=\"contenedor plegable\" width=\"388\" height=\"228\" srcset=\"https:\/\/wp.gestiondecompras.com\/wp-content\/uploads\/2021\/09\/contenedor-plegable.jpg 388w, https:\/\/wp.gestiondecompras.com\/wp-content\/uploads\/2021\/09\/contenedor-plegable-300x176.jpg 300w\" sizes=\"(max-width: 388px) 100vw, 388px\" \/><\/p>\n[\/spb_boxed_content] [\/spb_column] [spb_column col_sm=\u00a0\u00bb8&Prime; padding_horizontal=\u00a0\u00bb0&Prime; width=\u00a0\u00bb2\/3&Prime; el_position=\u00a0\u00bblast\u00a0\u00bb] [spb_boxed_content type=\u00a0\u00bbcoloured\u00a0\u00bb box_link_target=\u00a0\u00bb_self\u00a0\u00bb padding_vertical=\u00a0\u00bb0&Prime; padding_horizontal=\u00a0\u00bb0&Prime; width=\u00a0\u00bb1\/1&Prime; el_position=\u00a0\u00bbfirst last\u00a0\u00bb]\n<h3><strong>Conteneur pliable (45L)<br \/>\n<\/strong><\/h3>\n<p>Ce conteneur pliable est populaire pour sa capacit\u00e9 durable, ses \u00e9conomies d&rsquo;espace et ses \u00e9conomies de co\u00fbts de transport et de remplacement.\u00a0Peut \u00eatre utilis\u00e9 pour l&rsquo;organisation de la maison, du bureau ou de l&rsquo;entrep\u00f4t.\u00a0Couleur : bleu, vert et rouge.<\/p>\n[\/spb_boxed_content] [\/spb_column] [\/spb_row]\n","protected":false},"excerpt":{"rendered":"<p>[spb_row element_name=\u00a0\u00bbRow\u00a0\u00bb wrap_type=\u00a0\u00bbcontent-width\u00a0\u00bb parallax_image_height=\u00a0\u00bbcontent-height\u00a0\u00bb parallax_image_movement=\u00a0\u00bbfixed\u00a0\u00bb parallax_image_speed=\u00a0\u00bb0.5&Prime; bg_video_loop=\u00a0\u00bbyes\u00a0\u00bb parallax_video_height=\u00a0\u00bbwindow-height\u00a0\u00bb parallax_video_overlay=\u00a0\u00bbnone\u00a0\u00bb row_overlay_opacity=\u00a0\u00bb0&Prime; row_col_pos=\u00a0\u00bbdefault\u00a0\u00bb width=\u00a0\u00bb1\/1&Prime; el_position=\u00a0\u00bbfirst last\u00a0\u00bb] [spb_column col_animation=\u00a0\u00bbnone\u00a0\u00bb col_animation_delay=\u00a0\u00bb0&Prime; col_bg_type=\u00a0\u00bbcover\u00a0\u00bb col_parallax_image_movement=\u00a0\u00bbfixed\u00a0\u00bb col_parallax_image_speed=\u00a0\u00bb0.5&Prime; col_padding=\u00a0\u00bb0&Prime; col_vertical_offset=\u00a0\u00bb0&Prime; col_horizontal_offset=\u00a0\u00bb0&Prime; col_custom_zindex=\u00a0\u00bb0&Prime; col_sm=\u00a0\u00bb12&Prime; simplified_controls=\u00a0\u00bbyes\u00a0\u00bb custom_css_percentage=\u00a0\u00bbno\u00a0\u00bb padding_vertical=\u00a0\u00bb0&Prime; padding_horizontal=\u00a0\u00bb0&Prime; margin_vertical=\u00a0\u00bb0&Prime; custom_css=\u00a0\u00bbmargin-top: 0px;margin-bottom: 0px;\u00a0\u00bb border_styling_global=\u00a0\u00bbdefault\u00a0\u00bb width=\u00a0\u00bb1\/1&Prime; el_position=\u00a0\u00bbfirst last\u00a0\u00bb] [spb_text_block animation=\u00a0\u00bbnone\u00a0\u00bb animation_delay=\u00a0\u00bb0&Prime; simplified_controls=\u00a0\u00bbyes\u00a0\u00bb custom_css_percentage=\u00a0\u00bbno\u00a0\u00bb padding_vertical=\u00a0\u00bb0&Prime; padding_horizontal=\u00a0\u00bb0&Prime; margin_vertical=\u00a0\u00bb0&Prime; custom_css=\u00a0\u00bbmargin-top: 0px;margin-bottom: 0px;\u00a0\u00bb border_size=\u00a0\u00bb0&Prime; border_styling_global=\u00a0\u00bbdefault\u00a0\u00bb width=\u00a0\u00bb3\/4&Prime; el_position=\u00a0\u00bbfirst\u00a0\u00bb] Chez Gesti\u00f3n de Compras, nous avons une large [&hellip;]<\/p>\n","protected":false},"author":3,"featured_media":5416,"parent":7601,"menu_order":0,"comment_status":"closed","ping_status":"closed","template":"page-title.php","meta":{"footnotes":""},"yoast_head":"<!-- This site is optimized with the Yoast SEO plugin v22.4 - https:\/\/yoast.com\/wordpress\/plugins\/seo\/ -->\n<title>Conteneurs et palettes pliables en plastique - Gesti\u00f3n De Compras<\/title>\n<meta name=\"description\" content=\"Chez Gesti\u00f3n de Compras, nous avons une large gamme de bo\u00eetes, conteneurs et autres types de produits pour le transport et le stockage.\" \/>\n<meta name=\"robots\" content=\"index, follow, max-snippet:-1, max-image-preview:large, max-video-preview:-1\" \/>\n<link rel=\"canonical\" href=\"https:\/\/wp.gestiondecompras.com\/fr\/produits\/pieces-en-plastique\/conteneurs-et-palettes-pliables-en-plastique\/\" \/>\n<meta property=\"og:locale\" content=\"fr_FR\" \/>\n<meta property=\"og:type\" content=\"article\" \/>\n<meta property=\"og:title\" content=\"Conteneurs et palettes pliables en plastique - Gesti\u00f3n De Compras\" \/>\n<meta property=\"og:description\" content=\"Chez Gesti\u00f3n de Compras, nous avons une large gamme de bo\u00eetes, conteneurs et autres types de produits pour le transport et le stockage.\" \/>\n<meta property=\"og:url\" content=\"https:\/\/wp.gestiondecompras.com\/fr\/produits\/pieces-en-plastique\/conteneurs-et-palettes-pliables-en-plastique\/\" \/>\n<meta property=\"og:site_name\" content=\"Gesti\u00f3n De Compras\" \/>\n<meta property=\"article:modified_time\" content=\"2021-10-04T15:31:47+00:00\" \/>\n<meta property=\"og:image\" content=\"https:\/\/wp.gestiondecompras.com\/wp-content\/uploads\/2021\/06\/modelo-c-2.jpg\" \/>\n\t<meta property=\"og:image:width\" content=\"480\" \/>\n\t<meta property=\"og:image:height\" content=\"452\" \/>\n\t<meta property=\"og:image:type\" content=\"image\/jpeg\" \/>\n<meta name=\"twitter:card\" content=\"summary_large_image\" \/>\n<meta name=\"twitter:label1\" content=\"Dur\u00e9e de lecture estim\u00e9e\" \/>\n\t<meta name=\"twitter:data1\" content=\"4 minutes\" \/>\n<script type=\"application\/ld+json\" class=\"yoast-schema-graph\">{\"@context\":\"https:\/\/schema.org\",\"@graph\":[{\"@type\":\"WebPage\",\"@id\":\"https:\/\/wp.gestiondecompras.com\/fr\/produits\/pieces-en-plastique\/conteneurs-et-palettes-pliables-en-plastique\/\",\"url\":\"https:\/\/wp.gestiondecompras.com\/fr\/produits\/pieces-en-plastique\/conteneurs-et-palettes-pliables-en-plastique\/\",\"name\":\"Conteneurs et palettes pliables en plastique - Gesti\u00f3n De Compras\",\"isPartOf\":{\"@id\":\"https:\/\/wp.gestiondecompras.com\/fr\/#website\"},\"primaryImageOfPage\":{\"@id\":\"https:\/\/wp.gestiondecompras.com\/fr\/produits\/pieces-en-plastique\/conteneurs-et-palettes-pliables-en-plastique\/#primaryimage\"},\"image\":{\"@id\":\"https:\/\/wp.gestiondecompras.com\/fr\/produits\/pieces-en-plastique\/conteneurs-et-palettes-pliables-en-plastique\/#primaryimage\"},\"thumbnailUrl\":\"https:\/\/wp.gestiondecompras.com\/wp-content\/uploads\/2021\/06\/modelo-c-2.jpg\",\"datePublished\":\"2021-06-17T11:07:14+00:00\",\"dateModified\":\"2021-10-04T15:31:47+00:00\",\"description\":\"Chez Gesti\u00f3n de Compras, nous avons une large gamme de bo\u00eetes, conteneurs et autres types de produits pour le transport et le stockage.\",\"breadcrumb\":{\"@id\":\"https:\/\/wp.gestiondecompras.com\/fr\/produits\/pieces-en-plastique\/conteneurs-et-palettes-pliables-en-plastique\/#breadcrumb\"},\"inLanguage\":\"fr-FR\",\"potentialAction\":[{\"@type\":\"ReadAction\",\"target\":[\"https:\/\/wp.gestiondecompras.com\/fr\/produits\/pieces-en-plastique\/conteneurs-et-palettes-pliables-en-plastique\/\"]}]},{\"@type\":\"ImageObject\",\"inLanguage\":\"fr-FR\",\"@id\":\"https:\/\/wp.gestiondecompras.com\/fr\/produits\/pieces-en-plastique\/conteneurs-et-palettes-pliables-en-plastique\/#primaryimage\",\"url\":\"https:\/\/wp.gestiondecompras.com\/wp-content\/uploads\/2021\/06\/modelo-c-2.jpg\",\"contentUrl\":\"https:\/\/wp.gestiondecompras.com\/wp-content\/uploads\/2021\/06\/modelo-c-2.jpg\",\"width\":480,\"height\":452,\"caption\":\"caja modelo c-2\"},{\"@type\":\"BreadcrumbList\",\"@id\":\"https:\/\/wp.gestiondecompras.com\/fr\/produits\/pieces-en-plastique\/conteneurs-et-palettes-pliables-en-plastique\/#breadcrumb\",\"itemListElement\":[{\"@type\":\"ListItem\",\"position\":1,\"name\":\"Accueil\",\"item\":\"https:\/\/wp.gestiondecompras.com\/fr\/\"},{\"@type\":\"ListItem\",\"position\":2,\"name\":\"Produits\",\"item\":\"https:\/\/wp.gestiondecompras.com\/fr\/productos\/\"},{\"@type\":\"ListItem\",\"position\":3,\"name\":\"Pieces en plastique\",\"item\":\"https:\/\/wp.gestiondecompras.com\/fr\/productos\/piezas-plasticas\/\"},{\"@type\":\"ListItem\",\"position\":4,\"name\":\"Conteneurs et palettes pliables en plastique\"}]},{\"@type\":\"WebSite\",\"@id\":\"https:\/\/wp.gestiondecompras.com\/fr\/#website\",\"url\":\"https:\/\/wp.gestiondecompras.com\/fr\/\",\"name\":\"Gesti\u00f3n De Compras\",\"description\":\"Sourcing Internacional\",\"potentialAction\":[{\"@type\":\"SearchAction\",\"target\":{\"@type\":\"EntryPoint\",\"urlTemplate\":\"https:\/\/wp.gestiondecompras.com\/fr\/?s={search_term_string}\"},\"query-input\":\"required name=search_term_string\"}],\"inLanguage\":\"fr-FR\"}]}<\/script>\n<!-- \/ Yoast SEO plugin. -->","yoast_head_json":{"title":"Conteneurs et palettes pliables en plastique - Gesti\u00f3n De Compras","description":"Chez Gesti\u00f3n de Compras, nous avons une large gamme de bo\u00eetes, conteneurs et autres types de produits pour le transport et le stockage.","robots":{"index":"index","follow":"follow","max-snippet":"max-snippet:-1","max-image-preview":"max-image-preview:large","max-video-preview":"max-video-preview:-1"},"canonical":"https:\/\/wp.gestiondecompras.com\/fr\/produits\/pieces-en-plastique\/conteneurs-et-palettes-pliables-en-plastique\/","og_locale":"fr_FR","og_type":"article","og_title":"Conteneurs et palettes pliables en plastique - Gesti\u00f3n De Compras","og_description":"Chez Gesti\u00f3n de Compras, nous avons une large gamme de bo\u00eetes, conteneurs et autres types de produits pour le transport et le stockage.","og_url":"https:\/\/wp.gestiondecompras.com\/fr\/produits\/pieces-en-plastique\/conteneurs-et-palettes-pliables-en-plastique\/","og_site_name":"Gesti\u00f3n De Compras","article_modified_time":"2021-10-04T15:31:47+00:00","og_image":[{"width":480,"height":452,"url":"https:\/\/wp.gestiondecompras.com\/wp-content\/uploads\/2021\/06\/modelo-c-2.jpg","type":"image\/jpeg"}],"twitter_card":"summary_large_image","twitter_misc":{"Dur\u00e9e de lecture estim\u00e9e":"4 minutes"},"schema":{"@context":"https:\/\/schema.org","@graph":[{"@type":"WebPage","@id":"https:\/\/wp.gestiondecompras.com\/fr\/produits\/pieces-en-plastique\/conteneurs-et-palettes-pliables-en-plastique\/","url":"https:\/\/wp.gestiondecompras.com\/fr\/produits\/pieces-en-plastique\/conteneurs-et-palettes-pliables-en-plastique\/","name":"Conteneurs et palettes pliables en plastique - Gesti\u00f3n De Compras","isPartOf":{"@id":"https:\/\/wp.gestiondecompras.com\/fr\/#website"},"primaryImageOfPage":{"@id":"https:\/\/wp.gestiondecompras.com\/fr\/produits\/pieces-en-plastique\/conteneurs-et-palettes-pliables-en-plastique\/#primaryimage"},"image":{"@id":"https:\/\/wp.gestiondecompras.com\/fr\/produits\/pieces-en-plastique\/conteneurs-et-palettes-pliables-en-plastique\/#primaryimage"},"thumbnailUrl":"https:\/\/wp.gestiondecompras.com\/wp-content\/uploads\/2021\/06\/modelo-c-2.jpg","datePublished":"2021-06-17T11:07:14+00:00","dateModified":"2021-10-04T15:31:47+00:00","description":"Chez Gesti\u00f3n de Compras, nous avons une large gamme de bo\u00eetes, conteneurs et autres types de produits pour le transport et le stockage.","breadcrumb":{"@id":"https:\/\/wp.gestiondecompras.com\/fr\/produits\/pieces-en-plastique\/conteneurs-et-palettes-pliables-en-plastique\/#breadcrumb"},"inLanguage":"fr-FR","potentialAction":[{"@type":"ReadAction","target":["https:\/\/wp.gestiondecompras.com\/fr\/produits\/pieces-en-plastique\/conteneurs-et-palettes-pliables-en-plastique\/"]}]},{"@type":"ImageObject","inLanguage":"fr-FR","@id":"https:\/\/wp.gestiondecompras.com\/fr\/produits\/pieces-en-plastique\/conteneurs-et-palettes-pliables-en-plastique\/#primaryimage","url":"https:\/\/wp.gestiondecompras.com\/wp-content\/uploads\/2021\/06\/modelo-c-2.jpg","contentUrl":"https:\/\/wp.gestiondecompras.com\/wp-content\/uploads\/2021\/06\/modelo-c-2.jpg","width":480,"height":452,"caption":"caja modelo c-2"},{"@type":"BreadcrumbList","@id":"https:\/\/wp.gestiondecompras.com\/fr\/produits\/pieces-en-plastique\/conteneurs-et-palettes-pliables-en-plastique\/#breadcrumb","itemListElement":[{"@type":"ListItem","position":1,"name":"Accueil","item":"https:\/\/wp.gestiondecompras.com\/fr\/"},{"@type":"ListItem","position":2,"name":"Produits","item":"https:\/\/wp.gestiondecompras.com\/fr\/productos\/"},{"@type":"ListItem","position":3,"name":"Pieces en plastique","item":"https:\/\/wp.gestiondecompras.com\/fr\/productos\/piezas-plasticas\/"},{"@type":"ListItem","position":4,"name":"Conteneurs et palettes pliables en plastique"}]},{"@type":"WebSite","@id":"https:\/\/wp.gestiondecompras.com\/fr\/#website","url":"https:\/\/wp.gestiondecompras.com\/fr\/","name":"Gesti\u00f3n De Compras","description":"Sourcing Internacional","potentialAction":[{"@type":"SearchAction","target":{"@type":"EntryPoint","urlTemplate":"https:\/\/wp.gestiondecompras.com\/fr\/?s={search_term_string}"},"query-input":"required name=search_term_string"}],"inLanguage":"fr-FR"}]}},"_links":{"self":[{"href":"https:\/\/wp.gestiondecompras.com\/fr\/wp-json\/wp\/v2\/pages\/7850"}],"collection":[{"href":"https:\/\/wp.gestiondecompras.com\/fr\/wp-json\/wp\/v2\/pages"}],"about":[{"href":"https:\/\/wp.gestiondecompras.com\/fr\/wp-json\/wp\/v2\/types\/page"}],"author":[{"embeddable":true,"href":"https:\/\/wp.gestiondecompras.com\/fr\/wp-json\/wp\/v2\/users\/3"}],"replies":[{"embeddable":true,"href":"https:\/\/wp.gestiondecompras.com\/fr\/wp-json\/wp\/v2\/comments?post=7850"}],"version-history":[{"count":4,"href":"https:\/\/wp.gestiondecompras.com\/fr\/wp-json\/wp\/v2\/pages\/7850\/revisions"}],"predecessor-version":[{"id":7854,"href":"https:\/\/wp.gestiondecompras.com\/fr\/wp-json\/wp\/v2\/pages\/7850\/revisions\/7854"}],"up":[{"embeddable":true,"href":"https:\/\/wp.gestiondecompras.com\/fr\/wp-json\/wp\/v2\/pages\/7601"}],"wp:featuredmedia":[{"embeddable":true,"href":"https:\/\/wp.gestiondecompras.com\/fr\/wp-json\/wp\/v2\/media\/5416"}],"wp:attachment":[{"href":"https:\/\/wp.gestiondecompras.com\/fr\/wp-json\/wp\/v2\/media?parent=7850"}],"curies":[{"name":"wp","href":"https:\/\/api.w.org\/{rel}","templated":true}]}}