{"id":7615,"date":"2021-05-11T07:04:23","date_gmt":"2021-05-11T07:04:23","guid":{"rendered":"https:\/\/wp.gestiondecompras.com\/?page_id=7615"},"modified":"2021-09-29T15:57:47","modified_gmt":"2021-09-29T15:57:47","slug":"composants-et-quincaillerie-mecaniques","status":"publish","type":"page","link":"https:\/\/wp.gestiondecompras.com\/fr\/produits\/composants-et-quincaillerie-mecaniques\/","title":{"rendered":"Composants et Quincaillerie m\u00e9caniques"},"content":{"rendered":"[spb_row element_name=\u00a0\u00bbRow\u00a0\u00bb wrap_type=\u00a0\u00bbcontent-width\u00a0\u00bb parallax_image_height=\u00a0\u00bbcontent-height\u00a0\u00bb parallax_image_movement=\u00a0\u00bbfixed\u00a0\u00bb parallax_image_speed=\u00a0\u00bb0.5&Prime; bg_video_loop=\u00a0\u00bbyes\u00a0\u00bb parallax_video_height=\u00a0\u00bbwindow-height\u00a0\u00bb parallax_video_overlay=\u00a0\u00bbnone\u00a0\u00bb row_overlay_opacity=\u00a0\u00bb0&Prime; row_col_pos=\u00a0\u00bbdefault\u00a0\u00bb width=\u00a0\u00bb1\/1&Prime; el_position=\u00a0\u00bbfirst last\u00a0\u00bb] [spb_column col_animation=\u00a0\u00bbnone\u00a0\u00bb col_animation_delay=\u00a0\u00bb0&Prime; col_bg_type=\u00a0\u00bbcover\u00a0\u00bb col_parallax_image_movement=\u00a0\u00bbfixed\u00a0\u00bb col_parallax_image_speed=\u00a0\u00bb0.5&Prime; col_padding=\u00a0\u00bb0&Prime; col_vertical_offset=\u00a0\u00bb0&Prime; col_horizontal_offset=\u00a0\u00bb0&Prime; col_custom_zindex=\u00a0\u00bb0&Prime; col_sm=\u00a0\u00bb12&Prime; simplified_controls=\u00a0\u00bbyes\u00a0\u00bb custom_css_percentage=\u00a0\u00bbno\u00a0\u00bb padding_vertical=\u00a0\u00bb0&Prime; padding_horizontal=\u00a0\u00bb0&Prime; margin_vertical=\u00a0\u00bb0&Prime; custom_css=\u00a0\u00bbmargin-top: 0px;margin-bottom: 0px;\u00a0\u00bb border_styling_global=\u00a0\u00bbdefault\u00a0\u00bb width=\u00a0\u00bb1\/1&Prime; el_position=\u00a0\u00bbfirst last\u00a0\u00bb] [spb_text_block animation=\u00a0\u00bbnone\u00a0\u00bb animation_delay=\u00a0\u00bb0&Prime; simplified_controls=\u00a0\u00bbyes\u00a0\u00bb custom_css_percentage=\u00a0\u00bbno\u00a0\u00bb padding_vertical=\u00a0\u00bb0&Prime; padding_horizontal=\u00a0\u00bb0&Prime; margin_vertical=\u00a0\u00bb0&Prime; custom_css=\u00a0\u00bbmargin-top: 0px;margin-bottom: 0px;\u00a0\u00bb border_size=\u00a0\u00bb0&Prime; border_styling_global=\u00a0\u00bbdefault\u00a0\u00bb width=\u00a0\u00bb3\/4&Prime; el_position=\u00a0\u00bbfirst\u00a0\u00bb]\n<p>Gestion de Compras offre diff\u00e9rents composants et quincaillerie m\u00e9caniques. Pistons \u00e0 gaz, des ancres, des \u00e9crous, des ressorts, des vis et des charni\u00e8res avec certains des composants disponibles<\/p>\n[\/spb_text_block][spb_text_block animation=\u00a0\u00bbnone\u00a0\u00bb animation_delay=\u00a0\u00bb0&Prime; simplified_controls=\u00a0\u00bbyes\u00a0\u00bb custom_css_percentage=\u00a0\u00bbno\u00a0\u00bb padding_vertical=\u00a0\u00bb0&Prime; padding_horizontal=\u00a0\u00bb0&Prime; margin_vertical=\u00a0\u00bb0&Prime; custom_css=\u00a0\u00bbmargin-top: 0px;margin-bottom: 0px;\u00a0\u00bb border_size=\u00a0\u00bb0&Prime; border_styling_global=\u00a0\u00bbdefault\u00a0\u00bb width=\u00a0\u00bb1\/4&Prime; el_position=\u00a0\u00bblast\u00a0\u00bb]\n\n[\/spb_text_block] [spb_text_block animation=\u00a0\u00bbnone\u00a0\u00bb animation_delay=\u00a0\u00bb0&Prime; simplified_controls=\u00a0\u00bbyes\u00a0\u00bb custom_css_percentage=\u00a0\u00bbno\u00a0\u00bb padding_vertical=\u00a0\u00bb0&Prime; padding_horizontal=\u00a0\u00bb0&Prime; margin_vertical=\u00a0\u00bb0&Prime; custom_css=\u00a0\u00bbmargin-top: 0px;margin-bottom: 0px;\u00a0\u00bb border_size=\u00a0\u00bb0&Prime; border_styling_global=\u00a0\u00bbdefault\u00a0\u00bb width=\u00a0\u00bb1\/1&Prime; el_position=\u00a0\u00bbfirst last\u00a0\u00bb]\n<hr style=\"background-color: #0098aa; height: 1px;\" \/>\n[\/spb_text_block] [\/spb_column] [\/spb_row] [spb_row element_name=\u00a0\u00bbRow\u00a0\u00bb wrap_type=\u00a0\u00bbcontent-width\u00a0\u00bb parallax_image_height=\u00a0\u00bbcontent-height\u00a0\u00bb parallax_image_movement=\u00a0\u00bbfixed\u00a0\u00bb parallax_image_speed=\u00a0\u00bb0.5&Prime; bg_video_loop=\u00a0\u00bbyes\u00a0\u00bb parallax_video_height=\u00a0\u00bbwindow-height\u00a0\u00bb parallax_video_overlay=\u00a0\u00bbnone\u00a0\u00bb row_overlay_opacity=\u00a0\u00bb0&Prime; row_col_pos=\u00a0\u00bbdefault\u00a0\u00bb width=\u00a0\u00bb1\/1&Prime; el_position=\u00a0\u00bbfirst last\u00a0\u00bb] [spb_text_block animation=\u00a0\u00bbnone\u00a0\u00bb animation_delay=\u00a0\u00bb0&Prime; simplified_controls=\u00a0\u00bbyes\u00a0\u00bb custom_css_percentage=\u00a0\u00bbno\u00a0\u00bb padding_vertical=\u00a0\u00bb0&Prime; padding_horizontal=\u00a0\u00bb0&Prime; margin_vertical=\u00a0\u00bb0&Prime; custom_css=\u00a0\u00bbmargin-top: 0px;margin-bottom: 0px;\u00a0\u00bb border_size=\u00a0\u00bb0&Prime; border_styling_global=\u00a0\u00bbdefault\u00a0\u00bb width=\u00a0\u00bb1\/1&Prime; el_position=\u00a0\u00bbfirst last\u00a0\u00bb]\n<h2 style=\"text-align: center;\"><strong>Produits<br \/>\n<\/strong><\/h2>\n<div class=\"horizontal-break bold\" style=\"background-color: #666d78; width: 100px\"> <\/div>\n[\/spb_text_block] [spb_boxed_content type=\u00a0\u00bbcoloured\u00a0\u00bb box_link_target=\u00a0\u00bb_self\u00a0\u00bb padding_vertical=\u00a0\u00bb0&Prime; padding_horizontal=\u00a0\u00bb0&Prime; width=\u00a0\u00bb1\/1&Prime; el_position=\u00a0\u00bbfirst last\u00a0\u00bb]\n<p style=\"text-align: justify;\">Les composants m\u00e9caniques et quincaillerie sont des outils de forte demande dans divers secteurs. Ils sont pr\u00e9sents dans le mobilier domestiques et les lieux de travail. Cuisines, salons, bureaux et aires de repos, exemples : tiroirs, armoires, chaises et tables de bureau, canap\u00e9s et fauteuils. Certains \u00e9quipements de sport tels que des appareils de musculation font \u00e9galement l&rsquo;utilisation de ces composants. En g\u00e9n\u00e9ral, dans les portes, fen\u00eatres, y certaines \u00e9l\u00e9ments des v\u00e9hicules (portes, capot, porte bagages, r\u00e9gulateurs).<\/p>\n[\/spb_boxed_content] [spb_blank_spacer height=\u00a0\u00bb30px\u00a0\u00bb width=\u00a0\u00bb1\/1&Prime; el_position=\u00a0\u00bbfirst last\u00a0\u00bb] [\/spb_row] [spb_row element_name=\u00a0\u00bbRow\u00a0\u00bb wrap_type=\u00a0\u00bbfull-width-contained\u00a0\u00bb row_bg_type=\u00a0\u00bbimage\u00a0\u00bb row_bg_color=\u00a0\u00bb#242424&Prime; color_row_height=\u00a0\u00bbcontent-height\u00a0\u00bb bg_image=\u00a0\u00bb1361&Prime; bg_type=\u00a0\u00bbcover\u00a0\u00bb parallax_image_height=\u00a0\u00bbcontent-height\u00a0\u00bb parallax_image_movement=\u00a0\u00bbscroll\u00a0\u00bb parallax_image_speed=\u00a0\u00bbstandard\u00a0\u00bb bg_video_loop=\u00a0\u00bbyes\u00a0\u00bb parallax_video_height=\u00a0\u00bbwindow-height\u00a0\u00bb row_top_style=\u00a0\u00bbnone\u00a0\u00bb row_bottom_style=\u00a0\u00bbnone\u00a0\u00bb parallax_video_overlay=\u00a0\u00bbnone\u00a0\u00bb row_overlay_opacity=\u00a0\u00bb0&Prime; remove_element_spacing=\u00a0\u00bbno\u00a0\u00bb row_col_spacing=\u00a0\u00bb0&Prime; row_col_pos=\u00a0\u00bbdefault\u00a0\u00bb row_col_equal_heights=\u00a0\u00bbno\u00a0\u00bb row_expanding=\u00a0\u00bbno\u00a0\u00bb row_animation=\u00a0\u00bbnone\u00a0\u00bb row_animation_delay=\u00a0\u00bb0&Prime; minimize_row=\u00a0\u00bbno\u00a0\u00bb simplified_controls=\u00a0\u00bbyes\u00a0\u00bb custom_css_percentage=\u00a0\u00bbno\u00a0\u00bb custom_css=\u00a0\u00bbmargin-top: 0px;margin-bottom: 0px;\u00a0\u00bb border_styling_global=\u00a0\u00bbdefault\u00a0\u00bb width=\u00a0\u00bb1\/1&Prime; el_position=\u00a0\u00bbfirst last\u00a0\u00bb] [spb_column col_animation=\u00a0\u00bbnone\u00a0\u00bb col_animation_delay=\u00a0\u00bb0&Prime; col_bg_color=\u00a0\u00bb#242424&Prime; col_bg_type=\u00a0\u00bbcover\u00a0\u00bb col_parallax_image_movement=\u00a0\u00bbfixed\u00a0\u00bb col_parallax_image_speed=\u00a0\u00bb0.5&Prime; col_padding=\u00a0\u00bb0&Prime; col_vertical_offset=\u00a0\u00bb0&Prime; col_horizontal_offset=\u00a0\u00bb0&Prime; col_custom_zindex=\u00a0\u00bb0&Prime; col_xs=\u00a0\u00bb12&Prime; col_sm=\u00a0\u00bb12&Prime; col_md=\u00a0\u00bb8&Prime; col_lg=\u00a0\u00bb8&Prime; simplified_controls=\u00a0\u00bbyes\u00a0\u00bb custom_css_percentage=\u00a0\u00bbno\u00a0\u00bb padding_vertical=\u00a0\u00bb20&Prime; padding_horizontal=\u00a0\u00bb20&Prime; margin_vertical=\u00a0\u00bb0&Prime; custom_css=\u00a0\u00bbmargin-top: 0px;margin-bottom: 0px;padding-top: 20px;padding-left: 20px;padding-right: 20px;padding-bottom: 20px;\u00a0\u00bb border_styling_global=\u00a0\u00bbdefault\u00a0\u00bb width=\u00a0\u00bb1\/1&Prime; el_position=\u00a0\u00bbfirst last\u00a0\u00bb] [spb_text_block animation=\u00a0\u00bbnone\u00a0\u00bb animation_delay=\u00a0\u00bb0&Prime; simplified_controls=\u00a0\u00bbyes\u00a0\u00bb custom_css_percentage=\u00a0\u00bbno\u00a0\u00bb padding_vertical=\u00a0\u00bb0&Prime; padding_horizontal=\u00a0\u00bb0&Prime; margin_vertical=\u00a0\u00bb0&Prime; custom_css=\u00a0\u00bbmargin-top: 0px;margin-bottom: 0px;\u00a0\u00bb border_size=\u00a0\u00bb0&Prime; border_styling_global=\u00a0\u00bbdefault\u00a0\u00bb width=\u00a0\u00bb1\/1&Prime; el_position=\u00a0\u00bbfirst last\u00a0\u00bb]\n<h3><strong>Pistons \u00e0 gaz<\/strong><\/h3>\n<hr \/>\n<p><span style=\"color: #ffffff;\">Les pistons \u00e0 gaz sont fabriqu\u00e9s par des processus de fonte et forgeage, fabriqu\u00e9s \u00e0 partir d&rsquo;alliage d&rsquo;aluminium avec le cuivre, le magn\u00e9sium et le silicium. Ils sont utilis\u00e9s dans les meubles, les lits, les canap\u00e9s g\u00e9n\u00e9ralement secteurs d\u2019ameublement comme autres.<\/span><\/p>\n[\/spb_text_block] [spb_blank_spacer height=\u00a0\u00bb15px\u00a0\u00bb width=\u00a0\u00bb1\/1&Prime; el_position=\u00a0\u00bbfirst last\u00a0\u00bb] [spb_text_block animation=\u00a0\u00bbnone\u00a0\u00bb animation_delay=\u00a0\u00bb0&Prime; simplified_controls=\u00a0\u00bbyes\u00a0\u00bb custom_css_percentage=\u00a0\u00bbno\u00a0\u00bb padding_vertical=\u00a0\u00bb0&Prime; padding_horizontal=\u00a0\u00bb0&Prime; margin_vertical=\u00a0\u00bb0&Prime; custom_css=\u00a0\u00bbmargin-top: 0px;margin-bottom: 0px;\u00a0\u00bb border_size=\u00a0\u00bb0&Prime; border_styling_global=\u00a0\u00bbdefault\u00a0\u00bb width=\u00a0\u00bb1\/1&Prime; el_position=\u00a0\u00bbfirst last\u00a0\u00bb]\n<h3><strong>Amortisseurs <\/strong><\/h3>\n<hr \/>\n<p><span style=\"color: #ffffff;\">Les amortisseurs ont comme fonction principal absorb\u00e9 l&rsquo;\u00e9nergie n\u00e9cessaire pour r\u00e9duire le mouvement continu, ou aussi limiter l\u2019\u00e9nergie lib\u00e9r\u00e9e \u00e0 la fois.<\/span><\/p>\n[\/spb_text_block] [spb_blank_spacer height=\u00a0\u00bb15px\u00a0\u00bb width=\u00a0\u00bb1\/1&Prime; el_position=\u00a0\u00bbfirst last\u00a0\u00bb] [spb_text_block animation=\u00a0\u00bbnone\u00a0\u00bb animation_delay=\u00a0\u00bb0&Prime; simplified_controls=\u00a0\u00bbyes\u00a0\u00bb custom_css_percentage=\u00a0\u00bbno\u00a0\u00bb padding_vertical=\u00a0\u00bb0&Prime; padding_horizontal=\u00a0\u00bb0&Prime; margin_vertical=\u00a0\u00bb0&Prime; custom_css=\u00a0\u00bbmargin-top: 0px;margin-bottom: 0px;\u00a0\u00bb border_size=\u00a0\u00bb0&Prime; border_styling_global=\u00a0\u00bbdefault\u00a0\u00bb width=\u00a0\u00bb1\/1&Prime; el_position=\u00a0\u00bbfirst last\u00a0\u00bb]\n<h3><strong>Charni\u00e8re <\/strong><\/h3>\n<hr \/>\n<p><span style=\"color: #ffffff;\">La charni\u00e8re est la pi\u00e8ce qui permet \u00e0 des parties d&rsquo;un \u00e9l\u00e9ment la rotation .exemple, les charni\u00e8res sont responsables de l&rsquo;ouverture et de la fermeture d&rsquo;une fen\u00eatre ou d&rsquo;une porte. Ils sont r\u00e9alis\u00e9s \u00e0 partir des mat\u00e9riaux tels que le plastique, bronze, acier ou laiton. Ils sont constitu\u00e9s de deux parties: une partie fix\u00e9e sur un \u00e9l\u00e9ment, et l&rsquo;autre qui est fix\u00e9e sur l&rsquo;autre c\u00f4t\u00e9 et qui tourne sur son axe.<\/span><\/p>\n[\/spb_text_block] [spb_blank_spacer height=\u00a0\u00bb15px\u00a0\u00bb width=\u00a0\u00bb1\/1&Prime; el_position=\u00a0\u00bbfirst last\u00a0\u00bb] [spb_text_block animation=\u00a0\u00bbnone\u00a0\u00bb animation_delay=\u00a0\u00bb0&Prime; simplified_controls=\u00a0\u00bbyes\u00a0\u00bb custom_css_percentage=\u00a0\u00bbno\u00a0\u00bb padding_vertical=\u00a0\u00bb0&Prime; padding_horizontal=\u00a0\u00bb0&Prime; margin_vertical=\u00a0\u00bb0&Prime; custom_css=\u00a0\u00bbmargin-top: 0px;margin-bottom: 0px;\u00a0\u00bb border_size=\u00a0\u00bb0&Prime; border_styling_global=\u00a0\u00bbdefault\u00a0\u00bb width=\u00a0\u00bb1\/1&Prime; el_position=\u00a0\u00bbfirst last\u00a0\u00bb]\n<h3><strong>Boulons <\/strong><\/h3>\n<hr \/>\n<p><span style=\"color: #ffffff;\">Finalement, les boulons ont une forme cylindrique pour fixer les pi\u00e8ces ensemble. Ils sont fabriqu\u00e9s d&rsquo;acier au carbone, acier inoxydable, le bronze, l&rsquo;aluminium, etc.<\/span><\/p>\n[\/spb_text_block] [spb_blank_spacer height=\u00a0\u00bb15px\u00a0\u00bb width=\u00a0\u00bb1\/1&Prime; el_position=\u00a0\u00bbfirst last\u00a0\u00bb] [\/spb_column] [\/spb_row]\n","protected":false},"excerpt":{"rendered":"<p>[spb_row element_name=\u00a0\u00bbRow\u00a0\u00bb wrap_type=\u00a0\u00bbcontent-width\u00a0\u00bb parallax_image_height=\u00a0\u00bbcontent-height\u00a0\u00bb parallax_image_movement=\u00a0\u00bbfixed\u00a0\u00bb parallax_image_speed=\u00a0\u00bb0.5&Prime; bg_video_loop=\u00a0\u00bbyes\u00a0\u00bb parallax_video_height=\u00a0\u00bbwindow-height\u00a0\u00bb parallax_video_overlay=\u00a0\u00bbnone\u00a0\u00bb row_overlay_opacity=\u00a0\u00bb0&Prime; row_col_pos=\u00a0\u00bbdefault\u00a0\u00bb width=\u00a0\u00bb1\/1&Prime; el_position=\u00a0\u00bbfirst last\u00a0\u00bb] [spb_column col_animation=\u00a0\u00bbnone\u00a0\u00bb col_animation_delay=\u00a0\u00bb0&Prime; col_bg_type=\u00a0\u00bbcover\u00a0\u00bb col_parallax_image_movement=\u00a0\u00bbfixed\u00a0\u00bb col_parallax_image_speed=\u00a0\u00bb0.5&Prime; col_padding=\u00a0\u00bb0&Prime; col_vertical_offset=\u00a0\u00bb0&Prime; col_horizontal_offset=\u00a0\u00bb0&Prime; col_custom_zindex=\u00a0\u00bb0&Prime; col_sm=\u00a0\u00bb12&Prime; simplified_controls=\u00a0\u00bbyes\u00a0\u00bb custom_css_percentage=\u00a0\u00bbno\u00a0\u00bb padding_vertical=\u00a0\u00bb0&Prime; padding_horizontal=\u00a0\u00bb0&Prime; margin_vertical=\u00a0\u00bb0&Prime; custom_css=\u00a0\u00bbmargin-top: 0px;margin-bottom: 0px;\u00a0\u00bb border_styling_global=\u00a0\u00bbdefault\u00a0\u00bb width=\u00a0\u00bb1\/1&Prime; el_position=\u00a0\u00bbfirst last\u00a0\u00bb] [spb_text_block animation=\u00a0\u00bbnone\u00a0\u00bb animation_delay=\u00a0\u00bb0&Prime; simplified_controls=\u00a0\u00bbyes\u00a0\u00bb custom_css_percentage=\u00a0\u00bbno\u00a0\u00bb padding_vertical=\u00a0\u00bb0&Prime; padding_horizontal=\u00a0\u00bb0&Prime; margin_vertical=\u00a0\u00bb0&Prime; custom_css=\u00a0\u00bbmargin-top: 0px;margin-bottom: 0px;\u00a0\u00bb border_size=\u00a0\u00bb0&Prime; border_styling_global=\u00a0\u00bbdefault\u00a0\u00bb width=\u00a0\u00bb3\/4&Prime; el_position=\u00a0\u00bbfirst\u00a0\u00bb] Gestion de Compras offre diff\u00e9rents composants et quincaillerie [&hellip;]<\/p>\n","protected":false},"author":3,"featured_media":7213,"parent":7533,"menu_order":0,"comment_status":"closed","ping_status":"closed","template":"page-products-category.php","meta":{"footnotes":""},"yoast_head":"<!-- This site is optimized with the Yoast SEO plugin v22.4 - https:\/\/yoast.com\/wordpress\/plugins\/seo\/ -->\n<title>Composants et Quincaillerie m\u00e9caniques. Produits - Gesti\u00f3n De Compras<\/title>\n<meta name=\"description\" content=\"Gestion de Compras offre diff\u00e9rents composants et quincaillerie m\u00e9caniques. Pistons \u00e0 gaz, des ancres, des \u00e9crous, des ressorts,..\" \/>\n<meta name=\"robots\" content=\"index, follow, max-snippet:-1, max-image-preview:large, max-video-preview:-1\" \/>\n<link rel=\"canonical\" href=\"https:\/\/wp.gestiondecompras.com\/fr\/produits\/composants-et-quincaillerie-mecaniques\/\" \/>\n<meta property=\"og:locale\" content=\"fr_FR\" \/>\n<meta property=\"og:type\" content=\"article\" \/>\n<meta property=\"og:title\" content=\"Composants et Quincaillerie m\u00e9caniques. Produits - Gesti\u00f3n De Compras\" \/>\n<meta property=\"og:description\" content=\"Gestion de Compras offre diff\u00e9rents composants et quincaillerie m\u00e9caniques. Pistons \u00e0 gaz, des ancres, des \u00e9crous, des ressorts,..\" \/>\n<meta property=\"og:url\" content=\"https:\/\/wp.gestiondecompras.com\/fr\/produits\/composants-et-quincaillerie-mecaniques\/\" \/>\n<meta property=\"og:site_name\" content=\"Gesti\u00f3n De Compras\" \/>\n<meta property=\"article:modified_time\" content=\"2021-09-29T15:57:47+00:00\" \/>\n<meta property=\"og:image\" content=\"https:\/\/wp.gestiondecompras.com\/wp-content\/uploads\/2021\/09\/cilindrico.png\" \/>\n\t<meta property=\"og:image:width\" content=\"600\" \/>\n\t<meta property=\"og:image:height\" content=\"400\" \/>\n\t<meta property=\"og:image:type\" content=\"image\/png\" \/>\n<meta name=\"twitter:card\" content=\"summary_large_image\" \/>\n<meta name=\"twitter:label1\" content=\"Dur\u00e9e de lecture estim\u00e9e\" \/>\n\t<meta name=\"twitter:data1\" content=\"5 minutes\" \/>\n<script type=\"application\/ld+json\" class=\"yoast-schema-graph\">{\"@context\":\"https:\/\/schema.org\",\"@graph\":[{\"@type\":\"WebPage\",\"@id\":\"https:\/\/wp.gestiondecompras.com\/fr\/produits\/composants-et-quincaillerie-mecaniques\/\",\"url\":\"https:\/\/wp.gestiondecompras.com\/fr\/produits\/composants-et-quincaillerie-mecaniques\/\",\"name\":\"Composants et Quincaillerie m\u00e9caniques. Produits - Gesti\u00f3n De Compras\",\"isPartOf\":{\"@id\":\"https:\/\/wp.gestiondecompras.com\/fr\/#website\"},\"primaryImageOfPage\":{\"@id\":\"https:\/\/wp.gestiondecompras.com\/fr\/produits\/composants-et-quincaillerie-mecaniques\/#primaryimage\"},\"image\":{\"@id\":\"https:\/\/wp.gestiondecompras.com\/fr\/produits\/composants-et-quincaillerie-mecaniques\/#primaryimage\"},\"thumbnailUrl\":\"https:\/\/wp.gestiondecompras.com\/wp-content\/uploads\/2021\/09\/cilindrico.png\",\"datePublished\":\"2021-05-11T07:04:23+00:00\",\"dateModified\":\"2021-09-29T15:57:47+00:00\",\"description\":\"Gestion de Compras offre diff\u00e9rents composants et quincaillerie m\u00e9caniques. Pistons \u00e0 gaz, des ancres, des \u00e9crous, des ressorts,..\",\"breadcrumb\":{\"@id\":\"https:\/\/wp.gestiondecompras.com\/fr\/produits\/composants-et-quincaillerie-mecaniques\/#breadcrumb\"},\"inLanguage\":\"fr-FR\",\"potentialAction\":[{\"@type\":\"ReadAction\",\"target\":[\"https:\/\/wp.gestiondecompras.com\/fr\/produits\/composants-et-quincaillerie-mecaniques\/\"]}]},{\"@type\":\"ImageObject\",\"inLanguage\":\"fr-FR\",\"@id\":\"https:\/\/wp.gestiondecompras.com\/fr\/produits\/composants-et-quincaillerie-mecaniques\/#primaryimage\",\"url\":\"https:\/\/wp.gestiondecompras.com\/wp-content\/uploads\/2021\/09\/cilindrico.png\",\"contentUrl\":\"https:\/\/wp.gestiondecompras.com\/wp-content\/uploads\/2021\/09\/cilindrico.png\",\"width\":600,\"height\":400,\"caption\":\"engranajes cilindricos\"},{\"@type\":\"BreadcrumbList\",\"@id\":\"https:\/\/wp.gestiondecompras.com\/fr\/produits\/composants-et-quincaillerie-mecaniques\/#breadcrumb\",\"itemListElement\":[{\"@type\":\"ListItem\",\"position\":1,\"name\":\"Accueil\",\"item\":\"https:\/\/wp.gestiondecompras.com\/fr\/\"},{\"@type\":\"ListItem\",\"position\":2,\"name\":\"Produits\",\"item\":\"https:\/\/wp.gestiondecompras.com\/fr\/productos\/\"},{\"@type\":\"ListItem\",\"position\":3,\"name\":\"Composants et Quincaillerie m\u00e9caniques\"}]},{\"@type\":\"WebSite\",\"@id\":\"https:\/\/wp.gestiondecompras.com\/fr\/#website\",\"url\":\"https:\/\/wp.gestiondecompras.com\/fr\/\",\"name\":\"Gesti\u00f3n De Compras\",\"description\":\"Sourcing Internacional\",\"potentialAction\":[{\"@type\":\"SearchAction\",\"target\":{\"@type\":\"EntryPoint\",\"urlTemplate\":\"https:\/\/wp.gestiondecompras.com\/fr\/?s={search_term_string}\"},\"query-input\":\"required name=search_term_string\"}],\"inLanguage\":\"fr-FR\"}]}<\/script>\n<!-- \/ Yoast SEO plugin. -->","yoast_head_json":{"title":"Composants et Quincaillerie m\u00e9caniques. Produits - Gesti\u00f3n De Compras","description":"Gestion de Compras offre diff\u00e9rents composants et quincaillerie m\u00e9caniques. Pistons \u00e0 gaz, des ancres, des \u00e9crous, des ressorts,..","robots":{"index":"index","follow":"follow","max-snippet":"max-snippet:-1","max-image-preview":"max-image-preview:large","max-video-preview":"max-video-preview:-1"},"canonical":"https:\/\/wp.gestiondecompras.com\/fr\/produits\/composants-et-quincaillerie-mecaniques\/","og_locale":"fr_FR","og_type":"article","og_title":"Composants et Quincaillerie m\u00e9caniques. Produits - Gesti\u00f3n De Compras","og_description":"Gestion de Compras offre diff\u00e9rents composants et quincaillerie m\u00e9caniques. Pistons \u00e0 gaz, des ancres, des \u00e9crous, des ressorts,..","og_url":"https:\/\/wp.gestiondecompras.com\/fr\/produits\/composants-et-quincaillerie-mecaniques\/","og_site_name":"Gesti\u00f3n De Compras","article_modified_time":"2021-09-29T15:57:47+00:00","og_image":[{"width":600,"height":400,"url":"https:\/\/wp.gestiondecompras.com\/wp-content\/uploads\/2021\/09\/cilindrico.png","type":"image\/png"}],"twitter_card":"summary_large_image","twitter_misc":{"Dur\u00e9e de lecture estim\u00e9e":"5 minutes"},"schema":{"@context":"https:\/\/schema.org","@graph":[{"@type":"WebPage","@id":"https:\/\/wp.gestiondecompras.com\/fr\/produits\/composants-et-quincaillerie-mecaniques\/","url":"https:\/\/wp.gestiondecompras.com\/fr\/produits\/composants-et-quincaillerie-mecaniques\/","name":"Composants et Quincaillerie m\u00e9caniques. Produits - Gesti\u00f3n De Compras","isPartOf":{"@id":"https:\/\/wp.gestiondecompras.com\/fr\/#website"},"primaryImageOfPage":{"@id":"https:\/\/wp.gestiondecompras.com\/fr\/produits\/composants-et-quincaillerie-mecaniques\/#primaryimage"},"image":{"@id":"https:\/\/wp.gestiondecompras.com\/fr\/produits\/composants-et-quincaillerie-mecaniques\/#primaryimage"},"thumbnailUrl":"https:\/\/wp.gestiondecompras.com\/wp-content\/uploads\/2021\/09\/cilindrico.png","datePublished":"2021-05-11T07:04:23+00:00","dateModified":"2021-09-29T15:57:47+00:00","description":"Gestion de Compras offre diff\u00e9rents composants et quincaillerie m\u00e9caniques. Pistons \u00e0 gaz, des ancres, des \u00e9crous, des ressorts,..","breadcrumb":{"@id":"https:\/\/wp.gestiondecompras.com\/fr\/produits\/composants-et-quincaillerie-mecaniques\/#breadcrumb"},"inLanguage":"fr-FR","potentialAction":[{"@type":"ReadAction","target":["https:\/\/wp.gestiondecompras.com\/fr\/produits\/composants-et-quincaillerie-mecaniques\/"]}]},{"@type":"ImageObject","inLanguage":"fr-FR","@id":"https:\/\/wp.gestiondecompras.com\/fr\/produits\/composants-et-quincaillerie-mecaniques\/#primaryimage","url":"https:\/\/wp.gestiondecompras.com\/wp-content\/uploads\/2021\/09\/cilindrico.png","contentUrl":"https:\/\/wp.gestiondecompras.com\/wp-content\/uploads\/2021\/09\/cilindrico.png","width":600,"height":400,"caption":"engranajes cilindricos"},{"@type":"BreadcrumbList","@id":"https:\/\/wp.gestiondecompras.com\/fr\/produits\/composants-et-quincaillerie-mecaniques\/#breadcrumb","itemListElement":[{"@type":"ListItem","position":1,"name":"Accueil","item":"https:\/\/wp.gestiondecompras.com\/fr\/"},{"@type":"ListItem","position":2,"name":"Produits","item":"https:\/\/wp.gestiondecompras.com\/fr\/productos\/"},{"@type":"ListItem","position":3,"name":"Composants et Quincaillerie m\u00e9caniques"}]},{"@type":"WebSite","@id":"https:\/\/wp.gestiondecompras.com\/fr\/#website","url":"https:\/\/wp.gestiondecompras.com\/fr\/","name":"Gesti\u00f3n De Compras","description":"Sourcing Internacional","potentialAction":[{"@type":"SearchAction","target":{"@type":"EntryPoint","urlTemplate":"https:\/\/wp.gestiondecompras.com\/fr\/?s={search_term_string}"},"query-input":"required name=search_term_string"}],"inLanguage":"fr-FR"}]}},"_links":{"self":[{"href":"https:\/\/wp.gestiondecompras.com\/fr\/wp-json\/wp\/v2\/pages\/7615"}],"collection":[{"href":"https:\/\/wp.gestiondecompras.com\/fr\/wp-json\/wp\/v2\/pages"}],"about":[{"href":"https:\/\/wp.gestiondecompras.com\/fr\/wp-json\/wp\/v2\/types\/page"}],"author":[{"embeddable":true,"href":"https:\/\/wp.gestiondecompras.com\/fr\/wp-json\/wp\/v2\/users\/3"}],"replies":[{"embeddable":true,"href":"https:\/\/wp.gestiondecompras.com\/fr\/wp-json\/wp\/v2\/comments?post=7615"}],"version-history":[{"count":2,"href":"https:\/\/wp.gestiondecompras.com\/fr\/wp-json\/wp\/v2\/pages\/7615\/revisions"}],"predecessor-version":[{"id":7617,"href":"https:\/\/wp.gestiondecompras.com\/fr\/wp-json\/wp\/v2\/pages\/7615\/revisions\/7617"}],"up":[{"embeddable":true,"href":"https:\/\/wp.gestiondecompras.com\/fr\/wp-json\/wp\/v2\/pages\/7533"}],"wp:featuredmedia":[{"embeddable":true,"href":"https:\/\/wp.gestiondecompras.com\/fr\/wp-json\/wp\/v2\/media\/7213"}],"wp:attachment":[{"href":"https:\/\/wp.gestiondecompras.com\/fr\/wp-json\/wp\/v2\/media?parent=7615"}],"curies":[{"name":"wp","href":"https:\/\/api.w.org\/{rel}","templated":true}]}}