{"id":7601,"date":"2021-05-10T15:41:40","date_gmt":"2021-05-10T15:41:40","guid":{"rendered":"https:\/\/wp.gestiondecompras.com\/?page_id=7601"},"modified":"2021-09-29T15:15:22","modified_gmt":"2021-09-29T15:15:22","slug":"pieces-en-plastique","status":"publish","type":"page","link":"https:\/\/wp.gestiondecompras.com\/fr\/produits\/pieces-en-plastique\/","title":{"rendered":"Pieces en plastique"},"content":{"rendered":"[spb_row element_name=\u00a0\u00bbRow\u00a0\u00bb wrap_type=\u00a0\u00bbcontent-width\u00a0\u00bb parallax_image_height=\u00a0\u00bbcontent-height\u00a0\u00bb parallax_image_movement=\u00a0\u00bbfixed\u00a0\u00bb parallax_image_speed=\u00a0\u00bb0.5&Prime; bg_video_loop=\u00a0\u00bbyes\u00a0\u00bb parallax_video_height=\u00a0\u00bbwindow-height\u00a0\u00bb parallax_video_overlay=\u00a0\u00bbnone\u00a0\u00bb row_overlay_opacity=\u00a0\u00bb0&Prime; row_col_pos=\u00a0\u00bbdefault\u00a0\u00bb width=\u00a0\u00bb1\/1&Prime; el_position=\u00a0\u00bbfirst last\u00a0\u00bb] [spb_column col_animation=\u00a0\u00bbnone\u00a0\u00bb col_animation_delay=\u00a0\u00bb0&Prime; col_bg_type=\u00a0\u00bbcover\u00a0\u00bb col_parallax_image_movement=\u00a0\u00bbfixed\u00a0\u00bb col_parallax_image_speed=\u00a0\u00bb0.5&Prime; col_padding=\u00a0\u00bb0&Prime; col_vertical_offset=\u00a0\u00bb0&Prime; col_horizontal_offset=\u00a0\u00bb0&Prime; col_custom_zindex=\u00a0\u00bb0&Prime; col_sm=\u00a0\u00bb12&Prime; simplified_controls=\u00a0\u00bbyes\u00a0\u00bb custom_css_percentage=\u00a0\u00bbno\u00a0\u00bb padding_vertical=\u00a0\u00bb0&Prime; padding_horizontal=\u00a0\u00bb0&Prime; margin_vertical=\u00a0\u00bb0&Prime; custom_css=\u00a0\u00bbmargin-top: 0px;margin-bottom: 0px;\u00a0\u00bb border_styling_global=\u00a0\u00bbdefault\u00a0\u00bb width=\u00a0\u00bb1\/1&Prime; el_position=\u00a0\u00bbfirst last\u00a0\u00bb] [spb_text_block animation=\u00a0\u00bbnone\u00a0\u00bb animation_delay=\u00a0\u00bb0&Prime; simplified_controls=\u00a0\u00bbyes\u00a0\u00bb custom_css_percentage=\u00a0\u00bbno\u00a0\u00bb padding_vertical=\u00a0\u00bb0&Prime; padding_horizontal=\u00a0\u00bb0&Prime; margin_vertical=\u00a0\u00bb0&Prime; custom_css=\u00a0\u00bbmargin-top: 0px;margin-bottom: 0px;\u00a0\u00bb border_size=\u00a0\u00bb0&Prime; border_styling_global=\u00a0\u00bbdefault\u00a0\u00bb width=\u00a0\u00bb3\/4&Prime; el_position=\u00a0\u00bbfirst\u00a0\u00bb]\n<p>Gesti\u00f3n de Compras dispose des moyens n\u00e9cessaires pour la conception et production de toutes pi\u00e8ces plastique fabriqu\u00e9 par moulage par injection, extrusion, soufflage, rotomoulage etc.<\/p>\n[\/spb_text_block][spb_text_block animation=\u00a0\u00bbnone\u00a0\u00bb animation_delay=\u00a0\u00bb0&Prime; simplified_controls=\u00a0\u00bbyes\u00a0\u00bb custom_css_percentage=\u00a0\u00bbno\u00a0\u00bb padding_vertical=\u00a0\u00bb0&Prime; padding_horizontal=\u00a0\u00bb0&Prime; margin_vertical=\u00a0\u00bb0&Prime; custom_css=\u00a0\u00bbmargin-top: 0px;margin-bottom: 0px;\u00a0\u00bb border_size=\u00a0\u00bb0&Prime; border_styling_global=\u00a0\u00bbdefault\u00a0\u00bb width=\u00a0\u00bb1\/4&Prime; el_position=\u00a0\u00bblast\u00a0\u00bb]\n\n[\/spb_text_block] [spb_text_block animation=\u00a0\u00bbnone\u00a0\u00bb animation_delay=\u00a0\u00bb0&Prime; simplified_controls=\u00a0\u00bbyes\u00a0\u00bb custom_css_percentage=\u00a0\u00bbno\u00a0\u00bb padding_vertical=\u00a0\u00bb0&Prime; padding_horizontal=\u00a0\u00bb0&Prime; margin_vertical=\u00a0\u00bb0&Prime; custom_css=\u00a0\u00bbmargin-top: 0px;margin-bottom: 0px;\u00a0\u00bb border_size=\u00a0\u00bb0&Prime; border_styling_global=\u00a0\u00bbdefault\u00a0\u00bb width=\u00a0\u00bb1\/1&Prime; el_position=\u00a0\u00bbfirst last\u00a0\u00bb]\n<hr style=\"background-color: #0098aa; height: 1px;\" \/>\n[\/spb_text_block] [\/spb_column] [\/spb_row] [spb_row element_name=\u00a0\u00bbRow\u00a0\u00bb wrap_type=\u00a0\u00bbcontent-width\u00a0\u00bb parallax_image_height=\u00a0\u00bbcontent-height\u00a0\u00bb parallax_image_movement=\u00a0\u00bbfixed\u00a0\u00bb parallax_image_speed=\u00a0\u00bb0.5&Prime; bg_video_loop=\u00a0\u00bbyes\u00a0\u00bb parallax_video_height=\u00a0\u00bbwindow-height\u00a0\u00bb parallax_video_overlay=\u00a0\u00bbnone\u00a0\u00bb row_overlay_opacity=\u00a0\u00bb0&Prime; row_col_pos=\u00a0\u00bbdefault\u00a0\u00bb width=\u00a0\u00bb1\/1&Prime; el_position=\u00a0\u00bbfirst last\u00a0\u00bb] [spb_text_block animation=\u00a0\u00bbnone\u00a0\u00bb animation_delay=\u00a0\u00bb0&Prime; simplified_controls=\u00a0\u00bbyes\u00a0\u00bb custom_css_percentage=\u00a0\u00bbno\u00a0\u00bb padding_vertical=\u00a0\u00bb0&Prime; padding_horizontal=\u00a0\u00bb0&Prime; margin_vertical=\u00a0\u00bb0&Prime; custom_css=\u00a0\u00bbmargin-top: 0px;margin-bottom: 0px;\u00a0\u00bb border_size=\u00a0\u00bb0&Prime; border_styling_global=\u00a0\u00bbdefault\u00a0\u00bb width=\u00a0\u00bb1\/1&Prime; el_position=\u00a0\u00bbfirst last\u00a0\u00bb]\n<h2 style=\"text-align: center;\"><strong>Processus<br \/>\n<\/strong><\/h2>\n<div class=\"horizontal-break bold\" style=\"background-color: #666d78; width: 100px\"> <\/div>\n[\/spb_text_block] [spb_icon_box title=\u00a0\u00bbInjection\u00a0\u00bb box_type=\u00a0\u00bbstandard-title\u00a0\u00bb box_icon_type=\u00a0\u00bbcharacter\u00a0\u00bb character=\u00a0\u00bb\u00b7\u00a0\u00bb animate_svg=\u00a0\u00bbno\u00a0\u00bb target=\u00a0\u00bb_self\u00a0\u00bb animation=\u00a0\u00bbnone\u00a0\u00bb animation_delay=\u00a0\u00bb0&Prime; animated_box_style=\u00a0\u00bbcoloured\u00a0\u00bb animated_box_rounded=\u00a0\u00bbyes\u00a0\u00bb width=\u00a0\u00bb1\/2&Prime; el_position=\u00a0\u00bbfirst\u00a0\u00bb]\n<p style=\"text-align: justify;\">C\u2019est le proc\u00e9d\u00e9\u00a0 le plus courant pour la fabrication des pi\u00e8ces en plastique. Peut \u00eatre r\u00e9alis\u00e9 avec une vari\u00e9t\u00e9 de mati\u00e8res plastiques, id\u00e9ale aussi pour la production des grandes s\u00e9ries. Avec ce proc\u00e9d\u00e9\u00a0 se fabrique des pi\u00e8ces <strong>pour l\u2019automobile, emballage, couvercle, jouets, instruments m\u00e9dicale, outillages, etc.<\/strong><\/p>\n[\/spb_icon_box] [spb_icon_box title=\u00a0\u00bbExtrusion\u00a0\u00bb box_type=\u00a0\u00bbstandard-title\u00a0\u00bb box_icon_type=\u00a0\u00bbcharacter\u00a0\u00bb character=\u00a0\u00bb\u00b7\u00a0\u00bb animate_svg=\u00a0\u00bbno\u00a0\u00bb target=\u00a0\u00bb_self\u00a0\u00bb animation=\u00a0\u00bbnone\u00a0\u00bb animation_delay=\u00a0\u00bb0&Prime; animated_box_style=\u00a0\u00bbcoloured\u00a0\u00bb animated_box_rounded=\u00a0\u00bbyes\u00a0\u00bb width=\u00a0\u00bb1\/2&Prime; el_position=\u00a0\u00bblast\u00a0\u00bb]\n<p style=\"text-align: justify;\">Est un proc\u00e9d\u00e9 de fabrication de grandes s\u00e9ries par lequel la mati\u00e8re plastique brute est fondue puis transform\u00e9e en un profil continu. L\u2019extrusion permet de fabriquer une large gamme des pi\u00e8ces,<strong> tel que cadres des fen\u00eatres, tubes et tuyaux, accessoires de tuyauterie, films et planches, cl\u00f4tures, pi\u00e8ces d\u2019isolement.<\/strong><\/p>\n[\/spb_icon_box] [spb_icon_box title=\u00a0\u00bbSoufflage\u00a0\u00bb box_type=\u00a0\u00bbstandard-title\u00a0\u00bb box_icon_type=\u00a0\u00bbcharacter\u00a0\u00bb character=\u00a0\u00bb\u00b7\u00a0\u00bb animate_svg=\u00a0\u00bbno\u00a0\u00bb target=\u00a0\u00bb_self\u00a0\u00bb animation=\u00a0\u00bbnone\u00a0\u00bb animation_delay=\u00a0\u00bb0&Prime; animated_box_style=\u00a0\u00bbcoloured\u00a0\u00bb animated_box_rounded=\u00a0\u00bbyes\u00a0\u00bb width=\u00a0\u00bb1\/2&Prime; el_position=\u00a0\u00bbfirst\u00a0\u00bb]\n<p style=\"text-align: justify;\">Est un proc\u00e9d\u00e9 industriel commun de fabrication des pi\u00e8ces creuses. Un des articles fabriqu\u00e9 a travers de cette m\u00e9thode sont <strong>les bouteilles<\/strong>, largement utilis\u00e9s dans la vie quotidienne.<\/p>\n[\/spb_icon_box] [spb_icon_box title=\u00a0\u00bbRotomoulage\u00a0\u00bb box_type=\u00a0\u00bbstandard-title\u00a0\u00bb box_icon_type=\u00a0\u00bbcharacter\u00a0\u00bb character=\u00a0\u00bb\u00b7\u00a0\u00bb animate_svg=\u00a0\u00bbno\u00a0\u00bb target=\u00a0\u00bb_self\u00a0\u00bb animation=\u00a0\u00bbnone\u00a0\u00bb animation_delay=\u00a0\u00bb0&Prime; animated_box_style=\u00a0\u00bbcoloured\u00a0\u00bb animated_box_rounded=\u00a0\u00bbyes\u00a0\u00bb width=\u00a0\u00bb1\/2&Prime; el_position=\u00a0\u00bblast\u00a0\u00bb]\n<p style=\"text-align: justify;\">Appel\u00e9 aussi moulage par rotation, cette m\u00e9thode est utilis\u00e9 dans la fabrication\u00a0 des objets plastiques creuses. Finement divis\u00e9e, les particules dans un creux rotatifs de deux axes. Expos\u00e9 \u00e0 la chaleur et ensuite\u00a0 appliqu\u00e9 \u00e0 froid. Exemples\u00a0: <strong>r\u00e9servoirs de stockage, meubles, signales routi\u00e8res, pi\u00e8ces a\u00e9ronautique, jouets, toboggans, parques infantiles, toitures.<\/strong><\/p>\n[\/spb_icon_box] [spb_blank_spacer height=\u00a0\u00bb30px\u00a0\u00bb width=\u00a0\u00bb1\/1&Prime; el_position=\u00a0\u00bbfirst last\u00a0\u00bb] [\/spb_row] [spb_row element_name=\u00a0\u00bbRow\u00a0\u00bb wrap_type=\u00a0\u00bbfull-width-contained\u00a0\u00bb row_bg_type=\u00a0\u00bbimage\u00a0\u00bb row_bg_color=\u00a0\u00bb#242424&Prime; color_row_height=\u00a0\u00bbcontent-height\u00a0\u00bb bg_image=\u00a0\u00bb1293&Prime; bg_type=\u00a0\u00bbcover\u00a0\u00bb parallax_image_height=\u00a0\u00bbcontent-height\u00a0\u00bb parallax_image_movement=\u00a0\u00bbscroll\u00a0\u00bb parallax_image_speed=\u00a0\u00bbstandard\u00a0\u00bb bg_video_loop=\u00a0\u00bbyes\u00a0\u00bb parallax_video_height=\u00a0\u00bbwindow-height\u00a0\u00bb row_top_style=\u00a0\u00bbnone\u00a0\u00bb row_bottom_style=\u00a0\u00bbnone\u00a0\u00bb parallax_video_overlay=\u00a0\u00bbnone\u00a0\u00bb row_overlay_opacity=\u00a0\u00bb0&Prime; remove_element_spacing=\u00a0\u00bbno\u00a0\u00bb row_col_spacing=\u00a0\u00bb0&Prime; row_col_pos=\u00a0\u00bbdefault\u00a0\u00bb row_col_equal_heights=\u00a0\u00bbno\u00a0\u00bb row_expanding=\u00a0\u00bbno\u00a0\u00bb row_animation=\u00a0\u00bbnone\u00a0\u00bb row_animation_delay=\u00a0\u00bb0&Prime; minimize_row=\u00a0\u00bbno\u00a0\u00bb simplified_controls=\u00a0\u00bbyes\u00a0\u00bb custom_css_percentage=\u00a0\u00bbno\u00a0\u00bb custom_css=\u00a0\u00bbmargin-top: 0px;margin-bottom: 0px;\u00a0\u00bb border_styling_global=\u00a0\u00bbdefault\u00a0\u00bb width=\u00a0\u00bb1\/1&Prime; el_position=\u00a0\u00bbfirst last\u00a0\u00bb] [spb_column col_animation=\u00a0\u00bbnone\u00a0\u00bb col_animation_delay=\u00a0\u00bb0&Prime; col_bg_color=\u00a0\u00bb#242424&Prime; col_bg_type=\u00a0\u00bbcover\u00a0\u00bb col_parallax_image_movement=\u00a0\u00bbfixed\u00a0\u00bb col_parallax_image_speed=\u00a0\u00bb0.5&Prime; col_padding=\u00a0\u00bb0&Prime; col_vertical_offset=\u00a0\u00bb0&Prime; col_horizontal_offset=\u00a0\u00bb0&Prime; col_custom_zindex=\u00a0\u00bb0&Prime; col_xs=\u00a0\u00bb12&Prime; col_sm=\u00a0\u00bb12&Prime; col_md=\u00a0\u00bb8&Prime; col_lg=\u00a0\u00bb8&Prime; simplified_controls=\u00a0\u00bbyes\u00a0\u00bb custom_css_percentage=\u00a0\u00bbno\u00a0\u00bb padding_vertical=\u00a0\u00bb20&Prime; padding_horizontal=\u00a0\u00bb20&Prime; margin_vertical=\u00a0\u00bb0&Prime; custom_css=\u00a0\u00bbmargin-top: 0px;margin-bottom: 0px;padding-top: 20px;padding-left: 20px;padding-right: 20px;padding-bottom: 20px;\u00a0\u00bb border_styling_global=\u00a0\u00bbdefault\u00a0\u00bb width=\u00a0\u00bb1\/1&Prime; el_position=\u00a0\u00bbfirst last\u00a0\u00bb] [spb_text_block animation=\u00a0\u00bbnone\u00a0\u00bb animation_delay=\u00a0\u00bb0&Prime; simplified_controls=\u00a0\u00bbyes\u00a0\u00bb custom_css_percentage=\u00a0\u00bbno\u00a0\u00bb padding_vertical=\u00a0\u00bb0&Prime; padding_horizontal=\u00a0\u00bb0&Prime; margin_vertical=\u00a0\u00bb0&Prime; custom_css=\u00a0\u00bbmargin-top: 0px;margin-bottom: 0px;\u00a0\u00bb border_size=\u00a0\u00bb0&Prime; border_styling_global=\u00a0\u00bbdefault\u00a0\u00bb width=\u00a0\u00bb1\/1&Prime; el_position=\u00a0\u00bbfirst last\u00a0\u00bb]\n<h2><strong>Produit<\/strong><strong>s<\/strong><\/h2>\n<hr \/>\n<div class=\"content\">\n<p><span style=\"color: #ffffff;\">Grace aux propri\u00e9t\u00e9s des plastiques, les pi\u00e8ces sont largement utilis\u00e9s dans notre vie quotidienne, au point que nous pouvons trouver des pi\u00e8ces plastiques dans presque\u00a0 par tout autour de nous, par exemple dans les automobiles, mat\u00e9riaux de construction, sanitaires, alimentation, jouets, produits domestiques.<\/span><\/p>\n<p><span style=\"color: #ffffff;\">\u00a0<\/span><\/p>\n<\/div>\n[\/spb_text_block] [spb_blank_spacer height=\u00a0\u00bb30px\u00a0\u00bb width=\u00a0\u00bb1\/1&Prime; el_position=\u00a0\u00bbfirst last\u00a0\u00bb] [spb_text_block animation=\u00a0\u00bbnone\u00a0\u00bb animation_delay=\u00a0\u00bb0&Prime; simplified_controls=\u00a0\u00bbyes\u00a0\u00bb custom_css_percentage=\u00a0\u00bbno\u00a0\u00bb padding_vertical=\u00a0\u00bb0&Prime; padding_horizontal=\u00a0\u00bb0&Prime; margin_vertical=\u00a0\u00bb0&Prime; custom_css=\u00a0\u00bbmargin-top: 0px;margin-bottom: 0px;\u00a0\u00bb border_size=\u00a0\u00bb0&Prime; border_styling_global=\u00a0\u00bbdefault\u00a0\u00bb width=\u00a0\u00bb1\/1&Prime; el_position=\u00a0\u00bbfirst last\u00a0\u00bb]\n<h2><strong>Mat\u00e9riaux<br \/>\n<\/strong><\/h2>\n<hr \/>\n<p><span style=\"color: #ffffff;\">En fonction de leurs compositions et propri\u00e9t\u00e9s, les plastiques\u00a0\u00a0 se d\u00e9f\u00e9rent\u00a0\u00a0\u00a0 en plusieurs\u00a0 types comme\u00a0 le <strong>EPS<\/strong> (polystyr\u00e8nes expans\u00e9), <strong>EPP<\/strong> (polypropyl\u00e8ne extensible), <strong>PVC<\/strong> (chlorures de polyvinyle), <strong>PP<\/strong> polypropyl\u00e8ne), <strong>ABS<\/strong> (styr\u00e8ne acrylonitrile butadi\u00e8ne) etc.<\/span><\/p>\n<p>&nbsp;<\/p>\n[\/spb_text_block] [\/spb_column] [\/spb_row]\n","protected":false},"excerpt":{"rendered":"<p>[spb_row element_name=\u00a0\u00bbRow\u00a0\u00bb wrap_type=\u00a0\u00bbcontent-width\u00a0\u00bb parallax_image_height=\u00a0\u00bbcontent-height\u00a0\u00bb parallax_image_movement=\u00a0\u00bbfixed\u00a0\u00bb parallax_image_speed=\u00a0\u00bb0.5&Prime; bg_video_loop=\u00a0\u00bbyes\u00a0\u00bb parallax_video_height=\u00a0\u00bbwindow-height\u00a0\u00bb parallax_video_overlay=\u00a0\u00bbnone\u00a0\u00bb row_overlay_opacity=\u00a0\u00bb0&Prime; row_col_pos=\u00a0\u00bbdefault\u00a0\u00bb width=\u00a0\u00bb1\/1&Prime; el_position=\u00a0\u00bbfirst last\u00a0\u00bb] [spb_column col_animation=\u00a0\u00bbnone\u00a0\u00bb col_animation_delay=\u00a0\u00bb0&Prime; col_bg_type=\u00a0\u00bbcover\u00a0\u00bb col_parallax_image_movement=\u00a0\u00bbfixed\u00a0\u00bb col_parallax_image_speed=\u00a0\u00bb0.5&Prime; col_padding=\u00a0\u00bb0&Prime; col_vertical_offset=\u00a0\u00bb0&Prime; col_horizontal_offset=\u00a0\u00bb0&Prime; col_custom_zindex=\u00a0\u00bb0&Prime; col_sm=\u00a0\u00bb12&Prime; simplified_controls=\u00a0\u00bbyes\u00a0\u00bb custom_css_percentage=\u00a0\u00bbno\u00a0\u00bb padding_vertical=\u00a0\u00bb0&Prime; padding_horizontal=\u00a0\u00bb0&Prime; margin_vertical=\u00a0\u00bb0&Prime; custom_css=\u00a0\u00bbmargin-top: 0px;margin-bottom: 0px;\u00a0\u00bb border_styling_global=\u00a0\u00bbdefault\u00a0\u00bb width=\u00a0\u00bb1\/1&Prime; el_position=\u00a0\u00bbfirst last\u00a0\u00bb] [spb_text_block animation=\u00a0\u00bbnone\u00a0\u00bb animation_delay=\u00a0\u00bb0&Prime; simplified_controls=\u00a0\u00bbyes\u00a0\u00bb custom_css_percentage=\u00a0\u00bbno\u00a0\u00bb padding_vertical=\u00a0\u00bb0&Prime; padding_horizontal=\u00a0\u00bb0&Prime; margin_vertical=\u00a0\u00bb0&Prime; custom_css=\u00a0\u00bbmargin-top: 0px;margin-bottom: 0px;\u00a0\u00bb border_size=\u00a0\u00bb0&Prime; border_styling_global=\u00a0\u00bbdefault\u00a0\u00bb width=\u00a0\u00bb3\/4&Prime; el_position=\u00a0\u00bbfirst\u00a0\u00bb] Gesti\u00f3n de Compras dispose des moyens n\u00e9cessaires pour [&hellip;]<\/p>\n","protected":false},"author":3,"featured_media":1343,"parent":7533,"menu_order":0,"comment_status":"closed","ping_status":"closed","template":"page-products-category.php","meta":{"footnotes":""},"yoast_head":"<!-- This site is optimized with the Yoast SEO plugin v22.4 - https:\/\/yoast.com\/wordpress\/plugins\/seo\/ -->\n<title>Pieces en plastique - Gesti\u00f3n De Compras<\/title>\n<meta name=\"description\" content=\"Gesti\u00f3n de Compras dispose des moyens n\u00e9cessaires pour la conception et production de toutes pi\u00e8ces plastique fabriqu\u00e9 par moulage par injection, extrusion, soufflage, rotomoulage etc.\" \/>\n<meta name=\"robots\" content=\"index, follow, max-snippet:-1, max-image-preview:large, max-video-preview:-1\" \/>\n<link rel=\"canonical\" href=\"https:\/\/wp.gestiondecompras.com\/fr\/produits\/pieces-en-plastique\/\" \/>\n<meta property=\"og:locale\" content=\"fr_FR\" \/>\n<meta property=\"og:type\" content=\"article\" \/>\n<meta property=\"og:title\" content=\"Pieces en plastique - Gesti\u00f3n De Compras\" \/>\n<meta property=\"og:description\" content=\"Gesti\u00f3n de Compras dispose des moyens n\u00e9cessaires pour la conception et production de toutes pi\u00e8ces plastique fabriqu\u00e9 par moulage par injection, extrusion, soufflage, rotomoulage etc.\" \/>\n<meta property=\"og:url\" content=\"https:\/\/wp.gestiondecompras.com\/fr\/produits\/pieces-en-plastique\/\" \/>\n<meta property=\"og:site_name\" content=\"Gesti\u00f3n De Compras\" \/>\n<meta property=\"article:modified_time\" content=\"2021-09-29T15:15:22+00:00\" \/>\n<meta property=\"og:image\" content=\"https:\/\/wp.gestiondecompras.com\/wp-content\/uploads\/2021\/05\/623.jpg\" \/>\n\t<meta property=\"og:image:width\" content=\"450\" \/>\n\t<meta property=\"og:image:height\" content=\"299\" \/>\n\t<meta property=\"og:image:type\" content=\"image\/jpeg\" \/>\n<meta name=\"twitter:card\" content=\"summary_large_image\" \/>\n<meta name=\"twitter:label1\" content=\"Dur\u00e9e de lecture estim\u00e9e\" \/>\n\t<meta name=\"twitter:data1\" content=\"5 minutes\" \/>\n<script type=\"application\/ld+json\" class=\"yoast-schema-graph\">{\"@context\":\"https:\/\/schema.org\",\"@graph\":[{\"@type\":\"WebPage\",\"@id\":\"https:\/\/wp.gestiondecompras.com\/fr\/produits\/pieces-en-plastique\/\",\"url\":\"https:\/\/wp.gestiondecompras.com\/fr\/produits\/pieces-en-plastique\/\",\"name\":\"Pieces en plastique - Gesti\u00f3n De Compras\",\"isPartOf\":{\"@id\":\"https:\/\/wp.gestiondecompras.com\/fr\/#website\"},\"primaryImageOfPage\":{\"@id\":\"https:\/\/wp.gestiondecompras.com\/fr\/produits\/pieces-en-plastique\/#primaryimage\"},\"image\":{\"@id\":\"https:\/\/wp.gestiondecompras.com\/fr\/produits\/pieces-en-plastique\/#primaryimage\"},\"thumbnailUrl\":\"https:\/\/wp.gestiondecompras.com\/wp-content\/uploads\/2021\/05\/623.jpg\",\"datePublished\":\"2021-05-10T15:41:40+00:00\",\"dateModified\":\"2021-09-29T15:15:22+00:00\",\"description\":\"Gesti\u00f3n de Compras dispose des moyens n\u00e9cessaires pour la conception et production de toutes pi\u00e8ces plastique fabriqu\u00e9 par moulage par injection, extrusion, soufflage, rotomoulage etc.\",\"breadcrumb\":{\"@id\":\"https:\/\/wp.gestiondecompras.com\/fr\/produits\/pieces-en-plastique\/#breadcrumb\"},\"inLanguage\":\"fr-FR\",\"potentialAction\":[{\"@type\":\"ReadAction\",\"target\":[\"https:\/\/wp.gestiondecompras.com\/fr\/produits\/pieces-en-plastique\/\"]}]},{\"@type\":\"ImageObject\",\"inLanguage\":\"fr-FR\",\"@id\":\"https:\/\/wp.gestiondecompras.com\/fr\/produits\/pieces-en-plastique\/#primaryimage\",\"url\":\"https:\/\/wp.gestiondecompras.com\/wp-content\/uploads\/2021\/05\/623.jpg\",\"contentUrl\":\"https:\/\/wp.gestiondecompras.com\/wp-content\/uploads\/2021\/05\/623.jpg\",\"width\":450,\"height\":299,\"caption\":\"piezas pl\u00e1sticas\"},{\"@type\":\"BreadcrumbList\",\"@id\":\"https:\/\/wp.gestiondecompras.com\/fr\/produits\/pieces-en-plastique\/#breadcrumb\",\"itemListElement\":[{\"@type\":\"ListItem\",\"position\":1,\"name\":\"Accueil\",\"item\":\"https:\/\/wp.gestiondecompras.com\/fr\/\"},{\"@type\":\"ListItem\",\"position\":2,\"name\":\"Produits\",\"item\":\"https:\/\/wp.gestiondecompras.com\/fr\/productos\/\"},{\"@type\":\"ListItem\",\"position\":3,\"name\":\"Pieces en plastique\"}]},{\"@type\":\"WebSite\",\"@id\":\"https:\/\/wp.gestiondecompras.com\/fr\/#website\",\"url\":\"https:\/\/wp.gestiondecompras.com\/fr\/\",\"name\":\"Gesti\u00f3n De Compras\",\"description\":\"Sourcing Internacional\",\"potentialAction\":[{\"@type\":\"SearchAction\",\"target\":{\"@type\":\"EntryPoint\",\"urlTemplate\":\"https:\/\/wp.gestiondecompras.com\/fr\/?s={search_term_string}\"},\"query-input\":\"required name=search_term_string\"}],\"inLanguage\":\"fr-FR\"}]}<\/script>\n<!-- \/ Yoast SEO plugin. -->","yoast_head_json":{"title":"Pieces en plastique - Gesti\u00f3n De Compras","description":"Gesti\u00f3n de Compras dispose des moyens n\u00e9cessaires pour la conception et production de toutes pi\u00e8ces plastique fabriqu\u00e9 par moulage par injection, extrusion, soufflage, rotomoulage etc.","robots":{"index":"index","follow":"follow","max-snippet":"max-snippet:-1","max-image-preview":"max-image-preview:large","max-video-preview":"max-video-preview:-1"},"canonical":"https:\/\/wp.gestiondecompras.com\/fr\/produits\/pieces-en-plastique\/","og_locale":"fr_FR","og_type":"article","og_title":"Pieces en plastique - Gesti\u00f3n De Compras","og_description":"Gesti\u00f3n de Compras dispose des moyens n\u00e9cessaires pour la conception et production de toutes pi\u00e8ces plastique fabriqu\u00e9 par moulage par injection, extrusion, soufflage, rotomoulage etc.","og_url":"https:\/\/wp.gestiondecompras.com\/fr\/produits\/pieces-en-plastique\/","og_site_name":"Gesti\u00f3n De Compras","article_modified_time":"2021-09-29T15:15:22+00:00","og_image":[{"width":450,"height":299,"url":"https:\/\/wp.gestiondecompras.com\/wp-content\/uploads\/2021\/05\/623.jpg","type":"image\/jpeg"}],"twitter_card":"summary_large_image","twitter_misc":{"Dur\u00e9e de lecture estim\u00e9e":"5 minutes"},"schema":{"@context":"https:\/\/schema.org","@graph":[{"@type":"WebPage","@id":"https:\/\/wp.gestiondecompras.com\/fr\/produits\/pieces-en-plastique\/","url":"https:\/\/wp.gestiondecompras.com\/fr\/produits\/pieces-en-plastique\/","name":"Pieces en plastique - Gesti\u00f3n De Compras","isPartOf":{"@id":"https:\/\/wp.gestiondecompras.com\/fr\/#website"},"primaryImageOfPage":{"@id":"https:\/\/wp.gestiondecompras.com\/fr\/produits\/pieces-en-plastique\/#primaryimage"},"image":{"@id":"https:\/\/wp.gestiondecompras.com\/fr\/produits\/pieces-en-plastique\/#primaryimage"},"thumbnailUrl":"https:\/\/wp.gestiondecompras.com\/wp-content\/uploads\/2021\/05\/623.jpg","datePublished":"2021-05-10T15:41:40+00:00","dateModified":"2021-09-29T15:15:22+00:00","description":"Gesti\u00f3n de Compras dispose des moyens n\u00e9cessaires pour la conception et production de toutes pi\u00e8ces plastique fabriqu\u00e9 par moulage par injection, extrusion, soufflage, rotomoulage etc.","breadcrumb":{"@id":"https:\/\/wp.gestiondecompras.com\/fr\/produits\/pieces-en-plastique\/#breadcrumb"},"inLanguage":"fr-FR","potentialAction":[{"@type":"ReadAction","target":["https:\/\/wp.gestiondecompras.com\/fr\/produits\/pieces-en-plastique\/"]}]},{"@type":"ImageObject","inLanguage":"fr-FR","@id":"https:\/\/wp.gestiondecompras.com\/fr\/produits\/pieces-en-plastique\/#primaryimage","url":"https:\/\/wp.gestiondecompras.com\/wp-content\/uploads\/2021\/05\/623.jpg","contentUrl":"https:\/\/wp.gestiondecompras.com\/wp-content\/uploads\/2021\/05\/623.jpg","width":450,"height":299,"caption":"piezas pl\u00e1sticas"},{"@type":"BreadcrumbList","@id":"https:\/\/wp.gestiondecompras.com\/fr\/produits\/pieces-en-plastique\/#breadcrumb","itemListElement":[{"@type":"ListItem","position":1,"name":"Accueil","item":"https:\/\/wp.gestiondecompras.com\/fr\/"},{"@type":"ListItem","position":2,"name":"Produits","item":"https:\/\/wp.gestiondecompras.com\/fr\/productos\/"},{"@type":"ListItem","position":3,"name":"Pieces en plastique"}]},{"@type":"WebSite","@id":"https:\/\/wp.gestiondecompras.com\/fr\/#website","url":"https:\/\/wp.gestiondecompras.com\/fr\/","name":"Gesti\u00f3n De Compras","description":"Sourcing Internacional","potentialAction":[{"@type":"SearchAction","target":{"@type":"EntryPoint","urlTemplate":"https:\/\/wp.gestiondecompras.com\/fr\/?s={search_term_string}"},"query-input":"required name=search_term_string"}],"inLanguage":"fr-FR"}]}},"_links":{"self":[{"href":"https:\/\/wp.gestiondecompras.com\/fr\/wp-json\/wp\/v2\/pages\/7601"}],"collection":[{"href":"https:\/\/wp.gestiondecompras.com\/fr\/wp-json\/wp\/v2\/pages"}],"about":[{"href":"https:\/\/wp.gestiondecompras.com\/fr\/wp-json\/wp\/v2\/types\/page"}],"author":[{"embeddable":true,"href":"https:\/\/wp.gestiondecompras.com\/fr\/wp-json\/wp\/v2\/users\/3"}],"replies":[{"embeddable":true,"href":"https:\/\/wp.gestiondecompras.com\/fr\/wp-json\/wp\/v2\/comments?post=7601"}],"version-history":[{"count":4,"href":"https:\/\/wp.gestiondecompras.com\/fr\/wp-json\/wp\/v2\/pages\/7601\/revisions"}],"predecessor-version":[{"id":7606,"href":"https:\/\/wp.gestiondecompras.com\/fr\/wp-json\/wp\/v2\/pages\/7601\/revisions\/7606"}],"up":[{"embeddable":true,"href":"https:\/\/wp.gestiondecompras.com\/fr\/wp-json\/wp\/v2\/pages\/7533"}],"wp:featuredmedia":[{"embeddable":true,"href":"https:\/\/wp.gestiondecompras.com\/fr\/wp-json\/wp\/v2\/media\/1343"}],"wp:attachment":[{"href":"https:\/\/wp.gestiondecompras.com\/fr\/wp-json\/wp\/v2\/media?parent=7601"}],"curies":[{"name":"wp","href":"https:\/\/api.w.org\/{rel}","templated":true}]}}