{"id":7595,"date":"2021-05-10T15:02:38","date_gmt":"2021-05-10T15:02:38","guid":{"rendered":"https:\/\/wp.gestiondecompras.com\/?page_id=7595"},"modified":"2021-11-09T11:58:41","modified_gmt":"2021-11-09T11:58:41","slug":"equipement-en-acier-chaudiere-et-accessoires-de-tuyauterie","status":"publish","type":"page","link":"https:\/\/wp.gestiondecompras.com\/fr\/produits\/equipement-en-acier-chaudiere-et-accessoires-de-tuyauterie\/","title":{"rendered":"Equipement en acier, chaudi\u00e8re et accessoires de tuyauterie"},"content":{"rendered":"[spb_row element_name=\u00a0\u00bbRow\u00a0\u00bb wrap_type=\u00a0\u00bbcontent-width\u00a0\u00bb parallax_image_height=\u00a0\u00bbcontent-height\u00a0\u00bb parallax_image_movement=\u00a0\u00bbfixed\u00a0\u00bb parallax_image_speed=\u00a0\u00bb0.5&Prime; bg_video_loop=\u00a0\u00bbyes\u00a0\u00bb parallax_video_height=\u00a0\u00bbwindow-height\u00a0\u00bb parallax_video_overlay=\u00a0\u00bbnone\u00a0\u00bb row_overlay_opacity=\u00a0\u00bb0&Prime; row_col_pos=\u00a0\u00bbdefault\u00a0\u00bb width=\u00a0\u00bb1\/1&Prime; el_position=\u00a0\u00bbfirst last\u00a0\u00bb] [spb_column col_sm=\u00a0\u00bb12&Prime; col_animation=\u00a0\u00bbnone\u00a0\u00bb col_animation_delay=\u00a0\u00bb0&Prime; col_bg_type=\u00a0\u00bbcover\u00a0\u00bb col_parallax_image_movement=\u00a0\u00bbfixed\u00a0\u00bb col_parallax_image_speed=\u00a0\u00bb0.5&Prime; col_padding=\u00a0\u00bb0&Prime; col_vertical_offset=\u00a0\u00bb0&Prime; col_horizontal_offset=\u00a0\u00bb0&Prime; col_custom_zindex=\u00a0\u00bb0&Prime; simplified_controls=\u00a0\u00bbyes\u00a0\u00bb custom_css_percentage=\u00a0\u00bbno\u00a0\u00bb padding_vertical=\u00a0\u00bb0&Prime; padding_horizontal=\u00a0\u00bb0&Prime; margin_vertical=\u00a0\u00bb0&Prime; custom_css=\u00a0\u00bbmargin-top: 0px;margin-bottom: 0px;\u00a0\u00bb border_styling_global=\u00a0\u00bbdefault\u00a0\u00bb width=\u00a0\u00bb1\/1&Prime; el_position=\u00a0\u00bbfirst last\u00a0\u00bb] [spb_text_block animation=\u00a0\u00bbnone\u00a0\u00bb animation_delay=\u00a0\u00bb0&Prime; simplified_controls=\u00a0\u00bbyes\u00a0\u00bb custom_css_percentage=\u00a0\u00bbno\u00a0\u00bb padding_vertical=\u00a0\u00bb0&Prime; padding_horizontal=\u00a0\u00bb0&Prime; margin_vertical=\u00a0\u00bb0&Prime; custom_css=\u00a0\u00bbmargin-top: 0px;margin-bottom: 0px;\u00a0\u00bb border_size=\u00a0\u00bb0&Prime; border_styling_global=\u00a0\u00bbdefault\u00a0\u00bb width=\u00a0\u00bb3\/4&Prime; el_position=\u00a0\u00bbfirst\u00a0\u00bb]\n<p>Gestion de Compras offre une vaste gamme d\u2019accessoires de tuyauterie: Brides (filetage, r\u00e9duit \u00e0 souder, aveugle \u2026); Vannes (papillon, boule, globe, de contr\u00f4le, anti-retour); Autres accessoires de tuyauterie (code, T, r\u00e9ducteurs \u2026)<\/p>\n[\/spb_text_block] [spb_text_block animation=\u00a0\u00bbnone\u00a0\u00bb animation_delay=\u00a0\u00bb0&Prime; simplified_controls=\u00a0\u00bbyes\u00a0\u00bb custom_css_percentage=\u00a0\u00bbno\u00a0\u00bb padding_vertical=\u00a0\u00bb0&Prime; padding_horizontal=\u00a0\u00bb0&Prime; margin_vertical=\u00a0\u00bb0&Prime; custom_css=\u00a0\u00bbmargin-top: 0px;margin-bottom: 0px;\u00a0\u00bb border_size=\u00a0\u00bb0&Prime; border_styling_global=\u00a0\u00bbdefault\u00a0\u00bb width=\u00a0\u00bb1\/4&Prime; el_position=\u00a0\u00bblast\u00a0\u00bb]\n\n[\/spb_text_block] [spb_text_block animation=\u00a0\u00bbnone\u00a0\u00bb animation_delay=\u00a0\u00bb0&Prime; simplified_controls=\u00a0\u00bbyes\u00a0\u00bb custom_css_percentage=\u00a0\u00bbno\u00a0\u00bb padding_vertical=\u00a0\u00bb0&Prime; padding_horizontal=\u00a0\u00bb0&Prime; margin_vertical=\u00a0\u00bb0&Prime; custom_css=\u00a0\u00bbmargin-top: 0px;margin-bottom: 0px;\u00a0\u00bb border_size=\u00a0\u00bb0&Prime; border_styling_global=\u00a0\u00bbdefault\u00a0\u00bb width=\u00a0\u00bb1\/1&Prime; el_position=\u00a0\u00bbfirst last\u00a0\u00bb]\n<hr style=\"background-color: #0098aa; height: 1px;\" \/>\n[\/spb_text_block] [\/spb_column] [\/spb_row] [spb_row element_name=\u00a0\u00bbRow\u00a0\u00bb wrap_type=\u00a0\u00bbcontent-width\u00a0\u00bb parallax_image_height=\u00a0\u00bbcontent-height\u00a0\u00bb parallax_image_movement=\u00a0\u00bbfixed\u00a0\u00bb parallax_image_speed=\u00a0\u00bb0.5&Prime; bg_video_loop=\u00a0\u00bbyes\u00a0\u00bb parallax_video_height=\u00a0\u00bbwindow-height\u00a0\u00bb parallax_video_overlay=\u00a0\u00bbnone\u00a0\u00bb row_overlay_opacity=\u00a0\u00bb0&Prime; row_col_pos=\u00a0\u00bbdefault\u00a0\u00bb width=\u00a0\u00bb1\/1&Prime; el_position=\u00a0\u00bbfirst last\u00a0\u00bb] [spb_text_block animation=\u00a0\u00bbnone\u00a0\u00bb animation_delay=\u00a0\u00bb0&Prime; simplified_controls=\u00a0\u00bbyes\u00a0\u00bb custom_css_percentage=\u00a0\u00bbno\u00a0\u00bb padding_vertical=\u00a0\u00bb0&Prime; padding_horizontal=\u00a0\u00bb0&Prime; margin_vertical=\u00a0\u00bb0&Prime; custom_css=\u00a0\u00bbmargin-top: 0px;margin-bottom: 0px;\u00a0\u00bb border_size=\u00a0\u00bb0&Prime; border_styling_global=\u00a0\u00bbdefault\u00a0\u00bb width=\u00a0\u00bb1\/1&Prime; el_position=\u00a0\u00bbfirst last\u00a0\u00bb]\n<h2 style=\"text-align: center;\"><strong>Produits<\/strong><\/h2>\n<div class=\"horizontal-break bold\" style=\"background-color: #666d78; width: 100px\"> <\/div>\n[\/spb_text_block] [spb_boxed_content type=\u00a0\u00bbcoloured\u00a0\u00bb box_link_target=\u00a0\u00bb_self\u00a0\u00bb padding_vertical=\u00a0\u00bb0&Prime; padding_horizontal=\u00a0\u00bb0&Prime; width=\u00a0\u00bb1\/1&Prime; el_position=\u00a0\u00bbfirst last\u00a0\u00bb]\n<p style=\"text-align: justify;\"><i>\u00a0<\/i>Principalement les secteurs de l&rsquo;industrie et de la construction, n\u00e9cessitent un grand nombre de pi\u00e8ces pour les chaudi\u00e8res et des tubes. Des pi\u00e8ces comme les robinets, raccords, vannes, etc.<\/p>\n[\/spb_boxed_content] [spb_icon_box title=\u00a0\u00bbBrides\u00a0\u00bb box_type=\u00a0\u00bbstandard-title\u00a0\u00bb box_icon_type=\u00a0\u00bbcharacter\u00a0\u00bb character=\u00a0\u00bb\u00b7\u00a0\u00bb animate_svg=\u00a0\u00bbno\u00a0\u00bb target=\u00a0\u00bb_self\u00a0\u00bb animation=\u00a0\u00bbnone\u00a0\u00bb animation_delay=\u00a0\u00bb0&Prime; animated_box_style=\u00a0\u00bbcoloured\u00a0\u00bb animated_box_rounded=\u00a0\u00bbyes\u00a0\u00bb width=\u00a0\u00bb1\/3&Prime; el_position=\u00a0\u00bbfirst\u00a0\u00bb]\n<p style=\"text-align: justify;\">Les brides sont des pi\u00e8ces responsables pour maintenir unis deux composantes de la m\u00eame canalisation ou syst\u00e8me tuyauterie. Les brides se composent de quatre parties essentielles: surface, le cou, les ailes et diam\u00e8tre du boulon. Selon le sch\u00e9ma, une bride est d&rsquo;un type concret ou autre. Les plus communes sont: des brides pleines, des brides \u00e0 collerette \u00e0 souder et brides filet\u00e9es. Ils sont fabriqu\u00e9s principalement en acier au carbone ou en acier inoxydable, acier alli\u00e9, parmi autres.<\/p>\n[\/spb_icon_box] [spb_icon_box title=\u00a0\u00bbVannes\u00a0\u00bb box_type=\u00a0\u00bbstandard-title\u00a0\u00bb box_icon_type=\u00a0\u00bbcharacter\u00a0\u00bb character=\u00a0\u00bb\u00b7\u00a0\u00bb animate_svg=\u00a0\u00bbno\u00a0\u00bb target=\u00a0\u00bb_self\u00a0\u00bb animation=\u00a0\u00bbnone\u00a0\u00bb animation_delay=\u00a0\u00bb0&Prime; animated_box_style=\u00a0\u00bbcoloured\u00a0\u00bb animated_box_rounded=\u00a0\u00bbyes\u00a0\u00bb width=\u00a0\u00bb1\/3&Prime;]\n<p style=\"text-align: justify;\">Les vannes ont pour fonction de r\u00e9guler l&rsquo;entr\u00e9e et la sortie d&rsquo;un \u00e9l\u00e9ment ou d&rsquo;un fluide d&rsquo;un endroit \u00e0 un autre par une machine. Ils sont fabriqu\u00e9s en laiton ou en acier inoxydable, et il existe plusieurs types. Vannes \u00e0 membrane sont de type anti-retour. Autrement dit, le fluide a un seul sens. La vanne d&rsquo;arr\u00eat s&rsquo;ouvre et se ferme en raison d&rsquo;une clavette plac\u00e9e \u00e0 l&rsquo;int\u00e9rieur. Vanne \u00e0 clapet r\u00e9gule la quantit\u00e9 de fluide<\/p>\n[\/spb_icon_box] [spb_icon_box title=\u00a0\u00bbTubes\u00a0\u00bb box_type=\u00a0\u00bbstandard-title\u00a0\u00bb box_icon_type=\u00a0\u00bbcharacter\u00a0\u00bb character=\u00a0\u00bb\u00b7\u00a0\u00bb animate_svg=\u00a0\u00bbno\u00a0\u00bb target=\u00a0\u00bb_self\u00a0\u00bb animation=\u00a0\u00bbnone\u00a0\u00bb animation_delay=\u00a0\u00bb0&Prime; animated_box_style=\u00a0\u00bbcoloured\u00a0\u00bb animated_box_rounded=\u00a0\u00bbyes\u00a0\u00bb width=\u00a0\u00bb1\/3&Prime; el_position=\u00a0\u00bblast\u00a0\u00bb]\n<p style=\"text-align: justify;\">Certains tubes ont besoin de plusieurs accessoires tels que codes, des raccords etc&#8230; Ces accessoires sont en acier au carbone et acier inoxydable. Selon la mati\u00e8re du tube (acier, ciment, fonte \u2026) et les besoins, on utilise un suppl\u00e9ment ou autre.<\/p>\n[\/spb_icon_box] [spb_blank_spacer height=\u00a0\u00bb15px\u00a0\u00bb width=\u00a0\u00bb1\/1&Prime; el_position=\u00a0\u00bbfirst last\u00a0\u00bb] [spb_boxed_content type=\u00a0\u00bbcoloured\u00a0\u00bb box_link_target=\u00a0\u00bb_self\u00a0\u00bb padding_vertical=\u00a0\u00bb0&Prime; padding_horizontal=\u00a0\u00bb0&Prime; width=\u00a0\u00bb1\/1&Prime; el_position=\u00a0\u00bbfirst last\u00a0\u00bb]\n<p style=\"text-align: justify;\"><span class=\"VIiyi\" lang=\"fr\"><span class=\"JLqJ4b ChMk0b\" data-language-for-alternatives=\"fr\" data-language-to-translate-into=\"en\" data-phrase-index=\"0\">En outre, Gesti\u00f3n de Compras fournit \u00e9galement des \u00e9lectrodes en graphite, qui sont principalement utilis\u00e9es dans la production d&rsquo;acier secondaire et dans d&rsquo;autres applications suppl\u00e9mentaires telles que les produits de dissolution dans les fours de fusion, les m\u00e9taux non ferreux, les c\u00e9ramiques et le recyclage ainsi que la production d&rsquo;hydrog\u00e8ne \u00e0 usages multiples dans l&rsquo;industrie.<\/span><\/span><\/p>\n[\/spb_boxed_content] [\/spb_row]\n","protected":false},"excerpt":{"rendered":"<p>[spb_row element_name=\u00a0\u00bbRow\u00a0\u00bb wrap_type=\u00a0\u00bbcontent-width\u00a0\u00bb parallax_image_height=\u00a0\u00bbcontent-height\u00a0\u00bb parallax_image_movement=\u00a0\u00bbfixed\u00a0\u00bb parallax_image_speed=\u00a0\u00bb0.5&Prime; bg_video_loop=\u00a0\u00bbyes\u00a0\u00bb parallax_video_height=\u00a0\u00bbwindow-height\u00a0\u00bb parallax_video_overlay=\u00a0\u00bbnone\u00a0\u00bb row_overlay_opacity=\u00a0\u00bb0&Prime; row_col_pos=\u00a0\u00bbdefault\u00a0\u00bb width=\u00a0\u00bb1\/1&Prime; el_position=\u00a0\u00bbfirst last\u00a0\u00bb] [spb_column col_sm=\u00a0\u00bb12&Prime; col_animation=\u00a0\u00bbnone\u00a0\u00bb col_animation_delay=\u00a0\u00bb0&Prime; col_bg_type=\u00a0\u00bbcover\u00a0\u00bb col_parallax_image_movement=\u00a0\u00bbfixed\u00a0\u00bb col_parallax_image_speed=\u00a0\u00bb0.5&Prime; col_padding=\u00a0\u00bb0&Prime; col_vertical_offset=\u00a0\u00bb0&Prime; col_horizontal_offset=\u00a0\u00bb0&Prime; col_custom_zindex=\u00a0\u00bb0&Prime; simplified_controls=\u00a0\u00bbyes\u00a0\u00bb custom_css_percentage=\u00a0\u00bbno\u00a0\u00bb padding_vertical=\u00a0\u00bb0&Prime; padding_horizontal=\u00a0\u00bb0&Prime; margin_vertical=\u00a0\u00bb0&Prime; custom_css=\u00a0\u00bbmargin-top: 0px;margin-bottom: 0px;\u00a0\u00bb border_styling_global=\u00a0\u00bbdefault\u00a0\u00bb width=\u00a0\u00bb1\/1&Prime; el_position=\u00a0\u00bbfirst last\u00a0\u00bb] [spb_text_block animation=\u00a0\u00bbnone\u00a0\u00bb animation_delay=\u00a0\u00bb0&Prime; simplified_controls=\u00a0\u00bbyes\u00a0\u00bb custom_css_percentage=\u00a0\u00bbno\u00a0\u00bb padding_vertical=\u00a0\u00bb0&Prime; padding_horizontal=\u00a0\u00bb0&Prime; margin_vertical=\u00a0\u00bb0&Prime; custom_css=\u00a0\u00bbmargin-top: 0px;margin-bottom: 0px;\u00a0\u00bb border_size=\u00a0\u00bb0&Prime; border_styling_global=\u00a0\u00bbdefault\u00a0\u00bb width=\u00a0\u00bb3\/4&Prime; el_position=\u00a0\u00bbfirst\u00a0\u00bb] Gestion de Compras offre une vaste gamme d\u2019accessoires [&hellip;]<\/p>\n","protected":false},"author":3,"featured_media":7218,"parent":7533,"menu_order":0,"comment_status":"closed","ping_status":"closed","template":"page-products-category.php","meta":{"footnotes":""},"yoast_head":"<!-- This site is optimized with the Yoast SEO plugin v22.4 - https:\/\/yoast.com\/wordpress\/plugins\/seo\/ -->\n<title>Equipement en acier, chaudi\u00e8re et accessoires de tuyauterie - Gesti\u00f3n De Compras<\/title>\n<meta name=\"description\" content=\"Gestion de Compras offre une vaste gamme d\u2019accessoires de tuyauterie: Brides (filetage, r\u00e9duit \u00e0 souder, aveugle \u2026); Vannes (papillon, boule, globe, de contr\u00f4le, anti-retour); Autres accessoires de tuyauterie (code, T, r\u00e9ducteurs \u2026)\" \/>\n<meta name=\"robots\" content=\"index, follow, max-snippet:-1, max-image-preview:large, max-video-preview:-1\" \/>\n<link rel=\"canonical\" href=\"https:\/\/wp.gestiondecompras.com\/fr\/produits\/equipement-en-acier-chaudiere-et-accessoires-de-tuyauterie\/\" \/>\n<meta property=\"og:locale\" content=\"fr_FR\" \/>\n<meta property=\"og:type\" content=\"article\" \/>\n<meta property=\"og:title\" content=\"Equipement en acier, chaudi\u00e8re et accessoires de tuyauterie - Gesti\u00f3n De Compras\" \/>\n<meta property=\"og:description\" content=\"Gestion de Compras offre une vaste gamme d\u2019accessoires de tuyauterie: Brides (filetage, r\u00e9duit \u00e0 souder, aveugle \u2026); Vannes (papillon, boule, globe, de contr\u00f4le, anti-retour); Autres accessoires de tuyauterie (code, T, r\u00e9ducteurs \u2026)\" \/>\n<meta property=\"og:url\" content=\"https:\/\/wp.gestiondecompras.com\/fr\/produits\/equipement-en-acier-chaudiere-et-accessoires-de-tuyauterie\/\" \/>\n<meta property=\"og:site_name\" content=\"Gesti\u00f3n De Compras\" \/>\n<meta property=\"article:modified_time\" content=\"2021-11-09T11:58:41+00:00\" \/>\n<meta property=\"og:image\" content=\"https:\/\/wp.gestiondecompras.com\/wp-content\/uploads\/2021\/09\/accesorios-de-tuberia.jpg\" \/>\n\t<meta property=\"og:image:width\" content=\"1200\" \/>\n\t<meta property=\"og:image:height\" content=\"800\" \/>\n\t<meta property=\"og:image:type\" content=\"image\/jpeg\" \/>\n<meta name=\"twitter:card\" content=\"summary_large_image\" \/>\n<meta name=\"twitter:label1\" content=\"Dur\u00e9e de lecture estim\u00e9e\" \/>\n\t<meta name=\"twitter:data1\" content=\"4 minutes\" \/>\n<script type=\"application\/ld+json\" class=\"yoast-schema-graph\">{\"@context\":\"https:\/\/schema.org\",\"@graph\":[{\"@type\":\"WebPage\",\"@id\":\"https:\/\/wp.gestiondecompras.com\/fr\/produits\/equipement-en-acier-chaudiere-et-accessoires-de-tuyauterie\/\",\"url\":\"https:\/\/wp.gestiondecompras.com\/fr\/produits\/equipement-en-acier-chaudiere-et-accessoires-de-tuyauterie\/\",\"name\":\"Equipement en acier, chaudi\u00e8re et accessoires de tuyauterie - Gesti\u00f3n De Compras\",\"isPartOf\":{\"@id\":\"https:\/\/wp.gestiondecompras.com\/fr\/#website\"},\"primaryImageOfPage\":{\"@id\":\"https:\/\/wp.gestiondecompras.com\/fr\/produits\/equipement-en-acier-chaudiere-et-accessoires-de-tuyauterie\/#primaryimage\"},\"image\":{\"@id\":\"https:\/\/wp.gestiondecompras.com\/fr\/produits\/equipement-en-acier-chaudiere-et-accessoires-de-tuyauterie\/#primaryimage\"},\"thumbnailUrl\":\"https:\/\/wp.gestiondecompras.com\/wp-content\/uploads\/2021\/09\/accesorios-de-tuberia.jpg\",\"datePublished\":\"2021-05-10T15:02:38+00:00\",\"dateModified\":\"2021-11-09T11:58:41+00:00\",\"description\":\"Gestion de Compras offre une vaste gamme d\u2019accessoires de tuyauterie: Brides (filetage, r\u00e9duit \u00e0 souder, aveugle \u2026); Vannes (papillon, boule, globe, de contr\u00f4le, anti-retour); Autres accessoires de tuyauterie (code, T, r\u00e9ducteurs \u2026)\",\"breadcrumb\":{\"@id\":\"https:\/\/wp.gestiondecompras.com\/fr\/produits\/equipement-en-acier-chaudiere-et-accessoires-de-tuyauterie\/#breadcrumb\"},\"inLanguage\":\"fr-FR\",\"potentialAction\":[{\"@type\":\"ReadAction\",\"target\":[\"https:\/\/wp.gestiondecompras.com\/fr\/produits\/equipement-en-acier-chaudiere-et-accessoires-de-tuyauterie\/\"]}]},{\"@type\":\"ImageObject\",\"inLanguage\":\"fr-FR\",\"@id\":\"https:\/\/wp.gestiondecompras.com\/fr\/produits\/equipement-en-acier-chaudiere-et-accessoires-de-tuyauterie\/#primaryimage\",\"url\":\"https:\/\/wp.gestiondecompras.com\/wp-content\/uploads\/2021\/09\/accesorios-de-tuberia.jpg\",\"contentUrl\":\"https:\/\/wp.gestiondecompras.com\/wp-content\/uploads\/2021\/09\/accesorios-de-tuberia.jpg\",\"width\":1200,\"height\":800,\"caption\":\"accesorios de tuberia\"},{\"@type\":\"BreadcrumbList\",\"@id\":\"https:\/\/wp.gestiondecompras.com\/fr\/produits\/equipement-en-acier-chaudiere-et-accessoires-de-tuyauterie\/#breadcrumb\",\"itemListElement\":[{\"@type\":\"ListItem\",\"position\":1,\"name\":\"Accueil\",\"item\":\"https:\/\/wp.gestiondecompras.com\/fr\/\"},{\"@type\":\"ListItem\",\"position\":2,\"name\":\"Produits\",\"item\":\"https:\/\/wp.gestiondecompras.com\/fr\/productos\/\"},{\"@type\":\"ListItem\",\"position\":3,\"name\":\"Equipement en acier, chaudi\u00e8re et accessoires de tuyauterie\"}]},{\"@type\":\"WebSite\",\"@id\":\"https:\/\/wp.gestiondecompras.com\/fr\/#website\",\"url\":\"https:\/\/wp.gestiondecompras.com\/fr\/\",\"name\":\"Gesti\u00f3n De Compras\",\"description\":\"Sourcing Internacional\",\"potentialAction\":[{\"@type\":\"SearchAction\",\"target\":{\"@type\":\"EntryPoint\",\"urlTemplate\":\"https:\/\/wp.gestiondecompras.com\/fr\/?s={search_term_string}\"},\"query-input\":\"required name=search_term_string\"}],\"inLanguage\":\"fr-FR\"}]}<\/script>\n<!-- \/ Yoast SEO plugin. -->","yoast_head_json":{"title":"Equipement en acier, chaudi\u00e8re et accessoires de tuyauterie - Gesti\u00f3n De Compras","description":"Gestion de Compras offre une vaste gamme d\u2019accessoires de tuyauterie: Brides (filetage, r\u00e9duit \u00e0 souder, aveugle \u2026); Vannes (papillon, boule, globe, de contr\u00f4le, anti-retour); Autres accessoires de tuyauterie (code, T, r\u00e9ducteurs \u2026)","robots":{"index":"index","follow":"follow","max-snippet":"max-snippet:-1","max-image-preview":"max-image-preview:large","max-video-preview":"max-video-preview:-1"},"canonical":"https:\/\/wp.gestiondecompras.com\/fr\/produits\/equipement-en-acier-chaudiere-et-accessoires-de-tuyauterie\/","og_locale":"fr_FR","og_type":"article","og_title":"Equipement en acier, chaudi\u00e8re et accessoires de tuyauterie - Gesti\u00f3n De Compras","og_description":"Gestion de Compras offre une vaste gamme d\u2019accessoires de tuyauterie: Brides (filetage, r\u00e9duit \u00e0 souder, aveugle \u2026); Vannes (papillon, boule, globe, de contr\u00f4le, anti-retour); Autres accessoires de tuyauterie (code, T, r\u00e9ducteurs \u2026)","og_url":"https:\/\/wp.gestiondecompras.com\/fr\/produits\/equipement-en-acier-chaudiere-et-accessoires-de-tuyauterie\/","og_site_name":"Gesti\u00f3n De Compras","article_modified_time":"2021-11-09T11:58:41+00:00","og_image":[{"width":1200,"height":800,"url":"https:\/\/wp.gestiondecompras.com\/wp-content\/uploads\/2021\/09\/accesorios-de-tuberia.jpg","type":"image\/jpeg"}],"twitter_card":"summary_large_image","twitter_misc":{"Dur\u00e9e de lecture estim\u00e9e":"4 minutes"},"schema":{"@context":"https:\/\/schema.org","@graph":[{"@type":"WebPage","@id":"https:\/\/wp.gestiondecompras.com\/fr\/produits\/equipement-en-acier-chaudiere-et-accessoires-de-tuyauterie\/","url":"https:\/\/wp.gestiondecompras.com\/fr\/produits\/equipement-en-acier-chaudiere-et-accessoires-de-tuyauterie\/","name":"Equipement en acier, chaudi\u00e8re et accessoires de tuyauterie - Gesti\u00f3n De Compras","isPartOf":{"@id":"https:\/\/wp.gestiondecompras.com\/fr\/#website"},"primaryImageOfPage":{"@id":"https:\/\/wp.gestiondecompras.com\/fr\/produits\/equipement-en-acier-chaudiere-et-accessoires-de-tuyauterie\/#primaryimage"},"image":{"@id":"https:\/\/wp.gestiondecompras.com\/fr\/produits\/equipement-en-acier-chaudiere-et-accessoires-de-tuyauterie\/#primaryimage"},"thumbnailUrl":"https:\/\/wp.gestiondecompras.com\/wp-content\/uploads\/2021\/09\/accesorios-de-tuberia.jpg","datePublished":"2021-05-10T15:02:38+00:00","dateModified":"2021-11-09T11:58:41+00:00","description":"Gestion de Compras offre une vaste gamme d\u2019accessoires de tuyauterie: Brides (filetage, r\u00e9duit \u00e0 souder, aveugle \u2026); Vannes (papillon, boule, globe, de contr\u00f4le, anti-retour); Autres accessoires de tuyauterie (code, T, r\u00e9ducteurs \u2026)","breadcrumb":{"@id":"https:\/\/wp.gestiondecompras.com\/fr\/produits\/equipement-en-acier-chaudiere-et-accessoires-de-tuyauterie\/#breadcrumb"},"inLanguage":"fr-FR","potentialAction":[{"@type":"ReadAction","target":["https:\/\/wp.gestiondecompras.com\/fr\/produits\/equipement-en-acier-chaudiere-et-accessoires-de-tuyauterie\/"]}]},{"@type":"ImageObject","inLanguage":"fr-FR","@id":"https:\/\/wp.gestiondecompras.com\/fr\/produits\/equipement-en-acier-chaudiere-et-accessoires-de-tuyauterie\/#primaryimage","url":"https:\/\/wp.gestiondecompras.com\/wp-content\/uploads\/2021\/09\/accesorios-de-tuberia.jpg","contentUrl":"https:\/\/wp.gestiondecompras.com\/wp-content\/uploads\/2021\/09\/accesorios-de-tuberia.jpg","width":1200,"height":800,"caption":"accesorios de tuberia"},{"@type":"BreadcrumbList","@id":"https:\/\/wp.gestiondecompras.com\/fr\/produits\/equipement-en-acier-chaudiere-et-accessoires-de-tuyauterie\/#breadcrumb","itemListElement":[{"@type":"ListItem","position":1,"name":"Accueil","item":"https:\/\/wp.gestiondecompras.com\/fr\/"},{"@type":"ListItem","position":2,"name":"Produits","item":"https:\/\/wp.gestiondecompras.com\/fr\/productos\/"},{"@type":"ListItem","position":3,"name":"Equipement en acier, chaudi\u00e8re et accessoires de tuyauterie"}]},{"@type":"WebSite","@id":"https:\/\/wp.gestiondecompras.com\/fr\/#website","url":"https:\/\/wp.gestiondecompras.com\/fr\/","name":"Gesti\u00f3n De Compras","description":"Sourcing Internacional","potentialAction":[{"@type":"SearchAction","target":{"@type":"EntryPoint","urlTemplate":"https:\/\/wp.gestiondecompras.com\/fr\/?s={search_term_string}"},"query-input":"required name=search_term_string"}],"inLanguage":"fr-FR"}]}},"_links":{"self":[{"href":"https:\/\/wp.gestiondecompras.com\/fr\/wp-json\/wp\/v2\/pages\/7595"}],"collection":[{"href":"https:\/\/wp.gestiondecompras.com\/fr\/wp-json\/wp\/v2\/pages"}],"about":[{"href":"https:\/\/wp.gestiondecompras.com\/fr\/wp-json\/wp\/v2\/types\/page"}],"author":[{"embeddable":true,"href":"https:\/\/wp.gestiondecompras.com\/fr\/wp-json\/wp\/v2\/users\/3"}],"replies":[{"embeddable":true,"href":"https:\/\/wp.gestiondecompras.com\/fr\/wp-json\/wp\/v2\/comments?post=7595"}],"version-history":[{"count":6,"href":"https:\/\/wp.gestiondecompras.com\/fr\/wp-json\/wp\/v2\/pages\/7595\/revisions"}],"predecessor-version":[{"id":10518,"href":"https:\/\/wp.gestiondecompras.com\/fr\/wp-json\/wp\/v2\/pages\/7595\/revisions\/10518"}],"up":[{"embeddable":true,"href":"https:\/\/wp.gestiondecompras.com\/fr\/wp-json\/wp\/v2\/pages\/7533"}],"wp:featuredmedia":[{"embeddable":true,"href":"https:\/\/wp.gestiondecompras.com\/fr\/wp-json\/wp\/v2\/media\/7218"}],"wp:attachment":[{"href":"https:\/\/wp.gestiondecompras.com\/fr\/wp-json\/wp\/v2\/media?parent=7595"}],"curies":[{"name":"wp","href":"https:\/\/api.w.org\/{rel}","templated":true}]}}