{"id":7467,"date":"2021-04-29T10:58:26","date_gmt":"2021-04-29T10:58:26","guid":{"rendered":"https:\/\/wp.gestiondecompras.com\/?page_id=7467"},"modified":"2022-03-16T12:03:33","modified_gmt":"2022-03-16T12:03:33","slug":"carrieres","status":"publish","type":"page","link":"https:\/\/wp.gestiondecompras.com\/fr\/carrieres\/","title":{"rendered":"Carri\u00e8res"},"content":{"rendered":"[spb_row element_name=\u00a0\u00bbRow\u00a0\u00bb wrap_type=\u00a0\u00bbcontent-width\u00a0\u00bb parallax_image_height=\u00a0\u00bbcontent-height\u00a0\u00bb parallax_image_movement=\u00a0\u00bbfixed\u00a0\u00bb parallax_image_speed=\u00a0\u00bb0.5&Prime; bg_video_loop=\u00a0\u00bbyes\u00a0\u00bb parallax_video_height=\u00a0\u00bbwindow-height\u00a0\u00bb parallax_video_overlay=\u00a0\u00bbnone\u00a0\u00bb row_overlay_opacity=\u00a0\u00bb0&Prime; row_col_pos=\u00a0\u00bbdefault\u00a0\u00bb width=\u00a0\u00bb1\/1&Prime; el_position=\u00a0\u00bbfirst last\u00a0\u00bb] [spb_blank_spacer height=\u00a0\u00bb30px\u00a0\u00bb width=\u00a0\u00bb1\/1&Prime; el_position=\u00a0\u00bbfirst last\u00a0\u00bb] [spb_text_block animation=\u00a0\u00bbnone\u00a0\u00bb animation_delay=\u00a0\u00bb0&Prime; simplified_controls=\u00a0\u00bbyes\u00a0\u00bb custom_css_percentage=\u00a0\u00bbno\u00a0\u00bb padding_vertical=\u00a0\u00bb0&Prime; padding_horizontal=\u00a0\u00bb0&Prime; margin_vertical=\u00a0\u00bb0&Prime; custom_css=\u00a0\u00bbmargin-top: 0px;margin-bottom: 0px;\u00a0\u00bb border_size=\u00a0\u00bb0&Prime; border_styling_global=\u00a0\u00bbdefault\u00a0\u00bb width=\u00a0\u00bb1\/1&Prime; el_position=\u00a0\u00bbfirst last\u00a0\u00bb]\n<div class=\"content\">\n<section class=\"row \">\n<div class=\"spb_content_element col-sm-12 spb_text_column\">\n<div class=\"spb-asset-content\">\n<div class=\"content\">\n<p style=\"text-align: justify;\">Nous sommes une entreprise d&rsquo;Albacete d\u00e9di\u00e9e \u00e0 la sous-traitance industrielle, avec plus de 15 ans d&rsquo;exp\u00e9rience dans le secteur de l&rsquo;importation, et des processus tels que : frittage, tournage, forge \u00e0 chaud, moules d&rsquo;injection plastique,\u2026<\/p>\n<p style=\"text-align: justify;\">Notre objectif principal est d&rsquo;am\u00e9liorer les proc\u00e9dures de n\u00e9gociation, ainsi que les co\u00fbts d&rsquo;acquisition des entreprises.<\/p>\n<p style=\"text-align: justify;\">Avec l&rsquo;intention de continuer \u00e0 grandir, nous recherchons un professionnel qui a de l&rsquo;exp\u00e9rience et une vision d&rsquo;avenir, pour contribuer au d\u00e9veloppement de l&rsquo;entreprise sur le march\u00e9 international.<\/p>\n<\/div>\n<\/div>\n<\/div>\n<\/section>\n<section class=\"row \"><\/section>\n<\/div>\n[\/spb_text_block] [spb_blank_spacer height=\u00a0\u00bb30px\u00a0\u00bb width=\u00a0\u00bb1\/1&Prime; el_position=\u00a0\u00bbfirst last\u00a0\u00bb] [spb_boxed_content type=\u00a0\u00bbcoloured\u00a0\u00bb box_link_target=\u00a0\u00bb_self\u00a0\u00bb padding_vertical=\u00a0\u00bb0&Prime; padding_horizontal=\u00a0\u00bb0&Prime; width=\u00a0\u00bb1\/1&Prime; el_position=\u00a0\u00bbfirst last\u00a0\u00bb]\n<h2 id=\"tw-target-text\" class=\"tw-data-text tw-text-large XcVN5d tw-ta\" dir=\"ltr\" style=\"text-align: center;\" data-placeholder=\"Traducci\u00f3n\"><strong><span class=\"Y2IQFc\" lang=\"en\">profils demand\u00e9s<\/span><\/strong><\/h2>\n<div class=\"horizontal-break bold\" style=\"background-color: #666d78; width: 100px\"> <\/div>\n[\/spb_boxed_content] [\/spb_row] [spb_row element_name=\u00a0\u00bbRow\u00a0\u00bb wrap_type=\u00a0\u00bbcontent-width\u00a0\u00bb parallax_image_height=\u00a0\u00bbcontent-height\u00a0\u00bb parallax_image_movement=\u00a0\u00bbfixed\u00a0\u00bb parallax_image_speed=\u00a0\u00bb0.5&Prime; bg_video_loop=\u00a0\u00bbyes\u00a0\u00bb parallax_video_height=\u00a0\u00bbwindow-height\u00a0\u00bb parallax_video_overlay=\u00a0\u00bbnone\u00a0\u00bb row_overlay_opacity=\u00a0\u00bb0&Prime; row_col_pos=\u00a0\u00bbdefault\u00a0\u00bb width=\u00a0\u00bb1\/1&Prime; el_position=\u00a0\u00bbfirst last\u00a0\u00bb] [spb_column col_sm=\u00a0\u00bb6&Prime; padding_horizontal=\u00a0\u00bb0&Prime; width=\u00a0\u00bb1\/2&Prime; el_position=\u00a0\u00bbfirst\u00a0\u00bb] [spb_boxed_content type=\u00a0\u00bbcoloured\u00a0\u00bb box_link_target=\u00a0\u00bb_self\u00a0\u00bb padding_vertical=\u00a0\u00bb0&Prime; padding_horizontal=\u00a0\u00bb0&Prime; width=\u00a0\u00bb1\/1&Prime; el_position=\u00a0\u00bbfirst last\u00a0\u00bb]\n<p><img loading=\"lazy\" decoding=\"async\" class=\"aligncenter wp-image-12632 size-full\" src=\"https:\/\/wp.gestiondecompras.com\/wp-content\/uploads\/2022\/03\/ingenieros.jpg\" alt=\"ingenieros\" width=\"1280\" height=\"853\" srcset=\"https:\/\/wp.gestiondecompras.com\/wp-content\/uploads\/2022\/03\/ingenieros.jpg 1280w, https:\/\/wp.gestiondecompras.com\/wp-content\/uploads\/2022\/03\/ingenieros-300x200.jpg 300w, https:\/\/wp.gestiondecompras.com\/wp-content\/uploads\/2022\/03\/ingenieros-1024x682.jpg 1024w, https:\/\/wp.gestiondecompras.com\/wp-content\/uploads\/2022\/03\/ingenieros-768x512.jpg 768w\" sizes=\"(max-width: 1280px) 100vw, 1280px\" \/><\/p>\n<h3 class=\"caption-title\" style=\"text-align: center;\"><span class=\"VIiyi\" lang=\"fr\"><span class=\"JLqJ4b ChMk0b\" data-language-for-alternatives=\"fr\" data-language-to-translate-into=\"es\" data-phrase-index=\"0\" data-number-of-phrases=\"1\">Ing\u00e9nieurs industriels au Mexique, en Colombie, au Chili et au Br\u00e9sil<\/span><\/span><\/h3>\n[\/spb_boxed_content] [\/spb_column] [spb_column col_sm=\u00a0\u00bb6&Prime; padding_horizontal=\u00a0\u00bb0&Prime; width=\u00a0\u00bb1\/2&Prime; el_position=\u00a0\u00bblast\u00a0\u00bb] [spb_boxed_content type=\u00a0\u00bbcoloured\u00a0\u00bb box_link_target=\u00a0\u00bb_self\u00a0\u00bb padding_vertical=\u00a0\u00bb0&Prime; padding_horizontal=\u00a0\u00bb0&Prime; width=\u00a0\u00bb1\/1&Prime; el_position=\u00a0\u00bbfirst last\u00a0\u00bb]\n<p><img loading=\"lazy\" decoding=\"async\" class=\"aligncenter wp-image-315 size-full\" src=\"https:\/\/wp.gestiondecompras.com\/wp-content\/uploads\/2021\/04\/asistencia-en-visitas-a-proveedores..jpg\" alt=\"empleo\" width=\"640\" height=\"426\" srcset=\"https:\/\/wp.gestiondecompras.com\/wp-content\/uploads\/2021\/04\/asistencia-en-visitas-a-proveedores..jpg 640w, https:\/\/wp.gestiondecompras.com\/wp-content\/uploads\/2021\/04\/asistencia-en-visitas-a-proveedores.-300x200.jpg 300w\" sizes=\"(max-width: 640px) 100vw, 640px\" \/><\/p>\n<h3 class=\"caption-title\" style=\"text-align: center;\"><span class=\"VIiyi\" lang=\"fr\"><span class=\"JLqJ4b ChMk0b\" data-language-for-alternatives=\"fr\" data-language-to-translate-into=\"es\" data-phrase-index=\"0\" data-number-of-phrases=\"1\">Agent commercial avec anglais<\/span><\/span><\/h3>\n[\/spb_boxed_content] [\/spb_column] [spb_blank_spacer height=\u00a0\u00bb30px\u00a0\u00bb width=\u00a0\u00bb1\/1&Prime; el_position=\u00a0\u00bbfirst last\u00a0\u00bb] [spb_divider type=\u00a0\u00bbstandard\u00a0\u00bb text=\u00a0\u00bbGo to top\u00a0\u00bb top_margin=\u00a0\u00bb0px\u00a0\u00bb bottom_margin=\u00a0\u00bb30px\u00a0\u00bb fullwidth=\u00a0\u00bbno\u00a0\u00bb width=\u00a0\u00bb1\/1&Prime; el_position=\u00a0\u00bbfirst last\u00a0\u00bb] [spb_blank_spacer height=\u00a0\u00bb30px\u00a0\u00bb width=\u00a0\u00bb1\/1&Prime; el_position=\u00a0\u00bbfirst last\u00a0\u00bb] [\/spb_row] [spb_row element_name=\u00a0\u00bbRow\u00a0\u00bb wrap_type=\u00a0\u00bbstandard-width\u00a0\u00bb row_bg_type=\u00a0\u00bbcolor\u00a0\u00bb color_row_height=\u00a0\u00bbcontent-height\u00a0\u00bb bg_image=\u00a0\u00bb1049&Prime; bg_type=\u00a0\u00bbcover\u00a0\u00bb parallax_image_height=\u00a0\u00bbcontent-height\u00a0\u00bb parallax_image_movement=\u00a0\u00bbscroll\u00a0\u00bb parallax_image_speed=\u00a0\u00bbstandard\u00a0\u00bb bg_video_loop=\u00a0\u00bbyes\u00a0\u00bb parallax_video_height=\u00a0\u00bbwindow-height\u00a0\u00bb row_top_style=\u00a0\u00bbnone\u00a0\u00bb row_bottom_style=\u00a0\u00bbnone\u00a0\u00bb parallax_video_overlay=\u00a0\u00bbnone\u00a0\u00bb row_overlay_opacity=\u00a0\u00bb0&Prime; remove_element_spacing=\u00a0\u00bbno\u00a0\u00bb row_col_spacing=\u00a0\u00bb0&Prime; row_col_pos=\u00a0\u00bbdefault\u00a0\u00bb row_col_equal_heights=\u00a0\u00bbno\u00a0\u00bb row_expanding=\u00a0\u00bbno\u00a0\u00bb row_animation=\u00a0\u00bbnone\u00a0\u00bb row_animation_delay=\u00a0\u00bb0&Prime; minimize_row=\u00a0\u00bbno\u00a0\u00bb simplified_controls=\u00a0\u00bbyes\u00a0\u00bb custom_css_percentage=\u00a0\u00bbno\u00a0\u00bb custom_css=\u00a0\u00bbmargin-top: 0px;margin-bottom: 0px;\u00a0\u00bb border_styling_global=\u00a0\u00bbdefault\u00a0\u00bb el_class=\u00a0\u00bbhideBackImage\u00a0\u00bb width=\u00a0\u00bb1\/1&Prime; el_position=\u00a0\u00bbfirst last\u00a0\u00bb] [spb_column col_sm=\u00a0\u00bb12&Prime; padding_horizontal=\u00a0\u00bb0&Prime; width=\u00a0\u00bb1\/1&Prime; el_position=\u00a0\u00bbfirst last\u00a0\u00bb] [spb_boxed_content type=\u00a0\u00bbcoloured\u00a0\u00bb box_link_target=\u00a0\u00bb_self\u00a0\u00bb padding_vertical=\u00a0\u00bb0&Prime; padding_horizontal=\u00a0\u00bb0&Prime; width=\u00a0\u00bb1\/1&Prime; el_position=\u00a0\u00bbfirst last\u00a0\u00bb]\n<h2><strong>Envoyez votre CV<\/strong><\/h2>\n<hr \/>\n[\/spb_boxed_content] [\/spb_column] [spb_column col_xs=\u00a0\u00bb12&Prime; col_sm=\u00a0\u00bb8&Prime; col_md=\u00a0\u00bb8&Prime; col_lg=\u00a0\u00bb8&Prime; col_animation=\u00a0\u00bbnone\u00a0\u00bb col_animation_delay=\u00a0\u00bb0&Prime; col_bg_type=\u00a0\u00bbcover\u00a0\u00bb col_parallax_image_movement=\u00a0\u00bbfixed\u00a0\u00bb col_parallax_image_speed=\u00a0\u00bb0.5&Prime; col_padding=\u00a0\u00bb0&Prime; col_vertical_offset=\u00a0\u00bb0&Prime; col_horizontal_offset=\u00a0\u00bb0&Prime; col_custom_zindex=\u00a0\u00bb0&Prime; simplified_controls=\u00a0\u00bbyes\u00a0\u00bb custom_css_percentage=\u00a0\u00bbno\u00a0\u00bb padding_vertical=\u00a0\u00bb20&Prime; padding_horizontal=\u00a0\u00bb20&Prime; margin_vertical=\u00a0\u00bb0&Prime; custom_css=\u00a0\u00bbmargin-top: 0px;margin-bottom: 0px;padding-top: 20px;padding-left: 20px;padding-right: 20px;padding-bottom: 20px;\u00a0\u00bb border_styling_global=\u00a0\u00bbdefault\u00a0\u00bb width=\u00a0\u00bb2\/3&Prime; el_position=\u00a0\u00bbfirst\u00a0\u00bb] [spb_boxed_content type=\u00a0\u00bbcoloured\u00a0\u00bb box_link_target=\u00a0\u00bb_self\u00a0\u00bb padding_vertical=\u00a0\u00bb0&Prime; padding_horizontal=\u00a0\u00bb0&Prime; width=\u00a0\u00bb1\/1&Prime; el_position=\u00a0\u00bbfirst last\u00a0\u00bb]\n\n<div class=\"wpcf7 no-js\" id=\"wpcf7-f8558-o1\" lang=\"fr-FR\" dir=\"ltr\">\n<div class=\"screen-reader-response\"><p role=\"status\" aria-live=\"polite\" aria-atomic=\"true\"><\/p> <ul><\/ul><\/div>\n<form action=\"\/fr\/wp-json\/wp\/v2\/pages\/7467#wpcf7-f8558-o1\" method=\"post\" class=\"wpcf7-form init\" name=\"CV-fr\" aria-label=\"Formulaire de contact\" enctype=\"multipart\/form-data\" novalidate=\"novalidate\" data-status=\"init\">\n<div style=\"display: none;\">\n<input type=\"hidden\" name=\"_wpcf7\" value=\"8558\" \/>\n<input type=\"hidden\" name=\"_wpcf7_version\" value=\"5.9.3\" \/>\n<input type=\"hidden\" name=\"_wpcf7_locale\" value=\"fr_FR\" \/>\n<input type=\"hidden\" name=\"_wpcf7_unit_tag\" value=\"wpcf7-f8558-o1\" \/>\n<input type=\"hidden\" name=\"_wpcf7_container_post\" value=\"0\" \/>\n<input type=\"hidden\" name=\"_wpcf7_posted_data_hash\" value=\"\" \/>\n<input type=\"hidden\" name=\"_wpcf7_recaptcha_response\" value=\"\" \/>\n<\/div>\n<p><span class=\"wpcf7-form-control-wrap\" data-name=\"your-name\"><input size=\"40\" class=\"wpcf7-form-control wpcf7-text wpcf7-validates-as-required\" aria-required=\"true\" aria-invalid=\"false\" placeholder=\"Nom et pr\u00e9nom*\" value=\"\" type=\"text\" name=\"your-name\" \/><\/span>\n<\/p>\n<p><span class=\"wpcf7-form-control-wrap\" data-name=\"your-email\"><input size=\"40\" class=\"wpcf7-form-control wpcf7-email wpcf7-validates-as-required wpcf7-text wpcf7-validates-as-email\" aria-required=\"true\" aria-invalid=\"false\" placeholder=\"Email*\" value=\"\" type=\"email\" name=\"your-email\" \/><\/span>\n<\/p>\n<p><span class=\"wpcf7-form-control-wrap\" data-name=\"menu-719\"><select class=\"wpcf7-form-control wpcf7-select wpcf7-validates-as-required\" aria-required=\"true\" aria-invalid=\"false\" name=\"menu-719\"><option value=\"\">---Emploi pour lequel vous postulez<\/option><option value=\"Ing\u00e9nieur D\u00e9veloppement de Projets Industriels\">Ing\u00e9nieur D\u00e9veloppement de Projets Industriels<\/option><option value=\"Ing\u00e9nieur achats\">Ing\u00e9nieur achats<\/option><option value=\"Agent commercial\">Agent commercial<\/option><\/select><\/span>\n<\/p>\n<p><span class=\"wpcf7-form-control-wrap\" data-name=\"your-message\"><textarea cols=\"40\" rows=\"10\" class=\"wpcf7-form-control wpcf7-textarea\" aria-invalid=\"false\" placeholder=\"Pr\u00e9sentation (facultatif)\" name=\"your-message\"><\/textarea><\/span>\n<\/p>\n<p> Joindre CV en PDF\n<\/p>\n<p><span class=\"wpcf7-form-control-wrap\" data-name=\"CV\"><input size=\"40\" class=\"wpcf7-form-control wpcf7-file wpcf7-validates-as-required\" accept=\".pdf\" aria-required=\"true\" aria-invalid=\"false\" type=\"file\" name=\"CV\" \/><\/span>\n<\/p>\n<p style=\"font-size: 10px;\"> Veuillez noter que les donn\u00e9es personnelles que vous fournissez dans ce formulaire de contact seront trait\u00e9es par SOLUCIONES GLOBALES Y GESTI\u00d3N DE COMPRAS, S.L en tant que responsable de ce site Web. Finalit\u00e9 du traitement de ces donn\u00e9es : Pour pouvoir participer aux processus de s\u00e9lection du personnel qui sont effectu\u00e9s. Informations compl\u00e9mentaires : Vous pouvez consulter les informations compl\u00e9mentaires et d\u00e9taill\u00e9es sur la protection des donn\u00e9es dans la politique de confidentialit\u00e9.\n<\/p>\n<p><label><br \/>\n<\/label>\n<\/p>\n<p style=\"font-size: 10px;\"><span class=\"wpcf7-form-control-wrap\" data-name=\"acceptance-730\"><span class=\"wpcf7-form-control wpcf7-acceptance\"><span class=\"wpcf7-list-item\"><label><input type=\"checkbox\" name=\"acceptance-730\" value=\"1\" aria-invalid=\"false\" \/><span class=\"wpcf7-list-item-label\">J'ai lu et j'accepte la politique de confidentialit\u00e9*<\/span><\/label><\/span><\/span><\/span>\n<\/p>\n<p><input class=\"wpcf7-form-control wpcf7-submit has-spinner\" type=\"submit\" value=\"Send\" \/>\n<\/p><p style=\"display: none !important;\" class=\"akismet-fields-container\" data-prefix=\"_wpcf7_ak_\"><label>&#916;<textarea name=\"_wpcf7_ak_hp_textarea\" cols=\"45\" rows=\"8\" maxlength=\"100\"><\/textarea><\/label><input type=\"hidden\" id=\"ak_js_1\" name=\"_wpcf7_ak_js\" value=\"243\"\/><script>document.getElementById( \"ak_js_1\" ).setAttribute( \"value\", ( new Date() ).getTime() );<\/script><\/p><div class=\"wpcf7-response-output\" aria-hidden=\"true\"><\/div>\n<\/form>\n<\/div>\n\n[\/spb_boxed_content] [\/spb_column] [spb_column col_sm=\u00a0\u00bb4&Prime; padding_horizontal=\u00a0\u00bb0&Prime; width=\u00a0\u00bb1\/3&Prime; el_position=\u00a0\u00bblast\u00a0\u00bb] [spb_image image=\u00a0\u00bb11810&Prime; image_size=\u00a0\u00bbfull\u00a0\u00bb frame=\u00a0\u00bbnoframe\u00a0\u00bb caption_pos=\u00a0\u00bbhover\u00a0\u00bb remove_rounded=\u00a0\u00bbyes\u00a0\u00bb fullwidth=\u00a0\u00bbno\u00a0\u00bb overflow_mode=\u00a0\u00bbnone\u00a0\u00bb link_target=\u00a0\u00bb_self\u00a0\u00bb lightbox=\u00a0\u00bbno\u00a0\u00bb intro_animation=\u00a0\u00bbnone\u00a0\u00bb animation_delay=\u00a0\u00bb200&Prime; width=\u00a0\u00bb1\/1&Prime; el_position=\u00a0\u00bbfirst last\u00a0\u00bb][\/spb_image] [\/spb_column] [\/spb_row]\n","protected":false},"excerpt":{"rendered":"<p>[spb_row element_name=\u00a0\u00bbRow\u00a0\u00bb wrap_type=\u00a0\u00bbcontent-width\u00a0\u00bb parallax_image_height=\u00a0\u00bbcontent-height\u00a0\u00bb parallax_image_movement=\u00a0\u00bbfixed\u00a0\u00bb parallax_image_speed=\u00a0\u00bb0.5&Prime; bg_video_loop=\u00a0\u00bbyes\u00a0\u00bb parallax_video_height=\u00a0\u00bbwindow-height\u00a0\u00bb parallax_video_overlay=\u00a0\u00bbnone\u00a0\u00bb row_overlay_opacity=\u00a0\u00bb0&Prime; row_col_pos=\u00a0\u00bbdefault\u00a0\u00bb width=\u00a0\u00bb1\/1&Prime; el_position=\u00a0\u00bbfirst last\u00a0\u00bb] [spb_blank_spacer height=\u00a0\u00bb30px\u00a0\u00bb width=\u00a0\u00bb1\/1&Prime; el_position=\u00a0\u00bbfirst last\u00a0\u00bb] [spb_text_block animation=\u00a0\u00bbnone\u00a0\u00bb animation_delay=\u00a0\u00bb0&Prime; simplified_controls=\u00a0\u00bbyes\u00a0\u00bb custom_css_percentage=\u00a0\u00bbno\u00a0\u00bb padding_vertical=\u00a0\u00bb0&Prime; padding_horizontal=\u00a0\u00bb0&Prime; margin_vertical=\u00a0\u00bb0&Prime; custom_css=\u00a0\u00bbmargin-top: 0px;margin-bottom: 0px;\u00a0\u00bb border_size=\u00a0\u00bb0&Prime; border_styling_global=\u00a0\u00bbdefault\u00a0\u00bb width=\u00a0\u00bb1\/1&Prime; el_position=\u00a0\u00bbfirst last\u00a0\u00bb] Nous sommes une entreprise d&rsquo;Albacete d\u00e9di\u00e9e \u00e0 la sous-traitance industrielle, avec plus de 15 ans d&rsquo;exp\u00e9rience dans le secteur de l&rsquo;importation, et des processus tels [&hellip;]<\/p>\n","protected":false},"author":3,"featured_media":227,"parent":0,"menu_order":0,"comment_status":"closed","ping_status":"closed","template":"","meta":{"footnotes":""},"yoast_head":"<!-- This site is optimized with the Yoast SEO plugin v22.4 - https:\/\/yoast.com\/wordpress\/plugins\/seo\/ -->\n<title>Carri\u00e8res in Purchasing Management - Gesti\u00f3n De Compras<\/title>\n<meta name=\"description\" content=\"We are looking for a professional who has experience and vision of the future, to contribute to the development of the company in the international market.\" \/>\n<meta name=\"robots\" content=\"index, follow, max-snippet:-1, max-image-preview:large, max-video-preview:-1\" \/>\n<link rel=\"canonical\" href=\"https:\/\/wp.gestiondecompras.com\/fr\/carrieres\/\" \/>\n<meta property=\"og:locale\" content=\"fr_FR\" \/>\n<meta property=\"og:type\" content=\"article\" \/>\n<meta property=\"og:title\" content=\"Carri\u00e8res in Purchasing Management - Gesti\u00f3n De Compras\" \/>\n<meta property=\"og:description\" content=\"We are looking for a professional who has experience and vision of the future, to contribute to the development of the company in the international market.\" \/>\n<meta property=\"og:url\" content=\"https:\/\/wp.gestiondecompras.com\/fr\/carrieres\/\" \/>\n<meta property=\"og:site_name\" content=\"Gesti\u00f3n De Compras\" \/>\n<meta property=\"article:modified_time\" content=\"2022-03-16T12:03:33+00:00\" \/>\n<meta property=\"og:image\" content=\"https:\/\/wp.gestiondecompras.com\/wp-content\/uploads\/2021\/04\/pexels-oleg-magni-2058130-1.jpg\" \/>\n\t<meta property=\"og:image:width\" content=\"640\" \/>\n\t<meta property=\"og:image:height\" content=\"426\" \/>\n\t<meta property=\"og:image:type\" content=\"image\/jpeg\" \/>\n<meta name=\"twitter:card\" content=\"summary_large_image\" \/>\n<meta name=\"twitter:label1\" content=\"Dur\u00e9e de lecture estim\u00e9e\" \/>\n\t<meta name=\"twitter:data1\" content=\"3 minutes\" \/>\n<script type=\"application\/ld+json\" class=\"yoast-schema-graph\">{\"@context\":\"https:\/\/schema.org\",\"@graph\":[{\"@type\":\"WebPage\",\"@id\":\"https:\/\/wp.gestiondecompras.com\/fr\/carrieres\/\",\"url\":\"https:\/\/wp.gestiondecompras.com\/fr\/carrieres\/\",\"name\":\"Carri\u00e8res in Purchasing Management - Gesti\u00f3n De Compras\",\"isPartOf\":{\"@id\":\"https:\/\/wp.gestiondecompras.com\/fr\/#website\"},\"primaryImageOfPage\":{\"@id\":\"https:\/\/wp.gestiondecompras.com\/fr\/carrieres\/#primaryimage\"},\"image\":{\"@id\":\"https:\/\/wp.gestiondecompras.com\/fr\/carrieres\/#primaryimage\"},\"thumbnailUrl\":\"https:\/\/wp.gestiondecompras.com\/wp-content\/uploads\/2021\/04\/pexels-oleg-magni-2058130-1.jpg\",\"datePublished\":\"2021-04-29T10:58:26+00:00\",\"dateModified\":\"2022-03-16T12:03:33+00:00\",\"description\":\"We are looking for a professional who has experience and vision of the future, to contribute to the development of the company in the international market.\",\"breadcrumb\":{\"@id\":\"https:\/\/wp.gestiondecompras.com\/fr\/carrieres\/#breadcrumb\"},\"inLanguage\":\"fr-FR\",\"potentialAction\":[{\"@type\":\"ReadAction\",\"target\":[\"https:\/\/wp.gestiondecompras.com\/fr\/carrieres\/\"]}]},{\"@type\":\"ImageObject\",\"inLanguage\":\"fr-FR\",\"@id\":\"https:\/\/wp.gestiondecompras.com\/fr\/carrieres\/#primaryimage\",\"url\":\"https:\/\/wp.gestiondecompras.com\/wp-content\/uploads\/2021\/04\/pexels-oleg-magni-2058130-1.jpg\",\"contentUrl\":\"https:\/\/wp.gestiondecompras.com\/wp-content\/uploads\/2021\/04\/pexels-oleg-magni-2058130-1.jpg\",\"width\":640,\"height\":426,\"caption\":\"Apret\u00f3n de manos\"},{\"@type\":\"BreadcrumbList\",\"@id\":\"https:\/\/wp.gestiondecompras.com\/fr\/carrieres\/#breadcrumb\",\"itemListElement\":[{\"@type\":\"ListItem\",\"position\":1,\"name\":\"Accueil\",\"item\":\"https:\/\/wp.gestiondecompras.com\/fr\/\"},{\"@type\":\"ListItem\",\"position\":2,\"name\":\"Carri\u00e8res\"}]},{\"@type\":\"WebSite\",\"@id\":\"https:\/\/wp.gestiondecompras.com\/fr\/#website\",\"url\":\"https:\/\/wp.gestiondecompras.com\/fr\/\",\"name\":\"Gesti\u00f3n De Compras\",\"description\":\"Sourcing Internacional\",\"potentialAction\":[{\"@type\":\"SearchAction\",\"target\":{\"@type\":\"EntryPoint\",\"urlTemplate\":\"https:\/\/wp.gestiondecompras.com\/fr\/?s={search_term_string}\"},\"query-input\":\"required name=search_term_string\"}],\"inLanguage\":\"fr-FR\"}]}<\/script>\n<!-- \/ Yoast SEO plugin. -->","yoast_head_json":{"title":"Carri\u00e8res in Purchasing Management - Gesti\u00f3n De Compras","description":"We are looking for a professional who has experience and vision of the future, to contribute to the development of the company in the international market.","robots":{"index":"index","follow":"follow","max-snippet":"max-snippet:-1","max-image-preview":"max-image-preview:large","max-video-preview":"max-video-preview:-1"},"canonical":"https:\/\/wp.gestiondecompras.com\/fr\/carrieres\/","og_locale":"fr_FR","og_type":"article","og_title":"Carri\u00e8res in Purchasing Management - Gesti\u00f3n De Compras","og_description":"We are looking for a professional who has experience and vision of the future, to contribute to the development of the company in the international market.","og_url":"https:\/\/wp.gestiondecompras.com\/fr\/carrieres\/","og_site_name":"Gesti\u00f3n De Compras","article_modified_time":"2022-03-16T12:03:33+00:00","og_image":[{"width":640,"height":426,"url":"https:\/\/wp.gestiondecompras.com\/wp-content\/uploads\/2021\/04\/pexels-oleg-magni-2058130-1.jpg","type":"image\/jpeg"}],"twitter_card":"summary_large_image","twitter_misc":{"Dur\u00e9e de lecture estim\u00e9e":"3 minutes"},"schema":{"@context":"https:\/\/schema.org","@graph":[{"@type":"WebPage","@id":"https:\/\/wp.gestiondecompras.com\/fr\/carrieres\/","url":"https:\/\/wp.gestiondecompras.com\/fr\/carrieres\/","name":"Carri\u00e8res in Purchasing Management - Gesti\u00f3n De Compras","isPartOf":{"@id":"https:\/\/wp.gestiondecompras.com\/fr\/#website"},"primaryImageOfPage":{"@id":"https:\/\/wp.gestiondecompras.com\/fr\/carrieres\/#primaryimage"},"image":{"@id":"https:\/\/wp.gestiondecompras.com\/fr\/carrieres\/#primaryimage"},"thumbnailUrl":"https:\/\/wp.gestiondecompras.com\/wp-content\/uploads\/2021\/04\/pexels-oleg-magni-2058130-1.jpg","datePublished":"2021-04-29T10:58:26+00:00","dateModified":"2022-03-16T12:03:33+00:00","description":"We are looking for a professional who has experience and vision of the future, to contribute to the development of the company in the international market.","breadcrumb":{"@id":"https:\/\/wp.gestiondecompras.com\/fr\/carrieres\/#breadcrumb"},"inLanguage":"fr-FR","potentialAction":[{"@type":"ReadAction","target":["https:\/\/wp.gestiondecompras.com\/fr\/carrieres\/"]}]},{"@type":"ImageObject","inLanguage":"fr-FR","@id":"https:\/\/wp.gestiondecompras.com\/fr\/carrieres\/#primaryimage","url":"https:\/\/wp.gestiondecompras.com\/wp-content\/uploads\/2021\/04\/pexels-oleg-magni-2058130-1.jpg","contentUrl":"https:\/\/wp.gestiondecompras.com\/wp-content\/uploads\/2021\/04\/pexels-oleg-magni-2058130-1.jpg","width":640,"height":426,"caption":"Apret\u00f3n de manos"},{"@type":"BreadcrumbList","@id":"https:\/\/wp.gestiondecompras.com\/fr\/carrieres\/#breadcrumb","itemListElement":[{"@type":"ListItem","position":1,"name":"Accueil","item":"https:\/\/wp.gestiondecompras.com\/fr\/"},{"@type":"ListItem","position":2,"name":"Carri\u00e8res"}]},{"@type":"WebSite","@id":"https:\/\/wp.gestiondecompras.com\/fr\/#website","url":"https:\/\/wp.gestiondecompras.com\/fr\/","name":"Gesti\u00f3n De Compras","description":"Sourcing Internacional","potentialAction":[{"@type":"SearchAction","target":{"@type":"EntryPoint","urlTemplate":"https:\/\/wp.gestiondecompras.com\/fr\/?s={search_term_string}"},"query-input":"required name=search_term_string"}],"inLanguage":"fr-FR"}]}},"_links":{"self":[{"href":"https:\/\/wp.gestiondecompras.com\/fr\/wp-json\/wp\/v2\/pages\/7467"}],"collection":[{"href":"https:\/\/wp.gestiondecompras.com\/fr\/wp-json\/wp\/v2\/pages"}],"about":[{"href":"https:\/\/wp.gestiondecompras.com\/fr\/wp-json\/wp\/v2\/types\/page"}],"author":[{"embeddable":true,"href":"https:\/\/wp.gestiondecompras.com\/fr\/wp-json\/wp\/v2\/users\/3"}],"replies":[{"embeddable":true,"href":"https:\/\/wp.gestiondecompras.com\/fr\/wp-json\/wp\/v2\/comments?post=7467"}],"version-history":[{"count":10,"href":"https:\/\/wp.gestiondecompras.com\/fr\/wp-json\/wp\/v2\/pages\/7467\/revisions"}],"predecessor-version":[{"id":12638,"href":"https:\/\/wp.gestiondecompras.com\/fr\/wp-json\/wp\/v2\/pages\/7467\/revisions\/12638"}],"wp:featuredmedia":[{"embeddable":true,"href":"https:\/\/wp.gestiondecompras.com\/fr\/wp-json\/wp\/v2\/media\/227"}],"wp:attachment":[{"href":"https:\/\/wp.gestiondecompras.com\/fr\/wp-json\/wp\/v2\/media?parent=7467"}],"curies":[{"name":"wp","href":"https:\/\/api.w.org\/{rel}","templated":true}]}}