{"id":7444,"date":"2021-04-30T10:35:57","date_gmt":"2021-04-30T10:35:57","guid":{"rendered":"https:\/\/wp.gestiondecompras.com\/?page_id=7444"},"modified":"2021-12-16T15:50:17","modified_gmt":"2021-12-16T15:50:17","slug":"profil-dextrusion-pvc","status":"publish","type":"page","link":"https:\/\/wp.gestiondecompras.com\/fr\/succes-dentreprises\/profil-dextrusion-pvc\/","title":{"rendered":"Profil d&rsquo;extrusion (PVC)"},"content":{"rendered":"[spb_row element_name=\u00a0\u00bbRow\u00a0\u00bb wrap_type=\u00a0\u00bbcontent-width\u00a0\u00bb parallax_image_height=\u00a0\u00bbcontent-height\u00a0\u00bb parallax_image_movement=\u00a0\u00bbfixed\u00a0\u00bb parallax_image_speed=\u00a0\u00bb0.5&Prime; bg_video_loop=\u00a0\u00bbyes\u00a0\u00bb parallax_video_height=\u00a0\u00bbwindow-height\u00a0\u00bb parallax_video_overlay=\u00a0\u00bbnone\u00a0\u00bb row_overlay_opacity=\u00a0\u00bb0&Prime; row_col_pos=\u00a0\u00bbdefault\u00a0\u00bb width=\u00a0\u00bb1\/1&Prime; el_position=\u00a0\u00bbfirst last\u00a0\u00bb] [spb_blank_spacer height=\u00a0\u00bb30px\u00a0\u00bb width=\u00a0\u00bb1\/1&Prime; el_position=\u00a0\u00bbfirst last\u00a0\u00bb] [spb_boxed_content type=\u00a0\u00bbcoloured\u00a0\u00bb box_link_target=\u00a0\u00bb_self\u00a0\u00bb padding_vertical=\u00a0\u00bb0&Prime; padding_horizontal=\u00a0\u00bb0&Prime; width=\u00a0\u00bb1\/1&Prime; el_position=\u00a0\u00bbfirst last\u00a0\u00bb]\n<h2 style=\"text-align: center;\"><strong>Descripci\u00f3n<\/strong><\/h2>\n<p style=\"text-align: center;\"><div class=\"horizontal-break bold\" style=\"background-color: #666d78; width: 100px\"> <\/div><\/p>\n<p style=\"text-align: center;\">Success stories d&rsquo;un distributeur de produits pour la construction.\u00a0Gesti\u00f3n de Compras fournit \u00e0 nos clients : Pi\u00e8ce finale, Calendrier de fabrication, \u00c9chantillons pour leur approbation, Calendrier d&rsquo;exp\u00e9dition.\u00a0Nous exp\u00e9dions actuellement des conteneurs pour ce type de produit.<\/p>\n[\/spb_boxed_content] [spb_blank_spacer height=\u00a0\u00bb30px\u00a0\u00bb width=\u00a0\u00bb1\/1&Prime; el_position=\u00a0\u00bbfirst last\u00a0\u00bb] [spb_column col_sm=\u00a0\u00bb4&Prime; padding_horizontal=\u00a0\u00bb0&Prime; width=\u00a0\u00bb1\/3&Prime; el_position=\u00a0\u00bbfirst\u00a0\u00bb] [spb_icon_box title=\u00a0\u00bbClient\u00a0\u00bb box_type=\u00a0\u00bbstandard\u00a0\u00bb box_icon_type=\u00a0\u00bbicon\u00a0\u00bb icon=\u00a0\u00bbfas fa-user-tie\u00a0\u00bb animate_svg=\u00a0\u00bbno\u00a0\u00bb target=\u00a0\u00bb_self\u00a0\u00bb animation=\u00a0\u00bbnone\u00a0\u00bb animation_delay=\u00a0\u00bb0&Prime; animated_box_style=\u00a0\u00bbcoloured\u00a0\u00bb animated_box_rounded=\u00a0\u00bbyes\u00a0\u00bb width=\u00a0\u00bb1\/1&Prime; el_position=\u00a0\u00bbfirst last\u00a0\u00bb]\n<p style=\"font-size: 14px; text-align: center;\">Distributeur de produits pour la construction.<\/p>\n<p>&nbsp;<\/p>\n[\/spb_icon_box] [\/spb_column] [spb_column col_sm=\u00a0\u00bb4&Prime; padding_horizontal=\u00a0\u00bb0&Prime; width=\u00a0\u00bb1\/3&Prime;] [spb_icon_box title=\u00a0\u00bbProduit command\u00e9\u00a0\u00bb box_type=\u00a0\u00bbstandard\u00a0\u00bb box_icon_type=\u00a0\u00bbicon\u00a0\u00bb icon=\u00a0\u00bbfas fa-cog\u00a0\u00bb animate_svg=\u00a0\u00bbno\u00a0\u00bb target=\u00a0\u00bb_self\u00a0\u00bb animation=\u00a0\u00bbnone\u00a0\u00bb animation_delay=\u00a0\u00bb0&Prime; animated_box_style=\u00a0\u00bbcoloured\u00a0\u00bb animated_box_rounded=\u00a0\u00bbyes\u00a0\u00bb width=\u00a0\u00bb1\/1&Prime; el_position=\u00a0\u00bbfirst last\u00a0\u00bb]\n<p style=\"text-align: justify; font-size: 14px;\">Profil\u00e9 PVC extrud\u00e9 avec treillis. Utiliser comme b\u00e2timent d&rsquo;angle. Dimensions du profil : 55\u00d755, 63\u00d763. Longueur : 2,5\/3m. Grille dimensionnelle. 10\u00d710cm. 145 g\/m2. 5\u00d75 mm. Emballage : 100 pi\u00e8ces\/bo\u00eete.<\/p>\n<p>&nbsp;<\/p>\n[\/spb_icon_box] [\/spb_column] [spb_column col_sm=\u00a0\u00bb4&Prime; padding_horizontal=\u00a0\u00bb0&Prime; width=\u00a0\u00bb1\/3&Prime; el_position=\u00a0\u00bblast\u00a0\u00bb] [spb_icon_box title=\u00a0\u00bbLes besoins du consommateur\u00a0\u00bb box_type=\u00a0\u00bbstandard\u00a0\u00bb box_icon_type=\u00a0\u00bbicon\u00a0\u00bb icon=\u00a0\u00bbfas fa-handshake\u00a0\u00bb animate_svg=\u00a0\u00bbno\u00a0\u00bb target=\u00a0\u00bb_self\u00a0\u00bb animation=\u00a0\u00bbnone\u00a0\u00bb animation_delay=\u00a0\u00bb0&Prime; animated_box_style=\u00a0\u00bbcoloured\u00a0\u00bb animated_box_rounded=\u00a0\u00bbyes\u00a0\u00bb width=\u00a0\u00bb1\/1&Prime; el_position=\u00a0\u00bbfirst last\u00a0\u00bb]\n<p style=\"text-align: justify; font-size: 14px;\">Le client souhaite am\u00e9liorer sa comp\u00e9titivit\u00e9 dans l&rsquo;acquisition de ce type de produit, gage de bons niveaux de qualit\u00e9.<\/p>\n[\/spb_icon_box] [\/spb_column] [spb_blank_spacer height=\u00a0\u00bb20px\u00a0\u00bb width=\u00a0\u00bb1\/1&Prime; el_position=\u00a0\u00bbfirst last\u00a0\u00bb] [\/spb_row] [spb_row element_name=\u00a0\u00bbRow\u00a0\u00bb wrap_type=\u00a0\u00bbfull-width-contained\u00a0\u00bb row_bg_type=\u00a0\u00bbimage\u00a0\u00bb row_bg_color=\u00a0\u00bb#242424&Prime; color_row_height=\u00a0\u00bbcontent-height\u00a0\u00bb bg_image=\u00a0\u00bb11859&Prime; bg_type=\u00a0\u00bbcover\u00a0\u00bb parallax_image_height=\u00a0\u00bbcontent-height\u00a0\u00bb parallax_image_movement=\u00a0\u00bbscroll\u00a0\u00bb parallax_image_speed=\u00a0\u00bbstandard\u00a0\u00bb bg_video_loop=\u00a0\u00bbyes\u00a0\u00bb parallax_video_height=\u00a0\u00bbwindow-height\u00a0\u00bb row_top_style=\u00a0\u00bbnone\u00a0\u00bb row_bottom_style=\u00a0\u00bbnone\u00a0\u00bb parallax_video_overlay=\u00a0\u00bbnone\u00a0\u00bb row_overlay_opacity=\u00a0\u00bb0&Prime; remove_element_spacing=\u00a0\u00bbno\u00a0\u00bb row_col_spacing=\u00a0\u00bb0&Prime; row_col_pos=\u00a0\u00bbdefault\u00a0\u00bb row_col_equal_heights=\u00a0\u00bbno\u00a0\u00bb row_expanding=\u00a0\u00bbno\u00a0\u00bb row_animation=\u00a0\u00bbnone\u00a0\u00bb row_animation_delay=\u00a0\u00bb0&Prime; minimize_row=\u00a0\u00bbno\u00a0\u00bb simplified_controls=\u00a0\u00bbyes\u00a0\u00bb custom_css_percentage=\u00a0\u00bbno\u00a0\u00bb custom_css=\u00a0\u00bbmargin-top: 0px;margin-bottom: 0px;\u00a0\u00bb border_styling_global=\u00a0\u00bbdefault\u00a0\u00bb el_class=\u00a0\u00bbhideBackImage\u00a0\u00bb width=\u00a0\u00bb1\/1&Prime; el_position=\u00a0\u00bbfirst last\u00a0\u00bb] [spb_column col_animation=\u00a0\u00bbnone\u00a0\u00bb col_animation_delay=\u00a0\u00bb0&Prime; col_bg_color=\u00a0\u00bb#242424&Prime; col_bg_type=\u00a0\u00bbcover\u00a0\u00bb col_parallax_image_movement=\u00a0\u00bbfixed\u00a0\u00bb col_parallax_image_speed=\u00a0\u00bb0.5&Prime; col_padding=\u00a0\u00bb0&Prime; col_vertical_offset=\u00a0\u00bb0&Prime; col_horizontal_offset=\u00a0\u00bb0&Prime; col_custom_zindex=\u00a0\u00bb0&Prime; col_xs=\u00a0\u00bb12&Prime; col_sm=\u00a0\u00bb12&Prime; col_md=\u00a0\u00bb8&Prime; col_lg=\u00a0\u00bb8&Prime; simplified_controls=\u00a0\u00bbyes\u00a0\u00bb custom_css_percentage=\u00a0\u00bbno\u00a0\u00bb padding_vertical=\u00a0\u00bb20&Prime; padding_horizontal=\u00a0\u00bb20&Prime; margin_vertical=\u00a0\u00bb0&Prime; custom_css=\u00a0\u00bbmargin-top: 0px;margin-bottom: 0px;padding-top: 20px;padding-left: 20px;padding-right: 20px;padding-bottom: 20px;\u00a0\u00bb border_styling_global=\u00a0\u00bbdefault\u00a0\u00bb width=\u00a0\u00bb1\/1&Prime; el_position=\u00a0\u00bbfirst last\u00a0\u00bb] [spb_text_block animation=\u00a0\u00bbnone\u00a0\u00bb animation_delay=\u00a0\u00bb0&Prime; simplified_controls=\u00a0\u00bbyes\u00a0\u00bb custom_css_percentage=\u00a0\u00bbno\u00a0\u00bb padding_vertical=\u00a0\u00bb0&Prime; padding_horizontal=\u00a0\u00bb0&Prime; margin_vertical=\u00a0\u00bb0&Prime; custom_css=\u00a0\u00bbmargin-top: 0px;margin-bottom: 0px;\u00a0\u00bb border_size=\u00a0\u00bb0&Prime; border_styling_global=\u00a0\u00bbdefault\u00a0\u00bb width=\u00a0\u00bb1\/1&Prime; el_position=\u00a0\u00bbfirst last\u00a0\u00bb]\n<section class=\"row \">\n<div class=\"spb_content_element spb_box_content col-sm-12\">\n<div class=\"spb-bg-color-wrap coloured\">\n<div class=\"spb-asset-content\">\n<div class=\"box-content-wrap\">\n<h2><strong>Services offerts \/ R\u00e9sultats<\/strong><\/h2>\n<hr \/>\n<p><span style=\"color: #ffffff;\">Le client a fourni des \u00e9chantillons d&rsquo;un type de produit similaire qu&rsquo;il souhaite d\u00e9velopper en indiquant toutes les am\u00e9liorations et modifications \u00e0 apporter<\/span><\/p>\n<\/div>\n<\/div>\n<\/div>\n<\/div>\n<\/section>\n<section>\n<div>\n<div>\n<p><span style=\"color: #ffffff;\">Gesti\u00f3n de Compras, en collaboration avec nos repr\u00e9sentants pour ces produits, fournit \u00e0 nos clients :<\/span><\/p>\n<ul>\n<li><span style=\"color: #ffffff;\">Conception de l&rsquo;outillage d&rsquo;extrusion et pi\u00e8ce finale pour approbation<\/span><\/li>\n<li><span style=\"color: #ffffff;\">Calendrier de fabrication<\/span><\/li>\n<li><span style=\"color: #ffffff;\">\u00c9chantillons pour leur approbation<\/span><\/li>\n<li><span style=\"color: #ffffff;\">Calendrier des exp\u00e9ditions et emballage optimal<\/span><\/li>\n<\/ul>\n<p><span style=\"color: #ffffff;\">Nous exp\u00e9dions actuellement des conteneurs pour ce type de produit.<\/span><\/p>\n<\/div>\n<\/div>\n<\/section>\n[\/spb_text_block] [\/spb_column] [\/spb_row]\n","protected":false},"excerpt":{"rendered":"<p>[spb_row element_name=\u00a0\u00bbRow\u00a0\u00bb wrap_type=\u00a0\u00bbcontent-width\u00a0\u00bb parallax_image_height=\u00a0\u00bbcontent-height\u00a0\u00bb parallax_image_movement=\u00a0\u00bbfixed\u00a0\u00bb parallax_image_speed=\u00a0\u00bb0.5&Prime; bg_video_loop=\u00a0\u00bbyes\u00a0\u00bb parallax_video_height=\u00a0\u00bbwindow-height\u00a0\u00bb parallax_video_overlay=\u00a0\u00bbnone\u00a0\u00bb row_overlay_opacity=\u00a0\u00bb0&Prime; row_col_pos=\u00a0\u00bbdefault\u00a0\u00bb width=\u00a0\u00bb1\/1&Prime; el_position=\u00a0\u00bbfirst last\u00a0\u00bb] [spb_blank_spacer height=\u00a0\u00bb30px\u00a0\u00bb width=\u00a0\u00bb1\/1&Prime; el_position=\u00a0\u00bbfirst last\u00a0\u00bb] [spb_boxed_content type=\u00a0\u00bbcoloured\u00a0\u00bb box_link_target=\u00a0\u00bb_self\u00a0\u00bb padding_vertical=\u00a0\u00bb0&Prime; padding_horizontal=\u00a0\u00bb0&Prime; width=\u00a0\u00bb1\/1&Prime; el_position=\u00a0\u00bbfirst last\u00a0\u00bb] Descripci\u00f3n Success stories d&rsquo;un distributeur de produits pour la construction.\u00a0Gesti\u00f3n de Compras fournit \u00e0 nos clients : Pi\u00e8ce finale, Calendrier de fabrication, \u00c9chantillons pour leur approbation, Calendrier d&rsquo;exp\u00e9dition.\u00a0Nous exp\u00e9dions actuellement des conteneurs pour [&hellip;]<\/p>\n","protected":false},"author":3,"featured_media":477,"parent":7425,"menu_order":0,"comment_status":"closed","ping_status":"closed","template":"","meta":{"footnotes":""},"yoast_head":"<!-- This site is optimized with the Yoast SEO plugin v22.4 - https:\/\/yoast.com\/wordpress\/plugins\/seo\/ -->\n<title>Profil d&#039;extrusion (PVC) - Gesti\u00f3n De Compras<\/title>\n<meta name=\"robots\" content=\"index, follow, max-snippet:-1, max-image-preview:large, max-video-preview:-1\" \/>\n<link rel=\"canonical\" href=\"https:\/\/wp.gestiondecompras.com\/fr\/succes-dentreprises\/profil-dextrusion-pvc\/\" \/>\n<meta property=\"og:locale\" content=\"fr_FR\" \/>\n<meta property=\"og:type\" content=\"article\" \/>\n<meta property=\"og:title\" content=\"Profil d&#039;extrusion (PVC) - Gesti\u00f3n De Compras\" \/>\n<meta property=\"og:description\" content=\"[spb_row element_name=\u00a0\u00bbRow\u00a0\u00bb wrap_type=\u00a0\u00bbcontent-width\u00a0\u00bb parallax_image_height=\u00a0\u00bbcontent-height\u00a0\u00bb parallax_image_movement=\u00a0\u00bbfixed\u00a0\u00bb parallax_image_speed=\u00a0\u00bb0.5&Prime; bg_video_loop=\u00a0\u00bbyes\u00a0\u00bb parallax_video_height=\u00a0\u00bbwindow-height\u00a0\u00bb parallax_video_overlay=\u00a0\u00bbnone\u00a0\u00bb row_overlay_opacity=\u00a0\u00bb0&Prime; row_col_pos=\u00a0\u00bbdefault\u00a0\u00bb width=\u00a0\u00bb1\/1&Prime; el_position=\u00a0\u00bbfirst last\u00a0\u00bb] [spb_blank_spacer height=\u00a0\u00bb30px\u00a0\u00bb width=\u00a0\u00bb1\/1&Prime; el_position=\u00a0\u00bbfirst last\u00a0\u00bb] [spb_boxed_content type=\u00a0\u00bbcoloured\u00a0\u00bb box_link_target=\u00a0\u00bb_self\u00a0\u00bb padding_vertical=\u00a0\u00bb0&Prime; padding_horizontal=\u00a0\u00bb0&Prime; width=\u00a0\u00bb1\/1&Prime; el_position=\u00a0\u00bbfirst last\u00a0\u00bb] Descripci\u00f3n Success stories d&rsquo;un distributeur de produits pour la construction.\u00a0Gesti\u00f3n de Compras fournit \u00e0 nos clients : Pi\u00e8ce finale, Calendrier de fabrication, \u00c9chantillons pour leur approbation, Calendrier d&rsquo;exp\u00e9dition.\u00a0Nous exp\u00e9dions actuellement des conteneurs pour [&hellip;]\" \/>\n<meta property=\"og:url\" content=\"https:\/\/wp.gestiondecompras.com\/fr\/succes-dentreprises\/profil-dextrusion-pvc\/\" \/>\n<meta property=\"og:site_name\" content=\"Gesti\u00f3n De Compras\" \/>\n<meta property=\"article:modified_time\" content=\"2021-12-16T15:50:17+00:00\" \/>\n<meta property=\"og:image\" content=\"https:\/\/wp.gestiondecompras.com\/wp-content\/uploads\/2021\/04\/pvc-ceiling-drywall-construction-home-installation-wall-profile-panels-assembly-adhesive-paper-knife_t20_1nmxdV.jpg\" \/>\n\t<meta property=\"og:image:width\" content=\"1017\" \/>\n\t<meta property=\"og:image:height\" content=\"678\" \/>\n\t<meta property=\"og:image:type\" content=\"image\/jpeg\" \/>\n<meta name=\"twitter:card\" content=\"summary_large_image\" \/>\n<meta name=\"twitter:label1\" content=\"Dur\u00e9e de lecture estim\u00e9e\" \/>\n\t<meta name=\"twitter:data1\" content=\"2 minutes\" \/>\n<script type=\"application\/ld+json\" class=\"yoast-schema-graph\">{\"@context\":\"https:\/\/schema.org\",\"@graph\":[{\"@type\":\"WebPage\",\"@id\":\"https:\/\/wp.gestiondecompras.com\/fr\/succes-dentreprises\/profil-dextrusion-pvc\/\",\"url\":\"https:\/\/wp.gestiondecompras.com\/fr\/succes-dentreprises\/profil-dextrusion-pvc\/\",\"name\":\"Profil d'extrusion (PVC) - Gesti\u00f3n De Compras\",\"isPartOf\":{\"@id\":\"https:\/\/wp.gestiondecompras.com\/fr\/#website\"},\"primaryImageOfPage\":{\"@id\":\"https:\/\/wp.gestiondecompras.com\/fr\/succes-dentreprises\/profil-dextrusion-pvc\/#primaryimage\"},\"image\":{\"@id\":\"https:\/\/wp.gestiondecompras.com\/fr\/succes-dentreprises\/profil-dextrusion-pvc\/#primaryimage\"},\"thumbnailUrl\":\"https:\/\/wp.gestiondecompras.com\/wp-content\/uploads\/2021\/04\/pvc-ceiling-drywall-construction-home-installation-wall-profile-panels-assembly-adhesive-paper-knife_t20_1nmxdV.jpg\",\"datePublished\":\"2021-04-30T10:35:57+00:00\",\"dateModified\":\"2021-12-16T15:50:17+00:00\",\"breadcrumb\":{\"@id\":\"https:\/\/wp.gestiondecompras.com\/fr\/succes-dentreprises\/profil-dextrusion-pvc\/#breadcrumb\"},\"inLanguage\":\"fr-FR\",\"potentialAction\":[{\"@type\":\"ReadAction\",\"target\":[\"https:\/\/wp.gestiondecompras.com\/fr\/succes-dentreprises\/profil-dextrusion-pvc\/\"]}]},{\"@type\":\"ImageObject\",\"inLanguage\":\"fr-FR\",\"@id\":\"https:\/\/wp.gestiondecompras.com\/fr\/succes-dentreprises\/profil-dextrusion-pvc\/#primaryimage\",\"url\":\"https:\/\/wp.gestiondecompras.com\/wp-content\/uploads\/2021\/04\/pvc-ceiling-drywall-construction-home-installation-wall-profile-panels-assembly-adhesive-paper-knife_t20_1nmxdV.jpg\",\"contentUrl\":\"https:\/\/wp.gestiondecompras.com\/wp-content\/uploads\/2021\/04\/pvc-ceiling-drywall-construction-home-installation-wall-profile-panels-assembly-adhesive-paper-knife_t20_1nmxdV.jpg\",\"width\":1017,\"height\":678,\"caption\":\"perfil pvv\"},{\"@type\":\"BreadcrumbList\",\"@id\":\"https:\/\/wp.gestiondecompras.com\/fr\/succes-dentreprises\/profil-dextrusion-pvc\/#breadcrumb\",\"itemListElement\":[{\"@type\":\"ListItem\",\"position\":1,\"name\":\"Accueil\",\"item\":\"https:\/\/wp.gestiondecompras.com\/fr\/\"},{\"@type\":\"ListItem\",\"position\":2,\"name\":\"Succ\u00e8s d\u00b4entreprises\",\"item\":\"https:\/\/wp.gestiondecompras.com\/fr\/casos-de-exito\/\"},{\"@type\":\"ListItem\",\"position\":3,\"name\":\"Profil d&#8217;extrusion (PVC)\"}]},{\"@type\":\"WebSite\",\"@id\":\"https:\/\/wp.gestiondecompras.com\/fr\/#website\",\"url\":\"https:\/\/wp.gestiondecompras.com\/fr\/\",\"name\":\"Gesti\u00f3n De Compras\",\"description\":\"Sourcing Internacional\",\"potentialAction\":[{\"@type\":\"SearchAction\",\"target\":{\"@type\":\"EntryPoint\",\"urlTemplate\":\"https:\/\/wp.gestiondecompras.com\/fr\/?s={search_term_string}\"},\"query-input\":\"required name=search_term_string\"}],\"inLanguage\":\"fr-FR\"}]}<\/script>\n<!-- \/ Yoast SEO plugin. -->","yoast_head_json":{"title":"Profil d'extrusion (PVC) - Gesti\u00f3n De Compras","robots":{"index":"index","follow":"follow","max-snippet":"max-snippet:-1","max-image-preview":"max-image-preview:large","max-video-preview":"max-video-preview:-1"},"canonical":"https:\/\/wp.gestiondecompras.com\/fr\/succes-dentreprises\/profil-dextrusion-pvc\/","og_locale":"fr_FR","og_type":"article","og_title":"Profil d'extrusion (PVC) - Gesti\u00f3n De Compras","og_description":"[spb_row element_name=\u00a0\u00bbRow\u00a0\u00bb wrap_type=\u00a0\u00bbcontent-width\u00a0\u00bb parallax_image_height=\u00a0\u00bbcontent-height\u00a0\u00bb parallax_image_movement=\u00a0\u00bbfixed\u00a0\u00bb parallax_image_speed=\u00a0\u00bb0.5&Prime; bg_video_loop=\u00a0\u00bbyes\u00a0\u00bb parallax_video_height=\u00a0\u00bbwindow-height\u00a0\u00bb parallax_video_overlay=\u00a0\u00bbnone\u00a0\u00bb row_overlay_opacity=\u00a0\u00bb0&Prime; row_col_pos=\u00a0\u00bbdefault\u00a0\u00bb width=\u00a0\u00bb1\/1&Prime; el_position=\u00a0\u00bbfirst last\u00a0\u00bb] [spb_blank_spacer height=\u00a0\u00bb30px\u00a0\u00bb width=\u00a0\u00bb1\/1&Prime; el_position=\u00a0\u00bbfirst last\u00a0\u00bb] [spb_boxed_content type=\u00a0\u00bbcoloured\u00a0\u00bb box_link_target=\u00a0\u00bb_self\u00a0\u00bb padding_vertical=\u00a0\u00bb0&Prime; padding_horizontal=\u00a0\u00bb0&Prime; width=\u00a0\u00bb1\/1&Prime; el_position=\u00a0\u00bbfirst last\u00a0\u00bb] Descripci\u00f3n Success stories d&rsquo;un distributeur de produits pour la construction.\u00a0Gesti\u00f3n de Compras fournit \u00e0 nos clients : Pi\u00e8ce finale, Calendrier de fabrication, \u00c9chantillons pour leur approbation, Calendrier d&rsquo;exp\u00e9dition.\u00a0Nous exp\u00e9dions actuellement des conteneurs pour [&hellip;]","og_url":"https:\/\/wp.gestiondecompras.com\/fr\/succes-dentreprises\/profil-dextrusion-pvc\/","og_site_name":"Gesti\u00f3n De Compras","article_modified_time":"2021-12-16T15:50:17+00:00","og_image":[{"width":1017,"height":678,"url":"https:\/\/wp.gestiondecompras.com\/wp-content\/uploads\/2021\/04\/pvc-ceiling-drywall-construction-home-installation-wall-profile-panels-assembly-adhesive-paper-knife_t20_1nmxdV.jpg","type":"image\/jpeg"}],"twitter_card":"summary_large_image","twitter_misc":{"Dur\u00e9e de lecture estim\u00e9e":"2 minutes"},"schema":{"@context":"https:\/\/schema.org","@graph":[{"@type":"WebPage","@id":"https:\/\/wp.gestiondecompras.com\/fr\/succes-dentreprises\/profil-dextrusion-pvc\/","url":"https:\/\/wp.gestiondecompras.com\/fr\/succes-dentreprises\/profil-dextrusion-pvc\/","name":"Profil d'extrusion (PVC) - Gesti\u00f3n De Compras","isPartOf":{"@id":"https:\/\/wp.gestiondecompras.com\/fr\/#website"},"primaryImageOfPage":{"@id":"https:\/\/wp.gestiondecompras.com\/fr\/succes-dentreprises\/profil-dextrusion-pvc\/#primaryimage"},"image":{"@id":"https:\/\/wp.gestiondecompras.com\/fr\/succes-dentreprises\/profil-dextrusion-pvc\/#primaryimage"},"thumbnailUrl":"https:\/\/wp.gestiondecompras.com\/wp-content\/uploads\/2021\/04\/pvc-ceiling-drywall-construction-home-installation-wall-profile-panels-assembly-adhesive-paper-knife_t20_1nmxdV.jpg","datePublished":"2021-04-30T10:35:57+00:00","dateModified":"2021-12-16T15:50:17+00:00","breadcrumb":{"@id":"https:\/\/wp.gestiondecompras.com\/fr\/succes-dentreprises\/profil-dextrusion-pvc\/#breadcrumb"},"inLanguage":"fr-FR","potentialAction":[{"@type":"ReadAction","target":["https:\/\/wp.gestiondecompras.com\/fr\/succes-dentreprises\/profil-dextrusion-pvc\/"]}]},{"@type":"ImageObject","inLanguage":"fr-FR","@id":"https:\/\/wp.gestiondecompras.com\/fr\/succes-dentreprises\/profil-dextrusion-pvc\/#primaryimage","url":"https:\/\/wp.gestiondecompras.com\/wp-content\/uploads\/2021\/04\/pvc-ceiling-drywall-construction-home-installation-wall-profile-panels-assembly-adhesive-paper-knife_t20_1nmxdV.jpg","contentUrl":"https:\/\/wp.gestiondecompras.com\/wp-content\/uploads\/2021\/04\/pvc-ceiling-drywall-construction-home-installation-wall-profile-panels-assembly-adhesive-paper-knife_t20_1nmxdV.jpg","width":1017,"height":678,"caption":"perfil pvv"},{"@type":"BreadcrumbList","@id":"https:\/\/wp.gestiondecompras.com\/fr\/succes-dentreprises\/profil-dextrusion-pvc\/#breadcrumb","itemListElement":[{"@type":"ListItem","position":1,"name":"Accueil","item":"https:\/\/wp.gestiondecompras.com\/fr\/"},{"@type":"ListItem","position":2,"name":"Succ\u00e8s d\u00b4entreprises","item":"https:\/\/wp.gestiondecompras.com\/fr\/casos-de-exito\/"},{"@type":"ListItem","position":3,"name":"Profil d&#8217;extrusion (PVC)"}]},{"@type":"WebSite","@id":"https:\/\/wp.gestiondecompras.com\/fr\/#website","url":"https:\/\/wp.gestiondecompras.com\/fr\/","name":"Gesti\u00f3n De Compras","description":"Sourcing Internacional","potentialAction":[{"@type":"SearchAction","target":{"@type":"EntryPoint","urlTemplate":"https:\/\/wp.gestiondecompras.com\/fr\/?s={search_term_string}"},"query-input":"required name=search_term_string"}],"inLanguage":"fr-FR"}]}},"_links":{"self":[{"href":"https:\/\/wp.gestiondecompras.com\/fr\/wp-json\/wp\/v2\/pages\/7444"}],"collection":[{"href":"https:\/\/wp.gestiondecompras.com\/fr\/wp-json\/wp\/v2\/pages"}],"about":[{"href":"https:\/\/wp.gestiondecompras.com\/fr\/wp-json\/wp\/v2\/types\/page"}],"author":[{"embeddable":true,"href":"https:\/\/wp.gestiondecompras.com\/fr\/wp-json\/wp\/v2\/users\/3"}],"replies":[{"embeddable":true,"href":"https:\/\/wp.gestiondecompras.com\/fr\/wp-json\/wp\/v2\/comments?post=7444"}],"version-history":[{"count":7,"href":"https:\/\/wp.gestiondecompras.com\/fr\/wp-json\/wp\/v2\/pages\/7444\/revisions"}],"predecessor-version":[{"id":11865,"href":"https:\/\/wp.gestiondecompras.com\/fr\/wp-json\/wp\/v2\/pages\/7444\/revisions\/11865"}],"up":[{"embeddable":true,"href":"https:\/\/wp.gestiondecompras.com\/fr\/wp-json\/wp\/v2\/pages\/7425"}],"wp:featuredmedia":[{"embeddable":true,"href":"https:\/\/wp.gestiondecompras.com\/fr\/wp-json\/wp\/v2\/media\/477"}],"wp:attachment":[{"href":"https:\/\/wp.gestiondecompras.com\/fr\/wp-json\/wp\/v2\/media?parent=7444"}],"curies":[{"name":"wp","href":"https:\/\/api.w.org\/{rel}","templated":true}]}}