{"id":7432,"date":"2021-04-30T10:05:44","date_gmt":"2021-04-30T10:05:44","guid":{"rendered":"https:\/\/wp.gestiondecompras.com\/?page_id=7432"},"modified":"2021-10-20T11:36:29","modified_gmt":"2021-10-20T11:36:29","slug":"attaches","status":"publish","type":"page","link":"https:\/\/wp.gestiondecompras.com\/fr\/succes-dentreprises\/attaches\/","title":{"rendered":"Attaches"},"content":{"rendered":"[spb_row element_name=\u00a0\u00bbRow\u00a0\u00bb wrap_type=\u00a0\u00bbcontent-width\u00a0\u00bb parallax_image_height=\u00a0\u00bbcontent-height\u00a0\u00bb parallax_image_movement=\u00a0\u00bbfixed\u00a0\u00bb parallax_image_speed=\u00a0\u00bb0.5&Prime; bg_video_loop=\u00a0\u00bbyes\u00a0\u00bb parallax_video_height=\u00a0\u00bbwindow-height\u00a0\u00bb parallax_video_overlay=\u00a0\u00bbnone\u00a0\u00bb row_overlay_opacity=\u00a0\u00bb0&Prime; row_col_pos=\u00a0\u00bbdefault\u00a0\u00bb width=\u00a0\u00bb1\/1&Prime; el_position=\u00a0\u00bbfirst last\u00a0\u00bb] [spb_blank_spacer height=\u00a0\u00bb30px\u00a0\u00bb width=\u00a0\u00bb1\/1&Prime; el_position=\u00a0\u00bbfirst last\u00a0\u00bb] [spb_boxed_content type=\u00a0\u00bbcoloured\u00a0\u00bb box_link_target=\u00a0\u00bb_self\u00a0\u00bb padding_vertical=\u00a0\u00bb0&Prime; padding_horizontal=\u00a0\u00bb0&Prime; width=\u00a0\u00bb1\/1&Prime; el_position=\u00a0\u00bbfirst last\u00a0\u00bb]\n<h2 style=\"text-align: center;\"><strong>Description<\/strong><\/h2>\n<div class=\"horizontal-break bold\" style=\"background-color: #666d78; width: 100px\"> <\/div>\n<p style=\"text-align: justify;\">Success stories d&rsquo;un fabricant espagnol de fixations.\u00a0Gesti\u00f3n de Compras a commenc\u00e9 \u00e0 fournir les articles requis par l&rsquo;une de nos soci\u00e9t\u00e9s asiatiques repr\u00e9sent\u00e9es.\u00a0La satisfaction du client est absolue en ce qui concerne le service, le prix et la qualit\u00e9 des articles fournis.<\/p>\n[\/spb_boxed_content] [spb_blank_spacer height=\u00a0\u00bb30px\u00a0\u00bb width=\u00a0\u00bb1\/1&Prime; el_position=\u00a0\u00bbfirst last\u00a0\u00bb] [spb_column col_sm=\u00a0\u00bb4&Prime; padding_horizontal=\u00a0\u00bb0&Prime; width=\u00a0\u00bb1\/3&Prime; el_position=\u00a0\u00bbfirst\u00a0\u00bb] [spb_icon_box title=\u00a0\u00bbClient\u00a0\u00bb box_type=\u00a0\u00bbstandard\u00a0\u00bb box_icon_type=\u00a0\u00bbicon\u00a0\u00bb icon=\u00a0\u00bbfas fa-user-tie\u00a0\u00bb animate_svg=\u00a0\u00bbno\u00a0\u00bb target=\u00a0\u00bb_self\u00a0\u00bb animation=\u00a0\u00bbnone\u00a0\u00bb animation_delay=\u00a0\u00bb0&Prime; animated_box_style=\u00a0\u00bbcoloured\u00a0\u00bb animated_box_rounded=\u00a0\u00bbyes\u00a0\u00bb width=\u00a0\u00bb1\/1&Prime; el_position=\u00a0\u00bbfirst last\u00a0\u00bb]\n<p style=\"text-align: justify; font-size: 14px;\">Fabricant espagnol de fixations.<\/p>\n<p>&nbsp;<\/p>\n[\/spb_icon_box] [\/spb_column] [spb_column col_sm=\u00a0\u00bb4&Prime; padding_horizontal=\u00a0\u00bb0&Prime; width=\u00a0\u00bb1\/3&Prime;] [spb_icon_box title=\u00a0\u00bbProduit\u00a0\u00bb box_type=\u00a0\u00bbstandard\u00a0\u00bb box_icon_type=\u00a0\u00bbicon\u00a0\u00bb icon=\u00a0\u00bbfas fa-cog\u00a0\u00bb animate_svg=\u00a0\u00bbno\u00a0\u00bb target=\u00a0\u00bb_self\u00a0\u00bb animation=\u00a0\u00bbnone\u00a0\u00bb animation_delay=\u00a0\u00bb0&Prime; animated_box_style=\u00a0\u00bbcoloured\u00a0\u00bb animated_box_rounded=\u00a0\u00bbyes\u00a0\u00bb width=\u00a0\u00bb1\/1&Prime; el_position=\u00a0\u00bbfirst last\u00a0\u00bb]\n<p style=\"text-align: justify; font-size: 14px;\">Le client a contact\u00e9 Gesti\u00f3n de Compras pour sous-traiter une partie d&rsquo;un d\u00e9cor qu&rsquo;il produisait lui-m\u00eame.<\/p>\n[\/spb_icon_box] [\/spb_column] [spb_column col_sm=\u00a0\u00bb4&Prime; padding_horizontal=\u00a0\u00bb0&Prime; width=\u00a0\u00bb1\/3&Prime; el_position=\u00a0\u00bblast\u00a0\u00bb] [spb_icon_box title=\u00a0\u00bbExigences du client\u00a0\u00bb box_type=\u00a0\u00bbstandard\u00a0\u00bb box_icon_type=\u00a0\u00bbicon\u00a0\u00bb icon=\u00a0\u00bbfas fa-handshake\u00a0\u00bb animate_svg=\u00a0\u00bbno\u00a0\u00bb target=\u00a0\u00bb_self\u00a0\u00bb animation=\u00a0\u00bbnone\u00a0\u00bb animation_delay=\u00a0\u00bb0&Prime; animated_box_style=\u00a0\u00bbcoloured\u00a0\u00bb animated_box_rounded=\u00a0\u00bbyes\u00a0\u00bb width=\u00a0\u00bb1\/1&Prime; el_position=\u00a0\u00bbfirst last\u00a0\u00bb]\n<p style=\"text-align: justify; font-size: 14px;\">Notre client souhaitait r\u00e9duire le co\u00fbt du produit final, en sous-traitant certaines pi\u00e8ces (rondelles et \u00e9crous hexagonaux, exactement) de l&rsquo;article final sur des march\u00e9s plus comp\u00e9titifs.<\/p>\n<p style=\"text-align: justify; font-size: 14px;\">Le producteur devait atteindre les normes de qualit\u00e9 requises et disposer d&rsquo;une capacit\u00e9 de production suffisante pour r\u00e9pondre aux demandes des clients.<\/p>\n<p style=\"text-align: justify; font-size: 14px;\">Le processus de production devait \u00eatre d\u00fbment audit\u00e9 en usine par un agent certificateur ind\u00e9pendant d\u00e9sign\u00e9 par le client.<\/p>\n[\/spb_icon_box] [\/spb_column] [spb_blank_spacer height=\u00a0\u00bb20px\u00a0\u00bb width=\u00a0\u00bb1\/1&Prime; el_position=\u00a0\u00bbfirst last\u00a0\u00bb] [\/spb_row] [spb_row element_name=\u00a0\u00bbRow\u00a0\u00bb wrap_type=\u00a0\u00bbfull-width-contained\u00a0\u00bb row_bg_type=\u00a0\u00bbimage\u00a0\u00bb row_bg_color=\u00a0\u00bb#242424&Prime; color_row_height=\u00a0\u00bbcontent-height\u00a0\u00bb bg_image=\u00a0\u00bb426&Prime; bg_type=\u00a0\u00bbcover\u00a0\u00bb parallax_image_height=\u00a0\u00bbcontent-height\u00a0\u00bb parallax_image_movement=\u00a0\u00bbscroll\u00a0\u00bb parallax_image_speed=\u00a0\u00bbstandard\u00a0\u00bb bg_video_loop=\u00a0\u00bbyes\u00a0\u00bb parallax_video_height=\u00a0\u00bbwindow-height\u00a0\u00bb row_top_style=\u00a0\u00bbnone\u00a0\u00bb row_bottom_style=\u00a0\u00bbnone\u00a0\u00bb parallax_video_overlay=\u00a0\u00bbnone\u00a0\u00bb row_overlay_opacity=\u00a0\u00bb0&Prime; remove_element_spacing=\u00a0\u00bbno\u00a0\u00bb row_col_spacing=\u00a0\u00bb0&Prime; row_col_pos=\u00a0\u00bbdefault\u00a0\u00bb row_col_equal_heights=\u00a0\u00bbno\u00a0\u00bb row_expanding=\u00a0\u00bbno\u00a0\u00bb row_animation=\u00a0\u00bbnone\u00a0\u00bb row_animation_delay=\u00a0\u00bb0&Prime; minimize_row=\u00a0\u00bbno\u00a0\u00bb simplified_controls=\u00a0\u00bbno\u00a0\u00bb custom_css_percentage=\u00a0\u00bbno\u00a0\u00bb custom_css=\u00a0\u00bbmargin-top: 0px;margin-bottom: 0px;\u00a0\u00bb border_styling_global=\u00a0\u00bbdefault\u00a0\u00bb el_class=\u00a0\u00bbhideBackImage\u00a0\u00bb width=\u00a0\u00bb1\/1&Prime; el_position=\u00a0\u00bbfirst last\u00a0\u00bb] [spb_column col_animation=\u00a0\u00bbnone\u00a0\u00bb col_animation_delay=\u00a0\u00bb0&Prime; col_bg_color=\u00a0\u00bb#242424&Prime; col_bg_type=\u00a0\u00bbcover\u00a0\u00bb col_parallax_image_movement=\u00a0\u00bbfixed\u00a0\u00bb col_parallax_image_speed=\u00a0\u00bb0.5&Prime; col_padding=\u00a0\u00bb0&Prime; col_vertical_offset=\u00a0\u00bb0&Prime; col_horizontal_offset=\u00a0\u00bb0&Prime; col_custom_zindex=\u00a0\u00bb0&Prime; col_xs=\u00a0\u00bb12&Prime; col_sm=\u00a0\u00bb12&Prime; col_md=\u00a0\u00bb8&Prime; col_lg=\u00a0\u00bb8&Prime; simplified_controls=\u00a0\u00bbyes\u00a0\u00bb custom_css_percentage=\u00a0\u00bbno\u00a0\u00bb padding_vertical=\u00a0\u00bb20&Prime; padding_horizontal=\u00a0\u00bb20&Prime; margin_vertical=\u00a0\u00bb0&Prime; custom_css=\u00a0\u00bbmargin-top: 0px;margin-bottom: 0px;padding-top: 20px;padding-left: 20px;padding-right: 20px;padding-bottom: 20px;\u00a0\u00bb border_styling_global=\u00a0\u00bbdefault\u00a0\u00bb width=\u00a0\u00bb1\/1&Prime; el_position=\u00a0\u00bbfirst last\u00a0\u00bb] [spb_boxed_content type=\u00a0\u00bbcoloured\u00a0\u00bb box_link_target=\u00a0\u00bb_self\u00a0\u00bb padding_vertical=\u00a0\u00bb0&Prime; padding_horizontal=\u00a0\u00bb0&Prime; width=\u00a0\u00bb1\/1&Prime; el_position=\u00a0\u00bbfirst last\u00a0\u00bb]\n<section>\n<section>\n<div>\n<div>\n<div>\n<div>\n<h2>Services offerts \/ R\u00e9sultats<\/h2>\n<hr \/>\n<p><span style=\"color: #ffffff;\">Apr\u00e8s un processus rigoureux de s\u00e9lection des sources, Gesti\u00f3n de Compras a commenc\u00e9 \u00e0 fournir les articles requis par l&rsquo;une de nos soci\u00e9t\u00e9s asiatiques repr\u00e9sent\u00e9es, une fois les dessins et les \u00e9chantillons accept\u00e9s par le client. Gr\u00e2ce \u00e0 nos prix, le client a r\u00e9alis\u00e9 une importante \u00e9conomie de co\u00fbts sur le produit final.Le processus de production a \u00e9t\u00e9 audit\u00e9 avec succ\u00e8s par le \u00ab Bureau Veritas \u00bb, avec l&rsquo;aide de notre personnel en usine. Actuellement, cette certification est r\u00e9guli\u00e8rement renouvel\u00e9e tous les deux ans.<\/span><\/p>\n<p><span style=\"color: #ffffff;\">Nous fournissons d\u00e9sormais ces pi\u00e8ces de mani\u00e8re r\u00e9guli\u00e8re, avec des volumes annuels d&rsquo;environ 1,5 million d&rsquo;euros.<\/span><\/p>\n<p><span style=\"color: #ffffff;\">La satisfaction du client est absolue en ce qui concerne le service, le prix et la qualit\u00e9 des articles fournis.<\/span><\/p>\n<\/div>\n<\/div>\n<\/div>\n<\/div>\n<\/section>\n<\/section>\n[\/spb_boxed_content] [spb_blank_spacer height=\u00a0\u00bb30px\u00a0\u00bb width=\u00a0\u00bb1\/1&Prime; el_position=\u00a0\u00bbfirst last\u00a0\u00bb] [\/spb_column] [\/spb_row]\n","protected":false},"excerpt":{"rendered":"<p>[spb_row element_name=\u00a0\u00bbRow\u00a0\u00bb wrap_type=\u00a0\u00bbcontent-width\u00a0\u00bb parallax_image_height=\u00a0\u00bbcontent-height\u00a0\u00bb parallax_image_movement=\u00a0\u00bbfixed\u00a0\u00bb parallax_image_speed=\u00a0\u00bb0.5&Prime; bg_video_loop=\u00a0\u00bbyes\u00a0\u00bb parallax_video_height=\u00a0\u00bbwindow-height\u00a0\u00bb parallax_video_overlay=\u00a0\u00bbnone\u00a0\u00bb row_overlay_opacity=\u00a0\u00bb0&Prime; row_col_pos=\u00a0\u00bbdefault\u00a0\u00bb width=\u00a0\u00bb1\/1&Prime; el_position=\u00a0\u00bbfirst last\u00a0\u00bb] [spb_blank_spacer height=\u00a0\u00bb30px\u00a0\u00bb width=\u00a0\u00bb1\/1&Prime; el_position=\u00a0\u00bbfirst last\u00a0\u00bb] [spb_boxed_content type=\u00a0\u00bbcoloured\u00a0\u00bb box_link_target=\u00a0\u00bb_self\u00a0\u00bb padding_vertical=\u00a0\u00bb0&Prime; padding_horizontal=\u00a0\u00bb0&Prime; width=\u00a0\u00bb1\/1&Prime; el_position=\u00a0\u00bbfirst last\u00a0\u00bb] Description Success stories d&rsquo;un fabricant espagnol de fixations.\u00a0Gesti\u00f3n de Compras a commenc\u00e9 \u00e0 fournir les articles requis par l&rsquo;une de nos soci\u00e9t\u00e9s asiatiques repr\u00e9sent\u00e9es.\u00a0La satisfaction du client est absolue en ce qui concerne [&hellip;]<\/p>\n","protected":false},"author":3,"featured_media":302,"parent":7425,"menu_order":0,"comment_status":"closed","ping_status":"closed","template":"","meta":{"footnotes":""},"yoast_head":"<!-- This site is optimized with the Yoast SEO plugin v22.4 - https:\/\/yoast.com\/wordpress\/plugins\/seo\/ -->\n<title>Attaches - Gesti\u00f3n De Compras<\/title>\n<meta name=\"robots\" content=\"index, follow, max-snippet:-1, max-image-preview:large, max-video-preview:-1\" \/>\n<link rel=\"canonical\" href=\"https:\/\/wp.gestiondecompras.com\/fr\/succes-dentreprises\/attaches\/\" \/>\n<meta property=\"og:locale\" content=\"fr_FR\" \/>\n<meta property=\"og:type\" content=\"article\" \/>\n<meta property=\"og:title\" content=\"Attaches - Gesti\u00f3n De Compras\" \/>\n<meta property=\"og:description\" content=\"[spb_row element_name=\u00a0\u00bbRow\u00a0\u00bb wrap_type=\u00a0\u00bbcontent-width\u00a0\u00bb parallax_image_height=\u00a0\u00bbcontent-height\u00a0\u00bb parallax_image_movement=\u00a0\u00bbfixed\u00a0\u00bb parallax_image_speed=\u00a0\u00bb0.5&Prime; bg_video_loop=\u00a0\u00bbyes\u00a0\u00bb parallax_video_height=\u00a0\u00bbwindow-height\u00a0\u00bb parallax_video_overlay=\u00a0\u00bbnone\u00a0\u00bb row_overlay_opacity=\u00a0\u00bb0&Prime; row_col_pos=\u00a0\u00bbdefault\u00a0\u00bb width=\u00a0\u00bb1\/1&Prime; el_position=\u00a0\u00bbfirst last\u00a0\u00bb] [spb_blank_spacer height=\u00a0\u00bb30px\u00a0\u00bb width=\u00a0\u00bb1\/1&Prime; el_position=\u00a0\u00bbfirst last\u00a0\u00bb] [spb_boxed_content type=\u00a0\u00bbcoloured\u00a0\u00bb box_link_target=\u00a0\u00bb_self\u00a0\u00bb padding_vertical=\u00a0\u00bb0&Prime; padding_horizontal=\u00a0\u00bb0&Prime; width=\u00a0\u00bb1\/1&Prime; el_position=\u00a0\u00bbfirst last\u00a0\u00bb] Description Success stories d&rsquo;un fabricant espagnol de fixations.\u00a0Gesti\u00f3n de Compras a commenc\u00e9 \u00e0 fournir les articles requis par l&rsquo;une de nos soci\u00e9t\u00e9s asiatiques repr\u00e9sent\u00e9es.\u00a0La satisfaction du client est absolue en ce qui concerne [&hellip;]\" \/>\n<meta property=\"og:url\" content=\"https:\/\/wp.gestiondecompras.com\/fr\/succes-dentreprises\/attaches\/\" \/>\n<meta property=\"og:site_name\" content=\"Gesti\u00f3n De Compras\" \/>\n<meta property=\"article:modified_time\" content=\"2021-10-20T11:36:29+00:00\" \/>\n<meta property=\"og:image\" content=\"https:\/\/wp.gestiondecompras.com\/wp-content\/uploads\/2021\/04\/pexels-pixabay-259968.jpg\" \/>\n\t<meta property=\"og:image:width\" content=\"640\" \/>\n\t<meta property=\"og:image:height\" content=\"426\" \/>\n\t<meta property=\"og:image:type\" content=\"image\/jpeg\" \/>\n<meta name=\"twitter:card\" content=\"summary_large_image\" \/>\n<meta name=\"twitter:label1\" content=\"Dur\u00e9e de lecture estim\u00e9e\" \/>\n\t<meta name=\"twitter:data1\" content=\"2 minutes\" \/>\n<script type=\"application\/ld+json\" class=\"yoast-schema-graph\">{\"@context\":\"https:\/\/schema.org\",\"@graph\":[{\"@type\":\"WebPage\",\"@id\":\"https:\/\/wp.gestiondecompras.com\/fr\/succes-dentreprises\/attaches\/\",\"url\":\"https:\/\/wp.gestiondecompras.com\/fr\/succes-dentreprises\/attaches\/\",\"name\":\"Attaches - Gesti\u00f3n De Compras\",\"isPartOf\":{\"@id\":\"https:\/\/wp.gestiondecompras.com\/fr\/#website\"},\"primaryImageOfPage\":{\"@id\":\"https:\/\/wp.gestiondecompras.com\/fr\/succes-dentreprises\/attaches\/#primaryimage\"},\"image\":{\"@id\":\"https:\/\/wp.gestiondecompras.com\/fr\/succes-dentreprises\/attaches\/#primaryimage\"},\"thumbnailUrl\":\"https:\/\/wp.gestiondecompras.com\/wp-content\/uploads\/2021\/04\/pexels-pixabay-259968.jpg\",\"datePublished\":\"2021-04-30T10:05:44+00:00\",\"dateModified\":\"2021-10-20T11:36:29+00:00\",\"breadcrumb\":{\"@id\":\"https:\/\/wp.gestiondecompras.com\/fr\/succes-dentreprises\/attaches\/#breadcrumb\"},\"inLanguage\":\"fr-FR\",\"potentialAction\":[{\"@type\":\"ReadAction\",\"target\":[\"https:\/\/wp.gestiondecompras.com\/fr\/succes-dentreprises\/attaches\/\"]}]},{\"@type\":\"ImageObject\",\"inLanguage\":\"fr-FR\",\"@id\":\"https:\/\/wp.gestiondecompras.com\/fr\/succes-dentreprises\/attaches\/#primaryimage\",\"url\":\"https:\/\/wp.gestiondecompras.com\/wp-content\/uploads\/2021\/04\/pexels-pixabay-259968.jpg\",\"contentUrl\":\"https:\/\/wp.gestiondecompras.com\/wp-content\/uploads\/2021\/04\/pexels-pixabay-259968.jpg\",\"width\":640,\"height\":426,\"caption\":\"Tornillos\"},{\"@type\":\"BreadcrumbList\",\"@id\":\"https:\/\/wp.gestiondecompras.com\/fr\/succes-dentreprises\/attaches\/#breadcrumb\",\"itemListElement\":[{\"@type\":\"ListItem\",\"position\":1,\"name\":\"Accueil\",\"item\":\"https:\/\/wp.gestiondecompras.com\/fr\/\"},{\"@type\":\"ListItem\",\"position\":2,\"name\":\"Succ\u00e8s d\u00b4entreprises\",\"item\":\"https:\/\/wp.gestiondecompras.com\/fr\/casos-de-exito\/\"},{\"@type\":\"ListItem\",\"position\":3,\"name\":\"Attaches\"}]},{\"@type\":\"WebSite\",\"@id\":\"https:\/\/wp.gestiondecompras.com\/fr\/#website\",\"url\":\"https:\/\/wp.gestiondecompras.com\/fr\/\",\"name\":\"Gesti\u00f3n De Compras\",\"description\":\"Sourcing Internacional\",\"potentialAction\":[{\"@type\":\"SearchAction\",\"target\":{\"@type\":\"EntryPoint\",\"urlTemplate\":\"https:\/\/wp.gestiondecompras.com\/fr\/?s={search_term_string}\"},\"query-input\":\"required name=search_term_string\"}],\"inLanguage\":\"fr-FR\"}]}<\/script>\n<!-- \/ Yoast SEO plugin. -->","yoast_head_json":{"title":"Attaches - Gesti\u00f3n De Compras","robots":{"index":"index","follow":"follow","max-snippet":"max-snippet:-1","max-image-preview":"max-image-preview:large","max-video-preview":"max-video-preview:-1"},"canonical":"https:\/\/wp.gestiondecompras.com\/fr\/succes-dentreprises\/attaches\/","og_locale":"fr_FR","og_type":"article","og_title":"Attaches - Gesti\u00f3n De Compras","og_description":"[spb_row element_name=\u00a0\u00bbRow\u00a0\u00bb wrap_type=\u00a0\u00bbcontent-width\u00a0\u00bb parallax_image_height=\u00a0\u00bbcontent-height\u00a0\u00bb parallax_image_movement=\u00a0\u00bbfixed\u00a0\u00bb parallax_image_speed=\u00a0\u00bb0.5&Prime; bg_video_loop=\u00a0\u00bbyes\u00a0\u00bb parallax_video_height=\u00a0\u00bbwindow-height\u00a0\u00bb parallax_video_overlay=\u00a0\u00bbnone\u00a0\u00bb row_overlay_opacity=\u00a0\u00bb0&Prime; row_col_pos=\u00a0\u00bbdefault\u00a0\u00bb width=\u00a0\u00bb1\/1&Prime; el_position=\u00a0\u00bbfirst last\u00a0\u00bb] [spb_blank_spacer height=\u00a0\u00bb30px\u00a0\u00bb width=\u00a0\u00bb1\/1&Prime; el_position=\u00a0\u00bbfirst last\u00a0\u00bb] [spb_boxed_content type=\u00a0\u00bbcoloured\u00a0\u00bb box_link_target=\u00a0\u00bb_self\u00a0\u00bb padding_vertical=\u00a0\u00bb0&Prime; padding_horizontal=\u00a0\u00bb0&Prime; width=\u00a0\u00bb1\/1&Prime; el_position=\u00a0\u00bbfirst last\u00a0\u00bb] Description Success stories d&rsquo;un fabricant espagnol de fixations.\u00a0Gesti\u00f3n de Compras a commenc\u00e9 \u00e0 fournir les articles requis par l&rsquo;une de nos soci\u00e9t\u00e9s asiatiques repr\u00e9sent\u00e9es.\u00a0La satisfaction du client est absolue en ce qui concerne [&hellip;]","og_url":"https:\/\/wp.gestiondecompras.com\/fr\/succes-dentreprises\/attaches\/","og_site_name":"Gesti\u00f3n De Compras","article_modified_time":"2021-10-20T11:36:29+00:00","og_image":[{"width":640,"height":426,"url":"https:\/\/wp.gestiondecompras.com\/wp-content\/uploads\/2021\/04\/pexels-pixabay-259968.jpg","type":"image\/jpeg"}],"twitter_card":"summary_large_image","twitter_misc":{"Dur\u00e9e de lecture estim\u00e9e":"2 minutes"},"schema":{"@context":"https:\/\/schema.org","@graph":[{"@type":"WebPage","@id":"https:\/\/wp.gestiondecompras.com\/fr\/succes-dentreprises\/attaches\/","url":"https:\/\/wp.gestiondecompras.com\/fr\/succes-dentreprises\/attaches\/","name":"Attaches - Gesti\u00f3n De Compras","isPartOf":{"@id":"https:\/\/wp.gestiondecompras.com\/fr\/#website"},"primaryImageOfPage":{"@id":"https:\/\/wp.gestiondecompras.com\/fr\/succes-dentreprises\/attaches\/#primaryimage"},"image":{"@id":"https:\/\/wp.gestiondecompras.com\/fr\/succes-dentreprises\/attaches\/#primaryimage"},"thumbnailUrl":"https:\/\/wp.gestiondecompras.com\/wp-content\/uploads\/2021\/04\/pexels-pixabay-259968.jpg","datePublished":"2021-04-30T10:05:44+00:00","dateModified":"2021-10-20T11:36:29+00:00","breadcrumb":{"@id":"https:\/\/wp.gestiondecompras.com\/fr\/succes-dentreprises\/attaches\/#breadcrumb"},"inLanguage":"fr-FR","potentialAction":[{"@type":"ReadAction","target":["https:\/\/wp.gestiondecompras.com\/fr\/succes-dentreprises\/attaches\/"]}]},{"@type":"ImageObject","inLanguage":"fr-FR","@id":"https:\/\/wp.gestiondecompras.com\/fr\/succes-dentreprises\/attaches\/#primaryimage","url":"https:\/\/wp.gestiondecompras.com\/wp-content\/uploads\/2021\/04\/pexels-pixabay-259968.jpg","contentUrl":"https:\/\/wp.gestiondecompras.com\/wp-content\/uploads\/2021\/04\/pexels-pixabay-259968.jpg","width":640,"height":426,"caption":"Tornillos"},{"@type":"BreadcrumbList","@id":"https:\/\/wp.gestiondecompras.com\/fr\/succes-dentreprises\/attaches\/#breadcrumb","itemListElement":[{"@type":"ListItem","position":1,"name":"Accueil","item":"https:\/\/wp.gestiondecompras.com\/fr\/"},{"@type":"ListItem","position":2,"name":"Succ\u00e8s d\u00b4entreprises","item":"https:\/\/wp.gestiondecompras.com\/fr\/casos-de-exito\/"},{"@type":"ListItem","position":3,"name":"Attaches"}]},{"@type":"WebSite","@id":"https:\/\/wp.gestiondecompras.com\/fr\/#website","url":"https:\/\/wp.gestiondecompras.com\/fr\/","name":"Gesti\u00f3n De Compras","description":"Sourcing Internacional","potentialAction":[{"@type":"SearchAction","target":{"@type":"EntryPoint","urlTemplate":"https:\/\/wp.gestiondecompras.com\/fr\/?s={search_term_string}"},"query-input":"required name=search_term_string"}],"inLanguage":"fr-FR"}]}},"_links":{"self":[{"href":"https:\/\/wp.gestiondecompras.com\/fr\/wp-json\/wp\/v2\/pages\/7432"}],"collection":[{"href":"https:\/\/wp.gestiondecompras.com\/fr\/wp-json\/wp\/v2\/pages"}],"about":[{"href":"https:\/\/wp.gestiondecompras.com\/fr\/wp-json\/wp\/v2\/types\/page"}],"author":[{"embeddable":true,"href":"https:\/\/wp.gestiondecompras.com\/fr\/wp-json\/wp\/v2\/users\/3"}],"replies":[{"embeddable":true,"href":"https:\/\/wp.gestiondecompras.com\/fr\/wp-json\/wp\/v2\/comments?post=7432"}],"version-history":[{"count":7,"href":"https:\/\/wp.gestiondecompras.com\/fr\/wp-json\/wp\/v2\/pages\/7432\/revisions"}],"predecessor-version":[{"id":8573,"href":"https:\/\/wp.gestiondecompras.com\/fr\/wp-json\/wp\/v2\/pages\/7432\/revisions\/8573"}],"up":[{"embeddable":true,"href":"https:\/\/wp.gestiondecompras.com\/fr\/wp-json\/wp\/v2\/pages\/7425"}],"wp:featuredmedia":[{"embeddable":true,"href":"https:\/\/wp.gestiondecompras.com\/fr\/wp-json\/wp\/v2\/media\/302"}],"wp:attachment":[{"href":"https:\/\/wp.gestiondecompras.com\/fr\/wp-json\/wp\/v2\/media?parent=7432"}],"curies":[{"name":"wp","href":"https:\/\/api.w.org\/{rel}","templated":true}]}}