{"id":15355,"date":"2024-02-23T11:57:18","date_gmt":"2024-02-23T11:57:18","guid":{"rendered":"https:\/\/wp.gestiondecompras.com\/?page_id=15355"},"modified":"2024-03-06T09:06:19","modified_gmt":"2024-03-06T09:06:19","slug":"secteurs","status":"publish","type":"page","link":"https:\/\/wp.gestiondecompras.com\/fr\/secteurs\/","title":{"rendered":"Secteurs"},"content":{"rendered":"[spb_row element_name=\u00a0\u00bbRow\u00a0\u00bb wrap_type=\u00a0\u00bbcontent-width\u00a0\u00bb parallax_image_height=\u00a0\u00bbcontent-height\u00a0\u00bb parallax_image_movement=\u00a0\u00bbfixed\u00a0\u00bb parallax_image_speed=\u00a0\u00bb0.5&Prime; bg_video_loop=\u00a0\u00bbyes\u00a0\u00bb parallax_video_height=\u00a0\u00bbwindow-height\u00a0\u00bb parallax_video_overlay=\u00a0\u00bbnone\u00a0\u00bb row_overlay_opacity=\u00a0\u00bb0&Prime; row_col_pos=\u00a0\u00bbdefault\u00a0\u00bb width=\u00a0\u00bb1\/1&Prime; el_position=\u00a0\u00bbfirst last\u00a0\u00bb] [spb_column col_sm=\u00a0\u00bb12&Prime; padding_horizontal=\u00a0\u00bb0&Prime; width=\u00a0\u00bb1\/1&Prime; el_position=\u00a0\u00bbfirst last\u00a0\u00bb] [spb_text_block animation=\u00a0\u00bbnone\u00a0\u00bb animation_delay=\u00a0\u00bb0&Prime; simplified_controls=\u00a0\u00bbyes\u00a0\u00bb custom_css_percentage=\u00a0\u00bbno\u00a0\u00bb padding_vertical=\u00a0\u00bb0&Prime; padding_horizontal=\u00a0\u00bb0&Prime; margin_vertical=\u00a0\u00bb0&Prime; custom_css=\u00a0\u00bbmargin-top: 0px;margin-bottom: 0px;\u00a0\u00bb border_size=\u00a0\u00bb0&Prime; border_styling_global=\u00a0\u00bbdefault\u00a0\u00bb width=\u00a0\u00bb1\/1&Prime; el_position=\u00a0\u00bbfirst last\u00a0\u00bb]\n<p>Gesti\u00f3n de Compras poss\u00e8de une vaste exp\u00e9rience dans un grand nombre de secteurs, notamment l&rsquo;automobile, la construction, l&rsquo;industrie, l&rsquo;agriculture, le secteur m\u00e9dical et de la sant\u00e9, etc.<\/p>\n[\/spb_text_block] [\/spb_column] [spb_blank_spacer height=\u00a0\u00bb30px\u00a0\u00bb width=\u00a0\u00bb1\/1&Prime; el_position=\u00a0\u00bbfirst last\u00a0\u00bb] [\/spb_row]\n","protected":false},"excerpt":{"rendered":"<p>[spb_row element_name=\u00a0\u00bbRow\u00a0\u00bb wrap_type=\u00a0\u00bbcontent-width\u00a0\u00bb parallax_image_height=\u00a0\u00bbcontent-height\u00a0\u00bb parallax_image_movement=\u00a0\u00bbfixed\u00a0\u00bb parallax_image_speed=\u00a0\u00bb0.5&Prime; bg_video_loop=\u00a0\u00bbyes\u00a0\u00bb parallax_video_height=\u00a0\u00bbwindow-height\u00a0\u00bb parallax_video_overlay=\u00a0\u00bbnone\u00a0\u00bb row_overlay_opacity=\u00a0\u00bb0&Prime; row_col_pos=\u00a0\u00bbdefault\u00a0\u00bb width=\u00a0\u00bb1\/1&Prime; el_position=\u00a0\u00bbfirst last\u00a0\u00bb] [spb_column col_sm=\u00a0\u00bb12&Prime; padding_horizontal=\u00a0\u00bb0&Prime; width=\u00a0\u00bb1\/1&Prime; el_position=\u00a0\u00bbfirst last\u00a0\u00bb] [spb_text_block animation=\u00a0\u00bbnone\u00a0\u00bb animation_delay=\u00a0\u00bb0&Prime; simplified_controls=\u00a0\u00bbyes\u00a0\u00bb custom_css_percentage=\u00a0\u00bbno\u00a0\u00bb padding_vertical=\u00a0\u00bb0&Prime; padding_horizontal=\u00a0\u00bb0&Prime; margin_vertical=\u00a0\u00bb0&Prime; custom_css=\u00a0\u00bbmargin-top: 0px;margin-bottom: 0px;\u00a0\u00bb border_size=\u00a0\u00bb0&Prime; border_styling_global=\u00a0\u00bbdefault\u00a0\u00bb width=\u00a0\u00bb1\/1&Prime; el_position=\u00a0\u00bbfirst last\u00a0\u00bb] Gesti\u00f3n de Compras poss\u00e8de une vaste exp\u00e9rience dans un grand nombre de secteurs, notamment l&rsquo;automobile, la construction, l&rsquo;industrie, l&rsquo;agriculture, le secteur m\u00e9dical et de [&hellip;]<\/p>\n","protected":false},"author":5,"featured_media":14998,"parent":0,"menu_order":0,"comment_status":"closed","ping_status":"closed","template":"page-sectors.php","meta":{"footnotes":""},"yoast_head":"<!-- This site is optimized with the Yoast SEO plugin v22.4 - https:\/\/yoast.com\/wordpress\/plugins\/seo\/ -->\n<title>Secteurs - Gesti\u00f3n De Compras<\/title>\n<meta name=\"description\" content=\"Nous offrons \u00e0 nos clients des services de conception, de d\u00e9veloppement et de fabrication de haute qualit\u00e9 dans un large \u00e9ventail de secteurs\" \/>\n<meta name=\"robots\" content=\"index, follow, max-snippet:-1, max-image-preview:large, max-video-preview:-1\" \/>\n<link rel=\"canonical\" href=\"https:\/\/wp.gestiondecompras.com\/fr\/secteurs\/\" \/>\n<meta property=\"og:locale\" content=\"fr_FR\" \/>\n<meta property=\"og:type\" content=\"article\" \/>\n<meta property=\"og:title\" content=\"Secteurs - Gesti\u00f3n De Compras\" \/>\n<meta property=\"og:description\" content=\"Nous offrons \u00e0 nos clients des services de conception, de d\u00e9veloppement et de fabrication de haute qualit\u00e9 dans un large \u00e9ventail de secteurs\" \/>\n<meta property=\"og:url\" content=\"https:\/\/wp.gestiondecompras.com\/fr\/secteurs\/\" \/>\n<meta property=\"og:site_name\" content=\"Gesti\u00f3n De Compras\" \/>\n<meta property=\"article:modified_time\" content=\"2024-03-06T09:06:19+00:00\" \/>\n<meta property=\"og:image\" content=\"https:\/\/wp.gestiondecompras.com\/wp-content\/uploads\/2024\/02\/manufacturing-facility-producing-solar-cells-for-r-2024-02-14-16-51-45-utc-scaled.jpg\" \/>\n\t<meta property=\"og:image:width\" content=\"2560\" \/>\n\t<meta property=\"og:image:height\" content=\"1440\" \/>\n\t<meta property=\"og:image:type\" content=\"image\/jpeg\" \/>\n<meta name=\"twitter:card\" content=\"summary_large_image\" \/>\n<meta name=\"twitter:label1\" content=\"Dur\u00e9e de lecture estim\u00e9e\" \/>\n\t<meta name=\"twitter:data1\" content=\"1 minute\" \/>\n<script type=\"application\/ld+json\" class=\"yoast-schema-graph\">{\"@context\":\"https:\/\/schema.org\",\"@graph\":[{\"@type\":\"WebPage\",\"@id\":\"https:\/\/wp.gestiondecompras.com\/fr\/secteurs\/\",\"url\":\"https:\/\/wp.gestiondecompras.com\/fr\/secteurs\/\",\"name\":\"Secteurs - Gesti\u00f3n De Compras\",\"isPartOf\":{\"@id\":\"https:\/\/wp.gestiondecompras.com\/fr\/#website\"},\"primaryImageOfPage\":{\"@id\":\"https:\/\/wp.gestiondecompras.com\/fr\/secteurs\/#primaryimage\"},\"image\":{\"@id\":\"https:\/\/wp.gestiondecompras.com\/fr\/secteurs\/#primaryimage\"},\"thumbnailUrl\":\"https:\/\/wp.gestiondecompras.com\/wp-content\/uploads\/2024\/02\/manufacturing-facility-producing-solar-cells-for-r-2024-02-14-16-51-45-utc-scaled.jpg\",\"datePublished\":\"2024-02-23T11:57:18+00:00\",\"dateModified\":\"2024-03-06T09:06:19+00:00\",\"description\":\"Nous offrons \u00e0 nos clients des services de conception, de d\u00e9veloppement et de fabrication de haute qualit\u00e9 dans un large \u00e9ventail de secteurs\",\"breadcrumb\":{\"@id\":\"https:\/\/wp.gestiondecompras.com\/fr\/secteurs\/#breadcrumb\"},\"inLanguage\":\"fr-FR\",\"potentialAction\":[{\"@type\":\"ReadAction\",\"target\":[\"https:\/\/wp.gestiondecompras.com\/fr\/secteurs\/\"]}]},{\"@type\":\"ImageObject\",\"inLanguage\":\"fr-FR\",\"@id\":\"https:\/\/wp.gestiondecompras.com\/fr\/secteurs\/#primaryimage\",\"url\":\"https:\/\/wp.gestiondecompras.com\/wp-content\/uploads\/2024\/02\/manufacturing-facility-producing-solar-cells-for-r-2024-02-14-16-51-45-utc-scaled.jpg\",\"contentUrl\":\"https:\/\/wp.gestiondecompras.com\/wp-content\/uploads\/2024\/02\/manufacturing-facility-producing-solar-cells-for-r-2024-02-14-16-51-45-utc-scaled.jpg\",\"width\":2560,\"height\":1440,\"caption\":\"Business producing solar panels in factory with robotic arms placing photovoltaic modules on conveyor belts, 3D render. Manufacturing facility producing solar cells for renewable energy industry\"},{\"@type\":\"BreadcrumbList\",\"@id\":\"https:\/\/wp.gestiondecompras.com\/fr\/secteurs\/#breadcrumb\",\"itemListElement\":[{\"@type\":\"ListItem\",\"position\":1,\"name\":\"Accueil\",\"item\":\"https:\/\/wp.gestiondecompras.com\/fr\/\"},{\"@type\":\"ListItem\",\"position\":2,\"name\":\"Secteurs\"}]},{\"@type\":\"WebSite\",\"@id\":\"https:\/\/wp.gestiondecompras.com\/fr\/#website\",\"url\":\"https:\/\/wp.gestiondecompras.com\/fr\/\",\"name\":\"Gesti\u00f3n De Compras\",\"description\":\"Sourcing Internacional\",\"potentialAction\":[{\"@type\":\"SearchAction\",\"target\":{\"@type\":\"EntryPoint\",\"urlTemplate\":\"https:\/\/wp.gestiondecompras.com\/fr\/?s={search_term_string}\"},\"query-input\":\"required name=search_term_string\"}],\"inLanguage\":\"fr-FR\"}]}<\/script>\n<!-- \/ Yoast SEO plugin. -->","yoast_head_json":{"title":"Secteurs - Gesti\u00f3n De Compras","description":"Nous offrons \u00e0 nos clients des services de conception, de d\u00e9veloppement et de fabrication de haute qualit\u00e9 dans un large \u00e9ventail de secteurs","robots":{"index":"index","follow":"follow","max-snippet":"max-snippet:-1","max-image-preview":"max-image-preview:large","max-video-preview":"max-video-preview:-1"},"canonical":"https:\/\/wp.gestiondecompras.com\/fr\/secteurs\/","og_locale":"fr_FR","og_type":"article","og_title":"Secteurs - Gesti\u00f3n De Compras","og_description":"Nous offrons \u00e0 nos clients des services de conception, de d\u00e9veloppement et de fabrication de haute qualit\u00e9 dans un large \u00e9ventail de secteurs","og_url":"https:\/\/wp.gestiondecompras.com\/fr\/secteurs\/","og_site_name":"Gesti\u00f3n De Compras","article_modified_time":"2024-03-06T09:06:19+00:00","og_image":[{"width":2560,"height":1440,"url":"https:\/\/wp.gestiondecompras.com\/wp-content\/uploads\/2024\/02\/manufacturing-facility-producing-solar-cells-for-r-2024-02-14-16-51-45-utc-scaled.jpg","type":"image\/jpeg"}],"twitter_card":"summary_large_image","twitter_misc":{"Dur\u00e9e de lecture estim\u00e9e":"1 minute"},"schema":{"@context":"https:\/\/schema.org","@graph":[{"@type":"WebPage","@id":"https:\/\/wp.gestiondecompras.com\/fr\/secteurs\/","url":"https:\/\/wp.gestiondecompras.com\/fr\/secteurs\/","name":"Secteurs - Gesti\u00f3n De Compras","isPartOf":{"@id":"https:\/\/wp.gestiondecompras.com\/fr\/#website"},"primaryImageOfPage":{"@id":"https:\/\/wp.gestiondecompras.com\/fr\/secteurs\/#primaryimage"},"image":{"@id":"https:\/\/wp.gestiondecompras.com\/fr\/secteurs\/#primaryimage"},"thumbnailUrl":"https:\/\/wp.gestiondecompras.com\/wp-content\/uploads\/2024\/02\/manufacturing-facility-producing-solar-cells-for-r-2024-02-14-16-51-45-utc-scaled.jpg","datePublished":"2024-02-23T11:57:18+00:00","dateModified":"2024-03-06T09:06:19+00:00","description":"Nous offrons \u00e0 nos clients des services de conception, de d\u00e9veloppement et de fabrication de haute qualit\u00e9 dans un large \u00e9ventail de secteurs","breadcrumb":{"@id":"https:\/\/wp.gestiondecompras.com\/fr\/secteurs\/#breadcrumb"},"inLanguage":"fr-FR","potentialAction":[{"@type":"ReadAction","target":["https:\/\/wp.gestiondecompras.com\/fr\/secteurs\/"]}]},{"@type":"ImageObject","inLanguage":"fr-FR","@id":"https:\/\/wp.gestiondecompras.com\/fr\/secteurs\/#primaryimage","url":"https:\/\/wp.gestiondecompras.com\/wp-content\/uploads\/2024\/02\/manufacturing-facility-producing-solar-cells-for-r-2024-02-14-16-51-45-utc-scaled.jpg","contentUrl":"https:\/\/wp.gestiondecompras.com\/wp-content\/uploads\/2024\/02\/manufacturing-facility-producing-solar-cells-for-r-2024-02-14-16-51-45-utc-scaled.jpg","width":2560,"height":1440,"caption":"Business producing solar panels in factory with robotic arms placing photovoltaic modules on conveyor belts, 3D render. Manufacturing facility producing solar cells for renewable energy industry"},{"@type":"BreadcrumbList","@id":"https:\/\/wp.gestiondecompras.com\/fr\/secteurs\/#breadcrumb","itemListElement":[{"@type":"ListItem","position":1,"name":"Accueil","item":"https:\/\/wp.gestiondecompras.com\/fr\/"},{"@type":"ListItem","position":2,"name":"Secteurs"}]},{"@type":"WebSite","@id":"https:\/\/wp.gestiondecompras.com\/fr\/#website","url":"https:\/\/wp.gestiondecompras.com\/fr\/","name":"Gesti\u00f3n De Compras","description":"Sourcing Internacional","potentialAction":[{"@type":"SearchAction","target":{"@type":"EntryPoint","urlTemplate":"https:\/\/wp.gestiondecompras.com\/fr\/?s={search_term_string}"},"query-input":"required name=search_term_string"}],"inLanguage":"fr-FR"}]}},"_links":{"self":[{"href":"https:\/\/wp.gestiondecompras.com\/fr\/wp-json\/wp\/v2\/pages\/15355"}],"collection":[{"href":"https:\/\/wp.gestiondecompras.com\/fr\/wp-json\/wp\/v2\/pages"}],"about":[{"href":"https:\/\/wp.gestiondecompras.com\/fr\/wp-json\/wp\/v2\/types\/page"}],"author":[{"embeddable":true,"href":"https:\/\/wp.gestiondecompras.com\/fr\/wp-json\/wp\/v2\/users\/5"}],"replies":[{"embeddable":true,"href":"https:\/\/wp.gestiondecompras.com\/fr\/wp-json\/wp\/v2\/comments?post=15355"}],"version-history":[{"count":3,"href":"https:\/\/wp.gestiondecompras.com\/fr\/wp-json\/wp\/v2\/pages\/15355\/revisions"}],"predecessor-version":[{"id":15368,"href":"https:\/\/wp.gestiondecompras.com\/fr\/wp-json\/wp\/v2\/pages\/15355\/revisions\/15368"}],"wp:featuredmedia":[{"embeddable":true,"href":"https:\/\/wp.gestiondecompras.com\/fr\/wp-json\/wp\/v2\/media\/14998"}],"wp:attachment":[{"href":"https:\/\/wp.gestiondecompras.com\/fr\/wp-json\/wp\/v2\/media?parent=15355"}],"curies":[{"name":"wp","href":"https:\/\/api.w.org\/{rel}","templated":true}]}}