{"id":13705,"date":"2023-02-27T11:57:34","date_gmt":"2023-02-27T11:57:34","guid":{"rendered":"https:\/\/wp.gestiondecompras.com\/?page_id=13705"},"modified":"2023-02-27T12:01:39","modified_gmt":"2023-02-27T12:01:39","slug":"pieces-demboutissage-secteur-electrique-automobile","status":"publish","type":"page","link":"https:\/\/wp.gestiondecompras.com\/fr\/succes-dentreprises\/pieces-demboutissage-secteur-electrique-automobile\/","title":{"rendered":"Pi\u00e8ces d&#8217;emboutissage. Secteur \u00e9lectrique automobile"},"content":{"rendered":"[spb_row element_name=\u00a0\u00bbRow\u00a0\u00bb wrap_type=\u00a0\u00bbcontent-width\u00a0\u00bb parallax_image_height=\u00a0\u00bbcontent-height\u00a0\u00bb parallax_image_movement=\u00a0\u00bbfixed\u00a0\u00bb parallax_image_speed=\u00a0\u00bb0.5&Prime; bg_video_loop=\u00a0\u00bbyes\u00a0\u00bb parallax_video_height=\u00a0\u00bbwindow-height\u00a0\u00bb parallax_video_overlay=\u00a0\u00bbnone\u00a0\u00bb row_overlay_opacity=\u00a0\u00bb0&Prime; row_col_pos=\u00a0\u00bbdefault\u00a0\u00bb width=\u00a0\u00bb1\/1&Prime; el_position=\u00a0\u00bbfirst last\u00a0\u00bb] [spb_blank_spacer height=\u00a0\u00bb30px\u00a0\u00bb width=\u00a0\u00bb1\/1&Prime; el_position=\u00a0\u00bbfirst last\u00a0\u00bb] [spb_column col_sm=\u00a0\u00bb12&Prime; padding_horizontal=\u00a0\u00bb0&Prime; width=\u00a0\u00bb1\/1&Prime; el_position=\u00a0\u00bbfirst last\u00a0\u00bb] [spb_boxed_content type=\u00a0\u00bbcoloured\u00a0\u00bb box_link_target=\u00a0\u00bb_self\u00a0\u00bb padding_vertical=\u00a0\u00bb0&Prime; padding_horizontal=\u00a0\u00bb0&Prime; width=\u00a0\u00bb1\/1&Prime; el_position=\u00a0\u00bbfirst last\u00a0\u00bb]\n<h2 style=\"text-align: center;\"><strong>Description<\/strong><\/h2>\n<div class=\"horizontal-break bold\" style=\"background-color: #666d78; width: 100px\"> <\/div>\n<p style=\"text-align: center;\">Gesti\u00f3n de Compras re\u00e7oit une demande pour le d\u00e9veloppement et l&rsquo;industrialisation d&rsquo;une famille de composants appartenant au syst\u00e8me d&rsquo;accumulation d&rsquo;\u00e9nergie d&rsquo;un v\u00e9hicule \u00e9lectrique plug-in con\u00e7u et produit par le client avec sa propre technologie. Concr\u00e8tement, il s&rsquo;agit d&rsquo;un dissipateur thermique, d&rsquo;une base et de connexions en aluminium et d&rsquo;une plaque de base en Cu 99% adapt\u00e9e \u00e0 un processus ult\u00e9rieur de soudure laser automatis\u00e9.<\/p>\n<p>&nbsp;<\/p>\n<hr \/>\n<p><strong>OFFRE<\/strong> &#8211; \u00c9tude de d\u00e9veloppement de l&rsquo;outillage, d\u00e9finition des processus de production et optimisation ult\u00e9rieure des co\u00fbts.<\/p>\n<p>Le client accepte la proposition technique et \u00e9conomique.<\/p>\n<p><strong>MARCH\u00c9 DU PROJET<\/strong> &#8211; Gesti\u00f3n de Compras est d\u00e9sign\u00e9 pour le d\u00e9veloppement de l&rsquo;outillage et la production ult\u00e9rieure de prototypes repr\u00e9sentatifs pour valider l&rsquo;ad\u00e9quation des mat\u00e9riaux choisis par le client.<\/p>\n<p>&nbsp;<\/p>\n[\/spb_boxed_content] [\/spb_column] [spb_blank_spacer height=\u00a0\u00bb30px\u00a0\u00bb width=\u00a0\u00bb1\/1&Prime; el_position=\u00a0\u00bbfirst last\u00a0\u00bb] [spb_column col_sm=\u00a0\u00bb4&Prime; padding_horizontal=\u00a0\u00bb0&Prime; width=\u00a0\u00bb1\/3&Prime; el_position=\u00a0\u00bbfirst\u00a0\u00bb] [spb_icon_box title=\u00a0\u00bbProject\u00a0\u00bb box_type=\u00a0\u00bbstandard\u00a0\u00bb box_icon_type=\u00a0\u00bbicon\u00a0\u00bb icon=\u00a0\u00bbfas fa-book\u00a0\u00bb animate_svg=\u00a0\u00bbno\u00a0\u00bb target=\u00a0\u00bb_self\u00a0\u00bb animation=\u00a0\u00bbnone\u00a0\u00bb animation_delay=\u00a0\u00bb0&Prime; animated_box_style=\u00a0\u00bbcoloured\u00a0\u00bb animated_box_rounded=\u00a0\u00bbyes\u00a0\u00bb width=\u00a0\u00bb1\/1&Prime; el_position=\u00a0\u00bbfirst last\u00a0\u00bb]\n<p style=\"text-align: justify; font-size: 14px;\">D\u00e9veloppement de matrices d&#8217;emboutissage progressif, production de pr\u00e9s\u00e9ries et de s\u00e9ries de divers composants d&rsquo;un syst\u00e8me de stockage d&rsquo;\u00e9nergie PEV.<\/p>\n[\/spb_icon_box] [\/spb_column] [spb_column col_sm=\u00a0\u00bb4&Prime; padding_horizontal=\u00a0\u00bb0&Prime; width=\u00a0\u00bb1\/3&Prime;] [spb_icon_box title=\u00a0\u00bbFacteurs de production\u00a0\u00bb box_type=\u00a0\u00bbstandard\u00a0\u00bb box_icon_type=\u00a0\u00bbicon\u00a0\u00bb icon=\u00a0\u00bbfas fa-exclamation-triangle\u00a0\u00bb animate_svg=\u00a0\u00bbno\u00a0\u00bb target=\u00a0\u00bb_self\u00a0\u00bb animation=\u00a0\u00bbnone\u00a0\u00bb animation_delay=\u00a0\u00bb0&Prime; animated_box_style=\u00a0\u00bbcoloured\u00a0\u00bb animated_box_rounded=\u00a0\u00bbyes\u00a0\u00bb width=\u00a0\u00bb1\/1&Prime; el_position=\u00a0\u00bbfirst last\u00a0\u00bb]\n<p style=\"text-align: justify; font-size: 14px;\">D\u00e9veloppement des conceptions initiales des produits propri\u00e9taires du client, mises \u00e0 jour en fonction des besoins fonctionnels du produit final et livraison selon les commandes et les calendriers du client.<\/p>\n<p style=\"text-align: justify; font-size: 14px;\">Les pi\u00e8ces doivent \u00eatre livr\u00e9es propres et exemptes de bavures, de bosses et de rayures, de sorte que des instructions de production et de manipulation sp\u00e9ciales et un emballage appropri\u00e9 du produit pour le transport sur de longues distances sont essentiels.<\/p>\n<p style=\"text-align: justify; font-size: 14px;\">Il faut faire preuve de flexibilit\u00e9 et \u00eatre capable de respecter les dates de livraison.<\/p>\n<p>&nbsp;<\/p>\n[\/spb_icon_box] [\/spb_column] [spb_column col_sm=\u00a0\u00bb4&Prime; padding_horizontal=\u00a0\u00bb0&Prime; width=\u00a0\u00bb1\/3&Prime; el_position=\u00a0\u00bblast\u00a0\u00bb] [spb_icon_box title=\u00a0\u00bbResultat\u00a0\u00bb box_type=\u00a0\u00bbstandard\u00a0\u00bb box_icon_type=\u00a0\u00bbicon\u00a0\u00bb icon=\u00a0\u00bbfas fa-trophy\u00a0\u00bb animate_svg=\u00a0\u00bbno\u00a0\u00bb target=\u00a0\u00bb_self\u00a0\u00bb animation=\u00a0\u00bbnone\u00a0\u00bb animation_delay=\u00a0\u00bb0&Prime; animated_box_style=\u00a0\u00bbcoloured\u00a0\u00bb animated_box_rounded=\u00a0\u00bbyes\u00a0\u00bb width=\u00a0\u00bb1\/1&Prime; el_position=\u00a0\u00bbfirst last\u00a0\u00bb]\n<p style=\"text-align: justify; font-size: 14px;\">D\u00e9veloppement progressif de l&rsquo;outillage, y compris les mises \u00e0 jour de la conception pour l&rsquo;am\u00e9lioration du produit final. Production et livraison des commandes selon les calendriers et dans les conditions techniques d&rsquo;approvisionnement demand\u00e9es.<br \/>\nProduits totaux : 7 composants (2 dissipateurs thermiques, 4 plaques en aluminium et 1 plaque en cuivre 99%Cu).<\/p>\n[\/spb_icon_box] [\/spb_column] [spb_blank_spacer height=\u00a0\u00bb20px\u00a0\u00bb width=\u00a0\u00bb1\/1&Prime; el_position=\u00a0\u00bbfirst last\u00a0\u00bb] [\/spb_row] [spb_row element_name=\u00a0\u00bbRow\u00a0\u00bb wrap_type=\u00a0\u00bbfull-width-contained\u00a0\u00bb row_bg_type=\u00a0\u00bbimage\u00a0\u00bb row_bg_color=\u00a0\u00bb#242424&Prime; color_row_height=\u00a0\u00bbcontent-height\u00a0\u00bb bg_image=\u00a0\u00bb13690&Prime; bg_type=\u00a0\u00bbcover\u00a0\u00bb parallax_image_height=\u00a0\u00bbcontent-height\u00a0\u00bb parallax_image_movement=\u00a0\u00bbscroll\u00a0\u00bb parallax_image_speed=\u00a0\u00bbstandard\u00a0\u00bb bg_video_loop=\u00a0\u00bbyes\u00a0\u00bb parallax_video_height=\u00a0\u00bbwindow-height\u00a0\u00bb row_top_style=\u00a0\u00bbnone\u00a0\u00bb row_bottom_style=\u00a0\u00bbnone\u00a0\u00bb parallax_video_overlay=\u00a0\u00bbnone\u00a0\u00bb row_overlay_opacity=\u00a0\u00bb0&Prime; remove_element_spacing=\u00a0\u00bbno\u00a0\u00bb row_col_spacing=\u00a0\u00bb0&Prime; row_col_pos=\u00a0\u00bbdefault\u00a0\u00bb row_col_equal_heights=\u00a0\u00bbno\u00a0\u00bb row_expanding=\u00a0\u00bbno\u00a0\u00bb row_animation=\u00a0\u00bbnone\u00a0\u00bb row_animation_delay=\u00a0\u00bb0&Prime; minimize_row=\u00a0\u00bbno\u00a0\u00bb simplified_controls=\u00a0\u00bbyes\u00a0\u00bb custom_css_percentage=\u00a0\u00bbno\u00a0\u00bb custom_css=\u00a0\u00bbmargin-top: 0px;margin-bottom: 0px;\u00a0\u00bb border_styling_global=\u00a0\u00bbdefault\u00a0\u00bb el_class=\u00a0\u00bbhideBackImage\u00a0\u00bb width=\u00a0\u00bb1\/1&Prime; el_position=\u00a0\u00bbfirst last\u00a0\u00bb] [spb_column col_animation=\u00a0\u00bbnone\u00a0\u00bb col_animation_delay=\u00a0\u00bb0&Prime; col_bg_color=\u00a0\u00bb#242424&Prime; col_bg_type=\u00a0\u00bbcover\u00a0\u00bb col_parallax_image_movement=\u00a0\u00bbfixed\u00a0\u00bb col_parallax_image_speed=\u00a0\u00bb0.5&Prime; col_padding=\u00a0\u00bb0&Prime; col_vertical_offset=\u00a0\u00bb0&Prime; col_horizontal_offset=\u00a0\u00bb0&Prime; col_custom_zindex=\u00a0\u00bb0&Prime; col_xs=\u00a0\u00bb12&Prime; col_sm=\u00a0\u00bb12&Prime; col_md=\u00a0\u00bb8&Prime; col_lg=\u00a0\u00bb8&Prime; simplified_controls=\u00a0\u00bbyes\u00a0\u00bb custom_css_percentage=\u00a0\u00bbno\u00a0\u00bb padding_vertical=\u00a0\u00bb20&Prime; padding_horizontal=\u00a0\u00bb20&Prime; margin_vertical=\u00a0\u00bb0&Prime; custom_css=\u00a0\u00bbmargin-top: 0px;margin-bottom: 0px;padding-top: 20px;padding-left: 20px;padding-right: 20px;padding-bottom: 20px;\u00a0\u00bb border_styling_global=\u00a0\u00bbdefault\u00a0\u00bb width=\u00a0\u00bb1\/1&Prime; el_position=\u00a0\u00bbfirst last\u00a0\u00bb] [spb_boxed_content type=\u00a0\u00bbcoloured\u00a0\u00bb box_link_target=\u00a0\u00bb_self\u00a0\u00bb padding_vertical=\u00a0\u00bb0&Prime; padding_horizontal=\u00a0\u00bb0&Prime; width=\u00a0\u00bb1\/1&Prime; el_position=\u00a0\u00bbfirst last\u00a0\u00bb]\n<h2><strong>R\u00e9sum\u00e9 du project<br \/>\n<\/strong><\/h2>\n<hr \/>\n<p><span style=\"color: #ffffff;\"><strong>PREMI\u00c8RE \u00c9TAPE<\/strong> &#8211; Production de pr\u00e9s\u00e9ries pour la validation du processus d&rsquo;assemblage du produit final par le client.<\/span><\/p>\n<p><span style=\"color: #ffffff;\"><strong>DEUXI\u00c8ME \u00c9TAPE<\/strong> &#8211; Production du premier lot destin\u00e9 \u00e0 la production en s\u00e9rie.<\/span><\/p>\n<p><span style=\"color: #ffffff;\"><strong>TROISI\u00c8ME \u00c9TAPE<\/strong> &#8211; Modification partielle des matrices d&#8217;emboutissage en raison de changements de conception de divers composants afin d&rsquo;optimiser le produit final.<\/span><\/p>\n<p><span style=\"color: #ffffff;\"><strong>QUATRI\u00c8ME \u00c9TAPE<\/strong> &#8211; Production et livraison p\u00e9riodiques des diff\u00e9rents composants en fonction des besoins de production du v\u00e9hicule du client.<\/span><\/p>\n<p><span style=\"color: #ffffff;\"><strong>CINQUI\u00c8ME \u00c9TAPE<\/strong> &#8211; D\u00e9veloppement d&rsquo;une variante de dissipateur thermique en utilisant des \u00e9l\u00e9ments interchangeables de la matrice de pr\u00e9-estampage existante. Production et homologation en pr\u00e9s\u00e9rie.<\/span><\/p>\n<p><span style=\"color: #ffffff;\"><strong>SIXI\u00c8ME PHASE<\/strong> &#8211; Production et livraison r\u00e9guli\u00e8res des composants et de leurs variantes en fonction des besoins de production des v\u00e9hicules du client.<\/span><\/p>\n<p><span style=\"color: #ffffff;\">Flexibilit\u00e9 face aux besoins urgents.<\/span><\/p>\n<p><span style=\"color: #ffffff;\">Grande capacit\u00e9 pour les besoins programm\u00e9s.<\/span><\/p>\n<p><span style=\"color: #ffffff;\">Emballage des marchandises pour le transport a\u00e9rien ou maritime.<\/span><\/p>\n[\/spb_boxed_content] [\/spb_column] [\/spb_row] [spb_row element_name=\u00a0\u00bbRow\u00a0\u00bb wrap_type=\u00a0\u00bbcontent-width\u00a0\u00bb parallax_image_height=\u00a0\u00bbcontent-height\u00a0\u00bb parallax_image_movement=\u00a0\u00bbfixed\u00a0\u00bb parallax_image_speed=\u00a0\u00bb0.5&Prime; bg_video_loop=\u00a0\u00bbyes\u00a0\u00bb parallax_video_height=\u00a0\u00bbwindow-height\u00a0\u00bb parallax_video_overlay=\u00a0\u00bbnone\u00a0\u00bb row_overlay_opacity=\u00a0\u00bb0&Prime; row_col_pos=\u00a0\u00bbdefault\u00a0\u00bb width=\u00a0\u00bb1\/1&Prime; el_position=\u00a0\u00bbfirst last\u00a0\u00bb] [spb_column col_sm=\u00a0\u00bb12&Prime; padding_horizontal=\u00a0\u00bb0&Prime; width=\u00a0\u00bb1\/1&Prime; el_position=\u00a0\u00bbfirst last\u00a0\u00bb] [spb_blank_spacer height=\u00a0\u00bb30px\u00a0\u00bb width=\u00a0\u00bb1\/1&Prime; el_position=\u00a0\u00bbfirst last\u00a0\u00bb] [\/spb_column] [spb_column col_sm=\u00a0\u00bb4&Prime; padding_horizontal=\u00a0\u00bb0&Prime; width=\u00a0\u00bb1\/3&Prime; el_position=\u00a0\u00bbfirst\u00a0\u00bb] [spb_boxed_content type=\u00a0\u00bbcoloured\u00a0\u00bb box_link_target=\u00a0\u00bb_self\u00a0\u00bb padding_vertical=\u00a0\u00bb0&Prime; padding_horizontal=\u00a0\u00bb0&Prime; width=\u00a0\u00bb1\/1&Prime; el_position=\u00a0\u00bbfirst last\u00a0\u00bb]\n<p><img loading=\"lazy\" decoding=\"async\" class=\"aligncenter size-full wp-image-13644\" src=\"https:\/\/wp.gestiondecompras.com\/wp-content\/uploads\/2023\/02\/1-removebg-preview.png\" alt=\"\" width=\"309\" height=\"228\" srcset=\"https:\/\/wp.gestiondecompras.com\/wp-content\/uploads\/2023\/02\/1-removebg-preview.png 309w, https:\/\/wp.gestiondecompras.com\/wp-content\/uploads\/2023\/02\/1-removebg-preview-300x221.png 300w\" sizes=\"(max-width: 309px) 100vw, 309px\" \/><\/p>\n[\/spb_boxed_content] [\/spb_column] [spb_column col_sm=\u00a0\u00bb4&Prime; padding_horizontal=\u00a0\u00bb0&Prime; width=\u00a0\u00bb1\/3&Prime;] [spb_boxed_content type=\u00a0\u00bbcoloured\u00a0\u00bb box_link_target=\u00a0\u00bb_self\u00a0\u00bb padding_vertical=\u00a0\u00bb0&Prime; padding_horizontal=\u00a0\u00bb0&Prime; width=\u00a0\u00bb1\/1&Prime; el_position=\u00a0\u00bbfirst last\u00a0\u00bb]\n<p><img loading=\"lazy\" decoding=\"async\" class=\"aligncenter size-full wp-image-13655\" src=\"https:\/\/wp.gestiondecompras.com\/wp-content\/uploads\/2023\/02\/pic3-removebg-preview-removebg-preview.png\" alt=\"\" width=\"568\" height=\"329\" srcset=\"https:\/\/wp.gestiondecompras.com\/wp-content\/uploads\/2023\/02\/pic3-removebg-preview-removebg-preview.png 568w, https:\/\/wp.gestiondecompras.com\/wp-content\/uploads\/2023\/02\/pic3-removebg-preview-removebg-preview-300x174.png 300w\" sizes=\"(max-width: 568px) 100vw, 568px\" \/><\/p>\n[\/spb_boxed_content] [\/spb_column] [spb_column col_sm=\u00a0\u00bb4&Prime; padding_horizontal=\u00a0\u00bb0&Prime; width=\u00a0\u00bb1\/3&Prime; el_position=\u00a0\u00bblast\u00a0\u00bb] [spb_boxed_content type=\u00a0\u00bbcoloured\u00a0\u00bb box_link_target=\u00a0\u00bb_self\u00a0\u00bb padding_vertical=\u00a0\u00bb0&Prime; padding_horizontal=\u00a0\u00bb0&Prime; width=\u00a0\u00bb1\/1&Prime; el_position=\u00a0\u00bbfirst last\u00a0\u00bb]\n<p><img loading=\"lazy\" decoding=\"async\" class=\"aligncenter size-full wp-image-13639\" src=\"https:\/\/wp.gestiondecompras.com\/wp-content\/uploads\/2023\/02\/2-removebg-preview.png\" alt=\"\" width=\"369\" height=\"347\" srcset=\"https:\/\/wp.gestiondecompras.com\/wp-content\/uploads\/2023\/02\/2-removebg-preview.png 369w, https:\/\/wp.gestiondecompras.com\/wp-content\/uploads\/2023\/02\/2-removebg-preview-300x282.png 300w\" sizes=\"(max-width: 369px) 100vw, 369px\" \/><\/p>\n[\/spb_boxed_content] [\/spb_column] [\/spb_row]\n","protected":false},"excerpt":{"rendered":"<p>[spb_row element_name=\u00a0\u00bbRow\u00a0\u00bb wrap_type=\u00a0\u00bbcontent-width\u00a0\u00bb parallax_image_height=\u00a0\u00bbcontent-height\u00a0\u00bb parallax_image_movement=\u00a0\u00bbfixed\u00a0\u00bb parallax_image_speed=\u00a0\u00bb0.5&Prime; bg_video_loop=\u00a0\u00bbyes\u00a0\u00bb parallax_video_height=\u00a0\u00bbwindow-height\u00a0\u00bb parallax_video_overlay=\u00a0\u00bbnone\u00a0\u00bb row_overlay_opacity=\u00a0\u00bb0&Prime; row_col_pos=\u00a0\u00bbdefault\u00a0\u00bb width=\u00a0\u00bb1\/1&Prime; el_position=\u00a0\u00bbfirst last\u00a0\u00bb] [spb_blank_spacer height=\u00a0\u00bb30px\u00a0\u00bb width=\u00a0\u00bb1\/1&Prime; el_position=\u00a0\u00bbfirst last\u00a0\u00bb] [spb_column col_sm=\u00a0\u00bb12&Prime; padding_horizontal=\u00a0\u00bb0&Prime; width=\u00a0\u00bb1\/1&Prime; el_position=\u00a0\u00bbfirst last\u00a0\u00bb] [spb_boxed_content type=\u00a0\u00bbcoloured\u00a0\u00bb box_link_target=\u00a0\u00bb_self\u00a0\u00bb padding_vertical=\u00a0\u00bb0&Prime; padding_horizontal=\u00a0\u00bb0&Prime; width=\u00a0\u00bb1\/1&Prime; el_position=\u00a0\u00bbfirst last\u00a0\u00bb] Description Gesti\u00f3n de Compras re\u00e7oit une demande pour le d\u00e9veloppement et l&rsquo;industrialisation d&rsquo;une famille de composants appartenant au syst\u00e8me d&rsquo;accumulation d&rsquo;\u00e9nergie d&rsquo;un v\u00e9hicule \u00e9lectrique plug-in con\u00e7u et [&hellip;]<\/p>\n","protected":false},"author":3,"featured_media":13647,"parent":7425,"menu_order":0,"comment_status":"closed","ping_status":"closed","template":"","meta":{"footnotes":""},"yoast_head":"<!-- This site is optimized with the Yoast SEO plugin v22.4 - https:\/\/yoast.com\/wordpress\/plugins\/seo\/ -->\n<title>Pi\u00e8ces d&#039;emboutissage. Secteur \u00e9lectrique automobile - Gesti\u00f3n De Compras<\/title>\n<meta name=\"description\" content=\"Succ\u00e8s d\u00b4entreprises: d\u00e9veloppement et l&#039;industrialisation d&#039;une composants appartenant au syst\u00e8me d&#039;accumulation d&#039;\u00e9nergie d&#039;un v\u00e9hicule \u00e9lectrique\" \/>\n<meta name=\"robots\" content=\"index, follow, max-snippet:-1, max-image-preview:large, max-video-preview:-1\" \/>\n<link rel=\"canonical\" href=\"https:\/\/wp.gestiondecompras.com\/fr\/succes-dentreprises\/pieces-demboutissage-secteur-electrique-automobile\/\" \/>\n<meta property=\"og:locale\" content=\"fr_FR\" \/>\n<meta property=\"og:type\" content=\"article\" \/>\n<meta property=\"og:title\" content=\"Pi\u00e8ces d&#039;emboutissage. Secteur \u00e9lectrique automobile - Gesti\u00f3n De Compras\" \/>\n<meta property=\"og:description\" content=\"Succ\u00e8s d\u00b4entreprises: d\u00e9veloppement et l&#039;industrialisation d&#039;une composants appartenant au syst\u00e8me d&#039;accumulation d&#039;\u00e9nergie d&#039;un v\u00e9hicule \u00e9lectrique\" \/>\n<meta property=\"og:url\" content=\"https:\/\/wp.gestiondecompras.com\/fr\/succes-dentreprises\/pieces-demboutissage-secteur-electrique-automobile\/\" \/>\n<meta property=\"og:site_name\" content=\"Gesti\u00f3n De Compras\" \/>\n<meta property=\"article:modified_time\" content=\"2023-02-27T12:01:39+00:00\" \/>\n<meta property=\"og:image\" content=\"https:\/\/wp.gestiondecompras.com\/wp-content\/uploads\/2023\/02\/1-removebg-preview.png\" \/>\n\t<meta property=\"og:image:width\" content=\"309\" \/>\n\t<meta property=\"og:image:height\" content=\"228\" \/>\n\t<meta property=\"og:image:type\" content=\"image\/png\" \/>\n<meta name=\"twitter:card\" content=\"summary_large_image\" \/>\n<meta name=\"twitter:label1\" content=\"Dur\u00e9e de lecture estim\u00e9e\" \/>\n\t<meta name=\"twitter:data1\" content=\"6 minutes\" \/>\n<script type=\"application\/ld+json\" class=\"yoast-schema-graph\">{\"@context\":\"https:\/\/schema.org\",\"@graph\":[{\"@type\":\"WebPage\",\"@id\":\"https:\/\/wp.gestiondecompras.com\/fr\/succes-dentreprises\/pieces-demboutissage-secteur-electrique-automobile\/\",\"url\":\"https:\/\/wp.gestiondecompras.com\/fr\/succes-dentreprises\/pieces-demboutissage-secteur-electrique-automobile\/\",\"name\":\"Pi\u00e8ces d'emboutissage. Secteur \u00e9lectrique automobile - Gesti\u00f3n De Compras\",\"isPartOf\":{\"@id\":\"https:\/\/wp.gestiondecompras.com\/fr\/#website\"},\"primaryImageOfPage\":{\"@id\":\"https:\/\/wp.gestiondecompras.com\/fr\/succes-dentreprises\/pieces-demboutissage-secteur-electrique-automobile\/#primaryimage\"},\"image\":{\"@id\":\"https:\/\/wp.gestiondecompras.com\/fr\/succes-dentreprises\/pieces-demboutissage-secteur-electrique-automobile\/#primaryimage\"},\"thumbnailUrl\":\"https:\/\/wp.gestiondecompras.com\/wp-content\/uploads\/2023\/02\/1-removebg-preview.png\",\"datePublished\":\"2023-02-27T11:57:34+00:00\",\"dateModified\":\"2023-02-27T12:01:39+00:00\",\"description\":\"Succ\u00e8s d\u00b4entreprises: d\u00e9veloppement et l'industrialisation d'une composants appartenant au syst\u00e8me d'accumulation d'\u00e9nergie d'un v\u00e9hicule \u00e9lectrique\",\"breadcrumb\":{\"@id\":\"https:\/\/wp.gestiondecompras.com\/fr\/succes-dentreprises\/pieces-demboutissage-secteur-electrique-automobile\/#breadcrumb\"},\"inLanguage\":\"fr-FR\",\"potentialAction\":[{\"@type\":\"ReadAction\",\"target\":[\"https:\/\/wp.gestiondecompras.com\/fr\/succes-dentreprises\/pieces-demboutissage-secteur-electrique-automobile\/\"]}]},{\"@type\":\"ImageObject\",\"inLanguage\":\"fr-FR\",\"@id\":\"https:\/\/wp.gestiondecompras.com\/fr\/succes-dentreprises\/pieces-demboutissage-secteur-electrique-automobile\/#primaryimage\",\"url\":\"https:\/\/wp.gestiondecompras.com\/wp-content\/uploads\/2023\/02\/1-removebg-preview.png\",\"contentUrl\":\"https:\/\/wp.gestiondecompras.com\/wp-content\/uploads\/2023\/02\/1-removebg-preview.png\",\"width\":309,\"height\":228,\"caption\":\"pieza de estampaci\u00f3n sector automotriz\"},{\"@type\":\"BreadcrumbList\",\"@id\":\"https:\/\/wp.gestiondecompras.com\/fr\/succes-dentreprises\/pieces-demboutissage-secteur-electrique-automobile\/#breadcrumb\",\"itemListElement\":[{\"@type\":\"ListItem\",\"position\":1,\"name\":\"Accueil\",\"item\":\"https:\/\/wp.gestiondecompras.com\/fr\/\"},{\"@type\":\"ListItem\",\"position\":2,\"name\":\"Succ\u00e8s d\u00b4entreprises\",\"item\":\"https:\/\/wp.gestiondecompras.com\/fr\/casos-de-exito\/\"},{\"@type\":\"ListItem\",\"position\":3,\"name\":\"Pi\u00e8ces d&#8217;emboutissage. Secteur \u00e9lectrique automobile\"}]},{\"@type\":\"WebSite\",\"@id\":\"https:\/\/wp.gestiondecompras.com\/fr\/#website\",\"url\":\"https:\/\/wp.gestiondecompras.com\/fr\/\",\"name\":\"Gesti\u00f3n De Compras\",\"description\":\"Sourcing Internacional\",\"potentialAction\":[{\"@type\":\"SearchAction\",\"target\":{\"@type\":\"EntryPoint\",\"urlTemplate\":\"https:\/\/wp.gestiondecompras.com\/fr\/?s={search_term_string}\"},\"query-input\":\"required name=search_term_string\"}],\"inLanguage\":\"fr-FR\"}]}<\/script>\n<!-- \/ Yoast SEO plugin. -->","yoast_head_json":{"title":"Pi\u00e8ces d'emboutissage. Secteur \u00e9lectrique automobile - Gesti\u00f3n De Compras","description":"Succ\u00e8s d\u00b4entreprises: d\u00e9veloppement et l'industrialisation d'une composants appartenant au syst\u00e8me d'accumulation d'\u00e9nergie d'un v\u00e9hicule \u00e9lectrique","robots":{"index":"index","follow":"follow","max-snippet":"max-snippet:-1","max-image-preview":"max-image-preview:large","max-video-preview":"max-video-preview:-1"},"canonical":"https:\/\/wp.gestiondecompras.com\/fr\/succes-dentreprises\/pieces-demboutissage-secteur-electrique-automobile\/","og_locale":"fr_FR","og_type":"article","og_title":"Pi\u00e8ces d'emboutissage. Secteur \u00e9lectrique automobile - Gesti\u00f3n De Compras","og_description":"Succ\u00e8s d\u00b4entreprises: d\u00e9veloppement et l'industrialisation d'une composants appartenant au syst\u00e8me d'accumulation d'\u00e9nergie d'un v\u00e9hicule \u00e9lectrique","og_url":"https:\/\/wp.gestiondecompras.com\/fr\/succes-dentreprises\/pieces-demboutissage-secteur-electrique-automobile\/","og_site_name":"Gesti\u00f3n De Compras","article_modified_time":"2023-02-27T12:01:39+00:00","og_image":[{"width":309,"height":228,"url":"https:\/\/wp.gestiondecompras.com\/wp-content\/uploads\/2023\/02\/1-removebg-preview.png","type":"image\/png"}],"twitter_card":"summary_large_image","twitter_misc":{"Dur\u00e9e de lecture estim\u00e9e":"6 minutes"},"schema":{"@context":"https:\/\/schema.org","@graph":[{"@type":"WebPage","@id":"https:\/\/wp.gestiondecompras.com\/fr\/succes-dentreprises\/pieces-demboutissage-secteur-electrique-automobile\/","url":"https:\/\/wp.gestiondecompras.com\/fr\/succes-dentreprises\/pieces-demboutissage-secteur-electrique-automobile\/","name":"Pi\u00e8ces d'emboutissage. Secteur \u00e9lectrique automobile - Gesti\u00f3n De Compras","isPartOf":{"@id":"https:\/\/wp.gestiondecompras.com\/fr\/#website"},"primaryImageOfPage":{"@id":"https:\/\/wp.gestiondecompras.com\/fr\/succes-dentreprises\/pieces-demboutissage-secteur-electrique-automobile\/#primaryimage"},"image":{"@id":"https:\/\/wp.gestiondecompras.com\/fr\/succes-dentreprises\/pieces-demboutissage-secteur-electrique-automobile\/#primaryimage"},"thumbnailUrl":"https:\/\/wp.gestiondecompras.com\/wp-content\/uploads\/2023\/02\/1-removebg-preview.png","datePublished":"2023-02-27T11:57:34+00:00","dateModified":"2023-02-27T12:01:39+00:00","description":"Succ\u00e8s d\u00b4entreprises: d\u00e9veloppement et l'industrialisation d'une composants appartenant au syst\u00e8me d'accumulation d'\u00e9nergie d'un v\u00e9hicule \u00e9lectrique","breadcrumb":{"@id":"https:\/\/wp.gestiondecompras.com\/fr\/succes-dentreprises\/pieces-demboutissage-secteur-electrique-automobile\/#breadcrumb"},"inLanguage":"fr-FR","potentialAction":[{"@type":"ReadAction","target":["https:\/\/wp.gestiondecompras.com\/fr\/succes-dentreprises\/pieces-demboutissage-secteur-electrique-automobile\/"]}]},{"@type":"ImageObject","inLanguage":"fr-FR","@id":"https:\/\/wp.gestiondecompras.com\/fr\/succes-dentreprises\/pieces-demboutissage-secteur-electrique-automobile\/#primaryimage","url":"https:\/\/wp.gestiondecompras.com\/wp-content\/uploads\/2023\/02\/1-removebg-preview.png","contentUrl":"https:\/\/wp.gestiondecompras.com\/wp-content\/uploads\/2023\/02\/1-removebg-preview.png","width":309,"height":228,"caption":"pieza de estampaci\u00f3n sector automotriz"},{"@type":"BreadcrumbList","@id":"https:\/\/wp.gestiondecompras.com\/fr\/succes-dentreprises\/pieces-demboutissage-secteur-electrique-automobile\/#breadcrumb","itemListElement":[{"@type":"ListItem","position":1,"name":"Accueil","item":"https:\/\/wp.gestiondecompras.com\/fr\/"},{"@type":"ListItem","position":2,"name":"Succ\u00e8s d\u00b4entreprises","item":"https:\/\/wp.gestiondecompras.com\/fr\/casos-de-exito\/"},{"@type":"ListItem","position":3,"name":"Pi\u00e8ces d&#8217;emboutissage. Secteur \u00e9lectrique automobile"}]},{"@type":"WebSite","@id":"https:\/\/wp.gestiondecompras.com\/fr\/#website","url":"https:\/\/wp.gestiondecompras.com\/fr\/","name":"Gesti\u00f3n De Compras","description":"Sourcing Internacional","potentialAction":[{"@type":"SearchAction","target":{"@type":"EntryPoint","urlTemplate":"https:\/\/wp.gestiondecompras.com\/fr\/?s={search_term_string}"},"query-input":"required name=search_term_string"}],"inLanguage":"fr-FR"}]}},"_links":{"self":[{"href":"https:\/\/wp.gestiondecompras.com\/fr\/wp-json\/wp\/v2\/pages\/13705"}],"collection":[{"href":"https:\/\/wp.gestiondecompras.com\/fr\/wp-json\/wp\/v2\/pages"}],"about":[{"href":"https:\/\/wp.gestiondecompras.com\/fr\/wp-json\/wp\/v2\/types\/page"}],"author":[{"embeddable":true,"href":"https:\/\/wp.gestiondecompras.com\/fr\/wp-json\/wp\/v2\/users\/3"}],"replies":[{"embeddable":true,"href":"https:\/\/wp.gestiondecompras.com\/fr\/wp-json\/wp\/v2\/comments?post=13705"}],"version-history":[{"count":5,"href":"https:\/\/wp.gestiondecompras.com\/fr\/wp-json\/wp\/v2\/pages\/13705\/revisions"}],"predecessor-version":[{"id":13723,"href":"https:\/\/wp.gestiondecompras.com\/fr\/wp-json\/wp\/v2\/pages\/13705\/revisions\/13723"}],"up":[{"embeddable":true,"href":"https:\/\/wp.gestiondecompras.com\/fr\/wp-json\/wp\/v2\/pages\/7425"}],"wp:featuredmedia":[{"embeddable":true,"href":"https:\/\/wp.gestiondecompras.com\/fr\/wp-json\/wp\/v2\/media\/13647"}],"wp:attachment":[{"href":"https:\/\/wp.gestiondecompras.com\/fr\/wp-json\/wp\/v2\/media?parent=13705"}],"curies":[{"name":"wp","href":"https:\/\/api.w.org\/{rel}","templated":true}]}}