{"id":13355,"date":"2022-12-09T11:50:09","date_gmt":"2022-12-09T11:50:09","guid":{"rendered":"https:\/\/wp.gestiondecompras.com\/?page_id=13355"},"modified":"2023-02-13T07:23:29","modified_gmt":"2023-02-13T07:23:29","slug":"energie-solaire","status":"publish","type":"page","link":"https:\/\/wp.gestiondecompras.com\/fr\/produits\/electricite-et-electronique\/energie-solaire\/","title":{"rendered":"Energie solaire"},"content":{"rendered":"[spb_row element_name=\u00a0\u00bbRow\u00a0\u00bb wrap_type=\u00a0\u00bbcontent-width\u00a0\u00bb parallax_image_height=\u00a0\u00bbcontent-height\u00a0\u00bb parallax_image_movement=\u00a0\u00bbfixed\u00a0\u00bb parallax_image_speed=\u00a0\u00bb0.5&Prime; bg_video_loop=\u00a0\u00bbyes\u00a0\u00bb parallax_video_height=\u00a0\u00bbwindow-height\u00a0\u00bb parallax_video_overlay=\u00a0\u00bbnone\u00a0\u00bb row_overlay_opacity=\u00a0\u00bb0&Prime; row_col_pos=\u00a0\u00bbdefault\u00a0\u00bb width=\u00a0\u00bb1\/1&Prime; el_position=\u00a0\u00bbfirst last\u00a0\u00bb] [spb_column col_sm=\u00a0\u00bb12&Prime; col_animation=\u00a0\u00bbnone\u00a0\u00bb col_animation_delay=\u00a0\u00bb0&Prime; col_bg_type=\u00a0\u00bbcover\u00a0\u00bb col_parallax_image_movement=\u00a0\u00bbfixed\u00a0\u00bb col_parallax_image_speed=\u00a0\u00bb0.5&Prime; col_padding=\u00a0\u00bb0&Prime; col_vertical_offset=\u00a0\u00bb0&Prime; col_horizontal_offset=\u00a0\u00bb0&Prime; col_custom_zindex=\u00a0\u00bb0&Prime; simplified_controls=\u00a0\u00bbyes\u00a0\u00bb custom_css_percentage=\u00a0\u00bbno\u00a0\u00bb padding_vertical=\u00a0\u00bb0&Prime; padding_horizontal=\u00a0\u00bb0&Prime; margin_vertical=\u00a0\u00bb0&Prime; custom_css=\u00a0\u00bbmargin-top: 0px;margin-bottom: 0px;\u00a0\u00bb border_styling_global=\u00a0\u00bbdefault\u00a0\u00bb width=\u00a0\u00bb1\/1&Prime; el_position=\u00a0\u00bbfirst last\u00a0\u00bb] [spb_text_block animation=\u00a0\u00bbnone\u00a0\u00bb animation_delay=\u00a0\u00bb0&Prime; simplified_controls=\u00a0\u00bbyes\u00a0\u00bb custom_css_percentage=\u00a0\u00bbno\u00a0\u00bb padding_vertical=\u00a0\u00bb0&Prime; padding_horizontal=\u00a0\u00bb0&Prime; margin_vertical=\u00a0\u00bb0&Prime; custom_css=\u00a0\u00bbmargin-top: 0px;margin-bottom: 0px;\u00a0\u00bb border_size=\u00a0\u00bb0&Prime; border_styling_global=\u00a0\u00bbdefault\u00a0\u00bb width=\u00a0\u00bb3\/4&Prime; el_position=\u00a0\u00bbfirst\u00a0\u00bb]\n<p>Gesti\u00f3n de Compras dispose d&rsquo;une large gamme de produits dans le secteur photovolta\u00efque. Nous fournissons des panneaux solaires, des structures de montage, ainsi que des micro-onduleurs.<\/p>\n[\/spb_text_block] [spb_text_block animation=\u00a0\u00bbnone\u00a0\u00bb animation_delay=\u00a0\u00bb0&Prime; simplified_controls=\u00a0\u00bbyes\u00a0\u00bb custom_css_percentage=\u00a0\u00bbno\u00a0\u00bb padding_vertical=\u00a0\u00bb0&Prime; padding_horizontal=\u00a0\u00bb0&Prime; margin_vertical=\u00a0\u00bb0&Prime; custom_css=\u00a0\u00bbmargin-top: 0px;margin-bottom: 0px;\u00a0\u00bb border_size=\u00a0\u00bb0&Prime; border_styling_global=\u00a0\u00bbdefault\u00a0\u00bb width=\u00a0\u00bb1\/4&Prime; el_position=\u00a0\u00bblast\u00a0\u00bb]\n\n[\/spb_text_block] [spb_text_block animation=\u00a0\u00bbnone\u00a0\u00bb animation_delay=\u00a0\u00bb0&Prime; simplified_controls=\u00a0\u00bbyes\u00a0\u00bb custom_css_percentage=\u00a0\u00bbno\u00a0\u00bb padding_vertical=\u00a0\u00bb0&Prime; padding_horizontal=\u00a0\u00bb0&Prime; margin_vertical=\u00a0\u00bb0&Prime; custom_css=\u00a0\u00bbmargin-top: 0px;margin-bottom: 0px;\u00a0\u00bb border_size=\u00a0\u00bb0&Prime; border_styling_global=\u00a0\u00bbdefault\u00a0\u00bb width=\u00a0\u00bb1\/1&Prime; el_position=\u00a0\u00bbfirst last\u00a0\u00bb]\n<hr style=\"background-color: #0098aa; height: 1px;\" \/>\n[\/spb_text_block] [\/spb_column] [\/spb_row] [spb_row element_name=\u00a0\u00bbRow\u00a0\u00bb wrap_type=\u00a0\u00bbcontent-width\u00a0\u00bb parallax_image_height=\u00a0\u00bbcontent-height\u00a0\u00bb parallax_image_movement=\u00a0\u00bbfixed\u00a0\u00bb parallax_image_speed=\u00a0\u00bb0.5&Prime; bg_video_loop=\u00a0\u00bbyes\u00a0\u00bb parallax_video_height=\u00a0\u00bbwindow-height\u00a0\u00bb parallax_video_overlay=\u00a0\u00bbnone\u00a0\u00bb row_overlay_opacity=\u00a0\u00bb0&Prime; row_col_pos=\u00a0\u00bbdefault\u00a0\u00bb width=\u00a0\u00bb1\/1&Prime; el_position=\u00a0\u00bbfirst last\u00a0\u00bb] [spb_column col_sm=\u00a0\u00bb12&Prime; padding_horizontal=\u00a0\u00bb0&Prime; width=\u00a0\u00bb1\/1&Prime; el_position=\u00a0\u00bbfirst last\u00a0\u00bb] [spb_text_block animation=\u00a0\u00bbnone\u00a0\u00bb animation_delay=\u00a0\u00bb0&Prime; simplified_controls=\u00a0\u00bbyes\u00a0\u00bb custom_css_percentage=\u00a0\u00bbno\u00a0\u00bb padding_vertical=\u00a0\u00bb0&Prime; padding_horizontal=\u00a0\u00bb0&Prime; margin_vertical=\u00a0\u00bb0&Prime; custom_css=\u00a0\u00bbmargin-top: 0px;margin-bottom: 0px;\u00a0\u00bb border_size=\u00a0\u00bb0&Prime; border_styling_global=\u00a0\u00bbdefault\u00a0\u00bb width=\u00a0\u00bb1\/1&Prime; el_position=\u00a0\u00bbfirst last\u00a0\u00bb]\n<h2 style=\"text-align: center;\"><strong>Composants pour syst\u00e8mes photovolta\u00efques<\/strong><\/h2>\n<div class=\"horizontal-break bold\" style=\"background-color: #666d78; width: 100px\"> <\/div>\n[\/spb_text_block] [spb_boxed_content type=\u00a0\u00bbcoloured\u00a0\u00bb box_link_target=\u00a0\u00bb_self\u00a0\u00bb padding_vertical=\u00a0\u00bb0&Prime; padding_horizontal=\u00a0\u00bb0&Prime; width=\u00a0\u00bb1\/1&Prime; el_position=\u00a0\u00bbfirst last\u00a0\u00bb]\n<p style=\"text-align: justify;\">Le secteur photovolta\u00efque a parcouru un long chemin depuis ses d\u00e9buts. Aujourd&rsquo;hui, les composants photovolta\u00efques se sont standardis\u00e9s dans notre soci\u00e9t\u00e9 et font partie de nombreux aspects de notre vie quotidienne, pr\u00e9sents dans un nombre croissant d&rsquo;installations. L&rsquo;industrie, l&rsquo;automobile, les centres de loisirs et de travail, la maison&#8230; en font partie. C&rsquo;est pourquoi, depuis Gesti\u00f3n de Compras, nous proposons \u00e0 nos clients diff\u00e9rents composants photovolta\u00efques. Pour des informations sp\u00e9cifiques sur chaque produit, veuillez nous contacter.<\/p>\n[\/spb_boxed_content] [\/spb_column] [spb_blank_spacer height=\u00a0\u00bb30px\u00a0\u00bb width=\u00a0\u00bb1\/1&Prime; el_position=\u00a0\u00bbfirst last\u00a0\u00bb] [spb_column col_sm=\u00a0\u00bb4&Prime; padding_horizontal=\u00a0\u00bb0&Prime; width=\u00a0\u00bb1\/3&Prime; el_position=\u00a0\u00bbfirst\u00a0\u00bb] [spb_boxed_content type=\u00a0\u00bbcoloured\u00a0\u00bb box_link_target=\u00a0\u00bb_self\u00a0\u00bb padding_vertical=\u00a0\u00bb0&Prime; padding_horizontal=\u00a0\u00bb0&Prime; width=\u00a0\u00bb1\/1&Prime; el_position=\u00a0\u00bbfirst last\u00a0\u00bb]\n<p><img loading=\"lazy\" decoding=\"async\" class=\"aligncenter size-medium wp-image-13268\" src=\"https:\/\/wp.gestiondecompras.com\/wp-content\/uploads\/2022\/12\/paneles-solares-300x225.jpg\" alt=\"paneles solares\" width=\"300\" height=\"225\" srcset=\"https:\/\/wp.gestiondecompras.com\/wp-content\/uploads\/2022\/12\/paneles-solares-300x225.jpg 300w, https:\/\/wp.gestiondecompras.com\/wp-content\/uploads\/2022\/12\/paneles-solares-1024x768.jpg 1024w, https:\/\/wp.gestiondecompras.com\/wp-content\/uploads\/2022\/12\/paneles-solares-768x576.jpg 768w, https:\/\/wp.gestiondecompras.com\/wp-content\/uploads\/2022\/12\/paneles-solares-600x450.jpg 600w, https:\/\/wp.gestiondecompras.com\/wp-content\/uploads\/2022\/12\/paneles-solares-900x675.jpg 900w, https:\/\/wp.gestiondecompras.com\/wp-content\/uploads\/2022\/12\/paneles-solares.jpg 1080w\" sizes=\"(max-width: 300px) 100vw, 300px\" \/><\/p>\n[\/spb_boxed_content] [spb_icon_box title=\u00a0\u00bbPanneaux solaires\u00a0\u00bb box_type=\u00a0\u00bbstandard-title\u00a0\u00bb animate_svg=\u00a0\u00bbno\u00a0\u00bb target=\u00a0\u00bb_self\u00a0\u00bb animation=\u00a0\u00bbnone\u00a0\u00bb animation_delay=\u00a0\u00bb0&Prime; animated_box_style=\u00a0\u00bbcoloured\u00a0\u00bb animated_box_rounded=\u00a0\u00bbyes\u00a0\u00bb width=\u00a0\u00bb1\/1&Prime; el_position=\u00a0\u00bbfirst last\u00a0\u00bb]\n<p style=\"text-align: justify;\">Le principal composant est constitu\u00e9 par les modules photovolta\u00efques, plus commun\u00e9ment appel\u00e9s panneaux solaires. Les modules photovolta\u00efques produisent de l&rsquo;\u00e9nergie gr\u00e2ce aux cellules photovolta\u00efques qui les composent. Il en existe deux types : monocristallin, avec des sections d&rsquo;un seul cristal de silicium, et polycristallin, avec de petites particules cristallis\u00e9es.<\/p>\n[\/spb_icon_box] [\/spb_column] [spb_column col_sm=\u00a0\u00bb4&Prime; padding_horizontal=\u00a0\u00bb0&Prime; width=\u00a0\u00bb1\/3&Prime;] [spb_boxed_content type=\u00a0\u00bbcoloured\u00a0\u00bb box_link_target=\u00a0\u00bb_self\u00a0\u00bb padding_vertical=\u00a0\u00bb0&Prime; padding_horizontal=\u00a0\u00bb0&Prime; width=\u00a0\u00bb1\/1&Prime; el_position=\u00a0\u00bbfirst last\u00a0\u00bb]\n<p><img loading=\"lazy\" decoding=\"async\" class=\"aligncenter size-medium wp-image-13263\" src=\"https:\/\/wp.gestiondecompras.com\/wp-content\/uploads\/2022\/12\/microinversores-300x225.jpg\" alt=\"microinversores\" width=\"300\" height=\"225\" srcset=\"https:\/\/wp.gestiondecompras.com\/wp-content\/uploads\/2022\/12\/microinversores-300x225.jpg 300w, https:\/\/wp.gestiondecompras.com\/wp-content\/uploads\/2022\/12\/microinversores-1024x768.jpg 1024w, https:\/\/wp.gestiondecompras.com\/wp-content\/uploads\/2022\/12\/microinversores-768x576.jpg 768w, https:\/\/wp.gestiondecompras.com\/wp-content\/uploads\/2022\/12\/microinversores-600x450.jpg 600w, https:\/\/wp.gestiondecompras.com\/wp-content\/uploads\/2022\/12\/microinversores-900x675.jpg 900w, https:\/\/wp.gestiondecompras.com\/wp-content\/uploads\/2022\/12\/microinversores.jpg 1080w\" sizes=\"(max-width: 300px) 100vw, 300px\" \/><\/p>\n[\/spb_boxed_content] [spb_icon_box title=\u00a0\u00bbMicro-onduleurs\u00a0\u00bb box_type=\u00a0\u00bbstandard-title\u00a0\u00bb animate_svg=\u00a0\u00bbno\u00a0\u00bb target=\u00a0\u00bb_self\u00a0\u00bb animation=\u00a0\u00bbnone\u00a0\u00bb animation_delay=\u00a0\u00bb0&Prime; animated_box_style=\u00a0\u00bbcoloured\u00a0\u00bb animated_box_rounded=\u00a0\u00bbyes\u00a0\u00bb width=\u00a0\u00bb1\/1&Prime; el_position=\u00a0\u00bbfirst last\u00a0\u00bb]\n<p style=\"text-align: justify;\">Choisir le bon micro-onduleur est l&rsquo;une des d\u00e9cisions les plus importantes pour votre syst\u00e8me d&rsquo;\u00e9nergie solaire. Nos micro-onduleurs sont dot\u00e9s de la technologie la plus avanc\u00e9e du march\u00e9, ce qui signifie un rendement sup\u00e9rieur, une plus grande fiabilit\u00e9 et une intelligence du syst\u00e8me in\u00e9gal\u00e9e.<\/p>\n[\/spb_icon_box] [\/spb_column] [spb_column col_sm=\u00a0\u00bb4&Prime; padding_horizontal=\u00a0\u00bb0&Prime; width=\u00a0\u00bb1\/3&Prime; el_position=\u00a0\u00bblast\u00a0\u00bb] [spb_boxed_content type=\u00a0\u00bbcoloured\u00a0\u00bb box_link_target=\u00a0\u00bb_self\u00a0\u00bb padding_vertical=\u00a0\u00bb0&Prime; padding_horizontal=\u00a0\u00bb0&Prime; width=\u00a0\u00bb1\/1&Prime; el_position=\u00a0\u00bbfirst last\u00a0\u00bb]\n<p><img loading=\"lazy\" decoding=\"async\" class=\"aligncenter size-medium wp-image-13258\" src=\"https:\/\/wp.gestiondecompras.com\/wp-content\/uploads\/2022\/12\/sistema-de-montaje-solar-300x225.png\" alt=\"Sistema de montaje solar\" width=\"300\" height=\"225\" srcset=\"https:\/\/wp.gestiondecompras.com\/wp-content\/uploads\/2022\/12\/sistema-de-montaje-solar-300x225.png 300w, https:\/\/wp.gestiondecompras.com\/wp-content\/uploads\/2022\/12\/sistema-de-montaje-solar-1024x768.png 1024w, https:\/\/wp.gestiondecompras.com\/wp-content\/uploads\/2022\/12\/sistema-de-montaje-solar-768x576.png 768w, https:\/\/wp.gestiondecompras.com\/wp-content\/uploads\/2022\/12\/sistema-de-montaje-solar-600x450.png 600w, https:\/\/wp.gestiondecompras.com\/wp-content\/uploads\/2022\/12\/sistema-de-montaje-solar-900x675.png 900w, https:\/\/wp.gestiondecompras.com\/wp-content\/uploads\/2022\/12\/sistema-de-montaje-solar.png 1080w\" sizes=\"(max-width: 300px) 100vw, 300px\" \/><\/p>\n[\/spb_boxed_content] [spb_icon_box title=\u00a0\u00bbSyst\u00e8me de montage solaire\u00a0\u00bb box_type=\u00a0\u00bbstandard-title\u00a0\u00bb animate_svg=\u00a0\u00bbno\u00a0\u00bb target=\u00a0\u00bb_self\u00a0\u00bb animation=\u00a0\u00bbnone\u00a0\u00bb animation_delay=\u00a0\u00bb0&Prime; animated_box_style=\u00a0\u00bbcoloured\u00a0\u00bb animated_box_rounded=\u00a0\u00bbyes\u00a0\u00bb width=\u00a0\u00bb1\/1&Prime; el_position=\u00a0\u00bbfirst last\u00a0\u00bb]\n<p style=\"text-align: justify;\">Les syst\u00e8mes de montage pour panneaux solaires comprennent un ensemble d&rsquo;\u00e9l\u00e9ments et de produits sp\u00e9cifiques pour fixer les panneaux solaires sur le toit, sur une surface de toit m\u00e9tallique ou sur des panneaux sandwichs, afin d&rsquo;obtenir le meilleur montage, avec une qualit\u00e9 et une fonctionnalit\u00e9 sup\u00e9rieures. En Gesti\u00f3n de Compras, nous disposons de supports de panneaux, de supports inclin\u00e9s, de pinces, de bornes, de kits de montage, etc., en fonction de la surface et de la finalit\u00e9.<\/p>\n[\/spb_icon_box] [\/spb_column] [\/spb_row]\n","protected":false},"excerpt":{"rendered":"<p>[spb_row element_name=\u00a0\u00bbRow\u00a0\u00bb wrap_type=\u00a0\u00bbcontent-width\u00a0\u00bb parallax_image_height=\u00a0\u00bbcontent-height\u00a0\u00bb parallax_image_movement=\u00a0\u00bbfixed\u00a0\u00bb parallax_image_speed=\u00a0\u00bb0.5&Prime; bg_video_loop=\u00a0\u00bbyes\u00a0\u00bb parallax_video_height=\u00a0\u00bbwindow-height\u00a0\u00bb parallax_video_overlay=\u00a0\u00bbnone\u00a0\u00bb row_overlay_opacity=\u00a0\u00bb0&Prime; row_col_pos=\u00a0\u00bbdefault\u00a0\u00bb width=\u00a0\u00bb1\/1&Prime; el_position=\u00a0\u00bbfirst last\u00a0\u00bb] [spb_column col_sm=\u00a0\u00bb12&Prime; col_animation=\u00a0\u00bbnone\u00a0\u00bb col_animation_delay=\u00a0\u00bb0&Prime; col_bg_type=\u00a0\u00bbcover\u00a0\u00bb col_parallax_image_movement=\u00a0\u00bbfixed\u00a0\u00bb col_parallax_image_speed=\u00a0\u00bb0.5&Prime; col_padding=\u00a0\u00bb0&Prime; col_vertical_offset=\u00a0\u00bb0&Prime; col_horizontal_offset=\u00a0\u00bb0&Prime; col_custom_zindex=\u00a0\u00bb0&Prime; simplified_controls=\u00a0\u00bbyes\u00a0\u00bb custom_css_percentage=\u00a0\u00bbno\u00a0\u00bb padding_vertical=\u00a0\u00bb0&Prime; padding_horizontal=\u00a0\u00bb0&Prime; margin_vertical=\u00a0\u00bb0&Prime; custom_css=\u00a0\u00bbmargin-top: 0px;margin-bottom: 0px;\u00a0\u00bb border_styling_global=\u00a0\u00bbdefault\u00a0\u00bb width=\u00a0\u00bb1\/1&Prime; el_position=\u00a0\u00bbfirst last\u00a0\u00bb] [spb_text_block animation=\u00a0\u00bbnone\u00a0\u00bb animation_delay=\u00a0\u00bb0&Prime; simplified_controls=\u00a0\u00bbyes\u00a0\u00bb custom_css_percentage=\u00a0\u00bbno\u00a0\u00bb padding_vertical=\u00a0\u00bb0&Prime; padding_horizontal=\u00a0\u00bb0&Prime; margin_vertical=\u00a0\u00bb0&Prime; custom_css=\u00a0\u00bbmargin-top: 0px;margin-bottom: 0px;\u00a0\u00bb border_size=\u00a0\u00bb0&Prime; border_styling_global=\u00a0\u00bbdefault\u00a0\u00bb width=\u00a0\u00bb3\/4&Prime; el_position=\u00a0\u00bbfirst\u00a0\u00bb] Gesti\u00f3n de Compras dispose d&rsquo;une large gamme de [&hellip;]<\/p>\n","protected":false},"author":5,"featured_media":13351,"parent":7608,"menu_order":0,"comment_status":"closed","ping_status":"closed","template":"page-title.php","meta":{"footnotes":""},"yoast_head":"<!-- This site is optimized with the Yoast SEO plugin v22.4 - https:\/\/yoast.com\/wordpress\/plugins\/seo\/ -->\n<title>Energie solaire - Gesti\u00f3n De Compras<\/title>\n<meta name=\"description\" content=\"Gesti\u00f3n de Compras dispose d&#039;une large gamme de produits dans le secteur photovolta\u00efque. Panneaux solaires, structures, micro-onduleurs.\" \/>\n<meta name=\"robots\" content=\"index, follow, max-snippet:-1, max-image-preview:large, max-video-preview:-1\" \/>\n<link rel=\"canonical\" href=\"https:\/\/wp.gestiondecompras.com\/fr\/produits\/electricite-et-electronique\/energie-solaire\/\" \/>\n<meta property=\"og:locale\" content=\"fr_FR\" \/>\n<meta property=\"og:type\" content=\"article\" \/>\n<meta property=\"og:title\" content=\"Energie solaire - Gesti\u00f3n De Compras\" \/>\n<meta property=\"og:description\" content=\"Gesti\u00f3n de Compras dispose d&#039;une large gamme de produits dans le secteur photovolta\u00efque. Panneaux solaires, structures, micro-onduleurs.\" \/>\n<meta property=\"og:url\" content=\"https:\/\/wp.gestiondecompras.com\/fr\/produits\/electricite-et-electronique\/energie-solaire\/\" \/>\n<meta property=\"og:site_name\" content=\"Gesti\u00f3n De Compras\" \/>\n<meta property=\"article:modified_time\" content=\"2023-02-13T07:23:29+00:00\" \/>\n<meta property=\"og:image\" content=\"https:\/\/wp.gestiondecompras.com\/wp-content\/uploads\/2022\/12\/FOTO-RECURSO.jpg\" \/>\n\t<meta property=\"og:image:width\" content=\"1920\" \/>\n\t<meta property=\"og:image:height\" content=\"1080\" \/>\n\t<meta property=\"og:image:type\" content=\"image\/jpeg\" \/>\n<meta name=\"twitter:card\" content=\"summary_large_image\" \/>\n<meta name=\"twitter:label1\" content=\"Dur\u00e9e de lecture estim\u00e9e\" \/>\n\t<meta name=\"twitter:data1\" content=\"4 minutes\" \/>\n<script type=\"application\/ld+json\" class=\"yoast-schema-graph\">{\"@context\":\"https:\/\/schema.org\",\"@graph\":[{\"@type\":\"WebPage\",\"@id\":\"https:\/\/wp.gestiondecompras.com\/fr\/produits\/electricite-et-electronique\/energie-solaire\/\",\"url\":\"https:\/\/wp.gestiondecompras.com\/fr\/produits\/electricite-et-electronique\/energie-solaire\/\",\"name\":\"Energie solaire - Gesti\u00f3n De Compras\",\"isPartOf\":{\"@id\":\"https:\/\/wp.gestiondecompras.com\/fr\/#website\"},\"primaryImageOfPage\":{\"@id\":\"https:\/\/wp.gestiondecompras.com\/fr\/produits\/electricite-et-electronique\/energie-solaire\/#primaryimage\"},\"image\":{\"@id\":\"https:\/\/wp.gestiondecompras.com\/fr\/produits\/electricite-et-electronique\/energie-solaire\/#primaryimage\"},\"thumbnailUrl\":\"https:\/\/wp.gestiondecompras.com\/wp-content\/uploads\/2022\/12\/FOTO-RECURSO.jpg\",\"datePublished\":\"2022-12-09T11:50:09+00:00\",\"dateModified\":\"2023-02-13T07:23:29+00:00\",\"description\":\"Gesti\u00f3n de Compras dispose d'une large gamme de produits dans le secteur photovolta\u00efque. Panneaux solaires, structures, micro-onduleurs.\",\"breadcrumb\":{\"@id\":\"https:\/\/wp.gestiondecompras.com\/fr\/produits\/electricite-et-electronique\/energie-solaire\/#breadcrumb\"},\"inLanguage\":\"fr-FR\",\"potentialAction\":[{\"@type\":\"ReadAction\",\"target\":[\"https:\/\/wp.gestiondecompras.com\/fr\/produits\/electricite-et-electronique\/energie-solaire\/\"]}]},{\"@type\":\"ImageObject\",\"inLanguage\":\"fr-FR\",\"@id\":\"https:\/\/wp.gestiondecompras.com\/fr\/produits\/electricite-et-electronique\/energie-solaire\/#primaryimage\",\"url\":\"https:\/\/wp.gestiondecompras.com\/wp-content\/uploads\/2022\/12\/FOTO-RECURSO.jpg\",\"contentUrl\":\"https:\/\/wp.gestiondecompras.com\/wp-content\/uploads\/2022\/12\/FOTO-RECURSO.jpg\",\"width\":1920,\"height\":1080,\"caption\":\"energ\u00eda solar\"},{\"@type\":\"BreadcrumbList\",\"@id\":\"https:\/\/wp.gestiondecompras.com\/fr\/produits\/electricite-et-electronique\/energie-solaire\/#breadcrumb\",\"itemListElement\":[{\"@type\":\"ListItem\",\"position\":1,\"name\":\"Accueil\",\"item\":\"https:\/\/wp.gestiondecompras.com\/fr\/\"},{\"@type\":\"ListItem\",\"position\":2,\"name\":\"Produits\",\"item\":\"https:\/\/wp.gestiondecompras.com\/fr\/productos\/\"},{\"@type\":\"ListItem\",\"position\":3,\"name\":\"Electricit\u00e9 et electronique\",\"item\":\"https:\/\/wp.gestiondecompras.com\/fr\/productos\/electricidad-y-electronica\/\"},{\"@type\":\"ListItem\",\"position\":4,\"name\":\"Energie solaire\"}]},{\"@type\":\"WebSite\",\"@id\":\"https:\/\/wp.gestiondecompras.com\/fr\/#website\",\"url\":\"https:\/\/wp.gestiondecompras.com\/fr\/\",\"name\":\"Gesti\u00f3n De Compras\",\"description\":\"Sourcing Internacional\",\"potentialAction\":[{\"@type\":\"SearchAction\",\"target\":{\"@type\":\"EntryPoint\",\"urlTemplate\":\"https:\/\/wp.gestiondecompras.com\/fr\/?s={search_term_string}\"},\"query-input\":\"required name=search_term_string\"}],\"inLanguage\":\"fr-FR\"}]}<\/script>\n<!-- \/ Yoast SEO plugin. -->","yoast_head_json":{"title":"Energie solaire - Gesti\u00f3n De Compras","description":"Gesti\u00f3n de Compras dispose d'une large gamme de produits dans le secteur photovolta\u00efque. Panneaux solaires, structures, micro-onduleurs.","robots":{"index":"index","follow":"follow","max-snippet":"max-snippet:-1","max-image-preview":"max-image-preview:large","max-video-preview":"max-video-preview:-1"},"canonical":"https:\/\/wp.gestiondecompras.com\/fr\/produits\/electricite-et-electronique\/energie-solaire\/","og_locale":"fr_FR","og_type":"article","og_title":"Energie solaire - Gesti\u00f3n De Compras","og_description":"Gesti\u00f3n de Compras dispose d'une large gamme de produits dans le secteur photovolta\u00efque. Panneaux solaires, structures, micro-onduleurs.","og_url":"https:\/\/wp.gestiondecompras.com\/fr\/produits\/electricite-et-electronique\/energie-solaire\/","og_site_name":"Gesti\u00f3n De Compras","article_modified_time":"2023-02-13T07:23:29+00:00","og_image":[{"width":1920,"height":1080,"url":"https:\/\/wp.gestiondecompras.com\/wp-content\/uploads\/2022\/12\/FOTO-RECURSO.jpg","type":"image\/jpeg"}],"twitter_card":"summary_large_image","twitter_misc":{"Dur\u00e9e de lecture estim\u00e9e":"4 minutes"},"schema":{"@context":"https:\/\/schema.org","@graph":[{"@type":"WebPage","@id":"https:\/\/wp.gestiondecompras.com\/fr\/produits\/electricite-et-electronique\/energie-solaire\/","url":"https:\/\/wp.gestiondecompras.com\/fr\/produits\/electricite-et-electronique\/energie-solaire\/","name":"Energie solaire - Gesti\u00f3n De Compras","isPartOf":{"@id":"https:\/\/wp.gestiondecompras.com\/fr\/#website"},"primaryImageOfPage":{"@id":"https:\/\/wp.gestiondecompras.com\/fr\/produits\/electricite-et-electronique\/energie-solaire\/#primaryimage"},"image":{"@id":"https:\/\/wp.gestiondecompras.com\/fr\/produits\/electricite-et-electronique\/energie-solaire\/#primaryimage"},"thumbnailUrl":"https:\/\/wp.gestiondecompras.com\/wp-content\/uploads\/2022\/12\/FOTO-RECURSO.jpg","datePublished":"2022-12-09T11:50:09+00:00","dateModified":"2023-02-13T07:23:29+00:00","description":"Gesti\u00f3n de Compras dispose d'une large gamme de produits dans le secteur photovolta\u00efque. Panneaux solaires, structures, micro-onduleurs.","breadcrumb":{"@id":"https:\/\/wp.gestiondecompras.com\/fr\/produits\/electricite-et-electronique\/energie-solaire\/#breadcrumb"},"inLanguage":"fr-FR","potentialAction":[{"@type":"ReadAction","target":["https:\/\/wp.gestiondecompras.com\/fr\/produits\/electricite-et-electronique\/energie-solaire\/"]}]},{"@type":"ImageObject","inLanguage":"fr-FR","@id":"https:\/\/wp.gestiondecompras.com\/fr\/produits\/electricite-et-electronique\/energie-solaire\/#primaryimage","url":"https:\/\/wp.gestiondecompras.com\/wp-content\/uploads\/2022\/12\/FOTO-RECURSO.jpg","contentUrl":"https:\/\/wp.gestiondecompras.com\/wp-content\/uploads\/2022\/12\/FOTO-RECURSO.jpg","width":1920,"height":1080,"caption":"energ\u00eda solar"},{"@type":"BreadcrumbList","@id":"https:\/\/wp.gestiondecompras.com\/fr\/produits\/electricite-et-electronique\/energie-solaire\/#breadcrumb","itemListElement":[{"@type":"ListItem","position":1,"name":"Accueil","item":"https:\/\/wp.gestiondecompras.com\/fr\/"},{"@type":"ListItem","position":2,"name":"Produits","item":"https:\/\/wp.gestiondecompras.com\/fr\/productos\/"},{"@type":"ListItem","position":3,"name":"Electricit\u00e9 et electronique","item":"https:\/\/wp.gestiondecompras.com\/fr\/productos\/electricidad-y-electronica\/"},{"@type":"ListItem","position":4,"name":"Energie solaire"}]},{"@type":"WebSite","@id":"https:\/\/wp.gestiondecompras.com\/fr\/#website","url":"https:\/\/wp.gestiondecompras.com\/fr\/","name":"Gesti\u00f3n De Compras","description":"Sourcing Internacional","potentialAction":[{"@type":"SearchAction","target":{"@type":"EntryPoint","urlTemplate":"https:\/\/wp.gestiondecompras.com\/fr\/?s={search_term_string}"},"query-input":"required name=search_term_string"}],"inLanguage":"fr-FR"}]}},"_links":{"self":[{"href":"https:\/\/wp.gestiondecompras.com\/fr\/wp-json\/wp\/v2\/pages\/13355"}],"collection":[{"href":"https:\/\/wp.gestiondecompras.com\/fr\/wp-json\/wp\/v2\/pages"}],"about":[{"href":"https:\/\/wp.gestiondecompras.com\/fr\/wp-json\/wp\/v2\/types\/page"}],"author":[{"embeddable":true,"href":"https:\/\/wp.gestiondecompras.com\/fr\/wp-json\/wp\/v2\/users\/5"}],"replies":[{"embeddable":true,"href":"https:\/\/wp.gestiondecompras.com\/fr\/wp-json\/wp\/v2\/comments?post=13355"}],"version-history":[{"count":3,"href":"https:\/\/wp.gestiondecompras.com\/fr\/wp-json\/wp\/v2\/pages\/13355\/revisions"}],"predecessor-version":[{"id":13573,"href":"https:\/\/wp.gestiondecompras.com\/fr\/wp-json\/wp\/v2\/pages\/13355\/revisions\/13573"}],"up":[{"embeddable":true,"href":"https:\/\/wp.gestiondecompras.com\/fr\/wp-json\/wp\/v2\/pages\/7608"}],"wp:featuredmedia":[{"embeddable":true,"href":"https:\/\/wp.gestiondecompras.com\/fr\/wp-json\/wp\/v2\/media\/13351"}],"wp:attachment":[{"href":"https:\/\/wp.gestiondecompras.com\/fr\/wp-json\/wp\/v2\/media?parent=13355"}],"curies":[{"name":"wp","href":"https:\/\/api.w.org\/{rel}","templated":true}]}}