{"id":7238,"date":"2021-09-14T12:04:25","date_gmt":"2021-09-14T12:04:25","guid":{"rendered":"https:\/\/wp.gestiondecompras.com\/?page_id=7238"},"modified":"2021-11-23T11:32:54","modified_gmt":"2021-11-23T11:32:54","slug":"maquinaria-de-reciclaje-de-plastico","status":"publish","type":"page","link":"https:\/\/wp.gestiondecompras.com\/es\/productos\/plastico\/maquinaria-de-reciclaje-de-plastico\/","title":{"rendered":"Maquinaria de Reciclaje de Pl\u00e1stico"},"content":{"rendered":"[spb_row element_name=\u00bbRow\u00bb wrap_type=\u00bbcontent-width\u00bb parallax_image_height=\u00bbcontent-height\u00bb parallax_image_movement=\u00bbfixed\u00bb parallax_image_speed=\u00bb0.5&#8243; bg_video_loop=\u00bbyes\u00bb parallax_video_height=\u00bbwindow-height\u00bb parallax_video_overlay=\u00bbnone\u00bb row_overlay_opacity=\u00bb0&#8243; row_col_pos=\u00bbdefault\u00bb width=\u00bb1\/1&#8243; el_position=\u00bbfirst last\u00bb] [spb_column col_animation=\u00bbnone\u00bb col_animation_delay=\u00bb0&#8243; col_bg_type=\u00bbcover\u00bb col_parallax_image_movement=\u00bbfixed\u00bb col_parallax_image_speed=\u00bb0.5&#8243; col_padding=\u00bb0&#8243; col_vertical_offset=\u00bb0&#8243; col_horizontal_offset=\u00bb0&#8243; col_custom_zindex=\u00bb0&#8243; col_sm=\u00bb12&#8243; simplified_controls=\u00bbyes\u00bb custom_css_percentage=\u00bbno\u00bb padding_vertical=\u00bb0&#8243; padding_horizontal=\u00bb0&#8243; margin_vertical=\u00bb0&#8243; custom_css=\u00bbmargin-top: 0px;margin-bottom: 0px;\u00bb border_styling_global=\u00bbdefault\u00bb width=\u00bb1\/1&#8243; el_position=\u00bbfirst last\u00bb] [spb_text_block animation=\u00bbnone\u00bb animation_delay=\u00bb0&#8243; simplified_controls=\u00bbyes\u00bb custom_css_percentage=\u00bbno\u00bb padding_vertical=\u00bb0&#8243; padding_horizontal=\u00bb0&#8243; margin_vertical=\u00bb0&#8243; custom_css=\u00bbmargin-top: 0px;margin-bottom: 0px;\u00bb border_size=\u00bb0&#8243; border_styling_global=\u00bbdefault\u00bb width=\u00bb3\/4&#8243; el_position=\u00bbfirst\u00bb]\n<p>En Gesti\u00f3n de Compras disponemos de m\u00e1s de una veintena de maquinaria especializada en distintos procesos de reciclaje, en distintos materiales (PP, PE, EVA, etc).<\/p>\n[\/spb_text_block][spb_text_block animation=\u00bbnone\u00bb animation_delay=\u00bb0&#8243; simplified_controls=\u00bbyes\u00bb custom_css_percentage=\u00bbno\u00bb padding_vertical=\u00bb0&#8243; padding_horizontal=\u00bb0&#8243; margin_vertical=\u00bb0&#8243; custom_css=\u00bbmargin-top: 0px;margin-bottom: 0px;\u00bb border_size=\u00bb0&#8243; border_styling_global=\u00bbdefault\u00bb width=\u00bb1\/4&#8243; el_position=\u00bblast\u00bb]\n\n                    <div class=\"spb-asset-content\" style=\"text-align: center;\">\n                        <a class=\"sf-button standard accent default pdf-button\" href=\"\/wp-content\/uploads\/2021\/11\/maquinaria-de-reciclaje-de-plastico-es.pdf\" target=\"_blank\" rel=\"\">\n                            <svg xmlns=\"http:\/\/www.w3.org\/2000\/svg\" width=\"24\" height=\"24\" viewBox=\"0 0 24 24\" style=\"margin-right: 8px;\">\n                                <style type=\"text\/css\">\n                                    .st0{fill:#FFFFFF;}\n                                <\/style>\n                                <path class=\"st0\" d=\"M11.4,2C15.5,2,14,8,14,8s6-1.7,6,2.5V22H4V2C4,2,11.4,2,11.4,2z M12.2,0H2v24h20V9.6C22,7.2,15.4,0,12.2,0z   M8.4,17.3c0.3-0.3,0.9-0.6,1.7-1c0.4-0.7,0.7-1.5,1-2.2c-0.2-0.5-0.4-1-0.5-1.6c-0.2-2.1,2.1-1.9,1.7,0c-0.1,0.4-0.2,0.9-0.5,1.5  c0.4,0.7,0.8,1.1,1.2,1.5c0.5-0.1,1.3-0.2,1.8-0.1c1.4,0.2,1.2,1.7,0,1.7c-0.6,0-1.5-0.5-2-0.9c-0.8,0.1-1.6,0.4-2.3,0.6  c-0.2,0.4-0.5,1-0.8,1.4C8.7,19.9,7.2,18.4,8.4,17.3z M9.6,17.3c-0.3,0.1-0.6,0.3-0.8,0.6c-0.3,0.3-0.1,0.6,0.3,0.2  C9.3,17.9,9.5,17.6,9.6,17.3z M14.1,16.1c0.2,0.2,0.6,0.3,0.9,0.3c0.4,0,0.4-0.3-0.1-0.3C14.7,16.1,14.4,16.1,14.1,16.1z M11.1,16  c0.3-0.1,1-0.3,1.2-0.3c0,0-0.5-0.5-0.7-0.8C11.5,15.2,11.1,16,11.1,16z M11.5,12c-0.1,0.3,0,0.8,0.1,1.1c0.1-0.2,0.3-0.8,0.2-1.1  C11.7,11.7,11.5,11.7,11.5,12z\"\/>\n                            <\/svg>\n                            <span>Maquinaria de Reciclaje de Pl\u00e1stico<\/span>\n                        <\/a>\n                    <\/div>\n                \n[\/spb_text_block] [spb_text_block animation=\u00bbnone\u00bb animation_delay=\u00bb0&#8243; simplified_controls=\u00bbyes\u00bb custom_css_percentage=\u00bbno\u00bb padding_vertical=\u00bb0&#8243; padding_horizontal=\u00bb0&#8243; margin_vertical=\u00bb0&#8243; custom_css=\u00bbmargin-top: 0px;margin-bottom: 0px;\u00bb border_size=\u00bb0&#8243; border_styling_global=\u00bbdefault\u00bb width=\u00bb1\/1&#8243; el_position=\u00bbfirst last\u00bb]\n<hr style=\"background-color: #0098aa; height: 1px;\" \/>\n[\/spb_text_block] [\/spb_column] [\/spb_row] [spb_row element_name=\u00bbRow\u00bb wrap_type=\u00bbcontent-width\u00bb parallax_image_height=\u00bbcontent-height\u00bb parallax_image_movement=\u00bbfixed\u00bb parallax_image_speed=\u00bb0.5&#8243; bg_video_loop=\u00bbyes\u00bb parallax_video_height=\u00bbwindow-height\u00bb parallax_video_overlay=\u00bbnone\u00bb row_overlay_opacity=\u00bb0&#8243; row_col_pos=\u00bbdefault\u00bb width=\u00bb1\/1&#8243; el_position=\u00bbfirst last\u00bb] [spb_text_block animation=\u00bbnone\u00bb animation_delay=\u00bb0&#8243; simplified_controls=\u00bbyes\u00bb custom_css_percentage=\u00bbno\u00bb padding_vertical=\u00bb0&#8243; padding_horizontal=\u00bb0&#8243; margin_vertical=\u00bb0&#8243; custom_css=\u00bbmargin-top: 0px;margin-bottom: 0px;\u00bb border_size=\u00bb0&#8243; border_styling_global=\u00bbdefault\u00bb width=\u00bb1\/1&#8243; el_position=\u00bbfirst last\u00bb]\n<h2 style=\"text-align: center;\"><strong>Productos<br \/>\n<\/strong><\/h2>\n<div class=\"horizontal-break bold\" style=\"background-color: #666d78; width: 100px\"> <\/div>\n[\/spb_text_block] [spb_boxed_content type=\u00bbcoloured\u00bb box_link_target=\u00bb_self\u00bb padding_vertical=\u00bb0&#8243; padding_horizontal=\u00bb0&#8243; width=\u00bb1\/1&#8243; el_position=\u00bbfirst last\u00bb]\n<p style=\"text-align: justify;\">Desde Gesti\u00f3n de Compras somos conscientes que cualquier aportaci\u00f3n es buena en lo referente al medio ambiente. Es por ello que trabajamos desde hace a\u00f1os con una gran variedad de<strong> maquinaria especializada en el reciclaje de pl\u00e1stico<\/strong>. Estamos activamente comprometidos con el desarrollo socioecon\u00f3mico sostenible, las comodidades para garantizar el rendimiento de los equipos de reciclaje, ayudar a los clientes a mejorar su eficiencia, reducir el consumo de energ\u00eda; as\u00ed como promover el crecimiento econ\u00f3mico con bajas emisiones de carbono.<\/p>\n<p style=\"text-align: justify;\">Por todo ello, disponemos de m\u00e1s de una veintena de maquinaria especializada en distintos procesos de reciclaje, en distintos materiales (PP, PE, EVA, etc). <strong>Cada una de las m\u00e1quinas, est\u00e1 ideada para reciclar de la forma m\u00e1s eficiente el mayor n\u00famero de pl\u00e1stico posible.<\/strong> La capacidad de cada una de ellas var\u00eda dependiendo del modelo. Algunas de las maquinarias con las que trabajamos son limpiadoras, l\u00edneas de reciclaje completas, granuladoras, alimentadores, deshidratadoras, extrusoras, etc.<\/p>\n<p style=\"text-align: justify;\">Aqu\u00ed podr\u00e1 encontrar los modelos disponibles, pero recomendamos que, en caso de inter\u00e9s, se ponga en contacto con Gesti\u00f3n de Compras para gestionar mejor su elecci\u00f3n dependiendo de las necesidades de cada cliente.<\/p>\n[\/spb_boxed_content] [spb_blank_spacer height=\u00bb30px\u00bb width=\u00bb1\/1&#8243; el_position=\u00bbfirst last\u00bb] [\/spb_row] [spb_row element_name=\u00bbRow\u00bb wrap_type=\u00bbfull-width-contained\u00bb row_bg_type=\u00bbimage\u00bb row_bg_color=\u00bb#242424&#8243; color_row_height=\u00bbcontent-height\u00bb bg_image=\u00bb7244&#8243; bg_type=\u00bbcover\u00bb parallax_image_height=\u00bbcontent-height\u00bb parallax_image_movement=\u00bbscroll\u00bb parallax_image_speed=\u00bbstandard\u00bb bg_video_loop=\u00bbyes\u00bb parallax_video_height=\u00bbwindow-height\u00bb row_top_style=\u00bbnone\u00bb row_bottom_style=\u00bbnone\u00bb parallax_video_overlay=\u00bbnone\u00bb row_overlay_opacity=\u00bb0&#8243; remove_element_spacing=\u00bbno\u00bb row_col_spacing=\u00bb0&#8243; row_col_pos=\u00bbdefault\u00bb row_col_equal_heights=\u00bbno\u00bb row_expanding=\u00bbno\u00bb row_animation=\u00bbnone\u00bb row_animation_delay=\u00bb0&#8243; minimize_row=\u00bbno\u00bb simplified_controls=\u00bbyes\u00bb custom_css_percentage=\u00bbno\u00bb padding_vertical=\u00bb0&#8243; padding_horizontal=\u00bb0&#8243; margin_vertical=\u00bb0&#8243; custom_css=\u00bbmargin-top: 0px;margin-bottom: 0px;\u00bb border_size=\u00bb0&#8243; border_styling_global=\u00bbdefault\u00bb width=\u00bb1\/1&#8243; el_position=\u00bbfirst last\u00bb] [spb_column col_animation=\u00bbnone\u00bb col_animation_delay=\u00bb0&#8243; col_bg_color=\u00bb#242424&#8243; col_bg_type=\u00bbcover\u00bb col_parallax_image_movement=\u00bbfixed\u00bb col_parallax_image_speed=\u00bb0.5&#8243; col_padding=\u00bb0&#8243; col_vertical_offset=\u00bb0&#8243; col_horizontal_offset=\u00bb0&#8243; col_custom_zindex=\u00bb0&#8243; col_xs=\u00bb12&#8243; col_sm=\u00bb12&#8243; col_md=\u00bb8&#8243; col_lg=\u00bb8&#8243; simplified_controls=\u00bbyes\u00bb custom_css_percentage=\u00bbno\u00bb padding_vertical=\u00bb20&#8243; padding_horizontal=\u00bb20&#8243; margin_vertical=\u00bb0&#8243; custom_css=\u00bbmargin-top: 0px;margin-bottom: 0px;padding-top: 20px;padding-left: 20px;padding-right: 20px;padding-bottom: 20px;\u00bb border_styling_global=\u00bbdefault\u00bb width=\u00bb1\/1&#8243; el_position=\u00bbfirst last\u00bb] [spb_text_block animation=\u00bbnone\u00bb animation_delay=\u00bb0&#8243; simplified_controls=\u00bbyes\u00bb custom_css_percentage=\u00bbno\u00bb padding_vertical=\u00bb0&#8243; padding_horizontal=\u00bb0&#8243; margin_vertical=\u00bb0&#8243; custom_css=\u00bbmargin-top: 0px;margin-bottom: 0px;\u00bb border_size=\u00bb0&#8243; border_styling_global=\u00bbdefault\u00bb width=\u00bb1\/1&#8243; el_position=\u00bbfirst last\u00bb]\n<h3><strong>L\u00ednea de reciclaje<\/strong><\/h3>\n<ul>\n<li><span style=\"color: #ffffff;\"><strong>Polipropileno y polietileno<\/strong>: Esta m\u00e1quina de lavado puede usarse<\/span><br \/>\n<span style=\"color: #ffffff;\">para reciclar residuos pl\u00e1sticos, como bolsas de pl\u00e1stico, pl\u00e1stico de uso en agricultura, envases, etc. Toda la l\u00ednea de producci\u00f3n es segura y cumple la m\u00e1xima calidad, con certificado CE e ISO9001.<\/span><br \/>\n<span style=\"color: #ffffff;\">Alta eficiencia de trabajo, bajo contenido de humedad (menos del 5%). Larga durabilidad asegurada.<\/span><\/li>\n<li><span style=\"color: #ffffff;\"><strong>Botellas PET<\/strong>: Para limpiar las botellas de PET, es necesaria cierta maquinaria en cadena. Los procesos por los que debe pasar el pl\u00e1stico para su reciclaje son: selecci\u00f3n, lavado y secado.<\/span><\/li>\n<li><span style=\"color: #ffffff;\">Botellas de PP y HDPE, cajas, sillas y otros desechos de pl\u00e1stico de inyecci\u00f3n<\/span><\/li>\n<\/ul>\n<h3><strong>Reciclaje-granulado de pl\u00e1stico<\/strong><\/h3>\n<p><span style=\"color: #ffffff;\">Se usan para quebrar el pl\u00e1stico y facilitar su reciclaje. Dentro de la m\u00e1quina, unas cuchillas alimentadas con la energ\u00eda del motor, son las encargadas de romper el pl\u00e1stico en piezas m\u00e1s peque\u00f1as. Gesti\u00f3n de Compras dispone de varios tipos de trituradoras, dependiendo del tipo de pl\u00e1stico que el cliente necesite reciclar.<\/span><\/p>\n<h3><strong>Deshidratadora<\/strong><\/h3>\n<p><span style=\"color: #ffffff;\">La secadora Squeezer puede secar las escamas de la pel\u00edcula inmediatamente. Equipado con tornillo giratorio y caja reductora especial, que podr\u00eda deshidratar y secar las escamas de la pel\u00edcula. F\u00e1cil de usar. El efecto de secado puede llegar al 92% -95%.<\/span><\/p>\n<p><span style=\"color: #ffffff;\">Esta m\u00e1quina se utiliza para exprimir y prepeletizar pel\u00edculas de PP \/ PE, bolsas tejidas. bolsas de tonelada, nylon, etc. Est\u00e1 equipado con un avanzado sistema de extrusi\u00f3n de tornillo, la eficiencia de exprimido podr\u00eda alcanzar el 95%. Tambi\u00e9n puede trabajar de acuerdo con la l\u00ednea de lavado y peletizaci\u00f3n con capacidad y automatizaci\u00f3n de todo el proceso.<\/span><\/p>\n<h3><strong>Embaladora hidr\u00e1ulica<\/strong><\/h3>\n<p><span style=\"color: #ffffff;\">Gesti\u00f3n de Compras suministra una amplia gama de empacadoras hidr\u00e1ulicas a los clientes para gestionar sus materiales de desecho reciclables. Nuestras empacadoras van desde empacadoras verticales hasta empacadoras horizontales.<\/span><\/p>\n<p><span style=\"color: #ffffff;\">Para una m\u00e1quina achicadora, la parte m\u00e1s importante es la configuraci\u00f3n hidr\u00e1ulica. Entre las partes hidr\u00e1ulicas, el sello de aceite y el cilindro de aceite son los m\u00e1s importantes partes. Adoptamos el sellado de aceite y utilizamos un v\u00e1stago de pist\u00f3n muy s\u00f3lido para el cilindro, lo que puede garantizar que nuestras m\u00e1quinas empacadoras funcionen durante m\u00e1s de 15 a\u00f1os.<\/span><\/p>\n<p><span style=\"color: #ffffff;\">Puede elegir las empacadoras en funci\u00f3n de sus aplicaciones, que se pueden utilizar para prensar cartones, papeles, botellas de PET, botellas HOPE, latas de aluminio, metales, neum\u00e1ticos, fibras, ropa usada, aserr\u00edn, heno, basura, etc.<\/span><\/p>\n[\/spb_text_block] [\/spb_column] [\/spb_row]\n","protected":false},"excerpt":{"rendered":"<p>[spb_row element_name=\u00bbRow\u00bb wrap_type=\u00bbcontent-width\u00bb parallax_image_height=\u00bbcontent-height\u00bb parallax_image_movement=\u00bbfixed\u00bb parallax_image_speed=\u00bb0.5&#8243; bg_video_loop=\u00bbyes\u00bb parallax_video_height=\u00bbwindow-height\u00bb parallax_video_overlay=\u00bbnone\u00bb row_overlay_opacity=\u00bb0&#8243; row_col_pos=\u00bbdefault\u00bb width=\u00bb1\/1&#8243; el_position=\u00bbfirst last\u00bb] [spb_column col_animation=\u00bbnone\u00bb col_animation_delay=\u00bb0&#8243; col_bg_type=\u00bbcover\u00bb col_parallax_image_movement=\u00bbfixed\u00bb col_parallax_image_speed=\u00bb0.5&#8243; col_padding=\u00bb0&#8243; col_vertical_offset=\u00bb0&#8243; col_horizontal_offset=\u00bb0&#8243; col_custom_zindex=\u00bb0&#8243; col_sm=\u00bb12&#8243; simplified_controls=\u00bbyes\u00bb custom_css_percentage=\u00bbno\u00bb padding_vertical=\u00bb0&#8243; padding_horizontal=\u00bb0&#8243; margin_vertical=\u00bb0&#8243; custom_css=\u00bbmargin-top: 0px;margin-bottom: 0px;\u00bb border_styling_global=\u00bbdefault\u00bb width=\u00bb1\/1&#8243; el_position=\u00bbfirst last\u00bb] [spb_text_block animation=\u00bbnone\u00bb animation_delay=\u00bb0&#8243; simplified_controls=\u00bbyes\u00bb custom_css_percentage=\u00bbno\u00bb padding_vertical=\u00bb0&#8243; padding_horizontal=\u00bb0&#8243; margin_vertical=\u00bb0&#8243; custom_css=\u00bbmargin-top: 0px;margin-bottom: 0px;\u00bb border_size=\u00bb0&#8243; border_styling_global=\u00bbdefault\u00bb width=\u00bb3\/4&#8243; el_position=\u00bbfirst\u00bb] En Gesti\u00f3n de Compras disponemos de m\u00e1s de [&hellip;]<\/p>\n","protected":false},"author":3,"featured_media":7250,"parent":1538,"menu_order":0,"comment_status":"closed","ping_status":"closed","template":"page-title.php","meta":{"footnotes":""},"yoast_head":"<!-- This site is optimized with the Yoast SEO plugin v22.4 - https:\/\/yoast.com\/wordpress\/plugins\/seo\/ -->\n<title>Maquinaria de Reciclaje de Pl\u00e1stico . Productos - Gesti\u00f3n De Compras<\/title>\n<meta name=\"description\" content=\"Disponemos de m\u00e1s de una veintena de maquinaria especializada en distintos procesos y materiales de reciclaje.\" \/>\n<meta name=\"robots\" content=\"index, follow, max-snippet:-1, max-image-preview:large, max-video-preview:-1\" \/>\n<link rel=\"canonical\" href=\"https:\/\/wp.gestiondecompras.com\/es\/productos\/plastico\/maquinaria-de-reciclaje-de-plastico\/\" \/>\n<meta property=\"og:locale\" content=\"es_ES\" \/>\n<meta property=\"og:type\" content=\"article\" \/>\n<meta property=\"og:title\" content=\"Maquinaria de Reciclaje de Pl\u00e1stico . Productos - Gesti\u00f3n De Compras\" \/>\n<meta property=\"og:description\" content=\"Disponemos de m\u00e1s de una veintena de maquinaria especializada en distintos procesos y materiales de reciclaje.\" \/>\n<meta property=\"og:url\" content=\"https:\/\/wp.gestiondecompras.com\/es\/productos\/plastico\/maquinaria-de-reciclaje-de-plastico\/\" \/>\n<meta property=\"og:site_name\" content=\"Gesti\u00f3n De Compras\" \/>\n<meta property=\"article:modified_time\" content=\"2021-11-23T11:32:54+00:00\" \/>\n<meta property=\"og:image\" content=\"https:\/\/wp.gestiondecompras.com\/wp-content\/uploads\/2021\/09\/2.png\" \/>\n\t<meta property=\"og:image:width\" content=\"600\" \/>\n\t<meta property=\"og:image:height\" content=\"338\" \/>\n\t<meta property=\"og:image:type\" content=\"image\/png\" \/>\n<meta name=\"twitter:card\" content=\"summary_large_image\" \/>\n<meta name=\"twitter:label1\" content=\"Tiempo de lectura\" \/>\n\t<meta name=\"twitter:data1\" content=\"6 minutos\" \/>\n<script type=\"application\/ld+json\" class=\"yoast-schema-graph\">{\"@context\":\"https:\/\/schema.org\",\"@graph\":[{\"@type\":\"WebPage\",\"@id\":\"https:\/\/wp.gestiondecompras.com\/es\/productos\/plastico\/maquinaria-de-reciclaje-de-plastico\/\",\"url\":\"https:\/\/wp.gestiondecompras.com\/es\/productos\/plastico\/maquinaria-de-reciclaje-de-plastico\/\",\"name\":\"Maquinaria de Reciclaje de Pl\u00e1stico . Productos - Gesti\u00f3n De Compras\",\"isPartOf\":{\"@id\":\"https:\/\/wp.gestiondecompras.com\/es\/#website\"},\"primaryImageOfPage\":{\"@id\":\"https:\/\/wp.gestiondecompras.com\/es\/productos\/plastico\/maquinaria-de-reciclaje-de-plastico\/#primaryimage\"},\"image\":{\"@id\":\"https:\/\/wp.gestiondecompras.com\/es\/productos\/plastico\/maquinaria-de-reciclaje-de-plastico\/#primaryimage\"},\"thumbnailUrl\":\"https:\/\/wp.gestiondecompras.com\/wp-content\/uploads\/2021\/09\/2.png\",\"datePublished\":\"2021-09-14T12:04:25+00:00\",\"dateModified\":\"2021-11-23T11:32:54+00:00\",\"description\":\"Disponemos de m\u00e1s de una veintena de maquinaria especializada en distintos procesos y materiales de reciclaje.\",\"breadcrumb\":{\"@id\":\"https:\/\/wp.gestiondecompras.com\/es\/productos\/plastico\/maquinaria-de-reciclaje-de-plastico\/#breadcrumb\"},\"inLanguage\":\"es\",\"potentialAction\":[{\"@type\":\"ReadAction\",\"target\":[\"https:\/\/wp.gestiondecompras.com\/es\/productos\/plastico\/maquinaria-de-reciclaje-de-plastico\/\"]}]},{\"@type\":\"ImageObject\",\"inLanguage\":\"es\",\"@id\":\"https:\/\/wp.gestiondecompras.com\/es\/productos\/plastico\/maquinaria-de-reciclaje-de-plastico\/#primaryimage\",\"url\":\"https:\/\/wp.gestiondecompras.com\/wp-content\/uploads\/2021\/09\/2.png\",\"contentUrl\":\"https:\/\/wp.gestiondecompras.com\/wp-content\/uploads\/2021\/09\/2.png\",\"width\":600,\"height\":338},{\"@type\":\"BreadcrumbList\",\"@id\":\"https:\/\/wp.gestiondecompras.com\/es\/productos\/plastico\/maquinaria-de-reciclaje-de-plastico\/#breadcrumb\",\"itemListElement\":[{\"@type\":\"ListItem\",\"position\":1,\"name\":\"Inicio\",\"item\":\"https:\/\/wp.gestiondecompras.com\/es\/\"},{\"@type\":\"ListItem\",\"position\":2,\"name\":\"Productos\",\"item\":\"https:\/\/wp.gestiondecompras.com\/es\/productos\/\"},{\"@type\":\"ListItem\",\"position\":3,\"name\":\"Pl\u00e1stico\",\"item\":\"https:\/\/wp.gestiondecompras.com\/es\/productos\/plastico\/\"},{\"@type\":\"ListItem\",\"position\":4,\"name\":\"Maquinaria de Reciclaje de Pl\u00e1stico\"}]},{\"@type\":\"WebSite\",\"@id\":\"https:\/\/wp.gestiondecompras.com\/es\/#website\",\"url\":\"https:\/\/wp.gestiondecompras.com\/es\/\",\"name\":\"Gesti\u00f3n De Compras\",\"description\":\"Sourcing Internacional\",\"potentialAction\":[{\"@type\":\"SearchAction\",\"target\":{\"@type\":\"EntryPoint\",\"urlTemplate\":\"https:\/\/wp.gestiondecompras.com\/es\/?s={search_term_string}\"},\"query-input\":\"required name=search_term_string\"}],\"inLanguage\":\"es\"}]}<\/script>\n<!-- \/ Yoast SEO plugin. -->","yoast_head_json":{"title":"Maquinaria de Reciclaje de Pl\u00e1stico . Productos - Gesti\u00f3n De Compras","description":"Disponemos de m\u00e1s de una veintena de maquinaria especializada en distintos procesos y materiales de reciclaje.","robots":{"index":"index","follow":"follow","max-snippet":"max-snippet:-1","max-image-preview":"max-image-preview:large","max-video-preview":"max-video-preview:-1"},"canonical":"https:\/\/wp.gestiondecompras.com\/es\/productos\/plastico\/maquinaria-de-reciclaje-de-plastico\/","og_locale":"es_ES","og_type":"article","og_title":"Maquinaria de Reciclaje de Pl\u00e1stico . Productos - Gesti\u00f3n De Compras","og_description":"Disponemos de m\u00e1s de una veintena de maquinaria especializada en distintos procesos y materiales de reciclaje.","og_url":"https:\/\/wp.gestiondecompras.com\/es\/productos\/plastico\/maquinaria-de-reciclaje-de-plastico\/","og_site_name":"Gesti\u00f3n De Compras","article_modified_time":"2021-11-23T11:32:54+00:00","og_image":[{"width":600,"height":338,"url":"https:\/\/wp.gestiondecompras.com\/wp-content\/uploads\/2021\/09\/2.png","type":"image\/png"}],"twitter_card":"summary_large_image","twitter_misc":{"Tiempo de lectura":"6 minutos"},"schema":{"@context":"https:\/\/schema.org","@graph":[{"@type":"WebPage","@id":"https:\/\/wp.gestiondecompras.com\/es\/productos\/plastico\/maquinaria-de-reciclaje-de-plastico\/","url":"https:\/\/wp.gestiondecompras.com\/es\/productos\/plastico\/maquinaria-de-reciclaje-de-plastico\/","name":"Maquinaria de Reciclaje de Pl\u00e1stico . Productos - Gesti\u00f3n De Compras","isPartOf":{"@id":"https:\/\/wp.gestiondecompras.com\/es\/#website"},"primaryImageOfPage":{"@id":"https:\/\/wp.gestiondecompras.com\/es\/productos\/plastico\/maquinaria-de-reciclaje-de-plastico\/#primaryimage"},"image":{"@id":"https:\/\/wp.gestiondecompras.com\/es\/productos\/plastico\/maquinaria-de-reciclaje-de-plastico\/#primaryimage"},"thumbnailUrl":"https:\/\/wp.gestiondecompras.com\/wp-content\/uploads\/2021\/09\/2.png","datePublished":"2021-09-14T12:04:25+00:00","dateModified":"2021-11-23T11:32:54+00:00","description":"Disponemos de m\u00e1s de una veintena de maquinaria especializada en distintos procesos y materiales de reciclaje.","breadcrumb":{"@id":"https:\/\/wp.gestiondecompras.com\/es\/productos\/plastico\/maquinaria-de-reciclaje-de-plastico\/#breadcrumb"},"inLanguage":"es","potentialAction":[{"@type":"ReadAction","target":["https:\/\/wp.gestiondecompras.com\/es\/productos\/plastico\/maquinaria-de-reciclaje-de-plastico\/"]}]},{"@type":"ImageObject","inLanguage":"es","@id":"https:\/\/wp.gestiondecompras.com\/es\/productos\/plastico\/maquinaria-de-reciclaje-de-plastico\/#primaryimage","url":"https:\/\/wp.gestiondecompras.com\/wp-content\/uploads\/2021\/09\/2.png","contentUrl":"https:\/\/wp.gestiondecompras.com\/wp-content\/uploads\/2021\/09\/2.png","width":600,"height":338},{"@type":"BreadcrumbList","@id":"https:\/\/wp.gestiondecompras.com\/es\/productos\/plastico\/maquinaria-de-reciclaje-de-plastico\/#breadcrumb","itemListElement":[{"@type":"ListItem","position":1,"name":"Inicio","item":"https:\/\/wp.gestiondecompras.com\/es\/"},{"@type":"ListItem","position":2,"name":"Productos","item":"https:\/\/wp.gestiondecompras.com\/es\/productos\/"},{"@type":"ListItem","position":3,"name":"Pl\u00e1stico","item":"https:\/\/wp.gestiondecompras.com\/es\/productos\/plastico\/"},{"@type":"ListItem","position":4,"name":"Maquinaria de Reciclaje de Pl\u00e1stico"}]},{"@type":"WebSite","@id":"https:\/\/wp.gestiondecompras.com\/es\/#website","url":"https:\/\/wp.gestiondecompras.com\/es\/","name":"Gesti\u00f3n De Compras","description":"Sourcing Internacional","potentialAction":[{"@type":"SearchAction","target":{"@type":"EntryPoint","urlTemplate":"https:\/\/wp.gestiondecompras.com\/es\/?s={search_term_string}"},"query-input":"required name=search_term_string"}],"inLanguage":"es"}]}},"_links":{"self":[{"href":"https:\/\/wp.gestiondecompras.com\/es\/wp-json\/wp\/v2\/pages\/7238"}],"collection":[{"href":"https:\/\/wp.gestiondecompras.com\/es\/wp-json\/wp\/v2\/pages"}],"about":[{"href":"https:\/\/wp.gestiondecompras.com\/es\/wp-json\/wp\/v2\/types\/page"}],"author":[{"embeddable":true,"href":"https:\/\/wp.gestiondecompras.com\/es\/wp-json\/wp\/v2\/users\/3"}],"replies":[{"embeddable":true,"href":"https:\/\/wp.gestiondecompras.com\/es\/wp-json\/wp\/v2\/comments?post=7238"}],"version-history":[{"count":5,"href":"https:\/\/wp.gestiondecompras.com\/es\/wp-json\/wp\/v2\/pages\/7238\/revisions"}],"predecessor-version":[{"id":11825,"href":"https:\/\/wp.gestiondecompras.com\/es\/wp-json\/wp\/v2\/pages\/7238\/revisions\/11825"}],"up":[{"embeddable":true,"href":"https:\/\/wp.gestiondecompras.com\/es\/wp-json\/wp\/v2\/pages\/1538"}],"wp:featuredmedia":[{"embeddable":true,"href":"https:\/\/wp.gestiondecompras.com\/es\/wp-json\/wp\/v2\/media\/7250"}],"wp:attachment":[{"href":"https:\/\/wp.gestiondecompras.com\/es\/wp-json\/wp\/v2\/media?parent=7238"}],"curies":[{"name":"wp","href":"https:\/\/api.w.org\/{rel}","templated":true}]}}