{"id":4877,"date":"2021-06-17T11:07:14","date_gmt":"2021-06-17T11:07:14","guid":{"rendered":"https:\/\/wp.gestiondecompras.com\/?page_id=4877"},"modified":"2021-09-15T10:31:53","modified_gmt":"2021-09-15T10:31:53","slug":"cajas-y-pallets-plegables-de-plastico","status":"publish","type":"page","link":"https:\/\/wp.gestiondecompras.com\/es\/productos\/piezas-plasticas\/cajas-y-pallets-plegables-de-plastico\/","title":{"rendered":"Cajas y pallets plegables de pl\u00e1stico"},"content":{"rendered":"[spb_row element_name=\u00bbRow\u00bb wrap_type=\u00bbcontent-width\u00bb parallax_image_height=\u00bbcontent-height\u00bb parallax_image_movement=\u00bbfixed\u00bb parallax_image_speed=\u00bb0.5&#8243; bg_video_loop=\u00bbyes\u00bb parallax_video_height=\u00bbwindow-height\u00bb parallax_video_overlay=\u00bbnone\u00bb row_overlay_opacity=\u00bb0&#8243; row_col_pos=\u00bbdefault\u00bb width=\u00bb1\/1&#8243; el_position=\u00bbfirst last\u00bb] [spb_column col_animation=\u00bbnone\u00bb col_animation_delay=\u00bb0&#8243; col_bg_type=\u00bbcover\u00bb col_parallax_image_movement=\u00bbfixed\u00bb col_parallax_image_speed=\u00bb0.5&#8243; col_padding=\u00bb0&#8243; col_vertical_offset=\u00bb0&#8243; col_horizontal_offset=\u00bb0&#8243; col_custom_zindex=\u00bb0&#8243; col_sm=\u00bb12&#8243; simplified_controls=\u00bbyes\u00bb custom_css_percentage=\u00bbno\u00bb padding_vertical=\u00bb0&#8243; padding_horizontal=\u00bb0&#8243; margin_vertical=\u00bb0&#8243; custom_css=\u00bbmargin-top: 0px;margin-bottom: 0px;\u00bb border_styling_global=\u00bbdefault\u00bb width=\u00bb1\/1&#8243; el_position=\u00bbfirst last\u00bb] [spb_text_block animation=\u00bbnone\u00bb animation_delay=\u00bb0&#8243; simplified_controls=\u00bbyes\u00bb custom_css_percentage=\u00bbno\u00bb padding_vertical=\u00bb0&#8243; padding_horizontal=\u00bb0&#8243; margin_vertical=\u00bb0&#8243; custom_css=\u00bbmargin-top: 0px;margin-bottom: 0px;\u00bb border_size=\u00bb0&#8243; border_styling_global=\u00bbdefault\u00bb width=\u00bb3\/4&#8243; el_position=\u00bbfirst\u00bb]\n<p>En Gesti\u00f3n de Compras disponemos de una amplia gama de cajas, contenedores y otro tipo de productos destinados al transporte y almacenaje.<\/p>\n[\/spb_text_block][spb_text_block animation=\u00bbnone\u00bb animation_delay=\u00bb0&#8243; simplified_controls=\u00bbyes\u00bb custom_css_percentage=\u00bbno\u00bb padding_vertical=\u00bb0&#8243; padding_horizontal=\u00bb0&#8243; margin_vertical=\u00bb0&#8243; custom_css=\u00bbmargin-top: 0px;margin-bottom: 0px;\u00bb border_size=\u00bb0&#8243; border_styling_global=\u00bbdefault\u00bb width=\u00bb1\/4&#8243; el_position=\u00bblast\u00bb]\n\n                    <div class=\"spb-asset-content\" style=\"text-align: center;\">\n                        <a class=\"sf-button standard accent default pdf-button\" href=\"\/wp-content\/uploads\/2021\/11\/cajas-y-pallets-plegables-de-plastico-es.pdf\" target=\"_blank\" rel=\"\">\n                            <svg xmlns=\"http:\/\/www.w3.org\/2000\/svg\" width=\"24\" height=\"24\" viewBox=\"0 0 24 24\" style=\"margin-right: 8px;\">\n                                <style type=\"text\/css\">\n                                    .st0{fill:#FFFFFF;}\n                                <\/style>\n                                <path class=\"st0\" d=\"M11.4,2C15.5,2,14,8,14,8s6-1.7,6,2.5V22H4V2C4,2,11.4,2,11.4,2z M12.2,0H2v24h20V9.6C22,7.2,15.4,0,12.2,0z   M8.4,17.3c0.3-0.3,0.9-0.6,1.7-1c0.4-0.7,0.7-1.5,1-2.2c-0.2-0.5-0.4-1-0.5-1.6c-0.2-2.1,2.1-1.9,1.7,0c-0.1,0.4-0.2,0.9-0.5,1.5  c0.4,0.7,0.8,1.1,1.2,1.5c0.5-0.1,1.3-0.2,1.8-0.1c1.4,0.2,1.2,1.7,0,1.7c-0.6,0-1.5-0.5-2-0.9c-0.8,0.1-1.6,0.4-2.3,0.6  c-0.2,0.4-0.5,1-0.8,1.4C8.7,19.9,7.2,18.4,8.4,17.3z M9.6,17.3c-0.3,0.1-0.6,0.3-0.8,0.6c-0.3,0.3-0.1,0.6,0.3,0.2  C9.3,17.9,9.5,17.6,9.6,17.3z M14.1,16.1c0.2,0.2,0.6,0.3,0.9,0.3c0.4,0,0.4-0.3-0.1-0.3C14.7,16.1,14.4,16.1,14.1,16.1z M11.1,16  c0.3-0.1,1-0.3,1.2-0.3c0,0-0.5-0.5-0.7-0.8C11.5,15.2,11.1,16,11.1,16z M11.5,12c-0.1,0.3,0,0.8,0.1,1.1c0.1-0.2,0.3-0.8,0.2-1.1  C11.7,11.7,11.5,11.7,11.5,12z\"\/>\n                            <\/svg>\n                            <span>Cajas y pallets plegables de pl\u00e1stico<\/span>\n                        <\/a>\n                    <\/div>\n                \n[\/spb_text_block] [spb_text_block animation=\u00bbnone\u00bb animation_delay=\u00bb0&#8243; simplified_controls=\u00bbyes\u00bb custom_css_percentage=\u00bbno\u00bb padding_vertical=\u00bb0&#8243; padding_horizontal=\u00bb0&#8243; margin_vertical=\u00bb0&#8243; custom_css=\u00bbmargin-top: 0px;margin-bottom: 0px;\u00bb border_size=\u00bb0&#8243; border_styling_global=\u00bbdefault\u00bb width=\u00bb1\/1&#8243; el_position=\u00bbfirst last\u00bb]\n<hr style=\"background-color: #0098aa; height: 1px;\" \/>\n[\/spb_text_block] [\/spb_column] [\/spb_row] [spb_row element_name=\u00bbRow\u00bb wrap_type=\u00bbcontent-width\u00bb parallax_image_height=\u00bbcontent-height\u00bb parallax_image_movement=\u00bbfixed\u00bb parallax_image_speed=\u00bb0.5&#8243; bg_video_loop=\u00bbyes\u00bb parallax_video_height=\u00bbwindow-height\u00bb parallax_video_overlay=\u00bbnone\u00bb row_overlay_opacity=\u00bb0&#8243; row_col_pos=\u00bbdefault\u00bb width=\u00bb1\/1&#8243; el_position=\u00bbfirst last\u00bb] [spb_column col_sm=\u00bb12&#8243; padding_horizontal=\u00bb0&#8243; width=\u00bb1\/1&#8243; el_position=\u00bbfirst last\u00bb] [spb_blank_spacer height=\u00bb30px\u00bb width=\u00bb1\/1&#8243; el_position=\u00bbfirst last\u00bb] [spb_text_block animation=\u00bbnone\u00bb animation_delay=\u00bb0&#8243; simplified_controls=\u00bbyes\u00bb custom_css_percentage=\u00bbno\u00bb padding_vertical=\u00bb0&#8243; padding_horizontal=\u00bb0&#8243; margin_vertical=\u00bb0&#8243; custom_css=\u00bbmargin-top: 0px;margin-bottom: 0px;\u00bb border_size=\u00bb0&#8243; border_styling_global=\u00bbdefault\u00bb width=\u00bb1\/1&#8243; el_position=\u00bbfirst last\u00bb]\n<h2 style=\"text-align: center;\"><strong>Cajas y pallets disponibles<br \/>\n<\/strong><\/h2>\n<div class=\"horizontal-break bold\" style=\"background-color: #666d78; width: 100px\"> <\/div>\n<p style=\"text-align: justify;\">En nuestro cat\u00e1logo disponemos de m\u00e1s de 120 tama\u00f1os diferentes. Al tratarse de piezas plegables, las ventajas que facilitan a nivel transporte, coste y espacio son muy ampliasPara conseguir el producto que desea, contacte con Gesti\u00f3n de Compras, y le ayudaremos a cubrir sus necesidades.<\/p>\n[\/spb_text_block] [spb_blank_spacer height=\u00bb30px\u00bb width=\u00bb1\/1&#8243; el_position=\u00bbfirst last\u00bb] [\/spb_column] [spb_column col_sm=\u00bb4&#8243; padding_horizontal=\u00bb0&#8243; width=\u00bb1\/3&#8243; el_position=\u00bbfirst\u00bb] [spb_boxed_content type=\u00bbcoloured\u00bb box_link_target=\u00bb_self\u00bb padding_vertical=\u00bb0&#8243; padding_horizontal=\u00bb0&#8243; width=\u00bb1\/1&#8243; el_position=\u00bbfirst last\u00bb]\n<p><img loading=\"lazy\" decoding=\"async\" class=\"aligncenter size-medium wp-image-5418\" src=\"https:\/\/wp.gestiondecompras.com\/wp-content\/uploads\/2021\/06\/modelo-c-300x300.jpg\" alt=\"caja modelo c\" width=\"300\" height=\"300\" srcset=\"https:\/\/wp.gestiondecompras.com\/wp-content\/uploads\/2021\/06\/modelo-c-300x300.jpg 300w, https:\/\/wp.gestiondecompras.com\/wp-content\/uploads\/2021\/06\/modelo-c-150x150.jpg 150w, https:\/\/wp.gestiondecompras.com\/wp-content\/uploads\/2021\/06\/modelo-c.jpg 466w\" sizes=\"(max-width: 300px) 100vw, 300px\" \/><\/p>\n[\/spb_boxed_content] [\/spb_column] [spb_column col_sm=\u00bb8&#8243; padding_horizontal=\u00bb0&#8243; width=\u00bb2\/3&#8243; el_position=\u00bblast\u00bb] [spb_boxed_content type=\u00bbcoloured\u00bb box_link_target=\u00bb_self\u00bb padding_vertical=\u00bb0&#8243; padding_horizontal=\u00bb0&#8243; width=\u00bb1\/1&#8243; el_position=\u00bbfirst last\u00bb]\n<h3><strong>Caja plegable<br \/>\n<\/strong><\/h3>\n<p>Disponemos de una amplia gama de cajas plegables que combinan la ventaja de ahorrar costos de transporte, una instalaci\u00f3n f\u00e1cil y f\u00e1cil de manejar, tiene una gran demanda en el mercado mundial. Especialmente en sectores como la industria, la agricultura, la pesca, la cr\u00eda de animales y la acuicultura. No es t\u00f3xica ni tiene sabor, se puede utilizar para la conservaci\u00f3n de alimentos y es f\u00e1cil de limpiar. Fabricadas con PP (Polipropileno), producto con peso liviano y larga vida \u00fatil. En nuestro cat\u00e1logo se pueden encontrar m\u00e1s de 10 cajas distintas. Con o sin agujeros en las paredes laterales, con o sin tapa, con o sin ruedas&#8230; Dependiendo de las necesidades del cliente. Al plegarse, las cajas ocupan entre una tercera o una quinta parte de su volumen original.<\/p>\n[\/spb_boxed_content] [\/spb_column] [spb_column col_sm=\u00bb8&#8243; padding_horizontal=\u00bb0&#8243; width=\u00bb2\/3&#8243; el_position=\u00bbfirst\u00bb] [spb_boxed_content type=\u00bbcoloured\u00bb box_link_target=\u00bb_self\u00bb padding_vertical=\u00bb0&#8243; padding_horizontal=\u00bb0&#8243; width=\u00bb1\/1&#8243; el_position=\u00bbfirst last\u00bb]\n<h3 style=\"text-align: right;\"><strong>Contenedor plegable grande<br \/>\n<\/strong><\/h3>\n<p style=\"text-align: right;\">Este contenedor plegable mantienen en todos sus modelos el ancho y la longitud, pero la altura var\u00eda dependiendo de las necesidades del cliente. Al plegarlo, la altura del contenedor es de solo 350mm, lo que facilita su almacenaje y transporte. Fabricado a trav\u00e9s de inyecci\u00f3n de pl\u00e1stico con Polietileno de Alta Densidad, lo que asegura su solidez y consistencia.<br \/>\nEs adecuado para su uso como contenedores de envasado de productos en pesquer\u00edas a gran escala, plantas de impresi\u00f3n y blanqueo, f\u00e1bricas de galvanoplastia, f\u00e1bricas de cigarrillos, f\u00e1bricas de alimentos, f\u00e1bricas de cuero, etc. En comparaci\u00f3n con la caja de madera y metal, el contenedor<br \/>\nplegable de pl\u00e1stico tiene una vida \u00fatil prolongada y es m\u00e1s liviano, lo que le ahorrar\u00e1 costos de env\u00edo.<\/p>\n<h3><strong>\u00a0<\/strong><\/h3>\n[\/spb_boxed_content] [\/spb_column] [spb_column col_sm=\u00bb4&#8243; padding_horizontal=\u00bb0&#8243; width=\u00bb1\/3&#8243; el_position=\u00bblast\u00bb] [spb_boxed_content type=\u00bbcoloured\u00bb box_link_target=\u00bb_self\u00bb padding_vertical=\u00bb0&#8243; padding_horizontal=\u00bb0&#8243; width=\u00bb1\/1&#8243; el_position=\u00bbfirst last\u00bb]\n<p><img loading=\"lazy\" decoding=\"async\" class=\"aligncenter size-medium wp-image-5423\" src=\"https:\/\/wp.gestiondecompras.com\/wp-content\/uploads\/2021\/06\/modelo-d-300x237.jpg\" alt=\"caja modelo d\" width=\"300\" height=\"237\" srcset=\"https:\/\/wp.gestiondecompras.com\/wp-content\/uploads\/2021\/06\/modelo-d-300x237.jpg 300w, https:\/\/wp.gestiondecompras.com\/wp-content\/uploads\/2021\/06\/modelo-d.jpg 468w\" sizes=\"(max-width: 300px) 100vw, 300px\" \/><\/p>\n[\/spb_boxed_content] [\/spb_column] [spb_column col_sm=\u00bb4&#8243; padding_horizontal=\u00bb0&#8243; width=\u00bb1\/3&#8243; el_position=\u00bbfirst\u00bb] [spb_boxed_content type=\u00bbcoloured\u00bb box_link_target=\u00bb_self\u00bb padding_vertical=\u00bb0&#8243; padding_horizontal=\u00bb0&#8243; width=\u00bb1\/1&#8243; el_position=\u00bbfirst last\u00bb]\n<p><img loading=\"lazy\" decoding=\"async\" class=\"aligncenter wp-image-7341 size-full\" src=\"https:\/\/wp.gestiondecompras.com\/wp-content\/uploads\/2021\/09\/contenedor-plegable.jpg\" alt=\"contenedor plegable\" width=\"388\" height=\"228\" srcset=\"https:\/\/wp.gestiondecompras.com\/wp-content\/uploads\/2021\/09\/contenedor-plegable.jpg 388w, https:\/\/wp.gestiondecompras.com\/wp-content\/uploads\/2021\/09\/contenedor-plegable-300x176.jpg 300w\" sizes=\"(max-width: 388px) 100vw, 388px\" \/><\/p>\n[\/spb_boxed_content] [\/spb_column] [spb_column col_sm=\u00bb8&#8243; padding_horizontal=\u00bb0&#8243; width=\u00bb2\/3&#8243; el_position=\u00bblast\u00bb] [spb_boxed_content type=\u00bbcoloured\u00bb box_link_target=\u00bb_self\u00bb padding_vertical=\u00bb0&#8243; padding_horizontal=\u00bb0&#8243; width=\u00bb1\/1&#8243; el_position=\u00bbfirst last\u00bb]\n<h3><strong>Contenedor plegable (45L)<br \/>\n<\/strong><\/h3>\n<p>Este contenedor plegable es popular por su capacidad duradera, por el ahorro de espacio y ahorro de costos en transporte y reemplazo. Puede usarse para la organizaci\u00f3n en el hogar, la oficina o el almac\u00e9n. Color: azul, verde y rojo.<\/p>\n[\/spb_boxed_content] [\/spb_column] [\/spb_row]\n","protected":false},"excerpt":{"rendered":"<p>[spb_row element_name=\u00bbRow\u00bb wrap_type=\u00bbcontent-width\u00bb parallax_image_height=\u00bbcontent-height\u00bb parallax_image_movement=\u00bbfixed\u00bb parallax_image_speed=\u00bb0.5&#8243; bg_video_loop=\u00bbyes\u00bb parallax_video_height=\u00bbwindow-height\u00bb parallax_video_overlay=\u00bbnone\u00bb row_overlay_opacity=\u00bb0&#8243; row_col_pos=\u00bbdefault\u00bb width=\u00bb1\/1&#8243; el_position=\u00bbfirst last\u00bb] [spb_column col_animation=\u00bbnone\u00bb col_animation_delay=\u00bb0&#8243; col_bg_type=\u00bbcover\u00bb col_parallax_image_movement=\u00bbfixed\u00bb col_parallax_image_speed=\u00bb0.5&#8243; col_padding=\u00bb0&#8243; col_vertical_offset=\u00bb0&#8243; col_horizontal_offset=\u00bb0&#8243; col_custom_zindex=\u00bb0&#8243; col_sm=\u00bb12&#8243; simplified_controls=\u00bbyes\u00bb custom_css_percentage=\u00bbno\u00bb padding_vertical=\u00bb0&#8243; padding_horizontal=\u00bb0&#8243; margin_vertical=\u00bb0&#8243; custom_css=\u00bbmargin-top: 0px;margin-bottom: 0px;\u00bb border_styling_global=\u00bbdefault\u00bb width=\u00bb1\/1&#8243; el_position=\u00bbfirst last\u00bb] [spb_text_block animation=\u00bbnone\u00bb animation_delay=\u00bb0&#8243; simplified_controls=\u00bbyes\u00bb custom_css_percentage=\u00bbno\u00bb padding_vertical=\u00bb0&#8243; padding_horizontal=\u00bb0&#8243; margin_vertical=\u00bb0&#8243; custom_css=\u00bbmargin-top: 0px;margin-bottom: 0px;\u00bb border_size=\u00bb0&#8243; border_styling_global=\u00bbdefault\u00bb width=\u00bb3\/4&#8243; el_position=\u00bbfirst\u00bb] En Gesti\u00f3n de Compras disponemos de una amplia [&hellip;]<\/p>\n","protected":false},"author":1,"featured_media":5413,"parent":1292,"menu_order":0,"comment_status":"closed","ping_status":"closed","template":"page-title.php","meta":{"footnotes":""},"yoast_head":"<!-- This site is optimized with the Yoast SEO plugin v22.4 - https:\/\/yoast.com\/wordpress\/plugins\/seo\/ -->\n<title>Cajas y pallets plegables de pl\u00e1stico - Gesti\u00f3n De Compras<\/title>\n<meta name=\"description\" content=\"Suministramos una gran variedad de cajas y pallets plegables de pl\u00e1stico para la manutenci\u00f3n y transporte de todo tipo de productos.\" \/>\n<meta name=\"robots\" content=\"index, follow, max-snippet:-1, max-image-preview:large, max-video-preview:-1\" \/>\n<link rel=\"canonical\" href=\"https:\/\/wp.gestiondecompras.com\/es\/productos\/piezas-plasticas\/cajas-y-pallets-plegables-de-plastico\/\" \/>\n<meta property=\"og:locale\" content=\"es_ES\" \/>\n<meta property=\"og:type\" content=\"article\" \/>\n<meta property=\"og:title\" content=\"Cajas y pallets plegables de pl\u00e1stico - Gesti\u00f3n De Compras\" \/>\n<meta property=\"og:description\" content=\"Suministramos una gran variedad de cajas y pallets plegables de pl\u00e1stico para la manutenci\u00f3n y transporte de todo tipo de productos.\" \/>\n<meta property=\"og:url\" content=\"https:\/\/wp.gestiondecompras.com\/es\/productos\/piezas-plasticas\/cajas-y-pallets-plegables-de-plastico\/\" \/>\n<meta property=\"og:site_name\" content=\"Gesti\u00f3n De Compras\" \/>\n<meta property=\"article:modified_time\" content=\"2021-09-15T10:31:53+00:00\" \/>\n<meta property=\"og:image\" content=\"https:\/\/wp.gestiondecompras.com\/wp-content\/uploads\/2021\/06\/modelo-c-2.jpg\" \/>\n\t<meta property=\"og:image:width\" content=\"480\" \/>\n\t<meta property=\"og:image:height\" content=\"452\" \/>\n\t<meta property=\"og:image:type\" content=\"image\/jpeg\" \/>\n<meta name=\"twitter:card\" content=\"summary_large_image\" \/>\n<meta name=\"twitter:label1\" content=\"Tiempo de lectura\" \/>\n\t<meta name=\"twitter:data1\" content=\"7 minutos\" \/>\n<script type=\"application\/ld+json\" class=\"yoast-schema-graph\">{\"@context\":\"https:\/\/schema.org\",\"@graph\":[{\"@type\":\"WebPage\",\"@id\":\"https:\/\/wp.gestiondecompras.com\/es\/productos\/piezas-plasticas\/cajas-y-pallets-plegables-de-plastico\/\",\"url\":\"https:\/\/wp.gestiondecompras.com\/es\/productos\/piezas-plasticas\/cajas-y-pallets-plegables-de-plastico\/\",\"name\":\"Cajas y pallets plegables de pl\u00e1stico - Gesti\u00f3n De Compras\",\"isPartOf\":{\"@id\":\"https:\/\/wp.gestiondecompras.com\/es\/#website\"},\"primaryImageOfPage\":{\"@id\":\"https:\/\/wp.gestiondecompras.com\/es\/productos\/piezas-plasticas\/cajas-y-pallets-plegables-de-plastico\/#primaryimage\"},\"image\":{\"@id\":\"https:\/\/wp.gestiondecompras.com\/es\/productos\/piezas-plasticas\/cajas-y-pallets-plegables-de-plastico\/#primaryimage\"},\"thumbnailUrl\":\"https:\/\/wp.gestiondecompras.com\/wp-content\/uploads\/2021\/06\/modelo-c-2.jpg\",\"datePublished\":\"2021-06-17T11:07:14+00:00\",\"dateModified\":\"2021-09-15T10:31:53+00:00\",\"description\":\"Suministramos una gran variedad de cajas y pallets plegables de pl\u00e1stico para la manutenci\u00f3n y transporte de todo tipo de productos.\",\"breadcrumb\":{\"@id\":\"https:\/\/wp.gestiondecompras.com\/es\/productos\/piezas-plasticas\/cajas-y-pallets-plegables-de-plastico\/#breadcrumb\"},\"inLanguage\":\"es\",\"potentialAction\":[{\"@type\":\"ReadAction\",\"target\":[\"https:\/\/wp.gestiondecompras.com\/es\/productos\/piezas-plasticas\/cajas-y-pallets-plegables-de-plastico\/\"]}]},{\"@type\":\"ImageObject\",\"inLanguage\":\"es\",\"@id\":\"https:\/\/wp.gestiondecompras.com\/es\/productos\/piezas-plasticas\/cajas-y-pallets-plegables-de-plastico\/#primaryimage\",\"url\":\"https:\/\/wp.gestiondecompras.com\/wp-content\/uploads\/2021\/06\/modelo-c-2.jpg\",\"contentUrl\":\"https:\/\/wp.gestiondecompras.com\/wp-content\/uploads\/2021\/06\/modelo-c-2.jpg\",\"width\":480,\"height\":452,\"caption\":\"caja modelo c-2\"},{\"@type\":\"BreadcrumbList\",\"@id\":\"https:\/\/wp.gestiondecompras.com\/es\/productos\/piezas-plasticas\/cajas-y-pallets-plegables-de-plastico\/#breadcrumb\",\"itemListElement\":[{\"@type\":\"ListItem\",\"position\":1,\"name\":\"Inicio\",\"item\":\"https:\/\/wp.gestiondecompras.com\/es\/\"},{\"@type\":\"ListItem\",\"position\":2,\"name\":\"Productos\",\"item\":\"https:\/\/wp.gestiondecompras.com\/es\/productos\/\"},{\"@type\":\"ListItem\",\"position\":3,\"name\":\"Piezas pl\u00e1sticas\",\"item\":\"https:\/\/wp.gestiondecompras.com\/es\/productos\/piezas-plasticas\/\"},{\"@type\":\"ListItem\",\"position\":4,\"name\":\"Cajas y pallets plegables de pl\u00e1stico\"}]},{\"@type\":\"WebSite\",\"@id\":\"https:\/\/wp.gestiondecompras.com\/es\/#website\",\"url\":\"https:\/\/wp.gestiondecompras.com\/es\/\",\"name\":\"Gesti\u00f3n De Compras\",\"description\":\"Sourcing Internacional\",\"potentialAction\":[{\"@type\":\"SearchAction\",\"target\":{\"@type\":\"EntryPoint\",\"urlTemplate\":\"https:\/\/wp.gestiondecompras.com\/es\/?s={search_term_string}\"},\"query-input\":\"required name=search_term_string\"}],\"inLanguage\":\"es\"}]}<\/script>\n<!-- \/ Yoast SEO plugin. -->","yoast_head_json":{"title":"Cajas y pallets plegables de pl\u00e1stico - Gesti\u00f3n De Compras","description":"Suministramos una gran variedad de cajas y pallets plegables de pl\u00e1stico para la manutenci\u00f3n y transporte de todo tipo de productos.","robots":{"index":"index","follow":"follow","max-snippet":"max-snippet:-1","max-image-preview":"max-image-preview:large","max-video-preview":"max-video-preview:-1"},"canonical":"https:\/\/wp.gestiondecompras.com\/es\/productos\/piezas-plasticas\/cajas-y-pallets-plegables-de-plastico\/","og_locale":"es_ES","og_type":"article","og_title":"Cajas y pallets plegables de pl\u00e1stico - Gesti\u00f3n De Compras","og_description":"Suministramos una gran variedad de cajas y pallets plegables de pl\u00e1stico para la manutenci\u00f3n y transporte de todo tipo de productos.","og_url":"https:\/\/wp.gestiondecompras.com\/es\/productos\/piezas-plasticas\/cajas-y-pallets-plegables-de-plastico\/","og_site_name":"Gesti\u00f3n De Compras","article_modified_time":"2021-09-15T10:31:53+00:00","og_image":[{"width":480,"height":452,"url":"https:\/\/wp.gestiondecompras.com\/wp-content\/uploads\/2021\/06\/modelo-c-2.jpg","type":"image\/jpeg"}],"twitter_card":"summary_large_image","twitter_misc":{"Tiempo de lectura":"7 minutos"},"schema":{"@context":"https:\/\/schema.org","@graph":[{"@type":"WebPage","@id":"https:\/\/wp.gestiondecompras.com\/es\/productos\/piezas-plasticas\/cajas-y-pallets-plegables-de-plastico\/","url":"https:\/\/wp.gestiondecompras.com\/es\/productos\/piezas-plasticas\/cajas-y-pallets-plegables-de-plastico\/","name":"Cajas y pallets plegables de pl\u00e1stico - Gesti\u00f3n De Compras","isPartOf":{"@id":"https:\/\/wp.gestiondecompras.com\/es\/#website"},"primaryImageOfPage":{"@id":"https:\/\/wp.gestiondecompras.com\/es\/productos\/piezas-plasticas\/cajas-y-pallets-plegables-de-plastico\/#primaryimage"},"image":{"@id":"https:\/\/wp.gestiondecompras.com\/es\/productos\/piezas-plasticas\/cajas-y-pallets-plegables-de-plastico\/#primaryimage"},"thumbnailUrl":"https:\/\/wp.gestiondecompras.com\/wp-content\/uploads\/2021\/06\/modelo-c-2.jpg","datePublished":"2021-06-17T11:07:14+00:00","dateModified":"2021-09-15T10:31:53+00:00","description":"Suministramos una gran variedad de cajas y pallets plegables de pl\u00e1stico para la manutenci\u00f3n y transporte de todo tipo de productos.","breadcrumb":{"@id":"https:\/\/wp.gestiondecompras.com\/es\/productos\/piezas-plasticas\/cajas-y-pallets-plegables-de-plastico\/#breadcrumb"},"inLanguage":"es","potentialAction":[{"@type":"ReadAction","target":["https:\/\/wp.gestiondecompras.com\/es\/productos\/piezas-plasticas\/cajas-y-pallets-plegables-de-plastico\/"]}]},{"@type":"ImageObject","inLanguage":"es","@id":"https:\/\/wp.gestiondecompras.com\/es\/productos\/piezas-plasticas\/cajas-y-pallets-plegables-de-plastico\/#primaryimage","url":"https:\/\/wp.gestiondecompras.com\/wp-content\/uploads\/2021\/06\/modelo-c-2.jpg","contentUrl":"https:\/\/wp.gestiondecompras.com\/wp-content\/uploads\/2021\/06\/modelo-c-2.jpg","width":480,"height":452,"caption":"caja modelo c-2"},{"@type":"BreadcrumbList","@id":"https:\/\/wp.gestiondecompras.com\/es\/productos\/piezas-plasticas\/cajas-y-pallets-plegables-de-plastico\/#breadcrumb","itemListElement":[{"@type":"ListItem","position":1,"name":"Inicio","item":"https:\/\/wp.gestiondecompras.com\/es\/"},{"@type":"ListItem","position":2,"name":"Productos","item":"https:\/\/wp.gestiondecompras.com\/es\/productos\/"},{"@type":"ListItem","position":3,"name":"Piezas pl\u00e1sticas","item":"https:\/\/wp.gestiondecompras.com\/es\/productos\/piezas-plasticas\/"},{"@type":"ListItem","position":4,"name":"Cajas y pallets plegables de pl\u00e1stico"}]},{"@type":"WebSite","@id":"https:\/\/wp.gestiondecompras.com\/es\/#website","url":"https:\/\/wp.gestiondecompras.com\/es\/","name":"Gesti\u00f3n De Compras","description":"Sourcing Internacional","potentialAction":[{"@type":"SearchAction","target":{"@type":"EntryPoint","urlTemplate":"https:\/\/wp.gestiondecompras.com\/es\/?s={search_term_string}"},"query-input":"required name=search_term_string"}],"inLanguage":"es"}]}},"_links":{"self":[{"href":"https:\/\/wp.gestiondecompras.com\/es\/wp-json\/wp\/v2\/pages\/4877"}],"collection":[{"href":"https:\/\/wp.gestiondecompras.com\/es\/wp-json\/wp\/v2\/pages"}],"about":[{"href":"https:\/\/wp.gestiondecompras.com\/es\/wp-json\/wp\/v2\/types\/page"}],"author":[{"embeddable":true,"href":"https:\/\/wp.gestiondecompras.com\/es\/wp-json\/wp\/v2\/users\/1"}],"replies":[{"embeddable":true,"href":"https:\/\/wp.gestiondecompras.com\/es\/wp-json\/wp\/v2\/comments?post=4877"}],"version-history":[{"count":6,"href":"https:\/\/wp.gestiondecompras.com\/es\/wp-json\/wp\/v2\/pages\/4877\/revisions"}],"predecessor-version":[{"id":7347,"href":"https:\/\/wp.gestiondecompras.com\/es\/wp-json\/wp\/v2\/pages\/4877\/revisions\/7347"}],"up":[{"embeddable":true,"href":"https:\/\/wp.gestiondecompras.com\/es\/wp-json\/wp\/v2\/pages\/1292"}],"wp:featuredmedia":[{"embeddable":true,"href":"https:\/\/wp.gestiondecompras.com\/es\/wp-json\/wp\/v2\/media\/5413"}],"wp:attachment":[{"href":"https:\/\/wp.gestiondecompras.com\/es\/wp-json\/wp\/v2\/media?parent=4877"}],"curies":[{"name":"wp","href":"https:\/\/api.w.org\/{rel}","templated":true}]}}