{"id":457,"date":"2021-04-30T10:05:44","date_gmt":"2021-04-30T10:05:44","guid":{"rendered":"https:\/\/wp.gestiondecompras.com\/?page_id=457"},"modified":"2022-11-24T14:50:59","modified_gmt":"2022-11-24T14:50:59","slug":"tornilleria","status":"publish","type":"page","link":"https:\/\/wp.gestiondecompras.com\/es\/casos-de-exito\/tornilleria\/","title":{"rendered":"Torniller\u00eda"},"content":{"rendered":"[spb_row element_name=\u00bbRow\u00bb wrap_type=\u00bbcontent-width\u00bb parallax_image_height=\u00bbcontent-height\u00bb parallax_image_movement=\u00bbfixed\u00bb parallax_image_speed=\u00bb0.5&#8243; bg_video_loop=\u00bbyes\u00bb parallax_video_height=\u00bbwindow-height\u00bb parallax_video_overlay=\u00bbnone\u00bb row_overlay_opacity=\u00bb0&#8243; row_col_pos=\u00bbdefault\u00bb width=\u00bb1\/1&#8243; el_position=\u00bbfirst last\u00bb] [spb_blank_spacer height=\u00bb30px\u00bb width=\u00bb1\/1&#8243; el_position=\u00bbfirst last\u00bb] [spb_boxed_content type=\u00bbcoloured\u00bb box_link_target=\u00bb_self\u00bb padding_vertical=\u00bb0&#8243; padding_horizontal=\u00bb0&#8243; width=\u00bb1\/1&#8243; el_position=\u00bbfirst last\u00bb]\n<h2 style=\"text-align: center;\"><strong>Descripci\u00f3n<\/strong><\/h2>\n<div class=\"horizontal-break bold\" style=\"background-color: #666d78; width: 100px\"> <\/div>\n<p style=\"text-align: center;\">Caso de \u00e9xito de un fabricante espa\u00f1ol de torniller\u00eda y fijaciones. Gesti\u00f3n de Compras comenz\u00f3 a suministrar las piezas solicitadas a trav\u00e9s de una de sus representadas en Asia. La satisfacci\u00f3n del cliente es total en cuanto a servicio, precio y calidad.<\/p>\n[\/spb_boxed_content] [spb_blank_spacer height=\u00bb30px\u00bb width=\u00bb1\/1&#8243; el_position=\u00bbfirst last\u00bb] [spb_column col_sm=\u00bb4&#8243; padding_horizontal=\u00bb0&#8243; width=\u00bb1\/3&#8243; el_position=\u00bbfirst\u00bb] [spb_icon_box title=\u00bbCliente\u00bb box_type=\u00bbstandard\u00bb box_icon_type=\u00bbicon\u00bb icon=\u00bbfas fa-user-tie\u00bb animate_svg=\u00bbno\u00bb target=\u00bb_self\u00bb animation=\u00bbnone\u00bb animation_delay=\u00bb0&#8243; animated_box_style=\u00bbcoloured\u00bb animated_box_rounded=\u00bbyes\u00bb width=\u00bb1\/1&#8243; el_position=\u00bbfirst last\u00bb]\n<p style=\"font-size: 14px; text-align: center;\">Fabricante espa\u00f1ol de torniller\u00eda y fijaciones.<\/p>\n<p>&nbsp;<\/p>\n[\/spb_icon_box] [\/spb_column] [spb_column col_sm=\u00bb4&#8243; padding_horizontal=\u00bb0&#8243; width=\u00bb1\/3&#8243;] [spb_icon_box title=\u00bbProducto\u00bb box_type=\u00bbstandard\u00bb box_icon_type=\u00bbicon\u00bb icon=\u00bbfas fa-cog\u00bb animate_svg=\u00bbno\u00bb target=\u00bb_self\u00bb animation=\u00bbnone\u00bb animation_delay=\u00bb0&#8243; animated_box_style=\u00bbcoloured\u00bb animated_box_rounded=\u00bbyes\u00bb width=\u00bb1\/1&#8243; el_position=\u00bbfirst last\u00bb]\n<p style=\"text-align: justify; font-size: 14px;\">El cliente contacta con Gesti\u00f3n de Compras para subcontratar parte de un conjunto que hasta entonces fabricaban con sus propios medios.<\/p>\n<p>&nbsp;<\/p>\n[\/spb_icon_box] [\/spb_column] [spb_column col_sm=\u00bb4&#8243; padding_horizontal=\u00bb0&#8243; width=\u00bb1\/3&#8243; el_position=\u00bblast\u00bb] [spb_icon_box title=\u00bbNecesidades del cliente\u00bb box_type=\u00bbstandard\u00bb box_icon_type=\u00bbicon\u00bb icon=\u00bbfas fa-handshake\u00bb animate_svg=\u00bbno\u00bb target=\u00bb_self\u00bb animation=\u00bbnone\u00bb animation_delay=\u00bb0&#8243; animated_box_style=\u00bbcoloured\u00bb animated_box_rounded=\u00bbyes\u00bb width=\u00bb1\/1&#8243; el_position=\u00bbfirst last\u00bb]\n<p style=\"text-align: justify; font-size: 14px;\">Mejorar la competitividad del producto final mediante la subcontrataci\u00f3n de parte del conjunto en mercados m\u00e1s competitivos (concretamente, arandelas y tuercas). El proveedor deb\u00eda cumplir los est\u00e1ndares de calidad y tener un volumen de producci\u00f3n adecuado a las necesidades del cliente. El proceso de fabricaci\u00f3n de las piezas ten\u00eda que ser debidamente auditado en f\u00e1brica por un Agente Certificador independiente designado por el cliente.<\/p>\n[\/spb_icon_box] [\/spb_column] [spb_blank_spacer height=\u00bb20px\u00bb width=\u00bb1\/1&#8243; el_position=\u00bbfirst last\u00bb] [\/spb_row] [spb_row element_name=\u00bbRow\u00bb wrap_type=\u00bbfull-width-contained\u00bb row_bg_type=\u00bbimage\u00bb row_bg_color=\u00bb#242424&#8243; color_row_height=\u00bbcontent-height\u00bb bg_image=\u00bb426&#8243; bg_type=\u00bbcover\u00bb parallax_image_height=\u00bbcontent-height\u00bb parallax_image_movement=\u00bbscroll\u00bb parallax_image_speed=\u00bbstandard\u00bb bg_video_loop=\u00bbyes\u00bb parallax_video_height=\u00bbwindow-height\u00bb row_top_style=\u00bbnone\u00bb row_bottom_style=\u00bbnone\u00bb parallax_video_overlay=\u00bbnone\u00bb row_overlay_opacity=\u00bb0&#8243; remove_element_spacing=\u00bbno\u00bb row_col_spacing=\u00bb0&#8243; row_col_pos=\u00bbdefault\u00bb row_col_equal_heights=\u00bbno\u00bb row_expanding=\u00bbno\u00bb row_animation=\u00bbnone\u00bb row_animation_delay=\u00bb0&#8243; minimize_row=\u00bbno\u00bb simplified_controls=\u00bbyes\u00bb custom_css_percentage=\u00bbno\u00bb custom_css=\u00bbmargin-top: 0px;margin-bottom: 0px;\u00bb border_styling_global=\u00bbdefault\u00bb el_class=\u00bbhideBackImage\u00bb width=\u00bb1\/1&#8243; el_position=\u00bbfirst last\u00bb] [spb_column col_animation=\u00bbnone\u00bb col_animation_delay=\u00bb0&#8243; col_bg_color=\u00bb#242424&#8243; col_bg_type=\u00bbcover\u00bb col_parallax_image_movement=\u00bbfixed\u00bb col_parallax_image_speed=\u00bb0.5&#8243; col_padding=\u00bb0&#8243; col_vertical_offset=\u00bb0&#8243; col_horizontal_offset=\u00bb0&#8243; col_custom_zindex=\u00bb0&#8243; col_xs=\u00bb12&#8243; col_sm=\u00bb12&#8243; col_md=\u00bb8&#8243; col_lg=\u00bb8&#8243; simplified_controls=\u00bbyes\u00bb custom_css_percentage=\u00bbno\u00bb padding_vertical=\u00bb20&#8243; padding_horizontal=\u00bb20&#8243; margin_vertical=\u00bb0&#8243; custom_css=\u00bbmargin-top: 0px;margin-bottom: 0px;padding-top: 20px;padding-left: 20px;padding-right: 20px;padding-bottom: 20px;\u00bb border_styling_global=\u00bbdefault\u00bb width=\u00bb1\/1&#8243; el_position=\u00bbfirst last\u00bb] [spb_boxed_content type=\u00bbcoloured\u00bb box_link_target=\u00bb_self\u00bb padding_vertical=\u00bb0&#8243; padding_horizontal=\u00bb0&#8243; width=\u00bb1\/1&#8243; el_position=\u00bbfirst last\u00bb]\n<h2><strong>Servicios ofrecidos y resultados<br \/>\n<\/strong><\/h2>\n<hr \/>\n<p>&nbsp;<\/p>\n[\/spb_boxed_content] [spb_text_block animation=\u00bbnone\u00bb animation_delay=\u00bb0&#8243; simplified_controls=\u00bbyes\u00bb custom_css_percentage=\u00bbno\u00bb padding_vertical=\u00bb0&#8243; padding_horizontal=\u00bb0&#8243; margin_vertical=\u00bb0&#8243; custom_css=\u00bbmargin-top: 0px;margin-bottom: 0px;\u00bb border_size=\u00bb0&#8243; border_styling_global=\u00bbdefault\u00bb width=\u00bb1\/1&#8243; el_position=\u00bbfirst last\u00bb]\n<p><span style=\"color: #ffffff;\">Tras una intensa selecci\u00f3n de proveedores, Gesti\u00f3n de Compras comenz\u00f3 a suministrar las piezas solicitadas a trav\u00e9s de una de sus representadas en Asia, tras la debida aceptaci\u00f3n de planos y muestras por parte del cliente, y el visto bueno a los precios ofertados, mediante los cuales lograban una importante reducci\u00f3n en el precio del conjunto final.<\/span><\/p>\n<p><span style=\"color: #ffffff;\">El proceso de producci\u00f3n de las piezas fue auditado con \u00e9xito por la entidad certificadora Bureau Veritas, con la asistencia de nuestro personal en origen. En la actualidad, dicha certificaci\u00f3n es renovada peri\u00f3dicamente cada dos a\u00f1os.<\/span><\/p>\n<p><span style=\"color: #ffffff;\">Actualmente, suministramos de forma continuada estas piezas, gestionando vol\u00famenes anuales aproximados de 1,5 millones de euros.<\/span><\/p>\n<p><span style=\"color: #ffffff;\">La satisfacci\u00f3n del cliente es total en cuanto a servicio, precio y calidad de los productos suministrados.<\/span><\/p>\n[\/spb_text_block] [\/spb_column] [\/spb_row]\n","protected":false},"excerpt":{"rendered":"<p>[spb_row element_name=\u00bbRow\u00bb wrap_type=\u00bbcontent-width\u00bb parallax_image_height=\u00bbcontent-height\u00bb parallax_image_movement=\u00bbfixed\u00bb parallax_image_speed=\u00bb0.5&#8243; bg_video_loop=\u00bbyes\u00bb parallax_video_height=\u00bbwindow-height\u00bb parallax_video_overlay=\u00bbnone\u00bb row_overlay_opacity=\u00bb0&#8243; row_col_pos=\u00bbdefault\u00bb width=\u00bb1\/1&#8243; el_position=\u00bbfirst last\u00bb] [spb_blank_spacer height=\u00bb30px\u00bb width=\u00bb1\/1&#8243; el_position=\u00bbfirst last\u00bb] [spb_boxed_content type=\u00bbcoloured\u00bb box_link_target=\u00bb_self\u00bb padding_vertical=\u00bb0&#8243; padding_horizontal=\u00bb0&#8243; width=\u00bb1\/1&#8243; el_position=\u00bbfirst last\u00bb] Descripci\u00f3n Caso de \u00e9xito de un fabricante espa\u00f1ol de torniller\u00eda y fijaciones. Gesti\u00f3n de Compras comenz\u00f3 a suministrar las piezas solicitadas a trav\u00e9s de una de sus representadas en Asia. La satisfacci\u00f3n del [&hellip;]<\/p>\n","protected":false},"author":1,"featured_media":299,"parent":449,"menu_order":0,"comment_status":"closed","ping_status":"closed","template":"","meta":{"footnotes":""},"yoast_head":"<!-- This site is optimized with the Yoast SEO plugin v22.4 - https:\/\/yoast.com\/wordpress\/plugins\/seo\/ -->\n<title>Torniller\u00eda. Caso de \u00c9xito con Cliente - Gesti\u00f3n De Compras<\/title>\n<meta name=\"description\" content=\"Fabricante espa\u00f1ol de torniller\u00eda y fijaciones necesita subcontratar un conjunto que hasta entonces fabricaban con sus propios medios.\" \/>\n<meta name=\"robots\" content=\"index, follow, max-snippet:-1, max-image-preview:large, max-video-preview:-1\" \/>\n<link rel=\"canonical\" href=\"https:\/\/wp.gestiondecompras.com\/es\/casos-de-exito\/tornilleria\/\" \/>\n<meta property=\"og:locale\" content=\"es_ES\" \/>\n<meta property=\"og:type\" content=\"article\" \/>\n<meta property=\"og:title\" content=\"Torniller\u00eda. Caso de \u00c9xito con Cliente - Gesti\u00f3n De Compras\" \/>\n<meta property=\"og:description\" content=\"Fabricante espa\u00f1ol de torniller\u00eda y fijaciones necesita subcontratar un conjunto que hasta entonces fabricaban con sus propios medios.\" \/>\n<meta property=\"og:url\" content=\"https:\/\/wp.gestiondecompras.com\/es\/casos-de-exito\/tornilleria\/\" \/>\n<meta property=\"og:site_name\" content=\"Gesti\u00f3n De Compras\" \/>\n<meta property=\"article:modified_time\" content=\"2022-11-24T14:50:59+00:00\" \/>\n<meta property=\"og:image\" content=\"https:\/\/wp.gestiondecompras.com\/wp-content\/uploads\/2021\/04\/pexels-pixabay-259968.jpg\" \/>\n\t<meta property=\"og:image:width\" content=\"640\" \/>\n\t<meta property=\"og:image:height\" content=\"426\" \/>\n\t<meta property=\"og:image:type\" content=\"image\/jpeg\" \/>\n<meta name=\"twitter:card\" content=\"summary_large_image\" \/>\n<meta name=\"twitter:label1\" content=\"Tiempo de lectura\" \/>\n\t<meta name=\"twitter:data1\" content=\"3 minutos\" \/>\n<script type=\"application\/ld+json\" class=\"yoast-schema-graph\">{\"@context\":\"https:\/\/schema.org\",\"@graph\":[{\"@type\":\"WebPage\",\"@id\":\"https:\/\/wp.gestiondecompras.com\/es\/casos-de-exito\/tornilleria\/\",\"url\":\"https:\/\/wp.gestiondecompras.com\/es\/casos-de-exito\/tornilleria\/\",\"name\":\"Torniller\u00eda. Caso de \u00c9xito con Cliente - Gesti\u00f3n De Compras\",\"isPartOf\":{\"@id\":\"https:\/\/wp.gestiondecompras.com\/es\/#website\"},\"primaryImageOfPage\":{\"@id\":\"https:\/\/wp.gestiondecompras.com\/es\/casos-de-exito\/tornilleria\/#primaryimage\"},\"image\":{\"@id\":\"https:\/\/wp.gestiondecompras.com\/es\/casos-de-exito\/tornilleria\/#primaryimage\"},\"thumbnailUrl\":\"https:\/\/wp.gestiondecompras.com\/wp-content\/uploads\/2021\/04\/pexels-pixabay-259968.jpg\",\"datePublished\":\"2021-04-30T10:05:44+00:00\",\"dateModified\":\"2022-11-24T14:50:59+00:00\",\"description\":\"Fabricante espa\u00f1ol de torniller\u00eda y fijaciones necesita subcontratar un conjunto que hasta entonces fabricaban con sus propios medios.\",\"breadcrumb\":{\"@id\":\"https:\/\/wp.gestiondecompras.com\/es\/casos-de-exito\/tornilleria\/#breadcrumb\"},\"inLanguage\":\"es\",\"potentialAction\":[{\"@type\":\"ReadAction\",\"target\":[\"https:\/\/wp.gestiondecompras.com\/es\/casos-de-exito\/tornilleria\/\"]}]},{\"@type\":\"ImageObject\",\"inLanguage\":\"es\",\"@id\":\"https:\/\/wp.gestiondecompras.com\/es\/casos-de-exito\/tornilleria\/#primaryimage\",\"url\":\"https:\/\/wp.gestiondecompras.com\/wp-content\/uploads\/2021\/04\/pexels-pixabay-259968.jpg\",\"contentUrl\":\"https:\/\/wp.gestiondecompras.com\/wp-content\/uploads\/2021\/04\/pexels-pixabay-259968.jpg\",\"width\":640,\"height\":426,\"caption\":\"Tornillos\"},{\"@type\":\"BreadcrumbList\",\"@id\":\"https:\/\/wp.gestiondecompras.com\/es\/casos-de-exito\/tornilleria\/#breadcrumb\",\"itemListElement\":[{\"@type\":\"ListItem\",\"position\":1,\"name\":\"Inicio\",\"item\":\"https:\/\/wp.gestiondecompras.com\/es\/\"},{\"@type\":\"ListItem\",\"position\":2,\"name\":\"Casos de \u00e9xito\",\"item\":\"https:\/\/wp.gestiondecompras.com\/es\/casos-de-exito\/\"},{\"@type\":\"ListItem\",\"position\":3,\"name\":\"Torniller\u00eda\"}]},{\"@type\":\"WebSite\",\"@id\":\"https:\/\/wp.gestiondecompras.com\/es\/#website\",\"url\":\"https:\/\/wp.gestiondecompras.com\/es\/\",\"name\":\"Gesti\u00f3n De Compras\",\"description\":\"Sourcing Internacional\",\"potentialAction\":[{\"@type\":\"SearchAction\",\"target\":{\"@type\":\"EntryPoint\",\"urlTemplate\":\"https:\/\/wp.gestiondecompras.com\/es\/?s={search_term_string}\"},\"query-input\":\"required name=search_term_string\"}],\"inLanguage\":\"es\"}]}<\/script>\n<!-- \/ Yoast SEO plugin. -->","yoast_head_json":{"title":"Torniller\u00eda. Caso de \u00c9xito con Cliente - Gesti\u00f3n De Compras","description":"Fabricante espa\u00f1ol de torniller\u00eda y fijaciones necesita subcontratar un conjunto que hasta entonces fabricaban con sus propios medios.","robots":{"index":"index","follow":"follow","max-snippet":"max-snippet:-1","max-image-preview":"max-image-preview:large","max-video-preview":"max-video-preview:-1"},"canonical":"https:\/\/wp.gestiondecompras.com\/es\/casos-de-exito\/tornilleria\/","og_locale":"es_ES","og_type":"article","og_title":"Torniller\u00eda. Caso de \u00c9xito con Cliente - Gesti\u00f3n De Compras","og_description":"Fabricante espa\u00f1ol de torniller\u00eda y fijaciones necesita subcontratar un conjunto que hasta entonces fabricaban con sus propios medios.","og_url":"https:\/\/wp.gestiondecompras.com\/es\/casos-de-exito\/tornilleria\/","og_site_name":"Gesti\u00f3n De Compras","article_modified_time":"2022-11-24T14:50:59+00:00","og_image":[{"width":640,"height":426,"url":"https:\/\/wp.gestiondecompras.com\/wp-content\/uploads\/2021\/04\/pexels-pixabay-259968.jpg","type":"image\/jpeg"}],"twitter_card":"summary_large_image","twitter_misc":{"Tiempo de lectura":"3 minutos"},"schema":{"@context":"https:\/\/schema.org","@graph":[{"@type":"WebPage","@id":"https:\/\/wp.gestiondecompras.com\/es\/casos-de-exito\/tornilleria\/","url":"https:\/\/wp.gestiondecompras.com\/es\/casos-de-exito\/tornilleria\/","name":"Torniller\u00eda. Caso de \u00c9xito con Cliente - Gesti\u00f3n De Compras","isPartOf":{"@id":"https:\/\/wp.gestiondecompras.com\/es\/#website"},"primaryImageOfPage":{"@id":"https:\/\/wp.gestiondecompras.com\/es\/casos-de-exito\/tornilleria\/#primaryimage"},"image":{"@id":"https:\/\/wp.gestiondecompras.com\/es\/casos-de-exito\/tornilleria\/#primaryimage"},"thumbnailUrl":"https:\/\/wp.gestiondecompras.com\/wp-content\/uploads\/2021\/04\/pexels-pixabay-259968.jpg","datePublished":"2021-04-30T10:05:44+00:00","dateModified":"2022-11-24T14:50:59+00:00","description":"Fabricante espa\u00f1ol de torniller\u00eda y fijaciones necesita subcontratar un conjunto que hasta entonces fabricaban con sus propios medios.","breadcrumb":{"@id":"https:\/\/wp.gestiondecompras.com\/es\/casos-de-exito\/tornilleria\/#breadcrumb"},"inLanguage":"es","potentialAction":[{"@type":"ReadAction","target":["https:\/\/wp.gestiondecompras.com\/es\/casos-de-exito\/tornilleria\/"]}]},{"@type":"ImageObject","inLanguage":"es","@id":"https:\/\/wp.gestiondecompras.com\/es\/casos-de-exito\/tornilleria\/#primaryimage","url":"https:\/\/wp.gestiondecompras.com\/wp-content\/uploads\/2021\/04\/pexels-pixabay-259968.jpg","contentUrl":"https:\/\/wp.gestiondecompras.com\/wp-content\/uploads\/2021\/04\/pexels-pixabay-259968.jpg","width":640,"height":426,"caption":"Tornillos"},{"@type":"BreadcrumbList","@id":"https:\/\/wp.gestiondecompras.com\/es\/casos-de-exito\/tornilleria\/#breadcrumb","itemListElement":[{"@type":"ListItem","position":1,"name":"Inicio","item":"https:\/\/wp.gestiondecompras.com\/es\/"},{"@type":"ListItem","position":2,"name":"Casos de \u00e9xito","item":"https:\/\/wp.gestiondecompras.com\/es\/casos-de-exito\/"},{"@type":"ListItem","position":3,"name":"Torniller\u00eda"}]},{"@type":"WebSite","@id":"https:\/\/wp.gestiondecompras.com\/es\/#website","url":"https:\/\/wp.gestiondecompras.com\/es\/","name":"Gesti\u00f3n De Compras","description":"Sourcing Internacional","potentialAction":[{"@type":"SearchAction","target":{"@type":"EntryPoint","urlTemplate":"https:\/\/wp.gestiondecompras.com\/es\/?s={search_term_string}"},"query-input":"required name=search_term_string"}],"inLanguage":"es"}]}},"_links":{"self":[{"href":"https:\/\/wp.gestiondecompras.com\/es\/wp-json\/wp\/v2\/pages\/457"}],"collection":[{"href":"https:\/\/wp.gestiondecompras.com\/es\/wp-json\/wp\/v2\/pages"}],"about":[{"href":"https:\/\/wp.gestiondecompras.com\/es\/wp-json\/wp\/v2\/types\/page"}],"author":[{"embeddable":true,"href":"https:\/\/wp.gestiondecompras.com\/es\/wp-json\/wp\/v2\/users\/1"}],"replies":[{"embeddable":true,"href":"https:\/\/wp.gestiondecompras.com\/es\/wp-json\/wp\/v2\/comments?post=457"}],"version-history":[{"count":13,"href":"https:\/\/wp.gestiondecompras.com\/es\/wp-json\/wp\/v2\/pages\/457\/revisions"}],"predecessor-version":[{"id":5081,"href":"https:\/\/wp.gestiondecompras.com\/es\/wp-json\/wp\/v2\/pages\/457\/revisions\/5081"}],"up":[{"embeddable":true,"href":"https:\/\/wp.gestiondecompras.com\/es\/wp-json\/wp\/v2\/pages\/449"}],"wp:featuredmedia":[{"embeddable":true,"href":"https:\/\/wp.gestiondecompras.com\/es\/wp-json\/wp\/v2\/media\/299"}],"wp:attachment":[{"href":"https:\/\/wp.gestiondecompras.com\/es\/wp-json\/wp\/v2\/media?parent=457"}],"curies":[{"name":"wp","href":"https:\/\/api.w.org\/{rel}","templated":true}]}}