{"id":449,"date":"2021-04-30T10:04:19","date_gmt":"2021-04-30T10:04:19","guid":{"rendered":"https:\/\/wp.gestiondecompras.com\/?page_id=449"},"modified":"2023-03-16T15:38:14","modified_gmt":"2023-03-16T15:38:14","slug":"casos-de-exito","status":"publish","type":"page","link":"https:\/\/wp.gestiondecompras.com\/es\/casos-de-exito\/","title":{"rendered":"Casos de \u00e9xito"},"content":{"rendered":"[spb_row element_name=\u00bbRow\u00bb wrap_type=\u00bbcontent-width\u00bb parallax_image_height=\u00bbcontent-height\u00bb parallax_image_movement=\u00bbfixed\u00bb parallax_image_speed=\u00bb0.5&#8243; bg_video_loop=\u00bbyes\u00bb parallax_video_height=\u00bbwindow-height\u00bb parallax_video_overlay=\u00bbnone\u00bb row_overlay_opacity=\u00bb0&#8243; row_col_pos=\u00bbdefault\u00bb width=\u00bb1\/1&#8243; el_position=\u00bbfirst last\u00bb] [spb_blank_spacer height=\u00bb30px\u00bb width=\u00bb1\/1&#8243; el_position=\u00bbfirst last\u00bb] [spb_text_block animation=\u00bbnone\u00bb animation_delay=\u00bb0&#8243; simplified_controls=\u00bbyes\u00bb custom_css_percentage=\u00bbno\u00bb padding_vertical=\u00bb0&#8243; padding_horizontal=\u00bb0&#8243; margin_vertical=\u00bb0&#8243; custom_css=\u00bbmargin-top: 0px;margin-bottom: 0px;\u00bb border_size=\u00bb0&#8243; border_styling_global=\u00bbdefault\u00bb width=\u00bb1\/1&#8243; el_position=\u00bbfirst last\u00bb]\n<p style=\"text-align: justify;\">En <strong>Gesti\u00f3n de compras<\/strong> nos preocupamos por la seguridad y satisfacci\u00f3n de nuestros clientes. Los a\u00f1os de experiencia y el esfuerzo nos ha ayudado a realizar distintos proyectos que consideramos ejemplares.<\/p>\n<p style=\"text-align: justify;\">Entre ellos, destacamos los siguientes casos, en los cuales los clientes calificaron el trato y la experiencia como excelente:<\/p>\n[\/spb_text_block] [spb_blank_spacer height=\u00bb30px\u00bb width=\u00bb1\/1&#8243; el_position=\u00bbfirst last\u00bb] [spb_column col_sm=\u00bb6&#8243; padding_horizontal=\u00bb0&#8243; width=\u00bb1\/2&#8243; el_position=\u00bbfirst\u00bb] [spb_image title=\u00bbTorniller\u00eda\u00bb image=\u00bb299&#8243; image_size=\u00bbfull\u00bb frame=\u00bbborderframe\u00bb caption=\u00bbTORNILLER\u00cdA\u00bb caption_pos=\u00bbhover\u00bb remove_rounded=\u00bbyes\u00bb fullwidth=\u00bbno\u00bb overflow_mode=\u00bbnone\u00bb image_link=\u00bbhttps:\/\/wp.gestiondecompras.com\/casos-de-exito\/tornilleria\/\u00bb link_target=\u00bb_self\u00bb lightbox=\u00bbno\u00bb intro_animation=\u00bbnone\u00bb animation_delay=\u00bb200&#8243; width=\u00bb1\/1&#8243; el_position=\u00bbfirst last\u00bb][\/spb_image] [\/spb_column] [spb_column col_sm=\u00bb6&#8243; padding_horizontal=\u00bb0&#8243; width=\u00bb1\/2&#8243; el_position=\u00bblast\u00bb] [spb_image title=\u00bbEnvases IML\u00bb image=\u00bb11840&#8243; image_size=\u00bbfull\u00bb frame=\u00bbborderframe\u00bb caption=\u00bbENVASES IML\u00bb caption_pos=\u00bbhover\u00bb remove_rounded=\u00bbyes\u00bb fullwidth=\u00bbno\u00bb overflow_mode=\u00bbnone\u00bb image_link=\u00bbhttps:\/\/wp.gestiondecompras.com\/casos-de-exito\/envases-iml\/\u00bb link_target=\u00bb_self\u00bb lightbox=\u00bbno\u00bb intro_animation=\u00bbnone\u00bb animation_delay=\u00bb200&#8243; width=\u00bb1\/1&#8243; el_position=\u00bbfirst last\u00bb][\/spb_image] [\/spb_column] [spb_column col_sm=\u00bb6&#8243; padding_horizontal=\u00bb0&#8243; width=\u00bb1\/2&#8243; el_position=\u00bbfirst\u00bb] [spb_image title=\u00bbPerfil extruido (PVC)\u00bb image=\u00bb474&#8243; image_size=\u00bbfull\u00bb frame=\u00bbborderframe\u00bb caption=\u00bbPERFIL EXTRUIDO (PVC)\u00bb caption_pos=\u00bbhover\u00bb remove_rounded=\u00bbyes\u00bb fullwidth=\u00bbno\u00bb overflow_mode=\u00bbnone\u00bb image_link=\u00bbhttps:\/\/wp.gestiondecompras.com\/casos-de-exito\/perfil-extruido-pvc\/\u00bb link_target=\u00bb_self\u00bb lightbox=\u00bbno\u00bb intro_animation=\u00bbnone\u00bb animation_delay=\u00bb200&#8243; width=\u00bb1\/1&#8243; el_position=\u00bbfirst last\u00bb][\/spb_image] [\/spb_column] [spb_column col_sm=\u00bb6&#8243; padding_horizontal=\u00bb0&#8243; width=\u00bb1\/2&#8243; el_position=\u00bblast\u00bb] [spb_image title=\u00bbMolde de inyecci\u00f3n\u00bb image=\u00bb495&#8243; image_size=\u00bbfull\u00bb frame=\u00bbborderframe\u00bb caption=\u00bbMOLDE DE INYECCI\u00d3N\u00bb caption_pos=\u00bbhover\u00bb remove_rounded=\u00bbyes\u00bb fullwidth=\u00bbno\u00bb overflow_mode=\u00bbnone\u00bb image_link=\u00bbhttps:\/\/wp.gestiondecompras.com\/casos-de-exito\/molde-de-inyeccion\/\u00bb link_target=\u00bb_self\u00bb lightbox=\u00bbno\u00bb intro_animation=\u00bbnone\u00bb animation_delay=\u00bb200&#8243; width=\u00bb1\/1&#8243; el_position=\u00bbfirst last\u00bb][\/spb_image] [\/spb_column] [spb_column col_sm=\u00bb6&#8243; padding_horizontal=\u00bb0&#8243; width=\u00bb1\/2&#8243; el_position=\u00bbfirst\u00bb] [spb_image title=\u00bbPiezas de estampaci\u00f3n\u00bb image=\u00bb13089&#8243; image_size=\u00bbfull\u00bb frame=\u00bbborderframe\u00bb caption=\u00bbPIEZAS DE ESTAMPACI\u00d3N\u00bb caption_pos=\u00bbhover\u00bb remove_rounded=\u00bbyes\u00bb fullwidth=\u00bbno\u00bb overflow_mode=\u00bbnone\u00bb image_link=\u00bbhttps:\/\/wp.gestiondecompras.com\/es\/casos-de-exito\/piezas-de-estampacion\/\u00bb link_target=\u00bb_self\u00bb lightbox=\u00bbno\u00bb intro_animation=\u00bbnone\u00bb animation_delay=\u00bb200&#8243; width=\u00bb1\/1&#8243; el_position=\u00bbfirst last\u00bb][\/spb_image] [\/spb_column] [spb_column col_sm=\u00bb6&#8243; padding_horizontal=\u00bb0&#8243; width=\u00bb1\/2&#8243; el_position=\u00bblast\u00bb] [spb_image title=\u00bbPiezas de estampaci\u00f3n automotriz\u00bb image=\u00bb13724&#8243; image_size=\u00bbfull\u00bb frame=\u00bbborderframe\u00bb caption=\u00bbPIEZAS DE ESTAMPACI\u00d3N SECTOR AUTOMOTRIZ EL\u00c9CTRICO\u00bb caption_pos=\u00bbhover\u00bb remove_rounded=\u00bbyes\u00bb fullwidth=\u00bbno\u00bb overflow_mode=\u00bbnone\u00bb image_link=\u00bbhttps:\/\/wp.gestiondecompras.com\/es\/casos-de-exito\/piezas-de-estampacion-sector-automotriz-electrico\/\u00bb link_target=\u00bb_self\u00bb lightbox=\u00bbno\u00bb intro_animation=\u00bbnone\u00bb animation_delay=\u00bb200&#8243; width=\u00bb1\/1&#8243; el_position=\u00bbfirst last\u00bb][\/spb_image] [\/spb_column] [spb_column col_sm=\u00bb6&#8243; padding_horizontal=\u00bb0&#8243; width=\u00bb1\/2&#8243; el_position=\u00bbfirst last\u00bb] [spb_image title=\u00bbEstanter\u00edas de metal a pl\u00e1stico\u00bb image=\u00bb13797&#8243; image_size=\u00bbfull\u00bb frame=\u00bbborderframe\u00bb caption=\u00bbESTANTER\u00cdAS DE METAL A PL\u00c1STICO\u00bb caption_pos=\u00bbhover\u00bb remove_rounded=\u00bbno\u00bb fullwidth=\u00bbno\u00bb overflow_mode=\u00bbnone\u00bb image_link=\u00bbhttps:\/\/wp.gestiondecompras.com\/es\/casos-de-exito\/estanterias-de-metal-a-plastico-actualizacion-y-mejora\/\u00bb link_target=\u00bb_self\u00bb lightbox=\u00bbno\u00bb intro_animation=\u00bbnone\u00bb animation_delay=\u00bb200&#8243; width=\u00bb1\/1&#8243; el_position=\u00bbfirst last\u00bb][\/spb_image] [\/spb_column] [\/spb_row]\n","protected":false},"excerpt":{"rendered":"<p>[spb_row element_name=\u00bbRow\u00bb wrap_type=\u00bbcontent-width\u00bb parallax_image_height=\u00bbcontent-height\u00bb parallax_image_movement=\u00bbfixed\u00bb parallax_image_speed=\u00bb0.5&#8243; bg_video_loop=\u00bbyes\u00bb parallax_video_height=\u00bbwindow-height\u00bb parallax_video_overlay=\u00bbnone\u00bb row_overlay_opacity=\u00bb0&#8243; row_col_pos=\u00bbdefault\u00bb width=\u00bb1\/1&#8243; el_position=\u00bbfirst last\u00bb] [spb_blank_spacer height=\u00bb30px\u00bb width=\u00bb1\/1&#8243; el_position=\u00bbfirst last\u00bb] [spb_text_block animation=\u00bbnone\u00bb animation_delay=\u00bb0&#8243; simplified_controls=\u00bbyes\u00bb custom_css_percentage=\u00bbno\u00bb padding_vertical=\u00bb0&#8243; padding_horizontal=\u00bb0&#8243; margin_vertical=\u00bb0&#8243; custom_css=\u00bbmargin-top: 0px;margin-bottom: 0px;\u00bb border_size=\u00bb0&#8243; border_styling_global=\u00bbdefault\u00bb width=\u00bb1\/1&#8243; el_position=\u00bbfirst last\u00bb] En Gesti\u00f3n de compras nos preocupamos por la seguridad y satisfacci\u00f3n de nuestros clientes. Los a\u00f1os de experiencia y el esfuerzo nos ha ayudado a [&hellip;]<\/p>\n","protected":false},"author":1,"featured_media":0,"parent":0,"menu_order":0,"comment_status":"closed","ping_status":"closed","template":"","meta":{"footnotes":""},"yoast_head":"<!-- This site is optimized with the Yoast SEO plugin v22.4 - https:\/\/yoast.com\/wordpress\/plugins\/seo\/ -->\n<title>Casos de \u00e9xito con nuestros clientes - Gesti\u00f3n De Compras<\/title>\n<meta name=\"description\" content=\"Casos de \u00e9xito de Gesti\u00f3n de Compras. Nos encargamos de dar soluci\u00f3n a las necesidades en sourcing internacional de cada cliente.\" \/>\n<meta name=\"robots\" content=\"index, follow, max-snippet:-1, max-image-preview:large, max-video-preview:-1\" \/>\n<link rel=\"canonical\" href=\"https:\/\/wp.gestiondecompras.com\/es\/casos-de-exito\/\" \/>\n<meta property=\"og:locale\" content=\"es_ES\" \/>\n<meta property=\"og:type\" content=\"article\" \/>\n<meta property=\"og:title\" content=\"Casos de \u00e9xito con nuestros clientes - Gesti\u00f3n De Compras\" \/>\n<meta property=\"og:description\" content=\"Casos de \u00e9xito de Gesti\u00f3n de Compras. Nos encargamos de dar soluci\u00f3n a las necesidades en sourcing internacional de cada cliente.\" \/>\n<meta property=\"og:url\" content=\"https:\/\/wp.gestiondecompras.com\/es\/casos-de-exito\/\" \/>\n<meta property=\"og:site_name\" content=\"Gesti\u00f3n De Compras\" \/>\n<meta property=\"article:modified_time\" content=\"2023-03-16T15:38:14+00:00\" \/>\n<meta name=\"twitter:card\" content=\"summary_large_image\" \/>\n<meta name=\"twitter:label1\" content=\"Tiempo de lectura\" \/>\n\t<meta name=\"twitter:data1\" content=\"1 minuto\" \/>\n<script type=\"application\/ld+json\" class=\"yoast-schema-graph\">{\"@context\":\"https:\/\/schema.org\",\"@graph\":[{\"@type\":\"WebPage\",\"@id\":\"https:\/\/wp.gestiondecompras.com\/es\/casos-de-exito\/\",\"url\":\"https:\/\/wp.gestiondecompras.com\/es\/casos-de-exito\/\",\"name\":\"Casos de \u00e9xito con nuestros clientes - Gesti\u00f3n De Compras\",\"isPartOf\":{\"@id\":\"https:\/\/wp.gestiondecompras.com\/es\/#website\"},\"datePublished\":\"2021-04-30T10:04:19+00:00\",\"dateModified\":\"2023-03-16T15:38:14+00:00\",\"description\":\"Casos de \u00e9xito de Gesti\u00f3n de Compras. Nos encargamos de dar soluci\u00f3n a las necesidades en sourcing internacional de cada cliente.\",\"breadcrumb\":{\"@id\":\"https:\/\/wp.gestiondecompras.com\/es\/casos-de-exito\/#breadcrumb\"},\"inLanguage\":\"es\",\"potentialAction\":[{\"@type\":\"ReadAction\",\"target\":[\"https:\/\/wp.gestiondecompras.com\/es\/casos-de-exito\/\"]}]},{\"@type\":\"BreadcrumbList\",\"@id\":\"https:\/\/wp.gestiondecompras.com\/es\/casos-de-exito\/#breadcrumb\",\"itemListElement\":[{\"@type\":\"ListItem\",\"position\":1,\"name\":\"Inicio\",\"item\":\"https:\/\/wp.gestiondecompras.com\/es\/\"},{\"@type\":\"ListItem\",\"position\":2,\"name\":\"Casos de \u00e9xito\"}]},{\"@type\":\"WebSite\",\"@id\":\"https:\/\/wp.gestiondecompras.com\/es\/#website\",\"url\":\"https:\/\/wp.gestiondecompras.com\/es\/\",\"name\":\"Gesti\u00f3n De Compras\",\"description\":\"Sourcing Internacional\",\"potentialAction\":[{\"@type\":\"SearchAction\",\"target\":{\"@type\":\"EntryPoint\",\"urlTemplate\":\"https:\/\/wp.gestiondecompras.com\/es\/?s={search_term_string}\"},\"query-input\":\"required name=search_term_string\"}],\"inLanguage\":\"es\"}]}<\/script>\n<!-- \/ Yoast SEO plugin. -->","yoast_head_json":{"title":"Casos de \u00e9xito con nuestros clientes - Gesti\u00f3n De Compras","description":"Casos de \u00e9xito de Gesti\u00f3n de Compras. Nos encargamos de dar soluci\u00f3n a las necesidades en sourcing internacional de cada cliente.","robots":{"index":"index","follow":"follow","max-snippet":"max-snippet:-1","max-image-preview":"max-image-preview:large","max-video-preview":"max-video-preview:-1"},"canonical":"https:\/\/wp.gestiondecompras.com\/es\/casos-de-exito\/","og_locale":"es_ES","og_type":"article","og_title":"Casos de \u00e9xito con nuestros clientes - Gesti\u00f3n De Compras","og_description":"Casos de \u00e9xito de Gesti\u00f3n de Compras. Nos encargamos de dar soluci\u00f3n a las necesidades en sourcing internacional de cada cliente.","og_url":"https:\/\/wp.gestiondecompras.com\/es\/casos-de-exito\/","og_site_name":"Gesti\u00f3n De Compras","article_modified_time":"2023-03-16T15:38:14+00:00","twitter_card":"summary_large_image","twitter_misc":{"Tiempo de lectura":"1 minuto"},"schema":{"@context":"https:\/\/schema.org","@graph":[{"@type":"WebPage","@id":"https:\/\/wp.gestiondecompras.com\/es\/casos-de-exito\/","url":"https:\/\/wp.gestiondecompras.com\/es\/casos-de-exito\/","name":"Casos de \u00e9xito con nuestros clientes - Gesti\u00f3n De Compras","isPartOf":{"@id":"https:\/\/wp.gestiondecompras.com\/es\/#website"},"datePublished":"2021-04-30T10:04:19+00:00","dateModified":"2023-03-16T15:38:14+00:00","description":"Casos de \u00e9xito de Gesti\u00f3n de Compras. Nos encargamos de dar soluci\u00f3n a las necesidades en sourcing internacional de cada cliente.","breadcrumb":{"@id":"https:\/\/wp.gestiondecompras.com\/es\/casos-de-exito\/#breadcrumb"},"inLanguage":"es","potentialAction":[{"@type":"ReadAction","target":["https:\/\/wp.gestiondecompras.com\/es\/casos-de-exito\/"]}]},{"@type":"BreadcrumbList","@id":"https:\/\/wp.gestiondecompras.com\/es\/casos-de-exito\/#breadcrumb","itemListElement":[{"@type":"ListItem","position":1,"name":"Inicio","item":"https:\/\/wp.gestiondecompras.com\/es\/"},{"@type":"ListItem","position":2,"name":"Casos de \u00e9xito"}]},{"@type":"WebSite","@id":"https:\/\/wp.gestiondecompras.com\/es\/#website","url":"https:\/\/wp.gestiondecompras.com\/es\/","name":"Gesti\u00f3n De Compras","description":"Sourcing Internacional","potentialAction":[{"@type":"SearchAction","target":{"@type":"EntryPoint","urlTemplate":"https:\/\/wp.gestiondecompras.com\/es\/?s={search_term_string}"},"query-input":"required name=search_term_string"}],"inLanguage":"es"}]}},"_links":{"self":[{"href":"https:\/\/wp.gestiondecompras.com\/es\/wp-json\/wp\/v2\/pages\/449"}],"collection":[{"href":"https:\/\/wp.gestiondecompras.com\/es\/wp-json\/wp\/v2\/pages"}],"about":[{"href":"https:\/\/wp.gestiondecompras.com\/es\/wp-json\/wp\/v2\/types\/page"}],"author":[{"embeddable":true,"href":"https:\/\/wp.gestiondecompras.com\/es\/wp-json\/wp\/v2\/users\/1"}],"replies":[{"embeddable":true,"href":"https:\/\/wp.gestiondecompras.com\/es\/wp-json\/wp\/v2\/comments?post=449"}],"version-history":[{"count":18,"href":"https:\/\/wp.gestiondecompras.com\/es\/wp-json\/wp\/v2\/pages\/449\/revisions"}],"predecessor-version":[{"id":13823,"href":"https:\/\/wp.gestiondecompras.com\/es\/wp-json\/wp\/v2\/pages\/449\/revisions\/13823"}],"wp:attachment":[{"href":"https:\/\/wp.gestiondecompras.com\/es\/wp-json\/wp\/v2\/media?parent=449"}],"curies":[{"name":"wp","href":"https:\/\/api.w.org\/{rel}","templated":true}]}}