{"id":3806,"date":"2021-06-01T15:03:47","date_gmt":"2021-06-01T15:03:47","guid":{"rendered":"https:\/\/wp.gestiondecompras.com\/?page_id=3806"},"modified":"2021-09-02T06:33:33","modified_gmt":"2021-09-02T06:33:33","slug":"refrigeracion","status":"publish","type":"page","link":"https:\/\/wp.gestiondecompras.com\/es\/productos\/climatizacion\/refrigeracion\/","title":{"rendered":"Refrigeraci\u00f3n"},"content":{"rendered":"[spb_row element_name=\u00bbRow\u00bb wrap_type=\u00bbcontent-width\u00bb parallax_image_height=\u00bbcontent-height\u00bb parallax_image_movement=\u00bbfixed\u00bb parallax_image_speed=\u00bb0.5&#8243; bg_video_loop=\u00bbyes\u00bb parallax_video_height=\u00bbwindow-height\u00bb parallax_video_overlay=\u00bbnone\u00bb row_overlay_opacity=\u00bb0&#8243; row_col_pos=\u00bbdefault\u00bb width=\u00bb1\/1&#8243; el_position=\u00bbfirst last\u00bb] [spb_column col_sm=\u00bb12&#8243; col_animation=\u00bbnone\u00bb col_animation_delay=\u00bb0&#8243; col_bg_type=\u00bbcover\u00bb col_parallax_image_movement=\u00bbfixed\u00bb col_parallax_image_speed=\u00bb0.5&#8243; col_padding=\u00bb0&#8243; col_vertical_offset=\u00bb0&#8243; col_horizontal_offset=\u00bb0&#8243; col_custom_zindex=\u00bb0&#8243; simplified_controls=\u00bbyes\u00bb custom_css_percentage=\u00bbno\u00bb padding_vertical=\u00bb0&#8243; padding_horizontal=\u00bb0&#8243; margin_vertical=\u00bb0&#8243; custom_css=\u00bbmargin-top: 0px;margin-bottom: 0px;\u00bb border_styling_global=\u00bbdefault\u00bb width=\u00bb1\/1&#8243; el_position=\u00bbfirst last\u00bb] [spb_text_block animation=\u00bbnone\u00bb animation_delay=\u00bb0&#8243; simplified_controls=\u00bbyes\u00bb custom_css_percentage=\u00bbno\u00bb padding_vertical=\u00bb0&#8243; padding_horizontal=\u00bb0&#8243; margin_vertical=\u00bb0&#8243; custom_css=\u00bbmargin-top: 0px;margin-bottom: 0px;\u00bb border_size=\u00bb0&#8243; border_styling_global=\u00bbdefault\u00bb width=\u00bb3\/4&#8243; el_position=\u00bbfirst\u00bb]\n<p>Gesti\u00f3n de Compras suministra gran variedad de art\u00edculos para el montaje, instalaci\u00f3n y mantenimiento de sistemas de refrigeraci\u00f3n y aire acondicionado.<\/p>\n[\/spb_text_block][spb_text_block animation=\u00bbnone\u00bb animation_delay=\u00bb0&#8243; simplified_controls=\u00bbyes\u00bb custom_css_percentage=\u00bbno\u00bb padding_vertical=\u00bb0&#8243; padding_horizontal=\u00bb0&#8243; margin_vertical=\u00bb0&#8243; custom_css=\u00bbmargin-top: 0px;margin-bottom: 0px;\u00bb border_size=\u00bb0&#8243; border_styling_global=\u00bbdefault\u00bb width=\u00bb1\/4&#8243; el_position=\u00bblast\u00bb]\n\n[\/spb_text_block] [spb_text_block animation=\u00bbnone\u00bb animation_delay=\u00bb0&#8243; simplified_controls=\u00bbyes\u00bb custom_css_percentage=\u00bbno\u00bb padding_vertical=\u00bb0&#8243; padding_horizontal=\u00bb0&#8243; margin_vertical=\u00bb0&#8243; custom_css=\u00bbmargin-top: 0px;margin-bottom: 0px;\u00bb border_size=\u00bb0&#8243; border_styling_global=\u00bbdefault\u00bb width=\u00bb1\/1&#8243; el_position=\u00bbfirst last\u00bb]\n<hr style=\"background-color: #0098aa; height: 1px;\" \/>\n[\/spb_text_block] [\/spb_column] [\/spb_row] [spb_row element_name=\u00bbRow\u00bb wrap_type=\u00bbcontent-width\u00bb parallax_image_height=\u00bbcontent-height\u00bb parallax_image_movement=\u00bbfixed\u00bb parallax_image_speed=\u00bb0.5&#8243; bg_video_loop=\u00bbyes\u00bb parallax_video_height=\u00bbwindow-height\u00bb parallax_video_overlay=\u00bbnone\u00bb row_overlay_opacity=\u00bb0&#8243; row_col_pos=\u00bbdefault\u00bb width=\u00bb1\/1&#8243; el_position=\u00bbfirst last\u00bb] [spb_text_block animation=\u00bbnone\u00bb animation_delay=\u00bb0&#8243; simplified_controls=\u00bbyes\u00bb custom_css_percentage=\u00bbno\u00bb padding_vertical=\u00bb0&#8243; padding_horizontal=\u00bb0&#8243; margin_vertical=\u00bb0&#8243; custom_css=\u00bbmargin-top: 0px;margin-bottom: 0px;\u00bb border_size=\u00bb0&#8243; border_styling_global=\u00bbdefault\u00bb width=\u00bb1\/1&#8243; el_position=\u00bbfirst last\u00bb]\n<h2 style=\"text-align: center;\"><strong>Producto<br \/>\n<\/strong><\/h2>\n<div class=\"horizontal-break bold\" style=\"background-color: #666d78; width: 100px\"> <\/div>\n[\/spb_text_block] [spb_boxed_content type=\u00bbcoloured\u00bb box_link_target=\u00bb_self\u00bb padding_vertical=\u00bb0&#8243; padding_horizontal=\u00bb0&#8243; width=\u00bb1\/1&#8243; el_position=\u00bbfirst last\u00bb]\n<p style=\"text-align: justify;\">La refrigeraci\u00f3n o com\u00fanmente llamado \u201caire acondicionado\u201d es el proceso de alterar las propiedades del ambiente para alcanzar unas condiciones m\u00e1s confortables. As\u00ed pues, la refrigeraci\u00f3n consiste en mantener la temperatura y humedad relativa del aire dentro de los valores especificados con el objetivo de mejorar el confort t\u00e9rmico y la calidad del aire de la estancia.<\/p>\n<p style=\"text-align: justify;\">Dependiendo de sus aplicaciones, podemos encontrar varias opciones de aire acondicionado como por ejemplo \u201caire acondicionado para locales y maquinaria\u201d, \u201csistemas Split\u201d (sistema de aire acondicionado moderno), \u201cunidades fan-coil\u201d tambi\u00e9n llamados \u201cventiloconvectores\u201d, \u201cunidades de tratamiento de aire (AHU)\u201d, etc. Adem\u00e1s, seg\u00fan su emplazamiento, los sistemas de aire acondicionado pueden clasificarse en sistemas de\/para ventanas, Split para paredes, sistemas verticales, sistemas centralizados para azoteas&#8230;<\/p>\n[\/spb_boxed_content] [spb_text_block animation=\u00bbnone\u00bb animation_delay=\u00bb0&#8243; simplified_controls=\u00bbyes\u00bb custom_css_percentage=\u00bbno\u00bb padding_vertical=\u00bb0&#8243; padding_horizontal=\u00bb0&#8243; margin_vertical=\u00bb0&#8243; custom_css=\u00bbmargin-top: 0px;margin-bottom: 0px;\u00bb border_size=\u00bb0&#8243; border_styling_global=\u00bbdefault\u00bb width=\u00bb1\/1&#8243; el_position=\u00bbfirst last\u00bb]\n<h2 style=\"text-align: center;\"><strong>Tipos de refrigeraci\u00f3n<br \/>\n<\/strong><\/h2>\n<div class=\"horizontal-break bold\" style=\"background-color: #666d78; width: 100px\"> <\/div>\n[\/spb_text_block] [spb_boxed_content type=\u00bbcoloured\u00bb box_link_target=\u00bb_self\u00bb padding_vertical=\u00bb0&#8243; padding_horizontal=\u00bb0&#8243; width=\u00bb1\/1&#8243; el_position=\u00bbfirst last\u00bb]\n<h3>Refrigeraci\u00f3n por compresi\u00f3n del vapor (VCR):<\/h3>\n<p style=\"text-align: justify;\">Los ciclos son determinados por los fluidos comprimidos que, a cierta temperatura, tienden a enfriarse cuando se expanden. Si el cambio de presi\u00f3n es suficientemente fuerte, entonces el gas se comprime y se calienta y a la inversa, si se comprime el gas se enfr\u00eda. De este modo, el fluido se usa para enfriar y calentar la temperatura ambiental. En estos sistemas se usan refrigerantes que por lo general se encuentran dentro de la familia de los fluorocarbonos clorados (CFCs, tambi\u00e9n llamados Freones): R-11, R-12, R-21, R-22 y R-502. Actualmente estos refrigerantes han sido prohibidos por la CE debido a su alto poder contaminante para la Capa de Ozono y est\u00e1n siendo sustituidos por los refrigerantes R134a, R404a, R406a, R507, R407C, R417 y 410a.<\/p>\n[\/spb_boxed_content] [spb_boxed_content type=\u00bbcoloured\u00bb box_link_target=\u00bb_self\u00bb padding_vertical=\u00bb0&#8243; padding_horizontal=\u00bb0&#8243; width=\u00bb1\/1&#8243; el_position=\u00bbfirst last\u00bb]\n<h3>Refrigeraci\u00f3n por absorci\u00f3n de vapor (VAR):<\/h3>\n<p style=\"text-align: justify;\">Comprende todos los procesos del anterior sistema (compresi\u00f3n, condensaci\u00f3n, expansi\u00f3n y evaporaci\u00f3n), pero el refrigerante es enfriado en un evaporador y el calor es liberado a trav\u00e9s de un condensador. Los refrigerantes utilizados en estos sistemas son compuestos de amoniaco, agua o bromuro de litio.<\/p>\n[\/spb_boxed_content] [spb_blank_spacer height=\u00bb30px\u00bb width=\u00bb1\/1&#8243; el_position=\u00bbfirst last\u00bb] [spb_boxed_content type=\u00bbcoloured\u00bb box_link_target=\u00bb_self\u00bb padding_vertical=\u00bb0&#8243; padding_horizontal=\u00bb0&#8243; width=\u00bb1\/1&#8243; el_position=\u00bbfirst last\u00bb]\n<p style=\"text-align: justify;\"><strong>Gesti\u00f3n de Compras\u00a0<\/strong>suministra elementos de refrigeraci\u00f3n y aire acondicionado como soportes para sistemas de aire acondicionado, soportes de suelo, antivibradores, tubos de drenaje, tubos reforzados, protecciones para tubos, cajas para la instalaci\u00f3n de los sistemas, refrigerantes, bombas de condensaci\u00f3n, tubos de cobre, tubos de cobre aislados para refrigeraci\u00f3n, accesorios de cobre y lat\u00f3n, colectores&#8230;<\/p>\n[\/spb_boxed_content] [spb_blank_spacer height=\u00bb30px\u00bb width=\u00bb1\/1&#8243; el_position=\u00bbfirst last\u00bb] [spb_column col_sm=\u00bb4&#8243; padding_horizontal=\u00bb0&#8243; width=\u00bb1\/3&#8243; el_position=\u00bbfirst\u00bb] [spb_boxed_content type=\u00bbcoloured\u00bb box_link_target=\u00bb_self\u00bb padding_vertical=\u00bb0&#8243; padding_horizontal=\u00bb0&#8243; width=\u00bb1\/1&#8243; el_position=\u00bbfirst last\u00bb]\n<p><img loading=\"lazy\" decoding=\"async\" class=\"aligncenter size-full wp-image-4696\" src=\"https:\/\/wp.gestiondecompras.com\/wp-content\/uploads\/2021\/06\/refrigeration_product_1.jpg\" alt=\"refrigeraci\u00f3n\" width=\"480\" height=\"480\" srcset=\"https:\/\/wp.gestiondecompras.com\/wp-content\/uploads\/2021\/06\/refrigeration_product_1.jpg 480w, https:\/\/wp.gestiondecompras.com\/wp-content\/uploads\/2021\/06\/refrigeration_product_1-300x300.jpg 300w, https:\/\/wp.gestiondecompras.com\/wp-content\/uploads\/2021\/06\/refrigeration_product_1-150x150.jpg 150w\" sizes=\"(max-width: 480px) 100vw, 480px\" \/><\/p>\n[\/spb_boxed_content] [\/spb_column] [spb_column col_sm=\u00bb4&#8243; padding_horizontal=\u00bb0&#8243; width=\u00bb1\/3&#8243;] [spb_boxed_content type=\u00bbcoloured\u00bb box_link_target=\u00bb_self\u00bb padding_vertical=\u00bb0&#8243; padding_horizontal=\u00bb0&#8243; width=\u00bb1\/1&#8243; el_position=\u00bbfirst last\u00bb]\n<p><img loading=\"lazy\" decoding=\"async\" class=\"aligncenter size-full wp-image-4701\" src=\"https:\/\/wp.gestiondecompras.com\/wp-content\/uploads\/2021\/06\/refrigeration_product_2.jpg\" alt=\"refrigeraci\u00f3n 02\" width=\"480\" height=\"480\" srcset=\"https:\/\/wp.gestiondecompras.com\/wp-content\/uploads\/2021\/06\/refrigeration_product_2.jpg 480w, https:\/\/wp.gestiondecompras.com\/wp-content\/uploads\/2021\/06\/refrigeration_product_2-300x300.jpg 300w, https:\/\/wp.gestiondecompras.com\/wp-content\/uploads\/2021\/06\/refrigeration_product_2-150x150.jpg 150w\" sizes=\"(max-width: 480px) 100vw, 480px\" \/><\/p>\n[\/spb_boxed_content] [\/spb_column] [spb_column col_sm=\u00bb4&#8243; padding_horizontal=\u00bb0&#8243; width=\u00bb1\/3&#8243; el_position=\u00bblast\u00bb] [spb_boxed_content type=\u00bbcoloured\u00bb box_link_target=\u00bb_self\u00bb padding_vertical=\u00bb0&#8243; padding_horizontal=\u00bb0&#8243; width=\u00bb1\/1&#8243; el_position=\u00bbfirst last\u00bb]\n<p><img loading=\"lazy\" decoding=\"async\" class=\"aligncenter size-full wp-image-4706\" src=\"https:\/\/wp.gestiondecompras.com\/wp-content\/uploads\/2021\/06\/refrigeration_product_3.jpg\" alt=\"refrigeraci\u00f3n 03\" width=\"480\" height=\"480\" srcset=\"https:\/\/wp.gestiondecompras.com\/wp-content\/uploads\/2021\/06\/refrigeration_product_3.jpg 480w, https:\/\/wp.gestiondecompras.com\/wp-content\/uploads\/2021\/06\/refrigeration_product_3-300x300.jpg 300w, https:\/\/wp.gestiondecompras.com\/wp-content\/uploads\/2021\/06\/refrigeration_product_3-150x150.jpg 150w\" sizes=\"(max-width: 480px) 100vw, 480px\" \/><\/p>\n[\/spb_boxed_content] [\/spb_column] [\/spb_row] [spb_row element_name=\u00bbRow\u00bb wrap_type=\u00bbcontent-width\u00bb parallax_image_height=\u00bbcontent-height\u00bb parallax_image_movement=\u00bbfixed\u00bb parallax_image_speed=\u00bb0.5&#8243; bg_video_loop=\u00bbyes\u00bb parallax_video_height=\u00bbwindow-height\u00bb parallax_video_overlay=\u00bbnone\u00bb row_overlay_opacity=\u00bb0&#8243; row_col_pos=\u00bbdefault\u00bb width=\u00bb1\/1&#8243; el_position=\u00bbfirst last\u00bb] [spb_column col_sm=\u00bb12&#8243; padding_horizontal=\u00bb0&#8243; width=\u00bb1\/1&#8243; el_position=\u00bbfirst last\u00bb] [spb_blank_spacer height=\u00bb30px\u00bb width=\u00bb1\/1&#8243; el_position=\u00bbfirst last\u00bb] [spb_text_block animation=\u00bbnone\u00bb animation_delay=\u00bb0&#8243; simplified_controls=\u00bbyes\u00bb custom_css_percentage=\u00bbno\u00bb padding_vertical=\u00bb0&#8243; padding_horizontal=\u00bb0&#8243; margin_vertical=\u00bb0&#8243; custom_css=\u00bbmargin-top: 0px;margin-bottom: 0px;\u00bb border_size=\u00bb0&#8243; border_styling_global=\u00bbdefault\u00bb width=\u00bb1\/1&#8243; el_position=\u00bbfirst last\u00bb]\n<h2 style=\"text-align: center;\"><strong>Normativa y certificados<br \/>\n<\/strong><\/h2>\n<div class=\"horizontal-break bold\" style=\"background-color: #666d78; width: 100px\"> <\/div>\n<p>&nbsp;<\/p>\n[\/spb_text_block] [\/spb_column] [spb_column col_sm=\u00bb6&#8243; padding_horizontal=\u00bb0&#8243; width=\u00bb1\/2&#8243; el_position=\u00bbfirst\u00bb] [spb_text_block animation=\u00bbnone\u00bb animation_delay=\u00bb0&#8243; simplified_controls=\u00bbyes\u00bb custom_css_percentage=\u00bbno\u00bb padding_vertical=\u00bb0&#8243; padding_horizontal=\u00bb0&#8243; margin_vertical=\u00bb0&#8243; custom_css=\u00bbmargin-top: 0px;margin-bottom: 0px;\u00bb border_size=\u00bb0&#8243; border_styling_global=\u00bbdefault\u00bb width=\u00bb1\/1&#8243; el_position=\u00bbfirst last\u00bb]\n<p style=\"text-align: justify;\"><strong>Contamos con los medios para asegurar que nuestros productos cumplen la normativa general y los reglamentos de certificaci\u00f3n m\u00e1s espec\u00edficos en la fabricaci\u00f3n.<\/strong><\/p>\n<ul>\n<li><em>ISO 9001.<\/em><\/li>\n<li><em>ISO 14001.<\/em><\/li>\n<li><em>OHSAS 18001.<\/em><\/li>\n<\/ul>\n[\/spb_text_block] [\/spb_column] [spb_column col_sm=\u00bb6&#8243; padding_horizontal=\u00bb0&#8243; width=\u00bb1\/2&#8243; el_position=\u00bblast\u00bb] [spb_blank_spacer responsive_vis=\u00bbhidden-xs_hidden-sm\u00bb height=\u00bb50px\u00bb width=\u00bb1\/1&#8243; el_position=\u00bbfirst last\u00bb] [spb_text_block animation=\u00bbnone\u00bb animation_delay=\u00bb0&#8243; simplified_controls=\u00bbyes\u00bb custom_css_percentage=\u00bbno\u00bb padding_vertical=\u00bb0&#8243; padding_horizontal=\u00bb0&#8243; margin_vertical=\u00bb0&#8243; custom_css=\u00bbmargin-top: 0px;margin-bottom: 0px;\u00bb border_size=\u00bb0&#8243; border_styling_global=\u00bbdefault\u00bb width=\u00bb1\/1&#8243; el_position=\u00bbfirst last\u00bb]\n<p><img loading=\"lazy\" decoding=\"async\" class=\"alignnone wp-image-1703 size-full\" src=\"https:\/\/wp.gestiondecompras.com\/wp-content\/uploads\/2021\/05\/sellos.jpg\" alt=\"sellos\" width=\"800\" height=\"150\" srcset=\"https:\/\/wp.gestiondecompras.com\/wp-content\/uploads\/2021\/05\/sellos.jpg 800w, https:\/\/wp.gestiondecompras.com\/wp-content\/uploads\/2021\/05\/sellos-300x56.jpg 300w, https:\/\/wp.gestiondecompras.com\/wp-content\/uploads\/2021\/05\/sellos-768x144.jpg 768w\" sizes=\"(max-width: 800px) 100vw, 800px\" \/><\/p>\n[\/spb_text_block] [\/spb_column] [\/spb_row]\n","protected":false},"excerpt":{"rendered":"<p>[spb_row element_name=\u00bbRow\u00bb wrap_type=\u00bbcontent-width\u00bb parallax_image_height=\u00bbcontent-height\u00bb parallax_image_movement=\u00bbfixed\u00bb parallax_image_speed=\u00bb0.5&#8243; bg_video_loop=\u00bbyes\u00bb parallax_video_height=\u00bbwindow-height\u00bb parallax_video_overlay=\u00bbnone\u00bb row_overlay_opacity=\u00bb0&#8243; row_col_pos=\u00bbdefault\u00bb width=\u00bb1\/1&#8243; el_position=\u00bbfirst last\u00bb] [spb_column col_sm=\u00bb12&#8243; col_animation=\u00bbnone\u00bb col_animation_delay=\u00bb0&#8243; col_bg_type=\u00bbcover\u00bb col_parallax_image_movement=\u00bbfixed\u00bb col_parallax_image_speed=\u00bb0.5&#8243; col_padding=\u00bb0&#8243; col_vertical_offset=\u00bb0&#8243; col_horizontal_offset=\u00bb0&#8243; col_custom_zindex=\u00bb0&#8243; simplified_controls=\u00bbyes\u00bb custom_css_percentage=\u00bbno\u00bb padding_vertical=\u00bb0&#8243; padding_horizontal=\u00bb0&#8243; margin_vertical=\u00bb0&#8243; custom_css=\u00bbmargin-top: 0px;margin-bottom: 0px;\u00bb border_styling_global=\u00bbdefault\u00bb width=\u00bb1\/1&#8243; el_position=\u00bbfirst last\u00bb] [spb_text_block animation=\u00bbnone\u00bb animation_delay=\u00bb0&#8243; simplified_controls=\u00bbyes\u00bb custom_css_percentage=\u00bbno\u00bb padding_vertical=\u00bb0&#8243; padding_horizontal=\u00bb0&#8243; margin_vertical=\u00bb0&#8243; custom_css=\u00bbmargin-top: 0px;margin-bottom: 0px;\u00bb border_size=\u00bb0&#8243; border_styling_global=\u00bbdefault\u00bb width=\u00bb3\/4&#8243; el_position=\u00bbfirst\u00bb] Gesti\u00f3n de Compras suministra gran variedad de art\u00edculos [&hellip;]<\/p>\n","protected":false},"author":1,"featured_media":4696,"parent":1675,"menu_order":0,"comment_status":"closed","ping_status":"closed","template":"page-title.php","meta":{"footnotes":""},"yoast_head":"<!-- This site is optimized with the Yoast SEO plugin v22.4 - https:\/\/yoast.com\/wordpress\/plugins\/seo\/ -->\n<title>Refrigeraci\u00f3n. Tipos y Productos - Gesti\u00f3n De Compras<\/title>\n<meta name=\"description\" content=\"Suministramos una gran variedad de art\u00edculos para el montaje, instalaci\u00f3n y mantenimiento de sistemas de refrigeraci\u00f3n y aire acondicionado.\" \/>\n<meta name=\"robots\" content=\"index, follow, max-snippet:-1, max-image-preview:large, max-video-preview:-1\" \/>\n<link rel=\"canonical\" href=\"https:\/\/wp.gestiondecompras.com\/es\/productos\/climatizacion\/refrigeracion\/\" \/>\n<meta property=\"og:locale\" content=\"es_ES\" \/>\n<meta property=\"og:type\" content=\"article\" \/>\n<meta property=\"og:title\" content=\"Refrigeraci\u00f3n. Tipos y Productos - Gesti\u00f3n De Compras\" \/>\n<meta property=\"og:description\" content=\"Suministramos una gran variedad de art\u00edculos para el montaje, instalaci\u00f3n y mantenimiento de sistemas de refrigeraci\u00f3n y aire acondicionado.\" \/>\n<meta property=\"og:url\" content=\"https:\/\/wp.gestiondecompras.com\/es\/productos\/climatizacion\/refrigeracion\/\" \/>\n<meta property=\"og:site_name\" content=\"Gesti\u00f3n De Compras\" \/>\n<meta property=\"article:modified_time\" content=\"2021-09-02T06:33:33+00:00\" \/>\n<meta property=\"og:image\" content=\"https:\/\/wp.gestiondecompras.com\/wp-content\/uploads\/2021\/06\/refrigeration_product_1.jpg\" \/>\n\t<meta property=\"og:image:width\" content=\"480\" \/>\n\t<meta property=\"og:image:height\" content=\"480\" \/>\n\t<meta property=\"og:image:type\" content=\"image\/jpeg\" \/>\n<meta name=\"twitter:card\" content=\"summary_large_image\" \/>\n<meta name=\"twitter:label1\" content=\"Tiempo de lectura\" \/>\n\t<meta name=\"twitter:data1\" content=\"4 minutos\" \/>\n<script type=\"application\/ld+json\" class=\"yoast-schema-graph\">{\"@context\":\"https:\/\/schema.org\",\"@graph\":[{\"@type\":\"WebPage\",\"@id\":\"https:\/\/wp.gestiondecompras.com\/es\/productos\/climatizacion\/refrigeracion\/\",\"url\":\"https:\/\/wp.gestiondecompras.com\/es\/productos\/climatizacion\/refrigeracion\/\",\"name\":\"Refrigeraci\u00f3n. Tipos y Productos - Gesti\u00f3n De Compras\",\"isPartOf\":{\"@id\":\"https:\/\/wp.gestiondecompras.com\/es\/#website\"},\"primaryImageOfPage\":{\"@id\":\"https:\/\/wp.gestiondecompras.com\/es\/productos\/climatizacion\/refrigeracion\/#primaryimage\"},\"image\":{\"@id\":\"https:\/\/wp.gestiondecompras.com\/es\/productos\/climatizacion\/refrigeracion\/#primaryimage\"},\"thumbnailUrl\":\"https:\/\/wp.gestiondecompras.com\/wp-content\/uploads\/2021\/06\/refrigeration_product_1.jpg\",\"datePublished\":\"2021-06-01T15:03:47+00:00\",\"dateModified\":\"2021-09-02T06:33:33+00:00\",\"description\":\"Suministramos una gran variedad de art\u00edculos para el montaje, instalaci\u00f3n y mantenimiento de sistemas de refrigeraci\u00f3n y aire acondicionado.\",\"breadcrumb\":{\"@id\":\"https:\/\/wp.gestiondecompras.com\/es\/productos\/climatizacion\/refrigeracion\/#breadcrumb\"},\"inLanguage\":\"es\",\"potentialAction\":[{\"@type\":\"ReadAction\",\"target\":[\"https:\/\/wp.gestiondecompras.com\/es\/productos\/climatizacion\/refrigeracion\/\"]}]},{\"@type\":\"ImageObject\",\"inLanguage\":\"es\",\"@id\":\"https:\/\/wp.gestiondecompras.com\/es\/productos\/climatizacion\/refrigeracion\/#primaryimage\",\"url\":\"https:\/\/wp.gestiondecompras.com\/wp-content\/uploads\/2021\/06\/refrigeration_product_1.jpg\",\"contentUrl\":\"https:\/\/wp.gestiondecompras.com\/wp-content\/uploads\/2021\/06\/refrigeration_product_1.jpg\",\"width\":480,\"height\":480,\"caption\":\"refrigeraci\u00f3n\"},{\"@type\":\"BreadcrumbList\",\"@id\":\"https:\/\/wp.gestiondecompras.com\/es\/productos\/climatizacion\/refrigeracion\/#breadcrumb\",\"itemListElement\":[{\"@type\":\"ListItem\",\"position\":1,\"name\":\"Inicio\",\"item\":\"https:\/\/wp.gestiondecompras.com\/es\/\"},{\"@type\":\"ListItem\",\"position\":2,\"name\":\"Productos\",\"item\":\"https:\/\/wp.gestiondecompras.com\/es\/productos\/\"},{\"@type\":\"ListItem\",\"position\":3,\"name\":\"Climatizaci\u00f3n\",\"item\":\"https:\/\/wp.gestiondecompras.com\/es\/productos\/climatizacion\/\"},{\"@type\":\"ListItem\",\"position\":4,\"name\":\"Refrigeraci\u00f3n\"}]},{\"@type\":\"WebSite\",\"@id\":\"https:\/\/wp.gestiondecompras.com\/es\/#website\",\"url\":\"https:\/\/wp.gestiondecompras.com\/es\/\",\"name\":\"Gesti\u00f3n De Compras\",\"description\":\"Sourcing Internacional\",\"potentialAction\":[{\"@type\":\"SearchAction\",\"target\":{\"@type\":\"EntryPoint\",\"urlTemplate\":\"https:\/\/wp.gestiondecompras.com\/es\/?s={search_term_string}\"},\"query-input\":\"required name=search_term_string\"}],\"inLanguage\":\"es\"}]}<\/script>\n<!-- \/ Yoast SEO plugin. -->","yoast_head_json":{"title":"Refrigeraci\u00f3n. Tipos y Productos - Gesti\u00f3n De Compras","description":"Suministramos una gran variedad de art\u00edculos para el montaje, instalaci\u00f3n y mantenimiento de sistemas de refrigeraci\u00f3n y aire acondicionado.","robots":{"index":"index","follow":"follow","max-snippet":"max-snippet:-1","max-image-preview":"max-image-preview:large","max-video-preview":"max-video-preview:-1"},"canonical":"https:\/\/wp.gestiondecompras.com\/es\/productos\/climatizacion\/refrigeracion\/","og_locale":"es_ES","og_type":"article","og_title":"Refrigeraci\u00f3n. Tipos y Productos - Gesti\u00f3n De Compras","og_description":"Suministramos una gran variedad de art\u00edculos para el montaje, instalaci\u00f3n y mantenimiento de sistemas de refrigeraci\u00f3n y aire acondicionado.","og_url":"https:\/\/wp.gestiondecompras.com\/es\/productos\/climatizacion\/refrigeracion\/","og_site_name":"Gesti\u00f3n De Compras","article_modified_time":"2021-09-02T06:33:33+00:00","og_image":[{"width":480,"height":480,"url":"https:\/\/wp.gestiondecompras.com\/wp-content\/uploads\/2021\/06\/refrigeration_product_1.jpg","type":"image\/jpeg"}],"twitter_card":"summary_large_image","twitter_misc":{"Tiempo de lectura":"4 minutos"},"schema":{"@context":"https:\/\/schema.org","@graph":[{"@type":"WebPage","@id":"https:\/\/wp.gestiondecompras.com\/es\/productos\/climatizacion\/refrigeracion\/","url":"https:\/\/wp.gestiondecompras.com\/es\/productos\/climatizacion\/refrigeracion\/","name":"Refrigeraci\u00f3n. Tipos y Productos - Gesti\u00f3n De Compras","isPartOf":{"@id":"https:\/\/wp.gestiondecompras.com\/es\/#website"},"primaryImageOfPage":{"@id":"https:\/\/wp.gestiondecompras.com\/es\/productos\/climatizacion\/refrigeracion\/#primaryimage"},"image":{"@id":"https:\/\/wp.gestiondecompras.com\/es\/productos\/climatizacion\/refrigeracion\/#primaryimage"},"thumbnailUrl":"https:\/\/wp.gestiondecompras.com\/wp-content\/uploads\/2021\/06\/refrigeration_product_1.jpg","datePublished":"2021-06-01T15:03:47+00:00","dateModified":"2021-09-02T06:33:33+00:00","description":"Suministramos una gran variedad de art\u00edculos para el montaje, instalaci\u00f3n y mantenimiento de sistemas de refrigeraci\u00f3n y aire acondicionado.","breadcrumb":{"@id":"https:\/\/wp.gestiondecompras.com\/es\/productos\/climatizacion\/refrigeracion\/#breadcrumb"},"inLanguage":"es","potentialAction":[{"@type":"ReadAction","target":["https:\/\/wp.gestiondecompras.com\/es\/productos\/climatizacion\/refrigeracion\/"]}]},{"@type":"ImageObject","inLanguage":"es","@id":"https:\/\/wp.gestiondecompras.com\/es\/productos\/climatizacion\/refrigeracion\/#primaryimage","url":"https:\/\/wp.gestiondecompras.com\/wp-content\/uploads\/2021\/06\/refrigeration_product_1.jpg","contentUrl":"https:\/\/wp.gestiondecompras.com\/wp-content\/uploads\/2021\/06\/refrigeration_product_1.jpg","width":480,"height":480,"caption":"refrigeraci\u00f3n"},{"@type":"BreadcrumbList","@id":"https:\/\/wp.gestiondecompras.com\/es\/productos\/climatizacion\/refrigeracion\/#breadcrumb","itemListElement":[{"@type":"ListItem","position":1,"name":"Inicio","item":"https:\/\/wp.gestiondecompras.com\/es\/"},{"@type":"ListItem","position":2,"name":"Productos","item":"https:\/\/wp.gestiondecompras.com\/es\/productos\/"},{"@type":"ListItem","position":3,"name":"Climatizaci\u00f3n","item":"https:\/\/wp.gestiondecompras.com\/es\/productos\/climatizacion\/"},{"@type":"ListItem","position":4,"name":"Refrigeraci\u00f3n"}]},{"@type":"WebSite","@id":"https:\/\/wp.gestiondecompras.com\/es\/#website","url":"https:\/\/wp.gestiondecompras.com\/es\/","name":"Gesti\u00f3n De Compras","description":"Sourcing Internacional","potentialAction":[{"@type":"SearchAction","target":{"@type":"EntryPoint","urlTemplate":"https:\/\/wp.gestiondecompras.com\/es\/?s={search_term_string}"},"query-input":"required name=search_term_string"}],"inLanguage":"es"}]}},"_links":{"self":[{"href":"https:\/\/wp.gestiondecompras.com\/es\/wp-json\/wp\/v2\/pages\/3806"}],"collection":[{"href":"https:\/\/wp.gestiondecompras.com\/es\/wp-json\/wp\/v2\/pages"}],"about":[{"href":"https:\/\/wp.gestiondecompras.com\/es\/wp-json\/wp\/v2\/types\/page"}],"author":[{"embeddable":true,"href":"https:\/\/wp.gestiondecompras.com\/es\/wp-json\/wp\/v2\/users\/1"}],"replies":[{"embeddable":true,"href":"https:\/\/wp.gestiondecompras.com\/es\/wp-json\/wp\/v2\/comments?post=3806"}],"version-history":[{"count":15,"href":"https:\/\/wp.gestiondecompras.com\/es\/wp-json\/wp\/v2\/pages\/3806\/revisions"}],"predecessor-version":[{"id":6372,"href":"https:\/\/wp.gestiondecompras.com\/es\/wp-json\/wp\/v2\/pages\/3806\/revisions\/6372"}],"up":[{"embeddable":true,"href":"https:\/\/wp.gestiondecompras.com\/es\/wp-json\/wp\/v2\/pages\/1675"}],"wp:featuredmedia":[{"embeddable":true,"href":"https:\/\/wp.gestiondecompras.com\/es\/wp-json\/wp\/v2\/media\/4696"}],"wp:attachment":[{"href":"https:\/\/wp.gestiondecompras.com\/es\/wp-json\/wp\/v2\/media?parent=3806"}],"curies":[{"name":"wp","href":"https:\/\/api.w.org\/{rel}","templated":true}]}}