{"id":1614,"date":"2021-05-11T10:55:23","date_gmt":"2021-05-11T10:55:23","guid":{"rendered":"https:\/\/wp.gestiondecompras.com\/?page_id=1614"},"modified":"2022-03-08T10:57:46","modified_gmt":"2022-03-08T10:57:46","slug":"piezas-de-caucho-y-caucho-metal","status":"publish","type":"page","link":"https:\/\/wp.gestiondecompras.com\/es\/productos\/piezas-de-caucho-y-caucho-metal\/","title":{"rendered":"Piezas de caucho y caucho-metal"},"content":{"rendered":"[spb_row element_name=\u00bbRow\u00bb wrap_type=\u00bbcontent-width\u00bb parallax_image_height=\u00bbcontent-height\u00bb parallax_image_movement=\u00bbfixed\u00bb parallax_image_speed=\u00bb0.5&#8243; bg_video_loop=\u00bbyes\u00bb parallax_video_height=\u00bbwindow-height\u00bb parallax_video_overlay=\u00bbnone\u00bb row_overlay_opacity=\u00bb0&#8243; row_col_pos=\u00bbdefault\u00bb width=\u00bb1\/1&#8243; el_position=\u00bbfirst last\u00bb] [spb_column col_animation=\u00bbnone\u00bb col_animation_delay=\u00bb0&#8243; col_bg_type=\u00bbcover\u00bb col_parallax_image_movement=\u00bbfixed\u00bb col_parallax_image_speed=\u00bb0.5&#8243; col_padding=\u00bb0&#8243; col_vertical_offset=\u00bb0&#8243; col_horizontal_offset=\u00bb0&#8243; col_custom_zindex=\u00bb0&#8243; col_sm=\u00bb12&#8243; simplified_controls=\u00bbyes\u00bb custom_css_percentage=\u00bbno\u00bb padding_vertical=\u00bb0&#8243; padding_horizontal=\u00bb0&#8243; margin_vertical=\u00bb0&#8243; custom_css=\u00bbmargin-top: 0px;margin-bottom: 0px;\u00bb border_styling_global=\u00bbdefault\u00bb width=\u00bb1\/1&#8243; el_position=\u00bbfirst last\u00bb] [spb_text_block animation=\u00bbnone\u00bb animation_delay=\u00bb0&#8243; simplified_controls=\u00bbyes\u00bb custom_css_percentage=\u00bbno\u00bb padding_vertical=\u00bb0&#8243; padding_horizontal=\u00bb0&#8243; margin_vertical=\u00bb0&#8243; custom_css=\u00bbmargin-top: 0px;margin-bottom: 0px;\u00bb border_size=\u00bb0&#8243; border_styling_global=\u00bbdefault\u00bb width=\u00bb3\/4&#8243; el_position=\u00bbfirst\u00bb]\n<p>En Gesti\u00f3n de Compras disponemos de los elementos necesarios para el dise\u00f1o y producci\u00f3n de piezas de caucho y caucho-metal por moldeo por compresi\u00f3n, moldeo por transferencia, moldeo por inyecci\u00f3n y extrusi\u00f3n.<\/p>\n[\/spb_text_block] [spb_text_block animation=\u00bbnone\u00bb animation_delay=\u00bb0&#8243; simplified_controls=\u00bbyes\u00bb custom_css_percentage=\u00bbno\u00bb padding_vertical=\u00bb0&#8243; padding_horizontal=\u00bb0&#8243; margin_vertical=\u00bb0&#8243; custom_css=\u00bbmargin-top: 0px;margin-bottom: 0px;\u00bb border_size=\u00bb0&#8243; border_styling_global=\u00bbdefault\u00bb width=\u00bb1\/4&#8243; el_position=\u00bblast\u00bb]\n\n                    <div class=\"spb-asset-content\" style=\"text-align: center;\">\n                        <a class=\"sf-button standard accent default pdf-button\" href=\"\/wp-content\/uploads\/2021\/11\/piezas-de-caucho-y-caucho-metal-es.pdf\" target=\"_blank\" rel=\"\">\n                            <svg xmlns=\"http:\/\/www.w3.org\/2000\/svg\" width=\"24\" height=\"24\" viewBox=\"0 0 24 24\" style=\"margin-right: 8px;\">\n                                <style type=\"text\/css\">\n                                    .st0{fill:#FFFFFF;}\n                                <\/style>\n                                <path class=\"st0\" d=\"M11.4,2C15.5,2,14,8,14,8s6-1.7,6,2.5V22H4V2C4,2,11.4,2,11.4,2z M12.2,0H2v24h20V9.6C22,7.2,15.4,0,12.2,0z   M8.4,17.3c0.3-0.3,0.9-0.6,1.7-1c0.4-0.7,0.7-1.5,1-2.2c-0.2-0.5-0.4-1-0.5-1.6c-0.2-2.1,2.1-1.9,1.7,0c-0.1,0.4-0.2,0.9-0.5,1.5  c0.4,0.7,0.8,1.1,1.2,1.5c0.5-0.1,1.3-0.2,1.8-0.1c1.4,0.2,1.2,1.7,0,1.7c-0.6,0-1.5-0.5-2-0.9c-0.8,0.1-1.6,0.4-2.3,0.6  c-0.2,0.4-0.5,1-0.8,1.4C8.7,19.9,7.2,18.4,8.4,17.3z M9.6,17.3c-0.3,0.1-0.6,0.3-0.8,0.6c-0.3,0.3-0.1,0.6,0.3,0.2  C9.3,17.9,9.5,17.6,9.6,17.3z M14.1,16.1c0.2,0.2,0.6,0.3,0.9,0.3c0.4,0,0.4-0.3-0.1-0.3C14.7,16.1,14.4,16.1,14.1,16.1z M11.1,16  c0.3-0.1,1-0.3,1.2-0.3c0,0-0.5-0.5-0.7-0.8C11.5,15.2,11.1,16,11.1,16z M11.5,12c-0.1,0.3,0,0.8,0.1,1.1c0.1-0.2,0.3-0.8,0.2-1.1  C11.7,11.7,11.5,11.7,11.5,12z\"\/>\n                            <\/svg>\n                            <span>Piezas de caucho y caucho-metal<\/span>\n                        <\/a>\n                    <\/div>\n                \n[\/spb_text_block] [spb_text_block animation=\u00bbnone\u00bb animation_delay=\u00bb0&#8243; simplified_controls=\u00bbyes\u00bb custom_css_percentage=\u00bbno\u00bb padding_vertical=\u00bb0&#8243; padding_horizontal=\u00bb0&#8243; margin_vertical=\u00bb0&#8243; custom_css=\u00bbmargin-top: 0px;margin-bottom: 0px;\u00bb border_size=\u00bb0&#8243; border_styling_global=\u00bbdefault\u00bb width=\u00bb1\/1&#8243; el_position=\u00bbfirst last\u00bb]\n<hr style=\"background-color: #0098aa; height: 1px;\" \/>\n[\/spb_text_block] [\/spb_column] [\/spb_row] [spb_row element_name=\u00bbRow\u00bb wrap_type=\u00bbcontent-width\u00bb parallax_image_height=\u00bbcontent-height\u00bb parallax_image_movement=\u00bbfixed\u00bb parallax_image_speed=\u00bb0.5&#8243; bg_video_loop=\u00bbyes\u00bb parallax_video_height=\u00bbwindow-height\u00bb parallax_video_overlay=\u00bbnone\u00bb row_overlay_opacity=\u00bb0&#8243; row_col_pos=\u00bbdefault\u00bb width=\u00bb1\/1&#8243; el_position=\u00bbfirst last\u00bb] [spb_text_block animation=\u00bbnone\u00bb animation_delay=\u00bb0&#8243; simplified_controls=\u00bbyes\u00bb custom_css_percentage=\u00bbno\u00bb padding_vertical=\u00bb0&#8243; padding_horizontal=\u00bb0&#8243; margin_vertical=\u00bb0&#8243; custom_css=\u00bbmargin-top: 0px;margin-bottom: 0px;\u00bb border_size=\u00bb0&#8243; border_styling_global=\u00bbdefault\u00bb width=\u00bb1\/1&#8243; el_position=\u00bbfirst last\u00bb]\n<h2 style=\"text-align: center;\"><strong>Proceso de creaci\u00f3n de piezas de caucho<br \/>\n<\/strong><\/h2>\n<div class=\"horizontal-break bold\" style=\"background-color: #666d78; width: 100px\"> <\/div>\n[\/spb_text_block] [spb_boxed_content type=\u00bbcoloured\u00bb box_link_target=\u00bb_self\u00bb padding_vertical=\u00bb0&#8243; padding_horizontal=\u00bb0&#8243; width=\u00bb1\/1&#8243; el_position=\u00bbfirst last\u00bb]\n<p style=\"text-align: justify;\">El caucho es un material elast\u00f3mero que puede ser obtenido de la emulsi\u00f3n del l\u00e1tex de diversas plantas, llamado caucho natural, o bien sinterizado del petr\u00f3leo, llamado caucho sinterizado.<\/p>\n<p style=\"text-align: justify;\">Hay gran diversidad de piezas de caucho y caucho-metal presentes en multitud de sectores como por ejemplo en automoci\u00f3n, construcci\u00f3n, climatizaci\u00f3n, telecomunicaciones, electrodom\u00e9sticos, maquinaria, ferroviario, electr\u00f3nica, aeron\u00e1utica.<\/p>\n<p style=\"text-align: justify;\">Para este tipo de material los principales procesos de producci\u00f3n son los siguientes:<\/p>\n[\/spb_boxed_content] [spb_blank_spacer height=\u00bb15px\u00bb width=\u00bb1\/1&#8243; el_position=\u00bbfirst last\u00bb] [spb_icon_box title=\u00bbMoldeo por compresi\u00f3n\u00bb box_type=\u00bbstandard-title\u00bb box_icon_type=\u00bbcharacter\u00bb character=\u00bb\u00b7\u00bb animate_svg=\u00bbno\u00bb target=\u00bb_self\u00bb animation=\u00bbnone\u00bb animation_delay=\u00bb0&#8243; animated_box_style=\u00bbcoloured\u00bb animated_box_rounded=\u00bbyes\u00bb width=\u00bb1\/2&#8243; el_position=\u00bbfirst\u00bb]\n<p style=\"text-align: justify;\">El caucho es calentado y comprimido en un molde mediante una prensa, el material adopta la forma de la cavidad dando como resultado la pieza final. Este proceso es adecuado para bajos y medianos vol\u00famenes de producci\u00f3n donde no se requieran tolerancias muy estrictas, como por ejemplo piezas voluminosas, juntas t\u00f3ricas, retenes&#8230;<\/p>\n[\/spb_icon_box] [spb_icon_box title=\u00bbMoldeo por transferencia\u00bb box_type=\u00bbstandard-title\u00bb box_icon_type=\u00bbcharacter\u00bb character=\u00bb\u00b7\u00bb animate_svg=\u00bbno\u00bb target=\u00bb_self\u00bb animation=\u00bbnone\u00bb animation_delay=\u00bb0&#8243; animated_box_style=\u00bbcoloured\u00bb animated_box_rounded=\u00bbyes\u00bb width=\u00bb1\/2&#8243; el_position=\u00bblast\u00bb]\n<p style=\"text-align: justify;\">El caucho se calienta y es alojado en una cavidad llamada \u201cc\u00e1mara de transferencia\u201d, de modo que al cerrar el molde el compuesto se transfiere a una cavidad donde se forma la pieza. En el molde se realiza el proceso de vulcanizaci\u00f3n ya que est\u00e1 equipado con un sistema de calefacci\u00f3n. Este proceso es muy utilizado para encapsular o encerrar elementos tales como bobinas, clavijas, circuitos integrados, conectores, enchufes, etc.<\/p>\n[\/spb_icon_box] [spb_icon_box title=\u00bbMoldeo por inyecci\u00f3n\u00bb box_type=\u00bbstandard-title\u00bb box_icon_type=\u00bbcharacter\u00bb character=\u00bb\u00b7\u00bb animate_svg=\u00bbno\u00bb target=\u00bb_self\u00bb animation=\u00bbnone\u00bb animation_delay=\u00bb0&#8243; animated_box_style=\u00bbcoloured\u00bb animated_box_rounded=\u00bbyes\u00bb width=\u00bb1\/2&#8243; el_position=\u00bbfirst\u00bb]\n<p style=\"text-align: justify;\">Este proceso es la mejor opci\u00f3n para la producci\u00f3n de grandes vol\u00famenes de piezas peque\u00f1as que requieran tolerancias estrictas. En este proceso, el caucho es calentado e inyectado en las cavidades del molde donde adquiere la forma deseada creando la pieza final. Existe gran cantidad de productos fabricados por este proceso como juntas, conectores el\u00e9ctricos, soportes anti vibratorios y muchos m\u00e1s productos.<\/p>\n[\/spb_icon_box] [spb_icon_box title=\u00bbExtrusi\u00f3n\u00bb box_type=\u00bbstandard-title\u00bb box_icon_type=\u00bbcharacter\u00bb character=\u00bb\u00b7\u00bb animate_svg=\u00bbno\u00bb target=\u00bb_self\u00bb animation=\u00bbnone\u00bb animation_delay=\u00bb0&#8243; animated_box_style=\u00bbcoloured\u00bb animated_box_rounded=\u00bbyes\u00bb width=\u00bb1\/2&#8243; el_position=\u00bblast\u00bb]\n<p style=\"text-align: justify;\">El caucho es forzado bajo presi\u00f3n a trav\u00e9s de una matriz o troquel resultando un perfil continuo. Los perfiles pueden tener gran variedad de formas y se pueden fabricar con una gran variedad de caucho.<\/p>\n[\/spb_icon_box] [spb_blank_spacer height=\u00bb15px\u00bb width=\u00bb1\/1&#8243; el_position=\u00bbfirst last\u00bb] [spb_boxed_content type=\u00bbcoloured\u00bb box_link_target=\u00bb_self\u00bb padding_vertical=\u00bb0&#8243; padding_horizontal=\u00bb0&#8243; width=\u00bb1\/1&#8243; el_position=\u00bbfirst last\u00bb]\n<p style=\"text-align: justify;\">De acuerdo con el censo mundial de producci\u00f3n por fundici\u00f3n, el mayor productor de este tipo de piezas es China con millones de toneladas producidas en sus fundiciones y exportadas al resto del mundo.<\/p>\n<p>&nbsp;<\/p>\n[\/spb_boxed_content] [\/spb_row] [spb_row element_name=\u00bbRow\u00bb wrap_type=\u00bbfull-width-contained\u00bb row_bg_type=\u00bbimage\u00bb row_bg_color=\u00bb#242424&#8243; color_row_height=\u00bbcontent-height\u00bb bg_image=\u00bb1616&#8243; bg_type=\u00bbcover\u00bb parallax_image_height=\u00bbcontent-height\u00bb parallax_image_movement=\u00bbscroll\u00bb parallax_image_speed=\u00bbstandard\u00bb bg_video_loop=\u00bbyes\u00bb parallax_video_height=\u00bbwindow-height\u00bb row_top_style=\u00bbnone\u00bb row_bottom_style=\u00bbnone\u00bb parallax_video_overlay=\u00bbnone\u00bb row_overlay_opacity=\u00bb0&#8243; remove_element_spacing=\u00bbno\u00bb row_col_spacing=\u00bb0&#8243; row_col_pos=\u00bbdefault\u00bb row_col_equal_heights=\u00bbno\u00bb row_expanding=\u00bbno\u00bb row_animation=\u00bbnone\u00bb row_animation_delay=\u00bb0&#8243; minimize_row=\u00bbno\u00bb simplified_controls=\u00bbyes\u00bb custom_css_percentage=\u00bbno\u00bb padding_vertical=\u00bb0&#8243; padding_horizontal=\u00bb0&#8243; margin_vertical=\u00bb0&#8243; custom_css=\u00bbmargin-top: 0px;margin-bottom: 0px;\u00bb border_size=\u00bb0&#8243; border_styling_global=\u00bbdefault\u00bb el_class=\u00bbhideBackImage\u00bb width=\u00bb1\/1&#8243; el_position=\u00bbfirst last\u00bb] [spb_column col_animation=\u00bbnone\u00bb col_animation_delay=\u00bb0&#8243; col_bg_color=\u00bb#242424&#8243; col_bg_type=\u00bbcover\u00bb col_parallax_image_movement=\u00bbfixed\u00bb col_parallax_image_speed=\u00bb0.5&#8243; col_padding=\u00bb0&#8243; col_vertical_offset=\u00bb0&#8243; col_horizontal_offset=\u00bb0&#8243; col_custom_zindex=\u00bb0&#8243; col_xs=\u00bb12&#8243; col_sm=\u00bb12&#8243; col_md=\u00bb8&#8243; col_lg=\u00bb8&#8243; simplified_controls=\u00bbyes\u00bb custom_css_percentage=\u00bbno\u00bb padding_vertical=\u00bb20&#8243; padding_horizontal=\u00bb20&#8243; margin_vertical=\u00bb0&#8243; custom_css=\u00bbmargin-top: 0px;margin-bottom: 0px;padding-top: 20px;padding-left: 20px;padding-right: 20px;padding-bottom: 20px;\u00bb border_styling_global=\u00bbdefault\u00bb width=\u00bb1\/1&#8243; el_position=\u00bbfirst last\u00bb] [spb_text_block animation=\u00bbnone\u00bb animation_delay=\u00bb0&#8243; simplified_controls=\u00bbyes\u00bb custom_css_percentage=\u00bbno\u00bb padding_vertical=\u00bb0&#8243; padding_horizontal=\u00bb0&#8243; margin_vertical=\u00bb0&#8243; custom_css=\u00bbmargin-top: 0px;margin-bottom: 0px;\u00bb border_size=\u00bb0&#8243; border_styling_global=\u00bbdefault\u00bb width=\u00bb1\/1&#8243; el_position=\u00bbfirst last\u00bb]\n<h2><strong>Materiales<\/strong><\/h2>\n<hr \/>\n<p><span style=\"color: #ffffff;\">En base a su composici\u00f3n y propiedades, podemos ofrecer varios tipos como:<\/span><\/p>\n<ul>\n<li><span style=\"color: #ffffff;\">Nitrilo (NBR)<\/span><\/li>\n<li><span style=\"color: #ffffff;\">Buta<\/span><span style=\"color: #ffffff;\">dieno estireno (SBR)<\/span><\/li>\n<li><span style=\"color: #ffffff;\">De Poliacrilato (ACM)<\/span><\/li>\n<li><span style=\"color: #ffffff;\">Etileno-propileno-dieno (EPDM)<\/span><\/li>\n<li><span style=\"color: #ffffff;\">Policloropreno o neopreno (CR)<\/span><\/li>\n<li><span style=\"color: #ffffff;\">De Hidrocarburo Fluorado (FKM o Viton)<\/span><\/li>\n<li><span style=\"color: #ffffff;\">De silicona (MVQ)<\/span><\/li>\n<li><span style=\"color: #ffffff;\">Etc.<\/span><\/li>\n<\/ul>\n<p>&nbsp;<\/p>\n[\/spb_text_block] [\/spb_column] [\/spb_row]\n","protected":false},"excerpt":{"rendered":"<p>[spb_row element_name=\u00bbRow\u00bb wrap_type=\u00bbcontent-width\u00bb parallax_image_height=\u00bbcontent-height\u00bb parallax_image_movement=\u00bbfixed\u00bb parallax_image_speed=\u00bb0.5&#8243; bg_video_loop=\u00bbyes\u00bb parallax_video_height=\u00bbwindow-height\u00bb parallax_video_overlay=\u00bbnone\u00bb row_overlay_opacity=\u00bb0&#8243; row_col_pos=\u00bbdefault\u00bb width=\u00bb1\/1&#8243; el_position=\u00bbfirst last\u00bb] [spb_column col_animation=\u00bbnone\u00bb col_animation_delay=\u00bb0&#8243; col_bg_type=\u00bbcover\u00bb col_parallax_image_movement=\u00bbfixed\u00bb col_parallax_image_speed=\u00bb0.5&#8243; col_padding=\u00bb0&#8243; col_vertical_offset=\u00bb0&#8243; col_horizontal_offset=\u00bb0&#8243; col_custom_zindex=\u00bb0&#8243; col_sm=\u00bb12&#8243; simplified_controls=\u00bbyes\u00bb custom_css_percentage=\u00bbno\u00bb padding_vertical=\u00bb0&#8243; padding_horizontal=\u00bb0&#8243; margin_vertical=\u00bb0&#8243; custom_css=\u00bbmargin-top: 0px;margin-bottom: 0px;\u00bb border_styling_global=\u00bbdefault\u00bb width=\u00bb1\/1&#8243; el_position=\u00bbfirst last\u00bb] [spb_text_block animation=\u00bbnone\u00bb animation_delay=\u00bb0&#8243; simplified_controls=\u00bbyes\u00bb custom_css_percentage=\u00bbno\u00bb padding_vertical=\u00bb0&#8243; padding_horizontal=\u00bb0&#8243; margin_vertical=\u00bb0&#8243; custom_css=\u00bbmargin-top: 0px;margin-bottom: 0px;\u00bb border_size=\u00bb0&#8243; border_styling_global=\u00bbdefault\u00bb width=\u00bb3\/4&#8243; el_position=\u00bbfirst\u00bb] En Gesti\u00f3n de Compras disponemos de los elementos [&hellip;]<\/p>\n","protected":false},"author":1,"featured_media":1638,"parent":652,"menu_order":0,"comment_status":"closed","ping_status":"closed","template":"page-products-category.php","meta":{"footnotes":""},"yoast_head":"<!-- This site is optimized with the Yoast SEO plugin v22.4 - https:\/\/yoast.com\/wordpress\/plugins\/seo\/ -->\n<title>Piezas de caucho y caucho-metal. Productos - Gesti\u00f3n De Compras<\/title>\n<meta name=\"description\" content=\"Disponemos de los elementos necesarios para el dise\u00f1o y producci\u00f3n de piezas de caucho y caucho-metal por moldeo.\" \/>\n<meta name=\"robots\" content=\"index, follow, max-snippet:-1, max-image-preview:large, max-video-preview:-1\" \/>\n<link rel=\"canonical\" href=\"https:\/\/wp.gestiondecompras.com\/es\/productos\/piezas-de-caucho-y-caucho-metal\/\" \/>\n<meta property=\"og:locale\" content=\"es_ES\" \/>\n<meta property=\"og:type\" content=\"article\" \/>\n<meta property=\"og:title\" content=\"Piezas de caucho y caucho-metal. Productos - Gesti\u00f3n De Compras\" \/>\n<meta property=\"og:description\" content=\"Disponemos de los elementos necesarios para el dise\u00f1o y producci\u00f3n de piezas de caucho y caucho-metal por moldeo.\" \/>\n<meta property=\"og:url\" content=\"https:\/\/wp.gestiondecompras.com\/es\/productos\/piezas-de-caucho-y-caucho-metal\/\" \/>\n<meta property=\"og:site_name\" content=\"Gesti\u00f3n De Compras\" \/>\n<meta property=\"article:modified_time\" content=\"2022-03-08T10:57:46+00:00\" \/>\n<meta property=\"og:image\" content=\"https:\/\/wp.gestiondecompras.com\/wp-content\/uploads\/2021\/05\/Elastomer-5.jpg\" \/>\n\t<meta property=\"og:image:width\" content=\"700\" \/>\n\t<meta property=\"og:image:height\" content=\"400\" \/>\n\t<meta property=\"og:image:type\" content=\"image\/jpeg\" \/>\n<meta name=\"twitter:card\" content=\"summary_large_image\" \/>\n<meta name=\"twitter:label1\" content=\"Tiempo de lectura\" \/>\n\t<meta name=\"twitter:data1\" content=\"4 minutos\" \/>\n<script type=\"application\/ld+json\" class=\"yoast-schema-graph\">{\"@context\":\"https:\/\/schema.org\",\"@graph\":[{\"@type\":\"WebPage\",\"@id\":\"https:\/\/wp.gestiondecompras.com\/es\/productos\/piezas-de-caucho-y-caucho-metal\/\",\"url\":\"https:\/\/wp.gestiondecompras.com\/es\/productos\/piezas-de-caucho-y-caucho-metal\/\",\"name\":\"Piezas de caucho y caucho-metal. Productos - Gesti\u00f3n De Compras\",\"isPartOf\":{\"@id\":\"https:\/\/wp.gestiondecompras.com\/es\/#website\"},\"primaryImageOfPage\":{\"@id\":\"https:\/\/wp.gestiondecompras.com\/es\/productos\/piezas-de-caucho-y-caucho-metal\/#primaryimage\"},\"image\":{\"@id\":\"https:\/\/wp.gestiondecompras.com\/es\/productos\/piezas-de-caucho-y-caucho-metal\/#primaryimage\"},\"thumbnailUrl\":\"https:\/\/wp.gestiondecompras.com\/wp-content\/uploads\/2021\/05\/Elastomer-5.jpg\",\"datePublished\":\"2021-05-11T10:55:23+00:00\",\"dateModified\":\"2022-03-08T10:57:46+00:00\",\"description\":\"Disponemos de los elementos necesarios para el dise\u00f1o y producci\u00f3n de piezas de caucho y caucho-metal por moldeo.\",\"breadcrumb\":{\"@id\":\"https:\/\/wp.gestiondecompras.com\/es\/productos\/piezas-de-caucho-y-caucho-metal\/#breadcrumb\"},\"inLanguage\":\"es\",\"potentialAction\":[{\"@type\":\"ReadAction\",\"target\":[\"https:\/\/wp.gestiondecompras.com\/es\/productos\/piezas-de-caucho-y-caucho-metal\/\"]}]},{\"@type\":\"ImageObject\",\"inLanguage\":\"es\",\"@id\":\"https:\/\/wp.gestiondecompras.com\/es\/productos\/piezas-de-caucho-y-caucho-metal\/#primaryimage\",\"url\":\"https:\/\/wp.gestiondecompras.com\/wp-content\/uploads\/2021\/05\/Elastomer-5.jpg\",\"contentUrl\":\"https:\/\/wp.gestiondecompras.com\/wp-content\/uploads\/2021\/05\/Elastomer-5.jpg\",\"width\":700,\"height\":400,\"caption\":\"caucho\"},{\"@type\":\"BreadcrumbList\",\"@id\":\"https:\/\/wp.gestiondecompras.com\/es\/productos\/piezas-de-caucho-y-caucho-metal\/#breadcrumb\",\"itemListElement\":[{\"@type\":\"ListItem\",\"position\":1,\"name\":\"Inicio\",\"item\":\"https:\/\/wp.gestiondecompras.com\/es\/\"},{\"@type\":\"ListItem\",\"position\":2,\"name\":\"Productos\",\"item\":\"https:\/\/wp.gestiondecompras.com\/es\/productos\/\"},{\"@type\":\"ListItem\",\"position\":3,\"name\":\"Piezas de caucho y caucho-metal\"}]},{\"@type\":\"WebSite\",\"@id\":\"https:\/\/wp.gestiondecompras.com\/es\/#website\",\"url\":\"https:\/\/wp.gestiondecompras.com\/es\/\",\"name\":\"Gesti\u00f3n De Compras\",\"description\":\"Sourcing Internacional\",\"potentialAction\":[{\"@type\":\"SearchAction\",\"target\":{\"@type\":\"EntryPoint\",\"urlTemplate\":\"https:\/\/wp.gestiondecompras.com\/es\/?s={search_term_string}\"},\"query-input\":\"required name=search_term_string\"}],\"inLanguage\":\"es\"}]}<\/script>\n<!-- \/ Yoast SEO plugin. -->","yoast_head_json":{"title":"Piezas de caucho y caucho-metal. Productos - Gesti\u00f3n De Compras","description":"Disponemos de los elementos necesarios para el dise\u00f1o y producci\u00f3n de piezas de caucho y caucho-metal por moldeo.","robots":{"index":"index","follow":"follow","max-snippet":"max-snippet:-1","max-image-preview":"max-image-preview:large","max-video-preview":"max-video-preview:-1"},"canonical":"https:\/\/wp.gestiondecompras.com\/es\/productos\/piezas-de-caucho-y-caucho-metal\/","og_locale":"es_ES","og_type":"article","og_title":"Piezas de caucho y caucho-metal. Productos - Gesti\u00f3n De Compras","og_description":"Disponemos de los elementos necesarios para el dise\u00f1o y producci\u00f3n de piezas de caucho y caucho-metal por moldeo.","og_url":"https:\/\/wp.gestiondecompras.com\/es\/productos\/piezas-de-caucho-y-caucho-metal\/","og_site_name":"Gesti\u00f3n De Compras","article_modified_time":"2022-03-08T10:57:46+00:00","og_image":[{"width":700,"height":400,"url":"https:\/\/wp.gestiondecompras.com\/wp-content\/uploads\/2021\/05\/Elastomer-5.jpg","type":"image\/jpeg"}],"twitter_card":"summary_large_image","twitter_misc":{"Tiempo de lectura":"4 minutos"},"schema":{"@context":"https:\/\/schema.org","@graph":[{"@type":"WebPage","@id":"https:\/\/wp.gestiondecompras.com\/es\/productos\/piezas-de-caucho-y-caucho-metal\/","url":"https:\/\/wp.gestiondecompras.com\/es\/productos\/piezas-de-caucho-y-caucho-metal\/","name":"Piezas de caucho y caucho-metal. Productos - Gesti\u00f3n De Compras","isPartOf":{"@id":"https:\/\/wp.gestiondecompras.com\/es\/#website"},"primaryImageOfPage":{"@id":"https:\/\/wp.gestiondecompras.com\/es\/productos\/piezas-de-caucho-y-caucho-metal\/#primaryimage"},"image":{"@id":"https:\/\/wp.gestiondecompras.com\/es\/productos\/piezas-de-caucho-y-caucho-metal\/#primaryimage"},"thumbnailUrl":"https:\/\/wp.gestiondecompras.com\/wp-content\/uploads\/2021\/05\/Elastomer-5.jpg","datePublished":"2021-05-11T10:55:23+00:00","dateModified":"2022-03-08T10:57:46+00:00","description":"Disponemos de los elementos necesarios para el dise\u00f1o y producci\u00f3n de piezas de caucho y caucho-metal por moldeo.","breadcrumb":{"@id":"https:\/\/wp.gestiondecompras.com\/es\/productos\/piezas-de-caucho-y-caucho-metal\/#breadcrumb"},"inLanguage":"es","potentialAction":[{"@type":"ReadAction","target":["https:\/\/wp.gestiondecompras.com\/es\/productos\/piezas-de-caucho-y-caucho-metal\/"]}]},{"@type":"ImageObject","inLanguage":"es","@id":"https:\/\/wp.gestiondecompras.com\/es\/productos\/piezas-de-caucho-y-caucho-metal\/#primaryimage","url":"https:\/\/wp.gestiondecompras.com\/wp-content\/uploads\/2021\/05\/Elastomer-5.jpg","contentUrl":"https:\/\/wp.gestiondecompras.com\/wp-content\/uploads\/2021\/05\/Elastomer-5.jpg","width":700,"height":400,"caption":"caucho"},{"@type":"BreadcrumbList","@id":"https:\/\/wp.gestiondecompras.com\/es\/productos\/piezas-de-caucho-y-caucho-metal\/#breadcrumb","itemListElement":[{"@type":"ListItem","position":1,"name":"Inicio","item":"https:\/\/wp.gestiondecompras.com\/es\/"},{"@type":"ListItem","position":2,"name":"Productos","item":"https:\/\/wp.gestiondecompras.com\/es\/productos\/"},{"@type":"ListItem","position":3,"name":"Piezas de caucho y caucho-metal"}]},{"@type":"WebSite","@id":"https:\/\/wp.gestiondecompras.com\/es\/#website","url":"https:\/\/wp.gestiondecompras.com\/es\/","name":"Gesti\u00f3n De Compras","description":"Sourcing Internacional","potentialAction":[{"@type":"SearchAction","target":{"@type":"EntryPoint","urlTemplate":"https:\/\/wp.gestiondecompras.com\/es\/?s={search_term_string}"},"query-input":"required name=search_term_string"}],"inLanguage":"es"}]}},"_links":{"self":[{"href":"https:\/\/wp.gestiondecompras.com\/es\/wp-json\/wp\/v2\/pages\/1614"}],"collection":[{"href":"https:\/\/wp.gestiondecompras.com\/es\/wp-json\/wp\/v2\/pages"}],"about":[{"href":"https:\/\/wp.gestiondecompras.com\/es\/wp-json\/wp\/v2\/types\/page"}],"author":[{"embeddable":true,"href":"https:\/\/wp.gestiondecompras.com\/es\/wp-json\/wp\/v2\/users\/1"}],"replies":[{"embeddable":true,"href":"https:\/\/wp.gestiondecompras.com\/es\/wp-json\/wp\/v2\/comments?post=1614"}],"version-history":[{"count":13,"href":"https:\/\/wp.gestiondecompras.com\/es\/wp-json\/wp\/v2\/pages\/1614\/revisions"}],"predecessor-version":[{"id":12614,"href":"https:\/\/wp.gestiondecompras.com\/es\/wp-json\/wp\/v2\/pages\/1614\/revisions\/12614"}],"up":[{"embeddable":true,"href":"https:\/\/wp.gestiondecompras.com\/es\/wp-json\/wp\/v2\/pages\/652"}],"wp:featuredmedia":[{"embeddable":true,"href":"https:\/\/wp.gestiondecompras.com\/es\/wp-json\/wp\/v2\/media\/1638"}],"wp:attachment":[{"href":"https:\/\/wp.gestiondecompras.com\/es\/wp-json\/wp\/v2\/media?parent=1614"}],"curies":[{"name":"wp","href":"https:\/\/api.w.org\/{rel}","templated":true}]}}