{"id":14981,"date":"2024-02-23T11:57:18","date_gmt":"2024-02-23T11:57:18","guid":{"rendered":"https:\/\/wp.gestiondecompras.com\/?page_id=14981"},"modified":"2024-03-06T09:05:16","modified_gmt":"2024-03-06T09:05:16","slug":"sectores","status":"publish","type":"page","link":"https:\/\/wp.gestiondecompras.com\/es\/sectores\/","title":{"rendered":"Sectores"},"content":{"rendered":"[spb_row element_name=\u00bbRow\u00bb wrap_type=\u00bbcontent-width\u00bb parallax_image_height=\u00bbcontent-height\u00bb parallax_image_movement=\u00bbfixed\u00bb parallax_image_speed=\u00bb0.5&#8243; bg_video_loop=\u00bbyes\u00bb parallax_video_height=\u00bbwindow-height\u00bb parallax_video_overlay=\u00bbnone\u00bb row_overlay_opacity=\u00bb0&#8243; row_col_pos=\u00bbdefault\u00bb width=\u00bb1\/1&#8243; el_position=\u00bbfirst last\u00bb] [spb_column col_sm=\u00bb12&#8243; padding_horizontal=\u00bb0&#8243; width=\u00bb1\/1&#8243; el_position=\u00bbfirst last\u00bb] [spb_text_block animation=\u00bbnone\u00bb animation_delay=\u00bb0&#8243; simplified_controls=\u00bbyes\u00bb custom_css_percentage=\u00bbno\u00bb padding_vertical=\u00bb0&#8243; padding_horizontal=\u00bb0&#8243; margin_vertical=\u00bb0&#8243; custom_css=\u00bbmargin-top: 0px;margin-bottom: 0px;\u00bb border_size=\u00bb0&#8243; border_styling_global=\u00bbdefault\u00bb width=\u00bb1\/1&#8243; el_position=\u00bbfirst last\u00bb]\n<p>Gesti\u00f3n de Compras cuenta con una amplia experiencia en un gran n\u00famero de sectores, entre los que destaca automoci\u00f3n, construcci\u00f3n, industrial, agricultura, m\u00e9dico sanitario, etc.<\/p>\n[\/spb_text_block] [\/spb_column] [spb_blank_spacer height=\u00bb30px\u00bb width=\u00bb1\/1&#8243; el_position=\u00bbfirst last\u00bb] [\/spb_row]\n","protected":false},"excerpt":{"rendered":"<p>[spb_row element_name=\u00bbRow\u00bb wrap_type=\u00bbcontent-width\u00bb parallax_image_height=\u00bbcontent-height\u00bb parallax_image_movement=\u00bbfixed\u00bb parallax_image_speed=\u00bb0.5&#8243; bg_video_loop=\u00bbyes\u00bb parallax_video_height=\u00bbwindow-height\u00bb parallax_video_overlay=\u00bbnone\u00bb row_overlay_opacity=\u00bb0&#8243; row_col_pos=\u00bbdefault\u00bb width=\u00bb1\/1&#8243; el_position=\u00bbfirst last\u00bb] [spb_column col_sm=\u00bb12&#8243; padding_horizontal=\u00bb0&#8243; width=\u00bb1\/1&#8243; el_position=\u00bbfirst last\u00bb] [spb_text_block animation=\u00bbnone\u00bb animation_delay=\u00bb0&#8243; simplified_controls=\u00bbyes\u00bb custom_css_percentage=\u00bbno\u00bb padding_vertical=\u00bb0&#8243; padding_horizontal=\u00bb0&#8243; margin_vertical=\u00bb0&#8243; custom_css=\u00bbmargin-top: 0px;margin-bottom: 0px;\u00bb border_size=\u00bb0&#8243; border_styling_global=\u00bbdefault\u00bb width=\u00bb1\/1&#8243; el_position=\u00bbfirst last\u00bb] Gesti\u00f3n de Compras cuenta con una amplia experiencia en un gran n\u00famero de sectores, entre los que destaca automoci\u00f3n, construcci\u00f3n, industrial, agricultura, m\u00e9dico sanitario, [&hellip;]<\/p>\n","protected":false},"author":5,"featured_media":14995,"parent":0,"menu_order":0,"comment_status":"closed","ping_status":"closed","template":"page-sectors.php","meta":{"footnotes":""},"yoast_head":"<!-- This site is optimized with the Yoast SEO plugin v22.4 - https:\/\/yoast.com\/wordpress\/plugins\/seo\/ -->\n<title>Sectores Industriales - Gesti\u00f3n De Compras<\/title>\n<meta name=\"description\" content=\"Ofrecemos a nuestros clientes una gran calidad en cuanto al dise\u00f1o, desarrollo y fabricaci\u00f3n en un amplio rango de sectores industriales.\" \/>\n<meta name=\"robots\" content=\"index, follow, max-snippet:-1, max-image-preview:large, max-video-preview:-1\" \/>\n<link rel=\"canonical\" href=\"https:\/\/wp.gestiondecompras.com\/es\/sectores\/\" \/>\n<meta property=\"og:locale\" content=\"es_ES\" \/>\n<meta property=\"og:type\" content=\"article\" \/>\n<meta property=\"og:title\" content=\"Sectores Industriales - Gesti\u00f3n De Compras\" \/>\n<meta property=\"og:description\" content=\"Ofrecemos a nuestros clientes una gran calidad en cuanto al dise\u00f1o, desarrollo y fabricaci\u00f3n en un amplio rango de sectores industriales.\" \/>\n<meta property=\"og:url\" content=\"https:\/\/wp.gestiondecompras.com\/es\/sectores\/\" \/>\n<meta property=\"og:site_name\" content=\"Gesti\u00f3n De Compras\" \/>\n<meta property=\"article:modified_time\" content=\"2024-03-06T09:05:16+00:00\" \/>\n<meta property=\"og:image\" content=\"https:\/\/wp.gestiondecompras.com\/wp-content\/uploads\/2024\/02\/manufacturing-facility-producing-solar-cells-for-r-2024-02-14-16-51-45-utc-scaled.jpg\" \/>\n\t<meta property=\"og:image:width\" content=\"2560\" \/>\n\t<meta property=\"og:image:height\" content=\"1440\" \/>\n\t<meta property=\"og:image:type\" content=\"image\/jpeg\" \/>\n<meta name=\"twitter:card\" content=\"summary_large_image\" \/>\n<meta name=\"twitter:label1\" content=\"Tiempo de lectura\" \/>\n\t<meta name=\"twitter:data1\" content=\"1 minuto\" \/>\n<script type=\"application\/ld+json\" class=\"yoast-schema-graph\">{\"@context\":\"https:\/\/schema.org\",\"@graph\":[{\"@type\":\"WebPage\",\"@id\":\"https:\/\/wp.gestiondecompras.com\/es\/sectores\/\",\"url\":\"https:\/\/wp.gestiondecompras.com\/es\/sectores\/\",\"name\":\"Sectores Industriales - Gesti\u00f3n De Compras\",\"isPartOf\":{\"@id\":\"https:\/\/wp.gestiondecompras.com\/es\/#website\"},\"primaryImageOfPage\":{\"@id\":\"https:\/\/wp.gestiondecompras.com\/es\/sectores\/#primaryimage\"},\"image\":{\"@id\":\"https:\/\/wp.gestiondecompras.com\/es\/sectores\/#primaryimage\"},\"thumbnailUrl\":\"https:\/\/wp.gestiondecompras.com\/wp-content\/uploads\/2024\/02\/manufacturing-facility-producing-solar-cells-for-r-2024-02-14-16-51-45-utc-scaled.jpg\",\"datePublished\":\"2024-02-23T11:57:18+00:00\",\"dateModified\":\"2024-03-06T09:05:16+00:00\",\"description\":\"Ofrecemos a nuestros clientes una gran calidad en cuanto al dise\u00f1o, desarrollo y fabricaci\u00f3n en un amplio rango de sectores industriales.\",\"breadcrumb\":{\"@id\":\"https:\/\/wp.gestiondecompras.com\/es\/sectores\/#breadcrumb\"},\"inLanguage\":\"es\",\"potentialAction\":[{\"@type\":\"ReadAction\",\"target\":[\"https:\/\/wp.gestiondecompras.com\/es\/sectores\/\"]}]},{\"@type\":\"ImageObject\",\"inLanguage\":\"es\",\"@id\":\"https:\/\/wp.gestiondecompras.com\/es\/sectores\/#primaryimage\",\"url\":\"https:\/\/wp.gestiondecompras.com\/wp-content\/uploads\/2024\/02\/manufacturing-facility-producing-solar-cells-for-r-2024-02-14-16-51-45-utc-scaled.jpg\",\"contentUrl\":\"https:\/\/wp.gestiondecompras.com\/wp-content\/uploads\/2024\/02\/manufacturing-facility-producing-solar-cells-for-r-2024-02-14-16-51-45-utc-scaled.jpg\",\"width\":2560,\"height\":1440,\"caption\":\"Business producing solar panels in factory with robotic arms placing photovoltaic modules on conveyor belts, 3D render. Manufacturing facility producing solar cells for renewable energy industry\"},{\"@type\":\"BreadcrumbList\",\"@id\":\"https:\/\/wp.gestiondecompras.com\/es\/sectores\/#breadcrumb\",\"itemListElement\":[{\"@type\":\"ListItem\",\"position\":1,\"name\":\"Inicio\",\"item\":\"https:\/\/wp.gestiondecompras.com\/es\/\"},{\"@type\":\"ListItem\",\"position\":2,\"name\":\"Sectores\"}]},{\"@type\":\"WebSite\",\"@id\":\"https:\/\/wp.gestiondecompras.com\/es\/#website\",\"url\":\"https:\/\/wp.gestiondecompras.com\/es\/\",\"name\":\"Gesti\u00f3n De Compras\",\"description\":\"Sourcing Internacional\",\"potentialAction\":[{\"@type\":\"SearchAction\",\"target\":{\"@type\":\"EntryPoint\",\"urlTemplate\":\"https:\/\/wp.gestiondecompras.com\/es\/?s={search_term_string}\"},\"query-input\":\"required name=search_term_string\"}],\"inLanguage\":\"es\"}]}<\/script>\n<!-- \/ Yoast SEO plugin. -->","yoast_head_json":{"title":"Sectores Industriales - Gesti\u00f3n De Compras","description":"Ofrecemos a nuestros clientes una gran calidad en cuanto al dise\u00f1o, desarrollo y fabricaci\u00f3n en un amplio rango de sectores industriales.","robots":{"index":"index","follow":"follow","max-snippet":"max-snippet:-1","max-image-preview":"max-image-preview:large","max-video-preview":"max-video-preview:-1"},"canonical":"https:\/\/wp.gestiondecompras.com\/es\/sectores\/","og_locale":"es_ES","og_type":"article","og_title":"Sectores Industriales - Gesti\u00f3n De Compras","og_description":"Ofrecemos a nuestros clientes una gran calidad en cuanto al dise\u00f1o, desarrollo y fabricaci\u00f3n en un amplio rango de sectores industriales.","og_url":"https:\/\/wp.gestiondecompras.com\/es\/sectores\/","og_site_name":"Gesti\u00f3n De Compras","article_modified_time":"2024-03-06T09:05:16+00:00","og_image":[{"width":2560,"height":1440,"url":"https:\/\/wp.gestiondecompras.com\/wp-content\/uploads\/2024\/02\/manufacturing-facility-producing-solar-cells-for-r-2024-02-14-16-51-45-utc-scaled.jpg","type":"image\/jpeg"}],"twitter_card":"summary_large_image","twitter_misc":{"Tiempo de lectura":"1 minuto"},"schema":{"@context":"https:\/\/schema.org","@graph":[{"@type":"WebPage","@id":"https:\/\/wp.gestiondecompras.com\/es\/sectores\/","url":"https:\/\/wp.gestiondecompras.com\/es\/sectores\/","name":"Sectores Industriales - Gesti\u00f3n De Compras","isPartOf":{"@id":"https:\/\/wp.gestiondecompras.com\/es\/#website"},"primaryImageOfPage":{"@id":"https:\/\/wp.gestiondecompras.com\/es\/sectores\/#primaryimage"},"image":{"@id":"https:\/\/wp.gestiondecompras.com\/es\/sectores\/#primaryimage"},"thumbnailUrl":"https:\/\/wp.gestiondecompras.com\/wp-content\/uploads\/2024\/02\/manufacturing-facility-producing-solar-cells-for-r-2024-02-14-16-51-45-utc-scaled.jpg","datePublished":"2024-02-23T11:57:18+00:00","dateModified":"2024-03-06T09:05:16+00:00","description":"Ofrecemos a nuestros clientes una gran calidad en cuanto al dise\u00f1o, desarrollo y fabricaci\u00f3n en un amplio rango de sectores industriales.","breadcrumb":{"@id":"https:\/\/wp.gestiondecompras.com\/es\/sectores\/#breadcrumb"},"inLanguage":"es","potentialAction":[{"@type":"ReadAction","target":["https:\/\/wp.gestiondecompras.com\/es\/sectores\/"]}]},{"@type":"ImageObject","inLanguage":"es","@id":"https:\/\/wp.gestiondecompras.com\/es\/sectores\/#primaryimage","url":"https:\/\/wp.gestiondecompras.com\/wp-content\/uploads\/2024\/02\/manufacturing-facility-producing-solar-cells-for-r-2024-02-14-16-51-45-utc-scaled.jpg","contentUrl":"https:\/\/wp.gestiondecompras.com\/wp-content\/uploads\/2024\/02\/manufacturing-facility-producing-solar-cells-for-r-2024-02-14-16-51-45-utc-scaled.jpg","width":2560,"height":1440,"caption":"Business producing solar panels in factory with robotic arms placing photovoltaic modules on conveyor belts, 3D render. Manufacturing facility producing solar cells for renewable energy industry"},{"@type":"BreadcrumbList","@id":"https:\/\/wp.gestiondecompras.com\/es\/sectores\/#breadcrumb","itemListElement":[{"@type":"ListItem","position":1,"name":"Inicio","item":"https:\/\/wp.gestiondecompras.com\/es\/"},{"@type":"ListItem","position":2,"name":"Sectores"}]},{"@type":"WebSite","@id":"https:\/\/wp.gestiondecompras.com\/es\/#website","url":"https:\/\/wp.gestiondecompras.com\/es\/","name":"Gesti\u00f3n De Compras","description":"Sourcing Internacional","potentialAction":[{"@type":"SearchAction","target":{"@type":"EntryPoint","urlTemplate":"https:\/\/wp.gestiondecompras.com\/es\/?s={search_term_string}"},"query-input":"required name=search_term_string"}],"inLanguage":"es"}]}},"_links":{"self":[{"href":"https:\/\/wp.gestiondecompras.com\/es\/wp-json\/wp\/v2\/pages\/14981"}],"collection":[{"href":"https:\/\/wp.gestiondecompras.com\/es\/wp-json\/wp\/v2\/pages"}],"about":[{"href":"https:\/\/wp.gestiondecompras.com\/es\/wp-json\/wp\/v2\/types\/page"}],"author":[{"embeddable":true,"href":"https:\/\/wp.gestiondecompras.com\/es\/wp-json\/wp\/v2\/users\/5"}],"replies":[{"embeddable":true,"href":"https:\/\/wp.gestiondecompras.com\/es\/wp-json\/wp\/v2\/comments?post=14981"}],"version-history":[{"count":6,"href":"https:\/\/wp.gestiondecompras.com\/es\/wp-json\/wp\/v2\/pages\/14981\/revisions"}],"predecessor-version":[{"id":15366,"href":"https:\/\/wp.gestiondecompras.com\/es\/wp-json\/wp\/v2\/pages\/14981\/revisions\/15366"}],"wp:featuredmedia":[{"embeddable":true,"href":"https:\/\/wp.gestiondecompras.com\/es\/wp-json\/wp\/v2\/media\/14995"}],"wp:attachment":[{"href":"https:\/\/wp.gestiondecompras.com\/es\/wp-json\/wp\/v2\/media?parent=14981"}],"curies":[{"name":"wp","href":"https:\/\/api.w.org\/{rel}","templated":true}]}}