{"id":13771,"date":"2023-03-16T15:26:04","date_gmt":"2023-03-16T15:26:04","guid":{"rendered":"https:\/\/wp.gestiondecompras.com\/?page_id=13771"},"modified":"2023-03-17T10:29:53","modified_gmt":"2023-03-17T10:29:53","slug":"estanterias-de-metal-a-plastico-actualizacion-y-mejora","status":"publish","type":"page","link":"https:\/\/wp.gestiondecompras.com\/es\/casos-de-exito\/estanterias-de-metal-a-plastico-actualizacion-y-mejora\/","title":{"rendered":"Estanter\u00edas de metal a pl\u00e1stico: actualizaci\u00f3n y mejora"},"content":{"rendered":"[spb_row element_name=\u00bbRow\u00bb wrap_type=\u00bbcontent-width\u00bb parallax_image_height=\u00bbcontent-height\u00bb parallax_image_movement=\u00bbfixed\u00bb parallax_image_speed=\u00bb0.5&#8243; bg_video_loop=\u00bbyes\u00bb parallax_video_height=\u00bbwindow-height\u00bb parallax_video_overlay=\u00bbnone\u00bb row_overlay_opacity=\u00bb0&#8243; row_col_pos=\u00bbdefault\u00bb width=\u00bb1\/1&#8243; el_position=\u00bbfirst last\u00bb] [spb_column col_sm=\u00bb12&#8243; padding_horizontal=\u00bb0&#8243; width=\u00bb1\/1&#8243; el_position=\u00bbfirst last\u00bb] [spb_boxed_content type=\u00bbcoloured\u00bb box_link_target=\u00bb_self\u00bb padding_vertical=\u00bb0&#8243; padding_horizontal=\u00bb0&#8243; width=\u00bb1\/1&#8243; el_position=\u00bbfirst last\u00bb]\n<h2 style=\"text-align: center;\"><strong>Descripci\u00f3n<\/strong><\/h2>\n<div class=\"horizontal-break bold\" style=\"background-color: #666d78; width: 100px\"> <\/div>\n[\/spb_boxed_content] [\/spb_column] [spb_blank_spacer height=\u00bb30px\u00bb width=\u00bb1\/1&#8243; el_position=\u00bbfirst last\u00bb] [spb_column col_sm=\u00bb4&#8243; padding_horizontal=\u00bb0&#8243; width=\u00bb1\/3&#8243; el_position=\u00bbfirst\u00bb] [spb_boxed_content type=\u00bbcoloured\u00bb box_link_target=\u00bb_self\u00bb padding_vertical=\u00bb0&#8243; padding_horizontal=\u00bb0&#8243; width=\u00bb1\/1&#8243; el_position=\u00bbfirst last\u00bb]\n<p><img loading=\"lazy\" decoding=\"async\" class=\"aligncenter wp-image-13797 size-large\" src=\"https:\/\/wp.gestiondecompras.com\/wp-content\/uploads\/2023\/03\/estanteria-cambio-diseno-1024x444.png\" alt=\"dise\u00f1o original\" width=\"1024\" height=\"444\" srcset=\"https:\/\/wp.gestiondecompras.com\/wp-content\/uploads\/2023\/03\/estanteria-cambio-diseno-1024x444.png 1024w, https:\/\/wp.gestiondecompras.com\/wp-content\/uploads\/2023\/03\/estanteria-cambio-diseno-300x130.png 300w, https:\/\/wp.gestiondecompras.com\/wp-content\/uploads\/2023\/03\/estanteria-cambio-diseno-768x333.png 768w, https:\/\/wp.gestiondecompras.com\/wp-content\/uploads\/2023\/03\/estanteria-cambio-diseno.png 1323w\" sizes=\"(max-width: 1024px) 100vw, 1024px\" \/><\/p>\n[\/spb_boxed_content] [\/spb_column] [spb_column col_sm=\u00bb8&#8243; padding_horizontal=\u00bb0&#8243; width=\u00bb2\/3&#8243; el_position=\u00bblast\u00bb] [spb_boxed_content type=\u00bbcoloured\u00bb box_link_target=\u00bb_self\u00bb padding_vertical=\u00bb0&#8243; padding_horizontal=\u00bb0&#8243; width=\u00bb1\/1&#8243; el_position=\u00bbfirst last\u00bb]\n<p style=\"text-align: justify;\">Gesti\u00f3n de Compras recibe una solicitud por parte de un cliente que dispone de varios dise\u00f1os de estante en material chapa.<\/p>\n<p style=\"text-align: justify;\">Como en muchos otros casos, este cliente necesita actualizar y mejorar los dise\u00f1os ya existentes en metal de dichas piezas para pasar las mismas a material pl\u00e1stico, validar prototipos y desarrollar <strong>moldes de inyecci\u00f3n de pl\u00e1stico<\/strong> para producci\u00f3n en serie. Para el cliente, es clave que las piezas sean capaces de soportar pesos elevados.<\/p>\n[\/spb_boxed_content] [\/spb_column] [spb_blank_spacer height=\u00bb30px\u00bb width=\u00bb1\/1&#8243; el_position=\u00bbfirst last\u00bb] [spb_column col_sm=\u00bb4&#8243; padding_horizontal=\u00bb0&#8243; width=\u00bb1\/3&#8243; el_position=\u00bbfirst\u00bb] [spb_icon_box title=\u00bbOferta\u00bb box_type=\u00bbstandard\u00bb box_icon_type=\u00bbicon\u00bb icon=\u00bbfas fa-comment-dots\u00bb animate_svg=\u00bbno\u00bb target=\u00bb_self\u00bb animation=\u00bbnone\u00bb animation_delay=\u00bb0&#8243; animated_box_style=\u00bbcoloured\u00bb animated_box_rounded=\u00bbyes\u00bb width=\u00bb1\/1&#8243; el_position=\u00bbfirst last\u00bb]\n<p style=\"text-align: justify; font-size: 14px;\">Nuestra oferta incluye la actualizaci\u00f3n y mejora de dise\u00f1os. La asignaci\u00f3n de materiales, los prototipos en impresi\u00f3n 3D, dise\u00f1o, desarrollo y fabricaci\u00f3n de moldes de inyecci\u00f3n de pl\u00e1stico e inyecci\u00f3n de la producci\u00f3n en serie.<\/p>\n[\/spb_icon_box] [\/spb_column] [spb_column col_sm=\u00bb4&#8243; padding_horizontal=\u00bb0&#8243; width=\u00bb1\/3&#8243;] [spb_icon_box title=\u00bbEspecificaciones del producto final\u00bb box_type=\u00bbstandard\u00bb box_icon_type=\u00bbicon\u00bb icon=\u00bbfas fa-clipboard-list\u00bb animate_svg=\u00bbno\u00bb target=\u00bb_self\u00bb animation=\u00bbnone\u00bb animation_delay=\u00bb0&#8243; animated_box_style=\u00bbcoloured\u00bb animated_box_rounded=\u00bbyes\u00bb width=\u00bb1\/1&#8243; el_position=\u00bbfirst last\u00bb]\n<p style=\"text-align: justify; font-size: 14px;\">PP+GF como materia prima para el producto final, aumentando el soporte de carga de las piezas. Redise\u00f1o del producto. Espesor de producto de entre 2.5-3.0mm. Posicionamiento de nervios en per\u00edmetro para mejorar la robustez del producto.<\/p>\n[\/spb_icon_box] [\/spb_column] [spb_column col_sm=\u00bb4&#8243; padding_horizontal=\u00bb0&#8243; width=\u00bb1\/3&#8243; el_position=\u00bblast\u00bb] [spb_icon_box title=\u00bbEspecificaciones de los moldes\u00bb box_type=\u00bbstandard\u00bb box_icon_type=\u00bbicon\u00bb icon=\u00bbfas fa-cogs\u00bb animate_svg=\u00bbno\u00bb target=\u00bb_self\u00bb animation=\u00bbnone\u00bb animation_delay=\u00bb0&#8243; animated_box_style=\u00bbcoloured\u00bb animated_box_rounded=\u00bbyes\u00bb width=\u00bb1\/1&#8243; el_position=\u00bbfirst last\u00bb]\n<p style=\"text-align: justify; font-size: 14px;\">1.1730 Cavidad :1.2312 HRC28~34. Molde de canal caliente, con un ciclo de vida para 100.000 inyectadas por el volumen anual de piezas solicitado.<\/p>\n[\/spb_icon_box] [\/spb_column] [spb_blank_spacer height=\u00bb20px\u00bb width=\u00bb1\/1&#8243; el_position=\u00bbfirst last\u00bb] [\/spb_row] [spb_row element_name=\u00bbRow\u00bb wrap_type=\u00bbfull-width-contained\u00bb row_bg_type=\u00bbimage\u00bb row_bg_color=\u00bb#242424&#8243; color_row_height=\u00bbcontent-height\u00bb bg_image=\u00bb13832&#8243; bg_type=\u00bbcover\u00bb parallax_image_height=\u00bbcontent-height\u00bb parallax_image_movement=\u00bbscroll\u00bb parallax_image_speed=\u00bbstandard\u00bb bg_video_loop=\u00bbyes\u00bb parallax_video_height=\u00bbwindow-height\u00bb row_top_style=\u00bbnone\u00bb row_bottom_style=\u00bbnone\u00bb parallax_video_overlay=\u00bbnone\u00bb row_overlay_opacity=\u00bb0&#8243; remove_element_spacing=\u00bbno\u00bb row_col_spacing=\u00bb0&#8243; row_col_pos=\u00bbdefault\u00bb row_col_equal_heights=\u00bbno\u00bb row_expanding=\u00bbno\u00bb row_animation=\u00bbnone\u00bb row_animation_delay=\u00bb0&#8243; minimize_row=\u00bbno\u00bb simplified_controls=\u00bbyes\u00bb custom_css_percentage=\u00bbno\u00bb padding_vertical=\u00bb0&#8243; padding_horizontal=\u00bb0&#8243; margin_vertical=\u00bb0&#8243; custom_css=\u00bbmargin-top: 0px;margin-bottom: 0px;\u00bb border_size=\u00bb0&#8243; border_styling_global=\u00bbdefault\u00bb el_class=\u00bbhideBackImage\u00bb width=\u00bb1\/1&#8243; el_position=\u00bbfirst last\u00bb] [spb_column col_animation=\u00bbnone\u00bb col_animation_delay=\u00bb0&#8243; col_bg_color=\u00bb#242424&#8243; col_bg_type=\u00bbcover\u00bb col_parallax_image_movement=\u00bbfixed\u00bb col_parallax_image_speed=\u00bb0.5&#8243; col_padding=\u00bb0&#8243; col_vertical_offset=\u00bb0&#8243; col_horizontal_offset=\u00bb0&#8243; col_custom_zindex=\u00bb0&#8243; col_xs=\u00bb12&#8243; col_sm=\u00bb12&#8243; col_md=\u00bb8&#8243; col_lg=\u00bb8&#8243; simplified_controls=\u00bbyes\u00bb custom_css_percentage=\u00bbno\u00bb padding_vertical=\u00bb20&#8243; padding_horizontal=\u00bb20&#8243; margin_vertical=\u00bb0&#8243; custom_css=\u00bbmargin-top: 0px;margin-bottom: 0px;padding-top: 20px;padding-left: 20px;padding-right: 20px;padding-bottom: 20px;\u00bb border_styling_global=\u00bbdefault\u00bb width=\u00bb1\/1&#8243; el_position=\u00bbfirst last\u00bb] [spb_boxed_content type=\u00bbcoloured\u00bb box_link_target=\u00bb_self\u00bb padding_vertical=\u00bb0&#8243; padding_horizontal=\u00bb0&#8243; width=\u00bb1\/1&#8243; el_position=\u00bbfirst last\u00bb]\n<h2><strong>Resumen del proyecto<br \/>\n<\/strong><\/h2>\n<hr \/>\n<p><span style=\"color: #ffffff;\"><strong>PRIMERA FASE<\/strong> &#8211; Estudio del proyecto y atenci\u00f3n a los requerimientos del cliente. Oferta.<\/span><\/p>\n<p><span style=\"color: #ffffff;\"><strong>SEGUNDA FASE<\/strong> &#8211; Confirmaci\u00f3n de pedido. Desarrollo de nuevos dise\u00f1os y simulaci\u00f3n con nuevo material para asegurar las necesidades.<\/span><\/p>\n<p><span style=\"color: #ffffff;\"><strong>TERCERA FASE<\/strong> &#8211; Impresi\u00f3n en 3D de prototipos y realizaci\u00f3n de los ensayos pertinentes.<\/span><\/p>\n<p><span style=\"color: #ffffff;\"><strong>CUARTA FASE<\/strong> &#8211; Dise\u00f1o, desarrollo y fabricaci\u00f3n de moldes de inyecci\u00f3n de pl\u00e1stico.<\/span><\/p>\n<p><span style=\"color: #ffffff;\"><strong>QUINTA FASE<\/strong> \u2013 Homologaci\u00f3n de muestras y producci\u00f3n en serie seg\u00fan necesidades del cliente.<\/span><\/p>\n<p>&nbsp;<\/p>\n[\/spb_boxed_content] [\/spb_column] [\/spb_row] [spb_row element_name=\u00bbRow\u00bb wrap_type=\u00bbcontent-width\u00bb parallax_image_height=\u00bbcontent-height\u00bb parallax_image_movement=\u00bbfixed\u00bb parallax_image_speed=\u00bb0.5&#8243; bg_video_loop=\u00bbyes\u00bb parallax_video_height=\u00bbwindow-height\u00bb parallax_video_overlay=\u00bbnone\u00bb row_overlay_opacity=\u00bb0&#8243; row_col_pos=\u00bbdefault\u00bb width=\u00bb1\/1&#8243; el_position=\u00bbfirst last\u00bb] [spb_column col_sm=\u00bb12&#8243; padding_horizontal=\u00bb0&#8243; width=\u00bb1\/1&#8243; el_position=\u00bbfirst last\u00bb] [spb_blank_spacer height=\u00bb50px\u00bb width=\u00bb1\/1&#8243; el_position=\u00bbfirst last\u00bb] [\/spb_column] [spb_column col_sm=\u00bb4&#8243; padding_horizontal=\u00bb0&#8243; width=\u00bb1\/3&#8243; el_position=\u00bbfirst\u00bb] [spb_boxed_content type=\u00bbcoloured\u00bb box_link_target=\u00bb_self\u00bb padding_vertical=\u00bb0&#8243; padding_horizontal=\u00bb0&#8243; width=\u00bb1\/1&#8243; el_position=\u00bbfirst last\u00bb]\n<p><img loading=\"lazy\" decoding=\"async\" class=\"aligncenter wp-image-13792 size-full\" src=\"https:\/\/wp.gestiondecompras.com\/wp-content\/uploads\/2023\/03\/moldflow2-e1678980024930.png\" alt=\"moldflow\" width=\"279\" height=\"189\" srcset=\"https:\/\/wp.gestiondecompras.com\/wp-content\/uploads\/2023\/03\/moldflow2-e1678980024930.png 279w, https:\/\/wp.gestiondecompras.com\/wp-content\/uploads\/2023\/03\/moldflow2-e1678980024930-220x150.png 220w\" sizes=\"(max-width: 279px) 100vw, 279px\" \/><\/p>\n[\/spb_boxed_content] [\/spb_column] [spb_column col_sm=\u00bb4&#8243; padding_horizontal=\u00bb0&#8243; width=\u00bb1\/3&#8243;] [spb_boxed_content type=\u00bbcoloured\u00bb box_link_target=\u00bb_self\u00bb padding_vertical=\u00bb0&#8243; padding_horizontal=\u00bb0&#8243; width=\u00bb1\/1&#8243; el_position=\u00bbfirst last\u00bb]\n<p><img loading=\"lazy\" decoding=\"async\" class=\"aligncenter size-medium wp-image-13806\" src=\"https:\/\/wp.gestiondecompras.com\/wp-content\/uploads\/2023\/03\/molde2-300x198.png\" alt=\"molde 02\" width=\"300\" height=\"198\" srcset=\"https:\/\/wp.gestiondecompras.com\/wp-content\/uploads\/2023\/03\/molde2-300x198.png 300w, https:\/\/wp.gestiondecompras.com\/wp-content\/uploads\/2023\/03\/molde2.png 526w\" sizes=\"(max-width: 300px) 100vw, 300px\" \/><\/p>\n[\/spb_boxed_content] [\/spb_column] [spb_column col_sm=\u00bb4&#8243; padding_horizontal=\u00bb0&#8243; width=\u00bb1\/3&#8243; el_position=\u00bblast\u00bb] [spb_boxed_content type=\u00bbcoloured\u00bb box_link_target=\u00bb_self\u00bb padding_vertical=\u00bb0&#8243; padding_horizontal=\u00bb0&#8243; width=\u00bb1\/1&#8243; el_position=\u00bbfirst last\u00bb]\n<p><img loading=\"lazy\" decoding=\"async\" class=\"aligncenter wp-image-13787 size-medium\" src=\"https:\/\/wp.gestiondecompras.com\/wp-content\/uploads\/2023\/03\/molde1-300x205.png\" alt=\"molde\" width=\"300\" height=\"205\" srcset=\"https:\/\/wp.gestiondecompras.com\/wp-content\/uploads\/2023\/03\/molde1-300x205.png 300w, https:\/\/wp.gestiondecompras.com\/wp-content\/uploads\/2023\/03\/molde1-220x150.png 220w, https:\/\/wp.gestiondecompras.com\/wp-content\/uploads\/2023\/03\/molde1.png 526w\" sizes=\"(max-width: 300px) 100vw, 300px\" \/><\/p>\n[\/spb_boxed_content] [\/spb_column] [\/spb_row]\n","protected":false},"excerpt":{"rendered":"<p>[spb_row element_name=\u00bbRow\u00bb wrap_type=\u00bbcontent-width\u00bb parallax_image_height=\u00bbcontent-height\u00bb parallax_image_movement=\u00bbfixed\u00bb parallax_image_speed=\u00bb0.5&#8243; bg_video_loop=\u00bbyes\u00bb parallax_video_height=\u00bbwindow-height\u00bb parallax_video_overlay=\u00bbnone\u00bb row_overlay_opacity=\u00bb0&#8243; row_col_pos=\u00bbdefault\u00bb width=\u00bb1\/1&#8243; el_position=\u00bbfirst last\u00bb] [spb_column col_sm=\u00bb12&#8243; padding_horizontal=\u00bb0&#8243; width=\u00bb1\/1&#8243; el_position=\u00bbfirst last\u00bb] [spb_boxed_content type=\u00bbcoloured\u00bb box_link_target=\u00bb_self\u00bb padding_vertical=\u00bb0&#8243; padding_horizontal=\u00bb0&#8243; width=\u00bb1\/1&#8243; el_position=\u00bbfirst last\u00bb] Descripci\u00f3n [\/spb_boxed_content] [\/spb_column] [spb_blank_spacer height=\u00bb30px\u00bb width=\u00bb1\/1&#8243; el_position=\u00bbfirst last\u00bb] [spb_column col_sm=\u00bb4&#8243; padding_horizontal=\u00bb0&#8243; width=\u00bb1\/3&#8243; el_position=\u00bbfirst\u00bb] [spb_boxed_content type=\u00bbcoloured\u00bb box_link_target=\u00bb_self\u00bb padding_vertical=\u00bb0&#8243; padding_horizontal=\u00bb0&#8243; width=\u00bb1\/1&#8243; el_position=\u00bbfirst last\u00bb] [\/spb_boxed_content] [\/spb_column] [spb_column col_sm=\u00bb8&#8243; padding_horizontal=\u00bb0&#8243; width=\u00bb2\/3&#8243; el_position=\u00bblast\u00bb] [spb_boxed_content type=\u00bbcoloured\u00bb box_link_target=\u00bb_self\u00bb padding_vertical=\u00bb0&#8243; [&hellip;]<\/p>\n","protected":false},"author":3,"featured_media":13814,"parent":449,"menu_order":0,"comment_status":"closed","ping_status":"closed","template":"","meta":{"footnotes":""},"yoast_head":"<!-- This site is optimized with the Yoast SEO plugin v22.4 - https:\/\/yoast.com\/wordpress\/plugins\/seo\/ -->\n<title>Estanter\u00edas de Metal a Pl\u00e1stico. Caso de \u00c9xito - Gesti\u00f3n De Compras<\/title>\n<meta name=\"description\" content=\"Cliente necesita actualizar y mejorar los dise\u00f1os ya existentes en metal de dichas piezas para pasar las mismas a material pl\u00e1stico.\" \/>\n<meta name=\"robots\" content=\"index, follow, max-snippet:-1, max-image-preview:large, max-video-preview:-1\" \/>\n<link rel=\"canonical\" href=\"https:\/\/wp.gestiondecompras.com\/es\/casos-de-exito\/estanterias-de-metal-a-plastico-actualizacion-y-mejora\/\" \/>\n<meta property=\"og:locale\" content=\"es_ES\" \/>\n<meta property=\"og:type\" content=\"article\" \/>\n<meta property=\"og:title\" content=\"Estanter\u00edas de Metal a Pl\u00e1stico. Caso de \u00c9xito - Gesti\u00f3n De Compras\" \/>\n<meta property=\"og:description\" content=\"Cliente necesita actualizar y mejorar los dise\u00f1os ya existentes en metal de dichas piezas para pasar las mismas a material pl\u00e1stico.\" \/>\n<meta property=\"og:url\" content=\"https:\/\/wp.gestiondecompras.com\/es\/casos-de-exito\/estanterias-de-metal-a-plastico-actualizacion-y-mejora\/\" \/>\n<meta property=\"og:site_name\" content=\"Gesti\u00f3n De Compras\" \/>\n<meta property=\"article:modified_time\" content=\"2023-03-17T10:29:53+00:00\" \/>\n<meta property=\"og:image\" content=\"https:\/\/wp.gestiondecompras.com\/wp-content\/uploads\/2023\/03\/moldflow1.png\" \/>\n\t<meta property=\"og:image:width\" content=\"291\" \/>\n\t<meta property=\"og:image:height\" content=\"228\" \/>\n\t<meta property=\"og:image:type\" content=\"image\/png\" \/>\n<meta name=\"twitter:card\" content=\"summary_large_image\" \/>\n<meta name=\"twitter:label1\" content=\"Tiempo de lectura\" \/>\n\t<meta name=\"twitter:data1\" content=\"5 minutos\" \/>\n<script type=\"application\/ld+json\" class=\"yoast-schema-graph\">{\"@context\":\"https:\/\/schema.org\",\"@graph\":[{\"@type\":\"WebPage\",\"@id\":\"https:\/\/wp.gestiondecompras.com\/es\/casos-de-exito\/estanterias-de-metal-a-plastico-actualizacion-y-mejora\/\",\"url\":\"https:\/\/wp.gestiondecompras.com\/es\/casos-de-exito\/estanterias-de-metal-a-plastico-actualizacion-y-mejora\/\",\"name\":\"Estanter\u00edas de Metal a Pl\u00e1stico. Caso de \u00c9xito - Gesti\u00f3n De Compras\",\"isPartOf\":{\"@id\":\"https:\/\/wp.gestiondecompras.com\/es\/#website\"},\"primaryImageOfPage\":{\"@id\":\"https:\/\/wp.gestiondecompras.com\/es\/casos-de-exito\/estanterias-de-metal-a-plastico-actualizacion-y-mejora\/#primaryimage\"},\"image\":{\"@id\":\"https:\/\/wp.gestiondecompras.com\/es\/casos-de-exito\/estanterias-de-metal-a-plastico-actualizacion-y-mejora\/#primaryimage\"},\"thumbnailUrl\":\"https:\/\/wp.gestiondecompras.com\/wp-content\/uploads\/2023\/03\/moldflow1.png\",\"datePublished\":\"2023-03-16T15:26:04+00:00\",\"dateModified\":\"2023-03-17T10:29:53+00:00\",\"description\":\"Cliente necesita actualizar y mejorar los dise\u00f1os ya existentes en metal de dichas piezas para pasar las mismas a material pl\u00e1stico.\",\"breadcrumb\":{\"@id\":\"https:\/\/wp.gestiondecompras.com\/es\/casos-de-exito\/estanterias-de-metal-a-plastico-actualizacion-y-mejora\/#breadcrumb\"},\"inLanguage\":\"es\",\"potentialAction\":[{\"@type\":\"ReadAction\",\"target\":[\"https:\/\/wp.gestiondecompras.com\/es\/casos-de-exito\/estanterias-de-metal-a-plastico-actualizacion-y-mejora\/\"]}]},{\"@type\":\"ImageObject\",\"inLanguage\":\"es\",\"@id\":\"https:\/\/wp.gestiondecompras.com\/es\/casos-de-exito\/estanterias-de-metal-a-plastico-actualizacion-y-mejora\/#primaryimage\",\"url\":\"https:\/\/wp.gestiondecompras.com\/wp-content\/uploads\/2023\/03\/moldflow1.png\",\"contentUrl\":\"https:\/\/wp.gestiondecompras.com\/wp-content\/uploads\/2023\/03\/moldflow1.png\",\"width\":291,\"height\":228,\"caption\":\"moldflow1\"},{\"@type\":\"BreadcrumbList\",\"@id\":\"https:\/\/wp.gestiondecompras.com\/es\/casos-de-exito\/estanterias-de-metal-a-plastico-actualizacion-y-mejora\/#breadcrumb\",\"itemListElement\":[{\"@type\":\"ListItem\",\"position\":1,\"name\":\"Inicio\",\"item\":\"https:\/\/wp.gestiondecompras.com\/es\/\"},{\"@type\":\"ListItem\",\"position\":2,\"name\":\"Casos de \u00e9xito\",\"item\":\"https:\/\/wp.gestiondecompras.com\/es\/casos-de-exito\/\"},{\"@type\":\"ListItem\",\"position\":3,\"name\":\"Estanter\u00edas de metal a pl\u00e1stico: actualizaci\u00f3n y mejora\"}]},{\"@type\":\"WebSite\",\"@id\":\"https:\/\/wp.gestiondecompras.com\/es\/#website\",\"url\":\"https:\/\/wp.gestiondecompras.com\/es\/\",\"name\":\"Gesti\u00f3n De Compras\",\"description\":\"Sourcing Internacional\",\"potentialAction\":[{\"@type\":\"SearchAction\",\"target\":{\"@type\":\"EntryPoint\",\"urlTemplate\":\"https:\/\/wp.gestiondecompras.com\/es\/?s={search_term_string}\"},\"query-input\":\"required name=search_term_string\"}],\"inLanguage\":\"es\"}]}<\/script>\n<!-- \/ Yoast SEO plugin. -->","yoast_head_json":{"title":"Estanter\u00edas de Metal a Pl\u00e1stico. Caso de \u00c9xito - Gesti\u00f3n De Compras","description":"Cliente necesita actualizar y mejorar los dise\u00f1os ya existentes en metal de dichas piezas para pasar las mismas a material pl\u00e1stico.","robots":{"index":"index","follow":"follow","max-snippet":"max-snippet:-1","max-image-preview":"max-image-preview:large","max-video-preview":"max-video-preview:-1"},"canonical":"https:\/\/wp.gestiondecompras.com\/es\/casos-de-exito\/estanterias-de-metal-a-plastico-actualizacion-y-mejora\/","og_locale":"es_ES","og_type":"article","og_title":"Estanter\u00edas de Metal a Pl\u00e1stico. Caso de \u00c9xito - Gesti\u00f3n De Compras","og_description":"Cliente necesita actualizar y mejorar los dise\u00f1os ya existentes en metal de dichas piezas para pasar las mismas a material pl\u00e1stico.","og_url":"https:\/\/wp.gestiondecompras.com\/es\/casos-de-exito\/estanterias-de-metal-a-plastico-actualizacion-y-mejora\/","og_site_name":"Gesti\u00f3n De Compras","article_modified_time":"2023-03-17T10:29:53+00:00","og_image":[{"width":291,"height":228,"url":"https:\/\/wp.gestiondecompras.com\/wp-content\/uploads\/2023\/03\/moldflow1.png","type":"image\/png"}],"twitter_card":"summary_large_image","twitter_misc":{"Tiempo de lectura":"5 minutos"},"schema":{"@context":"https:\/\/schema.org","@graph":[{"@type":"WebPage","@id":"https:\/\/wp.gestiondecompras.com\/es\/casos-de-exito\/estanterias-de-metal-a-plastico-actualizacion-y-mejora\/","url":"https:\/\/wp.gestiondecompras.com\/es\/casos-de-exito\/estanterias-de-metal-a-plastico-actualizacion-y-mejora\/","name":"Estanter\u00edas de Metal a Pl\u00e1stico. Caso de \u00c9xito - Gesti\u00f3n De Compras","isPartOf":{"@id":"https:\/\/wp.gestiondecompras.com\/es\/#website"},"primaryImageOfPage":{"@id":"https:\/\/wp.gestiondecompras.com\/es\/casos-de-exito\/estanterias-de-metal-a-plastico-actualizacion-y-mejora\/#primaryimage"},"image":{"@id":"https:\/\/wp.gestiondecompras.com\/es\/casos-de-exito\/estanterias-de-metal-a-plastico-actualizacion-y-mejora\/#primaryimage"},"thumbnailUrl":"https:\/\/wp.gestiondecompras.com\/wp-content\/uploads\/2023\/03\/moldflow1.png","datePublished":"2023-03-16T15:26:04+00:00","dateModified":"2023-03-17T10:29:53+00:00","description":"Cliente necesita actualizar y mejorar los dise\u00f1os ya existentes en metal de dichas piezas para pasar las mismas a material pl\u00e1stico.","breadcrumb":{"@id":"https:\/\/wp.gestiondecompras.com\/es\/casos-de-exito\/estanterias-de-metal-a-plastico-actualizacion-y-mejora\/#breadcrumb"},"inLanguage":"es","potentialAction":[{"@type":"ReadAction","target":["https:\/\/wp.gestiondecompras.com\/es\/casos-de-exito\/estanterias-de-metal-a-plastico-actualizacion-y-mejora\/"]}]},{"@type":"ImageObject","inLanguage":"es","@id":"https:\/\/wp.gestiondecompras.com\/es\/casos-de-exito\/estanterias-de-metal-a-plastico-actualizacion-y-mejora\/#primaryimage","url":"https:\/\/wp.gestiondecompras.com\/wp-content\/uploads\/2023\/03\/moldflow1.png","contentUrl":"https:\/\/wp.gestiondecompras.com\/wp-content\/uploads\/2023\/03\/moldflow1.png","width":291,"height":228,"caption":"moldflow1"},{"@type":"BreadcrumbList","@id":"https:\/\/wp.gestiondecompras.com\/es\/casos-de-exito\/estanterias-de-metal-a-plastico-actualizacion-y-mejora\/#breadcrumb","itemListElement":[{"@type":"ListItem","position":1,"name":"Inicio","item":"https:\/\/wp.gestiondecompras.com\/es\/"},{"@type":"ListItem","position":2,"name":"Casos de \u00e9xito","item":"https:\/\/wp.gestiondecompras.com\/es\/casos-de-exito\/"},{"@type":"ListItem","position":3,"name":"Estanter\u00edas de metal a pl\u00e1stico: actualizaci\u00f3n y mejora"}]},{"@type":"WebSite","@id":"https:\/\/wp.gestiondecompras.com\/es\/#website","url":"https:\/\/wp.gestiondecompras.com\/es\/","name":"Gesti\u00f3n De Compras","description":"Sourcing Internacional","potentialAction":[{"@type":"SearchAction","target":{"@type":"EntryPoint","urlTemplate":"https:\/\/wp.gestiondecompras.com\/es\/?s={search_term_string}"},"query-input":"required name=search_term_string"}],"inLanguage":"es"}]}},"_links":{"self":[{"href":"https:\/\/wp.gestiondecompras.com\/es\/wp-json\/wp\/v2\/pages\/13771"}],"collection":[{"href":"https:\/\/wp.gestiondecompras.com\/es\/wp-json\/wp\/v2\/pages"}],"about":[{"href":"https:\/\/wp.gestiondecompras.com\/es\/wp-json\/wp\/v2\/types\/page"}],"author":[{"embeddable":true,"href":"https:\/\/wp.gestiondecompras.com\/es\/wp-json\/wp\/v2\/users\/3"}],"replies":[{"embeddable":true,"href":"https:\/\/wp.gestiondecompras.com\/es\/wp-json\/wp\/v2\/comments?post=13771"}],"version-history":[{"count":14,"href":"https:\/\/wp.gestiondecompras.com\/es\/wp-json\/wp\/v2\/pages\/13771\/revisions"}],"predecessor-version":[{"id":13837,"href":"https:\/\/wp.gestiondecompras.com\/es\/wp-json\/wp\/v2\/pages\/13771\/revisions\/13837"}],"up":[{"embeddable":true,"href":"https:\/\/wp.gestiondecompras.com\/es\/wp-json\/wp\/v2\/pages\/449"}],"wp:featuredmedia":[{"embeddable":true,"href":"https:\/\/wp.gestiondecompras.com\/es\/wp-json\/wp\/v2\/media\/13814"}],"wp:attachment":[{"href":"https:\/\/wp.gestiondecompras.com\/es\/wp-json\/wp\/v2\/media?parent=13771"}],"curies":[{"name":"wp","href":"https:\/\/api.w.org\/{rel}","templated":true}]}}