{"id":13601,"date":"2023-02-27T11:57:34","date_gmt":"2023-02-27T11:57:34","guid":{"rendered":"https:\/\/wp.gestiondecompras.com\/?page_id=13601"},"modified":"2023-02-27T11:57:34","modified_gmt":"2023-02-27T11:57:34","slug":"piezas-de-estampacion-sector-automotriz-electrico","status":"publish","type":"page","link":"https:\/\/wp.gestiondecompras.com\/es\/casos-de-exito\/piezas-de-estampacion-sector-automotriz-electrico\/","title":{"rendered":"Piezas de estampaci\u00f3n. Sector automotriz el\u00e9ctrico"},"content":{"rendered":"[spb_row element_name=\u00bbRow\u00bb wrap_type=\u00bbcontent-width\u00bb parallax_image_height=\u00bbcontent-height\u00bb parallax_image_movement=\u00bbfixed\u00bb parallax_image_speed=\u00bb0.5&#8243; bg_video_loop=\u00bbyes\u00bb parallax_video_height=\u00bbwindow-height\u00bb parallax_video_overlay=\u00bbnone\u00bb row_overlay_opacity=\u00bb0&#8243; row_col_pos=\u00bbdefault\u00bb width=\u00bb1\/1&#8243; el_position=\u00bbfirst last\u00bb] [spb_blank_spacer height=\u00bb30px\u00bb width=\u00bb1\/1&#8243; el_position=\u00bbfirst last\u00bb] [spb_column col_sm=\u00bb12&#8243; padding_horizontal=\u00bb0&#8243; width=\u00bb1\/1&#8243; el_position=\u00bbfirst last\u00bb] [spb_boxed_content type=\u00bbcoloured\u00bb box_link_target=\u00bb_self\u00bb padding_vertical=\u00bb0&#8243; padding_horizontal=\u00bb0&#8243; width=\u00bb1\/1&#8243; el_position=\u00bbfirst last\u00bb]\n<h2 style=\"text-align: center;\"><strong>Descripci\u00f3n<\/strong><\/h2>\n<div class=\"horizontal-break bold\" style=\"background-color: #666d78; width: 100px\"> <\/div>\n<p style=\"text-align: center;\">Gesti\u00f3n de Compras recibe una solicitud para el desarrollo e industrializaci\u00f3n de una familia de componentes pertenecientes al sistema de acumulaci\u00f3n de energ\u00eda de un veh\u00edculo el\u00e9ctrico enchufable dise\u00f1ado y producido por el cliente con tecnolog\u00eda propia. En concreto se trata de un disipador de calor, base y conexiones fabricadas en aluminio y una pletina base fabricada en Cu 99% aptas para un proceso posterior de soldadura por l\u00e1ser automatizada.<\/p>\n<p>&nbsp;<\/p>\n<hr \/>\n<p><strong>OFERTA<\/strong> \u2013 Estudio de desarrollo de utillajes, definici\u00f3n de procesos productivos y posterior optimizaci\u00f3n de costes.<\/p>\n<p>El cliente acepta la propuesta t\u00e9cnica y econ\u00f3mica.<\/p>\n<p><strong>ADQUISICI\u00d3N DEL PROYECTO<\/strong> \u2013 Gesti\u00f3n de Compras es nominada para el desarrollo de utillajes y posterior producci\u00f3n de prototipos representativos para validar la aptitud de los materiales seleccionados por el cliente.<\/p>\n[\/spb_boxed_content] [\/spb_column] [spb_blank_spacer height=\u00bb30px\u00bb width=\u00bb1\/1&#8243; el_position=\u00bbfirst last\u00bb] [spb_column col_sm=\u00bb4&#8243; padding_horizontal=\u00bb0&#8243; width=\u00bb1\/3&#8243; el_position=\u00bbfirst\u00bb] [spb_icon_box title=\u00bbProyecto\u00bb box_type=\u00bbstandard\u00bb box_icon_type=\u00bbicon\u00bb icon=\u00bbfas fa-book\u00bb animate_svg=\u00bbno\u00bb target=\u00bb_self\u00bb animation=\u00bbnone\u00bb animation_delay=\u00bb0&#8243; animated_box_style=\u00bbcoloured\u00bb animated_box_rounded=\u00bbyes\u00bb width=\u00bb1\/1&#8243; el_position=\u00bbfirst last\u00bb]\n<p style=\"text-align: justify; font-size: 14px;\">Desarrollo de matrices de estampaci\u00f3n progresivas, producci\u00f3n de preseries y producci\u00f3n en serie de diversos componentes de un sistema de almacenamiento de energ\u00eda de un PEV.<\/p>\n[\/spb_icon_box] [\/spb_column] [spb_column col_sm=\u00bb4&#8243; padding_horizontal=\u00bb0&#8243; width=\u00bb1\/3&#8243;] [spb_icon_box title=\u00bbFactores de producci\u00f3n\u00bb box_type=\u00bbstandard\u00bb box_icon_type=\u00bbicon\u00bb icon=\u00bbfas fa-exclamation-triangle\u00bb animate_svg=\u00bbno\u00bb target=\u00bb_self\u00bb animation=\u00bbnone\u00bb animation_delay=\u00bb0&#8243; animated_box_style=\u00bbcoloured\u00bb animated_box_rounded=\u00bbyes\u00bb width=\u00bb1\/1&#8243; el_position=\u00bbfirst last\u00bb]\n<p style=\"text-align: justify; font-size: 14px;\">Desarrollo de los dise\u00f1os iniciales de los productos propiedad del cliente, actualizaciones seg\u00fan las necesidades funcionales del producto final y entrega seg\u00fan los pedidos y programas del cliente.<\/p>\n<p style=\"text-align: justify; font-size: 14px;\">Las piezas deben entregarse limpias y exentas de rebabas, golpes y ara\u00f1azos por lo que es fundamental elaborar instrucciones de producci\u00f3n y manipulaci\u00f3n especiales as\u00ed como un adecuado acondicionamiento del producto para su transporte a larga distancia.<\/p>\n<p style=\"text-align: justify; font-size: 14px;\">Se solicita flexibilidad y capacidad para alcanzar las fechas de entrega indicadas.<\/p>\n<p>&nbsp;<\/p>\n[\/spb_icon_box] [\/spb_column] [spb_column col_sm=\u00bb4&#8243; padding_horizontal=\u00bb0&#8243; width=\u00bb1\/3&#8243; el_position=\u00bblast\u00bb] [spb_icon_box title=\u00bbResultado\u00bb box_type=\u00bbstandard\u00bb box_icon_type=\u00bbicon\u00bb icon=\u00bbfas fa-trophy\u00bb animate_svg=\u00bbno\u00bb target=\u00bb_self\u00bb animation=\u00bbnone\u00bb animation_delay=\u00bb0&#8243; animated_box_style=\u00bbcoloured\u00bb animated_box_rounded=\u00bbyes\u00bb width=\u00bb1\/1&#8243; el_position=\u00bbfirst last\u00bb]\n<p style=\"text-align: justify; font-size: 14px;\">Desarrollo de utillajes progresivos, incluidas actualizaciones de dise\u00f1o para la mejora del producto final. Producci\u00f3n y entrega de pedidos seg\u00fan los programas y en las condiciones t\u00e9cnicas de suministro solicitadas.<br \/>\nTotal productos: 7 componentes (2 Disipadores de calor, 4 pletinas de aluminio y 1 pletina de cobre 99%Cu)<\/p>\n[\/spb_icon_box] [\/spb_column] [spb_blank_spacer height=\u00bb20px\u00bb width=\u00bb1\/1&#8243; el_position=\u00bbfirst last\u00bb] [\/spb_row] [spb_row element_name=\u00bbRow\u00bb wrap_type=\u00bbfull-width-contained\u00bb row_bg_type=\u00bbimage\u00bb row_bg_color=\u00bb#242424&#8243; color_row_height=\u00bbcontent-height\u00bb bg_image=\u00bb13690&#8243; bg_type=\u00bbcover\u00bb parallax_image_height=\u00bbcontent-height\u00bb parallax_image_movement=\u00bbscroll\u00bb parallax_image_speed=\u00bbstandard\u00bb bg_video_loop=\u00bbyes\u00bb parallax_video_height=\u00bbwindow-height\u00bb row_top_style=\u00bbnone\u00bb row_bottom_style=\u00bbnone\u00bb parallax_video_overlay=\u00bbnone\u00bb row_overlay_opacity=\u00bb0&#8243; remove_element_spacing=\u00bbno\u00bb row_col_spacing=\u00bb0&#8243; row_col_pos=\u00bbdefault\u00bb row_col_equal_heights=\u00bbno\u00bb row_expanding=\u00bbno\u00bb row_animation=\u00bbnone\u00bb row_animation_delay=\u00bb0&#8243; minimize_row=\u00bbno\u00bb simplified_controls=\u00bbyes\u00bb custom_css_percentage=\u00bbno\u00bb custom_css=\u00bbmargin-top: 0px;margin-bottom: 0px;\u00bb border_styling_global=\u00bbdefault\u00bb el_class=\u00bbhideBackImage\u00bb width=\u00bb1\/1&#8243; el_position=\u00bbfirst last\u00bb] [spb_column col_animation=\u00bbnone\u00bb col_animation_delay=\u00bb0&#8243; col_bg_color=\u00bb#242424&#8243; col_bg_type=\u00bbcover\u00bb col_parallax_image_movement=\u00bbfixed\u00bb col_parallax_image_speed=\u00bb0.5&#8243; col_padding=\u00bb0&#8243; col_vertical_offset=\u00bb0&#8243; col_horizontal_offset=\u00bb0&#8243; col_custom_zindex=\u00bb0&#8243; col_xs=\u00bb12&#8243; col_sm=\u00bb12&#8243; col_md=\u00bb8&#8243; col_lg=\u00bb8&#8243; simplified_controls=\u00bbyes\u00bb custom_css_percentage=\u00bbno\u00bb padding_vertical=\u00bb20&#8243; padding_horizontal=\u00bb20&#8243; margin_vertical=\u00bb0&#8243; custom_css=\u00bbmargin-top: 0px;margin-bottom: 0px;padding-top: 20px;padding-left: 20px;padding-right: 20px;padding-bottom: 20px;\u00bb border_styling_global=\u00bbdefault\u00bb width=\u00bb1\/1&#8243; el_position=\u00bbfirst last\u00bb] [spb_boxed_content type=\u00bbcoloured\u00bb box_link_target=\u00bb_self\u00bb padding_vertical=\u00bb0&#8243; padding_horizontal=\u00bb0&#8243; width=\u00bb1\/1&#8243; el_position=\u00bbfirst last\u00bb]\n<h2><strong>Resumen del proyecto<br \/>\n<\/strong><\/h2>\n<hr \/>\n<p><span style=\"color: #ffffff;\"><strong>PRIMERA FASE<\/strong> &#8211; Producci\u00f3n de preseries para la validaci\u00f3n del proceso de ensamblaje del producto final por parte del cliente.<\/span><\/p>\n<p><span style=\"color: #ffffff;\"><strong>SEGUNDA FASE<\/strong> &#8211; Producci\u00f3n del primer lote destinado a la producci\u00f3n en serie.<\/span><\/p>\n<p><span style=\"color: #ffffff;\"><strong>TERCERA FASE<\/strong> &#8211; Modificaci\u00f3n parcial de las matrices de estampaci\u00f3n debido a cambios de dise\u00f1o en varios componentes para optimizar el producto final.<\/span><\/p>\n<p><span style=\"color: #ffffff;\"><strong>CUARTA FASE<\/strong> &#8211; Producci\u00f3n y entrega peri\u00f3dica de los distintos componentes en funci\u00f3n de las necesidades de producci\u00f3n de veh\u00edculos del cliente.<\/span><\/p>\n<p><span style=\"color: #ffffff;\"><strong>QUINTA FASE<\/strong> \u2013 Desarrollo de una variante del disipador de calor utilizando elementos intercambiables de la matriz de estampaci\u00f3n previa ya existente. Producci\u00f3n de preseries y homologaci\u00f3n.<\/span><\/p>\n<p><span style=\"color: #ffffff;\"><strong>SEXTA FASE<\/strong> \u2013 Producci\u00f3n y entrega peri\u00f3dica de los componentes y sus variantes seg\u00fan las necesidades de producci\u00f3n de veh\u00edculos del cliente.<\/span><br \/>\n<span style=\"color: #ffffff;\">Flexibilidad ante necesidades urgentes.<\/span><br \/>\n<span style=\"color: #ffffff;\">Alta capacidad ante necesidades programadas.<\/span><br \/>\n<span style=\"color: #ffffff;\">Acondicionamiento de mercanc\u00eda para transporte a\u00e9reo o mar\u00edtimo.<\/span><\/p>\n<p>&nbsp;<\/p>\n[\/spb_boxed_content] [\/spb_column] [\/spb_row] [spb_row element_name=\u00bbRow\u00bb wrap_type=\u00bbcontent-width\u00bb parallax_image_height=\u00bbcontent-height\u00bb parallax_image_movement=\u00bbfixed\u00bb parallax_image_speed=\u00bb0.5&#8243; bg_video_loop=\u00bbyes\u00bb parallax_video_height=\u00bbwindow-height\u00bb parallax_video_overlay=\u00bbnone\u00bb row_overlay_opacity=\u00bb0&#8243; row_col_pos=\u00bbdefault\u00bb width=\u00bb1\/1&#8243; el_position=\u00bbfirst last\u00bb] [spb_column col_sm=\u00bb12&#8243; padding_horizontal=\u00bb0&#8243; width=\u00bb1\/1&#8243; el_position=\u00bbfirst last\u00bb] [spb_blank_spacer height=\u00bb30px\u00bb width=\u00bb1\/1&#8243; el_position=\u00bbfirst last\u00bb] [\/spb_column] [spb_column col_sm=\u00bb4&#8243; padding_horizontal=\u00bb0&#8243; width=\u00bb1\/3&#8243; el_position=\u00bbfirst\u00bb] [spb_boxed_content type=\u00bbcoloured\u00bb box_link_target=\u00bb_self\u00bb padding_vertical=\u00bb0&#8243; padding_horizontal=\u00bb0&#8243; width=\u00bb1\/1&#8243; el_position=\u00bbfirst last\u00bb]\n<p><img loading=\"lazy\" decoding=\"async\" class=\"aligncenter size-full wp-image-13644\" src=\"https:\/\/wp.gestiondecompras.com\/wp-content\/uploads\/2023\/02\/1-removebg-preview.png\" alt=\"\" width=\"309\" height=\"228\" srcset=\"https:\/\/wp.gestiondecompras.com\/wp-content\/uploads\/2023\/02\/1-removebg-preview.png 309w, https:\/\/wp.gestiondecompras.com\/wp-content\/uploads\/2023\/02\/1-removebg-preview-300x221.png 300w\" sizes=\"(max-width: 309px) 100vw, 309px\" \/><\/p>\n[\/spb_boxed_content] [\/spb_column] [spb_column col_sm=\u00bb4&#8243; padding_horizontal=\u00bb0&#8243; width=\u00bb1\/3&#8243;] [spb_boxed_content type=\u00bbcoloured\u00bb box_link_target=\u00bb_self\u00bb padding_vertical=\u00bb0&#8243; padding_horizontal=\u00bb0&#8243; width=\u00bb1\/1&#8243; el_position=\u00bbfirst last\u00bb]\n<p><img loading=\"lazy\" decoding=\"async\" class=\"aligncenter size-full wp-image-13655\" src=\"https:\/\/wp.gestiondecompras.com\/wp-content\/uploads\/2023\/02\/pic3-removebg-preview-removebg-preview.png\" alt=\"\" width=\"568\" height=\"329\" srcset=\"https:\/\/wp.gestiondecompras.com\/wp-content\/uploads\/2023\/02\/pic3-removebg-preview-removebg-preview.png 568w, https:\/\/wp.gestiondecompras.com\/wp-content\/uploads\/2023\/02\/pic3-removebg-preview-removebg-preview-300x174.png 300w\" sizes=\"(max-width: 568px) 100vw, 568px\" \/><\/p>\n[\/spb_boxed_content] [\/spb_column] [spb_column col_sm=\u00bb4&#8243; padding_horizontal=\u00bb0&#8243; width=\u00bb1\/3&#8243; el_position=\u00bblast\u00bb] [spb_boxed_content type=\u00bbcoloured\u00bb box_link_target=\u00bb_self\u00bb padding_vertical=\u00bb0&#8243; padding_horizontal=\u00bb0&#8243; width=\u00bb1\/1&#8243; el_position=\u00bbfirst last\u00bb]\n<p><img loading=\"lazy\" decoding=\"async\" class=\"aligncenter size-full wp-image-13639\" src=\"https:\/\/wp.gestiondecompras.com\/wp-content\/uploads\/2023\/02\/2-removebg-preview.png\" alt=\"\" width=\"369\" height=\"347\" srcset=\"https:\/\/wp.gestiondecompras.com\/wp-content\/uploads\/2023\/02\/2-removebg-preview.png 369w, https:\/\/wp.gestiondecompras.com\/wp-content\/uploads\/2023\/02\/2-removebg-preview-300x282.png 300w\" sizes=\"(max-width: 369px) 100vw, 369px\" \/><\/p>\n[\/spb_boxed_content] [\/spb_column] [\/spb_row]\n","protected":false},"excerpt":{"rendered":"<p>[spb_row element_name=\u00bbRow\u00bb wrap_type=\u00bbcontent-width\u00bb parallax_image_height=\u00bbcontent-height\u00bb parallax_image_movement=\u00bbfixed\u00bb parallax_image_speed=\u00bb0.5&#8243; bg_video_loop=\u00bbyes\u00bb parallax_video_height=\u00bbwindow-height\u00bb parallax_video_overlay=\u00bbnone\u00bb row_overlay_opacity=\u00bb0&#8243; row_col_pos=\u00bbdefault\u00bb width=\u00bb1\/1&#8243; el_position=\u00bbfirst last\u00bb] [spb_blank_spacer height=\u00bb30px\u00bb width=\u00bb1\/1&#8243; el_position=\u00bbfirst last\u00bb] [spb_column col_sm=\u00bb12&#8243; padding_horizontal=\u00bb0&#8243; width=\u00bb1\/1&#8243; el_position=\u00bbfirst last\u00bb] [spb_boxed_content type=\u00bbcoloured\u00bb box_link_target=\u00bb_self\u00bb padding_vertical=\u00bb0&#8243; padding_horizontal=\u00bb0&#8243; width=\u00bb1\/1&#8243; el_position=\u00bbfirst last\u00bb] Descripci\u00f3n Gesti\u00f3n de Compras recibe una solicitud para el desarrollo e industrializaci\u00f3n de una familia de componentes pertenecientes al sistema de acumulaci\u00f3n de energ\u00eda de un veh\u00edculo [&hellip;]<\/p>\n","protected":false},"author":5,"featured_media":13644,"parent":449,"menu_order":0,"comment_status":"closed","ping_status":"closed","template":"","meta":{"footnotes":""},"yoast_head":"<!-- This site is optimized with the Yoast SEO plugin v22.4 - https:\/\/yoast.com\/wordpress\/plugins\/seo\/ -->\n<title>Piezas de estampaci\u00f3n. Sector automotriz el\u00e9ctrico - Gesti\u00f3n De Compras<\/title>\n<meta name=\"description\" content=\"Caso de \u00e9xito: desarrollo e industrializaci\u00f3n de componentes para el sistema de acumulaci\u00f3n de energ\u00eda de un veh\u00edculo el\u00e9ctrico.\" \/>\n<meta name=\"robots\" content=\"index, follow, max-snippet:-1, max-image-preview:large, max-video-preview:-1\" \/>\n<link rel=\"canonical\" href=\"https:\/\/wp.gestiondecompras.com\/es\/casos-de-exito\/piezas-de-estampacion-sector-automotriz-electrico\/\" \/>\n<meta property=\"og:locale\" content=\"es_ES\" \/>\n<meta property=\"og:type\" content=\"article\" \/>\n<meta property=\"og:title\" content=\"Piezas de estampaci\u00f3n. Sector automotriz el\u00e9ctrico - Gesti\u00f3n De Compras\" \/>\n<meta property=\"og:description\" content=\"Caso de \u00e9xito: desarrollo e industrializaci\u00f3n de componentes para el sistema de acumulaci\u00f3n de energ\u00eda de un veh\u00edculo el\u00e9ctrico.\" \/>\n<meta property=\"og:url\" content=\"https:\/\/wp.gestiondecompras.com\/es\/casos-de-exito\/piezas-de-estampacion-sector-automotriz-electrico\/\" \/>\n<meta property=\"og:site_name\" content=\"Gesti\u00f3n De Compras\" \/>\n<meta property=\"og:image\" content=\"https:\/\/wp.gestiondecompras.com\/wp-content\/uploads\/2023\/02\/1-removebg-preview.png\" \/>\n\t<meta property=\"og:image:width\" content=\"309\" \/>\n\t<meta property=\"og:image:height\" content=\"228\" \/>\n\t<meta property=\"og:image:type\" content=\"image\/png\" \/>\n<meta name=\"twitter:card\" content=\"summary_large_image\" \/>\n<meta name=\"twitter:label1\" content=\"Tiempo de lectura\" \/>\n\t<meta name=\"twitter:data1\" content=\"6 minutos\" \/>\n<script type=\"application\/ld+json\" class=\"yoast-schema-graph\">{\"@context\":\"https:\/\/schema.org\",\"@graph\":[{\"@type\":\"WebPage\",\"@id\":\"https:\/\/wp.gestiondecompras.com\/es\/casos-de-exito\/piezas-de-estampacion-sector-automotriz-electrico\/\",\"url\":\"https:\/\/wp.gestiondecompras.com\/es\/casos-de-exito\/piezas-de-estampacion-sector-automotriz-electrico\/\",\"name\":\"Piezas de estampaci\u00f3n. Sector automotriz el\u00e9ctrico - Gesti\u00f3n De Compras\",\"isPartOf\":{\"@id\":\"https:\/\/wp.gestiondecompras.com\/es\/#website\"},\"primaryImageOfPage\":{\"@id\":\"https:\/\/wp.gestiondecompras.com\/es\/casos-de-exito\/piezas-de-estampacion-sector-automotriz-electrico\/#primaryimage\"},\"image\":{\"@id\":\"https:\/\/wp.gestiondecompras.com\/es\/casos-de-exito\/piezas-de-estampacion-sector-automotriz-electrico\/#primaryimage\"},\"thumbnailUrl\":\"https:\/\/wp.gestiondecompras.com\/wp-content\/uploads\/2023\/02\/1-removebg-preview.png\",\"datePublished\":\"2023-02-27T11:57:34+00:00\",\"dateModified\":\"2023-02-27T11:57:34+00:00\",\"description\":\"Caso de \u00e9xito: desarrollo e industrializaci\u00f3n de componentes para el sistema de acumulaci\u00f3n de energ\u00eda de un veh\u00edculo el\u00e9ctrico.\",\"breadcrumb\":{\"@id\":\"https:\/\/wp.gestiondecompras.com\/es\/casos-de-exito\/piezas-de-estampacion-sector-automotriz-electrico\/#breadcrumb\"},\"inLanguage\":\"es\",\"potentialAction\":[{\"@type\":\"ReadAction\",\"target\":[\"https:\/\/wp.gestiondecompras.com\/es\/casos-de-exito\/piezas-de-estampacion-sector-automotriz-electrico\/\"]}]},{\"@type\":\"ImageObject\",\"inLanguage\":\"es\",\"@id\":\"https:\/\/wp.gestiondecompras.com\/es\/casos-de-exito\/piezas-de-estampacion-sector-automotriz-electrico\/#primaryimage\",\"url\":\"https:\/\/wp.gestiondecompras.com\/wp-content\/uploads\/2023\/02\/1-removebg-preview.png\",\"contentUrl\":\"https:\/\/wp.gestiondecompras.com\/wp-content\/uploads\/2023\/02\/1-removebg-preview.png\",\"width\":309,\"height\":228,\"caption\":\"pieza de estampaci\u00f3n sector automotriz\"},{\"@type\":\"BreadcrumbList\",\"@id\":\"https:\/\/wp.gestiondecompras.com\/es\/casos-de-exito\/piezas-de-estampacion-sector-automotriz-electrico\/#breadcrumb\",\"itemListElement\":[{\"@type\":\"ListItem\",\"position\":1,\"name\":\"Inicio\",\"item\":\"https:\/\/wp.gestiondecompras.com\/es\/\"},{\"@type\":\"ListItem\",\"position\":2,\"name\":\"Casos de \u00e9xito\",\"item\":\"https:\/\/wp.gestiondecompras.com\/es\/casos-de-exito\/\"},{\"@type\":\"ListItem\",\"position\":3,\"name\":\"Piezas de estampaci\u00f3n. Sector automotriz el\u00e9ctrico\"}]},{\"@type\":\"WebSite\",\"@id\":\"https:\/\/wp.gestiondecompras.com\/es\/#website\",\"url\":\"https:\/\/wp.gestiondecompras.com\/es\/\",\"name\":\"Gesti\u00f3n De Compras\",\"description\":\"Sourcing Internacional\",\"potentialAction\":[{\"@type\":\"SearchAction\",\"target\":{\"@type\":\"EntryPoint\",\"urlTemplate\":\"https:\/\/wp.gestiondecompras.com\/es\/?s={search_term_string}\"},\"query-input\":\"required name=search_term_string\"}],\"inLanguage\":\"es\"}]}<\/script>\n<!-- \/ Yoast SEO plugin. -->","yoast_head_json":{"title":"Piezas de estampaci\u00f3n. Sector automotriz el\u00e9ctrico - Gesti\u00f3n De Compras","description":"Caso de \u00e9xito: desarrollo e industrializaci\u00f3n de componentes para el sistema de acumulaci\u00f3n de energ\u00eda de un veh\u00edculo el\u00e9ctrico.","robots":{"index":"index","follow":"follow","max-snippet":"max-snippet:-1","max-image-preview":"max-image-preview:large","max-video-preview":"max-video-preview:-1"},"canonical":"https:\/\/wp.gestiondecompras.com\/es\/casos-de-exito\/piezas-de-estampacion-sector-automotriz-electrico\/","og_locale":"es_ES","og_type":"article","og_title":"Piezas de estampaci\u00f3n. Sector automotriz el\u00e9ctrico - Gesti\u00f3n De Compras","og_description":"Caso de \u00e9xito: desarrollo e industrializaci\u00f3n de componentes para el sistema de acumulaci\u00f3n de energ\u00eda de un veh\u00edculo el\u00e9ctrico.","og_url":"https:\/\/wp.gestiondecompras.com\/es\/casos-de-exito\/piezas-de-estampacion-sector-automotriz-electrico\/","og_site_name":"Gesti\u00f3n De Compras","og_image":[{"width":309,"height":228,"url":"https:\/\/wp.gestiondecompras.com\/wp-content\/uploads\/2023\/02\/1-removebg-preview.png","type":"image\/png"}],"twitter_card":"summary_large_image","twitter_misc":{"Tiempo de lectura":"6 minutos"},"schema":{"@context":"https:\/\/schema.org","@graph":[{"@type":"WebPage","@id":"https:\/\/wp.gestiondecompras.com\/es\/casos-de-exito\/piezas-de-estampacion-sector-automotriz-electrico\/","url":"https:\/\/wp.gestiondecompras.com\/es\/casos-de-exito\/piezas-de-estampacion-sector-automotriz-electrico\/","name":"Piezas de estampaci\u00f3n. Sector automotriz el\u00e9ctrico - Gesti\u00f3n De Compras","isPartOf":{"@id":"https:\/\/wp.gestiondecompras.com\/es\/#website"},"primaryImageOfPage":{"@id":"https:\/\/wp.gestiondecompras.com\/es\/casos-de-exito\/piezas-de-estampacion-sector-automotriz-electrico\/#primaryimage"},"image":{"@id":"https:\/\/wp.gestiondecompras.com\/es\/casos-de-exito\/piezas-de-estampacion-sector-automotriz-electrico\/#primaryimage"},"thumbnailUrl":"https:\/\/wp.gestiondecompras.com\/wp-content\/uploads\/2023\/02\/1-removebg-preview.png","datePublished":"2023-02-27T11:57:34+00:00","dateModified":"2023-02-27T11:57:34+00:00","description":"Caso de \u00e9xito: desarrollo e industrializaci\u00f3n de componentes para el sistema de acumulaci\u00f3n de energ\u00eda de un veh\u00edculo el\u00e9ctrico.","breadcrumb":{"@id":"https:\/\/wp.gestiondecompras.com\/es\/casos-de-exito\/piezas-de-estampacion-sector-automotriz-electrico\/#breadcrumb"},"inLanguage":"es","potentialAction":[{"@type":"ReadAction","target":["https:\/\/wp.gestiondecompras.com\/es\/casos-de-exito\/piezas-de-estampacion-sector-automotriz-electrico\/"]}]},{"@type":"ImageObject","inLanguage":"es","@id":"https:\/\/wp.gestiondecompras.com\/es\/casos-de-exito\/piezas-de-estampacion-sector-automotriz-electrico\/#primaryimage","url":"https:\/\/wp.gestiondecompras.com\/wp-content\/uploads\/2023\/02\/1-removebg-preview.png","contentUrl":"https:\/\/wp.gestiondecompras.com\/wp-content\/uploads\/2023\/02\/1-removebg-preview.png","width":309,"height":228,"caption":"pieza de estampaci\u00f3n sector automotriz"},{"@type":"BreadcrumbList","@id":"https:\/\/wp.gestiondecompras.com\/es\/casos-de-exito\/piezas-de-estampacion-sector-automotriz-electrico\/#breadcrumb","itemListElement":[{"@type":"ListItem","position":1,"name":"Inicio","item":"https:\/\/wp.gestiondecompras.com\/es\/"},{"@type":"ListItem","position":2,"name":"Casos de \u00e9xito","item":"https:\/\/wp.gestiondecompras.com\/es\/casos-de-exito\/"},{"@type":"ListItem","position":3,"name":"Piezas de estampaci\u00f3n. Sector automotriz el\u00e9ctrico"}]},{"@type":"WebSite","@id":"https:\/\/wp.gestiondecompras.com\/es\/#website","url":"https:\/\/wp.gestiondecompras.com\/es\/","name":"Gesti\u00f3n De Compras","description":"Sourcing Internacional","potentialAction":[{"@type":"SearchAction","target":{"@type":"EntryPoint","urlTemplate":"https:\/\/wp.gestiondecompras.com\/es\/?s={search_term_string}"},"query-input":"required name=search_term_string"}],"inLanguage":"es"}]}},"_links":{"self":[{"href":"https:\/\/wp.gestiondecompras.com\/es\/wp-json\/wp\/v2\/pages\/13601"}],"collection":[{"href":"https:\/\/wp.gestiondecompras.com\/es\/wp-json\/wp\/v2\/pages"}],"about":[{"href":"https:\/\/wp.gestiondecompras.com\/es\/wp-json\/wp\/v2\/types\/page"}],"author":[{"embeddable":true,"href":"https:\/\/wp.gestiondecompras.com\/es\/wp-json\/wp\/v2\/users\/5"}],"replies":[{"embeddable":true,"href":"https:\/\/wp.gestiondecompras.com\/es\/wp-json\/wp\/v2\/comments?post=13601"}],"version-history":[{"count":15,"href":"https:\/\/wp.gestiondecompras.com\/es\/wp-json\/wp\/v2\/pages\/13601\/revisions"}],"predecessor-version":[{"id":13719,"href":"https:\/\/wp.gestiondecompras.com\/es\/wp-json\/wp\/v2\/pages\/13601\/revisions\/13719"}],"up":[{"embeddable":true,"href":"https:\/\/wp.gestiondecompras.com\/es\/wp-json\/wp\/v2\/pages\/449"}],"wp:featuredmedia":[{"embeddable":true,"href":"https:\/\/wp.gestiondecompras.com\/es\/wp-json\/wp\/v2\/media\/13644"}],"wp:attachment":[{"href":"https:\/\/wp.gestiondecompras.com\/es\/wp-json\/wp\/v2\/media?parent=13601"}],"curies":[{"name":"wp","href":"https:\/\/api.w.org\/{rel}","templated":true}]}}