{"id":1349,"date":"2021-05-10T15:51:11","date_gmt":"2021-05-10T15:51:11","guid":{"rendered":"https:\/\/wp.gestiondecompras.com\/?page_id=1349"},"modified":"2023-10-10T08:18:12","modified_gmt":"2023-10-10T08:18:12","slug":"electricidad-y-electronica","status":"publish","type":"page","link":"https:\/\/wp.gestiondecompras.com\/es\/productos\/electricidad-y-electronica\/","title":{"rendered":"Electricidad y electr\u00f3nica"},"content":{"rendered":"[spb_row element_name=\u00bbRow\u00bb wrap_type=\u00bbcontent-width\u00bb parallax_image_height=\u00bbcontent-height\u00bb parallax_image_movement=\u00bbfixed\u00bb parallax_image_speed=\u00bb0.5&#8243; bg_video_loop=\u00bbyes\u00bb parallax_video_height=\u00bbwindow-height\u00bb parallax_video_overlay=\u00bbnone\u00bb row_overlay_opacity=\u00bb0&#8243; row_col_pos=\u00bbdefault\u00bb width=\u00bb1\/1&#8243; el_position=\u00bbfirst last\u00bb] [spb_column col_sm=\u00bb12&#8243; col_animation=\u00bbnone\u00bb col_animation_delay=\u00bb0&#8243; col_bg_type=\u00bbcover\u00bb col_parallax_image_movement=\u00bbfixed\u00bb col_parallax_image_speed=\u00bb0.5&#8243; col_padding=\u00bb0&#8243; col_vertical_offset=\u00bb0&#8243; col_horizontal_offset=\u00bb0&#8243; col_custom_zindex=\u00bb0&#8243; simplified_controls=\u00bbyes\u00bb custom_css_percentage=\u00bbno\u00bb padding_vertical=\u00bb0&#8243; padding_horizontal=\u00bb0&#8243; margin_vertical=\u00bb0&#8243; custom_css=\u00bbmargin-top: 0px;margin-bottom: 0px;\u00bb border_styling_global=\u00bbdefault\u00bb width=\u00bb1\/1&#8243; el_position=\u00bbfirst last\u00bb] [spb_text_block animation=\u00bbnone\u00bb animation_delay=\u00bb0&#8243; simplified_controls=\u00bbyes\u00bb custom_css_percentage=\u00bbno\u00bb padding_vertical=\u00bb0&#8243; padding_horizontal=\u00bb0&#8243; margin_vertical=\u00bb0&#8243; custom_css=\u00bbmargin-top: 0px;margin-bottom: 0px;\u00bb border_size=\u00bb0&#8243; border_styling_global=\u00bbdefault\u00bb width=\u00bb3\/4&#8243; el_position=\u00bbfirst\u00bb]\n<p>Gesti\u00f3n de Compras tiene un amplio rango de productos en el campo de la electricidad y la electr\u00f3nica. Dispone de productos generales como cables, bombas y otros componentes electr\u00f3nicos. Tambi\u00e9n dispone de productos espec\u00edficos como m\u00f3dulos fotovoltaicos.<\/p>\n[\/spb_text_block] [spb_text_block animation=\u00bbnone\u00bb animation_delay=\u00bb0&#8243; simplified_controls=\u00bbyes\u00bb custom_css_percentage=\u00bbno\u00bb padding_vertical=\u00bb0&#8243; padding_horizontal=\u00bb0&#8243; margin_vertical=\u00bb0&#8243; custom_css=\u00bbmargin-top: 0px;margin-bottom: 0px;\u00bb border_size=\u00bb0&#8243; border_styling_global=\u00bbdefault\u00bb width=\u00bb1\/4&#8243; el_position=\u00bblast\u00bb]\n\n                    <div class=\"spb-asset-content\" style=\"text-align: center;\">\n                        <a class=\"sf-button standard accent default pdf-button\" href=\"\/wp-content\/uploads\/2021\/11\/electricidad-y-electronica-es.pdf\" target=\"_blank\" rel=\"\">\n                            <svg xmlns=\"http:\/\/www.w3.org\/2000\/svg\" width=\"24\" height=\"24\" viewBox=\"0 0 24 24\" style=\"margin-right: 8px;\">\n                                <style type=\"text\/css\">\n                                    .st0{fill:#FFFFFF;}\n                                <\/style>\n                                <path class=\"st0\" d=\"M11.4,2C15.5,2,14,8,14,8s6-1.7,6,2.5V22H4V2C4,2,11.4,2,11.4,2z M12.2,0H2v24h20V9.6C22,7.2,15.4,0,12.2,0z   M8.4,17.3c0.3-0.3,0.9-0.6,1.7-1c0.4-0.7,0.7-1.5,1-2.2c-0.2-0.5-0.4-1-0.5-1.6c-0.2-2.1,2.1-1.9,1.7,0c-0.1,0.4-0.2,0.9-0.5,1.5  c0.4,0.7,0.8,1.1,1.2,1.5c0.5-0.1,1.3-0.2,1.8-0.1c1.4,0.2,1.2,1.7,0,1.7c-0.6,0-1.5-0.5-2-0.9c-0.8,0.1-1.6,0.4-2.3,0.6  c-0.2,0.4-0.5,1-0.8,1.4C8.7,19.9,7.2,18.4,8.4,17.3z M9.6,17.3c-0.3,0.1-0.6,0.3-0.8,0.6c-0.3,0.3-0.1,0.6,0.3,0.2  C9.3,17.9,9.5,17.6,9.6,17.3z M14.1,16.1c0.2,0.2,0.6,0.3,0.9,0.3c0.4,0,0.4-0.3-0.1-0.3C14.7,16.1,14.4,16.1,14.1,16.1z M11.1,16  c0.3-0.1,1-0.3,1.2-0.3c0,0-0.5-0.5-0.7-0.8C11.5,15.2,11.1,16,11.1,16z M11.5,12c-0.1,0.3,0,0.8,0.1,1.1c0.1-0.2,0.3-0.8,0.2-1.1  C11.7,11.7,11.5,11.7,11.5,12z\"\/>\n                            <\/svg>\n                            <span>Electricidad y electr\u00f3nica<\/span>\n                        <\/a>\n                    <\/div>\n                \n[\/spb_text_block] [spb_text_block animation=\u00bbnone\u00bb animation_delay=\u00bb0&#8243; simplified_controls=\u00bbyes\u00bb custom_css_percentage=\u00bbno\u00bb padding_vertical=\u00bb0&#8243; padding_horizontal=\u00bb0&#8243; margin_vertical=\u00bb0&#8243; custom_css=\u00bbmargin-top: 0px;margin-bottom: 0px;\u00bb border_size=\u00bb0&#8243; border_styling_global=\u00bbdefault\u00bb width=\u00bb1\/1&#8243; el_position=\u00bbfirst last\u00bb]\n<hr style=\"background-color: #0098aa; height: 1px;\" \/>\n[\/spb_text_block] [\/spb_column] [\/spb_row] [spb_row element_name=\u00bbRow\u00bb wrap_type=\u00bbcontent-width\u00bb parallax_image_height=\u00bbcontent-height\u00bb parallax_image_movement=\u00bbfixed\u00bb parallax_image_speed=\u00bb0.5&#8243; bg_video_loop=\u00bbyes\u00bb parallax_video_height=\u00bbwindow-height\u00bb parallax_video_overlay=\u00bbnone\u00bb row_overlay_opacity=\u00bb0&#8243; row_col_pos=\u00bbdefault\u00bb width=\u00bb1\/1&#8243; el_position=\u00bbfirst last\u00bb] [spb_column col_sm=\u00bb12&#8243; padding_horizontal=\u00bb0&#8243; width=\u00bb1\/1&#8243; el_position=\u00bbfirst last\u00bb] [spb_text_block animation=\u00bbnone\u00bb animation_delay=\u00bb0&#8243; simplified_controls=\u00bbyes\u00bb custom_css_percentage=\u00bbno\u00bb padding_vertical=\u00bb0&#8243; padding_horizontal=\u00bb0&#8243; margin_vertical=\u00bb0&#8243; custom_css=\u00bbmargin-top: 0px;margin-bottom: 0px;\u00bb border_size=\u00bb0&#8243; border_styling_global=\u00bbdefault\u00bb width=\u00bb1\/1&#8243; el_position=\u00bbfirst last\u00bb]\n<h2 style=\"text-align: center;\"><strong>Componentes de electricidad y electr\u00f3nica<br \/>\n<\/strong><\/h2>\n<div class=\"horizontal-break bold\" style=\"background-color: #666d78; width: 100px\"> <\/div>\n[\/spb_text_block] [spb_boxed_content type=\u00bbcoloured\u00bb box_link_target=\u00bb_self\u00bb padding_vertical=\u00bb0&#8243; padding_horizontal=\u00bb0&#8243; width=\u00bb1\/1&#8243; el_position=\u00bbfirst last\u00bb]\n<p style=\"text-align: justify;\">La electricidad y la electr\u00f3nica son un campo muy extenso y presente en casi la totalidad de sectores que se utilizan en la vida cotidiana. Industria, automoci\u00f3n, centros de ocio y trabajo, deporte, hogar\u2026 Por este motivo, la demanda de piezas, herramientas y otros componentes de la electricidad y la electr\u00f3nica es muy alta.<\/p>\n[\/spb_boxed_content] [\/spb_column] [spb_column col_sm=\u00bb6&#8243; padding_horizontal=\u00bb0&#8243; width=\u00bb1\/2&#8243; el_position=\u00bbfirst\u00bb] [spb_icon_box title=\u00bbCables\u00bb box_type=\u00bbstandard-title\u00bb box_icon_type=\u00bbcharacter\u00bb character=\u00bb\u00b7\u00bb animate_svg=\u00bbno\u00bb target=\u00bb_self\u00bb animation=\u00bbnone\u00bb animation_delay=\u00bb0&#8243; animated_box_style=\u00bbcoloured\u00bb animated_box_rounded=\u00bbyes\u00bb width=\u00bb1\/1&#8243; el_position=\u00bbfirst last\u00bb]\n<p style=\"text-align: justify;\">uno de los elementos que m\u00e1s se asocian a la idea de electricidad y electr\u00f3nica, es el encargado de conducir la electricidad. Est\u00e1n realizados con materiales como el cobre, el aluminio o el almelec (resultado de la uni\u00f3n del aluminio y el magnesio), y recubiertos de otros materiales cuya funci\u00f3n es la de aislar o proteger. Estos materiales aislantes y protectores pueden ser el PVC (Ploricloruro de Vinilo), PE (Polietileno), PCP (Policloropreno) o EPR (etileno y propileno).<\/p>\n[\/spb_icon_box] [\/spb_column] [spb_column col_sm=\u00bb6&#8243; padding_horizontal=\u00bb0&#8243; width=\u00bb1\/2&#8243; el_position=\u00bblast\u00bb] [spb_icon_box title=\u00bbGeneradores\u00bb box_type=\u00bbstandard-title\u00bb box_icon_type=\u00bbcharacter\u00bb character=\u00bb\u00b7\u00bb animate_svg=\u00bbno\u00bb target=\u00bb_self\u00bb animation=\u00bbnone\u00bb animation_delay=\u00bb0&#8243; animated_box_style=\u00bbcoloured\u00bb animated_box_rounded=\u00bbyes\u00bb width=\u00bb1\/1&#8243; el_position=\u00bbfirst last\u00bb]\n<p style=\"text-align: justify;\">Tambi\u00e9n son dispositivos muy comunes en la electr\u00f3nica y la electricidad. Estos dispositivos mantienen una diferencia de potencia el\u00e9ctrica entre dos puntos, y transforman la energ\u00eda de origen mec\u00e1nico en energ\u00eda el\u00e9ctrica.<\/p>\n[\/spb_icon_box] [\/spb_column] [\/spb_row]\n","protected":false},"excerpt":{"rendered":"<p>[spb_row element_name=\u00bbRow\u00bb wrap_type=\u00bbcontent-width\u00bb parallax_image_height=\u00bbcontent-height\u00bb parallax_image_movement=\u00bbfixed\u00bb parallax_image_speed=\u00bb0.5&#8243; bg_video_loop=\u00bbyes\u00bb parallax_video_height=\u00bbwindow-height\u00bb parallax_video_overlay=\u00bbnone\u00bb row_overlay_opacity=\u00bb0&#8243; row_col_pos=\u00bbdefault\u00bb width=\u00bb1\/1&#8243; el_position=\u00bbfirst last\u00bb] [spb_column col_sm=\u00bb12&#8243; col_animation=\u00bbnone\u00bb col_animation_delay=\u00bb0&#8243; col_bg_type=\u00bbcover\u00bb col_parallax_image_movement=\u00bbfixed\u00bb col_parallax_image_speed=\u00bb0.5&#8243; col_padding=\u00bb0&#8243; col_vertical_offset=\u00bb0&#8243; col_horizontal_offset=\u00bb0&#8243; col_custom_zindex=\u00bb0&#8243; simplified_controls=\u00bbyes\u00bb custom_css_percentage=\u00bbno\u00bb padding_vertical=\u00bb0&#8243; padding_horizontal=\u00bb0&#8243; margin_vertical=\u00bb0&#8243; custom_css=\u00bbmargin-top: 0px;margin-bottom: 0px;\u00bb border_styling_global=\u00bbdefault\u00bb width=\u00bb1\/1&#8243; el_position=\u00bbfirst last\u00bb] [spb_text_block animation=\u00bbnone\u00bb animation_delay=\u00bb0&#8243; simplified_controls=\u00bbyes\u00bb custom_css_percentage=\u00bbno\u00bb padding_vertical=\u00bb0&#8243; padding_horizontal=\u00bb0&#8243; margin_vertical=\u00bb0&#8243; custom_css=\u00bbmargin-top: 0px;margin-bottom: 0px;\u00bb border_size=\u00bb0&#8243; border_styling_global=\u00bbdefault\u00bb width=\u00bb3\/4&#8243; el_position=\u00bbfirst\u00bb] Gesti\u00f3n de Compras tiene un amplio rango de [&hellip;]<\/p>\n","protected":false},"author":1,"featured_media":14895,"parent":652,"menu_order":0,"comment_status":"closed","ping_status":"closed","template":"page-products-category.php","meta":{"footnotes":""},"yoast_head":"<!-- This site is optimized with the Yoast SEO plugin v22.4 - https:\/\/yoast.com\/wordpress\/plugins\/seo\/ -->\n<title>Electricidad y electr\u00f3nica. Componentes - Gesti\u00f3n De Compras<\/title>\n<meta name=\"description\" content=\"Disponemos de un amplio rango de productos en el campo de la electricidad y electr\u00f3nica. Cables, bombas y otros componentes electr\u00f3nicos.\" \/>\n<meta name=\"robots\" content=\"index, follow, max-snippet:-1, max-image-preview:large, max-video-preview:-1\" \/>\n<link rel=\"canonical\" href=\"https:\/\/wp.gestiondecompras.com\/es\/productos\/electricidad-y-electronica\/\" \/>\n<meta property=\"og:locale\" content=\"es_ES\" \/>\n<meta property=\"og:type\" content=\"article\" \/>\n<meta property=\"og:title\" content=\"Electricidad y electr\u00f3nica. Componentes - Gesti\u00f3n De Compras\" \/>\n<meta property=\"og:description\" content=\"Disponemos de un amplio rango de productos en el campo de la electricidad y electr\u00f3nica. Cables, bombas y otros componentes electr\u00f3nicos.\" \/>\n<meta property=\"og:url\" content=\"https:\/\/wp.gestiondecompras.com\/es\/productos\/electricidad-y-electronica\/\" \/>\n<meta property=\"og:site_name\" content=\"Gesti\u00f3n De Compras\" \/>\n<meta property=\"article:modified_time\" content=\"2023-10-10T08:18:12+00:00\" \/>\n<meta property=\"og:image\" content=\"https:\/\/wp.gestiondecompras.com\/wp-content\/uploads\/2023\/10\/electricidad-y-electronica.jpg\" \/>\n\t<meta property=\"og:image:width\" content=\"1080\" \/>\n\t<meta property=\"og:image:height\" content=\"720\" \/>\n\t<meta property=\"og:image:type\" content=\"image\/jpeg\" \/>\n<meta name=\"twitter:card\" content=\"summary_large_image\" \/>\n<meta name=\"twitter:label1\" content=\"Tiempo de lectura\" \/>\n\t<meta name=\"twitter:data1\" content=\"2 minutos\" \/>\n<script type=\"application\/ld+json\" class=\"yoast-schema-graph\">{\"@context\":\"https:\/\/schema.org\",\"@graph\":[{\"@type\":\"WebPage\",\"@id\":\"https:\/\/wp.gestiondecompras.com\/es\/productos\/electricidad-y-electronica\/\",\"url\":\"https:\/\/wp.gestiondecompras.com\/es\/productos\/electricidad-y-electronica\/\",\"name\":\"Electricidad y electr\u00f3nica. Componentes - Gesti\u00f3n De Compras\",\"isPartOf\":{\"@id\":\"https:\/\/wp.gestiondecompras.com\/es\/#website\"},\"primaryImageOfPage\":{\"@id\":\"https:\/\/wp.gestiondecompras.com\/es\/productos\/electricidad-y-electronica\/#primaryimage\"},\"image\":{\"@id\":\"https:\/\/wp.gestiondecompras.com\/es\/productos\/electricidad-y-electronica\/#primaryimage\"},\"thumbnailUrl\":\"https:\/\/wp.gestiondecompras.com\/wp-content\/uploads\/2023\/10\/electricidad-y-electronica.jpg\",\"datePublished\":\"2021-05-10T15:51:11+00:00\",\"dateModified\":\"2023-10-10T08:18:12+00:00\",\"description\":\"Disponemos de un amplio rango de productos en el campo de la electricidad y electr\u00f3nica. Cables, bombas y otros componentes electr\u00f3nicos.\",\"breadcrumb\":{\"@id\":\"https:\/\/wp.gestiondecompras.com\/es\/productos\/electricidad-y-electronica\/#breadcrumb\"},\"inLanguage\":\"es\",\"potentialAction\":[{\"@type\":\"ReadAction\",\"target\":[\"https:\/\/wp.gestiondecompras.com\/es\/productos\/electricidad-y-electronica\/\"]}]},{\"@type\":\"ImageObject\",\"inLanguage\":\"es\",\"@id\":\"https:\/\/wp.gestiondecompras.com\/es\/productos\/electricidad-y-electronica\/#primaryimage\",\"url\":\"https:\/\/wp.gestiondecompras.com\/wp-content\/uploads\/2023\/10\/electricidad-y-electronica.jpg\",\"contentUrl\":\"https:\/\/wp.gestiondecompras.com\/wp-content\/uploads\/2023\/10\/electricidad-y-electronica.jpg\",\"width\":1080,\"height\":720,\"caption\":\"Electricidad y electr\u00f3nica\"},{\"@type\":\"BreadcrumbList\",\"@id\":\"https:\/\/wp.gestiondecompras.com\/es\/productos\/electricidad-y-electronica\/#breadcrumb\",\"itemListElement\":[{\"@type\":\"ListItem\",\"position\":1,\"name\":\"Inicio\",\"item\":\"https:\/\/wp.gestiondecompras.com\/es\/\"},{\"@type\":\"ListItem\",\"position\":2,\"name\":\"Productos\",\"item\":\"https:\/\/wp.gestiondecompras.com\/es\/productos\/\"},{\"@type\":\"ListItem\",\"position\":3,\"name\":\"Electricidad y electr\u00f3nica\"}]},{\"@type\":\"WebSite\",\"@id\":\"https:\/\/wp.gestiondecompras.com\/es\/#website\",\"url\":\"https:\/\/wp.gestiondecompras.com\/es\/\",\"name\":\"Gesti\u00f3n De Compras\",\"description\":\"Sourcing Internacional\",\"potentialAction\":[{\"@type\":\"SearchAction\",\"target\":{\"@type\":\"EntryPoint\",\"urlTemplate\":\"https:\/\/wp.gestiondecompras.com\/es\/?s={search_term_string}\"},\"query-input\":\"required name=search_term_string\"}],\"inLanguage\":\"es\"}]}<\/script>\n<!-- \/ Yoast SEO plugin. -->","yoast_head_json":{"title":"Electricidad y electr\u00f3nica. Componentes - Gesti\u00f3n De Compras","description":"Disponemos de un amplio rango de productos en el campo de la electricidad y electr\u00f3nica. Cables, bombas y otros componentes electr\u00f3nicos.","robots":{"index":"index","follow":"follow","max-snippet":"max-snippet:-1","max-image-preview":"max-image-preview:large","max-video-preview":"max-video-preview:-1"},"canonical":"https:\/\/wp.gestiondecompras.com\/es\/productos\/electricidad-y-electronica\/","og_locale":"es_ES","og_type":"article","og_title":"Electricidad y electr\u00f3nica. Componentes - Gesti\u00f3n De Compras","og_description":"Disponemos de un amplio rango de productos en el campo de la electricidad y electr\u00f3nica. Cables, bombas y otros componentes electr\u00f3nicos.","og_url":"https:\/\/wp.gestiondecompras.com\/es\/productos\/electricidad-y-electronica\/","og_site_name":"Gesti\u00f3n De Compras","article_modified_time":"2023-10-10T08:18:12+00:00","og_image":[{"width":1080,"height":720,"url":"https:\/\/wp.gestiondecompras.com\/wp-content\/uploads\/2023\/10\/electricidad-y-electronica.jpg","type":"image\/jpeg"}],"twitter_card":"summary_large_image","twitter_misc":{"Tiempo de lectura":"2 minutos"},"schema":{"@context":"https:\/\/schema.org","@graph":[{"@type":"WebPage","@id":"https:\/\/wp.gestiondecompras.com\/es\/productos\/electricidad-y-electronica\/","url":"https:\/\/wp.gestiondecompras.com\/es\/productos\/electricidad-y-electronica\/","name":"Electricidad y electr\u00f3nica. Componentes - Gesti\u00f3n De Compras","isPartOf":{"@id":"https:\/\/wp.gestiondecompras.com\/es\/#website"},"primaryImageOfPage":{"@id":"https:\/\/wp.gestiondecompras.com\/es\/productos\/electricidad-y-electronica\/#primaryimage"},"image":{"@id":"https:\/\/wp.gestiondecompras.com\/es\/productos\/electricidad-y-electronica\/#primaryimage"},"thumbnailUrl":"https:\/\/wp.gestiondecompras.com\/wp-content\/uploads\/2023\/10\/electricidad-y-electronica.jpg","datePublished":"2021-05-10T15:51:11+00:00","dateModified":"2023-10-10T08:18:12+00:00","description":"Disponemos de un amplio rango de productos en el campo de la electricidad y electr\u00f3nica. Cables, bombas y otros componentes electr\u00f3nicos.","breadcrumb":{"@id":"https:\/\/wp.gestiondecompras.com\/es\/productos\/electricidad-y-electronica\/#breadcrumb"},"inLanguage":"es","potentialAction":[{"@type":"ReadAction","target":["https:\/\/wp.gestiondecompras.com\/es\/productos\/electricidad-y-electronica\/"]}]},{"@type":"ImageObject","inLanguage":"es","@id":"https:\/\/wp.gestiondecompras.com\/es\/productos\/electricidad-y-electronica\/#primaryimage","url":"https:\/\/wp.gestiondecompras.com\/wp-content\/uploads\/2023\/10\/electricidad-y-electronica.jpg","contentUrl":"https:\/\/wp.gestiondecompras.com\/wp-content\/uploads\/2023\/10\/electricidad-y-electronica.jpg","width":1080,"height":720,"caption":"Electricidad y electr\u00f3nica"},{"@type":"BreadcrumbList","@id":"https:\/\/wp.gestiondecompras.com\/es\/productos\/electricidad-y-electronica\/#breadcrumb","itemListElement":[{"@type":"ListItem","position":1,"name":"Inicio","item":"https:\/\/wp.gestiondecompras.com\/es\/"},{"@type":"ListItem","position":2,"name":"Productos","item":"https:\/\/wp.gestiondecompras.com\/es\/productos\/"},{"@type":"ListItem","position":3,"name":"Electricidad y electr\u00f3nica"}]},{"@type":"WebSite","@id":"https:\/\/wp.gestiondecompras.com\/es\/#website","url":"https:\/\/wp.gestiondecompras.com\/es\/","name":"Gesti\u00f3n De Compras","description":"Sourcing Internacional","potentialAction":[{"@type":"SearchAction","target":{"@type":"EntryPoint","urlTemplate":"https:\/\/wp.gestiondecompras.com\/es\/?s={search_term_string}"},"query-input":"required name=search_term_string"}],"inLanguage":"es"}]}},"_links":{"self":[{"href":"https:\/\/wp.gestiondecompras.com\/es\/wp-json\/wp\/v2\/pages\/1349"}],"collection":[{"href":"https:\/\/wp.gestiondecompras.com\/es\/wp-json\/wp\/v2\/pages"}],"about":[{"href":"https:\/\/wp.gestiondecompras.com\/es\/wp-json\/wp\/v2\/types\/page"}],"author":[{"embeddable":true,"href":"https:\/\/wp.gestiondecompras.com\/es\/wp-json\/wp\/v2\/users\/1"}],"replies":[{"embeddable":true,"href":"https:\/\/wp.gestiondecompras.com\/es\/wp-json\/wp\/v2\/comments?post=1349"}],"version-history":[{"count":5,"href":"https:\/\/wp.gestiondecompras.com\/es\/wp-json\/wp\/v2\/pages\/1349\/revisions"}],"predecessor-version":[{"id":13251,"href":"https:\/\/wp.gestiondecompras.com\/es\/wp-json\/wp\/v2\/pages\/1349\/revisions\/13251"}],"up":[{"embeddable":true,"href":"https:\/\/wp.gestiondecompras.com\/es\/wp-json\/wp\/v2\/pages\/652"}],"wp:featuredmedia":[{"embeddable":true,"href":"https:\/\/wp.gestiondecompras.com\/es\/wp-json\/wp\/v2\/media\/14895"}],"wp:attachment":[{"href":"https:\/\/wp.gestiondecompras.com\/es\/wp-json\/wp\/v2\/media?parent=1349"}],"curies":[{"name":"wp","href":"https:\/\/api.w.org\/{rel}","templated":true}]}}