{"id":13257,"date":"2022-12-09T11:50:09","date_gmt":"2022-12-09T11:50:09","guid":{"rendered":"https:\/\/wp.gestiondecompras.com\/?page_id=13257"},"modified":"2023-02-13T07:18:27","modified_gmt":"2023-02-13T07:18:27","slug":"energia-solar","status":"publish","type":"page","link":"https:\/\/wp.gestiondecompras.com\/es\/productos\/electricidad-y-electronica\/energia-solar\/","title":{"rendered":"Energ\u00eda Solar"},"content":{"rendered":"[spb_row element_name=\u00bbRow\u00bb wrap_type=\u00bbcontent-width\u00bb parallax_image_height=\u00bbcontent-height\u00bb parallax_image_movement=\u00bbfixed\u00bb parallax_image_speed=\u00bb0.5&#8243; bg_video_loop=\u00bbyes\u00bb parallax_video_height=\u00bbwindow-height\u00bb parallax_video_overlay=\u00bbnone\u00bb row_overlay_opacity=\u00bb0&#8243; row_col_pos=\u00bbdefault\u00bb width=\u00bb1\/1&#8243; el_position=\u00bbfirst last\u00bb] [spb_column col_sm=\u00bb12&#8243; col_animation=\u00bbnone\u00bb col_animation_delay=\u00bb0&#8243; col_bg_type=\u00bbcover\u00bb col_parallax_image_movement=\u00bbfixed\u00bb col_parallax_image_speed=\u00bb0.5&#8243; col_padding=\u00bb0&#8243; col_vertical_offset=\u00bb0&#8243; col_horizontal_offset=\u00bb0&#8243; col_custom_zindex=\u00bb0&#8243; simplified_controls=\u00bbyes\u00bb custom_css_percentage=\u00bbno\u00bb padding_vertical=\u00bb0&#8243; padding_horizontal=\u00bb0&#8243; margin_vertical=\u00bb0&#8243; custom_css=\u00bbmargin-top: 0px;margin-bottom: 0px;\u00bb border_styling_global=\u00bbdefault\u00bb width=\u00bb1\/1&#8243; el_position=\u00bbfirst last\u00bb] [spb_text_block animation=\u00bbnone\u00bb animation_delay=\u00bb0&#8243; simplified_controls=\u00bbyes\u00bb custom_css_percentage=\u00bbno\u00bb padding_vertical=\u00bb0&#8243; padding_horizontal=\u00bb0&#8243; margin_vertical=\u00bb0&#8243; custom_css=\u00bbmargin-top: 0px;margin-bottom: 0px;\u00bb border_size=\u00bb0&#8243; border_styling_global=\u00bbdefault\u00bb width=\u00bb3\/4&#8243; el_position=\u00bbfirst\u00bb]\n<p>Gesti\u00f3n de Compras cuenta con un amplio rango de productos en el sector fotovoltaico. Suministramos paneles solares, estructuras de montaje, as\u00ed como microinversores.<\/p>\n[\/spb_text_block] [spb_text_block animation=\u00bbnone\u00bb animation_delay=\u00bb0&#8243; simplified_controls=\u00bbyes\u00bb custom_css_percentage=\u00bbno\u00bb padding_vertical=\u00bb0&#8243; padding_horizontal=\u00bb0&#8243; margin_vertical=\u00bb0&#8243; custom_css=\u00bbmargin-top: 0px;margin-bottom: 0px;\u00bb border_size=\u00bb0&#8243; border_styling_global=\u00bbdefault\u00bb width=\u00bb1\/4&#8243; el_position=\u00bblast\u00bb]\n\n                    <div class=\"spb-asset-content\" style=\"text-align: center;\">\n                        <a class=\"sf-button standard accent default pdf-button\" href=\"\/wp-content\/uploads\/2021\/11\/energia-solar-es.pdf\" target=\"_blank\" rel=\"\">\n                            <svg xmlns=\"http:\/\/www.w3.org\/2000\/svg\" width=\"24\" height=\"24\" viewBox=\"0 0 24 24\" style=\"margin-right: 8px;\">\n                                <style type=\"text\/css\">\n                                    .st0{fill:#FFFFFF;}\n                                <\/style>\n                                <path class=\"st0\" d=\"M11.4,2C15.5,2,14,8,14,8s6-1.7,6,2.5V22H4V2C4,2,11.4,2,11.4,2z M12.2,0H2v24h20V9.6C22,7.2,15.4,0,12.2,0z   M8.4,17.3c0.3-0.3,0.9-0.6,1.7-1c0.4-0.7,0.7-1.5,1-2.2c-0.2-0.5-0.4-1-0.5-1.6c-0.2-2.1,2.1-1.9,1.7,0c-0.1,0.4-0.2,0.9-0.5,1.5  c0.4,0.7,0.8,1.1,1.2,1.5c0.5-0.1,1.3-0.2,1.8-0.1c1.4,0.2,1.2,1.7,0,1.7c-0.6,0-1.5-0.5-2-0.9c-0.8,0.1-1.6,0.4-2.3,0.6  c-0.2,0.4-0.5,1-0.8,1.4C8.7,19.9,7.2,18.4,8.4,17.3z M9.6,17.3c-0.3,0.1-0.6,0.3-0.8,0.6c-0.3,0.3-0.1,0.6,0.3,0.2  C9.3,17.9,9.5,17.6,9.6,17.3z M14.1,16.1c0.2,0.2,0.6,0.3,0.9,0.3c0.4,0,0.4-0.3-0.1-0.3C14.7,16.1,14.4,16.1,14.1,16.1z M11.1,16  c0.3-0.1,1-0.3,1.2-0.3c0,0-0.5-0.5-0.7-0.8C11.5,15.2,11.1,16,11.1,16z M11.5,12c-0.1,0.3,0,0.8,0.1,1.1c0.1-0.2,0.3-0.8,0.2-1.1  C11.7,11.7,11.5,11.7,11.5,12z\"\/>\n                            <\/svg>\n                            <span>Energ\u00eda Solar<\/span>\n                        <\/a>\n                    <\/div>\n                \n[\/spb_text_block] [spb_text_block animation=\u00bbnone\u00bb animation_delay=\u00bb0&#8243; simplified_controls=\u00bbyes\u00bb custom_css_percentage=\u00bbno\u00bb padding_vertical=\u00bb0&#8243; padding_horizontal=\u00bb0&#8243; margin_vertical=\u00bb0&#8243; custom_css=\u00bbmargin-top: 0px;margin-bottom: 0px;\u00bb border_size=\u00bb0&#8243; border_styling_global=\u00bbdefault\u00bb width=\u00bb1\/1&#8243; el_position=\u00bbfirst last\u00bb]\n<hr style=\"background-color: #0098aa; height: 1px;\" \/>\n[\/spb_text_block] [\/spb_column] [\/spb_row] [spb_row element_name=\u00bbRow\u00bb wrap_type=\u00bbcontent-width\u00bb parallax_image_height=\u00bbcontent-height\u00bb parallax_image_movement=\u00bbfixed\u00bb parallax_image_speed=\u00bb0.5&#8243; bg_video_loop=\u00bbyes\u00bb parallax_video_height=\u00bbwindow-height\u00bb parallax_video_overlay=\u00bbnone\u00bb row_overlay_opacity=\u00bb0&#8243; row_col_pos=\u00bbdefault\u00bb width=\u00bb1\/1&#8243; el_position=\u00bbfirst last\u00bb] [spb_column col_sm=\u00bb12&#8243; padding_horizontal=\u00bb0&#8243; width=\u00bb1\/1&#8243; el_position=\u00bbfirst last\u00bb] [spb_text_block animation=\u00bbnone\u00bb animation_delay=\u00bb0&#8243; simplified_controls=\u00bbyes\u00bb custom_css_percentage=\u00bbno\u00bb padding_vertical=\u00bb0&#8243; padding_horizontal=\u00bb0&#8243; margin_vertical=\u00bb0&#8243; custom_css=\u00bbmargin-top: 0px;margin-bottom: 0px;\u00bb border_size=\u00bb0&#8243; border_styling_global=\u00bbdefault\u00bb width=\u00bb1\/1&#8243; el_position=\u00bbfirst last\u00bb]\n<h2 style=\"text-align: center;\"><strong>Componentes para instalaciones fotovoltaicas<br \/>\n<\/strong><\/h2>\n<div class=\"horizontal-break bold\" style=\"background-color: #666d78; width: 100px\"> <\/div>\n[\/spb_text_block] [spb_boxed_content type=\u00bbcoloured\u00bb box_link_target=\u00bb_self\u00bb padding_vertical=\u00bb0&#8243; padding_horizontal=\u00bb0&#8243; width=\u00bb1\/1&#8243; el_position=\u00bbfirst last\u00bb]\n<p style=\"text-align: justify;\">El sector fotovoltaico ha sufrido un gran avance desde sus inicios. A d\u00eda de hoy, los componentes fotovoltaicos se han normalizado en nuestra sociedad y forman parte de muchos aspectos en nuestra vida cotidiana, presentes cada vez en mayor n\u00famero de instalaciones. Industria, automoci\u00f3n, centros de ocio y trabajo, hogar\u2026 son algunos de ellos. Por este motivo, desde Gesti\u00f3n de Compras ponemos a disposici\u00f3n de nuestros clientes diversos componentes fotovoltaicos. Para informaci\u00f3n concreta de cada producto, contacte con nosotros.<\/p>\n[\/spb_boxed_content] [\/spb_column] [spb_blank_spacer height=\u00bb30px\u00bb width=\u00bb1\/1&#8243; el_position=\u00bbfirst last\u00bb] [spb_column col_sm=\u00bb4&#8243; padding_horizontal=\u00bb0&#8243; width=\u00bb1\/3&#8243; el_position=\u00bbfirst\u00bb] [spb_boxed_content type=\u00bbcoloured\u00bb box_link_target=\u00bb_self\u00bb padding_vertical=\u00bb0&#8243; padding_horizontal=\u00bb0&#8243; width=\u00bb1\/1&#8243; el_position=\u00bbfirst last\u00bb]\n<p><img loading=\"lazy\" decoding=\"async\" class=\"aligncenter size-medium wp-image-13268\" src=\"https:\/\/wp.gestiondecompras.com\/wp-content\/uploads\/2022\/12\/paneles-solares-300x225.jpg\" alt=\"paneles solares\" width=\"300\" height=\"225\" srcset=\"https:\/\/wp.gestiondecompras.com\/wp-content\/uploads\/2022\/12\/paneles-solares-300x225.jpg 300w, https:\/\/wp.gestiondecompras.com\/wp-content\/uploads\/2022\/12\/paneles-solares-1024x768.jpg 1024w, https:\/\/wp.gestiondecompras.com\/wp-content\/uploads\/2022\/12\/paneles-solares-768x576.jpg 768w, https:\/\/wp.gestiondecompras.com\/wp-content\/uploads\/2022\/12\/paneles-solares-600x450.jpg 600w, https:\/\/wp.gestiondecompras.com\/wp-content\/uploads\/2022\/12\/paneles-solares-900x675.jpg 900w, https:\/\/wp.gestiondecompras.com\/wp-content\/uploads\/2022\/12\/paneles-solares.jpg 1080w\" sizes=\"(max-width: 300px) 100vw, 300px\" \/><\/p>\n[\/spb_boxed_content] [spb_icon_box title=\u00bbPaneles solares\u00bb box_type=\u00bbstandard-title\u00bb animate_svg=\u00bbno\u00bb target=\u00bb_self\u00bb animation=\u00bbnone\u00bb animation_delay=\u00bb0&#8243; animated_box_style=\u00bbcoloured\u00bb animated_box_rounded=\u00bbyes\u00bb width=\u00bb1\/1&#8243; el_position=\u00bbfirst last\u00bb]\n<p style=\"text-align: justify;\">El principal componente son los m\u00f3dulos fotovoltaicos, m\u00e1s com\u00fanmente conocidos como placas o paneles solares. Los m\u00f3dulos fotovoltaicos producen energ\u00eda a trav\u00e9s de las celdas o c\u00e9lulas fotovoltaicas de las que est\u00e1n compuestos. Existen dos tipos: las monocristalinas, con secciones de un \u00fanico cristal de silicio, y las policristalinas, con peque\u00f1as part\u00edculas cristalizadas.<\/p>\n[\/spb_icon_box] [\/spb_column] [spb_column col_sm=\u00bb4&#8243; padding_horizontal=\u00bb0&#8243; width=\u00bb1\/3&#8243;] [spb_boxed_content type=\u00bbcoloured\u00bb box_link_target=\u00bb_self\u00bb padding_vertical=\u00bb0&#8243; padding_horizontal=\u00bb0&#8243; width=\u00bb1\/1&#8243; el_position=\u00bbfirst last\u00bb]\n<p><img loading=\"lazy\" decoding=\"async\" class=\"aligncenter size-medium wp-image-13263\" src=\"https:\/\/wp.gestiondecompras.com\/wp-content\/uploads\/2022\/12\/microinversores-300x225.jpg\" alt=\"microinversores\" width=\"300\" height=\"225\" srcset=\"https:\/\/wp.gestiondecompras.com\/wp-content\/uploads\/2022\/12\/microinversores-300x225.jpg 300w, https:\/\/wp.gestiondecompras.com\/wp-content\/uploads\/2022\/12\/microinversores-1024x768.jpg 1024w, https:\/\/wp.gestiondecompras.com\/wp-content\/uploads\/2022\/12\/microinversores-768x576.jpg 768w, https:\/\/wp.gestiondecompras.com\/wp-content\/uploads\/2022\/12\/microinversores-600x450.jpg 600w, https:\/\/wp.gestiondecompras.com\/wp-content\/uploads\/2022\/12\/microinversores-900x675.jpg 900w, https:\/\/wp.gestiondecompras.com\/wp-content\/uploads\/2022\/12\/microinversores.jpg 1080w\" sizes=\"(max-width: 300px) 100vw, 300px\" \/><\/p>\n[\/spb_boxed_content] [spb_icon_box title=\u00bbMicroinversores\u00bb box_type=\u00bbstandard-title\u00bb animate_svg=\u00bbno\u00bb target=\u00bb_self\u00bb animation=\u00bbnone\u00bb animation_delay=\u00bb0&#8243; animated_box_style=\u00bbcoloured\u00bb animated_box_rounded=\u00bbyes\u00bb width=\u00bb1\/1&#8243; el_position=\u00bbfirst last\u00bb]\n<p style=\"text-align: justify;\">La elecci\u00f3n de los microinversores adecuados es una de las decisiones m\u00e1s importantes en cuanto a tu sistema de energ\u00eda solar. Nuestros microinversores cuentan con una tecnolog\u00eda avanzada en el mercado, lo que supone una mayor eficiencia, mayor fiabilidad y una inteligencia del sistema inigualable.<\/p>\n[\/spb_icon_box] [\/spb_column] [spb_column col_sm=\u00bb4&#8243; padding_horizontal=\u00bb0&#8243; width=\u00bb1\/3&#8243; el_position=\u00bblast\u00bb] [spb_boxed_content type=\u00bbcoloured\u00bb box_link_target=\u00bb_self\u00bb padding_vertical=\u00bb0&#8243; padding_horizontal=\u00bb0&#8243; width=\u00bb1\/1&#8243; el_position=\u00bbfirst last\u00bb]\n<p><img loading=\"lazy\" decoding=\"async\" class=\"aligncenter size-medium wp-image-13258\" src=\"https:\/\/wp.gestiondecompras.com\/wp-content\/uploads\/2022\/12\/sistema-de-montaje-solar-300x225.png\" alt=\"Sistema de montaje solar\" width=\"300\" height=\"225\" srcset=\"https:\/\/wp.gestiondecompras.com\/wp-content\/uploads\/2022\/12\/sistema-de-montaje-solar-300x225.png 300w, https:\/\/wp.gestiondecompras.com\/wp-content\/uploads\/2022\/12\/sistema-de-montaje-solar-1024x768.png 1024w, https:\/\/wp.gestiondecompras.com\/wp-content\/uploads\/2022\/12\/sistema-de-montaje-solar-768x576.png 768w, https:\/\/wp.gestiondecompras.com\/wp-content\/uploads\/2022\/12\/sistema-de-montaje-solar-600x450.png 600w, https:\/\/wp.gestiondecompras.com\/wp-content\/uploads\/2022\/12\/sistema-de-montaje-solar-900x675.png 900w, https:\/\/wp.gestiondecompras.com\/wp-content\/uploads\/2022\/12\/sistema-de-montaje-solar.png 1080w\" sizes=\"(max-width: 300px) 100vw, 300px\" \/><\/p>\n[\/spb_boxed_content] [spb_icon_box title=\u00bbSistema de Montaje Solar\u00bb box_type=\u00bbstandard-title\u00bb animate_svg=\u00bbno\u00bb target=\u00bb_self\u00bb animation=\u00bbnone\u00bb animation_delay=\u00bb0&#8243; animated_box_style=\u00bbcoloured\u00bb animated_box_rounded=\u00bbyes\u00bb width=\u00bb1\/1&#8243; el_position=\u00bbfirst last\u00bb]\n<p style=\"text-align: justify;\">Los sistemas de montaje para placas solares engloban un conjunto de elementos y productos concretos para fijar los paneles solares sobre la cubierta o tejado, una superficie de cubierta met\u00e1lica o sobre paneles s\u00e1ndwich, con la finalidad de conseguir el montaje m\u00e1s \u00f3ptimo, con mayor calidad y funcionalidad. En Gesti\u00f3n de Compras disponemos de soportes para panel, soportes inclinados, abrazaderas, terminales, kit de montaje, etc, en funci\u00f3n de la superficie y finalidad.<\/p>\n[\/spb_icon_box] [\/spb_column] [\/spb_row]\n","protected":false},"excerpt":{"rendered":"<p>[spb_row element_name=\u00bbRow\u00bb wrap_type=\u00bbcontent-width\u00bb parallax_image_height=\u00bbcontent-height\u00bb parallax_image_movement=\u00bbfixed\u00bb parallax_image_speed=\u00bb0.5&#8243; bg_video_loop=\u00bbyes\u00bb parallax_video_height=\u00bbwindow-height\u00bb parallax_video_overlay=\u00bbnone\u00bb row_overlay_opacity=\u00bb0&#8243; row_col_pos=\u00bbdefault\u00bb width=\u00bb1\/1&#8243; el_position=\u00bbfirst last\u00bb] [spb_column col_sm=\u00bb12&#8243; col_animation=\u00bbnone\u00bb col_animation_delay=\u00bb0&#8243; col_bg_type=\u00bbcover\u00bb col_parallax_image_movement=\u00bbfixed\u00bb col_parallax_image_speed=\u00bb0.5&#8243; col_padding=\u00bb0&#8243; col_vertical_offset=\u00bb0&#8243; col_horizontal_offset=\u00bb0&#8243; col_custom_zindex=\u00bb0&#8243; simplified_controls=\u00bbyes\u00bb custom_css_percentage=\u00bbno\u00bb padding_vertical=\u00bb0&#8243; padding_horizontal=\u00bb0&#8243; margin_vertical=\u00bb0&#8243; custom_css=\u00bbmargin-top: 0px;margin-bottom: 0px;\u00bb border_styling_global=\u00bbdefault\u00bb width=\u00bb1\/1&#8243; el_position=\u00bbfirst last\u00bb] [spb_text_block animation=\u00bbnone\u00bb animation_delay=\u00bb0&#8243; simplified_controls=\u00bbyes\u00bb custom_css_percentage=\u00bbno\u00bb padding_vertical=\u00bb0&#8243; padding_horizontal=\u00bb0&#8243; margin_vertical=\u00bb0&#8243; custom_css=\u00bbmargin-top: 0px;margin-bottom: 0px;\u00bb border_size=\u00bb0&#8243; border_styling_global=\u00bbdefault\u00bb width=\u00bb3\/4&#8243; el_position=\u00bbfirst\u00bb] Gesti\u00f3n de Compras cuenta con un amplio rango [&hellip;]<\/p>\n","protected":false},"author":3,"featured_media":13353,"parent":1349,"menu_order":0,"comment_status":"closed","ping_status":"closed","template":"page-title.php","meta":{"footnotes":""},"yoast_head":"<!-- This site is optimized with the Yoast SEO plugin v22.4 - https:\/\/yoast.com\/wordpress\/plugins\/seo\/ -->\n<title>Energ\u00eda Solar. Componentes Fotovoltaicos - Gesti\u00f3n De Compras<\/title>\n<meta name=\"description\" content=\"Contamos con un amplio rango de productos del sector fotovoltaico. Suministramos paneles solares, estructuras de montaje, microinversores...\" \/>\n<meta name=\"robots\" content=\"index, follow, max-snippet:-1, max-image-preview:large, max-video-preview:-1\" \/>\n<link rel=\"canonical\" href=\"https:\/\/wp.gestiondecompras.com\/es\/productos\/electricidad-y-electronica\/energia-solar\/\" \/>\n<meta property=\"og:locale\" content=\"es_ES\" \/>\n<meta property=\"og:type\" content=\"article\" \/>\n<meta property=\"og:title\" content=\"Energ\u00eda Solar. Componentes Fotovoltaicos - Gesti\u00f3n De Compras\" \/>\n<meta property=\"og:description\" content=\"Contamos con un amplio rango de productos del sector fotovoltaico. Suministramos paneles solares, estructuras de montaje, microinversores...\" \/>\n<meta property=\"og:url\" content=\"https:\/\/wp.gestiondecompras.com\/es\/productos\/electricidad-y-electronica\/energia-solar\/\" \/>\n<meta property=\"og:site_name\" content=\"Gesti\u00f3n De Compras\" \/>\n<meta property=\"article:modified_time\" content=\"2023-02-13T07:18:27+00:00\" \/>\n<meta property=\"og:image\" content=\"https:\/\/wp.gestiondecompras.com\/wp-content\/uploads\/2022\/12\/FOTO-RECURSO.jpg\" \/>\n\t<meta property=\"og:image:width\" content=\"1920\" \/>\n\t<meta property=\"og:image:height\" content=\"1080\" \/>\n\t<meta property=\"og:image:type\" content=\"image\/jpeg\" \/>\n<meta name=\"twitter:card\" content=\"summary_large_image\" \/>\n<meta name=\"twitter:label1\" content=\"Tiempo de lectura\" \/>\n\t<meta name=\"twitter:data1\" content=\"4 minutos\" \/>\n<script type=\"application\/ld+json\" class=\"yoast-schema-graph\">{\"@context\":\"https:\/\/schema.org\",\"@graph\":[{\"@type\":\"WebPage\",\"@id\":\"https:\/\/wp.gestiondecompras.com\/es\/productos\/electricidad-y-electronica\/energia-solar\/\",\"url\":\"https:\/\/wp.gestiondecompras.com\/es\/productos\/electricidad-y-electronica\/energia-solar\/\",\"name\":\"Energ\u00eda Solar. Componentes Fotovoltaicos - Gesti\u00f3n De Compras\",\"isPartOf\":{\"@id\":\"https:\/\/wp.gestiondecompras.com\/es\/#website\"},\"primaryImageOfPage\":{\"@id\":\"https:\/\/wp.gestiondecompras.com\/es\/productos\/electricidad-y-electronica\/energia-solar\/#primaryimage\"},\"image\":{\"@id\":\"https:\/\/wp.gestiondecompras.com\/es\/productos\/electricidad-y-electronica\/energia-solar\/#primaryimage\"},\"thumbnailUrl\":\"https:\/\/wp.gestiondecompras.com\/wp-content\/uploads\/2022\/12\/FOTO-RECURSO.jpg\",\"datePublished\":\"2022-12-09T11:50:09+00:00\",\"dateModified\":\"2023-02-13T07:18:27+00:00\",\"description\":\"Contamos con un amplio rango de productos del sector fotovoltaico. Suministramos paneles solares, estructuras de montaje, microinversores...\",\"breadcrumb\":{\"@id\":\"https:\/\/wp.gestiondecompras.com\/es\/productos\/electricidad-y-electronica\/energia-solar\/#breadcrumb\"},\"inLanguage\":\"es\",\"potentialAction\":[{\"@type\":\"ReadAction\",\"target\":[\"https:\/\/wp.gestiondecompras.com\/es\/productos\/electricidad-y-electronica\/energia-solar\/\"]}]},{\"@type\":\"ImageObject\",\"inLanguage\":\"es\",\"@id\":\"https:\/\/wp.gestiondecompras.com\/es\/productos\/electricidad-y-electronica\/energia-solar\/#primaryimage\",\"url\":\"https:\/\/wp.gestiondecompras.com\/wp-content\/uploads\/2022\/12\/FOTO-RECURSO.jpg\",\"contentUrl\":\"https:\/\/wp.gestiondecompras.com\/wp-content\/uploads\/2022\/12\/FOTO-RECURSO.jpg\",\"width\":1920,\"height\":1080,\"caption\":\"energ\u00eda solar\"},{\"@type\":\"BreadcrumbList\",\"@id\":\"https:\/\/wp.gestiondecompras.com\/es\/productos\/electricidad-y-electronica\/energia-solar\/#breadcrumb\",\"itemListElement\":[{\"@type\":\"ListItem\",\"position\":1,\"name\":\"Inicio\",\"item\":\"https:\/\/wp.gestiondecompras.com\/es\/\"},{\"@type\":\"ListItem\",\"position\":2,\"name\":\"Productos\",\"item\":\"https:\/\/wp.gestiondecompras.com\/es\/productos\/\"},{\"@type\":\"ListItem\",\"position\":3,\"name\":\"Electricidad y electr\u00f3nica\",\"item\":\"https:\/\/wp.gestiondecompras.com\/es\/productos\/electricidad-y-electronica\/\"},{\"@type\":\"ListItem\",\"position\":4,\"name\":\"Energ\u00eda Solar\"}]},{\"@type\":\"WebSite\",\"@id\":\"https:\/\/wp.gestiondecompras.com\/es\/#website\",\"url\":\"https:\/\/wp.gestiondecompras.com\/es\/\",\"name\":\"Gesti\u00f3n De Compras\",\"description\":\"Sourcing Internacional\",\"potentialAction\":[{\"@type\":\"SearchAction\",\"target\":{\"@type\":\"EntryPoint\",\"urlTemplate\":\"https:\/\/wp.gestiondecompras.com\/es\/?s={search_term_string}\"},\"query-input\":\"required name=search_term_string\"}],\"inLanguage\":\"es\"}]}<\/script>\n<!-- \/ Yoast SEO plugin. -->","yoast_head_json":{"title":"Energ\u00eda Solar. Componentes Fotovoltaicos - Gesti\u00f3n De Compras","description":"Contamos con un amplio rango de productos del sector fotovoltaico. Suministramos paneles solares, estructuras de montaje, microinversores...","robots":{"index":"index","follow":"follow","max-snippet":"max-snippet:-1","max-image-preview":"max-image-preview:large","max-video-preview":"max-video-preview:-1"},"canonical":"https:\/\/wp.gestiondecompras.com\/es\/productos\/electricidad-y-electronica\/energia-solar\/","og_locale":"es_ES","og_type":"article","og_title":"Energ\u00eda Solar. Componentes Fotovoltaicos - Gesti\u00f3n De Compras","og_description":"Contamos con un amplio rango de productos del sector fotovoltaico. Suministramos paneles solares, estructuras de montaje, microinversores...","og_url":"https:\/\/wp.gestiondecompras.com\/es\/productos\/electricidad-y-electronica\/energia-solar\/","og_site_name":"Gesti\u00f3n De Compras","article_modified_time":"2023-02-13T07:18:27+00:00","og_image":[{"width":1920,"height":1080,"url":"https:\/\/wp.gestiondecompras.com\/wp-content\/uploads\/2022\/12\/FOTO-RECURSO.jpg","type":"image\/jpeg"}],"twitter_card":"summary_large_image","twitter_misc":{"Tiempo de lectura":"4 minutos"},"schema":{"@context":"https:\/\/schema.org","@graph":[{"@type":"WebPage","@id":"https:\/\/wp.gestiondecompras.com\/es\/productos\/electricidad-y-electronica\/energia-solar\/","url":"https:\/\/wp.gestiondecompras.com\/es\/productos\/electricidad-y-electronica\/energia-solar\/","name":"Energ\u00eda Solar. Componentes Fotovoltaicos - Gesti\u00f3n De Compras","isPartOf":{"@id":"https:\/\/wp.gestiondecompras.com\/es\/#website"},"primaryImageOfPage":{"@id":"https:\/\/wp.gestiondecompras.com\/es\/productos\/electricidad-y-electronica\/energia-solar\/#primaryimage"},"image":{"@id":"https:\/\/wp.gestiondecompras.com\/es\/productos\/electricidad-y-electronica\/energia-solar\/#primaryimage"},"thumbnailUrl":"https:\/\/wp.gestiondecompras.com\/wp-content\/uploads\/2022\/12\/FOTO-RECURSO.jpg","datePublished":"2022-12-09T11:50:09+00:00","dateModified":"2023-02-13T07:18:27+00:00","description":"Contamos con un amplio rango de productos del sector fotovoltaico. Suministramos paneles solares, estructuras de montaje, microinversores...","breadcrumb":{"@id":"https:\/\/wp.gestiondecompras.com\/es\/productos\/electricidad-y-electronica\/energia-solar\/#breadcrumb"},"inLanguage":"es","potentialAction":[{"@type":"ReadAction","target":["https:\/\/wp.gestiondecompras.com\/es\/productos\/electricidad-y-electronica\/energia-solar\/"]}]},{"@type":"ImageObject","inLanguage":"es","@id":"https:\/\/wp.gestiondecompras.com\/es\/productos\/electricidad-y-electronica\/energia-solar\/#primaryimage","url":"https:\/\/wp.gestiondecompras.com\/wp-content\/uploads\/2022\/12\/FOTO-RECURSO.jpg","contentUrl":"https:\/\/wp.gestiondecompras.com\/wp-content\/uploads\/2022\/12\/FOTO-RECURSO.jpg","width":1920,"height":1080,"caption":"energ\u00eda solar"},{"@type":"BreadcrumbList","@id":"https:\/\/wp.gestiondecompras.com\/es\/productos\/electricidad-y-electronica\/energia-solar\/#breadcrumb","itemListElement":[{"@type":"ListItem","position":1,"name":"Inicio","item":"https:\/\/wp.gestiondecompras.com\/es\/"},{"@type":"ListItem","position":2,"name":"Productos","item":"https:\/\/wp.gestiondecompras.com\/es\/productos\/"},{"@type":"ListItem","position":3,"name":"Electricidad y electr\u00f3nica","item":"https:\/\/wp.gestiondecompras.com\/es\/productos\/electricidad-y-electronica\/"},{"@type":"ListItem","position":4,"name":"Energ\u00eda Solar"}]},{"@type":"WebSite","@id":"https:\/\/wp.gestiondecompras.com\/es\/#website","url":"https:\/\/wp.gestiondecompras.com\/es\/","name":"Gesti\u00f3n De Compras","description":"Sourcing Internacional","potentialAction":[{"@type":"SearchAction","target":{"@type":"EntryPoint","urlTemplate":"https:\/\/wp.gestiondecompras.com\/es\/?s={search_term_string}"},"query-input":"required name=search_term_string"}],"inLanguage":"es"}]}},"_links":{"self":[{"href":"https:\/\/wp.gestiondecompras.com\/es\/wp-json\/wp\/v2\/pages\/13257"}],"collection":[{"href":"https:\/\/wp.gestiondecompras.com\/es\/wp-json\/wp\/v2\/pages"}],"about":[{"href":"https:\/\/wp.gestiondecompras.com\/es\/wp-json\/wp\/v2\/types\/page"}],"author":[{"embeddable":true,"href":"https:\/\/wp.gestiondecompras.com\/es\/wp-json\/wp\/v2\/users\/3"}],"replies":[{"embeddable":true,"href":"https:\/\/wp.gestiondecompras.com\/es\/wp-json\/wp\/v2\/comments?post=13257"}],"version-history":[{"count":4,"href":"https:\/\/wp.gestiondecompras.com\/es\/wp-json\/wp\/v2\/pages\/13257\/revisions"}],"predecessor-version":[{"id":13569,"href":"https:\/\/wp.gestiondecompras.com\/es\/wp-json\/wp\/v2\/pages\/13257\/revisions\/13569"}],"up":[{"embeddable":true,"href":"https:\/\/wp.gestiondecompras.com\/es\/wp-json\/wp\/v2\/pages\/1349"}],"wp:featuredmedia":[{"embeddable":true,"href":"https:\/\/wp.gestiondecompras.com\/es\/wp-json\/wp\/v2\/media\/13353"}],"wp:attachment":[{"href":"https:\/\/wp.gestiondecompras.com\/es\/wp-json\/wp\/v2\/media?parent=13257"}],"curies":[{"name":"wp","href":"https:\/\/api.w.org\/{rel}","templated":true}]}}