{"id":13070,"date":"2022-12-02T10:00:29","date_gmt":"2022-12-02T10:00:29","guid":{"rendered":"https:\/\/wp.gestiondecompras.com\/?page_id=13070"},"modified":"2022-12-02T10:00:29","modified_gmt":"2022-12-02T10:00:29","slug":"piezas-de-estampacion","status":"publish","type":"page","link":"https:\/\/wp.gestiondecompras.com\/es\/casos-de-exito\/piezas-de-estampacion\/","title":{"rendered":"Piezas de estampaci\u00f3n"},"content":{"rendered":"[spb_row element_name=\u00bbRow\u00bb wrap_type=\u00bbcontent-width\u00bb parallax_image_height=\u00bbcontent-height\u00bb parallax_image_movement=\u00bbfixed\u00bb parallax_image_speed=\u00bb0.5&#8243; bg_video_loop=\u00bbyes\u00bb parallax_video_height=\u00bbwindow-height\u00bb parallax_video_overlay=\u00bbnone\u00bb row_overlay_opacity=\u00bb0&#8243; row_col_pos=\u00bbdefault\u00bb width=\u00bb1\/1&#8243; el_position=\u00bbfirst last\u00bb] [spb_blank_spacer height=\u00bb30px\u00bb width=\u00bb1\/1&#8243; el_position=\u00bbfirst last\u00bb] [spb_column col_sm=\u00bb12&#8243; padding_horizontal=\u00bb0&#8243; width=\u00bb1\/1&#8243; el_position=\u00bbfirst last\u00bb] [spb_boxed_content type=\u00bbcoloured\u00bb box_link_target=\u00bb_self\u00bb padding_vertical=\u00bb0&#8243; padding_horizontal=\u00bb0&#8243; width=\u00bb1\/1&#8243; el_position=\u00bbfirst last\u00bb]\n<h2 style=\"text-align: center;\"><strong>Descripci\u00f3n<\/strong><\/h2>\n<div class=\"horizontal-break bold\" style=\"background-color: #666d78; width: 100px\"> <\/div>\n<p style=\"text-align: center;\">Gesti\u00f3n de Compras recibe petici\u00f3n de oferta para 4 piezas, una en acero al carbono y tres en acero inoxidable con acabado barrel. Destinadas al sector mobiliario. Nos solicitan oferta para tres lotes distintos de cada pieza para su valoraci\u00f3n en producci\u00f3n y suministro. En total, este proyecto lo conformaron 40.000 piezas y 3 utillajes.<\/p>\n<p style=\"text-align: center;\"><strong>Oferta: <\/strong>El cliente acepta la oferta y solicita actualizaci\u00f3n de precio para la pieza de acero al carbono incluyendo zincado 5-7um.<\/p>\n<p style=\"text-align: center;\"><strong>Adquisici\u00f3n del proyecto: <\/strong>Confirmamos pedido para la oferta de mayor lote, incluso doblando cantidad en una de las piezas.<\/p>\n[\/spb_boxed_content] [\/spb_column] [spb_blank_spacer height=\u00bb30px\u00bb width=\u00bb1\/1&#8243; el_position=\u00bbfirst last\u00bb] [spb_column col_sm=\u00bb3&#8243; padding_horizontal=\u00bb0&#8243; width=\u00bb1\/4&#8243; el_position=\u00bbfirst\u00bb] [spb_icon_box title=\u00bbProyecto\u00bb box_type=\u00bbstandard\u00bb box_icon_type=\u00bbicon\u00bb icon=\u00bbfas fa-book\u00bb animate_svg=\u00bbno\u00bb target=\u00bb_self\u00bb animation=\u00bbnone\u00bb animation_delay=\u00bb0&#8243; animated_box_style=\u00bbcoloured\u00bb animated_box_rounded=\u00bbyes\u00bb width=\u00bb1\/1&#8243; el_position=\u00bbfirst last\u00bb]\n<p style=\"font-size: 14px; text-align: justify;\">Desarrollo de utillajes y producci\u00f3n de preserie para homologaci\u00f3n de piezas y producci\u00f3n en serie.<\/p>\n[\/spb_icon_box] [\/spb_column] [spb_column col_sm=\u00bb3&#8243; padding_horizontal=\u00bb0&#8243; width=\u00bb1\/4&#8243;] [spb_icon_box title=\u00bbProblema\u00bb box_type=\u00bbstandard\u00bb box_icon_type=\u00bbicon\u00bb icon=\u00bbfas fa-exclamation-triangle\u00bb animate_svg=\u00bbno\u00bb target=\u00bb_self\u00bb animation=\u00bbnone\u00bb animation_delay=\u00bb0&#8243; animated_box_style=\u00bbcoloured\u00bb animated_box_rounded=\u00bbyes\u00bb width=\u00bb1\/1&#8243; el_position=\u00bbfirst last\u00bb]\n<p style=\"font-size: 14px; text-align: center;\">Mejora del anclaje para el perno.<\/p>\n<p>&nbsp;<\/p>\n[\/spb_icon_box] [\/spb_column] [spb_column col_sm=\u00bb3&#8243; padding_horizontal=\u00bb0&#8243; width=\u00bb1\/4&#8243;] [spb_icon_box title=\u00bbSoluci\u00f3n\u00bb box_type=\u00bbstandard\u00bb box_icon_type=\u00bbicon\u00bb icon=\u00bbfas fa-clipboard-check\u00bb animate_svg=\u00bbno\u00bb target=\u00bb_self\u00bb animation=\u00bbnone\u00bb animation_delay=\u00bb0&#8243; animated_box_style=\u00bbcoloured\u00bb animated_box_rounded=\u00bbyes\u00bb width=\u00bb1\/1&#8243; el_position=\u00bbfirst last\u00bb]\n<p style=\"font-size: 14px; text-align: justify;\">Estudio del problema y rectificaci\u00f3n\/ajuste del utillaje para solventar el salto del perno.<\/p>\n[\/spb_icon_box] [\/spb_column] [spb_column col_sm=\u00bb3&#8243; padding_horizontal=\u00bb0&#8243; width=\u00bb1\/4&#8243; el_position=\u00bblast\u00bb] [spb_icon_box title=\u00bbResultado\u00bb box_type=\u00bbstandard\u00bb box_icon_type=\u00bbicon\u00bb icon=\u00bbfas fa-trophy\u00bb animate_svg=\u00bbno\u00bb target=\u00bb_self\u00bb animation=\u00bbnone\u00bb animation_delay=\u00bb0&#8243; animated_box_style=\u00bbcoloured\u00bb animated_box_rounded=\u00bbyes\u00bb width=\u00bb1\/1&#8243; el_position=\u00bbfirst last\u00bb]\n<p style=\"font-size: 14px; text-align: justify;\">Desarrollo de utillajes, mejora del dise\u00f1o de pieza para su correcto ajuste y ensamblaje. Homologaci\u00f3n y producci\u00f3n en masa.<\/p>\n[\/spb_icon_box] [\/spb_column] [spb_blank_spacer height=\u00bb20px\u00bb width=\u00bb1\/1&#8243; el_position=\u00bbfirst last\u00bb] [\/spb_row] [spb_row element_name=\u00bbRow\u00bb wrap_type=\u00bbfull-width-contained\u00bb row_bg_type=\u00bbimage\u00bb row_bg_color=\u00bb#242424&#8243; color_row_height=\u00bbcontent-height\u00bb bg_image=\u00bb13180&#8243; bg_type=\u00bbcover\u00bb parallax_image_height=\u00bbcontent-height\u00bb parallax_image_movement=\u00bbscroll\u00bb parallax_image_speed=\u00bbstandard\u00bb bg_video_loop=\u00bbyes\u00bb parallax_video_height=\u00bbwindow-height\u00bb row_top_style=\u00bbnone\u00bb row_bottom_style=\u00bbnone\u00bb parallax_video_overlay=\u00bbnone\u00bb row_overlay_opacity=\u00bb0&#8243; remove_element_spacing=\u00bbno\u00bb row_col_spacing=\u00bb0&#8243; row_col_pos=\u00bbdefault\u00bb row_col_equal_heights=\u00bbno\u00bb row_expanding=\u00bbno\u00bb row_animation=\u00bbnone\u00bb row_animation_delay=\u00bb0&#8243; minimize_row=\u00bbno\u00bb simplified_controls=\u00bbyes\u00bb custom_css_percentage=\u00bbno\u00bb custom_css=\u00bbmargin-top: 0px;margin-bottom: 0px;\u00bb border_styling_global=\u00bbdefault\u00bb el_class=\u00bbhideBackImage\u00bb width=\u00bb1\/1&#8243; el_position=\u00bbfirst last\u00bb] [spb_column col_animation=\u00bbnone\u00bb col_animation_delay=\u00bb0&#8243; col_bg_color=\u00bb#242424&#8243; col_bg_type=\u00bbcover\u00bb col_parallax_image_movement=\u00bbfixed\u00bb col_parallax_image_speed=\u00bb0.5&#8243; col_padding=\u00bb0&#8243; col_vertical_offset=\u00bb0&#8243; col_horizontal_offset=\u00bb0&#8243; col_custom_zindex=\u00bb0&#8243; col_xs=\u00bb12&#8243; col_sm=\u00bb12&#8243; col_md=\u00bb8&#8243; col_lg=\u00bb8&#8243; simplified_controls=\u00bbyes\u00bb custom_css_percentage=\u00bbno\u00bb padding_vertical=\u00bb20&#8243; padding_horizontal=\u00bb20&#8243; margin_vertical=\u00bb0&#8243; custom_css=\u00bbmargin-top: 0px;margin-bottom: 0px;padding-top: 20px;padding-left: 20px;padding-right: 20px;padding-bottom: 20px;\u00bb border_styling_global=\u00bbdefault\u00bb width=\u00bb1\/1&#8243; el_position=\u00bbfirst last\u00bb] [spb_boxed_content type=\u00bbcoloured\u00bb box_link_target=\u00bb_self\u00bb padding_vertical=\u00bb0&#8243; padding_horizontal=\u00bb0&#8243; width=\u00bb1\/1&#8243; el_position=\u00bbfirst last\u00bb]\n<h2><strong>Resumen del proyecto<br \/>\n<\/strong><\/h2>\n<hr \/>\n<p>&nbsp;<\/p>\n[\/spb_boxed_content] [spb_text_block animation=\u00bbnone\u00bb animation_delay=\u00bb0&#8243; simplified_controls=\u00bbyes\u00bb custom_css_percentage=\u00bbno\u00bb padding_vertical=\u00bb0&#8243; padding_horizontal=\u00bb0&#8243; margin_vertical=\u00bb0&#8243; custom_css=\u00bbmargin-top: 0px;margin-bottom: 0px;\u00bb border_size=\u00bb0&#8243; border_styling_global=\u00bbdefault\u00bb width=\u00bb1\/1&#8243; el_position=\u00bbfirst last\u00bb]\n<p><span style=\"color: #ffffff;\"><strong>1\u00aa FASE<\/strong> &#8211; El cliente confirma tolerancias y dimensiones que no se indicaban en plano y que f\u00e1brica propone para la correcta fabricaci\u00f3n de las piezas.<\/span><\/p>\n<p><span style=\"color: #ffffff;\"><strong>2\u00aa FASE<\/strong> &#8211; Desarrollo de utillajes progresivos, fabricaci\u00f3n de lote de muestras para su env\u00edo y homologaci\u00f3n.<\/span><\/p>\n<p><span style=\"color: #ffffff;\"><strong>3\u00aa FASE<\/strong> (problema de dise\u00f1o de la pieza) &#8211; Muestras correctas dimensionalmente y superficialmente. En cliente detecta en el ensamblaje un problema de dise\u00f1o en pieza que dificulta el montaje. El cliente nos explica el problema para mejorar el resultado.<\/span><\/p>\n<p><span style=\"color: #ffffff;\"><strong>4\u00aa FASE<\/strong> &#8211; Se estudia el problema, realizamos ajustes en utillaje corrigiendo las dimensiones cr\u00edticas que ocasionaban el problema y rectificamos el dise\u00f1o para su correcto montaje.<\/span><\/p>\n<p><span style=\"color: #ffffff;\"><strong>5\u00aa FASE<\/strong> \u2013 Fabricaci\u00f3n y env\u00edo de nuevas muestras para la homologaci\u00f3n de la mejora en dise\u00f1o y correcto montaje.<\/span><\/p>\n<p><span style=\"color: #ffffff;\"><strong>6\u00aa FASE<\/strong> \u2013 El cliente confirma que el problema de la sujeci\u00f3n est\u00e1 resuelto.<\/span><\/p>\n<p><span style=\"color: #ffffff;\"><strong>7\u00aa FASE<\/strong> \u2013 Homologaci\u00f3n completa de las piezas tanto dimensionalmente\/superficialmente como en la realizaci\u00f3n del montaje en el set de ensamblaje. Env\u00edo al cliente de planos actualizados con las modificaciones para su aprobaci\u00f3n. \u00a0Se confirma producci\u00f3n en masa<\/span><\/p>\n<p><span style=\"color: #ffffff;\"><strong>8\u00aa FASE<\/strong> \u2013 Finalizaci\u00f3n de la producci\u00f3n y env\u00edo de test dimensionales, certificados de material y documentaci\u00f3n referente a la producci\u00f3n.<\/span><\/p>\n<p><span style=\"color: #ffffff;\"><strong>9\u00aa FASE<\/strong> \u2013 Realizaci\u00f3n del empaquetado de acuerdo con instrucciones y requerimientos del cliente. Env\u00edo de la mercanc\u00eda por v\u00eda mar\u00edtima.<\/span><\/p>\n[\/spb_text_block] [\/spb_column] [\/spb_row] [spb_row element_name=\u00bbRow\u00bb wrap_type=\u00bbcontent-width\u00bb parallax_image_height=\u00bbcontent-height\u00bb parallax_image_movement=\u00bbfixed\u00bb parallax_image_speed=\u00bb0.5&#8243; bg_video_loop=\u00bbyes\u00bb parallax_video_height=\u00bbwindow-height\u00bb parallax_video_overlay=\u00bbnone\u00bb row_overlay_opacity=\u00bb0&#8243; row_col_pos=\u00bbdefault\u00bb width=\u00bb1\/1&#8243; el_position=\u00bbfirst last\u00bb] [spb_column col_sm=\u00bb12&#8243; padding_horizontal=\u00bb0&#8243; width=\u00bb1\/1&#8243; el_position=\u00bbfirst last\u00bb] [spb_blank_spacer height=\u00bb30px\u00bb width=\u00bb1\/1&#8243; el_position=\u00bbfirst last\u00bb] [spb_text_block animation=\u00bbnone\u00bb animation_delay=\u00bb0&#8243; simplified_controls=\u00bbyes\u00bb custom_css_percentage=\u00bbno\u00bb padding_vertical=\u00bb0&#8243; padding_horizontal=\u00bb0&#8243; margin_vertical=\u00bb0&#8243; custom_css=\u00bbmargin-top: 0px;margin-bottom: 0px;\u00bb border_size=\u00bb0&#8243; border_styling_global=\u00bbdefault\u00bb width=\u00bb1\/1&#8243; el_position=\u00bbfirst last\u00bb]\n<p style=\"text-align: justify;\">Este caso destaca por las repetidas revisiones de la pieza por parte de f\u00e1brica hasta que finalmente el cliente estuvo satisfecho con el resultado final. En Gesti\u00f3n de Compras trabajamos por la seguridad y confianza de nuestros clientes, tratando cada proyecto individualmente con toda la atenci\u00f3n con el fin de satisfacer las necesidades del cliente.<\/p>\n[\/spb_text_block] [spb_blank_spacer height=\u00bb30px\u00bb width=\u00bb1\/1&#8243; el_position=\u00bbfirst last\u00bb] [\/spb_column] [spb_column col_sm=\u00bb6&#8243; padding_horizontal=\u00bb0&#8243; width=\u00bb1\/2&#8243; el_position=\u00bbfirst\u00bb] [spb_boxed_content type=\u00bbcoloured\u00bb box_link_target=\u00bb_self\u00bb padding_vertical=\u00bb0&#8243; padding_horizontal=\u00bb0&#8243; width=\u00bb1\/1&#8243; el_position=\u00bbfirst last\u00bb]\n<p><img loading=\"lazy\" decoding=\"async\" class=\"alignnone wp-image-13109 size-large\" src=\"https:\/\/wp.gestiondecompras.com\/wp-content\/uploads\/2022\/11\/4.1-e1669623923875-1024x604.png\" alt=\"Estampaci\u00f3n acero inoxidable\" width=\"1024\" height=\"604\" srcset=\"https:\/\/wp.gestiondecompras.com\/wp-content\/uploads\/2022\/11\/4.1-e1669623923875-1024x604.png 1024w, https:\/\/wp.gestiondecompras.com\/wp-content\/uploads\/2022\/11\/4.1-e1669623923875-300x177.png 300w, https:\/\/wp.gestiondecompras.com\/wp-content\/uploads\/2022\/11\/4.1-e1669623923875-768x453.png 768w, https:\/\/wp.gestiondecompras.com\/wp-content\/uploads\/2022\/11\/4.1-e1669623923875.png 1247w\" sizes=\"(max-width: 1024px) 100vw, 1024px\" \/><\/p>\n[\/spb_boxed_content] [\/spb_column] [spb_column col_sm=\u00bb6&#8243; padding_horizontal=\u00bb0&#8243; width=\u00bb1\/2&#8243; el_position=\u00bblast\u00bb] [spb_boxed_content type=\u00bbcoloured\u00bb box_link_target=\u00bb_self\u00bb padding_vertical=\u00bb0&#8243; padding_horizontal=\u00bb0&#8243; width=\u00bb1\/1&#8243; el_position=\u00bbfirst last\u00bb]\n<p><img loading=\"lazy\" decoding=\"async\" class=\"aligncenter wp-image-13071 size-large\" src=\"https:\/\/wp.gestiondecompras.com\/wp-content\/uploads\/2022\/11\/2.1-e1669624012931-1024x601.png\" alt=\"Utillaje estampaci\u00f3n\" width=\"1024\" height=\"601\" srcset=\"https:\/\/wp.gestiondecompras.com\/wp-content\/uploads\/2022\/11\/2.1-e1669624012931-1024x601.png 1024w, https:\/\/wp.gestiondecompras.com\/wp-content\/uploads\/2022\/11\/2.1-e1669624012931-300x176.png 300w, https:\/\/wp.gestiondecompras.com\/wp-content\/uploads\/2022\/11\/2.1-e1669624012931-768x451.png 768w, https:\/\/wp.gestiondecompras.com\/wp-content\/uploads\/2022\/11\/2.1-e1669624012931.png 1439w\" sizes=\"(max-width: 1024px) 100vw, 1024px\" \/><\/p>\n[\/spb_boxed_content] [\/spb_column] [\/spb_row]\n","protected":false},"excerpt":{"rendered":"<p>[spb_row element_name=\u00bbRow\u00bb wrap_type=\u00bbcontent-width\u00bb parallax_image_height=\u00bbcontent-height\u00bb parallax_image_movement=\u00bbfixed\u00bb parallax_image_speed=\u00bb0.5&#8243; bg_video_loop=\u00bbyes\u00bb parallax_video_height=\u00bbwindow-height\u00bb parallax_video_overlay=\u00bbnone\u00bb row_overlay_opacity=\u00bb0&#8243; row_col_pos=\u00bbdefault\u00bb width=\u00bb1\/1&#8243; el_position=\u00bbfirst last\u00bb] [spb_blank_spacer height=\u00bb30px\u00bb width=\u00bb1\/1&#8243; el_position=\u00bbfirst last\u00bb] [spb_column col_sm=\u00bb12&#8243; padding_horizontal=\u00bb0&#8243; width=\u00bb1\/1&#8243; el_position=\u00bbfirst last\u00bb] [spb_boxed_content type=\u00bbcoloured\u00bb box_link_target=\u00bb_self\u00bb padding_vertical=\u00bb0&#8243; padding_horizontal=\u00bb0&#8243; width=\u00bb1\/1&#8243; el_position=\u00bbfirst last\u00bb] Descripci\u00f3n Gesti\u00f3n de Compras recibe petici\u00f3n de oferta para 4 piezas, una en acero al carbono y tres en acero inoxidable con acabado barrel. Destinadas al sector [&hellip;]<\/p>\n","protected":false},"author":5,"featured_media":13071,"parent":449,"menu_order":0,"comment_status":"closed","ping_status":"closed","template":"","meta":{"footnotes":""},"yoast_head":"<!-- This site is optimized with the Yoast SEO plugin v22.4 - https:\/\/yoast.com\/wordpress\/plugins\/seo\/ -->\n<title>Caso de \u00c9xito: Piezas de estampaci\u00f3n - Gesti\u00f3n De Compras<\/title>\n<meta name=\"description\" content=\"Petici\u00f3n de oferta para 4 piezas, una en acero al carbono y tres en acero inoxidable con acabado barrel. Piezas de estampaci\u00f3n.\" \/>\n<meta name=\"robots\" content=\"index, follow, max-snippet:-1, max-image-preview:large, max-video-preview:-1\" \/>\n<link rel=\"canonical\" href=\"https:\/\/wp.gestiondecompras.com\/es\/casos-de-exito\/piezas-de-estampacion\/\" \/>\n<meta property=\"og:locale\" content=\"es_ES\" \/>\n<meta property=\"og:type\" content=\"article\" \/>\n<meta property=\"og:title\" content=\"Caso de \u00c9xito: Piezas de estampaci\u00f3n - Gesti\u00f3n De Compras\" \/>\n<meta property=\"og:description\" content=\"Petici\u00f3n de oferta para 4 piezas, una en acero al carbono y tres en acero inoxidable con acabado barrel. Piezas de estampaci\u00f3n.\" \/>\n<meta property=\"og:url\" content=\"https:\/\/wp.gestiondecompras.com\/es\/casos-de-exito\/piezas-de-estampacion\/\" \/>\n<meta property=\"og:site_name\" content=\"Gesti\u00f3n De Compras\" \/>\n<meta property=\"og:image\" content=\"https:\/\/wp.gestiondecompras.com\/wp-content\/uploads\/2022\/11\/2.1-e1669624012931.png\" \/>\n\t<meta property=\"og:image:width\" content=\"1439\" \/>\n\t<meta property=\"og:image:height\" content=\"845\" \/>\n\t<meta property=\"og:image:type\" content=\"image\/png\" \/>\n<meta name=\"twitter:card\" content=\"summary_large_image\" \/>\n<meta name=\"twitter:label1\" content=\"Tiempo de lectura\" \/>\n\t<meta name=\"twitter:data1\" content=\"6 minutos\" \/>\n<script type=\"application\/ld+json\" class=\"yoast-schema-graph\">{\"@context\":\"https:\/\/schema.org\",\"@graph\":[{\"@type\":\"WebPage\",\"@id\":\"https:\/\/wp.gestiondecompras.com\/es\/casos-de-exito\/piezas-de-estampacion\/\",\"url\":\"https:\/\/wp.gestiondecompras.com\/es\/casos-de-exito\/piezas-de-estampacion\/\",\"name\":\"Caso de \u00c9xito: Piezas de estampaci\u00f3n - Gesti\u00f3n De Compras\",\"isPartOf\":{\"@id\":\"https:\/\/wp.gestiondecompras.com\/es\/#website\"},\"primaryImageOfPage\":{\"@id\":\"https:\/\/wp.gestiondecompras.com\/es\/casos-de-exito\/piezas-de-estampacion\/#primaryimage\"},\"image\":{\"@id\":\"https:\/\/wp.gestiondecompras.com\/es\/casos-de-exito\/piezas-de-estampacion\/#primaryimage\"},\"thumbnailUrl\":\"https:\/\/wp.gestiondecompras.com\/wp-content\/uploads\/2022\/11\/2.1-e1669624012931.png\",\"datePublished\":\"2022-12-02T10:00:29+00:00\",\"dateModified\":\"2022-12-02T10:00:29+00:00\",\"description\":\"Petici\u00f3n de oferta para 4 piezas, una en acero al carbono y tres en acero inoxidable con acabado barrel. Piezas de estampaci\u00f3n.\",\"breadcrumb\":{\"@id\":\"https:\/\/wp.gestiondecompras.com\/es\/casos-de-exito\/piezas-de-estampacion\/#breadcrumb\"},\"inLanguage\":\"es\",\"potentialAction\":[{\"@type\":\"ReadAction\",\"target\":[\"https:\/\/wp.gestiondecompras.com\/es\/casos-de-exito\/piezas-de-estampacion\/\"]}]},{\"@type\":\"ImageObject\",\"inLanguage\":\"es\",\"@id\":\"https:\/\/wp.gestiondecompras.com\/es\/casos-de-exito\/piezas-de-estampacion\/#primaryimage\",\"url\":\"https:\/\/wp.gestiondecompras.com\/wp-content\/uploads\/2022\/11\/2.1-e1669624012931.png\",\"contentUrl\":\"https:\/\/wp.gestiondecompras.com\/wp-content\/uploads\/2022\/11\/2.1-e1669624012931.png\",\"width\":1439,\"height\":845,\"caption\":\"Utillaje estampaci\u00f3n\"},{\"@type\":\"BreadcrumbList\",\"@id\":\"https:\/\/wp.gestiondecompras.com\/es\/casos-de-exito\/piezas-de-estampacion\/#breadcrumb\",\"itemListElement\":[{\"@type\":\"ListItem\",\"position\":1,\"name\":\"Inicio\",\"item\":\"https:\/\/wp.gestiondecompras.com\/es\/\"},{\"@type\":\"ListItem\",\"position\":2,\"name\":\"Casos de \u00e9xito\",\"item\":\"https:\/\/wp.gestiondecompras.com\/es\/casos-de-exito\/\"},{\"@type\":\"ListItem\",\"position\":3,\"name\":\"Piezas de estampaci\u00f3n\"}]},{\"@type\":\"WebSite\",\"@id\":\"https:\/\/wp.gestiondecompras.com\/es\/#website\",\"url\":\"https:\/\/wp.gestiondecompras.com\/es\/\",\"name\":\"Gesti\u00f3n De Compras\",\"description\":\"Sourcing Internacional\",\"potentialAction\":[{\"@type\":\"SearchAction\",\"target\":{\"@type\":\"EntryPoint\",\"urlTemplate\":\"https:\/\/wp.gestiondecompras.com\/es\/?s={search_term_string}\"},\"query-input\":\"required name=search_term_string\"}],\"inLanguage\":\"es\"}]}<\/script>\n<!-- \/ Yoast SEO plugin. -->","yoast_head_json":{"title":"Caso de \u00c9xito: Piezas de estampaci\u00f3n - Gesti\u00f3n De Compras","description":"Petici\u00f3n de oferta para 4 piezas, una en acero al carbono y tres en acero inoxidable con acabado barrel. Piezas de estampaci\u00f3n.","robots":{"index":"index","follow":"follow","max-snippet":"max-snippet:-1","max-image-preview":"max-image-preview:large","max-video-preview":"max-video-preview:-1"},"canonical":"https:\/\/wp.gestiondecompras.com\/es\/casos-de-exito\/piezas-de-estampacion\/","og_locale":"es_ES","og_type":"article","og_title":"Caso de \u00c9xito: Piezas de estampaci\u00f3n - Gesti\u00f3n De Compras","og_description":"Petici\u00f3n de oferta para 4 piezas, una en acero al carbono y tres en acero inoxidable con acabado barrel. Piezas de estampaci\u00f3n.","og_url":"https:\/\/wp.gestiondecompras.com\/es\/casos-de-exito\/piezas-de-estampacion\/","og_site_name":"Gesti\u00f3n De Compras","og_image":[{"width":1439,"height":845,"url":"https:\/\/wp.gestiondecompras.com\/wp-content\/uploads\/2022\/11\/2.1-e1669624012931.png","type":"image\/png"}],"twitter_card":"summary_large_image","twitter_misc":{"Tiempo de lectura":"6 minutos"},"schema":{"@context":"https:\/\/schema.org","@graph":[{"@type":"WebPage","@id":"https:\/\/wp.gestiondecompras.com\/es\/casos-de-exito\/piezas-de-estampacion\/","url":"https:\/\/wp.gestiondecompras.com\/es\/casos-de-exito\/piezas-de-estampacion\/","name":"Caso de \u00c9xito: Piezas de estampaci\u00f3n - Gesti\u00f3n De Compras","isPartOf":{"@id":"https:\/\/wp.gestiondecompras.com\/es\/#website"},"primaryImageOfPage":{"@id":"https:\/\/wp.gestiondecompras.com\/es\/casos-de-exito\/piezas-de-estampacion\/#primaryimage"},"image":{"@id":"https:\/\/wp.gestiondecompras.com\/es\/casos-de-exito\/piezas-de-estampacion\/#primaryimage"},"thumbnailUrl":"https:\/\/wp.gestiondecompras.com\/wp-content\/uploads\/2022\/11\/2.1-e1669624012931.png","datePublished":"2022-12-02T10:00:29+00:00","dateModified":"2022-12-02T10:00:29+00:00","description":"Petici\u00f3n de oferta para 4 piezas, una en acero al carbono y tres en acero inoxidable con acabado barrel. Piezas de estampaci\u00f3n.","breadcrumb":{"@id":"https:\/\/wp.gestiondecompras.com\/es\/casos-de-exito\/piezas-de-estampacion\/#breadcrumb"},"inLanguage":"es","potentialAction":[{"@type":"ReadAction","target":["https:\/\/wp.gestiondecompras.com\/es\/casos-de-exito\/piezas-de-estampacion\/"]}]},{"@type":"ImageObject","inLanguage":"es","@id":"https:\/\/wp.gestiondecompras.com\/es\/casos-de-exito\/piezas-de-estampacion\/#primaryimage","url":"https:\/\/wp.gestiondecompras.com\/wp-content\/uploads\/2022\/11\/2.1-e1669624012931.png","contentUrl":"https:\/\/wp.gestiondecompras.com\/wp-content\/uploads\/2022\/11\/2.1-e1669624012931.png","width":1439,"height":845,"caption":"Utillaje estampaci\u00f3n"},{"@type":"BreadcrumbList","@id":"https:\/\/wp.gestiondecompras.com\/es\/casos-de-exito\/piezas-de-estampacion\/#breadcrumb","itemListElement":[{"@type":"ListItem","position":1,"name":"Inicio","item":"https:\/\/wp.gestiondecompras.com\/es\/"},{"@type":"ListItem","position":2,"name":"Casos de \u00e9xito","item":"https:\/\/wp.gestiondecompras.com\/es\/casos-de-exito\/"},{"@type":"ListItem","position":3,"name":"Piezas de estampaci\u00f3n"}]},{"@type":"WebSite","@id":"https:\/\/wp.gestiondecompras.com\/es\/#website","url":"https:\/\/wp.gestiondecompras.com\/es\/","name":"Gesti\u00f3n De Compras","description":"Sourcing Internacional","potentialAction":[{"@type":"SearchAction","target":{"@type":"EntryPoint","urlTemplate":"https:\/\/wp.gestiondecompras.com\/es\/?s={search_term_string}"},"query-input":"required name=search_term_string"}],"inLanguage":"es"}]}},"_links":{"self":[{"href":"https:\/\/wp.gestiondecompras.com\/es\/wp-json\/wp\/v2\/pages\/13070"}],"collection":[{"href":"https:\/\/wp.gestiondecompras.com\/es\/wp-json\/wp\/v2\/pages"}],"about":[{"href":"https:\/\/wp.gestiondecompras.com\/es\/wp-json\/wp\/v2\/types\/page"}],"author":[{"embeddable":true,"href":"https:\/\/wp.gestiondecompras.com\/es\/wp-json\/wp\/v2\/users\/5"}],"replies":[{"embeddable":true,"href":"https:\/\/wp.gestiondecompras.com\/es\/wp-json\/wp\/v2\/comments?post=13070"}],"version-history":[{"count":49,"href":"https:\/\/wp.gestiondecompras.com\/es\/wp-json\/wp\/v2\/pages\/13070\/revisions"}],"predecessor-version":[{"id":13177,"href":"https:\/\/wp.gestiondecompras.com\/es\/wp-json\/wp\/v2\/pages\/13070\/revisions\/13177"}],"up":[{"embeddable":true,"href":"https:\/\/wp.gestiondecompras.com\/es\/wp-json\/wp\/v2\/pages\/449"}],"wp:featuredmedia":[{"embeddable":true,"href":"https:\/\/wp.gestiondecompras.com\/es\/wp-json\/wp\/v2\/media\/13071"}],"wp:attachment":[{"href":"https:\/\/wp.gestiondecompras.com\/es\/wp-json\/wp\/v2\/media?parent=13070"}],"curies":[{"name":"wp","href":"https:\/\/api.w.org\/{rel}","templated":true}]}}