{"id":12622,"date":"2022-03-11T13:31:53","date_gmt":"2022-03-11T13:31:53","guid":{"rendered":"https:\/\/wp.gestiondecompras.com\/?page_id=12622"},"modified":"2022-03-11T13:31:53","modified_gmt":"2022-03-11T13:31:53","slug":"buscamos-comercial-con-ingles","status":"publish","type":"page","link":"https:\/\/wp.gestiondecompras.com\/es\/empleo\/buscamos-comercial-con-ingles\/","title":{"rendered":"Buscamos comercial con ingl\u00e9s"},"content":{"rendered":"[spb_row element_name=\u00bbRow\u00bb wrap_type=\u00bbcontent-width\u00bb parallax_image_height=\u00bbcontent-height\u00bb parallax_image_movement=\u00bbfixed\u00bb parallax_image_speed=\u00bb0.5&#8243; bg_video_loop=\u00bbyes\u00bb parallax_video_height=\u00bbwindow-height\u00bb parallax_video_overlay=\u00bbnone\u00bb row_overlay_opacity=\u00bb0&#8243; row_col_pos=\u00bbdefault\u00bb width=\u00bb1\/1&#8243; el_position=\u00bbfirst last\u00bb] [spb_column col_sm=\u00bb12&#8243; padding_horizontal=\u00bb0&#8243; width=\u00bb1\/1&#8243; el_position=\u00bbfirst last\u00bb] [spb_boxed_content type=\u00bbcoloured\u00bb box_link_target=\u00bb_self\u00bb padding_vertical=\u00bb0&#8243; padding_horizontal=\u00bb0&#8243; width=\u00bb1\/1&#8243; el_position=\u00bbfirst last\u00bb]\n<p style=\"text-align: justify;\">Soluciones Globales y Gesti\u00f3n de Compras, S.L. es una empresa dedicada a la subcontrataci\u00f3n industrial, con m\u00e1s de 20 a\u00f1os de experiencia en el sector de las compras industriales, y de procesos tales como: sinterizado, torneado, forja en caliente, moldes por inyecci\u00f3n de pl\u00e1sticos, etc\u2026<\/p>\n<p style=\"text-align: justify;\">Nuestro principal objetivo es mejorar los procedimientos de negociaci\u00f3n, as\u00ed como los costes de adquisici\u00f3n de las empresas.<\/p>\n<p style=\"text-align: justify;\">Con la intenci\u00f3n de seguir creciendo, buscamos un\/a profesional que tenga experiencia y visi\u00f3n de futuro, para que contribuya en el desarrollo de la empresa en el mercado internacional.<\/p>\n[\/spb_boxed_content] [spb_blank_spacer height=\u00bb30px\u00bb width=\u00bb1\/1&#8243; el_position=\u00bbfirst last\u00bb] [\/spb_column] [spb_divider type=\u00bbstandard\u00bb text=\u00bbGo to top\u00bb top_margin=\u00bb0px\u00bb bottom_margin=\u00bb30px\u00bb fullwidth=\u00bbno\u00bb width=\u00bb1\/1&#8243; el_position=\u00bbfirst last\u00bb] [spb_blank_spacer height=\u00bb15px\u00bb width=\u00bb1\/1&#8243; el_position=\u00bbfirst last\u00bb] [\/spb_row] [spb_row element_name=\u00bbRow\u00bb wrap_type=\u00bbcontent-width\u00bb parallax_image_height=\u00bbcontent-height\u00bb parallax_image_movement=\u00bbfixed\u00bb parallax_image_speed=\u00bb0.5&#8243; bg_video_loop=\u00bbyes\u00bb parallax_video_height=\u00bbwindow-height\u00bb parallax_video_overlay=\u00bbnone\u00bb row_overlay_opacity=\u00bb0&#8243; row_col_pos=\u00bbdefault\u00bb width=\u00bb1\/1&#8243; el_position=\u00bbfirst last\u00bb] [spb_column col_animation=\u00bbnone\u00bb col_animation_delay=\u00bb0&#8243; col_bg_type=\u00bbcover\u00bb col_parallax_image_movement=\u00bbfixed\u00bb col_parallax_image_speed=\u00bb0.5&#8243; col_padding=\u00bb0&#8243; col_vertical_offset=\u00bb0&#8243; col_horizontal_offset=\u00bb0&#8243; col_custom_zindex=\u00bb0&#8243; col_sm=\u00bb8&#8243; simplified_controls=\u00bbno\u00bb custom_css_percentage=\u00bbno\u00bb padding_vertical=\u00bb0&#8243; padding_horizontal=\u00bb0&#8243; margin_vertical=\u00bb0&#8243; custom_css=\u00bbmargin-top: 0px;margin-bottom: 0px;padding-right: 50px;\u00bb border_styling_global=\u00bbdefault\u00bb width=\u00bb2\/3&#8243; el_position=\u00bbfirst\u00bb] [spb_boxed_content type=\u00bbcoloured\u00bb box_link_target=\u00bb_self\u00bb padding_vertical=\u00bb0&#8243; padding_horizontal=\u00bb0&#8243; width=\u00bb1\/1&#8243; el_position=\u00bbfirst last\u00bb]\n<h3><strong>Qu\u00e9 ofrecemos<\/strong><\/h3>\n<ul>\n<li>Salario acorde a la val\u00eda del candidato. FIJO+VARIABLE<\/li>\n<li>Jornada laboral de 40 horas semanales. L-J: 8:00-14:00; 16:00-18:15. V:8:00-15:00.<\/li>\n<li>Contrato de larga duraci\u00f3n.<\/li>\n<li>Estabilidad laboral.<\/li>\n<li>Formaci\u00f3n a cargo de la empresa.<\/li>\n<li>Excelente entorno de trabajo.<\/li>\n<li>Incorporaci\u00f3n a un equipo profesional y con dilatada experiencia en \u00e1reas de compras, calidad y producci\u00f3n<\/li>\n<li>Medidas para la conciliaci\u00f3n familiar y laboral.<\/li>\n<\/ul>\n<h3><strong>Requisitos<\/strong><\/h3>\n<ul>\n<li>Imprescindible nivel alto de ingl\u00e9s (preferiblemente nativo).<\/li>\n<li>Valorables buen nivel de alem\u00e1n y\/o franc\u00e9s.<\/li>\n<li>Formaci\u00f3n Profesional de Grado Medio. Preferible formaci\u00f3n universitaria en ingenier\u00eda o econ\u00f3micas.<\/li>\n<li>Persona con perfil t\u00e9cnico que sea din\u00e1mica, proactiva, con dotes comunicativas, agradable en el trato y con capacidad de negociaci\u00f3n.<\/li>\n<li>Altos conocimientos t\u00e9cnicos en procesos de producci\u00f3n o fabricaci\u00f3n.<\/li>\n<li>Disponibilidad para viajar.<\/li>\n<li>Experiencia previa en puesto similar de al menos 2 a\u00f1os.<\/li>\n<li>Imprescindible residencia en Albacete.<\/li>\n<\/ul>\n<h3><strong>Funciones<\/strong><\/h3>\n<ul>\n<li>Estudio y evaluaci\u00f3n del mercado. Captaci\u00f3n de nuevos clientes en el sector industrial.<\/li>\n<li>Atenci\u00f3n y gesti\u00f3n de las necesidades del cliente. Servicio post-venta.<\/li>\n<li>Estudio y desarrollo de los proyectos de fabricaci\u00f3n solicitados por los clientes. Presentaci\u00f3n de ofertas y negociaci\u00f3n de las mismas.<\/li>\n<li>Intermediaci\u00f3n con departamento de compras y seguimiento de los pedidos.<\/li>\n<li>Visitas puntuales a clientes internacionales.<\/li>\n<\/ul>\n[\/spb_boxed_content] [\/spb_column] [spb_column col_sm=\u00bb4&#8243; padding_horizontal=\u00bb0&#8243; width=\u00bb1\/3&#8243; el_position=\u00bblast\u00bb] [spb_divider type=\u00bbheading\u00bb heading_text=\u00bbEnv\u00eda tu CV\u00bb text=\u00bbGo to top\u00bb top_margin=\u00bb0px\u00bb bottom_margin=\u00bb30px\u00bb fullwidth=\u00bbno\u00bb width=\u00bb1\/1&#8243; el_position=\u00bbfirst last\u00bb] [spb_boxed_content type=\u00bbcoloured\u00bb box_link_target=\u00bb_self\u00bb padding_vertical=\u00bb0&#8243; padding_horizontal=\u00bb0&#8243; width=\u00bb1\/1&#8243; el_position=\u00bbfirst last\u00bb]\n<p style=\"text-align: center;\">\n<div class=\"wpcf7 no-js\" id=\"wpcf7-f12625-o1\" lang=\"es-ES\" dir=\"ltr\">\n<div class=\"screen-reader-response\"><p role=\"status\" aria-live=\"polite\" aria-atomic=\"true\"><\/p> <ul><\/ul><\/div>\n<form action=\"\/es\/wp-json\/wp\/v2\/pages\/12622#wpcf7-f12625-o1\" method=\"post\" class=\"wpcf7-form init\" name=\"CV-comercial\" aria-label=\"Contact form\" enctype=\"multipart\/form-data\" novalidate=\"novalidate\" data-status=\"init\">\n<div style=\"display: none;\">\n<input type=\"hidden\" name=\"_wpcf7\" value=\"12625\" \/>\n<input type=\"hidden\" name=\"_wpcf7_version\" value=\"5.9.3\" \/>\n<input type=\"hidden\" name=\"_wpcf7_locale\" value=\"es_ES\" \/>\n<input type=\"hidden\" name=\"_wpcf7_unit_tag\" value=\"wpcf7-f12625-o1\" \/>\n<input type=\"hidden\" name=\"_wpcf7_container_post\" value=\"0\" \/>\n<input type=\"hidden\" name=\"_wpcf7_posted_data_hash\" value=\"\" \/>\n<input type=\"hidden\" name=\"_wpcf7_recaptcha_response\" value=\"\" \/>\n<\/div>\n<p><span class=\"wpcf7-form-control-wrap\" data-name=\"your-name\"><input size=\"40\" class=\"wpcf7-form-control wpcf7-text wpcf7-validates-as-required\" aria-required=\"true\" aria-invalid=\"false\" placeholder=\"Nombre completo*\" value=\"\" type=\"text\" name=\"your-name\" \/><\/span>\n<\/p>\n<p><span class=\"wpcf7-form-control-wrap\" data-name=\"your-email\"><input size=\"40\" class=\"wpcf7-form-control wpcf7-email wpcf7-validates-as-required wpcf7-text wpcf7-validates-as-email\" aria-required=\"true\" aria-invalid=\"false\" placeholder=\"Email*\" value=\"\" type=\"email\" name=\"your-email\" \/><\/span>\n<\/p>\n<p><span class=\"wpcf7-form-control-wrap\" data-name=\"your-residencia\"><input size=\"40\" class=\"wpcf7-form-control wpcf7-text wpcf7-validates-as-required\" aria-required=\"true\" aria-invalid=\"false\" placeholder=\"Lugar de residencia*\" value=\"\" type=\"text\" name=\"your-residencia\" \/><\/span>\n<\/p>\n<p><span class=\"wpcf7-form-control-wrap\" data-name=\"tel-phone\"><input size=\"40\" class=\"wpcf7-form-control wpcf7-tel wpcf7-text wpcf7-validates-as-tel\" aria-invalid=\"false\" placeholder=\"Tel\u00e9fono de contacto\" value=\"\" type=\"tel\" name=\"tel-phone\" \/><\/span>\n<\/p>\n<p><span class=\"wpcf7-form-control-wrap\" data-name=\"your-linkedin\"><input size=\"40\" class=\"wpcf7-form-control wpcf7-text wpcf7-validates-as-required\" aria-required=\"true\" aria-invalid=\"false\" placeholder=\"Perfil LinkedIn\" value=\"\" type=\"text\" name=\"your-linkedin\" \/><\/span>\n<\/p>\n<p><span class=\"wpcf7-form-control-wrap\" data-name=\"your-message\"><textarea cols=\"40\" rows=\"10\" class=\"wpcf7-form-control wpcf7-textarea\" aria-invalid=\"false\" placeholder=\"Presentaci\u00f3n\" name=\"your-message\"><\/textarea><\/span>\n<\/p>\n<p> CV en PDF\n<\/p>\n<p><span class=\"wpcf7-form-control-wrap\" data-name=\"CV\"><input size=\"40\" class=\"wpcf7-form-control wpcf7-file wpcf7-validates-as-required\" accept=\".pdf\" aria-required=\"true\" aria-invalid=\"false\" type=\"file\" name=\"CV\" \/><\/span>\n<\/p>\n<p style=\"font-size: 10px;\"> Le informamos que los datos de car\u00e1cter personal que nos proporcione en este formulario de contacto, ser\u00e1n tratados por SOLUCIONES GLOBALES Y GESTI\u00d3N DE COMPRAS, S.L como responsable de esta web. Finalidad del tratamiento de estos datos: Poder participar en los procesos de selecci\u00f3n de personal que se lleven a cabo. Informaci\u00f3n adicional: Puede consultar la informaci\u00f3n adicional y detallada sobre Protecci\u00f3n de Datos en la pol\u00edtica de privacidad.\n<\/p>\n<p><label><br \/>\n<\/label>\n<\/p>\n<p style=\"font-size: 10px;\"><span class=\"wpcf7-form-control-wrap\" data-name=\"acceptance-730\"><span class=\"wpcf7-form-control wpcf7-acceptance\"><span class=\"wpcf7-list-item\"><label><input type=\"checkbox\" name=\"acceptance-730\" value=\"1\" aria-invalid=\"false\" \/><span class=\"wpcf7-list-item-label\">He le\u00eddo y acepto la pol\u00edtica de privacidad*<\/span><\/label><\/span><\/span><\/span>\n<\/p>\n<p><input class=\"wpcf7-form-control wpcf7-submit has-spinner\" type=\"submit\" value=\"Enviar\" \/>\n<\/p><p style=\"display: none !important;\" class=\"akismet-fields-container\" data-prefix=\"_wpcf7_ak_\"><label>&#916;<textarea name=\"_wpcf7_ak_hp_textarea\" cols=\"45\" rows=\"8\" maxlength=\"100\"><\/textarea><\/label><input type=\"hidden\" id=\"ak_js_1\" name=\"_wpcf7_ak_js\" value=\"216\"\/><script>document.getElementById( \"ak_js_1\" ).setAttribute( \"value\", ( new Date() ).getTime() );<\/script><\/p><div class=\"wpcf7-response-output\" aria-hidden=\"true\"><\/div>\n<\/form>\n<\/div>\n<\/p>\n[\/spb_boxed_content] [\/spb_column] [\/spb_row]\n","protected":false},"excerpt":{"rendered":"<p>[spb_row element_name=\u00bbRow\u00bb wrap_type=\u00bbcontent-width\u00bb parallax_image_height=\u00bbcontent-height\u00bb parallax_image_movement=\u00bbfixed\u00bb parallax_image_speed=\u00bb0.5&#8243; bg_video_loop=\u00bbyes\u00bb parallax_video_height=\u00bbwindow-height\u00bb parallax_video_overlay=\u00bbnone\u00bb row_overlay_opacity=\u00bb0&#8243; row_col_pos=\u00bbdefault\u00bb width=\u00bb1\/1&#8243; el_position=\u00bbfirst last\u00bb] [spb_column col_sm=\u00bb12&#8243; padding_horizontal=\u00bb0&#8243; width=\u00bb1\/1&#8243; el_position=\u00bbfirst last\u00bb] [spb_boxed_content type=\u00bbcoloured\u00bb box_link_target=\u00bb_self\u00bb padding_vertical=\u00bb0&#8243; padding_horizontal=\u00bb0&#8243; width=\u00bb1\/1&#8243; el_position=\u00bbfirst last\u00bb] Soluciones Globales y Gesti\u00f3n de Compras, S.L. es una empresa dedicada a la subcontrataci\u00f3n industrial, con m\u00e1s de 20 a\u00f1os de experiencia en el sector de las compras industriales, y de procesos [&hellip;]<\/p>\n","protected":false},"author":3,"featured_media":0,"parent":278,"menu_order":0,"comment_status":"closed","ping_status":"closed","template":"page-title.php","meta":{"footnotes":""},"yoast_head":"<!-- This site is optimized with the Yoast SEO plugin v22.4 - https:\/\/yoast.com\/wordpress\/plugins\/seo\/ -->\n<title>Buscamos comercial con ingl\u00e9s - Gesti\u00f3n De Compras<\/title>\n<meta name=\"description\" content=\"Buscamos comercial que tenga experiencia y visi\u00f3n de futuro, para que contribuya en el desarrollo de la empresa en el mercado internacional.\" \/>\n<meta name=\"robots\" content=\"index, follow, max-snippet:-1, max-image-preview:large, max-video-preview:-1\" \/>\n<link rel=\"canonical\" href=\"https:\/\/wp.gestiondecompras.com\/es\/empleo\/buscamos-comercial-con-ingles\/\" \/>\n<meta property=\"og:locale\" content=\"es_ES\" \/>\n<meta property=\"og:type\" content=\"article\" \/>\n<meta property=\"og:title\" content=\"Buscamos comercial con ingl\u00e9s - Gesti\u00f3n De Compras\" \/>\n<meta property=\"og:description\" content=\"Buscamos comercial que tenga experiencia y visi\u00f3n de futuro, para que contribuya en el desarrollo de la empresa en el mercado internacional.\" \/>\n<meta property=\"og:url\" content=\"https:\/\/wp.gestiondecompras.com\/es\/empleo\/buscamos-comercial-con-ingles\/\" \/>\n<meta property=\"og:site_name\" content=\"Gesti\u00f3n De Compras\" \/>\n<meta name=\"twitter:card\" content=\"summary_large_image\" \/>\n<meta name=\"twitter:label1\" content=\"Tiempo de lectura\" \/>\n\t<meta name=\"twitter:data1\" content=\"2 minutos\" \/>\n<script type=\"application\/ld+json\" class=\"yoast-schema-graph\">{\"@context\":\"https:\/\/schema.org\",\"@graph\":[{\"@type\":\"WebPage\",\"@id\":\"https:\/\/wp.gestiondecompras.com\/es\/empleo\/buscamos-comercial-con-ingles\/\",\"url\":\"https:\/\/wp.gestiondecompras.com\/es\/empleo\/buscamos-comercial-con-ingles\/\",\"name\":\"Buscamos comercial con ingl\u00e9s - Gesti\u00f3n De Compras\",\"isPartOf\":{\"@id\":\"https:\/\/wp.gestiondecompras.com\/es\/#website\"},\"datePublished\":\"2022-03-11T13:31:53+00:00\",\"dateModified\":\"2022-03-11T13:31:53+00:00\",\"description\":\"Buscamos comercial que tenga experiencia y visi\u00f3n de futuro, para que contribuya en el desarrollo de la empresa en el mercado internacional.\",\"breadcrumb\":{\"@id\":\"https:\/\/wp.gestiondecompras.com\/es\/empleo\/buscamos-comercial-con-ingles\/#breadcrumb\"},\"inLanguage\":\"es\",\"potentialAction\":[{\"@type\":\"ReadAction\",\"target\":[\"https:\/\/wp.gestiondecompras.com\/es\/empleo\/buscamos-comercial-con-ingles\/\"]}]},{\"@type\":\"BreadcrumbList\",\"@id\":\"https:\/\/wp.gestiondecompras.com\/es\/empleo\/buscamos-comercial-con-ingles\/#breadcrumb\",\"itemListElement\":[{\"@type\":\"ListItem\",\"position\":1,\"name\":\"Inicio\",\"item\":\"https:\/\/wp.gestiondecompras.com\/es\/\"},{\"@type\":\"ListItem\",\"position\":2,\"name\":\"Empleo\",\"item\":\"https:\/\/wp.gestiondecompras.com\/es\/empleo\/\"},{\"@type\":\"ListItem\",\"position\":3,\"name\":\"Buscamos comercial con ingl\u00e9s\"}]},{\"@type\":\"WebSite\",\"@id\":\"https:\/\/wp.gestiondecompras.com\/es\/#website\",\"url\":\"https:\/\/wp.gestiondecompras.com\/es\/\",\"name\":\"Gesti\u00f3n De Compras\",\"description\":\"Sourcing Internacional\",\"potentialAction\":[{\"@type\":\"SearchAction\",\"target\":{\"@type\":\"EntryPoint\",\"urlTemplate\":\"https:\/\/wp.gestiondecompras.com\/es\/?s={search_term_string}\"},\"query-input\":\"required name=search_term_string\"}],\"inLanguage\":\"es\"}]}<\/script>\n<!-- \/ Yoast SEO plugin. -->","yoast_head_json":{"title":"Buscamos comercial con ingl\u00e9s - Gesti\u00f3n De Compras","description":"Buscamos comercial que tenga experiencia y visi\u00f3n de futuro, para que contribuya en el desarrollo de la empresa en el mercado internacional.","robots":{"index":"index","follow":"follow","max-snippet":"max-snippet:-1","max-image-preview":"max-image-preview:large","max-video-preview":"max-video-preview:-1"},"canonical":"https:\/\/wp.gestiondecompras.com\/es\/empleo\/buscamos-comercial-con-ingles\/","og_locale":"es_ES","og_type":"article","og_title":"Buscamos comercial con ingl\u00e9s - Gesti\u00f3n De Compras","og_description":"Buscamos comercial que tenga experiencia y visi\u00f3n de futuro, para que contribuya en el desarrollo de la empresa en el mercado internacional.","og_url":"https:\/\/wp.gestiondecompras.com\/es\/empleo\/buscamos-comercial-con-ingles\/","og_site_name":"Gesti\u00f3n De Compras","twitter_card":"summary_large_image","twitter_misc":{"Tiempo de lectura":"2 minutos"},"schema":{"@context":"https:\/\/schema.org","@graph":[{"@type":"WebPage","@id":"https:\/\/wp.gestiondecompras.com\/es\/empleo\/buscamos-comercial-con-ingles\/","url":"https:\/\/wp.gestiondecompras.com\/es\/empleo\/buscamos-comercial-con-ingles\/","name":"Buscamos comercial con ingl\u00e9s - Gesti\u00f3n De Compras","isPartOf":{"@id":"https:\/\/wp.gestiondecompras.com\/es\/#website"},"datePublished":"2022-03-11T13:31:53+00:00","dateModified":"2022-03-11T13:31:53+00:00","description":"Buscamos comercial que tenga experiencia y visi\u00f3n de futuro, para que contribuya en el desarrollo de la empresa en el mercado internacional.","breadcrumb":{"@id":"https:\/\/wp.gestiondecompras.com\/es\/empleo\/buscamos-comercial-con-ingles\/#breadcrumb"},"inLanguage":"es","potentialAction":[{"@type":"ReadAction","target":["https:\/\/wp.gestiondecompras.com\/es\/empleo\/buscamos-comercial-con-ingles\/"]}]},{"@type":"BreadcrumbList","@id":"https:\/\/wp.gestiondecompras.com\/es\/empleo\/buscamos-comercial-con-ingles\/#breadcrumb","itemListElement":[{"@type":"ListItem","position":1,"name":"Inicio","item":"https:\/\/wp.gestiondecompras.com\/es\/"},{"@type":"ListItem","position":2,"name":"Empleo","item":"https:\/\/wp.gestiondecompras.com\/es\/empleo\/"},{"@type":"ListItem","position":3,"name":"Buscamos comercial con ingl\u00e9s"}]},{"@type":"WebSite","@id":"https:\/\/wp.gestiondecompras.com\/es\/#website","url":"https:\/\/wp.gestiondecompras.com\/es\/","name":"Gesti\u00f3n De Compras","description":"Sourcing Internacional","potentialAction":[{"@type":"SearchAction","target":{"@type":"EntryPoint","urlTemplate":"https:\/\/wp.gestiondecompras.com\/es\/?s={search_term_string}"},"query-input":"required name=search_term_string"}],"inLanguage":"es"}]}},"_links":{"self":[{"href":"https:\/\/wp.gestiondecompras.com\/es\/wp-json\/wp\/v2\/pages\/12622"}],"collection":[{"href":"https:\/\/wp.gestiondecompras.com\/es\/wp-json\/wp\/v2\/pages"}],"about":[{"href":"https:\/\/wp.gestiondecompras.com\/es\/wp-json\/wp\/v2\/types\/page"}],"author":[{"embeddable":true,"href":"https:\/\/wp.gestiondecompras.com\/es\/wp-json\/wp\/v2\/users\/3"}],"replies":[{"embeddable":true,"href":"https:\/\/wp.gestiondecompras.com\/es\/wp-json\/wp\/v2\/comments?post=12622"}],"version-history":[{"count":3,"href":"https:\/\/wp.gestiondecompras.com\/es\/wp-json\/wp\/v2\/pages\/12622\/revisions"}],"predecessor-version":[{"id":12626,"href":"https:\/\/wp.gestiondecompras.com\/es\/wp-json\/wp\/v2\/pages\/12622\/revisions\/12626"}],"up":[{"embeddable":true,"href":"https:\/\/wp.gestiondecompras.com\/es\/wp-json\/wp\/v2\/pages\/278"}],"wp:attachment":[{"href":"https:\/\/wp.gestiondecompras.com\/es\/wp-json\/wp\/v2\/media?parent=12622"}],"curies":[{"name":"wp","href":"https:\/\/api.w.org\/{rel}","templated":true}]}}