{"id":1259,"date":"2021-05-10T15:02:38","date_gmt":"2021-05-10T15:02:38","guid":{"rendered":"https:\/\/wp.gestiondecompras.com\/?page_id=1259"},"modified":"2021-11-08T16:26:12","modified_gmt":"2021-11-08T16:26:12","slug":"equipamientos-de-acerias-caldereria-y-accesorios-de-tuberia","status":"publish","type":"page","link":"https:\/\/wp.gestiondecompras.com\/es\/productos\/equipamientos-de-acerias-caldereria-y-accesorios-de-tuberia\/","title":{"rendered":"Equipamientos de acer\u00edas, calderer\u00eda y accesorios de tuber\u00eda"},"content":{"rendered":"[spb_row element_name=\u00bbRow\u00bb wrap_type=\u00bbcontent-width\u00bb parallax_image_height=\u00bbcontent-height\u00bb parallax_image_movement=\u00bbfixed\u00bb parallax_image_speed=\u00bb0.5&#8243; bg_video_loop=\u00bbyes\u00bb parallax_video_height=\u00bbwindow-height\u00bb parallax_video_overlay=\u00bbnone\u00bb row_overlay_opacity=\u00bb0&#8243; row_col_pos=\u00bbdefault\u00bb width=\u00bb1\/1&#8243; el_position=\u00bbfirst last\u00bb] [spb_column col_sm=\u00bb12&#8243; col_animation=\u00bbnone\u00bb col_animation_delay=\u00bb0&#8243; col_bg_type=\u00bbcover\u00bb col_parallax_image_movement=\u00bbfixed\u00bb col_parallax_image_speed=\u00bb0.5&#8243; col_padding=\u00bb0&#8243; col_vertical_offset=\u00bb0&#8243; col_horizontal_offset=\u00bb0&#8243; col_custom_zindex=\u00bb0&#8243; simplified_controls=\u00bbyes\u00bb custom_css_percentage=\u00bbno\u00bb padding_vertical=\u00bb0&#8243; padding_horizontal=\u00bb0&#8243; margin_vertical=\u00bb0&#8243; custom_css=\u00bbmargin-top: 0px;margin-bottom: 0px;\u00bb border_styling_global=\u00bbdefault\u00bb width=\u00bb1\/1&#8243; el_position=\u00bbfirst last\u00bb] [spb_text_block animation=\u00bbnone\u00bb animation_delay=\u00bb0&#8243; simplified_controls=\u00bbyes\u00bb custom_css_percentage=\u00bbno\u00bb padding_vertical=\u00bb0&#8243; padding_horizontal=\u00bb0&#8243; margin_vertical=\u00bb0&#8243; custom_css=\u00bbmargin-top: 0px;margin-bottom: 0px;\u00bb border_size=\u00bb0&#8243; border_styling_global=\u00bbdefault\u00bb width=\u00bb3\/4&#8243; el_position=\u00bbfirst\u00bb]\n<p>En Gesti\u00f3n de Compras somos expertos en el desarrollo de elementos de calderer\u00eda seg\u00fan los requerimientos del cliente. Suministramos equipos refrigerados, conductos de humos, c\u00e1maras de combusti\u00f3n, paneles y b\u00f3vedas en acero y cobre para acer\u00edas, etc.<\/p>\n[\/spb_text_block] [spb_text_block animation=\u00bbnone\u00bb animation_delay=\u00bb0&#8243; simplified_controls=\u00bbyes\u00bb custom_css_percentage=\u00bbno\u00bb padding_vertical=\u00bb0&#8243; padding_horizontal=\u00bb0&#8243; margin_vertical=\u00bb0&#8243; custom_css=\u00bbmargin-top: 0px;margin-bottom: 0px;\u00bb border_size=\u00bb0&#8243; border_styling_global=\u00bbdefault\u00bb width=\u00bb1\/4&#8243; el_position=\u00bblast\u00bb]\n\n[\/spb_text_block] [spb_text_block animation=\u00bbnone\u00bb animation_delay=\u00bb0&#8243; simplified_controls=\u00bbyes\u00bb custom_css_percentage=\u00bbno\u00bb padding_vertical=\u00bb0&#8243; padding_horizontal=\u00bb0&#8243; margin_vertical=\u00bb0&#8243; custom_css=\u00bbmargin-top: 0px;margin-bottom: 0px;\u00bb border_size=\u00bb0&#8243; border_styling_global=\u00bbdefault\u00bb width=\u00bb1\/1&#8243; el_position=\u00bbfirst last\u00bb]\n<hr style=\"background-color: #0098aa; height: 1px;\" \/>\n[\/spb_text_block] [\/spb_column] [\/spb_row] [spb_row element_name=\u00bbRow\u00bb wrap_type=\u00bbcontent-width\u00bb parallax_image_height=\u00bbcontent-height\u00bb parallax_image_movement=\u00bbfixed\u00bb parallax_image_speed=\u00bb0.5&#8243; bg_video_loop=\u00bbyes\u00bb parallax_video_height=\u00bbwindow-height\u00bb parallax_video_overlay=\u00bbnone\u00bb row_overlay_opacity=\u00bb0&#8243; row_col_pos=\u00bbdefault\u00bb width=\u00bb1\/1&#8243; el_position=\u00bbfirst last\u00bb] [spb_text_block animation=\u00bbnone\u00bb animation_delay=\u00bb0&#8243; simplified_controls=\u00bbyes\u00bb custom_css_percentage=\u00bbno\u00bb padding_vertical=\u00bb0&#8243; padding_horizontal=\u00bb0&#8243; margin_vertical=\u00bb0&#8243; custom_css=\u00bbmargin-top: 0px;margin-bottom: 0px;\u00bb border_size=\u00bb0&#8243; border_styling_global=\u00bbdefault\u00bb width=\u00bb1\/1&#8243; el_position=\u00bbfirst last\u00bb]\n<h2 style=\"text-align: center;\"><strong>Productos<\/strong><\/h2>\n<div class=\"horizontal-break bold\" style=\"background-color: #666d78; width: 100px\"> <\/div>\n[\/spb_text_block] [spb_boxed_content type=\u00bbcoloured\u00bb box_link_target=\u00bb_self\u00bb padding_vertical=\u00bb0&#8243; padding_horizontal=\u00bb0&#8243; width=\u00bb1\/1&#8243; el_position=\u00bbfirst last\u00bb]\n<p style=\"text-align: justify;\">Principalmente el sector de la industria y de la construcci\u00f3n, demandan un gran n\u00famero de piezas para calderer\u00eda y tuber\u00eda. Estas piezas son grifos, bridas y v\u00e1lvulas, entre otros.<\/p>\n[\/spb_boxed_content] [spb_icon_box title=\u00bbBridas\u00bb box_type=\u00bbstandard-title\u00bb box_icon_type=\u00bbcharacter\u00bb character=\u00bb\u00b7\u00bb animate_svg=\u00bbno\u00bb target=\u00bb_self\u00bb animation=\u00bbnone\u00bb animation_delay=\u00bb0&#8243; animated_box_style=\u00bbcoloured\u00bb animated_box_rounded=\u00bbyes\u00bb width=\u00bb1\/3&#8243; el_position=\u00bbfirst\u00bb]\n<p style=\"text-align: justify;\">Las bridas son las piezas encargadas de mantener unidos dos componentes de una misma tuber\u00eda, o sistema de tuber\u00edas. Tiene cuatro partes esenciales: cara, cuello, ala y di\u00e1metro de pernos. Seg\u00fan el dise\u00f1o, una brida en concreto es de un tipo o de otro. Las m\u00e1s comunes son: bridas ciegas, bridas de cuello para soldaduras, y bridas roscadas. Est\u00e1n realizadas principalmente de acero al carbono o acero inoxidable, adem\u00e1s de aceros aleados.<\/p>\n[\/spb_icon_box] [spb_icon_box title=\u00bbV\u00e1lvulas\u00bb box_type=\u00bbstandard-title\u00bb box_icon_type=\u00bbcharacter\u00bb character=\u00bb\u00b7\u00bb animate_svg=\u00bbno\u00bb target=\u00bb_self\u00bb animation=\u00bbnone\u00bb animation_delay=\u00bb0&#8243; animated_box_style=\u00bbcoloured\u00bb animated_box_rounded=\u00bbyes\u00bb width=\u00bb1\/3&#8243;]\n<p style=\"text-align: justify;\">Las v\u00e1lvulas tienen la funci\u00f3n de regular la entrada y salida de un elemento o fluido de un lugar a otro de una m\u00e1quina, tuber\u00eda u otro medio. Est\u00e1n realizadas de bronce o acero inoxidable, y existen varios tipos. Las v\u00e1lvulas de diafragma son de tipo anti-retorno. Es decir, el fluido solo puede dirigirse en una direcci\u00f3n. La v\u00e1lvula de compuerta se abre y se cierra, gracias a una cu\u00f1a depositada en su interior. La v\u00e1lvula de globo regula la cantidad de fluido.<\/p>\n[\/spb_icon_box] [spb_icon_box title=\u00bbTubos\u00bb box_type=\u00bbstandard-title\u00bb box_icon_type=\u00bbcharacter\u00bb character=\u00bb\u00b7\u00bb animate_svg=\u00bbno\u00bb target=\u00bb_self\u00bb animation=\u00bbnone\u00bb animation_delay=\u00bb0&#8243; animated_box_style=\u00bbcoloured\u00bb animated_box_rounded=\u00bbyes\u00bb width=\u00bb1\/3&#8243; el_position=\u00bblast\u00bb]\n<p style=\"text-align: justify;\">Algunos tubos necesitan varios accesorios, como codos, uniones de martillo y similares. Estos accesorios est\u00e1n realizados a base de acero al carbono y acero inoxidable. Seg\u00fan el material del tubo (acero, fibrocemento, hierro fundido, gres\u2026) y las necesidades, se utilizar\u00e1 un complemento u otro.<\/p>\n[\/spb_icon_box] [spb_blank_spacer height=\u00bb15px\u00bb width=\u00bb1\/1&#8243; el_position=\u00bbfirst last\u00bb] [spb_boxed_content type=\u00bbcoloured\u00bb box_link_target=\u00bb_self\u00bb padding_vertical=\u00bb0&#8243; padding_horizontal=\u00bb0&#8243; width=\u00bb1\/1&#8243; el_position=\u00bbfirst last\u00bb]\n<p style=\"text-align: justify;\">Adem\u00e1s, <strong> Gesti\u00f3n de Compras <\/strong> suministra tambi\u00e9n electrodos de grafito utilizados principalmente en la producci\u00f3n secundaria de acero, adem\u00e1s de en otras aplicaciones adicionales, como productos de disoluci\u00f3n en hornos de fundido, metales no ferrosos, productos de cer\u00e1mica y reciclaje de residuos as\u00ed como en la producci\u00f3n de hidr\u00f3geno con m\u00faltiples usos en la industria.<\/p>\n[\/spb_boxed_content] [\/spb_row]\n","protected":false},"excerpt":{"rendered":"<p>[spb_row element_name=\u00bbRow\u00bb wrap_type=\u00bbcontent-width\u00bb parallax_image_height=\u00bbcontent-height\u00bb parallax_image_movement=\u00bbfixed\u00bb parallax_image_speed=\u00bb0.5&#8243; bg_video_loop=\u00bbyes\u00bb parallax_video_height=\u00bbwindow-height\u00bb parallax_video_overlay=\u00bbnone\u00bb row_overlay_opacity=\u00bb0&#8243; row_col_pos=\u00bbdefault\u00bb width=\u00bb1\/1&#8243; el_position=\u00bbfirst last\u00bb] [spb_column col_sm=\u00bb12&#8243; col_animation=\u00bbnone\u00bb col_animation_delay=\u00bb0&#8243; col_bg_type=\u00bbcover\u00bb col_parallax_image_movement=\u00bbfixed\u00bb col_parallax_image_speed=\u00bb0.5&#8243; col_padding=\u00bb0&#8243; col_vertical_offset=\u00bb0&#8243; col_horizontal_offset=\u00bb0&#8243; col_custom_zindex=\u00bb0&#8243; simplified_controls=\u00bbyes\u00bb custom_css_percentage=\u00bbno\u00bb padding_vertical=\u00bb0&#8243; padding_horizontal=\u00bb0&#8243; margin_vertical=\u00bb0&#8243; custom_css=\u00bbmargin-top: 0px;margin-bottom: 0px;\u00bb border_styling_global=\u00bbdefault\u00bb width=\u00bb1\/1&#8243; el_position=\u00bbfirst last\u00bb] [spb_text_block animation=\u00bbnone\u00bb animation_delay=\u00bb0&#8243; simplified_controls=\u00bbyes\u00bb custom_css_percentage=\u00bbno\u00bb padding_vertical=\u00bb0&#8243; padding_horizontal=\u00bb0&#8243; margin_vertical=\u00bb0&#8243; custom_css=\u00bbmargin-top: 0px;margin-bottom: 0px;\u00bb border_size=\u00bb0&#8243; border_styling_global=\u00bbdefault\u00bb width=\u00bb3\/4&#8243; el_position=\u00bbfirst\u00bb] En Gesti\u00f3n de Compras somos expertos en el [&hellip;]<\/p>\n","protected":false},"author":1,"featured_media":7215,"parent":652,"menu_order":0,"comment_status":"closed","ping_status":"closed","template":"page-products-category.php","meta":{"footnotes":""},"yoast_head":"<!-- This site is optimized with the Yoast SEO plugin v22.4 - https:\/\/yoast.com\/wordpress\/plugins\/seo\/ -->\n<title>Equipamientos de acer\u00edas, calderer\u00eda y accesorios de tuber\u00eda - Gesti\u00f3n De Compras<\/title>\n<meta name=\"description\" content=\"En Gesti\u00f3n de Compras somos expertos en el desarrollo de elementos de calderer\u00eda seg\u00fan los requerimientos del cliente.\" \/>\n<meta name=\"robots\" content=\"index, follow, max-snippet:-1, max-image-preview:large, max-video-preview:-1\" \/>\n<link rel=\"canonical\" href=\"https:\/\/wp.gestiondecompras.com\/es\/productos\/equipamientos-de-acerias-caldereria-y-accesorios-de-tuberia\/\" \/>\n<meta property=\"og:locale\" content=\"es_ES\" \/>\n<meta property=\"og:type\" content=\"article\" \/>\n<meta property=\"og:title\" content=\"Equipamientos de acer\u00edas, calderer\u00eda y accesorios de tuber\u00eda - Gesti\u00f3n De Compras\" \/>\n<meta property=\"og:description\" content=\"En Gesti\u00f3n de Compras somos expertos en el desarrollo de elementos de calderer\u00eda seg\u00fan los requerimientos del cliente.\" \/>\n<meta property=\"og:url\" content=\"https:\/\/wp.gestiondecompras.com\/es\/productos\/equipamientos-de-acerias-caldereria-y-accesorios-de-tuberia\/\" \/>\n<meta property=\"og:site_name\" content=\"Gesti\u00f3n De Compras\" \/>\n<meta property=\"article:modified_time\" content=\"2021-11-08T16:26:12+00:00\" \/>\n<meta property=\"og:image\" content=\"https:\/\/wp.gestiondecompras.com\/wp-content\/uploads\/2021\/09\/accesorios-de-tuberia.jpg\" \/>\n\t<meta property=\"og:image:width\" content=\"1200\" \/>\n\t<meta property=\"og:image:height\" content=\"800\" \/>\n\t<meta property=\"og:image:type\" content=\"image\/jpeg\" \/>\n<meta name=\"twitter:card\" content=\"summary_large_image\" \/>\n<meta name=\"twitter:label1\" content=\"Tiempo de lectura\" \/>\n\t<meta name=\"twitter:data1\" content=\"3 minutos\" \/>\n<script type=\"application\/ld+json\" class=\"yoast-schema-graph\">{\"@context\":\"https:\/\/schema.org\",\"@graph\":[{\"@type\":\"WebPage\",\"@id\":\"https:\/\/wp.gestiondecompras.com\/es\/productos\/equipamientos-de-acerias-caldereria-y-accesorios-de-tuberia\/\",\"url\":\"https:\/\/wp.gestiondecompras.com\/es\/productos\/equipamientos-de-acerias-caldereria-y-accesorios-de-tuberia\/\",\"name\":\"Equipamientos de acer\u00edas, calderer\u00eda y accesorios de tuber\u00eda - Gesti\u00f3n De Compras\",\"isPartOf\":{\"@id\":\"https:\/\/wp.gestiondecompras.com\/es\/#website\"},\"primaryImageOfPage\":{\"@id\":\"https:\/\/wp.gestiondecompras.com\/es\/productos\/equipamientos-de-acerias-caldereria-y-accesorios-de-tuberia\/#primaryimage\"},\"image\":{\"@id\":\"https:\/\/wp.gestiondecompras.com\/es\/productos\/equipamientos-de-acerias-caldereria-y-accesorios-de-tuberia\/#primaryimage\"},\"thumbnailUrl\":\"https:\/\/wp.gestiondecompras.com\/wp-content\/uploads\/2021\/09\/accesorios-de-tuberia.jpg\",\"datePublished\":\"2021-05-10T15:02:38+00:00\",\"dateModified\":\"2021-11-08T16:26:12+00:00\",\"description\":\"En Gesti\u00f3n de Compras somos expertos en el desarrollo de elementos de calderer\u00eda seg\u00fan los requerimientos del cliente.\",\"breadcrumb\":{\"@id\":\"https:\/\/wp.gestiondecompras.com\/es\/productos\/equipamientos-de-acerias-caldereria-y-accesorios-de-tuberia\/#breadcrumb\"},\"inLanguage\":\"es\",\"potentialAction\":[{\"@type\":\"ReadAction\",\"target\":[\"https:\/\/wp.gestiondecompras.com\/es\/productos\/equipamientos-de-acerias-caldereria-y-accesorios-de-tuberia\/\"]}]},{\"@type\":\"ImageObject\",\"inLanguage\":\"es\",\"@id\":\"https:\/\/wp.gestiondecompras.com\/es\/productos\/equipamientos-de-acerias-caldereria-y-accesorios-de-tuberia\/#primaryimage\",\"url\":\"https:\/\/wp.gestiondecompras.com\/wp-content\/uploads\/2021\/09\/accesorios-de-tuberia.jpg\",\"contentUrl\":\"https:\/\/wp.gestiondecompras.com\/wp-content\/uploads\/2021\/09\/accesorios-de-tuberia.jpg\",\"width\":1200,\"height\":800,\"caption\":\"accesorios de tuberia\"},{\"@type\":\"BreadcrumbList\",\"@id\":\"https:\/\/wp.gestiondecompras.com\/es\/productos\/equipamientos-de-acerias-caldereria-y-accesorios-de-tuberia\/#breadcrumb\",\"itemListElement\":[{\"@type\":\"ListItem\",\"position\":1,\"name\":\"Inicio\",\"item\":\"https:\/\/wp.gestiondecompras.com\/es\/\"},{\"@type\":\"ListItem\",\"position\":2,\"name\":\"Productos\",\"item\":\"https:\/\/wp.gestiondecompras.com\/es\/productos\/\"},{\"@type\":\"ListItem\",\"position\":3,\"name\":\"Equipamientos de acer\u00edas, calderer\u00eda y accesorios de tuber\u00eda\"}]},{\"@type\":\"WebSite\",\"@id\":\"https:\/\/wp.gestiondecompras.com\/es\/#website\",\"url\":\"https:\/\/wp.gestiondecompras.com\/es\/\",\"name\":\"Gesti\u00f3n De Compras\",\"description\":\"Sourcing Internacional\",\"potentialAction\":[{\"@type\":\"SearchAction\",\"target\":{\"@type\":\"EntryPoint\",\"urlTemplate\":\"https:\/\/wp.gestiondecompras.com\/es\/?s={search_term_string}\"},\"query-input\":\"required name=search_term_string\"}],\"inLanguage\":\"es\"}]}<\/script>\n<!-- \/ Yoast SEO plugin. -->","yoast_head_json":{"title":"Equipamientos de acer\u00edas, calderer\u00eda y accesorios de tuber\u00eda - Gesti\u00f3n De Compras","description":"En Gesti\u00f3n de Compras somos expertos en el desarrollo de elementos de calderer\u00eda seg\u00fan los requerimientos del cliente.","robots":{"index":"index","follow":"follow","max-snippet":"max-snippet:-1","max-image-preview":"max-image-preview:large","max-video-preview":"max-video-preview:-1"},"canonical":"https:\/\/wp.gestiondecompras.com\/es\/productos\/equipamientos-de-acerias-caldereria-y-accesorios-de-tuberia\/","og_locale":"es_ES","og_type":"article","og_title":"Equipamientos de acer\u00edas, calderer\u00eda y accesorios de tuber\u00eda - Gesti\u00f3n De Compras","og_description":"En Gesti\u00f3n de Compras somos expertos en el desarrollo de elementos de calderer\u00eda seg\u00fan los requerimientos del cliente.","og_url":"https:\/\/wp.gestiondecompras.com\/es\/productos\/equipamientos-de-acerias-caldereria-y-accesorios-de-tuberia\/","og_site_name":"Gesti\u00f3n De Compras","article_modified_time":"2021-11-08T16:26:12+00:00","og_image":[{"width":1200,"height":800,"url":"https:\/\/wp.gestiondecompras.com\/wp-content\/uploads\/2021\/09\/accesorios-de-tuberia.jpg","type":"image\/jpeg"}],"twitter_card":"summary_large_image","twitter_misc":{"Tiempo de lectura":"3 minutos"},"schema":{"@context":"https:\/\/schema.org","@graph":[{"@type":"WebPage","@id":"https:\/\/wp.gestiondecompras.com\/es\/productos\/equipamientos-de-acerias-caldereria-y-accesorios-de-tuberia\/","url":"https:\/\/wp.gestiondecompras.com\/es\/productos\/equipamientos-de-acerias-caldereria-y-accesorios-de-tuberia\/","name":"Equipamientos de acer\u00edas, calderer\u00eda y accesorios de tuber\u00eda - Gesti\u00f3n De Compras","isPartOf":{"@id":"https:\/\/wp.gestiondecompras.com\/es\/#website"},"primaryImageOfPage":{"@id":"https:\/\/wp.gestiondecompras.com\/es\/productos\/equipamientos-de-acerias-caldereria-y-accesorios-de-tuberia\/#primaryimage"},"image":{"@id":"https:\/\/wp.gestiondecompras.com\/es\/productos\/equipamientos-de-acerias-caldereria-y-accesorios-de-tuberia\/#primaryimage"},"thumbnailUrl":"https:\/\/wp.gestiondecompras.com\/wp-content\/uploads\/2021\/09\/accesorios-de-tuberia.jpg","datePublished":"2021-05-10T15:02:38+00:00","dateModified":"2021-11-08T16:26:12+00:00","description":"En Gesti\u00f3n de Compras somos expertos en el desarrollo de elementos de calderer\u00eda seg\u00fan los requerimientos del cliente.","breadcrumb":{"@id":"https:\/\/wp.gestiondecompras.com\/es\/productos\/equipamientos-de-acerias-caldereria-y-accesorios-de-tuberia\/#breadcrumb"},"inLanguage":"es","potentialAction":[{"@type":"ReadAction","target":["https:\/\/wp.gestiondecompras.com\/es\/productos\/equipamientos-de-acerias-caldereria-y-accesorios-de-tuberia\/"]}]},{"@type":"ImageObject","inLanguage":"es","@id":"https:\/\/wp.gestiondecompras.com\/es\/productos\/equipamientos-de-acerias-caldereria-y-accesorios-de-tuberia\/#primaryimage","url":"https:\/\/wp.gestiondecompras.com\/wp-content\/uploads\/2021\/09\/accesorios-de-tuberia.jpg","contentUrl":"https:\/\/wp.gestiondecompras.com\/wp-content\/uploads\/2021\/09\/accesorios-de-tuberia.jpg","width":1200,"height":800,"caption":"accesorios de tuberia"},{"@type":"BreadcrumbList","@id":"https:\/\/wp.gestiondecompras.com\/es\/productos\/equipamientos-de-acerias-caldereria-y-accesorios-de-tuberia\/#breadcrumb","itemListElement":[{"@type":"ListItem","position":1,"name":"Inicio","item":"https:\/\/wp.gestiondecompras.com\/es\/"},{"@type":"ListItem","position":2,"name":"Productos","item":"https:\/\/wp.gestiondecompras.com\/es\/productos\/"},{"@type":"ListItem","position":3,"name":"Equipamientos de acer\u00edas, calderer\u00eda y accesorios de tuber\u00eda"}]},{"@type":"WebSite","@id":"https:\/\/wp.gestiondecompras.com\/es\/#website","url":"https:\/\/wp.gestiondecompras.com\/es\/","name":"Gesti\u00f3n De Compras","description":"Sourcing Internacional","potentialAction":[{"@type":"SearchAction","target":{"@type":"EntryPoint","urlTemplate":"https:\/\/wp.gestiondecompras.com\/es\/?s={search_term_string}"},"query-input":"required name=search_term_string"}],"inLanguage":"es"}]}},"_links":{"self":[{"href":"https:\/\/wp.gestiondecompras.com\/es\/wp-json\/wp\/v2\/pages\/1259"}],"collection":[{"href":"https:\/\/wp.gestiondecompras.com\/es\/wp-json\/wp\/v2\/pages"}],"about":[{"href":"https:\/\/wp.gestiondecompras.com\/es\/wp-json\/wp\/v2\/types\/page"}],"author":[{"embeddable":true,"href":"https:\/\/wp.gestiondecompras.com\/es\/wp-json\/wp\/v2\/users\/1"}],"replies":[{"embeddable":true,"href":"https:\/\/wp.gestiondecompras.com\/es\/wp-json\/wp\/v2\/comments?post=1259"}],"version-history":[{"count":10,"href":"https:\/\/wp.gestiondecompras.com\/es\/wp-json\/wp\/v2\/pages\/1259\/revisions"}],"predecessor-version":[{"id":10466,"href":"https:\/\/wp.gestiondecompras.com\/es\/wp-json\/wp\/v2\/pages\/1259\/revisions\/10466"}],"up":[{"embeddable":true,"href":"https:\/\/wp.gestiondecompras.com\/es\/wp-json\/wp\/v2\/pages\/652"}],"wp:featuredmedia":[{"embeddable":true,"href":"https:\/\/wp.gestiondecompras.com\/es\/wp-json\/wp\/v2\/media\/7215"}],"wp:attachment":[{"href":"https:\/\/wp.gestiondecompras.com\/es\/wp-json\/wp\/v2\/media?parent=1259"}],"curies":[{"name":"wp","href":"https:\/\/api.w.org\/{rel}","templated":true}]}}