{"id":12550,"date":"2022-03-11T13:30:08","date_gmt":"2022-03-11T13:30:08","guid":{"rendered":"https:\/\/wp.gestiondecompras.com\/?page_id=12550"},"modified":"2022-03-11T13:32:37","modified_gmt":"2022-03-11T13:32:37","slug":"buscamos-ingenieros-as-industriales","status":"publish","type":"page","link":"https:\/\/wp.gestiondecompras.com\/es\/empleo\/buscamos-ingenieros-as-industriales\/","title":{"rendered":"Buscamos ingenieros\/as industriales"},"content":{"rendered":"[spb_row element_name=\u00bbRow\u00bb wrap_type=\u00bbcontent-width\u00bb parallax_image_height=\u00bbcontent-height\u00bb parallax_image_movement=\u00bbfixed\u00bb parallax_image_speed=\u00bb0.5&#8243; bg_video_loop=\u00bbyes\u00bb parallax_video_height=\u00bbwindow-height\u00bb parallax_video_overlay=\u00bbnone\u00bb row_overlay_opacity=\u00bb0&#8243; row_col_pos=\u00bbdefault\u00bb width=\u00bb1\/1&#8243; el_position=\u00bbfirst last\u00bb] [spb_column col_sm=\u00bb12&#8243; padding_horizontal=\u00bb0&#8243; width=\u00bb1\/1&#8243; el_position=\u00bbfirst last\u00bb] [spb_boxed_content type=\u00bbcoloured\u00bb box_link_target=\u00bb_self\u00bb padding_vertical=\u00bb0&#8243; padding_horizontal=\u00bb0&#8243; width=\u00bb1\/1&#8243; el_position=\u00bbfirst last\u00bb]\n<p style=\"text-align: justify;\">Gesti\u00f3n de Compras es una empresa formada por profesionales en las \u00e1reas de compras, calidad y producci\u00f3n, que responde a la necesidad de muchas empresas de mejorar sus procedimientos de negociaci\u00f3n y costes de adquisici\u00f3n, adapt\u00e1ndolos a las actuales exigencias del mercado.<\/p>\n<p style=\"text-align: justify;\">La globalizaci\u00f3n ha supuesto una oportunidad de cambio para muchos sectores y empresas, tambi\u00e9n en el \u00e1mbito industrial. Las oportunidades de trabajo, mercado y negocio ahora se ampl\u00edan m\u00e1s all\u00e1 de las fronteras. Gesti\u00f3n de Compras, debido a su modelo de negocio, posee una alta capacidad de internacionalizaci\u00f3n. Ese es el objetivo de nuestro proyecto \u201c<a href=\"https:\/\/partner.gestiondecompras.com\/es\/\" target=\"_blank\" rel=\"noopener\">partners<\/a>\u201d, a trav\u00e9s de agentes comerciales externos, llevar nuestro negocio m\u00e1s all\u00e1 de nuestro alcance.<\/p>\n[\/spb_boxed_content] [spb_blank_spacer height=\u00bb30px\u00bb width=\u00bb1\/1&#8243; el_position=\u00bbfirst last\u00bb] [\/spb_column] [spb_divider type=\u00bbstandard\u00bb text=\u00bbGo to top\u00bb top_margin=\u00bb0px\u00bb bottom_margin=\u00bb30px\u00bb fullwidth=\u00bbno\u00bb width=\u00bb1\/1&#8243; el_position=\u00bbfirst last\u00bb] [spb_blank_spacer height=\u00bb15px\u00bb width=\u00bb1\/1&#8243; el_position=\u00bbfirst last\u00bb] [\/spb_row] [spb_row element_name=\u00bbRow\u00bb wrap_type=\u00bbcontent-width\u00bb parallax_image_height=\u00bbcontent-height\u00bb parallax_image_movement=\u00bbfixed\u00bb parallax_image_speed=\u00bb0.5&#8243; bg_video_loop=\u00bbyes\u00bb parallax_video_height=\u00bbwindow-height\u00bb parallax_video_overlay=\u00bbnone\u00bb row_overlay_opacity=\u00bb0&#8243; row_col_pos=\u00bbdefault\u00bb width=\u00bb1\/1&#8243; el_position=\u00bbfirst last\u00bb] [spb_column col_animation=\u00bbnone\u00bb col_animation_delay=\u00bb0&#8243; col_bg_type=\u00bbcover\u00bb col_parallax_image_movement=\u00bbfixed\u00bb col_parallax_image_speed=\u00bb0.5&#8243; col_padding=\u00bb0&#8243; col_vertical_offset=\u00bb0&#8243; col_horizontal_offset=\u00bb0&#8243; col_custom_zindex=\u00bb0&#8243; col_sm=\u00bb8&#8243; simplified_controls=\u00bbno\u00bb custom_css_percentage=\u00bbno\u00bb padding_vertical=\u00bb0&#8243; padding_horizontal=\u00bb0&#8243; margin_vertical=\u00bb0&#8243; custom_css=\u00bbmargin-top: 0px;margin-bottom: 0px;padding-right: 50px;\u00bb border_styling_global=\u00bbdefault\u00bb width=\u00bb2\/3&#8243; el_position=\u00bbfirst\u00bb] [spb_boxed_content type=\u00bbcoloured\u00bb box_link_target=\u00bb_self\u00bb padding_vertical=\u00bb0&#8243; padding_horizontal=\u00bb0&#8243; width=\u00bb1\/1&#8243; el_position=\u00bbfirst last\u00bb]\n<h3><strong>Descripci\u00f3n de la oferta<\/strong><\/h3>\n<p>En Gesti\u00f3n de Compras buscamos a personas con especializaci\u00f3n en sectores de fabricaci\u00f3n industrial y perfil t\u00e9cnico, con conocimiento del comercio industrial internacional; en <strong>M\u00e9xico, Colombia, Chile y Brasil<\/strong> especialmente en las zonas con actividad industrial. Con disponibilidad horaria y movilidad, as\u00ed como facilidades comunicativas y con af\u00e1n por aprender y mejorar.<\/p>\n<p>Buscamos ingenieros\/as especializados en<strong> mecanizado, inyecci\u00f3n de pl\u00e1stico, forja, fundici\u00f3n y estampaci\u00f3n.<\/strong><\/p>\n<h3><strong>Qu\u00e9 ofrecemos<\/strong><\/h3>\n<ul>\n<li>Contrato mercantil de larga duraci\u00f3n.<\/li>\n<li>Formaci\u00f3n online especializada.<\/li>\n<li>Retribuci\u00f3n, por determinar, en funci\u00f3n del perfil del\/la candidato\/a<\/li>\n<li>Jornada completa.<\/li>\n<li>Flexibilidad horaria.<\/li>\n<\/ul>\n<h3><strong>Requisitos<\/strong><\/h3>\n<ul>\n<li>Formaci\u00f3n a nivel de T\u00e9cnico\/a y\/o Ingeniero\/a industrial.<\/li>\n<li>Muy valorable dotes comerciales.<\/li>\n<li>Persona organizada, aut\u00f3noma y resolutiva.<\/li>\n<li>Disponibilidad horaria y movilidad.<\/li>\n<li>Veh\u00edculo propio<\/li>\n<li>Residencia en M\u00e9xico, Colombia, Chile y Brasil, especialmente capital y\/o zonas industriales.<\/li>\n<li>Experiencia demostrable m\u00ednimo de 2 a\u00f1os en procesos de:\n<ul>\n<li><strong>Mecanizado<\/strong> (planos 2D\/3D, CNC, torneado, decoletaje, fresado, materiales, etc.) en los sectores de automoci\u00f3n, mobiliario, iluminaci\u00f3n y valvuler\u00eda.<\/li>\n<li><strong>Inyecci\u00f3n de pl\u00e1stico<\/strong> (planos 2D\/3D, materiales, moldes, inyectoras, maquinaria auxiliar, Rotomoldeo, Soplado, Termoconformado, etc) en los sectores de alimentaci\u00f3n, packaging, automoci\u00f3n, mobiliario y mobiliario urbano.<\/li>\n<li><strong>Forja y estampaci\u00f3n<\/strong> (planos 2D\/3D, forja en fr\u00edo, forja en caliente, materiales, matricer\u00eda, estampaci\u00f3n progresiva, embutici\u00f3n) en los sectores de automoci\u00f3n, maquinaria, miner\u00eda, ferrocarril e iluminaci\u00f3n.<\/li>\n<li><strong>Fundici\u00f3n<\/strong> (planos 2D\/3D, moldes , materiales, moldeo en arena, cera perdida, inyecci\u00f3n, etc.) en los sectores de automoci\u00f3n, mobiliario, iluminaci\u00f3n y valvuler\u00eda.<\/li>\n<\/ul>\n<\/li>\n<\/ul>\n<h3><strong>Funciones<\/strong><\/h3>\n<ul>\n<li>B\u00fasqueda clientes potenciales<\/li>\n<li>Creaci\u00f3n cartera de clientes<\/li>\n<li>Presentaci\u00f3n de los productos de la compa\u00f1\u00eda.<\/li>\n<li>Identificar y satisfacer las necesidades del mercado.<\/li>\n<li>Relaci\u00f3n directa con el cliente.<\/li>\n<li>Colaboraci\u00f3n con el departamento compras para preparar y presentar las ofertas.<\/li>\n<li>Gesti\u00f3n de pedidos de fabricaci\u00f3n y seguimiento post-venta<\/li>\n<\/ul>\n[\/spb_boxed_content] [\/spb_column] [spb_column col_sm=\u00bb4&#8243; padding_horizontal=\u00bb0&#8243; width=\u00bb1\/3&#8243; el_position=\u00bblast\u00bb] [spb_divider type=\u00bbheading\u00bb heading_text=\u00bbEnv\u00eda tu CV\u00bb text=\u00bbGo to top\u00bb top_margin=\u00bb0px\u00bb bottom_margin=\u00bb30px\u00bb fullwidth=\u00bbno\u00bb width=\u00bb1\/1&#8243; el_position=\u00bbfirst last\u00bb] [spb_boxed_content type=\u00bbcoloured\u00bb box_link_target=\u00bb_self\u00bb padding_vertical=\u00bb0&#8243; padding_horizontal=\u00bb0&#8243; width=\u00bb1\/1&#8243; el_position=\u00bbfirst last\u00bb]\n<p style=\"text-align: center;\">\n<div class=\"wpcf7 no-js\" id=\"wpcf7-f12554-o1\" lang=\"es-ES\" dir=\"ltr\">\n<div class=\"screen-reader-response\"><p role=\"status\" aria-live=\"polite\" aria-atomic=\"true\"><\/p> <ul><\/ul><\/div>\n<form action=\"\/es\/wp-json\/wp\/v2\/pages\/12550#wpcf7-f12554-o1\" method=\"post\" class=\"wpcf7-form init\" name=\"CV-partners\" aria-label=\"Contact form\" enctype=\"multipart\/form-data\" novalidate=\"novalidate\" data-status=\"init\">\n<div style=\"display: none;\">\n<input type=\"hidden\" name=\"_wpcf7\" value=\"12554\" \/>\n<input type=\"hidden\" name=\"_wpcf7_version\" value=\"5.9.3\" \/>\n<input type=\"hidden\" name=\"_wpcf7_locale\" value=\"es_ES\" \/>\n<input type=\"hidden\" name=\"_wpcf7_unit_tag\" value=\"wpcf7-f12554-o1\" \/>\n<input type=\"hidden\" name=\"_wpcf7_container_post\" value=\"0\" \/>\n<input type=\"hidden\" name=\"_wpcf7_posted_data_hash\" value=\"\" \/>\n<input type=\"hidden\" name=\"_wpcf7_recaptcha_response\" value=\"\" \/>\n<\/div>\n<p><span class=\"wpcf7-form-control-wrap\" data-name=\"your-name\"><input size=\"40\" class=\"wpcf7-form-control wpcf7-text wpcf7-validates-as-required\" aria-required=\"true\" aria-invalid=\"false\" placeholder=\"Nombre completo*\" value=\"\" type=\"text\" name=\"your-name\" \/><\/span>\n<\/p>\n<p><span class=\"wpcf7-form-control-wrap\" data-name=\"your-email\"><input size=\"40\" class=\"wpcf7-form-control wpcf7-email wpcf7-validates-as-required wpcf7-text wpcf7-validates-as-email\" aria-required=\"true\" aria-invalid=\"false\" placeholder=\"Email*\" value=\"\" type=\"email\" name=\"your-email\" \/><\/span>\n<\/p>\n<p><span class=\"wpcf7-form-control-wrap\" data-name=\"menu-residencia\"><select class=\"wpcf7-form-control wpcf7-select wpcf7-validates-as-required\" aria-required=\"true\" aria-invalid=\"false\" name=\"menu-residencia\"><option value=\"\">---Seleccione residencia<\/option><option value=\"M\u00e9xico\">M\u00e9xico<\/option><option value=\"Colombia\">Colombia<\/option><option value=\"Chile\">Chile<\/option><option value=\"Brasil\">Brasil<\/option><\/select><\/span>\n<\/p>\n<p><span class=\"wpcf7-form-control-wrap\" data-name=\"tel-phone\"><input size=\"40\" class=\"wpcf7-form-control wpcf7-tel wpcf7-text wpcf7-validates-as-tel\" aria-invalid=\"false\" placeholder=\"Tel\u00e9fono de contacto\" value=\"\" type=\"tel\" name=\"tel-phone\" \/><\/span>\n<\/p>\n<p><span class=\"wpcf7-form-control-wrap\" data-name=\"your-linkedin\"><input size=\"40\" class=\"wpcf7-form-control wpcf7-text wpcf7-validates-as-required\" aria-required=\"true\" aria-invalid=\"false\" placeholder=\"Perfil LinkedIn\" value=\"\" type=\"text\" name=\"your-linkedin\" \/><\/span>\n<\/p>\n<p><span class=\"wpcf7-form-control-wrap\" data-name=\"your-message\"><textarea cols=\"40\" rows=\"10\" class=\"wpcf7-form-control wpcf7-textarea\" aria-invalid=\"false\" placeholder=\"Presentaci\u00f3n\" name=\"your-message\"><\/textarea><\/span>\n<\/p>\n<p> CV en PDF\n<\/p>\n<p><span class=\"wpcf7-form-control-wrap\" data-name=\"CV\"><input size=\"40\" class=\"wpcf7-form-control wpcf7-file wpcf7-validates-as-required\" accept=\".pdf\" aria-required=\"true\" aria-invalid=\"false\" type=\"file\" name=\"CV\" \/><\/span>\n<\/p>\n<p style=\"font-size: 10px;\"> Le informamos que los datos de car\u00e1cter personal que nos proporcione en este formulario de contacto, ser\u00e1n tratados por SOLUCIONES GLOBALES Y GESTI\u00d3N DE COMPRAS, S.L como responsable de esta web. Finalidad del tratamiento de estos datos: Poder participar en los procesos de selecci\u00f3n de personal que se lleven a cabo. Informaci\u00f3n adicional: Puede consultar la informaci\u00f3n adicional y detallada sobre Protecci\u00f3n de Datos en la pol\u00edtica de privacidad.\n<\/p>\n<p><label><br \/>\n<\/label>\n<\/p>\n<p style=\"font-size: 10px;\"><span class=\"wpcf7-form-control-wrap\" data-name=\"acceptance-730\"><span class=\"wpcf7-form-control wpcf7-acceptance\"><span class=\"wpcf7-list-item\"><label><input type=\"checkbox\" name=\"acceptance-730\" value=\"1\" aria-invalid=\"false\" \/><span class=\"wpcf7-list-item-label\">He le\u00eddo y acepto la pol\u00edtica de privacidad*<\/span><\/label><\/span><\/span><\/span>\n<\/p>\n<p><input class=\"wpcf7-form-control wpcf7-submit has-spinner\" type=\"submit\" value=\"Enviar\" \/>\n<\/p><p style=\"display: none !important;\" class=\"akismet-fields-container\" data-prefix=\"_wpcf7_ak_\"><label>&#916;<textarea name=\"_wpcf7_ak_hp_textarea\" cols=\"45\" rows=\"8\" maxlength=\"100\"><\/textarea><\/label><input type=\"hidden\" id=\"ak_js_1\" name=\"_wpcf7_ak_js\" value=\"43\"\/><script>document.getElementById( \"ak_js_1\" ).setAttribute( \"value\", ( new Date() ).getTime() );<\/script><\/p><div class=\"wpcf7-response-output\" aria-hidden=\"true\"><\/div>\n<\/form>\n<\/div>\n<\/p>\n[\/spb_boxed_content] [\/spb_column] [\/spb_row]\n","protected":false},"excerpt":{"rendered":"<p>[spb_row element_name=\u00bbRow\u00bb wrap_type=\u00bbcontent-width\u00bb parallax_image_height=\u00bbcontent-height\u00bb parallax_image_movement=\u00bbfixed\u00bb parallax_image_speed=\u00bb0.5&#8243; bg_video_loop=\u00bbyes\u00bb parallax_video_height=\u00bbwindow-height\u00bb parallax_video_overlay=\u00bbnone\u00bb row_overlay_opacity=\u00bb0&#8243; row_col_pos=\u00bbdefault\u00bb width=\u00bb1\/1&#8243; el_position=\u00bbfirst last\u00bb] [spb_column col_sm=\u00bb12&#8243; padding_horizontal=\u00bb0&#8243; width=\u00bb1\/1&#8243; el_position=\u00bbfirst last\u00bb] [spb_boxed_content type=\u00bbcoloured\u00bb box_link_target=\u00bb_self\u00bb padding_vertical=\u00bb0&#8243; padding_horizontal=\u00bb0&#8243; width=\u00bb1\/1&#8243; el_position=\u00bbfirst last\u00bb] Gesti\u00f3n de Compras es una empresa formada por profesionales en las \u00e1reas de compras, calidad y producci\u00f3n, que responde a la necesidad de muchas empresas de mejorar sus procedimientos de negociaci\u00f3n y [&hellip;]<\/p>\n","protected":false},"author":3,"featured_media":312,"parent":278,"menu_order":0,"comment_status":"closed","ping_status":"closed","template":"page-title.php","meta":{"footnotes":""},"yoast_head":"<!-- This site is optimized with the Yoast SEO plugin v22.4 - https:\/\/yoast.com\/wordpress\/plugins\/seo\/ -->\n<title>Buscamos ingenieros\/as industriales - Gesti\u00f3n De Compras<\/title>\n<meta name=\"description\" content=\"Buscamos ingenieros\/as industriales con conocimiento del comercio industrial internacional; en M\u00e9xico, Colombia, Chile y Brasil.\" \/>\n<meta name=\"robots\" content=\"index, follow, max-snippet:-1, max-image-preview:large, max-video-preview:-1\" \/>\n<link rel=\"canonical\" href=\"https:\/\/wp.gestiondecompras.com\/es\/empleo\/buscamos-ingenieros-as-industriales\/\" \/>\n<meta property=\"og:locale\" content=\"es_ES\" \/>\n<meta property=\"og:type\" content=\"article\" \/>\n<meta property=\"og:title\" content=\"Buscamos ingenieros\/as industriales - Gesti\u00f3n De Compras\" \/>\n<meta property=\"og:description\" content=\"Buscamos ingenieros\/as industriales con conocimiento del comercio industrial internacional; en M\u00e9xico, Colombia, Chile y Brasil.\" \/>\n<meta property=\"og:url\" content=\"https:\/\/wp.gestiondecompras.com\/es\/empleo\/buscamos-ingenieros-as-industriales\/\" \/>\n<meta property=\"og:site_name\" content=\"Gesti\u00f3n De Compras\" \/>\n<meta property=\"article:modified_time\" content=\"2022-03-11T13:32:37+00:00\" \/>\n<meta property=\"og:image\" content=\"https:\/\/wp.gestiondecompras.com\/wp-content\/uploads\/2021\/04\/asistencia-en-visitas-a-proveedores..jpg\" \/>\n\t<meta property=\"og:image:width\" content=\"640\" \/>\n\t<meta property=\"og:image:height\" content=\"426\" \/>\n\t<meta property=\"og:image:type\" content=\"image\/jpeg\" \/>\n<meta name=\"twitter:card\" content=\"summary_large_image\" \/>\n<meta name=\"twitter:label1\" content=\"Tiempo de lectura\" \/>\n\t<meta name=\"twitter:data1\" content=\"3 minutos\" \/>\n<script type=\"application\/ld+json\" class=\"yoast-schema-graph\">{\"@context\":\"https:\/\/schema.org\",\"@graph\":[{\"@type\":\"WebPage\",\"@id\":\"https:\/\/wp.gestiondecompras.com\/es\/empleo\/buscamos-ingenieros-as-industriales\/\",\"url\":\"https:\/\/wp.gestiondecompras.com\/es\/empleo\/buscamos-ingenieros-as-industriales\/\",\"name\":\"Buscamos ingenieros\/as industriales - Gesti\u00f3n De Compras\",\"isPartOf\":{\"@id\":\"https:\/\/wp.gestiondecompras.com\/es\/#website\"},\"primaryImageOfPage\":{\"@id\":\"https:\/\/wp.gestiondecompras.com\/es\/empleo\/buscamos-ingenieros-as-industriales\/#primaryimage\"},\"image\":{\"@id\":\"https:\/\/wp.gestiondecompras.com\/es\/empleo\/buscamos-ingenieros-as-industriales\/#primaryimage\"},\"thumbnailUrl\":\"https:\/\/wp.gestiondecompras.com\/wp-content\/uploads\/2021\/04\/asistencia-en-visitas-a-proveedores..jpg\",\"datePublished\":\"2022-03-11T13:30:08+00:00\",\"dateModified\":\"2022-03-11T13:32:37+00:00\",\"description\":\"Buscamos ingenieros\/as industriales con conocimiento del comercio industrial internacional; en M\u00e9xico, Colombia, Chile y Brasil.\",\"breadcrumb\":{\"@id\":\"https:\/\/wp.gestiondecompras.com\/es\/empleo\/buscamos-ingenieros-as-industriales\/#breadcrumb\"},\"inLanguage\":\"es\",\"potentialAction\":[{\"@type\":\"ReadAction\",\"target\":[\"https:\/\/wp.gestiondecompras.com\/es\/empleo\/buscamos-ingenieros-as-industriales\/\"]}]},{\"@type\":\"ImageObject\",\"inLanguage\":\"es\",\"@id\":\"https:\/\/wp.gestiondecompras.com\/es\/empleo\/buscamos-ingenieros-as-industriales\/#primaryimage\",\"url\":\"https:\/\/wp.gestiondecompras.com\/wp-content\/uploads\/2021\/04\/asistencia-en-visitas-a-proveedores..jpg\",\"contentUrl\":\"https:\/\/wp.gestiondecompras.com\/wp-content\/uploads\/2021\/04\/asistencia-en-visitas-a-proveedores..jpg\",\"width\":640,\"height\":426,\"caption\":\"empleo\"},{\"@type\":\"BreadcrumbList\",\"@id\":\"https:\/\/wp.gestiondecompras.com\/es\/empleo\/buscamos-ingenieros-as-industriales\/#breadcrumb\",\"itemListElement\":[{\"@type\":\"ListItem\",\"position\":1,\"name\":\"Inicio\",\"item\":\"https:\/\/wp.gestiondecompras.com\/es\/\"},{\"@type\":\"ListItem\",\"position\":2,\"name\":\"Empleo\",\"item\":\"https:\/\/wp.gestiondecompras.com\/es\/empleo\/\"},{\"@type\":\"ListItem\",\"position\":3,\"name\":\"Buscamos ingenieros\/as industriales\"}]},{\"@type\":\"WebSite\",\"@id\":\"https:\/\/wp.gestiondecompras.com\/es\/#website\",\"url\":\"https:\/\/wp.gestiondecompras.com\/es\/\",\"name\":\"Gesti\u00f3n De Compras\",\"description\":\"Sourcing Internacional\",\"potentialAction\":[{\"@type\":\"SearchAction\",\"target\":{\"@type\":\"EntryPoint\",\"urlTemplate\":\"https:\/\/wp.gestiondecompras.com\/es\/?s={search_term_string}\"},\"query-input\":\"required name=search_term_string\"}],\"inLanguage\":\"es\"}]}<\/script>\n<!-- \/ Yoast SEO plugin. -->","yoast_head_json":{"title":"Buscamos ingenieros\/as industriales - Gesti\u00f3n De Compras","description":"Buscamos ingenieros\/as industriales con conocimiento del comercio industrial internacional; en M\u00e9xico, Colombia, Chile y Brasil.","robots":{"index":"index","follow":"follow","max-snippet":"max-snippet:-1","max-image-preview":"max-image-preview:large","max-video-preview":"max-video-preview:-1"},"canonical":"https:\/\/wp.gestiondecompras.com\/es\/empleo\/buscamos-ingenieros-as-industriales\/","og_locale":"es_ES","og_type":"article","og_title":"Buscamos ingenieros\/as industriales - Gesti\u00f3n De Compras","og_description":"Buscamos ingenieros\/as industriales con conocimiento del comercio industrial internacional; en M\u00e9xico, Colombia, Chile y Brasil.","og_url":"https:\/\/wp.gestiondecompras.com\/es\/empleo\/buscamos-ingenieros-as-industriales\/","og_site_name":"Gesti\u00f3n De Compras","article_modified_time":"2022-03-11T13:32:37+00:00","og_image":[{"width":640,"height":426,"url":"https:\/\/wp.gestiondecompras.com\/wp-content\/uploads\/2021\/04\/asistencia-en-visitas-a-proveedores..jpg","type":"image\/jpeg"}],"twitter_card":"summary_large_image","twitter_misc":{"Tiempo de lectura":"3 minutos"},"schema":{"@context":"https:\/\/schema.org","@graph":[{"@type":"WebPage","@id":"https:\/\/wp.gestiondecompras.com\/es\/empleo\/buscamos-ingenieros-as-industriales\/","url":"https:\/\/wp.gestiondecompras.com\/es\/empleo\/buscamos-ingenieros-as-industriales\/","name":"Buscamos ingenieros\/as industriales - Gesti\u00f3n De Compras","isPartOf":{"@id":"https:\/\/wp.gestiondecompras.com\/es\/#website"},"primaryImageOfPage":{"@id":"https:\/\/wp.gestiondecompras.com\/es\/empleo\/buscamos-ingenieros-as-industriales\/#primaryimage"},"image":{"@id":"https:\/\/wp.gestiondecompras.com\/es\/empleo\/buscamos-ingenieros-as-industriales\/#primaryimage"},"thumbnailUrl":"https:\/\/wp.gestiondecompras.com\/wp-content\/uploads\/2021\/04\/asistencia-en-visitas-a-proveedores..jpg","datePublished":"2022-03-11T13:30:08+00:00","dateModified":"2022-03-11T13:32:37+00:00","description":"Buscamos ingenieros\/as industriales con conocimiento del comercio industrial internacional; en M\u00e9xico, Colombia, Chile y Brasil.","breadcrumb":{"@id":"https:\/\/wp.gestiondecompras.com\/es\/empleo\/buscamos-ingenieros-as-industriales\/#breadcrumb"},"inLanguage":"es","potentialAction":[{"@type":"ReadAction","target":["https:\/\/wp.gestiondecompras.com\/es\/empleo\/buscamos-ingenieros-as-industriales\/"]}]},{"@type":"ImageObject","inLanguage":"es","@id":"https:\/\/wp.gestiondecompras.com\/es\/empleo\/buscamos-ingenieros-as-industriales\/#primaryimage","url":"https:\/\/wp.gestiondecompras.com\/wp-content\/uploads\/2021\/04\/asistencia-en-visitas-a-proveedores..jpg","contentUrl":"https:\/\/wp.gestiondecompras.com\/wp-content\/uploads\/2021\/04\/asistencia-en-visitas-a-proveedores..jpg","width":640,"height":426,"caption":"empleo"},{"@type":"BreadcrumbList","@id":"https:\/\/wp.gestiondecompras.com\/es\/empleo\/buscamos-ingenieros-as-industriales\/#breadcrumb","itemListElement":[{"@type":"ListItem","position":1,"name":"Inicio","item":"https:\/\/wp.gestiondecompras.com\/es\/"},{"@type":"ListItem","position":2,"name":"Empleo","item":"https:\/\/wp.gestiondecompras.com\/es\/empleo\/"},{"@type":"ListItem","position":3,"name":"Buscamos ingenieros\/as industriales"}]},{"@type":"WebSite","@id":"https:\/\/wp.gestiondecompras.com\/es\/#website","url":"https:\/\/wp.gestiondecompras.com\/es\/","name":"Gesti\u00f3n De Compras","description":"Sourcing Internacional","potentialAction":[{"@type":"SearchAction","target":{"@type":"EntryPoint","urlTemplate":"https:\/\/wp.gestiondecompras.com\/es\/?s={search_term_string}"},"query-input":"required name=search_term_string"}],"inLanguage":"es"}]}},"_links":{"self":[{"href":"https:\/\/wp.gestiondecompras.com\/es\/wp-json\/wp\/v2\/pages\/12550"}],"collection":[{"href":"https:\/\/wp.gestiondecompras.com\/es\/wp-json\/wp\/v2\/pages"}],"about":[{"href":"https:\/\/wp.gestiondecompras.com\/es\/wp-json\/wp\/v2\/types\/page"}],"author":[{"embeddable":true,"href":"https:\/\/wp.gestiondecompras.com\/es\/wp-json\/wp\/v2\/users\/3"}],"replies":[{"embeddable":true,"href":"https:\/\/wp.gestiondecompras.com\/es\/wp-json\/wp\/v2\/comments?post=12550"}],"version-history":[{"count":13,"href":"https:\/\/wp.gestiondecompras.com\/es\/wp-json\/wp\/v2\/pages\/12550\/revisions"}],"predecessor-version":[{"id":12628,"href":"https:\/\/wp.gestiondecompras.com\/es\/wp-json\/wp\/v2\/pages\/12550\/revisions\/12628"}],"up":[{"embeddable":true,"href":"https:\/\/wp.gestiondecompras.com\/es\/wp-json\/wp\/v2\/pages\/278"}],"wp:featuredmedia":[{"embeddable":true,"href":"https:\/\/wp.gestiondecompras.com\/es\/wp-json\/wp\/v2\/media\/312"}],"wp:attachment":[{"href":"https:\/\/wp.gestiondecompras.com\/es\/wp-json\/wp\/v2\/media?parent=12550"}],"curies":[{"name":"wp","href":"https:\/\/api.w.org\/{rel}","templated":true}]}}