{"id":12420,"date":"2022-03-03T15:42:57","date_gmt":"2022-03-03T15:42:57","guid":{"rendered":"https:\/\/wp.gestiondecompras.com\/?page_id=12420"},"modified":"2022-03-03T15:43:35","modified_gmt":"2022-03-03T15:43:35","slug":"productos-biodegradables","status":"publish","type":"page","link":"https:\/\/wp.gestiondecompras.com\/es\/productos\/productos-biodegradables\/","title":{"rendered":"Productos biodegradables"},"content":{"rendered":"[spb_row element_name=\u00bbRow\u00bb wrap_type=\u00bbcontent-width\u00bb parallax_image_height=\u00bbcontent-height\u00bb parallax_image_movement=\u00bbfixed\u00bb parallax_image_speed=\u00bb0.5&#8243; bg_video_loop=\u00bbyes\u00bb parallax_video_height=\u00bbwindow-height\u00bb parallax_video_overlay=\u00bbnone\u00bb row_overlay_opacity=\u00bb0&#8243; row_col_pos=\u00bbdefault\u00bb width=\u00bb1\/1&#8243; el_position=\u00bbfirst last\u00bb] [spb_column col_animation=\u00bbnone\u00bb col_animation_delay=\u00bb0&#8243; col_bg_type=\u00bbcover\u00bb col_parallax_image_movement=\u00bbfixed\u00bb col_parallax_image_speed=\u00bb0.5&#8243; col_padding=\u00bb0&#8243; col_vertical_offset=\u00bb0&#8243; col_horizontal_offset=\u00bb0&#8243; col_custom_zindex=\u00bb0&#8243; col_sm=\u00bb12&#8243; simplified_controls=\u00bbyes\u00bb custom_css_percentage=\u00bbno\u00bb padding_vertical=\u00bb0&#8243; padding_horizontal=\u00bb0&#8243; margin_vertical=\u00bb0&#8243; custom_css=\u00bbmargin-top: 0px;margin-bottom: 0px;\u00bb border_styling_global=\u00bbdefault\u00bb width=\u00bb1\/1&#8243; el_position=\u00bbfirst last\u00bb] [spb_text_block animation=\u00bbnone\u00bb animation_delay=\u00bb0&#8243; simplified_controls=\u00bbyes\u00bb custom_css_percentage=\u00bbno\u00bb padding_vertical=\u00bb0&#8243; padding_horizontal=\u00bb0&#8243; margin_vertical=\u00bb0&#8243; custom_css=\u00bbmargin-top: 0px;margin-bottom: 0px;\u00bb border_size=\u00bb0&#8243; border_styling_global=\u00bbdefault\u00bb width=\u00bb1\/1&#8243; el_position=\u00bbfirst last\u00bb]\n<p>Desde Gesti\u00f3n de compras nos involucramos con la protecci\u00f3n del medio ambiente, es por ello que trabajamos con diversos productos biodegradables entre nuestros directorios.<\/p>\n[\/spb_text_block] [spb_text_block animation=\u00bbnone\u00bb animation_delay=\u00bb0&#8243; simplified_controls=\u00bbyes\u00bb custom_css_percentage=\u00bbno\u00bb padding_vertical=\u00bb0&#8243; padding_horizontal=\u00bb0&#8243; margin_vertical=\u00bb0&#8243; custom_css=\u00bbmargin-top: 0px;margin-bottom: 0px;\u00bb border_size=\u00bb0&#8243; border_styling_global=\u00bbdefault\u00bb width=\u00bb1\/1&#8243; el_position=\u00bbfirst last\u00bb]\n<hr style=\"background-color: #0098aa; height: 1px;\" \/>\n[\/spb_text_block] [\/spb_column] [\/spb_row] [spb_row element_name=\u00bbRow\u00bb wrap_type=\u00bbcontent-width\u00bb parallax_image_height=\u00bbcontent-height\u00bb parallax_image_movement=\u00bbfixed\u00bb parallax_image_speed=\u00bb0.5&#8243; bg_video_loop=\u00bbyes\u00bb parallax_video_height=\u00bbwindow-height\u00bb parallax_video_overlay=\u00bbnone\u00bb row_overlay_opacity=\u00bb0&#8243; row_col_pos=\u00bbdefault\u00bb width=\u00bb1\/1&#8243; el_position=\u00bbfirst last\u00bb] [spb_text_block animation=\u00bbnone\u00bb animation_delay=\u00bb0&#8243; simplified_controls=\u00bbyes\u00bb custom_css_percentage=\u00bbno\u00bb padding_vertical=\u00bb0&#8243; padding_horizontal=\u00bb0&#8243; margin_vertical=\u00bb0&#8243; custom_css=\u00bbmargin-top: 0px;margin-bottom: 0px;\u00bb border_size=\u00bb0&#8243; border_styling_global=\u00bbdefault\u00bb width=\u00bb1\/1&#8243; el_position=\u00bbfirst last\u00bb]\n<h2 style=\"text-align: center;\"><strong>Productos ecol\u00f3gicos<br \/>\n<\/strong><\/h2>\n<div class=\"horizontal-break bold\" style=\"background-color: #666d78; width: 100px\"> <\/div>\n[\/spb_text_block] [spb_boxed_content type=\u00bbcoloured\u00bb box_link_target=\u00bb_self\u00bb padding_vertical=\u00bb0&#8243; padding_horizontal=\u00bb0&#8243; width=\u00bb1\/1&#8243; el_position=\u00bbfirst last\u00bb]\n<p style=\"text-align: justify;\">Cada vez m\u00e1s, con el paso del tiempo y el avance de la tecnolog\u00eda, nuevos productos sostenibles y ecol\u00f3gicos salen a la luz. Una de estas innovaciones son los productos biodegradables, aquellos que tienen la <strong>capacidad de descomponerse<\/strong> de forma natural y ecol\u00f3gica en un corto periodo de tiempo. Incluso, a veces, se transforman en abono para la tierra. De este modo, no contaminan el medio ambiente y nos permiten seguir disfrutando de las facilidades de esos productos.<\/p>\n<p style=\"text-align: justify;\">Los productos biodegradables son utilizados en una gran variedad de sectores, <strong>desde la construcci\u00f3n hasta la alimentaci\u00f3n<\/strong>. Son fabricados a partir de materiales biodegradables, entre los que se encuentran la madera, paja, cart\u00f3n, semillas, tejidos naturales, como el algod\u00f3n, la lana, la seda, el lino; plantas como la ca\u00f1a de az\u00facar, etc.<\/p>\n[\/spb_boxed_content] [spb_blank_spacer height=\u00bb30px\u00bb width=\u00bb1\/1&#8243; el_position=\u00bbfirst last\u00bb] [\/spb_row] [spb_row element_name=\u00bbRow\u00bb wrap_type=\u00bbfull-width-contained\u00bb row_bg_type=\u00bbimage\u00bb row_bg_color=\u00bb#242424&#8243; color_row_height=\u00bbcontent-height\u00bb bg_image=\u00bb12423&#8243; bg_type=\u00bbcover\u00bb parallax_image_height=\u00bbcontent-height\u00bb parallax_image_movement=\u00bbscroll\u00bb parallax_image_speed=\u00bbstandard\u00bb bg_video_loop=\u00bbyes\u00bb parallax_video_height=\u00bbwindow-height\u00bb row_top_style=\u00bbnone\u00bb row_bottom_style=\u00bbnone\u00bb parallax_video_overlay=\u00bbnone\u00bb row_overlay_opacity=\u00bb0&#8243; remove_element_spacing=\u00bbno\u00bb row_col_spacing=\u00bb0&#8243; row_col_pos=\u00bbdefault\u00bb row_col_equal_heights=\u00bbno\u00bb row_expanding=\u00bbno\u00bb row_animation=\u00bbnone\u00bb row_animation_delay=\u00bb0&#8243; minimize_row=\u00bbno\u00bb simplified_controls=\u00bbyes\u00bb custom_css_percentage=\u00bbno\u00bb custom_css=\u00bbmargin-top: 0px;margin-bottom: 0px;\u00bb border_styling_global=\u00bbdefault\u00bb width=\u00bb1\/1&#8243; el_position=\u00bbfirst last\u00bb] [spb_column col_animation=\u00bbnone\u00bb col_animation_delay=\u00bb0&#8243; col_bg_color=\u00bb#242424&#8243; col_bg_type=\u00bbcover\u00bb col_parallax_image_movement=\u00bbfixed\u00bb col_parallax_image_speed=\u00bb0.5&#8243; col_padding=\u00bb0&#8243; col_vertical_offset=\u00bb0&#8243; col_horizontal_offset=\u00bb0&#8243; col_custom_zindex=\u00bb0&#8243; col_xs=\u00bb12&#8243; col_sm=\u00bb12&#8243; col_md=\u00bb8&#8243; col_lg=\u00bb8&#8243; simplified_controls=\u00bbyes\u00bb custom_css_percentage=\u00bbno\u00bb padding_vertical=\u00bb20&#8243; padding_horizontal=\u00bb20&#8243; margin_vertical=\u00bb0&#8243; custom_css=\u00bbmargin-top: 0px;margin-bottom: 0px;padding-top: 20px;padding-left: 20px;padding-right: 20px;padding-bottom: 20px;\u00bb border_styling_global=\u00bbdefault\u00bb width=\u00bb1\/1&#8243; el_position=\u00bbfirst last\u00bb] [spb_text_block animation=\u00bbnone\u00bb animation_delay=\u00bb0&#8243; simplified_controls=\u00bbyes\u00bb custom_css_percentage=\u00bbno\u00bb padding_vertical=\u00bb0&#8243; padding_horizontal=\u00bb0&#8243; margin_vertical=\u00bb0&#8243; custom_css=\u00bbmargin-top: 0px;margin-bottom: 0px;\u00bb border_size=\u00bb0&#8243; border_styling_global=\u00bbdefault\u00bb width=\u00bb1\/1&#8243; el_position=\u00bbfirst last\u00bb]\n<h2><strong>Ventajas de los productos biodegradables<br \/>\n<\/strong><\/h2>\n<hr \/>\n<ul>\n<li><span style=\"color: #ffffff;\">No producen residuos. Tras su reciclaje o descomposici\u00f3n, los biodegradables no dejan residuos restantes.<\/span><\/li>\n<li><span style=\"color: #ffffff;\">Reducen las emisiones de carbono. En un momento en el que el carbono hace tanto da\u00f1o a nuestro planeta, esta ventaja es muy importante.<\/span><\/li>\n<li><span style=\"color: #ffffff;\">Desaparecen o son reciclados. Los materiales biodegradables solamente pueden terminar de dos formas: desapareciendo por su propia desintegraci\u00f3n o siendo reciclados, pudiendo volver a usar los materiales para una nueva fabricaci\u00f3n. objetos.<\/span><\/li>\n<li><span style=\"color: #ffffff;\">Pueden ser m\u00e1s beneficiosos para nuestra salud, seg\u00fan varios ecologistas, ya que son elaborados con materiales naturales.<\/span><\/li>\n<li><span style=\"color: #ffffff;\">No da\u00f1an el paisaje. Ya que se descomponen, estos productos no se acumulan en playas ni vertederos.<\/span><\/li>\n<li><span style=\"color: #ffffff;\">No contaminan al desaparecer r\u00e1pidamente y no contener materiales t\u00f3xicos.<\/span><\/li>\n<li><span style=\"color: #ffffff;\">Pueden ser m\u00e1s econ\u00f3micos<\/span><\/li>\n<\/ul>\n[\/spb_text_block] [\/spb_column] [\/spb_row]\n","protected":false},"excerpt":{"rendered":"<p>[spb_row element_name=\u00bbRow\u00bb wrap_type=\u00bbcontent-width\u00bb parallax_image_height=\u00bbcontent-height\u00bb parallax_image_movement=\u00bbfixed\u00bb parallax_image_speed=\u00bb0.5&#8243; bg_video_loop=\u00bbyes\u00bb parallax_video_height=\u00bbwindow-height\u00bb parallax_video_overlay=\u00bbnone\u00bb row_overlay_opacity=\u00bb0&#8243; row_col_pos=\u00bbdefault\u00bb width=\u00bb1\/1&#8243; el_position=\u00bbfirst last\u00bb] [spb_column col_animation=\u00bbnone\u00bb col_animation_delay=\u00bb0&#8243; col_bg_type=\u00bbcover\u00bb col_parallax_image_movement=\u00bbfixed\u00bb col_parallax_image_speed=\u00bb0.5&#8243; col_padding=\u00bb0&#8243; col_vertical_offset=\u00bb0&#8243; col_horizontal_offset=\u00bb0&#8243; col_custom_zindex=\u00bb0&#8243; col_sm=\u00bb12&#8243; simplified_controls=\u00bbyes\u00bb custom_css_percentage=\u00bbno\u00bb padding_vertical=\u00bb0&#8243; padding_horizontal=\u00bb0&#8243; margin_vertical=\u00bb0&#8243; custom_css=\u00bbmargin-top: 0px;margin-bottom: 0px;\u00bb border_styling_global=\u00bbdefault\u00bb width=\u00bb1\/1&#8243; el_position=\u00bbfirst last\u00bb] [spb_text_block animation=\u00bbnone\u00bb animation_delay=\u00bb0&#8243; simplified_controls=\u00bbyes\u00bb custom_css_percentage=\u00bbno\u00bb padding_vertical=\u00bb0&#8243; padding_horizontal=\u00bb0&#8243; margin_vertical=\u00bb0&#8243; custom_css=\u00bbmargin-top: 0px;margin-bottom: 0px;\u00bb border_size=\u00bb0&#8243; border_styling_global=\u00bbdefault\u00bb width=\u00bb1\/1&#8243; el_position=\u00bbfirst last\u00bb] Desde Gesti\u00f3n de compras nos involucramos con [&hellip;]<\/p>\n","protected":false},"author":3,"featured_media":12429,"parent":652,"menu_order":0,"comment_status":"closed","ping_status":"closed","template":"page-products-category.php","meta":{"footnotes":""},"yoast_head":"<!-- This site is optimized with the Yoast SEO plugin v22.4 - https:\/\/yoast.com\/wordpress\/plugins\/seo\/ -->\n<title>Productos biodegradables. Cat\u00e1logo - Gesti\u00f3n De Compras<\/title>\n<meta name=\"description\" content=\"Nos involucramos con la protecci\u00f3n del medio ambiente, es por ello que trabajamos con diversos productos biodegradables.\" \/>\n<meta name=\"robots\" content=\"index, follow, max-snippet:-1, max-image-preview:large, max-video-preview:-1\" \/>\n<link rel=\"canonical\" href=\"https:\/\/wp.gestiondecompras.com\/es\/productos\/productos-biodegradables\/\" \/>\n<meta property=\"og:locale\" content=\"es_ES\" \/>\n<meta property=\"og:type\" content=\"article\" \/>\n<meta property=\"og:title\" content=\"Productos biodegradables. Cat\u00e1logo - Gesti\u00f3n De Compras\" \/>\n<meta property=\"og:description\" content=\"Nos involucramos con la protecci\u00f3n del medio ambiente, es por ello que trabajamos con diversos productos biodegradables.\" \/>\n<meta property=\"og:url\" content=\"https:\/\/wp.gestiondecompras.com\/es\/productos\/productos-biodegradables\/\" \/>\n<meta property=\"og:site_name\" content=\"Gesti\u00f3n De Compras\" \/>\n<meta property=\"article:modified_time\" content=\"2022-03-03T15:43:35+00:00\" \/>\n<meta property=\"og:image\" content=\"https:\/\/wp.gestiondecompras.com\/wp-content\/uploads\/2022\/03\/productos-biodegradables-vasos.jpg\" \/>\n\t<meta property=\"og:image:width\" content=\"1920\" \/>\n\t<meta property=\"og:image:height\" content=\"1280\" \/>\n\t<meta property=\"og:image:type\" content=\"image\/jpeg\" \/>\n<meta name=\"twitter:card\" content=\"summary_large_image\" \/>\n<meta name=\"twitter:label1\" content=\"Tiempo de lectura\" \/>\n\t<meta name=\"twitter:data1\" content=\"4 minutos\" \/>\n<script type=\"application\/ld+json\" class=\"yoast-schema-graph\">{\"@context\":\"https:\/\/schema.org\",\"@graph\":[{\"@type\":\"WebPage\",\"@id\":\"https:\/\/wp.gestiondecompras.com\/es\/productos\/productos-biodegradables\/\",\"url\":\"https:\/\/wp.gestiondecompras.com\/es\/productos\/productos-biodegradables\/\",\"name\":\"Productos biodegradables. Cat\u00e1logo - Gesti\u00f3n De Compras\",\"isPartOf\":{\"@id\":\"https:\/\/wp.gestiondecompras.com\/es\/#website\"},\"primaryImageOfPage\":{\"@id\":\"https:\/\/wp.gestiondecompras.com\/es\/productos\/productos-biodegradables\/#primaryimage\"},\"image\":{\"@id\":\"https:\/\/wp.gestiondecompras.com\/es\/productos\/productos-biodegradables\/#primaryimage\"},\"thumbnailUrl\":\"https:\/\/wp.gestiondecompras.com\/wp-content\/uploads\/2022\/03\/productos-biodegradables-vasos.jpg\",\"datePublished\":\"2022-03-03T15:42:57+00:00\",\"dateModified\":\"2022-03-03T15:43:35+00:00\",\"description\":\"Nos involucramos con la protecci\u00f3n del medio ambiente, es por ello que trabajamos con diversos productos biodegradables.\",\"breadcrumb\":{\"@id\":\"https:\/\/wp.gestiondecompras.com\/es\/productos\/productos-biodegradables\/#breadcrumb\"},\"inLanguage\":\"es\",\"potentialAction\":[{\"@type\":\"ReadAction\",\"target\":[\"https:\/\/wp.gestiondecompras.com\/es\/productos\/productos-biodegradables\/\"]}]},{\"@type\":\"ImageObject\",\"inLanguage\":\"es\",\"@id\":\"https:\/\/wp.gestiondecompras.com\/es\/productos\/productos-biodegradables\/#primaryimage\",\"url\":\"https:\/\/wp.gestiondecompras.com\/wp-content\/uploads\/2022\/03\/productos-biodegradables-vasos.jpg\",\"contentUrl\":\"https:\/\/wp.gestiondecompras.com\/wp-content\/uploads\/2022\/03\/productos-biodegradables-vasos.jpg\",\"width\":1920,\"height\":1280},{\"@type\":\"BreadcrumbList\",\"@id\":\"https:\/\/wp.gestiondecompras.com\/es\/productos\/productos-biodegradables\/#breadcrumb\",\"itemListElement\":[{\"@type\":\"ListItem\",\"position\":1,\"name\":\"Inicio\",\"item\":\"https:\/\/wp.gestiondecompras.com\/es\/\"},{\"@type\":\"ListItem\",\"position\":2,\"name\":\"Productos\",\"item\":\"https:\/\/wp.gestiondecompras.com\/es\/productos\/\"},{\"@type\":\"ListItem\",\"position\":3,\"name\":\"Productos biodegradables\"}]},{\"@type\":\"WebSite\",\"@id\":\"https:\/\/wp.gestiondecompras.com\/es\/#website\",\"url\":\"https:\/\/wp.gestiondecompras.com\/es\/\",\"name\":\"Gesti\u00f3n De Compras\",\"description\":\"Sourcing Internacional\",\"potentialAction\":[{\"@type\":\"SearchAction\",\"target\":{\"@type\":\"EntryPoint\",\"urlTemplate\":\"https:\/\/wp.gestiondecompras.com\/es\/?s={search_term_string}\"},\"query-input\":\"required name=search_term_string\"}],\"inLanguage\":\"es\"}]}<\/script>\n<!-- \/ Yoast SEO plugin. -->","yoast_head_json":{"title":"Productos biodegradables. Cat\u00e1logo - Gesti\u00f3n De Compras","description":"Nos involucramos con la protecci\u00f3n del medio ambiente, es por ello que trabajamos con diversos productos biodegradables.","robots":{"index":"index","follow":"follow","max-snippet":"max-snippet:-1","max-image-preview":"max-image-preview:large","max-video-preview":"max-video-preview:-1"},"canonical":"https:\/\/wp.gestiondecompras.com\/es\/productos\/productos-biodegradables\/","og_locale":"es_ES","og_type":"article","og_title":"Productos biodegradables. Cat\u00e1logo - Gesti\u00f3n De Compras","og_description":"Nos involucramos con la protecci\u00f3n del medio ambiente, es por ello que trabajamos con diversos productos biodegradables.","og_url":"https:\/\/wp.gestiondecompras.com\/es\/productos\/productos-biodegradables\/","og_site_name":"Gesti\u00f3n De Compras","article_modified_time":"2022-03-03T15:43:35+00:00","og_image":[{"width":1920,"height":1280,"url":"https:\/\/wp.gestiondecompras.com\/wp-content\/uploads\/2022\/03\/productos-biodegradables-vasos.jpg","type":"image\/jpeg"}],"twitter_card":"summary_large_image","twitter_misc":{"Tiempo de lectura":"4 minutos"},"schema":{"@context":"https:\/\/schema.org","@graph":[{"@type":"WebPage","@id":"https:\/\/wp.gestiondecompras.com\/es\/productos\/productos-biodegradables\/","url":"https:\/\/wp.gestiondecompras.com\/es\/productos\/productos-biodegradables\/","name":"Productos biodegradables. Cat\u00e1logo - Gesti\u00f3n De Compras","isPartOf":{"@id":"https:\/\/wp.gestiondecompras.com\/es\/#website"},"primaryImageOfPage":{"@id":"https:\/\/wp.gestiondecompras.com\/es\/productos\/productos-biodegradables\/#primaryimage"},"image":{"@id":"https:\/\/wp.gestiondecompras.com\/es\/productos\/productos-biodegradables\/#primaryimage"},"thumbnailUrl":"https:\/\/wp.gestiondecompras.com\/wp-content\/uploads\/2022\/03\/productos-biodegradables-vasos.jpg","datePublished":"2022-03-03T15:42:57+00:00","dateModified":"2022-03-03T15:43:35+00:00","description":"Nos involucramos con la protecci\u00f3n del medio ambiente, es por ello que trabajamos con diversos productos biodegradables.","breadcrumb":{"@id":"https:\/\/wp.gestiondecompras.com\/es\/productos\/productos-biodegradables\/#breadcrumb"},"inLanguage":"es","potentialAction":[{"@type":"ReadAction","target":["https:\/\/wp.gestiondecompras.com\/es\/productos\/productos-biodegradables\/"]}]},{"@type":"ImageObject","inLanguage":"es","@id":"https:\/\/wp.gestiondecompras.com\/es\/productos\/productos-biodegradables\/#primaryimage","url":"https:\/\/wp.gestiondecompras.com\/wp-content\/uploads\/2022\/03\/productos-biodegradables-vasos.jpg","contentUrl":"https:\/\/wp.gestiondecompras.com\/wp-content\/uploads\/2022\/03\/productos-biodegradables-vasos.jpg","width":1920,"height":1280},{"@type":"BreadcrumbList","@id":"https:\/\/wp.gestiondecompras.com\/es\/productos\/productos-biodegradables\/#breadcrumb","itemListElement":[{"@type":"ListItem","position":1,"name":"Inicio","item":"https:\/\/wp.gestiondecompras.com\/es\/"},{"@type":"ListItem","position":2,"name":"Productos","item":"https:\/\/wp.gestiondecompras.com\/es\/productos\/"},{"@type":"ListItem","position":3,"name":"Productos biodegradables"}]},{"@type":"WebSite","@id":"https:\/\/wp.gestiondecompras.com\/es\/#website","url":"https:\/\/wp.gestiondecompras.com\/es\/","name":"Gesti\u00f3n De Compras","description":"Sourcing Internacional","potentialAction":[{"@type":"SearchAction","target":{"@type":"EntryPoint","urlTemplate":"https:\/\/wp.gestiondecompras.com\/es\/?s={search_term_string}"},"query-input":"required name=search_term_string"}],"inLanguage":"es"}]}},"_links":{"self":[{"href":"https:\/\/wp.gestiondecompras.com\/es\/wp-json\/wp\/v2\/pages\/12420"}],"collection":[{"href":"https:\/\/wp.gestiondecompras.com\/es\/wp-json\/wp\/v2\/pages"}],"about":[{"href":"https:\/\/wp.gestiondecompras.com\/es\/wp-json\/wp\/v2\/types\/page"}],"author":[{"embeddable":true,"href":"https:\/\/wp.gestiondecompras.com\/es\/wp-json\/wp\/v2\/users\/3"}],"replies":[{"embeddable":true,"href":"https:\/\/wp.gestiondecompras.com\/es\/wp-json\/wp\/v2\/comments?post=12420"}],"version-history":[{"count":5,"href":"https:\/\/wp.gestiondecompras.com\/es\/wp-json\/wp\/v2\/pages\/12420\/revisions"}],"predecessor-version":[{"id":12447,"href":"https:\/\/wp.gestiondecompras.com\/es\/wp-json\/wp\/v2\/pages\/12420\/revisions\/12447"}],"up":[{"embeddable":true,"href":"https:\/\/wp.gestiondecompras.com\/es\/wp-json\/wp\/v2\/pages\/652"}],"wp:featuredmedia":[{"embeddable":true,"href":"https:\/\/wp.gestiondecompras.com\/es\/wp-json\/wp\/v2\/media\/12429"}],"wp:attachment":[{"href":"https:\/\/wp.gestiondecompras.com\/es\/wp-json\/wp\/v2\/media?parent=12420"}],"curies":[{"name":"wp","href":"https:\/\/api.w.org\/{rel}","templated":true}]}}