{"id":10454,"date":"2021-11-08T12:46:56","date_gmt":"2021-11-08T12:46:56","guid":{"rendered":"https:\/\/wp.gestiondecompras.com\/?page_id=10454"},"modified":"2021-11-08T12:46:56","modified_gmt":"2021-11-08T12:46:56","slug":"presupuesto-resortes-de-compresion","status":"publish","type":"page","link":"https:\/\/wp.gestiondecompras.com\/es\/presupuesto-resortes-de-compresion\/","title":{"rendered":"Presupuesto resortes de compresi\u00f3n"},"content":{"rendered":"[spb_row element_name=\u00bbRow\u00bb wrap_type=\u00bbcontent-width\u00bb parallax_image_height=\u00bbcontent-height\u00bb parallax_image_movement=\u00bbfixed\u00bb parallax_image_speed=\u00bb0.5&#8243; bg_video_loop=\u00bbyes\u00bb parallax_video_height=\u00bbwindow-height\u00bb parallax_video_overlay=\u00bbnone\u00bb row_overlay_opacity=\u00bb0&#8243; row_col_pos=\u00bbdefault\u00bb width=\u00bb1\/1&#8243; el_position=\u00bbfirst last\u00bb] [spb_column col_sm=\u00bb12&#8243; padding_horizontal=\u00bb0&#8243; width=\u00bb1\/1&#8243; el_position=\u00bbfirst last\u00bb] [spb_boxed_content type=\u00bbcoloured\u00bb box_link_target=\u00bb_self\u00bb padding_vertical=\u00bb0&#8243; padding_horizontal=\u00bb0&#8243; width=\u00bb1\/1&#8243; el_position=\u00bbfirst last\u00bb]\n\n<div class=\"wpcf7 no-js\" id=\"wpcf7-f7497-o1\" lang=\"es-ES\" dir=\"ltr\">\n<div class=\"screen-reader-response\"><p role=\"status\" aria-live=\"polite\" aria-atomic=\"true\"><\/p> <ul><\/ul><\/div>\n<form action=\"\/es\/wp-json\/wp\/v2\/pages\/10454#wpcf7-f7497-o1\" method=\"post\" class=\"wpcf7-form init\" aria-label=\"Contact form\" novalidate=\"novalidate\" data-status=\"init\">\n<div style=\"display: none;\">\n<input type=\"hidden\" name=\"_wpcf7\" value=\"7497\" \/>\n<input type=\"hidden\" name=\"_wpcf7_version\" value=\"5.9.3\" \/>\n<input type=\"hidden\" name=\"_wpcf7_locale\" value=\"es_ES\" \/>\n<input type=\"hidden\" name=\"_wpcf7_unit_tag\" value=\"wpcf7-f7497-o1\" \/>\n<input type=\"hidden\" name=\"_wpcf7_container_post\" value=\"0\" \/>\n<input type=\"hidden\" name=\"_wpcf7_posted_data_hash\" value=\"\" \/>\n<input type=\"hidden\" name=\"_wpcf7_recaptcha_response\" value=\"\" \/>\n<\/div>\n<div class=\"row\">\n\t<div class=\"col-lg-12\">\n\t\t<h2>Datos de la cotizaci\u00f3n\n\t\t<\/h2>\n\t<\/div>\n<\/div>\n<div class=\"row\">\n\t<div class=\"col-lg-12\">\n\t\t<p><label>Empresa<\/label><br \/>\n<span class=\"wpcf7-form-control-wrap\" data-name=\"company\"><input size=\"40\" class=\"wpcf7-form-control wpcf7-text\" aria-invalid=\"false\" value=\"\" type=\"text\" name=\"company\" \/><\/span>\n\t\t<\/p>\n\t<\/div>\n<\/div>\n<div class=\"row\">\n\t<div class=\"col-lg-12\">\n\t\t<p><label>Persona de contacto *<\/label><br \/>\n<span class=\"wpcf7-form-control-wrap\" data-name=\"contact\"><input size=\"40\" class=\"wpcf7-form-control wpcf7-text wpcf7-validates-as-required\" aria-required=\"true\" aria-invalid=\"false\" value=\"\" type=\"text\" name=\"contact\" \/><\/span>\n\t\t<\/p>\n\t<\/div>\n<\/div>\n<div class=\"row\">\n\t<div class=\"col-lg-8\">\n\t\t<p><label>Direcci\u00f3n<\/label><br \/>\n<span class=\"wpcf7-form-control-wrap\" data-name=\"address\"><input size=\"40\" class=\"wpcf7-form-control wpcf7-text\" aria-invalid=\"false\" value=\"\" type=\"text\" name=\"address\" \/><\/span>\n\t\t<\/p>\n\t<\/div>\n\t<div class=\"col-lg-4\">\n\t\t<p><label>CP<\/label><br \/>\n<span class=\"wpcf7-form-control-wrap\" data-name=\"cp\"><input size=\"40\" class=\"wpcf7-form-control wpcf7-text\" aria-invalid=\"false\" value=\"\" type=\"text\" name=\"cp\" \/><\/span>\n\t\t<\/p>\n\t<\/div>\n<\/div>\n<div class=\"row\">\n\t<div class=\"col-lg-8\">\n\t\t<p><label>E-mail *<\/label><br \/>\n<span class=\"wpcf7-form-control-wrap\" data-name=\"email\"><input size=\"40\" class=\"wpcf7-form-control wpcf7-email wpcf7-validates-as-required wpcf7-text wpcf7-validates-as-email\" aria-required=\"true\" aria-invalid=\"false\" value=\"\" type=\"email\" name=\"email\" \/><\/span>\n\t\t<\/p>\n\t<\/div>\n\t<div class=\"col-lg-4\">\n\t\t<p><label>Tel\u00e9fono<\/label><br \/>\n<span class=\"wpcf7-form-control-wrap\" data-name=\"phone\"><input size=\"40\" class=\"wpcf7-form-control wpcf7-tel wpcf7-text wpcf7-validates-as-tel\" aria-invalid=\"false\" value=\"\" type=\"tel\" name=\"phone\" \/><\/span>\n\t\t<\/p>\n\t<\/div>\n<\/div>\n<div class=\"row\">\n\t<div class=\"col-lg-12\">\n\t\t<p><label>Nombre del pedido<\/label><br \/>\n<span class=\"wpcf7-form-control-wrap\" data-name=\"requestName\"><input size=\"40\" class=\"wpcf7-form-control wpcf7-text\" aria-invalid=\"false\" value=\"\" type=\"text\" name=\"requestName\" \/><\/span>\n\t\t<\/p>\n\t<\/div>\n<\/div>\n<div class=\"row\">\n\t<div class=\"col-lg-12\">\n\t\t<p><label>RFQ<\/label><br \/>\n<span class=\"wpcf7-form-control-wrap\" data-name=\"rqf\"><input size=\"40\" class=\"wpcf7-form-control wpcf7-text wpcf7-validates-as-required\" aria-required=\"true\" aria-invalid=\"false\" value=\"\" type=\"text\" name=\"rqf\" \/><\/span>\n\t\t<\/p>\n\t<\/div>\n<\/div>\n<div class=\"row\">\n\t<div class=\"col-lg-12\">\n\t\t<p><label>Incoterm<\/label><br \/>\n<span class=\"wpcf7-form-control-wrap\" data-name=\"incoterm\"><span class=\"wpcf7-form-control wpcf7-checkbox\"><span class=\"wpcf7-list-item first\"><label><input type=\"checkbox\" name=\"incoterm[]\" value=\"EXW\" \/><span class=\"wpcf7-list-item-label\">EXW<\/span><\/label><\/span><span class=\"wpcf7-list-item\"><label><input type=\"checkbox\" name=\"incoterm[]\" value=\"FOB\" \/><span class=\"wpcf7-list-item-label\">FOB<\/span><\/label><\/span><span class=\"wpcf7-list-item\"><label><input type=\"checkbox\" name=\"incoterm[]\" value=\"CIF\" \/><span class=\"wpcf7-list-item-label\">CIF<\/span><\/label><\/span><span class=\"wpcf7-list-item last\"><label><input type=\"checkbox\" name=\"incoterm[]\" value=\"DAP\" \/><span class=\"wpcf7-list-item-label\">DAP<\/span><\/label><\/span><\/span><\/span>\n\t\t<\/p>\n\t<\/div>\n<\/div>\n<div class=\"row\">\n\t<div class=\"col-lg-12\">\n\t\t<p><label>Consumo anual<\/label><br \/>\n<span class=\"wpcf7-form-control-wrap\" data-name=\"annualConsumption\"><input size=\"40\" class=\"wpcf7-form-control wpcf7-text\" aria-invalid=\"false\" value=\"\" type=\"text\" name=\"annualConsumption\" \/><\/span>\n\t\t<\/p>\n\t<\/div>\n<\/div>\n<div class=\"row\">\n\t<div class=\"col-lg-12\">\n\t\t<p><label>N\u00ba de piezas por pedido *<\/label><br \/>\n<span class=\"wpcf7-form-control-wrap\" data-name=\"piecesCount\"><input size=\"40\" class=\"wpcf7-form-control wpcf7-text wpcf7-validates-as-required\" aria-required=\"true\" aria-invalid=\"false\" value=\"\" type=\"text\" name=\"piecesCount\" \/><\/span>\n\t\t<\/p>\n\t<\/div>\n<\/div>\n<div class=\"row\">\n\t<div class=\"col-lg-12\">\n\t\t<h2>Dimensiones\n\t\t<\/h2>\n\t<\/div>\n<\/div>\n<div class=\"row\">\n\t<div class=\"col-lg-offset-2 col-lg-8 text-center\">\n\t\t<p><img decoding=\"async\" src=\"https:\/\/wp.gestiondecompras.com\/wp-content\/uploads\/2021\/11\/muelles_compresion_01.jpg\" \/>\n\t\t<\/p>\n\t<\/div>\n<\/div>\n<div class=\"row\">\n\t<div class=\"col-lg-4\">\n\t\t<p><label>Di\u00e1metro alambre *<\/label><br \/>\n<span class=\"wpcf7-form-control-wrap\" data-name=\"wireDiameter\"><input size=\"40\" class=\"wpcf7-form-control wpcf7-text wpcf7-validates-as-required\" aria-required=\"true\" aria-invalid=\"false\" value=\"\" type=\"text\" name=\"wireDiameter\" \/><\/span>\n\t\t<\/p>\n\t<\/div>\n\t<div class=\"col-lg-4\">\n\t\t<p><label>Di\u00e1metro exterior *<\/label><br \/>\n<span class=\"wpcf7-form-control-wrap\" data-name=\"externalDiameter\"><input size=\"40\" class=\"wpcf7-form-control wpcf7-text wpcf7-validates-as-required\" aria-required=\"true\" aria-invalid=\"false\" value=\"\" type=\"text\" name=\"externalDiameter\" \/><\/span>\n\t\t<\/p>\n\t<\/div>\n\t<div class=\"col-lg-4\">\n\t\t<p><label>Paso *<\/label><br \/>\n<span class=\"wpcf7-form-control-wrap\" data-name=\"step\"><input size=\"40\" class=\"wpcf7-form-control wpcf7-text wpcf7-validates-as-required\" aria-required=\"true\" aria-invalid=\"false\" value=\"\" type=\"text\" name=\"step\" \/><\/span>\n\t\t<\/p>\n\t<\/div>\n\t<div class=\"col-lg-6\">\n\t\t<p><label>Di\u00e1metro interior<\/label><br \/>\n<span class=\"wpcf7-form-control-wrap\" data-name=\"insideDiameter\"><input size=\"40\" class=\"wpcf7-form-control wpcf7-text\" aria-invalid=\"false\" value=\"\" type=\"text\" name=\"insideDiameter\" \/><\/span>\n\t\t<\/p>\n\t<\/div>\n\t<div class=\"col-lg-6\">\n\t\t<p><label>Logitud total *<\/label><br \/>\n<span class=\"wpcf7-form-control-wrap\" data-name=\"totalLong\"><input size=\"40\" class=\"wpcf7-form-control wpcf7-text wpcf7-validates-as-required\" aria-required=\"true\" aria-invalid=\"false\" value=\"\" type=\"text\" name=\"totalLong\" \/><\/span>\n\t\t<\/p>\n\t<\/div>\n<\/div>\n<div class=\"row\">\n\t<div class=\"col-lg-12\">\n\t\t<h2>Material y acabado\n\t\t<\/h2>\n\t<\/div>\n<\/div>\n<div class=\"row\">\n\t<div class=\"col-lg-12\">\n\t\t<p><label>Acero inoxidable<\/label>\n\t\t<\/p>\n\t<\/div>\n\t<div class=\"col-lg-11 col-lg-offset-1\">\n\t\t<p><span class=\"wpcf7-form-control-wrap\" data-name=\"stainless\"><span class=\"wpcf7-form-control wpcf7-checkbox\"><span class=\"wpcf7-list-item first\"><label><input type=\"checkbox\" name=\"stainless[]\" value=\"301\" \/><span class=\"wpcf7-list-item-label\">301<\/span><\/label><\/span><span class=\"wpcf7-list-item\"><label><input type=\"checkbox\" name=\"stainless[]\" value=\"302\" \/><span class=\"wpcf7-list-item-label\">302<\/span><\/label><\/span><span class=\"wpcf7-list-item\"><label><input type=\"checkbox\" name=\"stainless[]\" value=\"304\" \/><span class=\"wpcf7-list-item-label\">304<\/span><\/label><\/span><span class=\"wpcf7-list-item last\"><label><input type=\"checkbox\" name=\"stainless[]\" value=\"316\" \/><span class=\"wpcf7-list-item-label\">316<\/span><\/label><\/span><\/span><\/span>\n\t\t<\/p>\n\t<\/div>\n\t<div class=\"col-lg-11 col-lg-offset-1\">\n\t\t<p><span class=\"wpcf7-form-control-wrap\" data-name=\"otherstainless\"><input size=\"40\" class=\"wpcf7-form-control wpcf7-text\" aria-invalid=\"false\" placeholder=\"Otro\" value=\"\" type=\"text\" name=\"otherstainless\" \/><\/span>\n\t\t<\/p>\n\t<\/div>\n<\/div>\n<div class=\"row\">\n\t<div class=\"col-lg-12\">\n\t\t<p><label>Acero al carb\u00f3n<\/label>\n\t\t<\/p>\n\t<\/div>\n\t<div class=\"col-lg-11 col-lg-offset-1\">\n\t\t<p><span class=\"wpcf7-form-control-wrap\" data-name=\"carbon\"><span class=\"wpcf7-form-control wpcf7-checkbox\"><span class=\"wpcf7-list-item first\"><label><input type=\"checkbox\" name=\"carbon[]\" value=\"60Si2Mn\" \/><span class=\"wpcf7-list-item-label\">60Si2Mn<\/span><\/label><\/span><span class=\"wpcf7-list-item last\"><label><input type=\"checkbox\" name=\"carbon[]\" value=\"55CrSi\" \/><span class=\"wpcf7-list-item-label\">55CrSi<\/span><\/label><\/span><\/span><\/span>\n\t\t<\/p>\n\t<\/div>\n\t<div class=\"col-lg-11 col-lg-offset-1\">\n\t\t<p><span class=\"wpcf7-form-control-wrap\" data-name=\"othercarbon\"><input size=\"40\" class=\"wpcf7-form-control wpcf7-text\" aria-invalid=\"false\" placeholder=\"Otro\" value=\"\" type=\"text\" name=\"othercarbon\" \/><\/span>\n\t\t<\/p>\n\t<\/div>\n<\/div>\n<div class=\"row\">\n\t<div class=\"col-lg-12\">\n\t\t<p><label>Otro material<\/label><br \/>\n<span class=\"wpcf7-form-control-wrap\" data-name=\"material\"><input size=\"40\" class=\"wpcf7-form-control wpcf7-text\" aria-invalid=\"false\" value=\"\" type=\"text\" name=\"material\" \/><\/span>\n\t\t<\/p>\n\t<\/div>\n<\/div>\n<div class=\"row\">\n\t<div class=\"col-lg-12\">\n\t\t<p><label>Acabado<\/label>\n\t\t<\/p>\n\t<\/div>\n\t<div class=\"col-lg-11 col-lg-offset-1\">\n\t\t<p><span class=\"wpcf7-form-control-wrap\" data-name=\"finish\"><span class=\"wpcf7-form-control wpcf7-checkbox\"><span class=\"wpcf7-list-item first\"><label><input type=\"checkbox\" name=\"finish[]\" value=\"Sin tratamiento\" \/><span class=\"wpcf7-list-item-label\">Sin tratamiento<\/span><\/label><\/span><span class=\"wpcf7-list-item\"><label><input type=\"checkbox\" name=\"finish[]\" value=\"Zinc\" \/><span class=\"wpcf7-list-item-label\">Zinc<\/span><\/label><\/span><span class=\"wpcf7-list-item\"><label><input type=\"checkbox\" name=\"finish[]\" value=\"Cromo\" \/><span class=\"wpcf7-list-item-label\">Cromo<\/span><\/label><\/span><span class=\"wpcf7-list-item last\"><label><input type=\"checkbox\" name=\"finish[]\" value=\"Pintado\" \/><span class=\"wpcf7-list-item-label\">Pintado<\/span><\/label><\/span><\/span><\/span>\n\t\t<\/p>\n\t<\/div>\n\t<div class=\"col-lg-11 col-lg-offset-1\">\n\t\t<p><span class=\"wpcf7-form-control-wrap\" data-name=\"otherfinish\"><input size=\"40\" class=\"wpcf7-form-control wpcf7-text\" aria-invalid=\"false\" placeholder=\"Otro\" value=\"\" type=\"text\" name=\"otherfinish\" \/><\/span>\n\t\t<\/p>\n\t<\/div>\n<\/div>\n<div class=\"row\">\n\t<div class=\"col-lg-12\">\n\t\t<p><label>Observaciones del tratamiento<\/label><br \/>\n<span class=\"wpcf7-form-control-wrap\" data-name=\"observations\"><input size=\"40\" class=\"wpcf7-form-control wpcf7-text\" aria-invalid=\"false\" value=\"\" type=\"text\" name=\"observations\" \/><\/span>\n\t\t<\/p>\n\t<\/div>\n<\/div>\n<div class=\"row\">\n\t<div class=\"col-lg-12\">\n\t\t<h2>Otras caracter\u00edsticas\n\t\t<\/h2>\n\t<\/div>\n<\/div>\n<div class=\"row\">\n\t<div class=\"col-lg-12\">\n\t\t<p><label>Tipo de muelle<\/label>\n\t\t<\/p>\n\t<\/div>\n\t<div class=\"col-lg-12 text-center\">\n\t\t<p>\n                <span class=\"wpcf7-form-control-wrap type checkboximage\" style=\"overflow-x: auto;\">\n                    <span class=\"wpcf7-form-control wpcf7-checkbox\">\n            \n                        <span class=\"wpcf7-list-item first\">\n                            <label class=\"labelSlim\">\n                                <img decoding=\"async\" src=\"https:\/\/wp.gestiondecompras.com\/wp-content\/uploads\/2021\/11\/compression_springs_02_01_grinding_ends.jpg\" \/> \n                                <input type=\"checkbox\" name=\"type[]\" value=\"Extremos rectificados\">\n                                <span class=\"wpcf7-list-item-label\">Extremos rectificados<\/span>\n                            <\/label>\n                        <\/span>\n                \n                        <span class=\"wpcf7-list-item\">\n                            <label class=\"labelSlim\">\n                                <img decoding=\"async\" src=\"https:\/\/wp.gestiondecompras.com\/wp-content\/uploads\/2021\/11\/compression_springs_02_02_ends_without_grinding.jpg\" \/> \n                                <input type=\"checkbox\" name=\"type[]\" value=\"Extremos sin rectificar\">\n                                <span class=\"wpcf7-list-item-label\">Extremos sin rectificar<\/span>\n                            <\/label>\n                        <\/span>\n                \n                        <span class=\"wpcf7-list-item\">\n                            <label class=\"labelSlim\">\n                                <img decoding=\"async\" src=\"https:\/\/wp.gestiondecompras.com\/wp-content\/uploads\/2021\/11\/compression_springs_02_03_open_ends.jpg\" \/> \n                                <input type=\"checkbox\" name=\"type[]\" value=\"Extremos abiertos\">\n                                <span class=\"wpcf7-list-item-label\">Extremos abiertos<\/span>\n                            <\/label>\n                        <\/span>\n                \n                        <span class=\"wpcf7-list-item\">\n                            <label class=\"labelSlim\">\n                                <img decoding=\"async\" src=\"https:\/\/wp.gestiondecompras.com\/wp-content\/uploads\/2021\/11\/compression_springs_02_04_conical.jpg\" \/> \n                                <input type=\"checkbox\" name=\"type[]\" value=\"C\u00f3nico\">\n                                <span class=\"wpcf7-list-item-label\">C\u00f3nico<\/span>\n                            <\/label>\n                        <\/span>\n                \n                        <span class=\"wpcf7-list-item\">\n                            <label class=\"labelSlim\">\n                                <img decoding=\"async\" src=\"https:\/\/wp.gestiondecompras.com\/wp-content\/uploads\/2021\/11\/compression_springs_02_05_biconical.jpg\" \/> \n                                <input type=\"checkbox\" name=\"type[]\" value=\"Bic\u00f3nico\">\n                                <span class=\"wpcf7-list-item-label\">Bic\u00f3nico<\/span>\n                            <\/label>\n                        <\/span>\n                \n                    <\/span>\n                <\/span>\n            \n\t\t<\/p>\n\t<\/div>\n<\/div>\n<div class=\"row\">\n\t<div class=\"col-lg-6\">\n\t\t<p><label>N\u00ba de espiras *<\/label><br \/>\n<span class=\"wpcf7-form-control-wrap\" data-name=\"turnsCount\"><input size=\"40\" class=\"wpcf7-form-control wpcf7-text wpcf7-validates-as-required\" aria-required=\"true\" aria-invalid=\"false\" value=\"\" type=\"text\" name=\"turnsCount\" \/><\/span>\n\t\t<\/p>\n\t<\/div>\n\t<div class=\"col-lg-6\">\n\t\t<p><label>Direcci\u00f3n de las espiras *<\/label><br \/>\n<span class=\"wpcf7-form-control-wrap\" data-name=\"turnsDirection\"><span class=\"wpcf7-form-control wpcf7-checkbox wpcf7-validates-as-required\"><span class=\"wpcf7-list-item first\"><label><input type=\"checkbox\" name=\"turnsDirection[]\" value=\"Izquierda\" \/><span class=\"wpcf7-list-item-label\">Izquierda<\/span><\/label><\/span><span class=\"wpcf7-list-item last\"><label><input type=\"checkbox\" name=\"turnsDirection[]\" value=\"Derecha\" \/><span class=\"wpcf7-list-item-label\">Derecha<\/span><\/label><\/span><\/span><\/span>\n\t\t<\/p>\n\t<\/div>\n<\/div>\n<div class=\"row\">\n\t<div class=\"col-lg-12\">\n\t\t<p><label>Aplicaci\u00f3n<\/label><br \/>\n<span class=\"wpcf7-form-control-wrap\" data-name=\"application\"><input size=\"40\" class=\"wpcf7-form-control wpcf7-text\" aria-invalid=\"false\" value=\"\" type=\"text\" name=\"application\" \/><\/span>\n\t\t<\/p>\n\t<\/div>\n<\/div>\n<div class=\"row\">\n\t<div class=\"col-lg-12\">\n\t\t<p><label>Observaciones<\/label><br \/>\n<span class=\"wpcf7-form-control-wrap\" data-name=\"observaciones\"><textarea cols=\"40\" rows=\"10\" class=\"wpcf7-form-control wpcf7-textarea\" aria-invalid=\"false\" name=\"observaciones\"><\/textarea><\/span>\n\t\t<\/p>\n\t<\/div>\n<\/div>\n<div class=\"row\">\n\t<div class=\"col-lg-12\">\n\t\t<p style=\"font-size: 10px;\"> Le informamos que los datos de car\u00e1cter personal que nos proporcione en este formulario de contacto, ser\u00e1n tratados por SOLUCIONES GLOBALES Y GESTI\u00d3N DE COMPRAS, S.L como responsable de esta web. Finalidad del tratamiento de estos datos: realizar una solicitud de presupuesto. Informaci\u00f3n adicional: Puede consultar la informaci\u00f3n adicional y detallada sobre Protecci\u00f3n de Datos en la pol\u00edtica de privacidad.\n\t\t<\/p>\n\t<\/div>\n\t<div class=\"row\">\n\t\t<div class=\"col-lg-6\">\n\t\t\t<p><span class=\"wpcf7-form-control-wrap\" data-name=\"acceptance\"><span class=\"wpcf7-form-control wpcf7-acceptance\"><span class=\"wpcf7-list-item\"><label><input type=\"checkbox\" name=\"acceptance\" value=\"1\" aria-invalid=\"false\" \/><span class=\"wpcf7-list-item-label\">He le\u00eddo y doy mi consentimiento a la Protecci\u00f3n de datos *<\/span><\/label><\/span><\/span><\/span>\n\t\t\t<\/p>\n\t\t<\/div>\n\t\t<div class=\"col-lg-6\">\n\t\t\t<p><input class=\"wpcf7-form-control wpcf7-submit has-spinner\" type=\"submit\" value=\"Enviar\" \/>\n\t\t\t<\/p>\n\t\t<\/div>\n\t<\/div>\n<\/div><p style=\"display: none !important;\" class=\"akismet-fields-container\" data-prefix=\"_wpcf7_ak_\"><label>&#916;<textarea name=\"_wpcf7_ak_hp_textarea\" cols=\"45\" rows=\"8\" maxlength=\"100\"><\/textarea><\/label><input type=\"hidden\" id=\"ak_js_1\" name=\"_wpcf7_ak_js\" value=\"142\"\/><script>document.getElementById( \"ak_js_1\" ).setAttribute( \"value\", ( new Date() ).getTime() );<\/script><\/p><div class=\"wpcf7-response-output\" aria-hidden=\"true\"><\/div>\n<\/form>\n<\/div>\n\n[\/spb_boxed_content] [\/spb_column] [\/spb_row]\n","protected":false},"excerpt":{"rendered":"<p>[spb_row element_name=\u00bbRow\u00bb wrap_type=\u00bbcontent-width\u00bb parallax_image_height=\u00bbcontent-height\u00bb parallax_image_movement=\u00bbfixed\u00bb parallax_image_speed=\u00bb0.5&#8243; bg_video_loop=\u00bbyes\u00bb parallax_video_height=\u00bbwindow-height\u00bb parallax_video_overlay=\u00bbnone\u00bb row_overlay_opacity=\u00bb0&#8243; row_col_pos=\u00bbdefault\u00bb width=\u00bb1\/1&#8243; el_position=\u00bbfirst last\u00bb] [spb_column col_sm=\u00bb12&#8243; padding_horizontal=\u00bb0&#8243; width=\u00bb1\/1&#8243; el_position=\u00bbfirst last\u00bb] [spb_boxed_content type=\u00bbcoloured\u00bb box_link_target=\u00bb_self\u00bb padding_vertical=\u00bb0&#8243; padding_horizontal=\u00bb0&#8243; width=\u00bb1\/1&#8243; el_position=\u00bbfirst last\u00bb] [\/spb_boxed_content] [\/spb_column] [\/spb_row]<\/p>\n","protected":false},"author":3,"featured_media":0,"parent":0,"menu_order":0,"comment_status":"closed","ping_status":"closed","template":"page-title.php","meta":{"footnotes":""},"yoast_head":"<!-- This site is optimized with the Yoast SEO plugin v22.4 - https:\/\/yoast.com\/wordpress\/plugins\/seo\/ -->\n<title>Presupuesto resortes de compresi\u00f3n - Gesti\u00f3n De Compras<\/title>\n<meta name=\"description\" content=\"Solicita presupuesto de resortes de compresi\u00f3n. N\u00famro de piezas, dimensiones, acabado y otras caracter\u00edsticas.\" \/>\n<meta name=\"robots\" content=\"index, follow, max-snippet:-1, max-image-preview:large, max-video-preview:-1\" \/>\n<link rel=\"canonical\" href=\"https:\/\/wp.gestiondecompras.com\/es\/presupuesto-resortes-de-compresion\/\" \/>\n<meta property=\"og:locale\" content=\"es_ES\" \/>\n<meta property=\"og:type\" content=\"article\" \/>\n<meta property=\"og:title\" content=\"Presupuesto resortes de compresi\u00f3n - Gesti\u00f3n De Compras\" \/>\n<meta property=\"og:description\" content=\"Solicita presupuesto de resortes de compresi\u00f3n. N\u00famro de piezas, dimensiones, acabado y otras caracter\u00edsticas.\" \/>\n<meta property=\"og:url\" content=\"https:\/\/wp.gestiondecompras.com\/es\/presupuesto-resortes-de-compresion\/\" \/>\n<meta property=\"og:site_name\" content=\"Gesti\u00f3n De Compras\" \/>\n<meta name=\"twitter:card\" content=\"summary_large_image\" \/>\n<script type=\"application\/ld+json\" class=\"yoast-schema-graph\">{\"@context\":\"https:\/\/schema.org\",\"@graph\":[{\"@type\":\"WebPage\",\"@id\":\"https:\/\/wp.gestiondecompras.com\/es\/presupuesto-resortes-de-compresion\/\",\"url\":\"https:\/\/wp.gestiondecompras.com\/es\/presupuesto-resortes-de-compresion\/\",\"name\":\"Presupuesto resortes de compresi\u00f3n - Gesti\u00f3n De Compras\",\"isPartOf\":{\"@id\":\"https:\/\/wp.gestiondecompras.com\/es\/#website\"},\"datePublished\":\"2021-11-08T12:46:56+00:00\",\"dateModified\":\"2021-11-08T12:46:56+00:00\",\"description\":\"Solicita presupuesto de resortes de compresi\u00f3n. N\u00famro de piezas, dimensiones, acabado y otras caracter\u00edsticas.\",\"breadcrumb\":{\"@id\":\"https:\/\/wp.gestiondecompras.com\/es\/presupuesto-resortes-de-compresion\/#breadcrumb\"},\"inLanguage\":\"es\",\"potentialAction\":[{\"@type\":\"ReadAction\",\"target\":[\"https:\/\/wp.gestiondecompras.com\/es\/presupuesto-resortes-de-compresion\/\"]}]},{\"@type\":\"BreadcrumbList\",\"@id\":\"https:\/\/wp.gestiondecompras.com\/es\/presupuesto-resortes-de-compresion\/#breadcrumb\",\"itemListElement\":[{\"@type\":\"ListItem\",\"position\":1,\"name\":\"Inicio\",\"item\":\"https:\/\/wp.gestiondecompras.com\/es\/\"},{\"@type\":\"ListItem\",\"position\":2,\"name\":\"Presupuesto resortes de compresi\u00f3n\"}]},{\"@type\":\"WebSite\",\"@id\":\"https:\/\/wp.gestiondecompras.com\/es\/#website\",\"url\":\"https:\/\/wp.gestiondecompras.com\/es\/\",\"name\":\"Gesti\u00f3n De Compras\",\"description\":\"Sourcing Internacional\",\"potentialAction\":[{\"@type\":\"SearchAction\",\"target\":{\"@type\":\"EntryPoint\",\"urlTemplate\":\"https:\/\/wp.gestiondecompras.com\/es\/?s={search_term_string}\"},\"query-input\":\"required name=search_term_string\"}],\"inLanguage\":\"es\"}]}<\/script>\n<!-- \/ Yoast SEO plugin. -->","yoast_head_json":{"title":"Presupuesto resortes de compresi\u00f3n - Gesti\u00f3n De Compras","description":"Solicita presupuesto de resortes de compresi\u00f3n. N\u00famro de piezas, dimensiones, acabado y otras caracter\u00edsticas.","robots":{"index":"index","follow":"follow","max-snippet":"max-snippet:-1","max-image-preview":"max-image-preview:large","max-video-preview":"max-video-preview:-1"},"canonical":"https:\/\/wp.gestiondecompras.com\/es\/presupuesto-resortes-de-compresion\/","og_locale":"es_ES","og_type":"article","og_title":"Presupuesto resortes de compresi\u00f3n - Gesti\u00f3n De Compras","og_description":"Solicita presupuesto de resortes de compresi\u00f3n. N\u00famro de piezas, dimensiones, acabado y otras caracter\u00edsticas.","og_url":"https:\/\/wp.gestiondecompras.com\/es\/presupuesto-resortes-de-compresion\/","og_site_name":"Gesti\u00f3n De Compras","twitter_card":"summary_large_image","schema":{"@context":"https:\/\/schema.org","@graph":[{"@type":"WebPage","@id":"https:\/\/wp.gestiondecompras.com\/es\/presupuesto-resortes-de-compresion\/","url":"https:\/\/wp.gestiondecompras.com\/es\/presupuesto-resortes-de-compresion\/","name":"Presupuesto resortes de compresi\u00f3n - Gesti\u00f3n De Compras","isPartOf":{"@id":"https:\/\/wp.gestiondecompras.com\/es\/#website"},"datePublished":"2021-11-08T12:46:56+00:00","dateModified":"2021-11-08T12:46:56+00:00","description":"Solicita presupuesto de resortes de compresi\u00f3n. N\u00famro de piezas, dimensiones, acabado y otras caracter\u00edsticas.","breadcrumb":{"@id":"https:\/\/wp.gestiondecompras.com\/es\/presupuesto-resortes-de-compresion\/#breadcrumb"},"inLanguage":"es","potentialAction":[{"@type":"ReadAction","target":["https:\/\/wp.gestiondecompras.com\/es\/presupuesto-resortes-de-compresion\/"]}]},{"@type":"BreadcrumbList","@id":"https:\/\/wp.gestiondecompras.com\/es\/presupuesto-resortes-de-compresion\/#breadcrumb","itemListElement":[{"@type":"ListItem","position":1,"name":"Inicio","item":"https:\/\/wp.gestiondecompras.com\/es\/"},{"@type":"ListItem","position":2,"name":"Presupuesto resortes de compresi\u00f3n"}]},{"@type":"WebSite","@id":"https:\/\/wp.gestiondecompras.com\/es\/#website","url":"https:\/\/wp.gestiondecompras.com\/es\/","name":"Gesti\u00f3n De Compras","description":"Sourcing Internacional","potentialAction":[{"@type":"SearchAction","target":{"@type":"EntryPoint","urlTemplate":"https:\/\/wp.gestiondecompras.com\/es\/?s={search_term_string}"},"query-input":"required name=search_term_string"}],"inLanguage":"es"}]}},"_links":{"self":[{"href":"https:\/\/wp.gestiondecompras.com\/es\/wp-json\/wp\/v2\/pages\/10454"}],"collection":[{"href":"https:\/\/wp.gestiondecompras.com\/es\/wp-json\/wp\/v2\/pages"}],"about":[{"href":"https:\/\/wp.gestiondecompras.com\/es\/wp-json\/wp\/v2\/types\/page"}],"author":[{"embeddable":true,"href":"https:\/\/wp.gestiondecompras.com\/es\/wp-json\/wp\/v2\/users\/3"}],"replies":[{"embeddable":true,"href":"https:\/\/wp.gestiondecompras.com\/es\/wp-json\/wp\/v2\/comments?post=10454"}],"version-history":[{"count":1,"href":"https:\/\/wp.gestiondecompras.com\/es\/wp-json\/wp\/v2\/pages\/10454\/revisions"}],"predecessor-version":[{"id":10455,"href":"https:\/\/wp.gestiondecompras.com\/es\/wp-json\/wp\/v2\/pages\/10454\/revisions\/10455"}],"wp:attachment":[{"href":"https:\/\/wp.gestiondecompras.com\/es\/wp-json\/wp\/v2\/media?parent=10454"}],"curies":[{"name":"wp","href":"https:\/\/api.w.org\/{rel}","templated":true}]}}