{"id":9095,"date":"2021-09-14T12:04:25","date_gmt":"2021-09-14T12:04:25","guid":{"rendered":"https:\/\/wp.gestiondecompras.com\/?page_id=9095"},"modified":"2021-10-28T15:33:02","modified_gmt":"2021-10-28T15:33:02","slug":"recyclingmaschine","status":"publish","type":"page","link":"https:\/\/wp.gestiondecompras.com\/de\/produkte\/kunststoff\/recyclingmaschine\/","title":{"rendered":"Recyclingmaschine"},"content":{"rendered":"[spb_row element_name=&#8220;Row&#8220; wrap_type=&#8220;content-width&#8220; parallax_image_height=&#8220;content-height&#8220; parallax_image_movement=&#8220;fixed&#8220; parallax_image_speed=&#8220;0.5&#8243; bg_video_loop=&#8220;yes&#8220; parallax_video_height=&#8220;window-height&#8220; parallax_video_overlay=&#8220;none&#8220; row_overlay_opacity=&#8220;0&#8243; row_col_pos=&#8220;default&#8220; width=&#8220;1\/1&#8243; el_position=&#8220;first last&#8220;] [spb_column col_animation=&#8220;none&#8220; col_animation_delay=&#8220;0&#8243; col_bg_type=&#8220;cover&#8220; col_parallax_image_movement=&#8220;fixed&#8220; col_parallax_image_speed=&#8220;0.5&#8243; col_padding=&#8220;0&#8243; col_vertical_offset=&#8220;0&#8243; col_horizontal_offset=&#8220;0&#8243; col_custom_zindex=&#8220;0&#8243; col_sm=&#8220;12&#8243; simplified_controls=&#8220;yes&#8220; custom_css_percentage=&#8220;no&#8220; padding_vertical=&#8220;0&#8243; padding_horizontal=&#8220;0&#8243; margin_vertical=&#8220;0&#8243; custom_css=&#8220;margin-top: 0px;margin-bottom: 0px;&#8220; border_styling_global=&#8220;default&#8220; width=&#8220;1\/1&#8243; el_position=&#8220;first last&#8220;] [spb_text_block animation=&#8220;none&#8220; animation_delay=&#8220;0&#8243; simplified_controls=&#8220;yes&#8220; custom_css_percentage=&#8220;no&#8220; padding_vertical=&#8220;0&#8243; padding_horizontal=&#8220;0&#8243; margin_vertical=&#8220;0&#8243; custom_css=&#8220;margin-top: 0px;margin-bottom: 0px;&#8220; border_size=&#8220;0&#8243; border_styling_global=&#8220;default&#8220; width=&#8220;3\/4&#8243; el_position=&#8220;first&#8220;]\n<p>Wir verf\u00fcgen \u00fcber mehr als zwanzig Maschinen, die auf verschiedene Recyclingprozesse und verschiedene Materialien (PP, PE, EVA usw.) spezialisiert sind.<\/p>\n[\/spb_text_block][spb_text_block animation=&#8220;none&#8220; animation_delay=&#8220;0&#8243; simplified_controls=&#8220;yes&#8220; custom_css_percentage=&#8220;no&#8220; padding_vertical=&#8220;0&#8243; padding_horizontal=&#8220;0&#8243; margin_vertical=&#8220;0&#8243; custom_css=&#8220;margin-top: 0px;margin-bottom: 0px;&#8220; border_size=&#8220;0&#8243; border_styling_global=&#8220;default&#8220; width=&#8220;1\/4&#8243; el_position=&#8220;last&#8220;]\n\n[\/spb_text_block] [spb_text_block animation=&#8220;none&#8220; animation_delay=&#8220;0&#8243; simplified_controls=&#8220;yes&#8220; custom_css_percentage=&#8220;no&#8220; padding_vertical=&#8220;0&#8243; padding_horizontal=&#8220;0&#8243; margin_vertical=&#8220;0&#8243; custom_css=&#8220;margin-top: 0px;margin-bottom: 0px;&#8220; border_size=&#8220;0&#8243; border_styling_global=&#8220;default&#8220; width=&#8220;1\/1&#8243; el_position=&#8220;first last&#8220;]\n<hr style=\"background-color: #0098aa; height: 1px;\" \/>\n[\/spb_text_block] [\/spb_column] [\/spb_row] [spb_row element_name=&#8220;Row&#8220; wrap_type=&#8220;content-width&#8220; parallax_image_height=&#8220;content-height&#8220; parallax_image_movement=&#8220;fixed&#8220; parallax_image_speed=&#8220;0.5&#8243; bg_video_loop=&#8220;yes&#8220; parallax_video_height=&#8220;window-height&#8220; parallax_video_overlay=&#8220;none&#8220; row_overlay_opacity=&#8220;0&#8243; row_col_pos=&#8220;default&#8220; width=&#8220;1\/1&#8243; el_position=&#8220;first last&#8220;] [spb_text_block animation=&#8220;none&#8220; animation_delay=&#8220;0&#8243; simplified_controls=&#8220;yes&#8220; custom_css_percentage=&#8220;no&#8220; padding_vertical=&#8220;0&#8243; padding_horizontal=&#8220;0&#8243; margin_vertical=&#8220;0&#8243; custom_css=&#8220;margin-top: 0px;margin-bottom: 0px;&#8220; border_size=&#8220;0&#8243; border_styling_global=&#8220;default&#8220; width=&#8220;1\/1&#8243; el_position=&#8220;first last&#8220;]\n<h2 style=\"text-align: center;\"><strong>Produkte<br \/>\n<\/strong><\/h2>\n<div class=\"horizontal-break bold\" style=\"background-color: #666d78; width: 100px\"> <\/div>\n[\/spb_text_block] [spb_boxed_content type=&#8220;coloured&#8220; box_link_target=&#8220;_self&#8220; padding_vertical=&#8220;0&#8243; padding_horizontal=&#8220;0&#8243; width=&#8220;1\/1&#8243; el_position=&#8220;first last&#8220;]\n<p style=\"text-align: justify;\">Bei Gesti\u00f3n de Compras sind wir uns bewusst, dass jeder Beitrag zum Umweltschutz gut ist.\u00a0Deshalb arbeiten wir seit Jahren mit den unterschiedlichsten Maschinen, die auf das Kunststoffrecycling spezialisiert sind.\u00a0Bei Gesti\u00f3n de Compras engagieren wir uns aktiv f\u00fcr eine nachhaltige sozio\u00f6konomische Entwicklung, Annehmlichkeiten, um die Leistung von Recyclingger\u00e4ten zu gew\u00e4hrleisten, unseren Kunden zu helfen, ihre Effizienz zu verbessern, den Energieverbrauch zu senken;\u00a0sowie die F\u00f6rderung eines kohlenstoffarmen Wirtschaftswachstums.<\/p>\n<p style=\"text-align: justify;\">Daher verf\u00fcgen wir \u00fcber mehr als zwanzig Maschinen, die\u00a0<strong>auf verschiedene Recyclingprozesse<\/strong>\u00a0in verschiedenen Materialien (PP, PE, EVA usw.) spezialisiert sind.\u00a0Jede der Maschinen ist darauf ausgelegt, so viel Plastik wie m\u00f6glich auf die effizienteste Weise zu recyceln.\u00a0Die Kapazit\u00e4t von jedem von ihnen variiert je nach Modell.\u00a0Einige der Maschinen, mit denen wir arbeiten, sind Reiniger, komplette Recyclinglinien, Granulatoren, Dosierer, Entw\u00e4sserer, Extruder usw.<\/p>\n<p style=\"text-align: justify;\">Dort finden Sie die verf\u00fcgbaren Modelle, aber wir empfehlen Ihnen, sich bei Interesse an das Einkaufsmanagement zu wenden, um Ihre Auswahl je nach den Bed\u00fcrfnissen jedes Kunden besser zu verwalten.<\/p>\n[\/spb_boxed_content] [spb_blank_spacer height=&#8220;30px&#8220; width=&#8220;1\/1&#8243; el_position=&#8220;first last&#8220;] [\/spb_row] [spb_row element_name=&#8220;Row&#8220; wrap_type=&#8220;full-width-contained&#8220; row_bg_type=&#8220;image&#8220; row_bg_color=&#8220;#242424&#8243; color_row_height=&#8220;content-height&#8220; bg_image=&#8220;7244&#8243; bg_type=&#8220;cover&#8220; parallax_image_height=&#8220;content-height&#8220; parallax_image_movement=&#8220;scroll&#8220; parallax_image_speed=&#8220;standard&#8220; bg_video_loop=&#8220;yes&#8220; parallax_video_height=&#8220;window-height&#8220; row_top_style=&#8220;none&#8220; row_bottom_style=&#8220;none&#8220; parallax_video_overlay=&#8220;none&#8220; row_overlay_opacity=&#8220;0&#8243; remove_element_spacing=&#8220;no&#8220; row_col_spacing=&#8220;0&#8243; row_col_pos=&#8220;default&#8220; row_col_equal_heights=&#8220;no&#8220; row_expanding=&#8220;no&#8220; row_animation=&#8220;none&#8220; row_animation_delay=&#8220;0&#8243; minimize_row=&#8220;no&#8220; simplified_controls=&#8220;yes&#8220; custom_css_percentage=&#8220;no&#8220; custom_css=&#8220;margin-top: 0px;margin-bottom: 0px;&#8220; border_styling_global=&#8220;default&#8220; width=&#8220;1\/1&#8243; el_position=&#8220;first last&#8220;] [spb_column col_animation=&#8220;none&#8220; col_animation_delay=&#8220;0&#8243; col_bg_color=&#8220;#242424&#8243; col_bg_type=&#8220;cover&#8220; col_parallax_image_movement=&#8220;fixed&#8220; col_parallax_image_speed=&#8220;0.5&#8243; col_padding=&#8220;0&#8243; col_vertical_offset=&#8220;0&#8243; col_horizontal_offset=&#8220;0&#8243; col_custom_zindex=&#8220;0&#8243; col_xs=&#8220;12&#8243; col_sm=&#8220;12&#8243; col_md=&#8220;8&#8243; col_lg=&#8220;8&#8243; simplified_controls=&#8220;yes&#8220; custom_css_percentage=&#8220;no&#8220; padding_vertical=&#8220;20&#8243; padding_horizontal=&#8220;20&#8243; margin_vertical=&#8220;0&#8243; custom_css=&#8220;margin-top: 0px;margin-bottom: 0px;padding-top: 20px;padding-left: 20px;padding-right: 20px;padding-bottom: 20px;&#8220; border_styling_global=&#8220;default&#8220; width=&#8220;1\/1&#8243; el_position=&#8220;first last&#8220;] [spb_text_block animation=&#8220;none&#8220; animation_delay=&#8220;0&#8243; simplified_controls=&#8220;yes&#8220; custom_css_percentage=&#8220;no&#8220; padding_vertical=&#8220;0&#8243; padding_horizontal=&#8220;0&#8243; margin_vertical=&#8220;0&#8243; custom_css=&#8220;margin-top: 0px;margin-bottom: 0px;&#8220; border_size=&#8220;0&#8243; border_styling_global=&#8220;default&#8220; width=&#8220;1\/1&#8243; el_position=&#8220;first last&#8220;]\n<h3><strong>Recyclinglinie<br \/>\n<\/strong><\/h3>\n<ul>\n<li><span style=\"color: #ffffff;\"><strong>Polypropylen und Polyethylen<\/strong>\u00a0: Diese Waschmaschine kann verwendet werden, um Kunststoffabf\u00e4lle wie Plastikt\u00fcten zu recyceln, Plastik in der<\/span><br \/>\n<span style=\"color: #ffffff;\">Landwirtschaft zu verwenden, Verpackungen usw. Die gesamte Produktionslinie ist sicher und entspricht der h\u00f6chsten Qualit\u00e4t mit CE- und ISO9001-Zertifikat.<\/span><br \/>\n<span style=\"color: #ffffff;\">Hohe Arbeitseffizienz, geringer Feuchtigkeitsgehalt (weniger als 5%).\u00a0Lange<\/span><br \/>\n<span style=\"color: #ffffff;\">garantierte Haltbarkeit.<\/span><\/li>\n<li><span style=\"color: #ffffff;\"><strong>PET-Flaschen<\/strong>\u00a0: Um\u00a0<strong>PET-Flaschen<\/strong>\u00a0zu reinigen, sind einige Kettenmaschinen erforderlich.\u00a0Die Prozesse, die Kunststoff f\u00fcr das Recycling durchlaufen muss, sind: Auswahl, Waschen und Trocknen.<\/span><\/li>\n<li><span style=\"color: #ffffff;\">PP- und HDPE-Flaschen, Kisten, St\u00fchle und andere Spritzguss-Kunststoffabf\u00e4lle.<\/span><\/li>\n<\/ul>\n<h3><strong>Recyclinglinie-Pelletisieren<br \/>\n<\/strong><\/h3>\n<p><span style=\"color: #ffffff;\">Kunststoff-Granulier- \/ -Schreddermaschinen sind sehr n\u00fctzlich f\u00fcr die Recyclinglinie, da sie verwendet werden, um den Kunststoff zu brechen und sein Recycling zu erleichtern.\u00a0Im Inneren der Maschine sorgen Klingen, die mit der Energie des Motors gespeist werden, daf\u00fcr, den Kunststoff in kleinere St\u00fccke zu zerbrechen.\u00a0Gesti\u00f3n de Compras verf\u00fcgt \u00fcber verschiedene Arten von Schreddern, abh\u00e4ngig von der Art des Kunststoffs, den der Kunde recyceln muss.<\/span><\/p>\n<h3><strong>D\u00f6rrger\u00e4t<\/strong><\/h3>\n<p><span style=\"color: #ffffff;\">Der Squeezer-Trockner kann Filmflocken sofort trocknen.\u00a0Ausgestattet mit rotierender Schnecke und spezieller Reduzierbox, die die Filmflocken entw\u00e4ssern und trocknen kann.\u00a0Einfach zu verwenden.\u00a0Der Trocknungseffekt kann 92% -95% erreichen.<\/span><\/p>\n<p><span style=\"color: #ffffff;\">Diese Maschine wird zum Quetschen und Vorpelletisieren von PP \/ PE-Folien, gewebten Beuteln verwendet.\u00a0Tonnens\u00e4cke, Nylon usw. Es ist mit einem fortschrittlichen Schneckenextrusionssystem ausgestattet, die Quetscheffizienz k\u00f6nnte 95% erreichen.\u00a0Es kann auch entsprechend der Wasch- und Pelletierungslinie mit Kapazit\u00e4t und Automatisierung des gesamten Prozesses arbeiten.<\/span><\/p>\n<h3><strong>Hydraulische Verpackungsmaschine<br \/>\n<\/strong><\/h3>\n<p><span style=\"color: #ffffff;\">Gesti\u00f3n de Compras liefert seinen Kunden eine breite Palette von hydraulischen Ballenpressen, um ihre recycelbaren Abfallstoffe zu verwalten.\u00a0Unsere Ballenpressen reichen von vertikalen Ballenpressen bis hin zu horizontalen Ballenpressen.<\/span><\/p>\n<p><span style=\"color: #ffffff;\">Bei einer L\u00f6semaschine ist der wichtigste Teil die hydraulische Einrichtung.\u00a0Unter den Hydraulikteilen sind die \u00d6ldichtung und der \u00d6lzylinder die wichtigsten Teile.\u00a0Wir verwenden \u00d6ldichtungen und verwenden eine sehr solide Kolbenstange f\u00fcr den Zylinder, die garantieren kann, dass unsere Verpackungsmaschinen mehr als 15 Jahre lang funktionieren.<\/span><\/p>\n<p><span style=\"color: #ffffff;\">Sie k\u00f6nnen die Ballenpressen basierend auf Ihren Anwendungen ausw\u00e4hlen, mit denen Pappe, Papier, PET-Flaschen, HOPE-Flaschen, Aluminiumdosen, Metalle, Reifen, Fasern, Altkleider, S\u00e4gemehl, Heu, M\u00fcll usw.<\/span><\/p>\n[\/spb_text_block] [\/spb_column] [\/spb_row]\n","protected":false},"excerpt":{"rendered":"<p>[spb_row element_name=&#8220;Row&#8220; wrap_type=&#8220;content-width&#8220; parallax_image_height=&#8220;content-height&#8220; parallax_image_movement=&#8220;fixed&#8220; parallax_image_speed=&#8220;0.5&#8243; bg_video_loop=&#8220;yes&#8220; parallax_video_height=&#8220;window-height&#8220; parallax_video_overlay=&#8220;none&#8220; row_overlay_opacity=&#8220;0&#8243; row_col_pos=&#8220;default&#8220; width=&#8220;1\/1&#8243; el_position=&#8220;first last&#8220;] [spb_column col_animation=&#8220;none&#8220; col_animation_delay=&#8220;0&#8243; col_bg_type=&#8220;cover&#8220; col_parallax_image_movement=&#8220;fixed&#8220; col_parallax_image_speed=&#8220;0.5&#8243; col_padding=&#8220;0&#8243; col_vertical_offset=&#8220;0&#8243; col_horizontal_offset=&#8220;0&#8243; col_custom_zindex=&#8220;0&#8243; col_sm=&#8220;12&#8243; simplified_controls=&#8220;yes&#8220; custom_css_percentage=&#8220;no&#8220; padding_vertical=&#8220;0&#8243; padding_horizontal=&#8220;0&#8243; margin_vertical=&#8220;0&#8243; custom_css=&#8220;margin-top: 0px;margin-bottom: 0px;&#8220; border_styling_global=&#8220;default&#8220; width=&#8220;1\/1&#8243; el_position=&#8220;first last&#8220;] [spb_text_block animation=&#8220;none&#8220; animation_delay=&#8220;0&#8243; simplified_controls=&#8220;yes&#8220; custom_css_percentage=&#8220;no&#8220; padding_vertical=&#8220;0&#8243; padding_horizontal=&#8220;0&#8243; margin_vertical=&#8220;0&#8243; custom_css=&#8220;margin-top: 0px;margin-bottom: 0px;&#8220; border_size=&#8220;0&#8243; border_styling_global=&#8220;default&#8220; width=&#8220;3\/4&#8243; el_position=&#8220;first&#8220;] Wir verf\u00fcgen \u00fcber mehr als zwanzig Maschinen, die [&hellip;]<\/p>\n","protected":false},"author":3,"featured_media":7254,"parent":8718,"menu_order":0,"comment_status":"closed","ping_status":"closed","template":"page-title.php","meta":{"footnotes":""},"yoast_head":"<!-- This site is optimized with the Yoast SEO plugin v22.4 - https:\/\/yoast.com\/wordpress\/plugins\/seo\/ -->\n<title>Recyclingmaschine. Kunststoff. Prozess - Gesti\u00f3n De Compras<\/title>\n<meta name=\"description\" content=\"Wir verf\u00fcgen \u00fcber mehr als zwanzig Maschinen, die auf verschiedene Recyclingprozesse und verschiedene Materialien (PP, PE, EVA usw.) spezialisiert sind.\" \/>\n<meta name=\"robots\" content=\"index, follow, max-snippet:-1, max-image-preview:large, max-video-preview:-1\" \/>\n<link rel=\"canonical\" href=\"https:\/\/wp.gestiondecompras.com\/de\/produkte\/kunststoff\/recyclingmaschine\/\" \/>\n<meta property=\"og:locale\" content=\"de_DE\" \/>\n<meta property=\"og:type\" content=\"article\" \/>\n<meta property=\"og:title\" content=\"Recyclingmaschine. Kunststoff. Prozess - Gesti\u00f3n De Compras\" \/>\n<meta property=\"og:description\" content=\"Wir verf\u00fcgen \u00fcber mehr als zwanzig Maschinen, die auf verschiedene Recyclingprozesse und verschiedene Materialien (PP, PE, EVA usw.) spezialisiert sind.\" \/>\n<meta property=\"og:url\" content=\"https:\/\/wp.gestiondecompras.com\/de\/produkte\/kunststoff\/recyclingmaschine\/\" \/>\n<meta property=\"og:site_name\" content=\"Gesti\u00f3n De Compras\" \/>\n<meta property=\"article:modified_time\" content=\"2021-10-28T15:33:02+00:00\" \/>\n<meta property=\"og:image\" content=\"https:\/\/wp.gestiondecompras.com\/wp-content\/uploads\/2021\/09\/2.png\" \/>\n\t<meta property=\"og:image:width\" content=\"600\" \/>\n\t<meta property=\"og:image:height\" content=\"338\" \/>\n\t<meta property=\"og:image:type\" content=\"image\/png\" \/>\n<meta name=\"twitter:card\" content=\"summary_large_image\" \/>\n<meta name=\"twitter:label1\" content=\"Gesch\u00e4tzte Lesezeit\" \/>\n\t<meta name=\"twitter:data1\" content=\"6\u00a0Minuten\" \/>\n<script type=\"application\/ld+json\" class=\"yoast-schema-graph\">{\"@context\":\"https:\/\/schema.org\",\"@graph\":[{\"@type\":\"WebPage\",\"@id\":\"https:\/\/wp.gestiondecompras.com\/de\/produkte\/kunststoff\/recyclingmaschine\/\",\"url\":\"https:\/\/wp.gestiondecompras.com\/de\/produkte\/kunststoff\/recyclingmaschine\/\",\"name\":\"Recyclingmaschine. Kunststoff. Prozess - Gesti\u00f3n De Compras\",\"isPartOf\":{\"@id\":\"https:\/\/wp.gestiondecompras.com\/de\/#website\"},\"primaryImageOfPage\":{\"@id\":\"https:\/\/wp.gestiondecompras.com\/de\/produkte\/kunststoff\/recyclingmaschine\/#primaryimage\"},\"image\":{\"@id\":\"https:\/\/wp.gestiondecompras.com\/de\/produkte\/kunststoff\/recyclingmaschine\/#primaryimage\"},\"thumbnailUrl\":\"https:\/\/wp.gestiondecompras.com\/wp-content\/uploads\/2021\/09\/2.png\",\"datePublished\":\"2021-09-14T12:04:25+00:00\",\"dateModified\":\"2021-10-28T15:33:02+00:00\",\"description\":\"Wir verf\u00fcgen \u00fcber mehr als zwanzig Maschinen, die auf verschiedene Recyclingprozesse und verschiedene Materialien (PP, PE, EVA usw.) spezialisiert sind.\",\"breadcrumb\":{\"@id\":\"https:\/\/wp.gestiondecompras.com\/de\/produkte\/kunststoff\/recyclingmaschine\/#breadcrumb\"},\"inLanguage\":\"de\",\"potentialAction\":[{\"@type\":\"ReadAction\",\"target\":[\"https:\/\/wp.gestiondecompras.com\/de\/produkte\/kunststoff\/recyclingmaschine\/\"]}]},{\"@type\":\"ImageObject\",\"inLanguage\":\"de\",\"@id\":\"https:\/\/wp.gestiondecompras.com\/de\/produkte\/kunststoff\/recyclingmaschine\/#primaryimage\",\"url\":\"https:\/\/wp.gestiondecompras.com\/wp-content\/uploads\/2021\/09\/2.png\",\"contentUrl\":\"https:\/\/wp.gestiondecompras.com\/wp-content\/uploads\/2021\/09\/2.png\",\"width\":600,\"height\":338,\"caption\":\"maquinaria reciclaje 02\"},{\"@type\":\"BreadcrumbList\",\"@id\":\"https:\/\/wp.gestiondecompras.com\/de\/produkte\/kunststoff\/recyclingmaschine\/#breadcrumb\",\"itemListElement\":[{\"@type\":\"ListItem\",\"position\":1,\"name\":\"Heim\",\"item\":\"https:\/\/wp.gestiondecompras.com\/de\/\"},{\"@type\":\"ListItem\",\"position\":2,\"name\":\"Produkte\",\"item\":\"https:\/\/wp.gestiondecompras.com\/de\/productos\/\"},{\"@type\":\"ListItem\",\"position\":3,\"name\":\"Kunststoff\",\"item\":\"https:\/\/wp.gestiondecompras.com\/de\/productos\/plastico\/\"},{\"@type\":\"ListItem\",\"position\":4,\"name\":\"Recyclingmaschine\"}]},{\"@type\":\"WebSite\",\"@id\":\"https:\/\/wp.gestiondecompras.com\/de\/#website\",\"url\":\"https:\/\/wp.gestiondecompras.com\/de\/\",\"name\":\"Gesti\u00f3n De Compras\",\"description\":\"Sourcing Internacional\",\"potentialAction\":[{\"@type\":\"SearchAction\",\"target\":{\"@type\":\"EntryPoint\",\"urlTemplate\":\"https:\/\/wp.gestiondecompras.com\/de\/?s={search_term_string}\"},\"query-input\":\"required name=search_term_string\"}],\"inLanguage\":\"de\"}]}<\/script>\n<!-- \/ Yoast SEO plugin. -->","yoast_head_json":{"title":"Recyclingmaschine. Kunststoff. Prozess - Gesti\u00f3n De Compras","description":"Wir verf\u00fcgen \u00fcber mehr als zwanzig Maschinen, die auf verschiedene Recyclingprozesse und verschiedene Materialien (PP, PE, EVA usw.) spezialisiert sind.","robots":{"index":"index","follow":"follow","max-snippet":"max-snippet:-1","max-image-preview":"max-image-preview:large","max-video-preview":"max-video-preview:-1"},"canonical":"https:\/\/wp.gestiondecompras.com\/de\/produkte\/kunststoff\/recyclingmaschine\/","og_locale":"de_DE","og_type":"article","og_title":"Recyclingmaschine. Kunststoff. Prozess - Gesti\u00f3n De Compras","og_description":"Wir verf\u00fcgen \u00fcber mehr als zwanzig Maschinen, die auf verschiedene Recyclingprozesse und verschiedene Materialien (PP, PE, EVA usw.) spezialisiert sind.","og_url":"https:\/\/wp.gestiondecompras.com\/de\/produkte\/kunststoff\/recyclingmaschine\/","og_site_name":"Gesti\u00f3n De Compras","article_modified_time":"2021-10-28T15:33:02+00:00","og_image":[{"width":600,"height":338,"url":"https:\/\/wp.gestiondecompras.com\/wp-content\/uploads\/2021\/09\/2.png","type":"image\/png"}],"twitter_card":"summary_large_image","twitter_misc":{"Gesch\u00e4tzte Lesezeit":"6\u00a0Minuten"},"schema":{"@context":"https:\/\/schema.org","@graph":[{"@type":"WebPage","@id":"https:\/\/wp.gestiondecompras.com\/de\/produkte\/kunststoff\/recyclingmaschine\/","url":"https:\/\/wp.gestiondecompras.com\/de\/produkte\/kunststoff\/recyclingmaschine\/","name":"Recyclingmaschine. Kunststoff. Prozess - Gesti\u00f3n De Compras","isPartOf":{"@id":"https:\/\/wp.gestiondecompras.com\/de\/#website"},"primaryImageOfPage":{"@id":"https:\/\/wp.gestiondecompras.com\/de\/produkte\/kunststoff\/recyclingmaschine\/#primaryimage"},"image":{"@id":"https:\/\/wp.gestiondecompras.com\/de\/produkte\/kunststoff\/recyclingmaschine\/#primaryimage"},"thumbnailUrl":"https:\/\/wp.gestiondecompras.com\/wp-content\/uploads\/2021\/09\/2.png","datePublished":"2021-09-14T12:04:25+00:00","dateModified":"2021-10-28T15:33:02+00:00","description":"Wir verf\u00fcgen \u00fcber mehr als zwanzig Maschinen, die auf verschiedene Recyclingprozesse und verschiedene Materialien (PP, PE, EVA usw.) spezialisiert sind.","breadcrumb":{"@id":"https:\/\/wp.gestiondecompras.com\/de\/produkte\/kunststoff\/recyclingmaschine\/#breadcrumb"},"inLanguage":"de","potentialAction":[{"@type":"ReadAction","target":["https:\/\/wp.gestiondecompras.com\/de\/produkte\/kunststoff\/recyclingmaschine\/"]}]},{"@type":"ImageObject","inLanguage":"de","@id":"https:\/\/wp.gestiondecompras.com\/de\/produkte\/kunststoff\/recyclingmaschine\/#primaryimage","url":"https:\/\/wp.gestiondecompras.com\/wp-content\/uploads\/2021\/09\/2.png","contentUrl":"https:\/\/wp.gestiondecompras.com\/wp-content\/uploads\/2021\/09\/2.png","width":600,"height":338,"caption":"maquinaria reciclaje 02"},{"@type":"BreadcrumbList","@id":"https:\/\/wp.gestiondecompras.com\/de\/produkte\/kunststoff\/recyclingmaschine\/#breadcrumb","itemListElement":[{"@type":"ListItem","position":1,"name":"Heim","item":"https:\/\/wp.gestiondecompras.com\/de\/"},{"@type":"ListItem","position":2,"name":"Produkte","item":"https:\/\/wp.gestiondecompras.com\/de\/productos\/"},{"@type":"ListItem","position":3,"name":"Kunststoff","item":"https:\/\/wp.gestiondecompras.com\/de\/productos\/plastico\/"},{"@type":"ListItem","position":4,"name":"Recyclingmaschine"}]},{"@type":"WebSite","@id":"https:\/\/wp.gestiondecompras.com\/de\/#website","url":"https:\/\/wp.gestiondecompras.com\/de\/","name":"Gesti\u00f3n De Compras","description":"Sourcing Internacional","potentialAction":[{"@type":"SearchAction","target":{"@type":"EntryPoint","urlTemplate":"https:\/\/wp.gestiondecompras.com\/de\/?s={search_term_string}"},"query-input":"required name=search_term_string"}],"inLanguage":"de"}]}},"_links":{"self":[{"href":"https:\/\/wp.gestiondecompras.com\/de\/wp-json\/wp\/v2\/pages\/9095"}],"collection":[{"href":"https:\/\/wp.gestiondecompras.com\/de\/wp-json\/wp\/v2\/pages"}],"about":[{"href":"https:\/\/wp.gestiondecompras.com\/de\/wp-json\/wp\/v2\/types\/page"}],"author":[{"embeddable":true,"href":"https:\/\/wp.gestiondecompras.com\/de\/wp-json\/wp\/v2\/users\/3"}],"replies":[{"embeddable":true,"href":"https:\/\/wp.gestiondecompras.com\/de\/wp-json\/wp\/v2\/comments?post=9095"}],"version-history":[{"count":2,"href":"https:\/\/wp.gestiondecompras.com\/de\/wp-json\/wp\/v2\/pages\/9095\/revisions"}],"predecessor-version":[{"id":9097,"href":"https:\/\/wp.gestiondecompras.com\/de\/wp-json\/wp\/v2\/pages\/9095\/revisions\/9097"}],"up":[{"embeddable":true,"href":"https:\/\/wp.gestiondecompras.com\/de\/wp-json\/wp\/v2\/pages\/8718"}],"wp:featuredmedia":[{"embeddable":true,"href":"https:\/\/wp.gestiondecompras.com\/de\/wp-json\/wp\/v2\/media\/7254"}],"wp:attachment":[{"href":"https:\/\/wp.gestiondecompras.com\/de\/wp-json\/wp\/v2\/media?parent=9095"}],"curies":[{"name":"wp","href":"https:\/\/api.w.org\/{rel}","templated":true}]}}