{"id":9033,"date":"2021-05-18T07:48:29","date_gmt":"2021-05-18T07:48:29","guid":{"rendered":"https:\/\/wp.gestiondecompras.com\/?page_id=9033"},"modified":"2021-11-16T10:51:23","modified_gmt":"2021-11-16T10:51:23","slug":"plasmaschneiden","status":"publish","type":"page","link":"https:\/\/wp.gestiondecompras.com\/de\/produkte\/metallblech\/plasmaschneiden\/","title":{"rendered":"Plasmaschneiden"},"content":{"rendered":"[spb_row element_name=&#8220;Row&#8220; wrap_type=&#8220;content-width&#8220; parallax_image_height=&#8220;content-height&#8220; parallax_image_movement=&#8220;fixed&#8220; parallax_image_speed=&#8220;0.5&#8243; bg_video_loop=&#8220;yes&#8220; parallax_video_height=&#8220;window-height&#8220; parallax_video_overlay=&#8220;none&#8220; row_overlay_opacity=&#8220;0&#8243; row_col_pos=&#8220;default&#8220; width=&#8220;1\/1&#8243; el_position=&#8220;first last&#8220;] [spb_column col_animation=&#8220;none&#8220; col_animation_delay=&#8220;0&#8243; col_bg_type=&#8220;cover&#8220; col_parallax_image_movement=&#8220;fixed&#8220; col_parallax_image_speed=&#8220;0.5&#8243; col_padding=&#8220;0&#8243; col_vertical_offset=&#8220;0&#8243; col_horizontal_offset=&#8220;0&#8243; col_custom_zindex=&#8220;0&#8243; col_sm=&#8220;12&#8243; simplified_controls=&#8220;yes&#8220; custom_css_percentage=&#8220;no&#8220; padding_vertical=&#8220;0&#8243; padding_horizontal=&#8220;0&#8243; margin_vertical=&#8220;0&#8243; custom_css=&#8220;margin-top: 0px;margin-bottom: 0px;&#8220; border_styling_global=&#8220;default&#8220; width=&#8220;1\/1&#8243; el_position=&#8220;first last&#8220;] [spb_text_block animation=&#8220;none&#8220; animation_delay=&#8220;0&#8243; simplified_controls=&#8220;yes&#8220; custom_css_percentage=&#8220;no&#8220; padding_vertical=&#8220;0&#8243; padding_horizontal=&#8220;0&#8243; margin_vertical=&#8220;0&#8243; custom_css=&#8220;margin-top: 0px;margin-bottom: 0px;&#8220; border_size=&#8220;0&#8243; border_styling_global=&#8220;default&#8220; width=&#8220;3\/4&#8243; el_position=&#8220;first&#8220;]\n<p>Gesti\u00f3n de Compras entwirft, entwickelt und fertigt eine breite Palette von Teilen, die durch Plasmaschneiden hergestellt werden<\/p>\n[\/spb_text_block] [spb_text_block animation=&#8220;none&#8220; animation_delay=&#8220;0&#8243; simplified_controls=&#8220;yes&#8220; custom_css_percentage=&#8220;no&#8220; padding_vertical=&#8220;0&#8243; padding_horizontal=&#8220;0&#8243; margin_vertical=&#8220;0&#8243; custom_css=&#8220;margin-top: 0px;margin-bottom: 0px;&#8220; border_size=&#8220;0&#8243; border_styling_global=&#8220;default&#8220; width=&#8220;1\/4&#8243; el_position=&#8220;last&#8220;]\n\n[\/spb_text_block] [spb_text_block animation=&#8220;none&#8220; animation_delay=&#8220;0&#8243; simplified_controls=&#8220;yes&#8220; custom_css_percentage=&#8220;no&#8220; padding_vertical=&#8220;0&#8243; padding_horizontal=&#8220;0&#8243; margin_vertical=&#8220;0&#8243; custom_css=&#8220;margin-top: 0px;margin-bottom: 0px;&#8220; border_size=&#8220;0&#8243; border_styling_global=&#8220;default&#8220; width=&#8220;1\/1&#8243; el_position=&#8220;first last&#8220;]\n<hr style=\"background-color: #0098aa; height: 1px;\" \/>\n[\/spb_text_block] [\/spb_column] [\/spb_row] [spb_row element_name=&#8220;Row&#8220; wrap_type=&#8220;content-width&#8220; parallax_image_height=&#8220;content-height&#8220; parallax_image_movement=&#8220;fixed&#8220; parallax_image_speed=&#8220;0.5&#8243; bg_video_loop=&#8220;yes&#8220; parallax_video_height=&#8220;window-height&#8220; parallax_video_overlay=&#8220;none&#8220; row_overlay_opacity=&#8220;0&#8243; row_col_pos=&#8220;default&#8220; width=&#8220;1\/1&#8243; el_position=&#8220;first last&#8220;] [spb_text_block animation=&#8220;none&#8220; animation_delay=&#8220;0&#8243; simplified_controls=&#8220;yes&#8220; custom_css_percentage=&#8220;no&#8220; padding_vertical=&#8220;0&#8243; padding_horizontal=&#8220;0&#8243; margin_vertical=&#8220;0&#8243; custom_css=&#8220;margin-top: 0px;margin-bottom: 0px;&#8220; border_size=&#8220;0&#8243; border_styling_global=&#8220;default&#8220; width=&#8220;1\/1&#8243; el_position=&#8220;first last&#8220;]\n<h2 style=\"text-align: center;\"><strong>Prozess<br \/>\n<\/strong><\/h2>\n<div class=\"horizontal-break bold\" style=\"background-color: #666d78; width: 100px\"> <\/div>\n[\/spb_text_block] [spb_column col_animation=&#8220;fade-from-left&#8220; col_animation_delay=&#8220;10&#8243; col_bg_type=&#8220;cover&#8220; col_parallax_image_movement=&#8220;fixed&#8220; col_parallax_image_speed=&#8220;0.5&#8243; col_padding=&#8220;0&#8243; col_vertical_offset=&#8220;0&#8243; col_horizontal_offset=&#8220;0&#8243; col_custom_zindex=&#8220;0&#8243; col_sm=&#8220;4&#8243; simplified_controls=&#8220;yes&#8220; custom_css_percentage=&#8220;no&#8220; padding_vertical=&#8220;0&#8243; padding_horizontal=&#8220;0&#8243; margin_vertical=&#8220;0&#8243; custom_css=&#8220;margin-top: 0px;margin-bottom: 0px;&#8220; border_styling_global=&#8220;default&#8220; width=&#8220;1\/3&#8243; el_position=&#8220;first&#8220;] [spb_boxed_content type=&#8220;coloured&#8220; box_link_target=&#8220;_self&#8220; padding_vertical=&#8220;0&#8243; padding_horizontal=&#8220;0&#8243; width=&#8220;1\/1&#8243; el_position=&#8220;first last&#8220;]\n<p><img loading=\"lazy\" decoding=\"async\" class=\"size-medium wp-image-1843 aligncenter\" src=\"https:\/\/wp.gestiondecompras.com\/wp-content\/uploads\/2021\/05\/plasma_cutting_process-281x300.png\" alt=\"Proceso corte por plasma\" width=\"281\" height=\"300\" srcset=\"https:\/\/wp.gestiondecompras.com\/wp-content\/uploads\/2021\/05\/plasma_cutting_process-281x300.png 281w, https:\/\/wp.gestiondecompras.com\/wp-content\/uploads\/2021\/05\/plasma_cutting_process.png 294w\" sizes=\"(max-width: 281px) 100vw, 281px\" \/><\/p>\n[\/spb_boxed_content] [\/spb_column] [spb_column col_sm=&#8220;8&#8243; padding_horizontal=&#8220;0&#8243; width=&#8220;2\/3&#8243; el_position=&#8220;last&#8220;] [spb_boxed_content type=&#8220;coloured&#8220; box_link_target=&#8220;_self&#8220; padding_vertical=&#8220;0&#8243; padding_horizontal=&#8220;0&#8243; width=&#8220;1\/1&#8243; el_position=&#8220;first last&#8220;]\n<p style=\"text-align: justify;\">Das <strong>Plasmaschneiden<\/strong> ist ein Verfahren bei dem leitf\u00e4hige Materialien mit Hilfe eines Hochfrequenz- und Hochspannungsfunkens geschnitten werden, um einen Gasstrom zu ionisieren. Zu diesem Zweck wird ein unter Druck stehendes Gas durch eine fokussierte D\u00fcse mit hoher Geschwindigkeit auf das Werkst\u00fcck gepresst. Dann ionisiert der elektrische Lichtbogen das Gas, dieses leitf\u00e4hige ionisierte Gas wird Plasma genannt. Das Plasma schmilzt das zu schneidende Material und der Hochgeschwindigkeitsstrom des ionisierten Gases bl\u00e4st das geschmolzene Metall mechanisch weg.<\/p>\n<p style=\"text-align: justify;\">Auf dem folgenden Diagramm k\u00f6nnen wir sehen, wie der Plasmaschneideprozess funktioniert.<\/p>\n<p style=\"text-align: justify;\">Beim Plasmaschneiden gibt es zwei grunds\u00e4tzliche Arbeitssysteme, das handgef\u00fchrte und das computernumerisch gesteuerte (CNC) Verfahren. Handgehaltene Systeme werden eingesetzt f\u00fcr Wandst\u00e4rken bis zu 38 mm und f\u00fcr schnelle und weniger genaue Schnitte verwendet. Dann gibt es noch CNC-Systeme, um pr\u00e4zise Schnitte bis zu einer Dicke von 150 mm durchzuf\u00fchren.<\/p>\n[\/spb_boxed_content] [\/spb_column] [spb_blank_spacer height=&#8220;30px&#8220; width=&#8220;1\/1&#8243; el_position=&#8220;first last&#8220;] [\/spb_row] [spb_row element_name=&#8220;Row&#8220; wrap_type=&#8220;full-width-contained&#8220; row_bg_type=&#8220;image&#8220; row_bg_color=&#8220;#242424&#8243; color_row_height=&#8220;content-height&#8220; bg_image=&#8220;2292&#8243; bg_type=&#8220;cover&#8220; parallax_image_height=&#8220;content-height&#8220; parallax_image_movement=&#8220;scroll&#8220; parallax_image_speed=&#8220;standard&#8220; bg_video_loop=&#8220;yes&#8220; parallax_video_height=&#8220;window-height&#8220; row_top_style=&#8220;none&#8220; row_bottom_style=&#8220;none&#8220; parallax_video_overlay=&#8220;none&#8220; row_overlay_opacity=&#8220;0&#8243; remove_element_spacing=&#8220;no&#8220; row_col_spacing=&#8220;0&#8243; row_col_pos=&#8220;default&#8220; row_col_equal_heights=&#8220;no&#8220; row_expanding=&#8220;no&#8220; row_animation=&#8220;none&#8220; row_animation_delay=&#8220;0&#8243; minimize_row=&#8220;no&#8220; simplified_controls=&#8220;yes&#8220; custom_css_percentage=&#8220;no&#8220; custom_css=&#8220;margin-top: 0px;margin-bottom: 0px;&#8220; border_styling_global=&#8220;default&#8220; el_class=&#8220;hideBackImage&#8220; width=&#8220;1\/1&#8243; el_position=&#8220;first last&#8220;] [spb_column col_animation=&#8220;none&#8220; col_animation_delay=&#8220;0&#8243; col_bg_color=&#8220;#242424&#8243; col_bg_type=&#8220;cover&#8220; col_parallax_image_movement=&#8220;fixed&#8220; col_parallax_image_speed=&#8220;0.5&#8243; col_padding=&#8220;0&#8243; col_vertical_offset=&#8220;0&#8243; col_horizontal_offset=&#8220;0&#8243; col_custom_zindex=&#8220;0&#8243; col_xs=&#8220;12&#8243; col_sm=&#8220;12&#8243; col_md=&#8220;8&#8243; col_lg=&#8220;8&#8243; simplified_controls=&#8220;yes&#8220; custom_css_percentage=&#8220;no&#8220; padding_vertical=&#8220;20&#8243; padding_horizontal=&#8220;20&#8243; margin_vertical=&#8220;0&#8243; custom_css=&#8220;margin-top: 0px;margin-bottom: 0px;padding-top: 20px;padding-left: 20px;padding-right: 20px;padding-bottom: 20px;&#8220; border_styling_global=&#8220;default&#8220; width=&#8220;1\/1&#8243; el_position=&#8220;first last&#8220;] [spb_text_block animation=&#8220;none&#8220; animation_delay=&#8220;0&#8243; simplified_controls=&#8220;yes&#8220; custom_css_percentage=&#8220;no&#8220; padding_vertical=&#8220;0&#8243; padding_horizontal=&#8220;0&#8243; margin_vertical=&#8220;0&#8243; custom_css=&#8220;margin-top: 0px;margin-bottom: 0px;&#8220; border_size=&#8220;0&#8243; border_styling_global=&#8220;default&#8220; width=&#8220;1\/1&#8243; el_position=&#8220;first last&#8220;]\n<h2><strong>Produktion\u00a0<\/strong><\/h2>\n<hr \/>\n<p><span style=\"color: #ffffff;\"><strong>Gestion de Compras<\/strong> entwirft, entwickelt und fertigt eine Vielzahl von Teilen, die durch Plasmaschneiden geformt werden. Wir bearbeiten alle Materialien und St\u00e4rken, die uns dieses Verfahren erlaubt.<\/span><\/p>\n<p><span style=\"color: #ffffff;\">Es gibt viele Arten des Plasmaschneidens, es h\u00e4ngt im Wesentlichen davon ab, welches Gas verwendet wird:<\/span><\/p>\n<ul>\n<li><span style=\"color: #ffffff;\">Hochaufl\u00f6sendes Plasmaschneiden<\/span><\/li>\n<li><span style=\"color: #ffffff;\">Stickstoff-Plasma<\/span><\/li>\n<li><span style=\"color: #ffffff;\">Sauerstoff-Plasmaschneiden<\/span><\/li>\n<li><span style=\"color: #ffffff;\">Argon-Plasma<\/span><\/li>\n<li><span style=\"color: #ffffff;\">Etc.<\/span><\/li>\n<\/ul>\n[\/spb_text_block] [spb_blank_spacer height=&#8220;10px&#8220; width=&#8220;1\/1&#8243; el_position=&#8220;first last&#8220;] [spb_text_block animation=&#8220;none&#8220; animation_delay=&#8220;0&#8243; simplified_controls=&#8220;yes&#8220; custom_css_percentage=&#8220;no&#8220; padding_vertical=&#8220;0&#8243; padding_horizontal=&#8220;0&#8243; margin_vertical=&#8220;0&#8243; custom_css=&#8220;margin-top: 0px;margin-bottom: 0px;&#8220; border_size=&#8220;0&#8243; border_styling_global=&#8220;default&#8220; width=&#8220;1\/1&#8243; el_position=&#8220;first last&#8220;]\n<h2><strong>Materialien und Produkte<\/strong><\/h2>\n<hr \/>\n<p><span style=\"color: #ffffff;\">Um diesen Prozess durchzuf\u00fchren, muss der Materialschnitt aus leitf\u00e4higen Metallen bestehen. Die am h\u00e4ufigsten verwendeten sind:<\/span><\/p>\n<ul>\n<li><span style=\"color: #ffffff;\">Stahl<\/span><\/li>\n<li><span style=\"color: #ffffff;\">Aluminium<\/span><\/li>\n<li><span style=\"color: #ffffff;\">Messing<\/span><\/li>\n<li><span style=\"color: #ffffff;\">Kupfer<\/span><\/li>\n<\/ul>\n<p><span style=\"color: #ffffff;\">Das Plasmaschneiden wird in der Automobilindustrie zur Herstellung von Fahrgestellen und Rahmen eingesetzt. Die Bauindustrie schneidet und fertigt damit riesige Balken oder Blechwaren.<\/span><\/p>\n<p><span style=\"color: #ffffff;\">Es wird auch im Schiffbau und Bergbau eingesetzt, um beispielsweise Rohre und L\u00fcftungen herzustellen und zu reparieren.<\/span><\/p>\n[\/spb_text_block] [\/spb_column] [\/spb_row] [spb_row element_name=&#8220;Row&#8220; wrap_type=&#8220;content-width&#8220; parallax_image_height=&#8220;content-height&#8220; parallax_image_movement=&#8220;fixed&#8220; parallax_image_speed=&#8220;0.5&#8243; bg_video_loop=&#8220;yes&#8220; parallax_video_height=&#8220;window-height&#8220; parallax_video_overlay=&#8220;none&#8220; row_overlay_opacity=&#8220;0&#8243; row_col_pos=&#8220;default&#8220; width=&#8220;1\/1&#8243; el_position=&#8220;first last&#8220;] [spb_column col_sm=&#8220;12&#8243; padding_horizontal=&#8220;0&#8243; width=&#8220;1\/1&#8243; el_position=&#8220;first last&#8220;] [spb_blank_spacer height=&#8220;30px&#8220; width=&#8220;1\/1&#8243; el_position=&#8220;first last&#8220;] [spb_text_block animation=&#8220;none&#8220; animation_delay=&#8220;0&#8243; simplified_controls=&#8220;yes&#8220; custom_css_percentage=&#8220;no&#8220; padding_vertical=&#8220;0&#8243; padding_horizontal=&#8220;0&#8243; margin_vertical=&#8220;0&#8243; custom_css=&#8220;margin-top: 0px;margin-bottom: 0px;&#8220; border_size=&#8220;0&#8243; border_styling_global=&#8220;default&#8220; width=&#8220;1\/1&#8243; el_position=&#8220;first last&#8220;]\n<h2 style=\"text-align: center;\"><strong>Standard <\/strong><strong>und Zertifikate<\/strong><\/h2>\n<div class=\"horizontal-break bold\" style=\"background-color: #666d78; width: 100px\"> <\/div>\n<p>&nbsp;<\/p>\n[\/spb_text_block] [\/spb_column] [spb_column col_sm=&#8220;6&#8243; padding_horizontal=&#8220;0&#8243; width=&#8220;1\/2&#8243; el_position=&#8220;first&#8220;] [spb_text_block animation=&#8220;none&#8220; animation_delay=&#8220;0&#8243; simplified_controls=&#8220;yes&#8220; custom_css_percentage=&#8220;no&#8220; padding_vertical=&#8220;0&#8243; padding_horizontal=&#8220;0&#8243; margin_vertical=&#8220;0&#8243; custom_css=&#8220;margin-top: 0px;margin-bottom: 0px;&#8220; border_size=&#8220;0&#8243; border_styling_global=&#8220;default&#8220; width=&#8220;1\/1&#8243; el_position=&#8220;first last&#8220;]\n<p><strong>Unsere Fertigungswerke verf\u00fcgen \u00fcber die anspruchsvollsten Zertifizierungen f\u00fcr Kunden, um die Produktqualit\u00e4t sicherzustellen:<\/strong><\/p>\n<ul>\n<li><em>ISO 9001<\/em><\/li>\n<li><em>ISO 14001<\/em><\/li>\n<li><em>AS 9100<\/em><\/li>\n<\/ul>\n<p><strong>Daneben sind auch die Sicherheitszertifikate erforderlich, wie zum Beispiel:<\/strong><\/p>\n<ul>\n<li><em>OHSAS 18001<\/em><\/li>\n<li><em>ISO 9013<\/em><\/li>\n<\/ul>\n[\/spb_text_block] [\/spb_column] [spb_column col_sm=&#8220;6&#8243; padding_horizontal=&#8220;0&#8243; width=&#8220;1\/2&#8243; el_position=&#8220;last&#8220;] [spb_blank_spacer height=&#8220;50px&#8220; responsive_vis=&#8220;hidden-xs_hidden-sm&#8220; width=&#8220;1\/1&#8243; el_position=&#8220;first last&#8220;] [spb_text_block animation=&#8220;none&#8220; animation_delay=&#8220;0&#8243; simplified_controls=&#8220;yes&#8220; custom_css_percentage=&#8220;no&#8220; padding_vertical=&#8220;0&#8243; padding_horizontal=&#8220;0&#8243; margin_vertical=&#8220;0&#8243; custom_css=&#8220;margin-top: 0px;margin-bottom: 0px;&#8220; border_size=&#8220;0&#8243; border_styling_global=&#8220;default&#8220; width=&#8220;1\/1&#8243; el_position=&#8220;first last&#8220;]\n<p><img loading=\"lazy\" decoding=\"async\" class=\"wp-image-792 size-full aligncenter\" src=\"https:\/\/wp.gestiondecompras.com\/wp-content\/uploads\/2021\/05\/isos.png\" alt=\"isos\" width=\"800\" height=\"150\" srcset=\"https:\/\/wp.gestiondecompras.com\/wp-content\/uploads\/2021\/05\/isos.png 800w, https:\/\/wp.gestiondecompras.com\/wp-content\/uploads\/2021\/05\/isos-300x56.png 300w, https:\/\/wp.gestiondecompras.com\/wp-content\/uploads\/2021\/05\/isos-768x144.png 768w\" sizes=\"(max-width: 800px) 100vw, 800px\" \/><\/p>\n[\/spb_text_block] [\/spb_column] [\/spb_row]\n","protected":false},"excerpt":{"rendered":"<p>[spb_row element_name=&#8220;Row&#8220; wrap_type=&#8220;content-width&#8220; parallax_image_height=&#8220;content-height&#8220; parallax_image_movement=&#8220;fixed&#8220; parallax_image_speed=&#8220;0.5&#8243; bg_video_loop=&#8220;yes&#8220; parallax_video_height=&#8220;window-height&#8220; parallax_video_overlay=&#8220;none&#8220; row_overlay_opacity=&#8220;0&#8243; row_col_pos=&#8220;default&#8220; width=&#8220;1\/1&#8243; el_position=&#8220;first last&#8220;] [spb_column col_animation=&#8220;none&#8220; col_animation_delay=&#8220;0&#8243; col_bg_type=&#8220;cover&#8220; col_parallax_image_movement=&#8220;fixed&#8220; col_parallax_image_speed=&#8220;0.5&#8243; col_padding=&#8220;0&#8243; col_vertical_offset=&#8220;0&#8243; col_horizontal_offset=&#8220;0&#8243; col_custom_zindex=&#8220;0&#8243; col_sm=&#8220;12&#8243; simplified_controls=&#8220;yes&#8220; custom_css_percentage=&#8220;no&#8220; padding_vertical=&#8220;0&#8243; padding_horizontal=&#8220;0&#8243; margin_vertical=&#8220;0&#8243; custom_css=&#8220;margin-top: 0px;margin-bottom: 0px;&#8220; border_styling_global=&#8220;default&#8220; width=&#8220;1\/1&#8243; el_position=&#8220;first last&#8220;] [spb_text_block animation=&#8220;none&#8220; animation_delay=&#8220;0&#8243; simplified_controls=&#8220;yes&#8220; custom_css_percentage=&#8220;no&#8220; padding_vertical=&#8220;0&#8243; padding_horizontal=&#8220;0&#8243; margin_vertical=&#8220;0&#8243; custom_css=&#8220;margin-top: 0px;margin-bottom: 0px;&#8220; border_size=&#8220;0&#8243; border_styling_global=&#8220;default&#8220; width=&#8220;3\/4&#8243; el_position=&#8220;first&#8220;] Gesti\u00f3n de Compras entwirft, entwickelt und fertigt eine [&hellip;]<\/p>\n","protected":false},"author":3,"featured_media":1843,"parent":8656,"menu_order":0,"comment_status":"closed","ping_status":"closed","template":"page-title.php","meta":{"footnotes":""},"yoast_head":"<!-- This site is optimized with the Yoast SEO plugin v22.4 - https:\/\/yoast.com\/wordpress\/plugins\/seo\/ -->\n<title>Plasmaschneiden. Prozess und Produkte - Gesti\u00f3n De Compras<\/title>\n<meta name=\"description\" content=\"Gesti\u00f3n de Compras entwirft, entwickelt und fertigt eine breite Palette von Teilen, die durch Plasmaschneiden geformt werden .\" \/>\n<meta name=\"robots\" content=\"index, follow, max-snippet:-1, max-image-preview:large, max-video-preview:-1\" \/>\n<link rel=\"canonical\" href=\"https:\/\/wp.gestiondecompras.com\/de\/produkte\/metallblech\/plasmaschneiden\/\" \/>\n<meta property=\"og:locale\" content=\"de_DE\" \/>\n<meta property=\"og:type\" content=\"article\" \/>\n<meta property=\"og:title\" content=\"Plasmaschneiden. Prozess und Produkte - Gesti\u00f3n De Compras\" \/>\n<meta property=\"og:description\" content=\"Gesti\u00f3n de Compras entwirft, entwickelt und fertigt eine breite Palette von Teilen, die durch Plasmaschneiden geformt werden .\" \/>\n<meta property=\"og:url\" content=\"https:\/\/wp.gestiondecompras.com\/de\/produkte\/metallblech\/plasmaschneiden\/\" \/>\n<meta property=\"og:site_name\" content=\"Gesti\u00f3n De Compras\" \/>\n<meta property=\"article:modified_time\" content=\"2021-11-16T10:51:23+00:00\" \/>\n<meta property=\"og:image\" content=\"https:\/\/wp.gestiondecompras.com\/wp-content\/uploads\/2021\/05\/plasma_cutting_process.png\" \/>\n\t<meta property=\"og:image:width\" content=\"294\" \/>\n\t<meta property=\"og:image:height\" content=\"314\" \/>\n\t<meta property=\"og:image:type\" content=\"image\/png\" \/>\n<meta name=\"twitter:card\" content=\"summary_large_image\" \/>\n<meta name=\"twitter:label1\" content=\"Gesch\u00e4tzte Lesezeit\" \/>\n\t<meta name=\"twitter:data1\" content=\"6\u00a0Minuten\" \/>\n<script type=\"application\/ld+json\" class=\"yoast-schema-graph\">{\"@context\":\"https:\/\/schema.org\",\"@graph\":[{\"@type\":\"WebPage\",\"@id\":\"https:\/\/wp.gestiondecompras.com\/de\/produkte\/metallblech\/plasmaschneiden\/\",\"url\":\"https:\/\/wp.gestiondecompras.com\/de\/produkte\/metallblech\/plasmaschneiden\/\",\"name\":\"Plasmaschneiden. Prozess und Produkte - Gesti\u00f3n De Compras\",\"isPartOf\":{\"@id\":\"https:\/\/wp.gestiondecompras.com\/de\/#website\"},\"primaryImageOfPage\":{\"@id\":\"https:\/\/wp.gestiondecompras.com\/de\/produkte\/metallblech\/plasmaschneiden\/#primaryimage\"},\"image\":{\"@id\":\"https:\/\/wp.gestiondecompras.com\/de\/produkte\/metallblech\/plasmaschneiden\/#primaryimage\"},\"thumbnailUrl\":\"https:\/\/wp.gestiondecompras.com\/wp-content\/uploads\/2021\/05\/plasma_cutting_process.png\",\"datePublished\":\"2021-05-18T07:48:29+00:00\",\"dateModified\":\"2021-11-16T10:51:23+00:00\",\"description\":\"Gesti\u00f3n de Compras entwirft, entwickelt und fertigt eine breite Palette von Teilen, die durch Plasmaschneiden geformt werden .\",\"breadcrumb\":{\"@id\":\"https:\/\/wp.gestiondecompras.com\/de\/produkte\/metallblech\/plasmaschneiden\/#breadcrumb\"},\"inLanguage\":\"de\",\"potentialAction\":[{\"@type\":\"ReadAction\",\"target\":[\"https:\/\/wp.gestiondecompras.com\/de\/produkte\/metallblech\/plasmaschneiden\/\"]}]},{\"@type\":\"ImageObject\",\"inLanguage\":\"de\",\"@id\":\"https:\/\/wp.gestiondecompras.com\/de\/produkte\/metallblech\/plasmaschneiden\/#primaryimage\",\"url\":\"https:\/\/wp.gestiondecompras.com\/wp-content\/uploads\/2021\/05\/plasma_cutting_process.png\",\"contentUrl\":\"https:\/\/wp.gestiondecompras.com\/wp-content\/uploads\/2021\/05\/plasma_cutting_process.png\",\"width\":294,\"height\":314,\"caption\":\"Proceso corte por plasma\"},{\"@type\":\"BreadcrumbList\",\"@id\":\"https:\/\/wp.gestiondecompras.com\/de\/produkte\/metallblech\/plasmaschneiden\/#breadcrumb\",\"itemListElement\":[{\"@type\":\"ListItem\",\"position\":1,\"name\":\"Heim\",\"item\":\"https:\/\/wp.gestiondecompras.com\/de\/\"},{\"@type\":\"ListItem\",\"position\":2,\"name\":\"Produkte\",\"item\":\"https:\/\/wp.gestiondecompras.com\/de\/productos\/\"},{\"@type\":\"ListItem\",\"position\":3,\"name\":\"Metallblech\",\"item\":\"https:\/\/wp.gestiondecompras.com\/de\/productos\/conformado-de-chapa\/\"},{\"@type\":\"ListItem\",\"position\":4,\"name\":\"Plasmaschneiden\"}]},{\"@type\":\"WebSite\",\"@id\":\"https:\/\/wp.gestiondecompras.com\/de\/#website\",\"url\":\"https:\/\/wp.gestiondecompras.com\/de\/\",\"name\":\"Gesti\u00f3n De Compras\",\"description\":\"Sourcing Internacional\",\"potentialAction\":[{\"@type\":\"SearchAction\",\"target\":{\"@type\":\"EntryPoint\",\"urlTemplate\":\"https:\/\/wp.gestiondecompras.com\/de\/?s={search_term_string}\"},\"query-input\":\"required name=search_term_string\"}],\"inLanguage\":\"de\"}]}<\/script>\n<!-- \/ Yoast SEO plugin. -->","yoast_head_json":{"title":"Plasmaschneiden. Prozess und Produkte - Gesti\u00f3n De Compras","description":"Gesti\u00f3n de Compras entwirft, entwickelt und fertigt eine breite Palette von Teilen, die durch Plasmaschneiden geformt werden .","robots":{"index":"index","follow":"follow","max-snippet":"max-snippet:-1","max-image-preview":"max-image-preview:large","max-video-preview":"max-video-preview:-1"},"canonical":"https:\/\/wp.gestiondecompras.com\/de\/produkte\/metallblech\/plasmaschneiden\/","og_locale":"de_DE","og_type":"article","og_title":"Plasmaschneiden. Prozess und Produkte - Gesti\u00f3n De Compras","og_description":"Gesti\u00f3n de Compras entwirft, entwickelt und fertigt eine breite Palette von Teilen, die durch Plasmaschneiden geformt werden .","og_url":"https:\/\/wp.gestiondecompras.com\/de\/produkte\/metallblech\/plasmaschneiden\/","og_site_name":"Gesti\u00f3n De Compras","article_modified_time":"2021-11-16T10:51:23+00:00","og_image":[{"width":294,"height":314,"url":"https:\/\/wp.gestiondecompras.com\/wp-content\/uploads\/2021\/05\/plasma_cutting_process.png","type":"image\/png"}],"twitter_card":"summary_large_image","twitter_misc":{"Gesch\u00e4tzte Lesezeit":"6\u00a0Minuten"},"schema":{"@context":"https:\/\/schema.org","@graph":[{"@type":"WebPage","@id":"https:\/\/wp.gestiondecompras.com\/de\/produkte\/metallblech\/plasmaschneiden\/","url":"https:\/\/wp.gestiondecompras.com\/de\/produkte\/metallblech\/plasmaschneiden\/","name":"Plasmaschneiden. Prozess und Produkte - Gesti\u00f3n De Compras","isPartOf":{"@id":"https:\/\/wp.gestiondecompras.com\/de\/#website"},"primaryImageOfPage":{"@id":"https:\/\/wp.gestiondecompras.com\/de\/produkte\/metallblech\/plasmaschneiden\/#primaryimage"},"image":{"@id":"https:\/\/wp.gestiondecompras.com\/de\/produkte\/metallblech\/plasmaschneiden\/#primaryimage"},"thumbnailUrl":"https:\/\/wp.gestiondecompras.com\/wp-content\/uploads\/2021\/05\/plasma_cutting_process.png","datePublished":"2021-05-18T07:48:29+00:00","dateModified":"2021-11-16T10:51:23+00:00","description":"Gesti\u00f3n de Compras entwirft, entwickelt und fertigt eine breite Palette von Teilen, die durch Plasmaschneiden geformt werden .","breadcrumb":{"@id":"https:\/\/wp.gestiondecompras.com\/de\/produkte\/metallblech\/plasmaschneiden\/#breadcrumb"},"inLanguage":"de","potentialAction":[{"@type":"ReadAction","target":["https:\/\/wp.gestiondecompras.com\/de\/produkte\/metallblech\/plasmaschneiden\/"]}]},{"@type":"ImageObject","inLanguage":"de","@id":"https:\/\/wp.gestiondecompras.com\/de\/produkte\/metallblech\/plasmaschneiden\/#primaryimage","url":"https:\/\/wp.gestiondecompras.com\/wp-content\/uploads\/2021\/05\/plasma_cutting_process.png","contentUrl":"https:\/\/wp.gestiondecompras.com\/wp-content\/uploads\/2021\/05\/plasma_cutting_process.png","width":294,"height":314,"caption":"Proceso corte por plasma"},{"@type":"BreadcrumbList","@id":"https:\/\/wp.gestiondecompras.com\/de\/produkte\/metallblech\/plasmaschneiden\/#breadcrumb","itemListElement":[{"@type":"ListItem","position":1,"name":"Heim","item":"https:\/\/wp.gestiondecompras.com\/de\/"},{"@type":"ListItem","position":2,"name":"Produkte","item":"https:\/\/wp.gestiondecompras.com\/de\/productos\/"},{"@type":"ListItem","position":3,"name":"Metallblech","item":"https:\/\/wp.gestiondecompras.com\/de\/productos\/conformado-de-chapa\/"},{"@type":"ListItem","position":4,"name":"Plasmaschneiden"}]},{"@type":"WebSite","@id":"https:\/\/wp.gestiondecompras.com\/de\/#website","url":"https:\/\/wp.gestiondecompras.com\/de\/","name":"Gesti\u00f3n De Compras","description":"Sourcing Internacional","potentialAction":[{"@type":"SearchAction","target":{"@type":"EntryPoint","urlTemplate":"https:\/\/wp.gestiondecompras.com\/de\/?s={search_term_string}"},"query-input":"required name=search_term_string"}],"inLanguage":"de"}]}},"_links":{"self":[{"href":"https:\/\/wp.gestiondecompras.com\/de\/wp-json\/wp\/v2\/pages\/9033"}],"collection":[{"href":"https:\/\/wp.gestiondecompras.com\/de\/wp-json\/wp\/v2\/pages"}],"about":[{"href":"https:\/\/wp.gestiondecompras.com\/de\/wp-json\/wp\/v2\/types\/page"}],"author":[{"embeddable":true,"href":"https:\/\/wp.gestiondecompras.com\/de\/wp-json\/wp\/v2\/users\/3"}],"replies":[{"embeddable":true,"href":"https:\/\/wp.gestiondecompras.com\/de\/wp-json\/wp\/v2\/comments?post=9033"}],"version-history":[{"count":6,"href":"https:\/\/wp.gestiondecompras.com\/de\/wp-json\/wp\/v2\/pages\/9033\/revisions"}],"predecessor-version":[{"id":11785,"href":"https:\/\/wp.gestiondecompras.com\/de\/wp-json\/wp\/v2\/pages\/9033\/revisions\/11785"}],"up":[{"embeddable":true,"href":"https:\/\/wp.gestiondecompras.com\/de\/wp-json\/wp\/v2\/pages\/8656"}],"wp:featuredmedia":[{"embeddable":true,"href":"https:\/\/wp.gestiondecompras.com\/de\/wp-json\/wp\/v2\/media\/1843"}],"wp:attachment":[{"href":"https:\/\/wp.gestiondecompras.com\/de\/wp-json\/wp\/v2\/media?parent=9033"}],"curies":[{"name":"wp","href":"https:\/\/api.w.org\/{rel}","templated":true}]}}