{"id":8999,"date":"2021-05-11T11:46:18","date_gmt":"2021-05-11T11:46:18","guid":{"rendered":"https:\/\/wp.gestiondecompras.com\/?page_id=8999"},"modified":"2021-11-09T11:47:50","modified_gmt":"2021-11-09T11:47:50","slug":"produkte-zur-schaedlingsbekaempfung","status":"publish","type":"page","link":"https:\/\/wp.gestiondecompras.com\/de\/produkte\/produkte-zur-schaedlingsbekaempfung\/","title":{"rendered":"Produkte zur Sch\u00e4dlingsbek\u00e4mpfung"},"content":{"rendered":"[spb_row element_name=&#8220;Row&#8220; wrap_type=&#8220;content-width&#8220; parallax_image_height=&#8220;content-height&#8220; parallax_image_movement=&#8220;fixed&#8220; parallax_image_speed=&#8220;0.5&#8243; bg_video_loop=&#8220;yes&#8220; parallax_video_height=&#8220;window-height&#8220; parallax_video_overlay=&#8220;none&#8220; row_overlay_opacity=&#8220;0&#8243; row_col_pos=&#8220;default&#8220; width=&#8220;1\/1&#8243; el_position=&#8220;first last&#8220;] [spb_column col_sm=&#8220;12&#8243; col_animation=&#8220;none&#8220; col_animation_delay=&#8220;0&#8243; col_bg_type=&#8220;cover&#8220; col_parallax_image_movement=&#8220;fixed&#8220; col_parallax_image_speed=&#8220;0.5&#8243; col_padding=&#8220;0&#8243; col_vertical_offset=&#8220;0&#8243; col_horizontal_offset=&#8220;0&#8243; col_custom_zindex=&#8220;0&#8243; simplified_controls=&#8220;yes&#8220; custom_css_percentage=&#8220;no&#8220; padding_vertical=&#8220;0&#8243; padding_horizontal=&#8220;0&#8243; margin_vertical=&#8220;0&#8243; custom_css=&#8220;margin-top: 0px;margin-bottom: 0px;&#8220; border_styling_global=&#8220;default&#8220; width=&#8220;1\/1&#8243; el_position=&#8220;first last&#8220;] [spb_text_block animation=&#8220;none&#8220; animation_delay=&#8220;0&#8243; simplified_controls=&#8220;yes&#8220; custom_css_percentage=&#8220;no&#8220; padding_vertical=&#8220;0&#8243; padding_horizontal=&#8220;0&#8243; margin_vertical=&#8220;0&#8243; custom_css=&#8220;margin-top: 0px;margin-bottom: 0px;&#8220; border_size=&#8220;0&#8243; border_styling_global=&#8220;default&#8220; width=&#8220;3\/4&#8243; el_position=&#8220;first&#8220;]\n<p>Gesti\u00f3n de Compras hat einen breiten Katalog an Artikeln zur Sch\u00e4dlingsbek\u00e4mpfung: Antimalaria-Spikes (aus Polycarbonat), K\u00e4fige, Netze, Fallen usw.<\/p>\n[\/spb_text_block] [spb_text_block animation=&#8220;none&#8220; animation_delay=&#8220;0&#8243; simplified_controls=&#8220;yes&#8220; custom_css_percentage=&#8220;no&#8220; padding_vertical=&#8220;0&#8243; padding_horizontal=&#8220;0&#8243; margin_vertical=&#8220;0&#8243; custom_css=&#8220;margin-top: 0px;margin-bottom: 0px;&#8220; border_size=&#8220;0&#8243; border_styling_global=&#8220;default&#8220; width=&#8220;1\/4&#8243; el_position=&#8220;last&#8220;]\n\n[\/spb_text_block] [spb_text_block animation=&#8220;none&#8220; animation_delay=&#8220;0&#8243; simplified_controls=&#8220;yes&#8220; custom_css_percentage=&#8220;no&#8220; padding_vertical=&#8220;0&#8243; padding_horizontal=&#8220;0&#8243; margin_vertical=&#8220;0&#8243; custom_css=&#8220;margin-top: 0px;margin-bottom: 0px;&#8220; border_size=&#8220;0&#8243; border_styling_global=&#8220;default&#8220; width=&#8220;1\/1&#8243; el_position=&#8220;first last&#8220;]\n<hr style=\"background-color: #0098aa; height: 1px;\" \/>\n[\/spb_text_block] [\/spb_column] [\/spb_row] [spb_row element_name=&#8220;Row&#8220; wrap_type=&#8220;content-width&#8220; parallax_image_height=&#8220;content-height&#8220; parallax_image_movement=&#8220;fixed&#8220; parallax_image_speed=&#8220;0.5&#8243; bg_video_loop=&#8220;yes&#8220; parallax_video_height=&#8220;window-height&#8220; parallax_video_overlay=&#8220;none&#8220; row_overlay_opacity=&#8220;0&#8243; row_col_pos=&#8220;default&#8220; width=&#8220;1\/1&#8243; el_position=&#8220;first last&#8220;] [spb_column col_sm=&#8220;12&#8243; padding_horizontal=&#8220;0&#8243; width=&#8220;1\/1&#8243; el_position=&#8220;first last&#8220;] [spb_boxed_content type=&#8220;coloured&#8220; box_link_target=&#8220;_self&#8220; padding_vertical=&#8220;0&#8243; padding_horizontal=&#8220;0&#8243; width=&#8220;1\/1&#8243; el_position=&#8220;first last&#8220;]\n<h2 style=\"text-align: center;\"><strong>Produkte zur Sch\u00e4dlingsbek\u00e4mpfung<\/strong><\/h2>\n<div class=\"horizontal-break bold\"> <\/div>\n[\/spb_boxed_content] [\/spb_column] [spb_column col_sm=&#8220;12&#8243; padding_horizontal=&#8220;0&#8243; width=&#8220;1\/1&#8243; el_position=&#8220;first last&#8220;] [spb_boxed_content type=&#8220;coloured&#8220; box_link_target=&#8220;_self&#8220; padding_vertical=&#8220;0&#8243; padding_horizontal=&#8220;0&#8243; width=&#8220;1\/1&#8243; el_position=&#8220;first last&#8220;]\n<p style=\"text-align: justify;\">Wenn wir von Sch\u00e4dlingen sprechen, meinen wir eine Reihe von tierischen oder pflanzlichen Organismen, die in der Lage sind, bei einem gro\u00dfen Teil der Bev\u00f6lkerung Schaden oder Ungl\u00fcck zu verursachen.<\/p>\n<p style=\"text-align: justify;\">Eine gute Sch\u00e4dlingsbek\u00e4mpfung verhindert das Vorhandensein dieser Organismen, die Ernten zerst\u00f6ren, Eigenschaften besch\u00e4digen oder unser t\u00e4gliches Leben erschweren k\u00f6nnen.<\/p>\n<p style=\"text-align: justify;\">Einige der h\u00e4ufigsten Sch\u00e4dlinge, die wir finden k\u00f6nnen, sind Insekten (Termiten, Kakerlaken, Ameisen, Fl\u00f6he oder Fliegen), V\u00f6gel, Ratten oder Maulw\u00fcrfe.<\/p>\n[\/spb_boxed_content] [\/spb_column] [spb_boxed_content type=&#8220;coloured&#8220; box_link_target=&#8220;_self&#8220; padding_vertical=&#8220;0&#8243; padding_horizontal=&#8220;0&#8243; width=&#8220;1\/1&#8243; el_position=&#8220;first last&#8220;]\n<h2 style=\"text-align: center;\"><strong>Schritte, die bei einer Sch\u00e4dlingsbek\u00e4mpfung zu befolgen sind<\/strong><\/h2>\n<div class=\"horizontal-break bold\"> <\/div>\n[\/spb_boxed_content] [spb_column col_sm=&#8220;12&#8243; padding_horizontal=&#8220;0&#8243; width=&#8220;1\/1&#8243; el_position=&#8220;first last&#8220;] [spb_boxed_content type=&#8220;coloured&#8220; box_link_target=&#8220;_self&#8220; padding_vertical=&#8220;0&#8243; padding_horizontal=&#8220;0&#8243; width=&#8220;1\/1&#8243; el_position=&#8220;first last&#8220;]\n<p style=\"text-align: justify;\">Damit eine Sch\u00e4dlingsbek\u00e4mpfung effektiv sein kann, m\u00fcssen wir eine Reihe von Schritten befolgen:<\/p>\n<ul style=\"text-align: justify;\">\n<li>Identifizieren Sie den Organismus, um seinen Ursprung, seine Zuflucht und daher die effektivsten Methoden zu untersuchen, um ihn zu beenden.<\/li>\n<li>Bewerten Sie die m\u00f6glichen Strategien zur Anwendung.<\/li>\n<li>Verfolgen und kontrollieren Sie die Methoden, f\u00fcr die wir uns entschieden haben.<\/li>\n<\/ul>\n<h3 style=\"text-align: justify;\"><strong>Je nach K\u00f6rper<\/strong><\/h3>\n<p style=\"text-align: justify;\">Je nach K\u00f6rper, dem wir gegen\u00fcberstehen, f\u00fchren wir verschiedene Verfahren durch, wie zum Beispiel:<\/p>\n<ul style=\"text-align: justify;\">\n<li><strong>Desinfektion:<\/strong>\u00a0Beinhaltet die Zerst\u00f6rung von pathogenen Mikroorganismen.<\/li>\n<li><strong>Desinsektion<\/strong>\u00a0: Zur Bek\u00e4mpfung oder Beseitigung aller Arten von Insekten.<\/li>\n<li><strong>Deratisierung<\/strong>\u00a0: Zur Beseitigung von Nagetieren jeglicher Art.\u00a0Wir k\u00f6nnen zwei Arten verwenden:<\/li>\n<\/ul>\n<ul>\n<li style=\"text-align: justify;\">\n<ul>\n<li>Passive Deratisierung: verschiedene Methoden, die das Eindringen von Nagetieren in Geb\u00e4ude oder H\u00e4user verhindern.<\/li>\n<li>Aktive Deratisierung: Es werden chemische und biologische Methoden verwendet.<\/li>\n<\/ul>\n<\/li>\n<li style=\"text-align: justify;\"><strong>Begasung<\/strong>\u00a0: Ist die effektivste Methode, um Sch\u00e4dlinge zu beseitigen.\u00a0Sind chemische Stoffe, die in gasf\u00f6rmiger Form vorkommen.<\/li>\n<\/ul>\n[\/spb_boxed_content] [\/spb_column] [\/spb_row]\n","protected":false},"excerpt":{"rendered":"<p>[spb_row element_name=&#8220;Row&#8220; wrap_type=&#8220;content-width&#8220; parallax_image_height=&#8220;content-height&#8220; parallax_image_movement=&#8220;fixed&#8220; parallax_image_speed=&#8220;0.5&#8243; bg_video_loop=&#8220;yes&#8220; parallax_video_height=&#8220;window-height&#8220; parallax_video_overlay=&#8220;none&#8220; row_overlay_opacity=&#8220;0&#8243; row_col_pos=&#8220;default&#8220; width=&#8220;1\/1&#8243; el_position=&#8220;first last&#8220;] [spb_column col_sm=&#8220;12&#8243; col_animation=&#8220;none&#8220; col_animation_delay=&#8220;0&#8243; col_bg_type=&#8220;cover&#8220; col_parallax_image_movement=&#8220;fixed&#8220; col_parallax_image_speed=&#8220;0.5&#8243; col_padding=&#8220;0&#8243; col_vertical_offset=&#8220;0&#8243; col_horizontal_offset=&#8220;0&#8243; col_custom_zindex=&#8220;0&#8243; simplified_controls=&#8220;yes&#8220; custom_css_percentage=&#8220;no&#8220; padding_vertical=&#8220;0&#8243; padding_horizontal=&#8220;0&#8243; margin_vertical=&#8220;0&#8243; custom_css=&#8220;margin-top: 0px;margin-bottom: 0px;&#8220; border_styling_global=&#8220;default&#8220; width=&#8220;1\/1&#8243; el_position=&#8220;first last&#8220;] [spb_text_block animation=&#8220;none&#8220; animation_delay=&#8220;0&#8243; simplified_controls=&#8220;yes&#8220; custom_css_percentage=&#8220;no&#8220; padding_vertical=&#8220;0&#8243; padding_horizontal=&#8220;0&#8243; margin_vertical=&#8220;0&#8243; custom_css=&#8220;margin-top: 0px;margin-bottom: 0px;&#8220; border_size=&#8220;0&#8243; border_styling_global=&#8220;default&#8220; width=&#8220;3\/4&#8243; el_position=&#8220;first&#8220;] Gesti\u00f3n de Compras hat einen breiten Katalog an [&hellip;]<\/p>\n","protected":false},"author":3,"featured_media":5840,"parent":8647,"menu_order":0,"comment_status":"closed","ping_status":"closed","template":"page-products-category.php","meta":{"footnotes":""},"yoast_head":"<!-- This site is optimized with the Yoast SEO plugin v22.4 - https:\/\/yoast.com\/wordpress\/plugins\/seo\/ -->\n<title>Produkte zur Sch\u00e4dlingsbek\u00e4mpfung - Gesti\u00f3n De Compras<\/title>\n<meta name=\"description\" content=\"Gesti\u00f3n de Compras hat einen breiten Katalog an Artikeln zur Sch\u00e4dlingsbek\u00e4mpfung: Antimalaria-Spikes (aus Polycarbonat), K\u00e4fige, Netze, Fallen usw.\" \/>\n<meta name=\"robots\" content=\"index, follow, max-snippet:-1, max-image-preview:large, max-video-preview:-1\" \/>\n<link rel=\"canonical\" href=\"https:\/\/wp.gestiondecompras.com\/de\/produkte\/produkte-zur-schaedlingsbekaempfung\/\" \/>\n<meta property=\"og:locale\" content=\"de_DE\" \/>\n<meta property=\"og:type\" content=\"article\" \/>\n<meta property=\"og:title\" content=\"Produkte zur Sch\u00e4dlingsbek\u00e4mpfung - Gesti\u00f3n De Compras\" \/>\n<meta property=\"og:description\" content=\"Gesti\u00f3n de Compras hat einen breiten Katalog an Artikeln zur Sch\u00e4dlingsbek\u00e4mpfung: Antimalaria-Spikes (aus Polycarbonat), K\u00e4fige, Netze, Fallen usw.\" \/>\n<meta property=\"og:url\" content=\"https:\/\/wp.gestiondecompras.com\/de\/produkte\/produkte-zur-schaedlingsbekaempfung\/\" \/>\n<meta property=\"og:site_name\" content=\"Gesti\u00f3n De Compras\" \/>\n<meta property=\"article:modified_time\" content=\"2021-11-09T11:47:50+00:00\" \/>\n<meta property=\"og:image\" content=\"https:\/\/wp.gestiondecompras.com\/wp-content\/uploads\/2021\/07\/aves.jpg\" \/>\n\t<meta property=\"og:image:width\" content=\"640\" \/>\n\t<meta property=\"og:image:height\" content=\"426\" \/>\n\t<meta property=\"og:image:type\" content=\"image\/jpeg\" \/>\n<meta name=\"twitter:card\" content=\"summary_large_image\" \/>\n<meta name=\"twitter:label1\" content=\"Gesch\u00e4tzte Lesezeit\" \/>\n\t<meta name=\"twitter:data1\" content=\"3\u00a0Minuten\" \/>\n<script type=\"application\/ld+json\" class=\"yoast-schema-graph\">{\"@context\":\"https:\/\/schema.org\",\"@graph\":[{\"@type\":\"WebPage\",\"@id\":\"https:\/\/wp.gestiondecompras.com\/de\/produkte\/produkte-zur-schaedlingsbekaempfung\/\",\"url\":\"https:\/\/wp.gestiondecompras.com\/de\/produkte\/produkte-zur-schaedlingsbekaempfung\/\",\"name\":\"Produkte zur Sch\u00e4dlingsbek\u00e4mpfung - Gesti\u00f3n De Compras\",\"isPartOf\":{\"@id\":\"https:\/\/wp.gestiondecompras.com\/de\/#website\"},\"primaryImageOfPage\":{\"@id\":\"https:\/\/wp.gestiondecompras.com\/de\/produkte\/produkte-zur-schaedlingsbekaempfung\/#primaryimage\"},\"image\":{\"@id\":\"https:\/\/wp.gestiondecompras.com\/de\/produkte\/produkte-zur-schaedlingsbekaempfung\/#primaryimage\"},\"thumbnailUrl\":\"https:\/\/wp.gestiondecompras.com\/wp-content\/uploads\/2021\/07\/aves.jpg\",\"datePublished\":\"2021-05-11T11:46:18+00:00\",\"dateModified\":\"2021-11-09T11:47:50+00:00\",\"description\":\"Gesti\u00f3n de Compras hat einen breiten Katalog an Artikeln zur Sch\u00e4dlingsbek\u00e4mpfung: Antimalaria-Spikes (aus Polycarbonat), K\u00e4fige, Netze, Fallen usw.\",\"breadcrumb\":{\"@id\":\"https:\/\/wp.gestiondecompras.com\/de\/produkte\/produkte-zur-schaedlingsbekaempfung\/#breadcrumb\"},\"inLanguage\":\"de\",\"potentialAction\":[{\"@type\":\"ReadAction\",\"target\":[\"https:\/\/wp.gestiondecompras.com\/de\/produkte\/produkte-zur-schaedlingsbekaempfung\/\"]}]},{\"@type\":\"ImageObject\",\"inLanguage\":\"de\",\"@id\":\"https:\/\/wp.gestiondecompras.com\/de\/produkte\/produkte-zur-schaedlingsbekaempfung\/#primaryimage\",\"url\":\"https:\/\/wp.gestiondecompras.com\/wp-content\/uploads\/2021\/07\/aves.jpg\",\"contentUrl\":\"https:\/\/wp.gestiondecompras.com\/wp-content\/uploads\/2021\/07\/aves.jpg\",\"width\":640,\"height\":426,\"caption\":\"V\u00f6gel2\"},{\"@type\":\"BreadcrumbList\",\"@id\":\"https:\/\/wp.gestiondecompras.com\/de\/produkte\/produkte-zur-schaedlingsbekaempfung\/#breadcrumb\",\"itemListElement\":[{\"@type\":\"ListItem\",\"position\":1,\"name\":\"Heim\",\"item\":\"https:\/\/wp.gestiondecompras.com\/de\/\"},{\"@type\":\"ListItem\",\"position\":2,\"name\":\"Produkte\",\"item\":\"https:\/\/wp.gestiondecompras.com\/de\/productos\/\"},{\"@type\":\"ListItem\",\"position\":3,\"name\":\"Produkte zur Sch\u00e4dlingsbek\u00e4mpfung\"}]},{\"@type\":\"WebSite\",\"@id\":\"https:\/\/wp.gestiondecompras.com\/de\/#website\",\"url\":\"https:\/\/wp.gestiondecompras.com\/de\/\",\"name\":\"Gesti\u00f3n De Compras\",\"description\":\"Sourcing Internacional\",\"potentialAction\":[{\"@type\":\"SearchAction\",\"target\":{\"@type\":\"EntryPoint\",\"urlTemplate\":\"https:\/\/wp.gestiondecompras.com\/de\/?s={search_term_string}\"},\"query-input\":\"required name=search_term_string\"}],\"inLanguage\":\"de\"}]}<\/script>\n<!-- \/ Yoast SEO plugin. -->","yoast_head_json":{"title":"Produkte zur Sch\u00e4dlingsbek\u00e4mpfung - Gesti\u00f3n De Compras","description":"Gesti\u00f3n de Compras hat einen breiten Katalog an Artikeln zur Sch\u00e4dlingsbek\u00e4mpfung: Antimalaria-Spikes (aus Polycarbonat), K\u00e4fige, Netze, Fallen usw.","robots":{"index":"index","follow":"follow","max-snippet":"max-snippet:-1","max-image-preview":"max-image-preview:large","max-video-preview":"max-video-preview:-1"},"canonical":"https:\/\/wp.gestiondecompras.com\/de\/produkte\/produkte-zur-schaedlingsbekaempfung\/","og_locale":"de_DE","og_type":"article","og_title":"Produkte zur Sch\u00e4dlingsbek\u00e4mpfung - Gesti\u00f3n De Compras","og_description":"Gesti\u00f3n de Compras hat einen breiten Katalog an Artikeln zur Sch\u00e4dlingsbek\u00e4mpfung: Antimalaria-Spikes (aus Polycarbonat), K\u00e4fige, Netze, Fallen usw.","og_url":"https:\/\/wp.gestiondecompras.com\/de\/produkte\/produkte-zur-schaedlingsbekaempfung\/","og_site_name":"Gesti\u00f3n De Compras","article_modified_time":"2021-11-09T11:47:50+00:00","og_image":[{"width":640,"height":426,"url":"https:\/\/wp.gestiondecompras.com\/wp-content\/uploads\/2021\/07\/aves.jpg","type":"image\/jpeg"}],"twitter_card":"summary_large_image","twitter_misc":{"Gesch\u00e4tzte Lesezeit":"3\u00a0Minuten"},"schema":{"@context":"https:\/\/schema.org","@graph":[{"@type":"WebPage","@id":"https:\/\/wp.gestiondecompras.com\/de\/produkte\/produkte-zur-schaedlingsbekaempfung\/","url":"https:\/\/wp.gestiondecompras.com\/de\/produkte\/produkte-zur-schaedlingsbekaempfung\/","name":"Produkte zur Sch\u00e4dlingsbek\u00e4mpfung - Gesti\u00f3n De Compras","isPartOf":{"@id":"https:\/\/wp.gestiondecompras.com\/de\/#website"},"primaryImageOfPage":{"@id":"https:\/\/wp.gestiondecompras.com\/de\/produkte\/produkte-zur-schaedlingsbekaempfung\/#primaryimage"},"image":{"@id":"https:\/\/wp.gestiondecompras.com\/de\/produkte\/produkte-zur-schaedlingsbekaempfung\/#primaryimage"},"thumbnailUrl":"https:\/\/wp.gestiondecompras.com\/wp-content\/uploads\/2021\/07\/aves.jpg","datePublished":"2021-05-11T11:46:18+00:00","dateModified":"2021-11-09T11:47:50+00:00","description":"Gesti\u00f3n de Compras hat einen breiten Katalog an Artikeln zur Sch\u00e4dlingsbek\u00e4mpfung: Antimalaria-Spikes (aus Polycarbonat), K\u00e4fige, Netze, Fallen usw.","breadcrumb":{"@id":"https:\/\/wp.gestiondecompras.com\/de\/produkte\/produkte-zur-schaedlingsbekaempfung\/#breadcrumb"},"inLanguage":"de","potentialAction":[{"@type":"ReadAction","target":["https:\/\/wp.gestiondecompras.com\/de\/produkte\/produkte-zur-schaedlingsbekaempfung\/"]}]},{"@type":"ImageObject","inLanguage":"de","@id":"https:\/\/wp.gestiondecompras.com\/de\/produkte\/produkte-zur-schaedlingsbekaempfung\/#primaryimage","url":"https:\/\/wp.gestiondecompras.com\/wp-content\/uploads\/2021\/07\/aves.jpg","contentUrl":"https:\/\/wp.gestiondecompras.com\/wp-content\/uploads\/2021\/07\/aves.jpg","width":640,"height":426,"caption":"V\u00f6gel2"},{"@type":"BreadcrumbList","@id":"https:\/\/wp.gestiondecompras.com\/de\/produkte\/produkte-zur-schaedlingsbekaempfung\/#breadcrumb","itemListElement":[{"@type":"ListItem","position":1,"name":"Heim","item":"https:\/\/wp.gestiondecompras.com\/de\/"},{"@type":"ListItem","position":2,"name":"Produkte","item":"https:\/\/wp.gestiondecompras.com\/de\/productos\/"},{"@type":"ListItem","position":3,"name":"Produkte zur Sch\u00e4dlingsbek\u00e4mpfung"}]},{"@type":"WebSite","@id":"https:\/\/wp.gestiondecompras.com\/de\/#website","url":"https:\/\/wp.gestiondecompras.com\/de\/","name":"Gesti\u00f3n De Compras","description":"Sourcing Internacional","potentialAction":[{"@type":"SearchAction","target":{"@type":"EntryPoint","urlTemplate":"https:\/\/wp.gestiondecompras.com\/de\/?s={search_term_string}"},"query-input":"required name=search_term_string"}],"inLanguage":"de"}]}},"_links":{"self":[{"href":"https:\/\/wp.gestiondecompras.com\/de\/wp-json\/wp\/v2\/pages\/8999"}],"collection":[{"href":"https:\/\/wp.gestiondecompras.com\/de\/wp-json\/wp\/v2\/pages"}],"about":[{"href":"https:\/\/wp.gestiondecompras.com\/de\/wp-json\/wp\/v2\/types\/page"}],"author":[{"embeddable":true,"href":"https:\/\/wp.gestiondecompras.com\/de\/wp-json\/wp\/v2\/users\/3"}],"replies":[{"embeddable":true,"href":"https:\/\/wp.gestiondecompras.com\/de\/wp-json\/wp\/v2\/comments?post=8999"}],"version-history":[{"count":3,"href":"https:\/\/wp.gestiondecompras.com\/de\/wp-json\/wp\/v2\/pages\/8999\/revisions"}],"predecessor-version":[{"id":10505,"href":"https:\/\/wp.gestiondecompras.com\/de\/wp-json\/wp\/v2\/pages\/8999\/revisions\/10505"}],"up":[{"embeddable":true,"href":"https:\/\/wp.gestiondecompras.com\/de\/wp-json\/wp\/v2\/pages\/8647"}],"wp:featuredmedia":[{"embeddable":true,"href":"https:\/\/wp.gestiondecompras.com\/de\/wp-json\/wp\/v2\/media\/5840"}],"wp:attachment":[{"href":"https:\/\/wp.gestiondecompras.com\/de\/wp-json\/wp\/v2\/media?parent=8999"}],"curies":[{"name":"wp","href":"https:\/\/api.w.org\/{rel}","templated":true}]}}