{"id":8996,"date":"2021-05-11T14:18:34","date_gmt":"2021-05-11T14:18:34","guid":{"rendered":"https:\/\/wp.gestiondecompras.com\/?page_id=8996"},"modified":"2021-11-09T11:51:59","modified_gmt":"2021-11-09T11:51:59","slug":"strassenverkehrssicherheit","status":"publish","type":"page","link":"https:\/\/wp.gestiondecompras.com\/de\/produkte\/strassenverkehrssicherheit\/","title":{"rendered":"Stra\u00dfenverkehrssicherheit"},"content":{"rendered":"[spb_row element_name=&#8220;Row&#8220; wrap_type=&#8220;content-width&#8220; parallax_image_height=&#8220;content-height&#8220; parallax_image_movement=&#8220;fixed&#8220; parallax_image_speed=&#8220;0.5&#8243; bg_video_loop=&#8220;yes&#8220; parallax_video_height=&#8220;window-height&#8220; parallax_video_overlay=&#8220;none&#8220; row_overlay_opacity=&#8220;0&#8243; row_col_pos=&#8220;default&#8220; width=&#8220;1\/1&#8243; el_position=&#8220;first last&#8220;] [spb_column col_sm=&#8220;12&#8243; col_animation=&#8220;none&#8220; col_animation_delay=&#8220;0&#8243; col_bg_type=&#8220;cover&#8220; col_parallax_image_movement=&#8220;fixed&#8220; col_parallax_image_speed=&#8220;0.5&#8243; col_padding=&#8220;0&#8243; col_vertical_offset=&#8220;0&#8243; col_horizontal_offset=&#8220;0&#8243; col_custom_zindex=&#8220;0&#8243; simplified_controls=&#8220;yes&#8220; custom_css_percentage=&#8220;no&#8220; padding_vertical=&#8220;0&#8243; padding_horizontal=&#8220;0&#8243; margin_vertical=&#8220;0&#8243; custom_css=&#8220;margin-top: 0px;margin-bottom: 0px;&#8220; border_styling_global=&#8220;default&#8220; width=&#8220;1\/1&#8243; el_position=&#8220;first last&#8220;] [spb_text_block animation=&#8220;none&#8220; animation_delay=&#8220;0&#8243; simplified_controls=&#8220;yes&#8220; custom_css_percentage=&#8220;no&#8220; padding_vertical=&#8220;0&#8243; padding_horizontal=&#8220;0&#8243; margin_vertical=&#8220;0&#8243; custom_css=&#8220;margin-top: 0px;margin-bottom: 0px;&#8220; border_size=&#8220;0&#8243; border_styling_global=&#8220;default&#8220; width=&#8220;3\/4&#8243; el_position=&#8220;first&#8220;]\n<p>Gesti\u00f3n de Compras liefert alle Arten von Produkten f\u00fcr die Verkehrssicherheit wie Schilder, Lichtsignalanlagen oder Baken.<\/p>\n[\/spb_text_block] [spb_text_block animation=&#8220;none&#8220; animation_delay=&#8220;0&#8243; simplified_controls=&#8220;yes&#8220; custom_css_percentage=&#8220;no&#8220; padding_vertical=&#8220;0&#8243; padding_horizontal=&#8220;0&#8243; margin_vertical=&#8220;0&#8243; custom_css=&#8220;margin-top: 0px;margin-bottom: 0px;&#8220; border_size=&#8220;0&#8243; border_styling_global=&#8220;default&#8220; width=&#8220;1\/4&#8243; el_position=&#8220;last&#8220;]\n\n[\/spb_text_block] [spb_text_block animation=&#8220;none&#8220; animation_delay=&#8220;0&#8243; simplified_controls=&#8220;yes&#8220; custom_css_percentage=&#8220;no&#8220; padding_vertical=&#8220;0&#8243; padding_horizontal=&#8220;0&#8243; margin_vertical=&#8220;0&#8243; custom_css=&#8220;margin-top: 0px;margin-bottom: 0px;&#8220; border_size=&#8220;0&#8243; border_styling_global=&#8220;default&#8220; width=&#8220;1\/1&#8243; el_position=&#8220;first last&#8220;]\n<hr style=\"background-color: #0098aa; height: 1px;\" \/>\n[\/spb_text_block] [\/spb_column] [\/spb_row] [spb_row element_name=&#8220;Row&#8220; wrap_type=&#8220;content-width&#8220; parallax_image_height=&#8220;content-height&#8220; parallax_image_movement=&#8220;fixed&#8220; parallax_image_speed=&#8220;0.5&#8243; bg_video_loop=&#8220;yes&#8220; parallax_video_height=&#8220;window-height&#8220; parallax_video_overlay=&#8220;none&#8220; row_overlay_opacity=&#8220;0&#8243; row_col_pos=&#8220;default&#8220; width=&#8220;1\/1&#8243; el_position=&#8220;first last&#8220;] [spb_column col_sm=&#8220;12&#8243; col_animation=&#8220;none&#8220; col_animation_delay=&#8220;0&#8243; col_bg_type=&#8220;cover&#8220; col_parallax_image_movement=&#8220;fixed&#8220; col_parallax_image_speed=&#8220;0.5&#8243; col_padding=&#8220;0&#8243; col_vertical_offset=&#8220;0&#8243; col_horizontal_offset=&#8220;0&#8243; col_custom_zindex=&#8220;0&#8243; simplified_controls=&#8220;yes&#8220; custom_css_percentage=&#8220;no&#8220; padding_vertical=&#8220;0&#8243; padding_horizontal=&#8220;0&#8243; margin_vertical=&#8220;15&#8243; custom_css=&#8220;margin-top: 15px;margin-bottom: 15px;&#8220; border_styling_global=&#8220;default&#8220; width=&#8220;1\/1&#8243; el_position=&#8220;first last&#8220;] [spb_text_block animation=&#8220;none&#8220; animation_delay=&#8220;0&#8243; simplified_controls=&#8220;yes&#8220; custom_css_percentage=&#8220;no&#8220; padding_vertical=&#8220;0&#8243; padding_horizontal=&#8220;0&#8243; margin_vertical=&#8220;0&#8243; custom_css=&#8220;margin-top: 0px;margin-bottom: 0px;&#8220; border_size=&#8220;0&#8243; border_styling_global=&#8220;default&#8220; width=&#8220;1\/1&#8243; el_position=&#8220;first last&#8220;]\n<p style=\"text-align: justify;\">Wie bei jedem Verkehrsleitger\u00e4t sollte ein Verkehrszeichen f\u00fcnf grundlegende Anforderungen erf\u00fcllen, n\u00e4mlich: ein Bed\u00fcrfnis erf\u00fcllen, Aufmerksamkeit erregen, eine klare, einfache Bedeutung vermitteln, den Verkehrsteilnehmern Respekt einfl\u00f6\u00dfen und ausreichend Zeit f\u00fcr eine angemessene Reaktion einr\u00e4umen.<\/p>\n[\/spb_text_block] [\/spb_column] [spb_blank_spacer height=&#8220;30px&#8220; width=&#8220;1\/1&#8243; el_position=&#8220;first last&#8220;] [\/spb_row] [spb_row element_name=&#8220;Row&#8220; wrap_type=&#8220;full-width-contained&#8220; row_bg_type=&#8220;image&#8220; row_bg_color=&#8220;#242424&#8243; color_row_height=&#8220;content-height&#8220; bg_image=&#8220;1668&#8243; bg_type=&#8220;cover&#8220; parallax_image_height=&#8220;content-height&#8220; parallax_image_movement=&#8220;scroll&#8220; parallax_image_speed=&#8220;standard&#8220; bg_video_loop=&#8220;yes&#8220; parallax_video_height=&#8220;window-height&#8220; row_top_style=&#8220;none&#8220; row_bottom_style=&#8220;none&#8220; parallax_video_overlay=&#8220;none&#8220; row_overlay_opacity=&#8220;0&#8243; remove_element_spacing=&#8220;no&#8220; row_col_spacing=&#8220;0&#8243; row_col_pos=&#8220;default&#8220; row_col_equal_heights=&#8220;no&#8220; row_expanding=&#8220;no&#8220; row_animation=&#8220;none&#8220; row_animation_delay=&#8220;0&#8243; minimize_row=&#8220;no&#8220; simplified_controls=&#8220;yes&#8220; custom_css_percentage=&#8220;no&#8220; custom_css=&#8220;margin-top: 0px;margin-bottom: 0px;&#8220; border_styling_global=&#8220;default&#8220; width=&#8220;1\/1&#8243; el_position=&#8220;first last&#8220;] [spb_column col_xs=&#8220;12&#8243; col_sm=&#8220;12&#8243; col_md=&#8220;8&#8243; col_lg=&#8220;8&#8243; col_animation=&#8220;none&#8220; col_animation_delay=&#8220;0&#8243; col_bg_color=&#8220;#242424&#8243; col_bg_type=&#8220;cover&#8220; col_parallax_image_movement=&#8220;fixed&#8220; col_parallax_image_speed=&#8220;0.5&#8243; col_padding=&#8220;0&#8243; col_vertical_offset=&#8220;0&#8243; col_horizontal_offset=&#8220;0&#8243; col_custom_zindex=&#8220;0&#8243; simplified_controls=&#8220;yes&#8220; custom_css_percentage=&#8220;no&#8220; padding_vertical=&#8220;20&#8243; padding_horizontal=&#8220;20&#8243; margin_vertical=&#8220;0&#8243; custom_css=&#8220;margin-top: 0px;margin-bottom: 0px;padding-top: 20px;padding-left: 20px;padding-right: 20px;padding-bottom: 20px;&#8220; border_styling_global=&#8220;default&#8220; width=&#8220;1\/1&#8243; el_position=&#8220;first last&#8220;] [spb_text_block animation=&#8220;none&#8220; animation_delay=&#8220;0&#8243; simplified_controls=&#8220;yes&#8220; custom_css_percentage=&#8220;no&#8220; padding_vertical=&#8220;0&#8243; padding_horizontal=&#8220;0&#8243; margin_vertical=&#8220;0&#8243; custom_css=&#8220;margin-top: 0px;margin-bottom: 0px;&#8220; border_size=&#8220;0&#8243; border_styling_global=&#8220;default&#8220; width=&#8220;1\/1&#8243; el_position=&#8220;first last&#8220;]\n<h2><strong>Arten von Verkehrszeichen<br \/>\n<\/strong><\/h2>\n<hr \/>\n<p><span style=\"color: #ffffff;\">Entsprechend ihrer Funktion gibt es acht Klassen von Zeichen: Gefahrenwarnzeichen, Priorit\u00e4tszeichen, Verbots- oder Beschr\u00e4nkungszeichen, Gebotszeichen, Sonderregelungszeichen, Hinweis-\/Einrichtungs- oder Servicezeichen, Richtungs-, Positions- oder Hinweiszeichen und Zusatztafeln.<\/span><\/p>\n<p><span style=\"color: #ffffff;\">Entsprechend ihrer Platzierung finden wir drei Klassen: Horizontale Verkehrszeichen, Vertikale Verkehrszeichen und Stra\u00dfensperrungen.<\/span><\/p>\n<dl>\n<dt>\n<h3><strong>Horizontale Verkehrszeichen<\/strong><\/h3>\n<\/dt>\n<dd><span style=\"color: #ffffff;\">Sie sind die Signalelemente, die sich auf der Stra\u00dfenoberfl\u00e4che befinden.\u00a0Sie sind eine Erg\u00e4nzung der vertikalen Signalisierung und ihre Hauptfunktion besteht darin, den Verkehr zu lenken.\u00a0Eine besondere Art von horizontalen Schildern sind Fahrschwellen, Kabelschutz, Radstopper, Eckenschutz, Leitpfosten, \u2026<\/span><\/dd>\n<dt>\n<h3><strong>Vertikale Verkehrszeichen<\/strong><\/h3>\n<\/dt>\n<dd><span style=\"color: #ffffff;\">Diese Art der Signalisierung ist die wichtigste und hat Vorrang vor der Horizontalen.\u00a0Diese Gruppe besteht aus Warnschildern, Ordnungsschildern und Hinweisschildern.\u00a0Auch Ampeln und Spiegel z\u00e4hlen zu dieser Gruppe.<\/span><\/dd>\n<dt>\n<h3><strong>Stra\u00dfensperrungen<\/strong><\/h3>\n<\/dt>\n<dd><span style=\"color: #ffffff;\">Sie sind Elemente, deren Zweck es ist, die Durchfahrt von Fahrzeugen durch bestimmte Bereiche zu beschr\u00e4nken oder zu leiten.\u00a0Grunds\u00e4tzlich werden sie in Barrieren, Beacons, Landmarks und Cones eingeteilt.<\/span><\/dd>\n<\/dl>\n<p><span style=\"color: #ffffff;\">Gesti\u00f3n de Compras ist spezialisiert auf Sicherheitsprodukte f\u00fcr den Stra\u00dfen- und Personenschutz wie Leitkegel, Warndreiecke, Stra\u00dfenschalter, Geschwindigkeitsschwellen, Kabelschutz, Stra\u00dfenbolzen, Warnlampen, Solarschilder, Werbetafeln, Blendschutztafeln, Sicherheitsz\u00e4une, Warnung B\u00e4nder, Alarmleuchten, Ampelanh\u00e4nger, Kollisionswarnf\u00e4sser, Warnwesten, Warntafeln, Verkehrsschilder, Solarenergie-Kennzeichnungsstreifen, Ampellampen, Gummiwarns\u00e4ulen, Verkehrsschranken, Kollisionsvermeidungsf\u00e4sser, Parkschl\u00f6sser, Eckensch\u00fctzer, Solar Stra\u00dfenlichter, \u2026<\/span><\/p>\n[\/spb_text_block] [\/spb_column] [\/spb_row]\n","protected":false},"excerpt":{"rendered":"<p>[spb_row element_name=&#8220;Row&#8220; wrap_type=&#8220;content-width&#8220; parallax_image_height=&#8220;content-height&#8220; parallax_image_movement=&#8220;fixed&#8220; parallax_image_speed=&#8220;0.5&#8243; bg_video_loop=&#8220;yes&#8220; parallax_video_height=&#8220;window-height&#8220; parallax_video_overlay=&#8220;none&#8220; row_overlay_opacity=&#8220;0&#8243; row_col_pos=&#8220;default&#8220; width=&#8220;1\/1&#8243; el_position=&#8220;first last&#8220;] [spb_column col_sm=&#8220;12&#8243; col_animation=&#8220;none&#8220; col_animation_delay=&#8220;0&#8243; col_bg_type=&#8220;cover&#8220; col_parallax_image_movement=&#8220;fixed&#8220; col_parallax_image_speed=&#8220;0.5&#8243; col_padding=&#8220;0&#8243; col_vertical_offset=&#8220;0&#8243; col_horizontal_offset=&#8220;0&#8243; col_custom_zindex=&#8220;0&#8243; simplified_controls=&#8220;yes&#8220; custom_css_percentage=&#8220;no&#8220; padding_vertical=&#8220;0&#8243; padding_horizontal=&#8220;0&#8243; margin_vertical=&#8220;0&#8243; custom_css=&#8220;margin-top: 0px;margin-bottom: 0px;&#8220; border_styling_global=&#8220;default&#8220; width=&#8220;1\/1&#8243; el_position=&#8220;first last&#8220;] [spb_text_block animation=&#8220;none&#8220; animation_delay=&#8220;0&#8243; simplified_controls=&#8220;yes&#8220; custom_css_percentage=&#8220;no&#8220; padding_vertical=&#8220;0&#8243; padding_horizontal=&#8220;0&#8243; margin_vertical=&#8220;0&#8243; custom_css=&#8220;margin-top: 0px;margin-bottom: 0px;&#8220; border_size=&#8220;0&#8243; border_styling_global=&#8220;default&#8220; width=&#8220;3\/4&#8243; el_position=&#8220;first&#8220;] Gesti\u00f3n de Compras liefert alle Arten von Produkten [&hellip;]<\/p>\n","protected":false},"author":3,"featured_media":1667,"parent":8647,"menu_order":0,"comment_status":"closed","ping_status":"closed","template":"page-products-category.php","meta":{"footnotes":""},"yoast_head":"<!-- This site is optimized with the Yoast SEO plugin v22.4 - https:\/\/yoast.com\/wordpress\/plugins\/seo\/ -->\n<title>Stra\u00dfenverkehrssicherheit - Gesti\u00f3n De Compras<\/title>\n<meta name=\"description\" content=\"Gesti\u00f3n de Compras liefert alle Arten von Produkten f\u00fcr die Verkehrssicherheit wie Schilder, Lichtsignalanlagen oder Baken.\" \/>\n<meta name=\"robots\" content=\"index, follow, max-snippet:-1, max-image-preview:large, max-video-preview:-1\" \/>\n<link rel=\"canonical\" href=\"https:\/\/wp.gestiondecompras.com\/de\/produkte\/strassenverkehrssicherheit\/\" \/>\n<meta property=\"og:locale\" content=\"de_DE\" \/>\n<meta property=\"og:type\" content=\"article\" \/>\n<meta property=\"og:title\" content=\"Stra\u00dfenverkehrssicherheit - Gesti\u00f3n De Compras\" \/>\n<meta property=\"og:description\" content=\"Gesti\u00f3n de Compras liefert alle Arten von Produkten f\u00fcr die Verkehrssicherheit wie Schilder, Lichtsignalanlagen oder Baken.\" \/>\n<meta property=\"og:url\" content=\"https:\/\/wp.gestiondecompras.com\/de\/produkte\/strassenverkehrssicherheit\/\" \/>\n<meta property=\"og:site_name\" content=\"Gesti\u00f3n De Compras\" \/>\n<meta property=\"article:modified_time\" content=\"2021-11-09T11:51:59+00:00\" \/>\n<meta property=\"og:image\" content=\"https:\/\/wp.gestiondecompras.com\/wp-content\/uploads\/2021\/05\/pexels-pixabay-39080.jpg\" \/>\n\t<meta property=\"og:image:width\" content=\"640\" \/>\n\t<meta property=\"og:image:height\" content=\"427\" \/>\n\t<meta property=\"og:image:type\" content=\"image\/jpeg\" \/>\n<meta name=\"twitter:card\" content=\"summary_large_image\" \/>\n<meta name=\"twitter:label1\" content=\"Gesch\u00e4tzte Lesezeit\" \/>\n\t<meta name=\"twitter:data1\" content=\"4\u00a0Minuten\" \/>\n<script type=\"application\/ld+json\" class=\"yoast-schema-graph\">{\"@context\":\"https:\/\/schema.org\",\"@graph\":[{\"@type\":\"WebPage\",\"@id\":\"https:\/\/wp.gestiondecompras.com\/de\/produkte\/strassenverkehrssicherheit\/\",\"url\":\"https:\/\/wp.gestiondecompras.com\/de\/produkte\/strassenverkehrssicherheit\/\",\"name\":\"Stra\u00dfenverkehrssicherheit - Gesti\u00f3n De Compras\",\"isPartOf\":{\"@id\":\"https:\/\/wp.gestiondecompras.com\/de\/#website\"},\"primaryImageOfPage\":{\"@id\":\"https:\/\/wp.gestiondecompras.com\/de\/produkte\/strassenverkehrssicherheit\/#primaryimage\"},\"image\":{\"@id\":\"https:\/\/wp.gestiondecompras.com\/de\/produkte\/strassenverkehrssicherheit\/#primaryimage\"},\"thumbnailUrl\":\"https:\/\/wp.gestiondecompras.com\/wp-content\/uploads\/2021\/05\/pexels-pixabay-39080.jpg\",\"datePublished\":\"2021-05-11T14:18:34+00:00\",\"dateModified\":\"2021-11-09T11:51:59+00:00\",\"description\":\"Gesti\u00f3n de Compras liefert alle Arten von Produkten f\u00fcr die Verkehrssicherheit wie Schilder, Lichtsignalanlagen oder Baken.\",\"breadcrumb\":{\"@id\":\"https:\/\/wp.gestiondecompras.com\/de\/produkte\/strassenverkehrssicherheit\/#breadcrumb\"},\"inLanguage\":\"de\",\"potentialAction\":[{\"@type\":\"ReadAction\",\"target\":[\"https:\/\/wp.gestiondecompras.com\/de\/produkte\/strassenverkehrssicherheit\/\"]}]},{\"@type\":\"ImageObject\",\"inLanguage\":\"de\",\"@id\":\"https:\/\/wp.gestiondecompras.com\/de\/produkte\/strassenverkehrssicherheit\/#primaryimage\",\"url\":\"https:\/\/wp.gestiondecompras.com\/wp-content\/uploads\/2021\/05\/pexels-pixabay-39080.jpg\",\"contentUrl\":\"https:\/\/wp.gestiondecompras.com\/wp-content\/uploads\/2021\/05\/pexels-pixabay-39080.jpg\",\"width\":640,\"height\":427,\"caption\":\"se\u00f1ales\"},{\"@type\":\"BreadcrumbList\",\"@id\":\"https:\/\/wp.gestiondecompras.com\/de\/produkte\/strassenverkehrssicherheit\/#breadcrumb\",\"itemListElement\":[{\"@type\":\"ListItem\",\"position\":1,\"name\":\"Heim\",\"item\":\"https:\/\/wp.gestiondecompras.com\/de\/\"},{\"@type\":\"ListItem\",\"position\":2,\"name\":\"Produkte\",\"item\":\"https:\/\/wp.gestiondecompras.com\/de\/productos\/\"},{\"@type\":\"ListItem\",\"position\":3,\"name\":\"Stra\u00dfenverkehrssicherheit\"}]},{\"@type\":\"WebSite\",\"@id\":\"https:\/\/wp.gestiondecompras.com\/de\/#website\",\"url\":\"https:\/\/wp.gestiondecompras.com\/de\/\",\"name\":\"Gesti\u00f3n De Compras\",\"description\":\"Sourcing Internacional\",\"potentialAction\":[{\"@type\":\"SearchAction\",\"target\":{\"@type\":\"EntryPoint\",\"urlTemplate\":\"https:\/\/wp.gestiondecompras.com\/de\/?s={search_term_string}\"},\"query-input\":\"required name=search_term_string\"}],\"inLanguage\":\"de\"}]}<\/script>\n<!-- \/ Yoast SEO plugin. -->","yoast_head_json":{"title":"Stra\u00dfenverkehrssicherheit - Gesti\u00f3n De Compras","description":"Gesti\u00f3n de Compras liefert alle Arten von Produkten f\u00fcr die Verkehrssicherheit wie Schilder, Lichtsignalanlagen oder Baken.","robots":{"index":"index","follow":"follow","max-snippet":"max-snippet:-1","max-image-preview":"max-image-preview:large","max-video-preview":"max-video-preview:-1"},"canonical":"https:\/\/wp.gestiondecompras.com\/de\/produkte\/strassenverkehrssicherheit\/","og_locale":"de_DE","og_type":"article","og_title":"Stra\u00dfenverkehrssicherheit - Gesti\u00f3n De Compras","og_description":"Gesti\u00f3n de Compras liefert alle Arten von Produkten f\u00fcr die Verkehrssicherheit wie Schilder, Lichtsignalanlagen oder Baken.","og_url":"https:\/\/wp.gestiondecompras.com\/de\/produkte\/strassenverkehrssicherheit\/","og_site_name":"Gesti\u00f3n De Compras","article_modified_time":"2021-11-09T11:51:59+00:00","og_image":[{"width":640,"height":427,"url":"https:\/\/wp.gestiondecompras.com\/wp-content\/uploads\/2021\/05\/pexels-pixabay-39080.jpg","type":"image\/jpeg"}],"twitter_card":"summary_large_image","twitter_misc":{"Gesch\u00e4tzte Lesezeit":"4\u00a0Minuten"},"schema":{"@context":"https:\/\/schema.org","@graph":[{"@type":"WebPage","@id":"https:\/\/wp.gestiondecompras.com\/de\/produkte\/strassenverkehrssicherheit\/","url":"https:\/\/wp.gestiondecompras.com\/de\/produkte\/strassenverkehrssicherheit\/","name":"Stra\u00dfenverkehrssicherheit - Gesti\u00f3n De Compras","isPartOf":{"@id":"https:\/\/wp.gestiondecompras.com\/de\/#website"},"primaryImageOfPage":{"@id":"https:\/\/wp.gestiondecompras.com\/de\/produkte\/strassenverkehrssicherheit\/#primaryimage"},"image":{"@id":"https:\/\/wp.gestiondecompras.com\/de\/produkte\/strassenverkehrssicherheit\/#primaryimage"},"thumbnailUrl":"https:\/\/wp.gestiondecompras.com\/wp-content\/uploads\/2021\/05\/pexels-pixabay-39080.jpg","datePublished":"2021-05-11T14:18:34+00:00","dateModified":"2021-11-09T11:51:59+00:00","description":"Gesti\u00f3n de Compras liefert alle Arten von Produkten f\u00fcr die Verkehrssicherheit wie Schilder, Lichtsignalanlagen oder Baken.","breadcrumb":{"@id":"https:\/\/wp.gestiondecompras.com\/de\/produkte\/strassenverkehrssicherheit\/#breadcrumb"},"inLanguage":"de","potentialAction":[{"@type":"ReadAction","target":["https:\/\/wp.gestiondecompras.com\/de\/produkte\/strassenverkehrssicherheit\/"]}]},{"@type":"ImageObject","inLanguage":"de","@id":"https:\/\/wp.gestiondecompras.com\/de\/produkte\/strassenverkehrssicherheit\/#primaryimage","url":"https:\/\/wp.gestiondecompras.com\/wp-content\/uploads\/2021\/05\/pexels-pixabay-39080.jpg","contentUrl":"https:\/\/wp.gestiondecompras.com\/wp-content\/uploads\/2021\/05\/pexels-pixabay-39080.jpg","width":640,"height":427,"caption":"se\u00f1ales"},{"@type":"BreadcrumbList","@id":"https:\/\/wp.gestiondecompras.com\/de\/produkte\/strassenverkehrssicherheit\/#breadcrumb","itemListElement":[{"@type":"ListItem","position":1,"name":"Heim","item":"https:\/\/wp.gestiondecompras.com\/de\/"},{"@type":"ListItem","position":2,"name":"Produkte","item":"https:\/\/wp.gestiondecompras.com\/de\/productos\/"},{"@type":"ListItem","position":3,"name":"Stra\u00dfenverkehrssicherheit"}]},{"@type":"WebSite","@id":"https:\/\/wp.gestiondecompras.com\/de\/#website","url":"https:\/\/wp.gestiondecompras.com\/de\/","name":"Gesti\u00f3n De Compras","description":"Sourcing Internacional","potentialAction":[{"@type":"SearchAction","target":{"@type":"EntryPoint","urlTemplate":"https:\/\/wp.gestiondecompras.com\/de\/?s={search_term_string}"},"query-input":"required name=search_term_string"}],"inLanguage":"de"}]}},"_links":{"self":[{"href":"https:\/\/wp.gestiondecompras.com\/de\/wp-json\/wp\/v2\/pages\/8996"}],"collection":[{"href":"https:\/\/wp.gestiondecompras.com\/de\/wp-json\/wp\/v2\/pages"}],"about":[{"href":"https:\/\/wp.gestiondecompras.com\/de\/wp-json\/wp\/v2\/types\/page"}],"author":[{"embeddable":true,"href":"https:\/\/wp.gestiondecompras.com\/de\/wp-json\/wp\/v2\/users\/3"}],"replies":[{"embeddable":true,"href":"https:\/\/wp.gestiondecompras.com\/de\/wp-json\/wp\/v2\/comments?post=8996"}],"version-history":[{"count":3,"href":"https:\/\/wp.gestiondecompras.com\/de\/wp-json\/wp\/v2\/pages\/8996\/revisions"}],"predecessor-version":[{"id":10510,"href":"https:\/\/wp.gestiondecompras.com\/de\/wp-json\/wp\/v2\/pages\/8996\/revisions\/10510"}],"up":[{"embeddable":true,"href":"https:\/\/wp.gestiondecompras.com\/de\/wp-json\/wp\/v2\/pages\/8647"}],"wp:featuredmedia":[{"embeddable":true,"href":"https:\/\/wp.gestiondecompras.com\/de\/wp-json\/wp\/v2\/media\/1667"}],"wp:attachment":[{"href":"https:\/\/wp.gestiondecompras.com\/de\/wp-json\/wp\/v2\/media?parent=8996"}],"curies":[{"name":"wp","href":"https:\/\/api.w.org\/{rel}","templated":true}]}}