{"id":8992,"date":"2021-06-17T14:52:44","date_gmt":"2021-06-17T14:52:44","guid":{"rendered":"https:\/\/wp.gestiondecompras.com\/?page_id=8992"},"modified":"2021-10-27T14:25:18","modified_gmt":"2021-10-27T14:25:18","slug":"lebensmittelverpackung-aus-schaumstoff","status":"publish","type":"page","link":"https:\/\/wp.gestiondecompras.com\/de\/produkte\/kunststoffteile\/lebensmittelverpackung-aus-schaumstoff\/","title":{"rendered":"Lebensmittelverpackung aus Schaumstoff"},"content":{"rendered":"[spb_row element_name=&#8220;Row&#8220; wrap_type=&#8220;content-width&#8220; parallax_image_height=&#8220;content-height&#8220; parallax_image_movement=&#8220;fixed&#8220; parallax_image_speed=&#8220;0.5&#8243; bg_video_loop=&#8220;yes&#8220; parallax_video_height=&#8220;window-height&#8220; parallax_video_overlay=&#8220;none&#8220; row_overlay_opacity=&#8220;0&#8243; row_col_pos=&#8220;default&#8220; width=&#8220;1\/1&#8243; el_position=&#8220;first last&#8220;] [spb_column col_animation=&#8220;none&#8220; col_animation_delay=&#8220;0&#8243; col_bg_type=&#8220;cover&#8220; col_parallax_image_movement=&#8220;fixed&#8220; col_parallax_image_speed=&#8220;0.5&#8243; col_padding=&#8220;0&#8243; col_vertical_offset=&#8220;0&#8243; col_horizontal_offset=&#8220;0&#8243; col_custom_zindex=&#8220;0&#8243; col_sm=&#8220;12&#8243; simplified_controls=&#8220;yes&#8220; custom_css_percentage=&#8220;no&#8220; padding_vertical=&#8220;0&#8243; padding_horizontal=&#8220;0&#8243; margin_vertical=&#8220;0&#8243; custom_css=&#8220;margin-top: 0px;margin-bottom: 0px;&#8220; border_styling_global=&#8220;default&#8220; width=&#8220;1\/1&#8243; el_position=&#8220;first last&#8220;] [spb_text_block animation=&#8220;none&#8220; animation_delay=&#8220;0&#8243; simplified_controls=&#8220;yes&#8220; custom_css_percentage=&#8220;no&#8220; padding_vertical=&#8220;0&#8243; padding_horizontal=&#8220;0&#8243; margin_vertical=&#8220;0&#8243; custom_css=&#8220;margin-top: 0px;margin-bottom: 0px;&#8220; border_size=&#8220;0&#8243; border_styling_global=&#8220;default&#8220; width=&#8220;3\/4&#8243; el_position=&#8220;first&#8220;]\n<p>Bei Gesti\u00f3n de Compras haben wir eine gro\u00dfe Auswahl an Produkten f\u00fcr Verpackungen in der Lebensmittelindustrie.\u00a0Mit unterschiedlichsten Formen und Materialien wie extrudiertem Polypropylen, Naturfaser, Polypropylen oder extrudiertem Polystyrol.<\/p>\n[\/spb_text_block][spb_text_block animation=&#8220;none&#8220; animation_delay=&#8220;0&#8243; simplified_controls=&#8220;yes&#8220; custom_css_percentage=&#8220;no&#8220; padding_vertical=&#8220;0&#8243; padding_horizontal=&#8220;0&#8243; margin_vertical=&#8220;0&#8243; custom_css=&#8220;margin-top: 0px;margin-bottom: 0px;&#8220; border_size=&#8220;0&#8243; border_styling_global=&#8220;default&#8220; width=&#8220;1\/4&#8243; el_position=&#8220;last&#8220;]\n\n[\/spb_text_block] [spb_text_block animation=&#8220;none&#8220; animation_delay=&#8220;0&#8243; simplified_controls=&#8220;yes&#8220; custom_css_percentage=&#8220;no&#8220; padding_vertical=&#8220;0&#8243; padding_horizontal=&#8220;0&#8243; margin_vertical=&#8220;0&#8243; custom_css=&#8220;margin-top: 0px;margin-bottom: 0px;&#8220; border_size=&#8220;0&#8243; border_styling_global=&#8220;default&#8220; width=&#8220;1\/1&#8243; el_position=&#8220;first last&#8220;]\n<hr style=\"background-color: #0098aa; height: 1px;\" \/>\n[\/spb_text_block] [\/spb_column] [\/spb_row] [spb_row element_name=&#8220;Row&#8220; wrap_type=&#8220;standard-width&#8220; row_bg_type=&#8220;color&#8220; color_row_height=&#8220;content-height&#8220; bg_type=&#8220;cover&#8220; parallax_image_height=&#8220;content-height&#8220; parallax_image_movement=&#8220;fixed&#8220; parallax_image_speed=&#8220;standard&#8220; bg_video_loop=&#8220;yes&#8220; parallax_video_height=&#8220;window-height&#8220; row_top_style=&#8220;none&#8220; row_bottom_style=&#8220;none&#8220; parallax_video_overlay=&#8220;none&#8220; row_overlay_opacity=&#8220;0&#8243; remove_element_spacing=&#8220;no&#8220; row_col_spacing=&#8220;0&#8243; row_col_pos=&#8220;default&#8220; row_col_equal_heights=&#8220;yes&#8220; row_expanding=&#8220;no&#8220; row_animation=&#8220;none&#8220; row_animation_delay=&#8220;0&#8243; minimize_row=&#8220;no&#8220; simplified_controls=&#8220;yes&#8220; custom_css_percentage=&#8220;no&#8220; custom_css=&#8220;margin-top: 0px;margin-bottom: 0px;&#8220; border_styling_global=&#8220;default&#8220; width=&#8220;1\/1&#8243; el_position=&#8220;first last&#8220;] [spb_text_block animation=&#8220;none&#8220; animation_delay=&#8220;0&#8243; simplified_controls=&#8220;yes&#8220; custom_css_percentage=&#8220;no&#8220; padding_vertical=&#8220;0&#8243; padding_horizontal=&#8220;0&#8243; margin_vertical=&#8220;0&#8243; custom_css=&#8220;margin-top: 0px;margin-bottom: 0px;&#8220; border_size=&#8220;0&#8243; border_styling_global=&#8220;default&#8220; width=&#8220;1\/1&#8243; el_position=&#8220;first last&#8220;]\n<section class=\"row fw-row dynamic-header-change fw-row-adjusted\" data-header-style=\"\">\n<div class=\"spb-row  \" data-row-type=\"\" data-wrap=\"full-width-contained\" data-image-movement=\"fixed\" data-content-stretch=\"false\" data-row-height=\"content-height\" data-col-v-pos=\"default\" data-legacy=\"true\" data-sb-init=\"true\">\n<div class=\"spb_content_element clearfix\">\n<section class=\"row \">\n<div class=\"spb-column-container col-sm-12   \">\n<div class=\"spb-column-inner row clearfix\">\n<section class=\"row \">\n<div class=\"spb_content_element col-sm-12 spb_text_column\">\n<div class=\"spb-asset-content\">\n<section class=\"row \">\n<div class=\"spb_content_element col-sm-12 spb_text_column\">\n<div class=\"spb-asset-content\">\n<h2 style=\"text-align: center;\"><strong>Arten von Lebensmittelverpackungen aus Schaumstoff<\/strong><\/h2>\n<\/div>\n<\/div>\n<\/section>\n<\/div>\n<\/div>\n<\/section>\n<\/div>\n<\/div>\n<\/section>\n<\/div>\n<\/div>\n<\/section>\n<div class=\"horizontal-break bold\" style=\"background-color: #666d78; width: 100px\"> <\/div>\n[\/spb_text_block] [spb_blank_spacer height=&#8220;30px&#8220; width=&#8220;1\/1&#8243; el_position=&#8220;first last&#8220;] [spb_column col_sm=&#8220;3&#8243; padding_horizontal=&#8220;0&#8243; width=&#8220;1\/4&#8243; el_position=&#8220;first&#8220;] [spb_boxed_content type=&#8220;coloured&#8220; box_link_target=&#8220;_self&#8220; padding_vertical=&#8220;0&#8243; padding_horizontal=&#8220;0&#8243; width=&#8220;1\/1&#8243; el_position=&#8220;first last&#8220;]\n<h4 style=\"text-align: center;\"><strong>XPP-Produkte (Extrudiertes Polysyren)<\/strong><\/h4>\n<p style=\"text-align: center;\"><img loading=\"lazy\" decoding=\"async\" class=\"aligncenter size-thumbnail wp-image-7328\" src=\"https:\/\/wp.gestiondecompras.com\/wp-content\/uploads\/2021\/09\/productos-XPP-150x129.jpg\" alt=\"productos XPP\" width=\"150\" height=\"129\" \/><\/p>\n<p style=\"text-align: center;\">Wir haben Tabletts mit verschiedenen Formen, Gr\u00f6\u00dfen und Ausf\u00fchrungen;\u00a0je nach Bedarf des Kunden.<\/p>\n[\/spb_boxed_content] [\/spb_column] [spb_column col_sm=&#8220;3&#8243; padding_horizontal=&#8220;0&#8243; width=&#8220;1\/4&#8243;] [spb_boxed_content type=&#8220;coloured&#8220; box_link_target=&#8220;_self&#8220; padding_vertical=&#8220;0&#8243; padding_horizontal=&#8220;0&#8243; width=&#8220;1\/1&#8243; el_position=&#8220;first last&#8220;]\n<h4 style=\"text-align: center;\"><strong>ECO-Produkte (Naturfaser)<\/strong><\/h4>\n<p style=\"text-align: center;\"><img loading=\"lazy\" decoding=\"async\" class=\"aligncenter size-thumbnail wp-image-7318\" src=\"https:\/\/wp.gestiondecompras.com\/wp-content\/uploads\/2021\/09\/productos-eco-150x150.jpg\" alt=\"\" width=\"150\" height=\"150\" \/><\/p>\n<p style=\"text-align: center;\">Gesti\u00f3n de Compras bietet eine neue Auswahl an Lebensmittelverpackungen aus Naturfasern an und wird damit zur \u00f6kologischsten Linie unseres Sortiments.\u00a0Wir haben Tabletts, Sch\u00fcsseln, Teller und Beh\u00e4lter.<\/p>\n[\/spb_boxed_content] [\/spb_column] [spb_column col_sm=&#8220;3&#8243; padding_horizontal=&#8220;0&#8243; width=&#8220;1\/4&#8243;] [spb_boxed_content type=&#8220;coloured&#8220; box_link_target=&#8220;_self&#8220; padding_vertical=&#8220;0&#8243; padding_horizontal=&#8220;0&#8243; width=&#8220;1\/1&#8243; el_position=&#8220;first last&#8220;]\n<h4 style=\"text-align: center;\"><strong>XPS-Produkte (Extrudiertes Polystyrol)<\/strong><\/h4>\n<p style=\"text-align: center;\"><img loading=\"lazy\" decoding=\"async\" class=\"aligncenter size-thumbnail wp-image-7333\" src=\"https:\/\/wp.gestiondecompras.com\/wp-content\/uploads\/2021\/09\/productos-XPS-150x138.jpg\" alt=\"productos XPS\" width=\"150\" height=\"138\" \/><\/p>\n<p style=\"text-align: center;\">Wir haben eine gro\u00dfe Auswahl an saugf\u00e4higen Beh\u00e4ltern f\u00fcr Catering, Fast Food und Essen zum Mitnehmen.\u00a0Produkte aus XPS oder \u201eextrudiertem Polystyrol\u201c.\u00a0In einer Vielzahl von Formen, Oberfl\u00e4chen, Farben und Gr\u00f6\u00dfen.<\/p>\n[\/spb_boxed_content] [\/spb_column] [spb_column col_sm=&#8220;3&#8243; padding_horizontal=&#8220;0&#8243; width=&#8220;1\/4&#8243; el_position=&#8220;last&#8220;] [spb_boxed_content type=&#8220;coloured&#8220; box_link_target=&#8220;_self&#8220; padding_vertical=&#8220;0&#8243; padding_horizontal=&#8220;0&#8243; width=&#8220;1\/1&#8243; el_position=&#8220;first last&#8220;]\n<h4 style=\"text-align: center;\"><strong>PP-Produkte (Polypropylen)<\/strong><\/h4>\n<p style=\"text-align: center;\"><img loading=\"lazy\" decoding=\"async\" class=\"aligncenter size-thumbnail wp-image-7323\" src=\"https:\/\/wp.gestiondecompras.com\/wp-content\/uploads\/2021\/09\/productos-PP-150x150.jpg\" alt=\"productos PP\" width=\"150\" height=\"150\" \/><\/p>\n<p style=\"text-align: center;\">Gesti\u00f3n de Compras bietet ein breites Sortiment an mikrowellengeeigneten, nicht saugf\u00e4higen Polypropylen-Schalen, die sich ideal zum Verpacken von Fertiggerichten, Fisch, Fleisch, Gem\u00fcse, Obst und Backwaren eignen.<\/p>\n[\/spb_boxed_content] [\/spb_column] [spb_blank_spacer height=&#8220;30px&#8220; width=&#8220;1\/1&#8243; el_position=&#8220;first last&#8220;] [\/spb_row]\n","protected":false},"excerpt":{"rendered":"<p>[spb_row element_name=&#8220;Row&#8220; wrap_type=&#8220;content-width&#8220; parallax_image_height=&#8220;content-height&#8220; parallax_image_movement=&#8220;fixed&#8220; parallax_image_speed=&#8220;0.5&#8243; bg_video_loop=&#8220;yes&#8220; parallax_video_height=&#8220;window-height&#8220; parallax_video_overlay=&#8220;none&#8220; row_overlay_opacity=&#8220;0&#8243; row_col_pos=&#8220;default&#8220; width=&#8220;1\/1&#8243; el_position=&#8220;first last&#8220;] [spb_column col_animation=&#8220;none&#8220; col_animation_delay=&#8220;0&#8243; col_bg_type=&#8220;cover&#8220; col_parallax_image_movement=&#8220;fixed&#8220; col_parallax_image_speed=&#8220;0.5&#8243; col_padding=&#8220;0&#8243; col_vertical_offset=&#8220;0&#8243; col_horizontal_offset=&#8220;0&#8243; col_custom_zindex=&#8220;0&#8243; col_sm=&#8220;12&#8243; simplified_controls=&#8220;yes&#8220; custom_css_percentage=&#8220;no&#8220; padding_vertical=&#8220;0&#8243; padding_horizontal=&#8220;0&#8243; margin_vertical=&#8220;0&#8243; custom_css=&#8220;margin-top: 0px;margin-bottom: 0px;&#8220; border_styling_global=&#8220;default&#8220; width=&#8220;1\/1&#8243; el_position=&#8220;first last&#8220;] [spb_text_block animation=&#8220;none&#8220; animation_delay=&#8220;0&#8243; simplified_controls=&#8220;yes&#8220; custom_css_percentage=&#8220;no&#8220; padding_vertical=&#8220;0&#8243; padding_horizontal=&#8220;0&#8243; margin_vertical=&#8220;0&#8243; custom_css=&#8220;margin-top: 0px;margin-bottom: 0px;&#8220; border_size=&#8220;0&#8243; border_styling_global=&#8220;default&#8220; width=&#8220;3\/4&#8243; el_position=&#8220;first&#8220;] Bei Gesti\u00f3n de Compras haben wir eine gro\u00dfe [&hellip;]<\/p>\n","protected":false},"author":3,"featured_media":5512,"parent":8686,"menu_order":0,"comment_status":"closed","ping_status":"closed","template":"page-title.php","meta":{"footnotes":""},"yoast_head":"<!-- This site is optimized with the Yoast SEO plugin v22.4 - https:\/\/yoast.com\/wordpress\/plugins\/seo\/ -->\n<title>Lebensmittelverpackung aus Schaumstoff - Gesti\u00f3n De Compras<\/title>\n<meta name=\"description\" content=\"Bei Gesti\u00f3n de Compras haben wir eine gro\u00dfe Auswahl an Produkten f\u00fcr Verpackungen in der Lebensmittelindustrie.\" \/>\n<meta name=\"robots\" content=\"index, follow, max-snippet:-1, max-image-preview:large, max-video-preview:-1\" \/>\n<link rel=\"canonical\" href=\"https:\/\/wp.gestiondecompras.com\/de\/produkte\/kunststoffteile\/lebensmittelverpackung-aus-schaumstoff\/\" \/>\n<meta property=\"og:locale\" content=\"de_DE\" \/>\n<meta property=\"og:type\" content=\"article\" \/>\n<meta property=\"og:title\" content=\"Lebensmittelverpackung aus Schaumstoff - Gesti\u00f3n De Compras\" \/>\n<meta property=\"og:description\" content=\"Bei Gesti\u00f3n de Compras haben wir eine gro\u00dfe Auswahl an Produkten f\u00fcr Verpackungen in der Lebensmittelindustrie.\" \/>\n<meta property=\"og:url\" content=\"https:\/\/wp.gestiondecompras.com\/de\/produkte\/kunststoffteile\/lebensmittelverpackung-aus-schaumstoff\/\" \/>\n<meta property=\"og:site_name\" content=\"Gesti\u00f3n De Compras\" \/>\n<meta property=\"article:modified_time\" content=\"2021-10-27T14:25:18+00:00\" \/>\n<meta property=\"og:image\" content=\"https:\/\/wp.gestiondecompras.com\/wp-content\/uploads\/2021\/06\/foam-4.jpg\" \/>\n\t<meta property=\"og:image:width\" content=\"700\" \/>\n\t<meta property=\"og:image:height\" content=\"566\" \/>\n\t<meta property=\"og:image:type\" content=\"image\/jpeg\" \/>\n<meta name=\"twitter:card\" content=\"summary_large_image\" \/>\n<meta name=\"twitter:label1\" content=\"Gesch\u00e4tzte Lesezeit\" \/>\n\t<meta name=\"twitter:data1\" content=\"3\u00a0Minuten\" \/>\n<script type=\"application\/ld+json\" class=\"yoast-schema-graph\">{\"@context\":\"https:\/\/schema.org\",\"@graph\":[{\"@type\":\"WebPage\",\"@id\":\"https:\/\/wp.gestiondecompras.com\/de\/produkte\/kunststoffteile\/lebensmittelverpackung-aus-schaumstoff\/\",\"url\":\"https:\/\/wp.gestiondecompras.com\/de\/produkte\/kunststoffteile\/lebensmittelverpackung-aus-schaumstoff\/\",\"name\":\"Lebensmittelverpackung aus Schaumstoff - Gesti\u00f3n De Compras\",\"isPartOf\":{\"@id\":\"https:\/\/wp.gestiondecompras.com\/de\/#website\"},\"primaryImageOfPage\":{\"@id\":\"https:\/\/wp.gestiondecompras.com\/de\/produkte\/kunststoffteile\/lebensmittelverpackung-aus-schaumstoff\/#primaryimage\"},\"image\":{\"@id\":\"https:\/\/wp.gestiondecompras.com\/de\/produkte\/kunststoffteile\/lebensmittelverpackung-aus-schaumstoff\/#primaryimage\"},\"thumbnailUrl\":\"https:\/\/wp.gestiondecompras.com\/wp-content\/uploads\/2021\/06\/foam-4.jpg\",\"datePublished\":\"2021-06-17T14:52:44+00:00\",\"dateModified\":\"2021-10-27T14:25:18+00:00\",\"description\":\"Bei Gesti\u00f3n de Compras haben wir eine gro\u00dfe Auswahl an Produkten f\u00fcr Verpackungen in der Lebensmittelindustrie.\",\"breadcrumb\":{\"@id\":\"https:\/\/wp.gestiondecompras.com\/de\/produkte\/kunststoffteile\/lebensmittelverpackung-aus-schaumstoff\/#breadcrumb\"},\"inLanguage\":\"de\",\"potentialAction\":[{\"@type\":\"ReadAction\",\"target\":[\"https:\/\/wp.gestiondecompras.com\/de\/produkte\/kunststoffteile\/lebensmittelverpackung-aus-schaumstoff\/\"]}]},{\"@type\":\"ImageObject\",\"inLanguage\":\"de\",\"@id\":\"https:\/\/wp.gestiondecompras.com\/de\/produkte\/kunststoffteile\/lebensmittelverpackung-aus-schaumstoff\/#primaryimage\",\"url\":\"https:\/\/wp.gestiondecompras.com\/wp-content\/uploads\/2021\/06\/foam-4.jpg\",\"contentUrl\":\"https:\/\/wp.gestiondecompras.com\/wp-content\/uploads\/2021\/06\/foam-4.jpg\",\"width\":700,\"height\":566,\"caption\":\"envase foam 03\"},{\"@type\":\"BreadcrumbList\",\"@id\":\"https:\/\/wp.gestiondecompras.com\/de\/produkte\/kunststoffteile\/lebensmittelverpackung-aus-schaumstoff\/#breadcrumb\",\"itemListElement\":[{\"@type\":\"ListItem\",\"position\":1,\"name\":\"Heim\",\"item\":\"https:\/\/wp.gestiondecompras.com\/de\/\"},{\"@type\":\"ListItem\",\"position\":2,\"name\":\"Produkte\",\"item\":\"https:\/\/wp.gestiondecompras.com\/de\/productos\/\"},{\"@type\":\"ListItem\",\"position\":3,\"name\":\"Kunststoffteile\",\"item\":\"https:\/\/wp.gestiondecompras.com\/de\/productos\/piezas-plasticas\/\"},{\"@type\":\"ListItem\",\"position\":4,\"name\":\"Lebensmittelverpackung aus Schaumstoff\"}]},{\"@type\":\"WebSite\",\"@id\":\"https:\/\/wp.gestiondecompras.com\/de\/#website\",\"url\":\"https:\/\/wp.gestiondecompras.com\/de\/\",\"name\":\"Gesti\u00f3n De Compras\",\"description\":\"Sourcing Internacional\",\"potentialAction\":[{\"@type\":\"SearchAction\",\"target\":{\"@type\":\"EntryPoint\",\"urlTemplate\":\"https:\/\/wp.gestiondecompras.com\/de\/?s={search_term_string}\"},\"query-input\":\"required name=search_term_string\"}],\"inLanguage\":\"de\"}]}<\/script>\n<!-- \/ Yoast SEO plugin. -->","yoast_head_json":{"title":"Lebensmittelverpackung aus Schaumstoff - Gesti\u00f3n De Compras","description":"Bei Gesti\u00f3n de Compras haben wir eine gro\u00dfe Auswahl an Produkten f\u00fcr Verpackungen in der Lebensmittelindustrie.","robots":{"index":"index","follow":"follow","max-snippet":"max-snippet:-1","max-image-preview":"max-image-preview:large","max-video-preview":"max-video-preview:-1"},"canonical":"https:\/\/wp.gestiondecompras.com\/de\/produkte\/kunststoffteile\/lebensmittelverpackung-aus-schaumstoff\/","og_locale":"de_DE","og_type":"article","og_title":"Lebensmittelverpackung aus Schaumstoff - Gesti\u00f3n De Compras","og_description":"Bei Gesti\u00f3n de Compras haben wir eine gro\u00dfe Auswahl an Produkten f\u00fcr Verpackungen in der Lebensmittelindustrie.","og_url":"https:\/\/wp.gestiondecompras.com\/de\/produkte\/kunststoffteile\/lebensmittelverpackung-aus-schaumstoff\/","og_site_name":"Gesti\u00f3n De Compras","article_modified_time":"2021-10-27T14:25:18+00:00","og_image":[{"width":700,"height":566,"url":"https:\/\/wp.gestiondecompras.com\/wp-content\/uploads\/2021\/06\/foam-4.jpg","type":"image\/jpeg"}],"twitter_card":"summary_large_image","twitter_misc":{"Gesch\u00e4tzte Lesezeit":"3\u00a0Minuten"},"schema":{"@context":"https:\/\/schema.org","@graph":[{"@type":"WebPage","@id":"https:\/\/wp.gestiondecompras.com\/de\/produkte\/kunststoffteile\/lebensmittelverpackung-aus-schaumstoff\/","url":"https:\/\/wp.gestiondecompras.com\/de\/produkte\/kunststoffteile\/lebensmittelverpackung-aus-schaumstoff\/","name":"Lebensmittelverpackung aus Schaumstoff - Gesti\u00f3n De Compras","isPartOf":{"@id":"https:\/\/wp.gestiondecompras.com\/de\/#website"},"primaryImageOfPage":{"@id":"https:\/\/wp.gestiondecompras.com\/de\/produkte\/kunststoffteile\/lebensmittelverpackung-aus-schaumstoff\/#primaryimage"},"image":{"@id":"https:\/\/wp.gestiondecompras.com\/de\/produkte\/kunststoffteile\/lebensmittelverpackung-aus-schaumstoff\/#primaryimage"},"thumbnailUrl":"https:\/\/wp.gestiondecompras.com\/wp-content\/uploads\/2021\/06\/foam-4.jpg","datePublished":"2021-06-17T14:52:44+00:00","dateModified":"2021-10-27T14:25:18+00:00","description":"Bei Gesti\u00f3n de Compras haben wir eine gro\u00dfe Auswahl an Produkten f\u00fcr Verpackungen in der Lebensmittelindustrie.","breadcrumb":{"@id":"https:\/\/wp.gestiondecompras.com\/de\/produkte\/kunststoffteile\/lebensmittelverpackung-aus-schaumstoff\/#breadcrumb"},"inLanguage":"de","potentialAction":[{"@type":"ReadAction","target":["https:\/\/wp.gestiondecompras.com\/de\/produkte\/kunststoffteile\/lebensmittelverpackung-aus-schaumstoff\/"]}]},{"@type":"ImageObject","inLanguage":"de","@id":"https:\/\/wp.gestiondecompras.com\/de\/produkte\/kunststoffteile\/lebensmittelverpackung-aus-schaumstoff\/#primaryimage","url":"https:\/\/wp.gestiondecompras.com\/wp-content\/uploads\/2021\/06\/foam-4.jpg","contentUrl":"https:\/\/wp.gestiondecompras.com\/wp-content\/uploads\/2021\/06\/foam-4.jpg","width":700,"height":566,"caption":"envase foam 03"},{"@type":"BreadcrumbList","@id":"https:\/\/wp.gestiondecompras.com\/de\/produkte\/kunststoffteile\/lebensmittelverpackung-aus-schaumstoff\/#breadcrumb","itemListElement":[{"@type":"ListItem","position":1,"name":"Heim","item":"https:\/\/wp.gestiondecompras.com\/de\/"},{"@type":"ListItem","position":2,"name":"Produkte","item":"https:\/\/wp.gestiondecompras.com\/de\/productos\/"},{"@type":"ListItem","position":3,"name":"Kunststoffteile","item":"https:\/\/wp.gestiondecompras.com\/de\/productos\/piezas-plasticas\/"},{"@type":"ListItem","position":4,"name":"Lebensmittelverpackung aus Schaumstoff"}]},{"@type":"WebSite","@id":"https:\/\/wp.gestiondecompras.com\/de\/#website","url":"https:\/\/wp.gestiondecompras.com\/de\/","name":"Gesti\u00f3n De Compras","description":"Sourcing Internacional","potentialAction":[{"@type":"SearchAction","target":{"@type":"EntryPoint","urlTemplate":"https:\/\/wp.gestiondecompras.com\/de\/?s={search_term_string}"},"query-input":"required name=search_term_string"}],"inLanguage":"de"}]}},"_links":{"self":[{"href":"https:\/\/wp.gestiondecompras.com\/de\/wp-json\/wp\/v2\/pages\/8992"}],"collection":[{"href":"https:\/\/wp.gestiondecompras.com\/de\/wp-json\/wp\/v2\/pages"}],"about":[{"href":"https:\/\/wp.gestiondecompras.com\/de\/wp-json\/wp\/v2\/types\/page"}],"author":[{"embeddable":true,"href":"https:\/\/wp.gestiondecompras.com\/de\/wp-json\/wp\/v2\/users\/3"}],"replies":[{"embeddable":true,"href":"https:\/\/wp.gestiondecompras.com\/de\/wp-json\/wp\/v2\/comments?post=8992"}],"version-history":[{"count":3,"href":"https:\/\/wp.gestiondecompras.com\/de\/wp-json\/wp\/v2\/pages\/8992\/revisions"}],"predecessor-version":[{"id":8995,"href":"https:\/\/wp.gestiondecompras.com\/de\/wp-json\/wp\/v2\/pages\/8992\/revisions\/8995"}],"up":[{"embeddable":true,"href":"https:\/\/wp.gestiondecompras.com\/de\/wp-json\/wp\/v2\/pages\/8686"}],"wp:featuredmedia":[{"embeddable":true,"href":"https:\/\/wp.gestiondecompras.com\/de\/wp-json\/wp\/v2\/media\/5512"}],"wp:attachment":[{"href":"https:\/\/wp.gestiondecompras.com\/de\/wp-json\/wp\/v2\/media?parent=8992"}],"curies":[{"name":"wp","href":"https:\/\/api.w.org\/{rel}","templated":true}]}}