{"id":8989,"date":"2021-06-17T11:07:14","date_gmt":"2021-06-17T11:07:14","guid":{"rendered":"https:\/\/wp.gestiondecompras.com\/?page_id=8989"},"modified":"2021-11-09T11:36:02","modified_gmt":"2021-11-09T11:36:02","slug":"faltbare-kunststoffbehaelter-und-paletten","status":"publish","type":"page","link":"https:\/\/wp.gestiondecompras.com\/de\/produkte\/kunststoffteile\/faltbare-kunststoffbehaelter-und-paletten\/","title":{"rendered":"Faltbare Kunststoffbeh\u00e4lter und Paletten"},"content":{"rendered":"[spb_row element_name=&#8220;Row&#8220; wrap_type=&#8220;content-width&#8220; parallax_image_height=&#8220;content-height&#8220; parallax_image_movement=&#8220;fixed&#8220; parallax_image_speed=&#8220;0.5&#8243; bg_video_loop=&#8220;yes&#8220; parallax_video_height=&#8220;window-height&#8220; parallax_video_overlay=&#8220;none&#8220; row_overlay_opacity=&#8220;0&#8243; row_col_pos=&#8220;default&#8220; width=&#8220;1\/1&#8243; el_position=&#8220;first last&#8220;] [spb_column col_sm=&#8220;12&#8243; col_animation=&#8220;none&#8220; col_animation_delay=&#8220;0&#8243; col_bg_type=&#8220;cover&#8220; col_parallax_image_movement=&#8220;fixed&#8220; col_parallax_image_speed=&#8220;0.5&#8243; col_padding=&#8220;0&#8243; col_vertical_offset=&#8220;0&#8243; col_horizontal_offset=&#8220;0&#8243; col_custom_zindex=&#8220;0&#8243; simplified_controls=&#8220;yes&#8220; custom_css_percentage=&#8220;no&#8220; padding_vertical=&#8220;0&#8243; padding_horizontal=&#8220;0&#8243; margin_vertical=&#8220;0&#8243; custom_css=&#8220;margin-top: 0px;margin-bottom: 0px;&#8220; border_styling_global=&#8220;default&#8220; width=&#8220;1\/1&#8243; el_position=&#8220;first last&#8220;] [spb_text_block animation=&#8220;none&#8220; animation_delay=&#8220;0&#8243; simplified_controls=&#8220;yes&#8220; custom_css_percentage=&#8220;no&#8220; padding_vertical=&#8220;0&#8243; padding_horizontal=&#8220;0&#8243; margin_vertical=&#8220;0&#8243; custom_css=&#8220;margin-top: 0px;margin-bottom: 0px;&#8220; border_size=&#8220;0&#8243; border_styling_global=&#8220;default&#8220; width=&#8220;3\/4&#8243; el_position=&#8220;first&#8220;]\n<p>Bei Gesti\u00f3n de Compras haben wir eine gro\u00dfe Auswahl an Kisten, Beh\u00e4ltern und anderen Arten von Produkten f\u00fcr den Transport und die Lagerung.<\/p>\n[\/spb_text_block] [spb_text_block animation=&#8220;none&#8220; animation_delay=&#8220;0&#8243; simplified_controls=&#8220;yes&#8220; custom_css_percentage=&#8220;no&#8220; padding_vertical=&#8220;0&#8243; padding_horizontal=&#8220;0&#8243; margin_vertical=&#8220;0&#8243; custom_css=&#8220;margin-top: 0px;margin-bottom: 0px;&#8220; border_size=&#8220;0&#8243; border_styling_global=&#8220;default&#8220; width=&#8220;1\/4&#8243; el_position=&#8220;last&#8220;]\n\n[\/spb_text_block] [spb_text_block animation=&#8220;none&#8220; animation_delay=&#8220;0&#8243; simplified_controls=&#8220;yes&#8220; custom_css_percentage=&#8220;no&#8220; padding_vertical=&#8220;0&#8243; padding_horizontal=&#8220;0&#8243; margin_vertical=&#8220;0&#8243; custom_css=&#8220;margin-top: 0px;margin-bottom: 0px;&#8220; border_size=&#8220;0&#8243; border_styling_global=&#8220;default&#8220; width=&#8220;1\/1&#8243; el_position=&#8220;first last&#8220;]\n<hr style=\"background-color: #0098aa; height: 1px;\" \/>\n[\/spb_text_block] [\/spb_column] [\/spb_row] [spb_row element_name=&#8220;Row&#8220; wrap_type=&#8220;content-width&#8220; parallax_image_height=&#8220;content-height&#8220; parallax_image_movement=&#8220;fixed&#8220; parallax_image_speed=&#8220;0.5&#8243; bg_video_loop=&#8220;yes&#8220; parallax_video_height=&#8220;window-height&#8220; parallax_video_overlay=&#8220;none&#8220; row_overlay_opacity=&#8220;0&#8243; row_col_pos=&#8220;default&#8220; width=&#8220;1\/1&#8243; el_position=&#8220;first last&#8220;] [spb_column col_sm=&#8220;12&#8243; padding_horizontal=&#8220;0&#8243; width=&#8220;1\/1&#8243; el_position=&#8220;first last&#8220;] [spb_blank_spacer height=&#8220;30px&#8220; width=&#8220;1\/1&#8243; el_position=&#8220;first last&#8220;] [spb_text_block animation=&#8220;none&#8220; animation_delay=&#8220;0&#8243; simplified_controls=&#8220;yes&#8220; custom_css_percentage=&#8220;no&#8220; padding_vertical=&#8220;0&#8243; padding_horizontal=&#8220;0&#8243; margin_vertical=&#8220;0&#8243; custom_css=&#8220;margin-top: 0px;margin-bottom: 0px;&#8220; border_size=&#8220;0&#8243; border_styling_global=&#8220;default&#8220; width=&#8220;1\/1&#8243; el_position=&#8220;first last&#8220;]\n<h2 style=\"text-align: center;\"><strong>Faltbare Kunststoffbeh\u00e4lter und Paletten erh\u00e4ltlich<\/strong><\/h2>\n<div class=\"horizontal-break bold\" style=\"background-color: #666d78; width: 100px\"> <\/div>\n<p style=\"text-align: justify;\">In unserem Katalog haben wir mehr als 120 verschiedene Gr\u00f6\u00dfen.\u00a0Da es sich um Klappteile handelt, sind die Vorteile, die sie in Bezug auf Transport, Kosten und Platz erm\u00f6glichen, sehr breit gef\u00e4chert.\u00a0Um das gew\u00fcnschte Produkt zu erhalten, wenden Sie sich an Gesti\u00f3n de Compras, und wir helfen Ihnen, Ihre Bed\u00fcrfnisse zu erf\u00fcllen.<\/p>\n[\/spb_text_block] [spb_blank_spacer height=&#8220;30px&#8220; width=&#8220;1\/1&#8243; el_position=&#8220;first last&#8220;] [\/spb_column] [spb_column col_sm=&#8220;4&#8243; padding_horizontal=&#8220;0&#8243; width=&#8220;1\/3&#8243; el_position=&#8220;first&#8220;] [spb_boxed_content type=&#8220;coloured&#8220; box_link_target=&#8220;_self&#8220; padding_vertical=&#8220;0&#8243; padding_horizontal=&#8220;0&#8243; width=&#8220;1\/1&#8243; el_position=&#8220;first last&#8220;]\n<p><img loading=\"lazy\" decoding=\"async\" class=\"aligncenter size-medium wp-image-5420\" src=\"https:\/\/wp.gestiondecompras.com\/wp-content\/uploads\/2021\/06\/modelo-c-300x300.jpg\" alt=\"caja modelo c\" width=\"300\" height=\"300\" srcset=\"https:\/\/wp.gestiondecompras.com\/wp-content\/uploads\/2021\/06\/modelo-c-300x300.jpg 300w, https:\/\/wp.gestiondecompras.com\/wp-content\/uploads\/2021\/06\/modelo-c-150x150.jpg 150w, https:\/\/wp.gestiondecompras.com\/wp-content\/uploads\/2021\/06\/modelo-c.jpg 466w\" sizes=\"(max-width: 300px) 100vw, 300px\" \/><\/p>\n[\/spb_boxed_content] [\/spb_column] [spb_column col_sm=&#8220;8&#8243; padding_horizontal=&#8220;0&#8243; width=&#8220;2\/3&#8243; el_position=&#8220;last&#8220;] [spb_boxed_content type=&#8220;coloured&#8220; box_link_target=&#8220;_self&#8220; padding_vertical=&#8220;0&#8243; padding_horizontal=&#8220;0&#8243; width=&#8220;1\/1&#8243; el_position=&#8220;first last&#8220;]\n<h3><strong>Zusammenklappbare Kiste<br \/>\n<\/strong><\/h3>\n<p>Wir haben eine breite Palette von Faltschachteln, die den Vorteil der Einsparung von Transportkosten, der einfachen Installation und der einfachen Handhabung vereinen und auf dem Weltmarkt sehr gefragt sind.\u00a0Vor allem in Branchen wie Industrie, Landwirtschaft, Fischerei, Tierhaltung und Aquakultur.\u00a0Es ist ungiftig<br \/>\nund geschmacksneutral, kann zur Konservierung von Lebensmitteln verwendet werden und ist leicht zu reinigen.<br \/>\nHergestellt aus PP (Polypropylen), einem Produkt mit geringem Gewicht und langer Lebensdauer.\u00a0In unserem Katalog finden Sie mehr als 10 verschiedene Boxen.\u00a0Mit oder ohne L\u00f6cher in den Seitenw\u00e4nden, mit oder ohne Abdeckung, mit oder ohne R\u00e4der\u2026 Je nach Kundenwunsch.\u00a0Zusammengefaltet nehmen die Kartons zwischen einem Drittel und einem F\u00fcnftel ihres urspr\u00fcnglichen Volumens ein.<\/p>\n[\/spb_boxed_content] [\/spb_column] [spb_column col_sm=&#8220;8&#8243; padding_horizontal=&#8220;0&#8243; width=&#8220;2\/3&#8243; el_position=&#8220;first&#8220;] [spb_boxed_content type=&#8220;coloured&#8220; box_link_target=&#8220;_self&#8220; padding_vertical=&#8220;0&#8243; padding_horizontal=&#8220;0&#8243; width=&#8220;1\/1&#8243; el_position=&#8220;first last&#8220;]\n<h3 style=\"text-align: right;\"><strong>Gro\u00dfer faltbarer Beh\u00e4lter<br \/>\n<\/strong><\/h3>\n<p style=\"text-align: right;\">Dieser Faltbeh\u00e4lter beh\u00e4lt bei allen seinen Modellen Breite und L\u00e4nge bei, aber die H\u00f6he variiert je nach Kundenwunsch.\u00a0Zusammengeklappt betr\u00e4gt die H\u00f6he des Containers nur 350 mm, was die Lagerung und den Transport erleichtert.\u00a0Hergestellt durch Spritzen von Kunststoff mit Polyethylen hoher Dichte, das seine Festigkeit und Konsistenz gew\u00e4hrleistet.<br \/>\nEs eignet sich f\u00fcr den Einsatz als Produktverpackungsbeh\u00e4lter in Gro\u00dffischereien, Druck- und Bleichereien, Galvanikfabriken, Zigarettenfabriken, Lebensmittelfabriken, Lederfabriken usw. Im Vergleich zur Holz- und Metallkiste hat der Kunststofffaltbeh\u00e4lter eine lange Lebensdauer Lebensdauer und ist leichter, wodurch Sie Versandkosten sparen.<\/p>\n[\/spb_boxed_content] [\/spb_column] [spb_column col_sm=&#8220;4&#8243; padding_horizontal=&#8220;0&#8243; width=&#8220;1\/3&#8243; el_position=&#8220;last&#8220;] [spb_boxed_content type=&#8220;coloured&#8220; box_link_target=&#8220;_self&#8220; padding_vertical=&#8220;0&#8243; padding_horizontal=&#8220;0&#8243; width=&#8220;1\/1&#8243; el_position=&#8220;first last&#8220;]\n<p><img loading=\"lazy\" decoding=\"async\" class=\"aligncenter size-medium wp-image-5425\" src=\"https:\/\/wp.gestiondecompras.com\/wp-content\/uploads\/2021\/06\/modelo-d-300x237.jpg\" alt=\"caja modelo d\" width=\"300\" height=\"237\" srcset=\"https:\/\/wp.gestiondecompras.com\/wp-content\/uploads\/2021\/06\/modelo-d-300x237.jpg 300w, https:\/\/wp.gestiondecompras.com\/wp-content\/uploads\/2021\/06\/modelo-d.jpg 468w\" sizes=\"(max-width: 300px) 100vw, 300px\" \/><\/p>\n[\/spb_boxed_content] [\/spb_column] [spb_column col_sm=&#8220;4&#8243; padding_horizontal=&#8220;0&#8243; width=&#8220;1\/3&#8243; el_position=&#8220;first&#8220;] [spb_boxed_content type=&#8220;coloured&#8220; box_link_target=&#8220;_self&#8220; padding_vertical=&#8220;0&#8243; padding_horizontal=&#8220;0&#8243; width=&#8220;1\/1&#8243; el_position=&#8220;first last&#8220;]\n<p><img loading=\"lazy\" decoding=\"async\" class=\"aligncenter wp-image-7343 size-full\" src=\"https:\/\/wp.gestiondecompras.com\/wp-content\/uploads\/2021\/09\/contenedor-plegable.jpg\" alt=\"contenedor plegable\" width=\"388\" height=\"228\" srcset=\"https:\/\/wp.gestiondecompras.com\/wp-content\/uploads\/2021\/09\/contenedor-plegable.jpg 388w, https:\/\/wp.gestiondecompras.com\/wp-content\/uploads\/2021\/09\/contenedor-plegable-300x176.jpg 300w\" sizes=\"(max-width: 388px) 100vw, 388px\" \/><\/p>\n[\/spb_boxed_content] [\/spb_column] [spb_column col_sm=&#8220;8&#8243; padding_horizontal=&#8220;0&#8243; width=&#8220;2\/3&#8243; el_position=&#8220;last&#8220;] [spb_boxed_content type=&#8220;coloured&#8220; box_link_target=&#8220;_self&#8220; padding_vertical=&#8220;0&#8243; padding_horizontal=&#8220;0&#8243; width=&#8220;1\/1&#8243; el_position=&#8220;first last&#8220;]\n<h3><strong>Faltbeh\u00e4lter (45L)<br \/>\n<\/strong><\/h3>\n<p>Dieser zusammenklappbare Beh\u00e4lter ist beliebt f\u00fcr seine dauerhafte Kapazit\u00e4t, Platzersparnis und Einsparungen bei Transport- und Austauschkosten.\u00a0Kann f\u00fcr Heim-, B\u00fcro- oder Lagerorganisation verwendet werden.\u00a0Farbe: blau, gr\u00fcn und rot.<\/p>\n[\/spb_boxed_content] [\/spb_column] [\/spb_row]\n","protected":false},"excerpt":{"rendered":"<p>[spb_row element_name=&#8220;Row&#8220; wrap_type=&#8220;content-width&#8220; parallax_image_height=&#8220;content-height&#8220; parallax_image_movement=&#8220;fixed&#8220; parallax_image_speed=&#8220;0.5&#8243; bg_video_loop=&#8220;yes&#8220; parallax_video_height=&#8220;window-height&#8220; parallax_video_overlay=&#8220;none&#8220; row_overlay_opacity=&#8220;0&#8243; row_col_pos=&#8220;default&#8220; width=&#8220;1\/1&#8243; el_position=&#8220;first last&#8220;] [spb_column col_sm=&#8220;12&#8243; col_animation=&#8220;none&#8220; col_animation_delay=&#8220;0&#8243; col_bg_type=&#8220;cover&#8220; col_parallax_image_movement=&#8220;fixed&#8220; col_parallax_image_speed=&#8220;0.5&#8243; col_padding=&#8220;0&#8243; col_vertical_offset=&#8220;0&#8243; col_horizontal_offset=&#8220;0&#8243; col_custom_zindex=&#8220;0&#8243; simplified_controls=&#8220;yes&#8220; custom_css_percentage=&#8220;no&#8220; padding_vertical=&#8220;0&#8243; padding_horizontal=&#8220;0&#8243; margin_vertical=&#8220;0&#8243; custom_css=&#8220;margin-top: 0px;margin-bottom: 0px;&#8220; border_styling_global=&#8220;default&#8220; width=&#8220;1\/1&#8243; el_position=&#8220;first last&#8220;] [spb_text_block animation=&#8220;none&#8220; animation_delay=&#8220;0&#8243; simplified_controls=&#8220;yes&#8220; custom_css_percentage=&#8220;no&#8220; padding_vertical=&#8220;0&#8243; padding_horizontal=&#8220;0&#8243; margin_vertical=&#8220;0&#8243; custom_css=&#8220;margin-top: 0px;margin-bottom: 0px;&#8220; border_size=&#8220;0&#8243; border_styling_global=&#8220;default&#8220; width=&#8220;3\/4&#8243; el_position=&#8220;first&#8220;] Bei Gesti\u00f3n de Compras haben wir eine gro\u00dfe [&hellip;]<\/p>\n","protected":false},"author":3,"featured_media":5417,"parent":8686,"menu_order":0,"comment_status":"closed","ping_status":"closed","template":"page-title.php","meta":{"footnotes":""},"yoast_head":"<!-- This site is optimized with the Yoast SEO plugin v22.4 - https:\/\/yoast.com\/wordpress\/plugins\/seo\/ -->\n<title>Faltbare Kunststoffbeh\u00e4lter und Paletten - Gesti\u00f3n De Compras<\/title>\n<meta name=\"description\" content=\"Bei Gesti\u00f3n de Compras haben wir eine gro\u00dfe Auswahl an Kisten, Beh\u00e4ltern und anderen Arten von Produkten f\u00fcr den Transport und die Lagerung.\" \/>\n<meta name=\"robots\" content=\"index, follow, max-snippet:-1, max-image-preview:large, max-video-preview:-1\" \/>\n<link rel=\"canonical\" href=\"https:\/\/wp.gestiondecompras.com\/de\/produkte\/kunststoffteile\/faltbare-kunststoffbehaelter-und-paletten\/\" \/>\n<meta property=\"og:locale\" content=\"de_DE\" \/>\n<meta property=\"og:type\" content=\"article\" \/>\n<meta property=\"og:title\" content=\"Faltbare Kunststoffbeh\u00e4lter und Paletten - Gesti\u00f3n De Compras\" \/>\n<meta property=\"og:description\" content=\"Bei Gesti\u00f3n de Compras haben wir eine gro\u00dfe Auswahl an Kisten, Beh\u00e4ltern und anderen Arten von Produkten f\u00fcr den Transport und die Lagerung.\" \/>\n<meta property=\"og:url\" content=\"https:\/\/wp.gestiondecompras.com\/de\/produkte\/kunststoffteile\/faltbare-kunststoffbehaelter-und-paletten\/\" \/>\n<meta property=\"og:site_name\" content=\"Gesti\u00f3n De Compras\" \/>\n<meta property=\"article:modified_time\" content=\"2021-11-09T11:36:02+00:00\" \/>\n<meta property=\"og:image\" content=\"https:\/\/wp.gestiondecompras.com\/wp-content\/uploads\/2021\/06\/modelo-c-2.jpg\" \/>\n\t<meta property=\"og:image:width\" content=\"480\" \/>\n\t<meta property=\"og:image:height\" content=\"452\" \/>\n\t<meta property=\"og:image:type\" content=\"image\/jpeg\" \/>\n<meta name=\"twitter:card\" content=\"summary_large_image\" \/>\n<meta name=\"twitter:label1\" content=\"Gesch\u00e4tzte Lesezeit\" \/>\n\t<meta name=\"twitter:data1\" content=\"4\u00a0Minuten\" \/>\n<script type=\"application\/ld+json\" class=\"yoast-schema-graph\">{\"@context\":\"https:\/\/schema.org\",\"@graph\":[{\"@type\":\"WebPage\",\"@id\":\"https:\/\/wp.gestiondecompras.com\/de\/produkte\/kunststoffteile\/faltbare-kunststoffbehaelter-und-paletten\/\",\"url\":\"https:\/\/wp.gestiondecompras.com\/de\/produkte\/kunststoffteile\/faltbare-kunststoffbehaelter-und-paletten\/\",\"name\":\"Faltbare Kunststoffbeh\u00e4lter und Paletten - Gesti\u00f3n De Compras\",\"isPartOf\":{\"@id\":\"https:\/\/wp.gestiondecompras.com\/de\/#website\"},\"primaryImageOfPage\":{\"@id\":\"https:\/\/wp.gestiondecompras.com\/de\/produkte\/kunststoffteile\/faltbare-kunststoffbehaelter-und-paletten\/#primaryimage\"},\"image\":{\"@id\":\"https:\/\/wp.gestiondecompras.com\/de\/produkte\/kunststoffteile\/faltbare-kunststoffbehaelter-und-paletten\/#primaryimage\"},\"thumbnailUrl\":\"https:\/\/wp.gestiondecompras.com\/wp-content\/uploads\/2021\/06\/modelo-c-2.jpg\",\"datePublished\":\"2021-06-17T11:07:14+00:00\",\"dateModified\":\"2021-11-09T11:36:02+00:00\",\"description\":\"Bei Gesti\u00f3n de Compras haben wir eine gro\u00dfe Auswahl an Kisten, Beh\u00e4ltern und anderen Arten von Produkten f\u00fcr den Transport und die Lagerung.\",\"breadcrumb\":{\"@id\":\"https:\/\/wp.gestiondecompras.com\/de\/produkte\/kunststoffteile\/faltbare-kunststoffbehaelter-und-paletten\/#breadcrumb\"},\"inLanguage\":\"de\",\"potentialAction\":[{\"@type\":\"ReadAction\",\"target\":[\"https:\/\/wp.gestiondecompras.com\/de\/produkte\/kunststoffteile\/faltbare-kunststoffbehaelter-und-paletten\/\"]}]},{\"@type\":\"ImageObject\",\"inLanguage\":\"de\",\"@id\":\"https:\/\/wp.gestiondecompras.com\/de\/produkte\/kunststoffteile\/faltbare-kunststoffbehaelter-und-paletten\/#primaryimage\",\"url\":\"https:\/\/wp.gestiondecompras.com\/wp-content\/uploads\/2021\/06\/modelo-c-2.jpg\",\"contentUrl\":\"https:\/\/wp.gestiondecompras.com\/wp-content\/uploads\/2021\/06\/modelo-c-2.jpg\",\"width\":480,\"height\":452,\"caption\":\"caja modelo c-2\"},{\"@type\":\"BreadcrumbList\",\"@id\":\"https:\/\/wp.gestiondecompras.com\/de\/produkte\/kunststoffteile\/faltbare-kunststoffbehaelter-und-paletten\/#breadcrumb\",\"itemListElement\":[{\"@type\":\"ListItem\",\"position\":1,\"name\":\"Heim\",\"item\":\"https:\/\/wp.gestiondecompras.com\/de\/\"},{\"@type\":\"ListItem\",\"position\":2,\"name\":\"Produkte\",\"item\":\"https:\/\/wp.gestiondecompras.com\/de\/productos\/\"},{\"@type\":\"ListItem\",\"position\":3,\"name\":\"Kunststoffteile\",\"item\":\"https:\/\/wp.gestiondecompras.com\/de\/productos\/piezas-plasticas\/\"},{\"@type\":\"ListItem\",\"position\":4,\"name\":\"Faltbare Kunststoffbeh\u00e4lter und Paletten\"}]},{\"@type\":\"WebSite\",\"@id\":\"https:\/\/wp.gestiondecompras.com\/de\/#website\",\"url\":\"https:\/\/wp.gestiondecompras.com\/de\/\",\"name\":\"Gesti\u00f3n De Compras\",\"description\":\"Sourcing Internacional\",\"potentialAction\":[{\"@type\":\"SearchAction\",\"target\":{\"@type\":\"EntryPoint\",\"urlTemplate\":\"https:\/\/wp.gestiondecompras.com\/de\/?s={search_term_string}\"},\"query-input\":\"required name=search_term_string\"}],\"inLanguage\":\"de\"}]}<\/script>\n<!-- \/ Yoast SEO plugin. -->","yoast_head_json":{"title":"Faltbare Kunststoffbeh\u00e4lter und Paletten - Gesti\u00f3n De Compras","description":"Bei Gesti\u00f3n de Compras haben wir eine gro\u00dfe Auswahl an Kisten, Beh\u00e4ltern und anderen Arten von Produkten f\u00fcr den Transport und die Lagerung.","robots":{"index":"index","follow":"follow","max-snippet":"max-snippet:-1","max-image-preview":"max-image-preview:large","max-video-preview":"max-video-preview:-1"},"canonical":"https:\/\/wp.gestiondecompras.com\/de\/produkte\/kunststoffteile\/faltbare-kunststoffbehaelter-und-paletten\/","og_locale":"de_DE","og_type":"article","og_title":"Faltbare Kunststoffbeh\u00e4lter und Paletten - Gesti\u00f3n De Compras","og_description":"Bei Gesti\u00f3n de Compras haben wir eine gro\u00dfe Auswahl an Kisten, Beh\u00e4ltern und anderen Arten von Produkten f\u00fcr den Transport und die Lagerung.","og_url":"https:\/\/wp.gestiondecompras.com\/de\/produkte\/kunststoffteile\/faltbare-kunststoffbehaelter-und-paletten\/","og_site_name":"Gesti\u00f3n De Compras","article_modified_time":"2021-11-09T11:36:02+00:00","og_image":[{"width":480,"height":452,"url":"https:\/\/wp.gestiondecompras.com\/wp-content\/uploads\/2021\/06\/modelo-c-2.jpg","type":"image\/jpeg"}],"twitter_card":"summary_large_image","twitter_misc":{"Gesch\u00e4tzte Lesezeit":"4\u00a0Minuten"},"schema":{"@context":"https:\/\/schema.org","@graph":[{"@type":"WebPage","@id":"https:\/\/wp.gestiondecompras.com\/de\/produkte\/kunststoffteile\/faltbare-kunststoffbehaelter-und-paletten\/","url":"https:\/\/wp.gestiondecompras.com\/de\/produkte\/kunststoffteile\/faltbare-kunststoffbehaelter-und-paletten\/","name":"Faltbare Kunststoffbeh\u00e4lter und Paletten - Gesti\u00f3n De Compras","isPartOf":{"@id":"https:\/\/wp.gestiondecompras.com\/de\/#website"},"primaryImageOfPage":{"@id":"https:\/\/wp.gestiondecompras.com\/de\/produkte\/kunststoffteile\/faltbare-kunststoffbehaelter-und-paletten\/#primaryimage"},"image":{"@id":"https:\/\/wp.gestiondecompras.com\/de\/produkte\/kunststoffteile\/faltbare-kunststoffbehaelter-und-paletten\/#primaryimage"},"thumbnailUrl":"https:\/\/wp.gestiondecompras.com\/wp-content\/uploads\/2021\/06\/modelo-c-2.jpg","datePublished":"2021-06-17T11:07:14+00:00","dateModified":"2021-11-09T11:36:02+00:00","description":"Bei Gesti\u00f3n de Compras haben wir eine gro\u00dfe Auswahl an Kisten, Beh\u00e4ltern und anderen Arten von Produkten f\u00fcr den Transport und die Lagerung.","breadcrumb":{"@id":"https:\/\/wp.gestiondecompras.com\/de\/produkte\/kunststoffteile\/faltbare-kunststoffbehaelter-und-paletten\/#breadcrumb"},"inLanguage":"de","potentialAction":[{"@type":"ReadAction","target":["https:\/\/wp.gestiondecompras.com\/de\/produkte\/kunststoffteile\/faltbare-kunststoffbehaelter-und-paletten\/"]}]},{"@type":"ImageObject","inLanguage":"de","@id":"https:\/\/wp.gestiondecompras.com\/de\/produkte\/kunststoffteile\/faltbare-kunststoffbehaelter-und-paletten\/#primaryimage","url":"https:\/\/wp.gestiondecompras.com\/wp-content\/uploads\/2021\/06\/modelo-c-2.jpg","contentUrl":"https:\/\/wp.gestiondecompras.com\/wp-content\/uploads\/2021\/06\/modelo-c-2.jpg","width":480,"height":452,"caption":"caja modelo c-2"},{"@type":"BreadcrumbList","@id":"https:\/\/wp.gestiondecompras.com\/de\/produkte\/kunststoffteile\/faltbare-kunststoffbehaelter-und-paletten\/#breadcrumb","itemListElement":[{"@type":"ListItem","position":1,"name":"Heim","item":"https:\/\/wp.gestiondecompras.com\/de\/"},{"@type":"ListItem","position":2,"name":"Produkte","item":"https:\/\/wp.gestiondecompras.com\/de\/productos\/"},{"@type":"ListItem","position":3,"name":"Kunststoffteile","item":"https:\/\/wp.gestiondecompras.com\/de\/productos\/piezas-plasticas\/"},{"@type":"ListItem","position":4,"name":"Faltbare Kunststoffbeh\u00e4lter und Paletten"}]},{"@type":"WebSite","@id":"https:\/\/wp.gestiondecompras.com\/de\/#website","url":"https:\/\/wp.gestiondecompras.com\/de\/","name":"Gesti\u00f3n De Compras","description":"Sourcing Internacional","potentialAction":[{"@type":"SearchAction","target":{"@type":"EntryPoint","urlTemplate":"https:\/\/wp.gestiondecompras.com\/de\/?s={search_term_string}"},"query-input":"required name=search_term_string"}],"inLanguage":"de"}]}},"_links":{"self":[{"href":"https:\/\/wp.gestiondecompras.com\/de\/wp-json\/wp\/v2\/pages\/8989"}],"collection":[{"href":"https:\/\/wp.gestiondecompras.com\/de\/wp-json\/wp\/v2\/pages"}],"about":[{"href":"https:\/\/wp.gestiondecompras.com\/de\/wp-json\/wp\/v2\/types\/page"}],"author":[{"embeddable":true,"href":"https:\/\/wp.gestiondecompras.com\/de\/wp-json\/wp\/v2\/users\/3"}],"replies":[{"embeddable":true,"href":"https:\/\/wp.gestiondecompras.com\/de\/wp-json\/wp\/v2\/comments?post=8989"}],"version-history":[{"count":3,"href":"https:\/\/wp.gestiondecompras.com\/de\/wp-json\/wp\/v2\/pages\/8989\/revisions"}],"predecessor-version":[{"id":10495,"href":"https:\/\/wp.gestiondecompras.com\/de\/wp-json\/wp\/v2\/pages\/8989\/revisions\/10495"}],"up":[{"embeddable":true,"href":"https:\/\/wp.gestiondecompras.com\/de\/wp-json\/wp\/v2\/pages\/8686"}],"wp:featuredmedia":[{"embeddable":true,"href":"https:\/\/wp.gestiondecompras.com\/de\/wp-json\/wp\/v2\/media\/5417"}],"wp:attachment":[{"href":"https:\/\/wp.gestiondecompras.com\/de\/wp-json\/wp\/v2\/media?parent=8989"}],"curies":[{"name":"wp","href":"https:\/\/api.w.org\/{rel}","templated":true}]}}