{"id":8898,"date":"2021-06-01T15:03:47","date_gmt":"2021-06-01T15:03:47","guid":{"rendered":"https:\/\/wp.gestiondecompras.com\/?page_id=8898"},"modified":"2021-11-09T11:43:31","modified_gmt":"2021-11-09T11:43:31","slug":"kueltechnik-und-klimatechnik","status":"publish","type":"page","link":"https:\/\/wp.gestiondecompras.com\/de\/produkte\/heizung-lueftung-und-klimatisierung\/kueltechnik-und-klimatechnik\/","title":{"rendered":"K\u00fcltechnik und Klimatechnik"},"content":{"rendered":"[spb_row element_name=&#8220;Row&#8220; wrap_type=&#8220;content-width&#8220; parallax_image_height=&#8220;content-height&#8220; parallax_image_movement=&#8220;fixed&#8220; parallax_image_speed=&#8220;0.5&#8243; bg_video_loop=&#8220;yes&#8220; parallax_video_height=&#8220;window-height&#8220; parallax_video_overlay=&#8220;none&#8220; row_overlay_opacity=&#8220;0&#8243; row_col_pos=&#8220;default&#8220; width=&#8220;1\/1&#8243; el_position=&#8220;first last&#8220;] [spb_column col_sm=&#8220;12&#8243; col_animation=&#8220;none&#8220; col_animation_delay=&#8220;0&#8243; col_bg_type=&#8220;cover&#8220; col_parallax_image_movement=&#8220;fixed&#8220; col_parallax_image_speed=&#8220;0.5&#8243; col_padding=&#8220;0&#8243; col_vertical_offset=&#8220;0&#8243; col_horizontal_offset=&#8220;0&#8243; col_custom_zindex=&#8220;0&#8243; simplified_controls=&#8220;yes&#8220; custom_css_percentage=&#8220;no&#8220; padding_vertical=&#8220;0&#8243; padding_horizontal=&#8220;0&#8243; margin_vertical=&#8220;0&#8243; custom_css=&#8220;margin-top: 0px;margin-bottom: 0px;&#8220; border_styling_global=&#8220;default&#8220; width=&#8220;1\/1&#8243; el_position=&#8220;first last&#8220;] [spb_text_block animation=&#8220;none&#8220; animation_delay=&#8220;0&#8243; simplified_controls=&#8220;yes&#8220; custom_css_percentage=&#8220;no&#8220; padding_vertical=&#8220;0&#8243; padding_horizontal=&#8220;0&#8243; margin_vertical=&#8220;0&#8243; custom_css=&#8220;margin-top: 0px;margin-bottom: 0px;&#8220; border_size=&#8220;0&#8243; border_styling_global=&#8220;default&#8220; width=&#8220;3\/4&#8243; el_position=&#8220;first&#8220;]\n<p>Gestion de Compras liefert eine gro\u00dfe Auswahl von Produkten zur Montage, Installation und Instandhaltung f\u00fcr die K\u00e4lte- und Klimatechnik.<\/p>\n[\/spb_text_block] [spb_text_block animation=&#8220;none&#8220; animation_delay=&#8220;0&#8243; simplified_controls=&#8220;yes&#8220; custom_css_percentage=&#8220;no&#8220; padding_vertical=&#8220;0&#8243; padding_horizontal=&#8220;0&#8243; margin_vertical=&#8220;0&#8243; custom_css=&#8220;margin-top: 0px;margin-bottom: 0px;&#8220; border_size=&#8220;0&#8243; border_styling_global=&#8220;default&#8220; width=&#8220;1\/4&#8243; el_position=&#8220;last&#8220;]\n\n[\/spb_text_block] [spb_text_block animation=&#8220;none&#8220; animation_delay=&#8220;0&#8243; simplified_controls=&#8220;yes&#8220; custom_css_percentage=&#8220;no&#8220; padding_vertical=&#8220;0&#8243; padding_horizontal=&#8220;0&#8243; margin_vertical=&#8220;0&#8243; custom_css=&#8220;margin-top: 0px;margin-bottom: 0px;&#8220; border_size=&#8220;0&#8243; border_styling_global=&#8220;default&#8220; width=&#8220;1\/1&#8243; el_position=&#8220;first last&#8220;]\n<hr style=\"background-color: #0098aa; height: 1px;\" \/>\n[\/spb_text_block] [\/spb_column] [\/spb_row] [spb_row element_name=&#8220;Row&#8220; wrap_type=&#8220;content-width&#8220; parallax_image_height=&#8220;content-height&#8220; parallax_image_movement=&#8220;fixed&#8220; parallax_image_speed=&#8220;0.5&#8243; bg_video_loop=&#8220;yes&#8220; parallax_video_height=&#8220;window-height&#8220; parallax_video_overlay=&#8220;none&#8220; row_overlay_opacity=&#8220;0&#8243; row_col_pos=&#8220;default&#8220; width=&#8220;1\/1&#8243; el_position=&#8220;first last&#8220;] [spb_text_block animation=&#8220;none&#8220; animation_delay=&#8220;0&#8243; simplified_controls=&#8220;yes&#8220; custom_css_percentage=&#8220;no&#8220; padding_vertical=&#8220;0&#8243; padding_horizontal=&#8220;0&#8243; margin_vertical=&#8220;0&#8243; custom_css=&#8220;margin-top: 0px;margin-bottom: 0px;&#8220; border_size=&#8220;0&#8243; border_styling_global=&#8220;default&#8220; width=&#8220;1\/1&#8243; el_position=&#8220;first last&#8220;]\n<h2 style=\"text-align: center;\"><strong>Produkte<br \/>\n<\/strong><\/h2>\n<div class=\"horizontal-break bold\" style=\"background-color: #666d78; width: 100px\"> <\/div>\n[\/spb_text_block] [spb_boxed_content type=&#8220;coloured&#8220; box_link_target=&#8220;_self&#8220; padding_vertical=&#8220;0&#8243; padding_horizontal=&#8220;0&#8243; width=&#8220;1\/1&#8243; el_position=&#8220;first last&#8220;]\n<p style=\"text-align: justify;\">K\u00e4lte- und Klimatechnik ist ein Vorgang zur Ver\u00e4nderung der Lufteigenschaften zu den gew\u00fcnschten Verh\u00e4ltnissen. Dessen Aufgabe ist es die gew\u00fcnschte Temperatur und die relative Luftfeuchtigkeit konstant auf dem gew\u00fcnschten Wert zu halten oder innerhalb eines festgelegten Bereiches um den thermischen Komfort und die Qualit\u00e4t der Innenluft zu verbessern.<\/p>\n<p style=\"text-align: justify;\">Je nach Anwendung gibt es mehrere Optionen und\/oder Kombinationen von Klimatechnik, solche wie Klimatechnik f\u00fcr R\u00e4ume und Maschinen, teilbare Klimatechnik, Ventilator-Konvektor-Einheit\u2026Ebenso nach Stellung unterscheidet man zwischen vielen Typen, solche wie Fenster ausgerichtet, wandmontiert (PTAC), Bodenschranktyp und Dachvariante.<\/p>\n[\/spb_boxed_content] [spb_text_block animation=&#8220;none&#8220; animation_delay=&#8220;0&#8243; simplified_controls=&#8220;yes&#8220; custom_css_percentage=&#8220;no&#8220; padding_vertical=&#8220;0&#8243; padding_horizontal=&#8220;0&#8243; margin_vertical=&#8220;0&#8243; custom_css=&#8220;margin-top: 0px;margin-bottom: 0px;&#8220; border_size=&#8220;0&#8243; border_styling_global=&#8220;default&#8220; width=&#8220;1\/1&#8243; el_position=&#8220;first last&#8220;]\n<h2 style=\"text-align: center;\"><strong>Hinsichtlich der Art der Klimatechnik<\/strong><\/h2>\n<div class=\"horizontal-break bold\" style=\"background-color: #666d78; width: 100px\"> <\/div>\n[\/spb_text_block] [spb_boxed_content type=&#8220;coloured&#8220; box_link_target=&#8220;_self&#8220; padding_vertical=&#8220;0&#8243; padding_horizontal=&#8220;0&#8243; width=&#8220;1\/1&#8243; el_position=&#8220;first last&#8220;]\n<h3>Kompressionsklimatechnik (VCR):<\/h3>\n<p style=\"text-align: justify;\">Die Zyklen sind festgelegt durch Kompressionsfl\u00fcssigkeiten welche bei bestimmten Temperaturen dazu neigen sich abzuk\u00fchlen sofern frei um sich auszudehnen. Ist der Druckwechsel hoch genug, so wird Gas zusammengepresst und hei\u00dfer und umgekehrt. Fl\u00fcssigkeiten werden also dazu genutzt um die Umgebungstemperatur zu erw\u00e4rmen oder abzuk\u00fchlen. Eine Vielzahl von K\u00fchlmitteln werden kommen bei diesen Systems h\u00e4ufig zum Einsatz. Diese geh\u00f6ren zur Familie von chlorhaltigen Fluorkohlenstoffen (CFCs, auch genannt Freaons): R-11, R-12, R-21, R-22 und R-502. Die K\u00fchlmittel sind heute verboten durch CE wegen deren hohen Schadstoffgehalts f\u00fcr die Ozonschicht. Diese K\u00fchlmittel wurden ersetzt durch R134a, R404a, R406a, R507, R407c, R417 and 410a.<\/p>\n[\/spb_boxed_content] [spb_boxed_content type=&#8220;coloured&#8220; box_link_target=&#8220;_self&#8220; padding_vertical=&#8220;0&#8243; padding_horizontal=&#8220;0&#8243; width=&#8220;1\/1&#8243; el_position=&#8220;first last&#8220;]\n<h3>Dampf-Absorptionsk\u00fchlsysteme (VAR):<\/h3>\n<p style=\"text-align: justify;\">Es umfasst alle Prozesse wie Kompression, Kondensation, Expansion und Verdampfung, allerdings das K\u00fchlmittel ist in einem Verdampfer runtergek\u00fchlt und die W\u00e4rme wird durch einen Kondensator freigelassen. Bei Dampf-Absorptionsk\u00fchlsysteme ist Ammoniak, Wasser oder Lithiumbromid.<\/p>\n[\/spb_boxed_content] [spb_blank_spacer height=&#8220;30px&#8220; width=&#8220;1\/1&#8243; el_position=&#8220;first last&#8220;] [spb_boxed_content type=&#8220;coloured&#8220; box_link_target=&#8220;_self&#8220; padding_vertical=&#8220;0&#8243; padding_horizontal=&#8220;0&#8243; width=&#8220;1\/1&#8243; el_position=&#8220;first last&#8220;]\n<div class=\"content\">\n<p style=\"text-align: justify;\">Gestion de Compras bietet Produkte f\u00fcr K\u00fchlsysteme und Klimatechnik solche wie geschwei\u00dfte Halterungen, Bodentr\u00e4ger, Gummid\u00e4mpfer, Kondensationsablaufrohre, verst\u00e4rkte Rohre, Rohrschutz, Installationsboxen, K\u00fchlmittel, Kondensatpumpe, K\u00fchlrohre aus Kupfer, isolierte Kupferrohre, Messing- und Kupferfittings, Verteiler, Sammelleitungen.<\/p>\n<\/div>\n<div class=\"clearfix\" style=\"text-align: justify;\"><\/div>\n[\/spb_boxed_content] [spb_blank_spacer height=&#8220;30px&#8220; width=&#8220;1\/1&#8243; el_position=&#8220;first last&#8220;] [spb_column col_sm=&#8220;4&#8243; padding_horizontal=&#8220;0&#8243; width=&#8220;1\/3&#8243; el_position=&#8220;first&#8220;] [spb_boxed_content type=&#8220;coloured&#8220; box_link_target=&#8220;_self&#8220; padding_vertical=&#8220;0&#8243; padding_horizontal=&#8220;0&#8243; width=&#8220;1\/1&#8243; el_position=&#8220;first last&#8220;]\n<p><img loading=\"lazy\" decoding=\"async\" class=\"aligncenter wp-image-4698 size-full\" src=\"https:\/\/wp.gestiondecompras.com\/wp-content\/uploads\/2021\/06\/refrigeration_product_1.jpg\" alt=\"refrigeration product 2\" width=\"480\" height=\"480\" srcset=\"https:\/\/wp.gestiondecompras.com\/wp-content\/uploads\/2021\/06\/refrigeration_product_1.jpg 480w, https:\/\/wp.gestiondecompras.com\/wp-content\/uploads\/2021\/06\/refrigeration_product_1-300x300.jpg 300w, https:\/\/wp.gestiondecompras.com\/wp-content\/uploads\/2021\/06\/refrigeration_product_1-150x150.jpg 150w\" sizes=\"(max-width: 480px) 100vw, 480px\" \/><\/p>\n[\/spb_boxed_content] [\/spb_column] [spb_column col_sm=&#8220;4&#8243; padding_horizontal=&#8220;0&#8243; width=&#8220;1\/3&#8243;] [spb_boxed_content type=&#8220;coloured&#8220; box_link_target=&#8220;_self&#8220; padding_vertical=&#8220;0&#8243; padding_horizontal=&#8220;0&#8243; width=&#8220;1\/1&#8243; el_position=&#8220;first last&#8220;]\n<p><img loading=\"lazy\" decoding=\"async\" class=\"aligncenter wp-image-4703 size-full\" src=\"https:\/\/wp.gestiondecompras.com\/wp-content\/uploads\/2021\/06\/refrigeration_product_2.jpg\" alt=\"refrigeration product 02\" width=\"480\" height=\"480\" srcset=\"https:\/\/wp.gestiondecompras.com\/wp-content\/uploads\/2021\/06\/refrigeration_product_2.jpg 480w, https:\/\/wp.gestiondecompras.com\/wp-content\/uploads\/2021\/06\/refrigeration_product_2-300x300.jpg 300w, https:\/\/wp.gestiondecompras.com\/wp-content\/uploads\/2021\/06\/refrigeration_product_2-150x150.jpg 150w\" sizes=\"(max-width: 480px) 100vw, 480px\" \/><\/p>\n[\/spb_boxed_content] [\/spb_column] [spb_column col_sm=&#8220;4&#8243; padding_horizontal=&#8220;0&#8243; width=&#8220;1\/3&#8243; el_position=&#8220;last&#8220;] [spb_boxed_content type=&#8220;coloured&#8220; box_link_target=&#8220;_self&#8220; padding_vertical=&#8220;0&#8243; padding_horizontal=&#8220;0&#8243; width=&#8220;1\/1&#8243; el_position=&#8220;first last&#8220;]\n<p><img loading=\"lazy\" decoding=\"async\" class=\"aligncenter wp-image-4708 size-full\" src=\"https:\/\/wp.gestiondecompras.com\/wp-content\/uploads\/2021\/06\/refrigeration_product_3.jpg\" alt=\"refrigetation product 03\" width=\"480\" height=\"480\" srcset=\"https:\/\/wp.gestiondecompras.com\/wp-content\/uploads\/2021\/06\/refrigeration_product_3.jpg 480w, https:\/\/wp.gestiondecompras.com\/wp-content\/uploads\/2021\/06\/refrigeration_product_3-300x300.jpg 300w, https:\/\/wp.gestiondecompras.com\/wp-content\/uploads\/2021\/06\/refrigeration_product_3-150x150.jpg 150w\" sizes=\"(max-width: 480px) 100vw, 480px\" \/><\/p>\n[\/spb_boxed_content] [\/spb_column] [\/spb_row] [spb_row element_name=&#8220;Row&#8220; wrap_type=&#8220;content-width&#8220; parallax_image_height=&#8220;content-height&#8220; parallax_image_movement=&#8220;fixed&#8220; parallax_image_speed=&#8220;0.5&#8243; bg_video_loop=&#8220;yes&#8220; parallax_video_height=&#8220;window-height&#8220; parallax_video_overlay=&#8220;none&#8220; row_overlay_opacity=&#8220;0&#8243; row_col_pos=&#8220;default&#8220; width=&#8220;1\/1&#8243; el_position=&#8220;first last&#8220;] [spb_column col_sm=&#8220;12&#8243; padding_horizontal=&#8220;0&#8243; width=&#8220;1\/1&#8243; el_position=&#8220;first last&#8220;] [spb_blank_spacer height=&#8220;30px&#8220; width=&#8220;1\/1&#8243; el_position=&#8220;first last&#8220;] [spb_text_block animation=&#8220;none&#8220; animation_delay=&#8220;0&#8243; simplified_controls=&#8220;yes&#8220; custom_css_percentage=&#8220;no&#8220; padding_vertical=&#8220;0&#8243; padding_horizontal=&#8220;0&#8243; margin_vertical=&#8220;0&#8243; custom_css=&#8220;margin-top: 0px;margin-bottom: 0px;&#8220; border_size=&#8220;0&#8243; border_styling_global=&#8220;default&#8220; width=&#8220;1\/1&#8243; el_position=&#8220;first last&#8220;]\n<h2 style=\"text-align: center;\"><strong>Standard und zertifikates<\/strong><\/h2>\n<div class=\"horizontal-break bold\" style=\"background-color: #666d78; width: 100px\"> <\/div>\n<p>&nbsp;<\/p>\n[\/spb_text_block] [\/spb_column] [spb_column col_sm=&#8220;6&#8243; padding_horizontal=&#8220;0&#8243; width=&#8220;1\/2&#8243; el_position=&#8220;first&#8220;] [spb_text_block animation=&#8220;none&#8220; animation_delay=&#8220;0&#8243; simplified_controls=&#8220;yes&#8220; custom_css_percentage=&#8220;no&#8220; padding_vertical=&#8220;0&#8243; padding_horizontal=&#8220;0&#8243; margin_vertical=&#8220;0&#8243; custom_css=&#8220;margin-top: 0px;margin-bottom: 0px;&#8220; border_size=&#8220;0&#8243; border_styling_global=&#8220;default&#8220; width=&#8220;1\/1&#8243; el_position=&#8220;first last&#8220;]\n<ul>\n<li><em>ISO 9001.<\/em><\/li>\n<li><em>ISO 14001.<\/em><\/li>\n<li><em>OHSAS 18001.<\/em><\/li>\n<\/ul>\n[\/spb_text_block] [\/spb_column] [spb_column col_sm=&#8220;6&#8243; padding_horizontal=&#8220;0&#8243; width=&#8220;1\/2&#8243; el_position=&#8220;last&#8220;] [spb_text_block animation=&#8220;none&#8220; animation_delay=&#8220;0&#8243; simplified_controls=&#8220;yes&#8220; custom_css_percentage=&#8220;no&#8220; padding_vertical=&#8220;0&#8243; padding_horizontal=&#8220;0&#8243; margin_vertical=&#8220;0&#8243; custom_css=&#8220;margin-top: 0px;margin-bottom: 0px;&#8220; border_size=&#8220;0&#8243; border_styling_global=&#8220;default&#8220; width=&#8220;1\/1&#8243; el_position=&#8220;first last&#8220;]\n<p><img loading=\"lazy\" decoding=\"async\" class=\"alignnone wp-image-1705 size-full\" src=\"https:\/\/wp.gestiondecompras.com\/wp-content\/uploads\/2021\/05\/sellos.jpg\" alt=\"sellos\" width=\"800\" height=\"150\" srcset=\"https:\/\/wp.gestiondecompras.com\/wp-content\/uploads\/2021\/05\/sellos.jpg 800w, https:\/\/wp.gestiondecompras.com\/wp-content\/uploads\/2021\/05\/sellos-300x56.jpg 300w, https:\/\/wp.gestiondecompras.com\/wp-content\/uploads\/2021\/05\/sellos-768x144.jpg 768w\" sizes=\"(max-width: 800px) 100vw, 800px\" \/><\/p>\n[\/spb_text_block] [\/spb_column] [\/spb_row]\n","protected":false},"excerpt":{"rendered":"<p>[spb_row element_name=&#8220;Row&#8220; wrap_type=&#8220;content-width&#8220; parallax_image_height=&#8220;content-height&#8220; parallax_image_movement=&#8220;fixed&#8220; parallax_image_speed=&#8220;0.5&#8243; bg_video_loop=&#8220;yes&#8220; parallax_video_height=&#8220;window-height&#8220; parallax_video_overlay=&#8220;none&#8220; row_overlay_opacity=&#8220;0&#8243; row_col_pos=&#8220;default&#8220; width=&#8220;1\/1&#8243; el_position=&#8220;first last&#8220;] [spb_column col_sm=&#8220;12&#8243; col_animation=&#8220;none&#8220; col_animation_delay=&#8220;0&#8243; col_bg_type=&#8220;cover&#8220; col_parallax_image_movement=&#8220;fixed&#8220; col_parallax_image_speed=&#8220;0.5&#8243; col_padding=&#8220;0&#8243; col_vertical_offset=&#8220;0&#8243; col_horizontal_offset=&#8220;0&#8243; col_custom_zindex=&#8220;0&#8243; simplified_controls=&#8220;yes&#8220; custom_css_percentage=&#8220;no&#8220; padding_vertical=&#8220;0&#8243; padding_horizontal=&#8220;0&#8243; margin_vertical=&#8220;0&#8243; custom_css=&#8220;margin-top: 0px;margin-bottom: 0px;&#8220; border_styling_global=&#8220;default&#8220; width=&#8220;1\/1&#8243; el_position=&#8220;first last&#8220;] [spb_text_block animation=&#8220;none&#8220; animation_delay=&#8220;0&#8243; simplified_controls=&#8220;yes&#8220; custom_css_percentage=&#8220;no&#8220; padding_vertical=&#8220;0&#8243; padding_horizontal=&#8220;0&#8243; margin_vertical=&#8220;0&#8243; custom_css=&#8220;margin-top: 0px;margin-bottom: 0px;&#8220; border_size=&#8220;0&#8243; border_styling_global=&#8220;default&#8220; width=&#8220;3\/4&#8243; el_position=&#8220;first&#8220;] Gestion de Compras liefert eine gro\u00dfe Auswahl von [&hellip;]<\/p>\n","protected":false},"author":3,"featured_media":4700,"parent":8732,"menu_order":0,"comment_status":"closed","ping_status":"closed","template":"page-title.php","meta":{"footnotes":""},"yoast_head":"<!-- This site is optimized with the Yoast SEO plugin v22.4 - https:\/\/yoast.com\/wordpress\/plugins\/seo\/ -->\n<title>K\u00fcltechnik und Klimatechnik. Produkte - Gesti\u00f3n De Compras<\/title>\n<meta name=\"description\" content=\"Gestion de Compras liefert eine gro\u00dfe Auswahl von Produkten zur Montage, Installation und Instandhaltung f\u00fcr die K\u00e4lte- und Klimatechnik.\" \/>\n<meta name=\"robots\" content=\"index, follow, max-snippet:-1, max-image-preview:large, max-video-preview:-1\" \/>\n<link rel=\"canonical\" href=\"https:\/\/wp.gestiondecompras.com\/de\/produkte\/heizung-lueftung-und-klimatisierung\/kueltechnik-und-klimatechnik\/\" \/>\n<meta property=\"og:locale\" content=\"de_DE\" \/>\n<meta property=\"og:type\" content=\"article\" \/>\n<meta property=\"og:title\" content=\"K\u00fcltechnik und Klimatechnik. Produkte - Gesti\u00f3n De Compras\" \/>\n<meta property=\"og:description\" content=\"Gestion de Compras liefert eine gro\u00dfe Auswahl von Produkten zur Montage, Installation und Instandhaltung f\u00fcr die K\u00e4lte- und Klimatechnik.\" \/>\n<meta property=\"og:url\" content=\"https:\/\/wp.gestiondecompras.com\/de\/produkte\/heizung-lueftung-und-klimatisierung\/kueltechnik-und-klimatechnik\/\" \/>\n<meta property=\"og:site_name\" content=\"Gesti\u00f3n De Compras\" \/>\n<meta property=\"article:modified_time\" content=\"2021-11-09T11:43:31+00:00\" \/>\n<meta property=\"og:image\" content=\"https:\/\/wp.gestiondecompras.com\/wp-content\/uploads\/2021\/06\/refrigeration_product_1.jpg\" \/>\n\t<meta property=\"og:image:width\" content=\"480\" \/>\n\t<meta property=\"og:image:height\" content=\"480\" \/>\n\t<meta property=\"og:image:type\" content=\"image\/jpeg\" \/>\n<meta name=\"twitter:card\" content=\"summary_large_image\" \/>\n<meta name=\"twitter:label1\" content=\"Gesch\u00e4tzte Lesezeit\" \/>\n\t<meta name=\"twitter:data1\" content=\"6\u00a0Minuten\" \/>\n<script type=\"application\/ld+json\" class=\"yoast-schema-graph\">{\"@context\":\"https:\/\/schema.org\",\"@graph\":[{\"@type\":\"WebPage\",\"@id\":\"https:\/\/wp.gestiondecompras.com\/de\/produkte\/heizung-lueftung-und-klimatisierung\/kueltechnik-und-klimatechnik\/\",\"url\":\"https:\/\/wp.gestiondecompras.com\/de\/produkte\/heizung-lueftung-und-klimatisierung\/kueltechnik-und-klimatechnik\/\",\"name\":\"K\u00fcltechnik und Klimatechnik. Produkte - Gesti\u00f3n De Compras\",\"isPartOf\":{\"@id\":\"https:\/\/wp.gestiondecompras.com\/de\/#website\"},\"primaryImageOfPage\":{\"@id\":\"https:\/\/wp.gestiondecompras.com\/de\/produkte\/heizung-lueftung-und-klimatisierung\/kueltechnik-und-klimatechnik\/#primaryimage\"},\"image\":{\"@id\":\"https:\/\/wp.gestiondecompras.com\/de\/produkte\/heizung-lueftung-und-klimatisierung\/kueltechnik-und-klimatechnik\/#primaryimage\"},\"thumbnailUrl\":\"https:\/\/wp.gestiondecompras.com\/wp-content\/uploads\/2021\/06\/refrigeration_product_1.jpg\",\"datePublished\":\"2021-06-01T15:03:47+00:00\",\"dateModified\":\"2021-11-09T11:43:31+00:00\",\"description\":\"Gestion de Compras liefert eine gro\u00dfe Auswahl von Produkten zur Montage, Installation und Instandhaltung f\u00fcr die K\u00e4lte- und Klimatechnik.\",\"breadcrumb\":{\"@id\":\"https:\/\/wp.gestiondecompras.com\/de\/produkte\/heizung-lueftung-und-klimatisierung\/kueltechnik-und-klimatechnik\/#breadcrumb\"},\"inLanguage\":\"de\",\"potentialAction\":[{\"@type\":\"ReadAction\",\"target\":[\"https:\/\/wp.gestiondecompras.com\/de\/produkte\/heizung-lueftung-und-klimatisierung\/kueltechnik-und-klimatechnik\/\"]}]},{\"@type\":\"ImageObject\",\"inLanguage\":\"de\",\"@id\":\"https:\/\/wp.gestiondecompras.com\/de\/produkte\/heizung-lueftung-und-klimatisierung\/kueltechnik-und-klimatechnik\/#primaryimage\",\"url\":\"https:\/\/wp.gestiondecompras.com\/wp-content\/uploads\/2021\/06\/refrigeration_product_1.jpg\",\"contentUrl\":\"https:\/\/wp.gestiondecompras.com\/wp-content\/uploads\/2021\/06\/refrigeration_product_1.jpg\",\"width\":480,\"height\":480,\"caption\":\"refrigeraci\u00f3n\"},{\"@type\":\"BreadcrumbList\",\"@id\":\"https:\/\/wp.gestiondecompras.com\/de\/produkte\/heizung-lueftung-und-klimatisierung\/kueltechnik-und-klimatechnik\/#breadcrumb\",\"itemListElement\":[{\"@type\":\"ListItem\",\"position\":1,\"name\":\"Heim\",\"item\":\"https:\/\/wp.gestiondecompras.com\/de\/\"},{\"@type\":\"ListItem\",\"position\":2,\"name\":\"Produkte\",\"item\":\"https:\/\/wp.gestiondecompras.com\/de\/productos\/\"},{\"@type\":\"ListItem\",\"position\":3,\"name\":\"Heizung, L\u00fcftung und Klimatisierung\",\"item\":\"https:\/\/wp.gestiondecompras.com\/de\/productos\/climatizacion\/\"},{\"@type\":\"ListItem\",\"position\":4,\"name\":\"K\u00fcltechnik und Klimatechnik\"}]},{\"@type\":\"WebSite\",\"@id\":\"https:\/\/wp.gestiondecompras.com\/de\/#website\",\"url\":\"https:\/\/wp.gestiondecompras.com\/de\/\",\"name\":\"Gesti\u00f3n De Compras\",\"description\":\"Sourcing Internacional\",\"potentialAction\":[{\"@type\":\"SearchAction\",\"target\":{\"@type\":\"EntryPoint\",\"urlTemplate\":\"https:\/\/wp.gestiondecompras.com\/de\/?s={search_term_string}\"},\"query-input\":\"required name=search_term_string\"}],\"inLanguage\":\"de\"}]}<\/script>\n<!-- \/ Yoast SEO plugin. -->","yoast_head_json":{"title":"K\u00fcltechnik und Klimatechnik. Produkte - Gesti\u00f3n De Compras","description":"Gestion de Compras liefert eine gro\u00dfe Auswahl von Produkten zur Montage, Installation und Instandhaltung f\u00fcr die K\u00e4lte- und Klimatechnik.","robots":{"index":"index","follow":"follow","max-snippet":"max-snippet:-1","max-image-preview":"max-image-preview:large","max-video-preview":"max-video-preview:-1"},"canonical":"https:\/\/wp.gestiondecompras.com\/de\/produkte\/heizung-lueftung-und-klimatisierung\/kueltechnik-und-klimatechnik\/","og_locale":"de_DE","og_type":"article","og_title":"K\u00fcltechnik und Klimatechnik. Produkte - Gesti\u00f3n De Compras","og_description":"Gestion de Compras liefert eine gro\u00dfe Auswahl von Produkten zur Montage, Installation und Instandhaltung f\u00fcr die K\u00e4lte- und Klimatechnik.","og_url":"https:\/\/wp.gestiondecompras.com\/de\/produkte\/heizung-lueftung-und-klimatisierung\/kueltechnik-und-klimatechnik\/","og_site_name":"Gesti\u00f3n De Compras","article_modified_time":"2021-11-09T11:43:31+00:00","og_image":[{"width":480,"height":480,"url":"https:\/\/wp.gestiondecompras.com\/wp-content\/uploads\/2021\/06\/refrigeration_product_1.jpg","type":"image\/jpeg"}],"twitter_card":"summary_large_image","twitter_misc":{"Gesch\u00e4tzte Lesezeit":"6\u00a0Minuten"},"schema":{"@context":"https:\/\/schema.org","@graph":[{"@type":"WebPage","@id":"https:\/\/wp.gestiondecompras.com\/de\/produkte\/heizung-lueftung-und-klimatisierung\/kueltechnik-und-klimatechnik\/","url":"https:\/\/wp.gestiondecompras.com\/de\/produkte\/heizung-lueftung-und-klimatisierung\/kueltechnik-und-klimatechnik\/","name":"K\u00fcltechnik und Klimatechnik. Produkte - Gesti\u00f3n De Compras","isPartOf":{"@id":"https:\/\/wp.gestiondecompras.com\/de\/#website"},"primaryImageOfPage":{"@id":"https:\/\/wp.gestiondecompras.com\/de\/produkte\/heizung-lueftung-und-klimatisierung\/kueltechnik-und-klimatechnik\/#primaryimage"},"image":{"@id":"https:\/\/wp.gestiondecompras.com\/de\/produkte\/heizung-lueftung-und-klimatisierung\/kueltechnik-und-klimatechnik\/#primaryimage"},"thumbnailUrl":"https:\/\/wp.gestiondecompras.com\/wp-content\/uploads\/2021\/06\/refrigeration_product_1.jpg","datePublished":"2021-06-01T15:03:47+00:00","dateModified":"2021-11-09T11:43:31+00:00","description":"Gestion de Compras liefert eine gro\u00dfe Auswahl von Produkten zur Montage, Installation und Instandhaltung f\u00fcr die K\u00e4lte- und Klimatechnik.","breadcrumb":{"@id":"https:\/\/wp.gestiondecompras.com\/de\/produkte\/heizung-lueftung-und-klimatisierung\/kueltechnik-und-klimatechnik\/#breadcrumb"},"inLanguage":"de","potentialAction":[{"@type":"ReadAction","target":["https:\/\/wp.gestiondecompras.com\/de\/produkte\/heizung-lueftung-und-klimatisierung\/kueltechnik-und-klimatechnik\/"]}]},{"@type":"ImageObject","inLanguage":"de","@id":"https:\/\/wp.gestiondecompras.com\/de\/produkte\/heizung-lueftung-und-klimatisierung\/kueltechnik-und-klimatechnik\/#primaryimage","url":"https:\/\/wp.gestiondecompras.com\/wp-content\/uploads\/2021\/06\/refrigeration_product_1.jpg","contentUrl":"https:\/\/wp.gestiondecompras.com\/wp-content\/uploads\/2021\/06\/refrigeration_product_1.jpg","width":480,"height":480,"caption":"refrigeraci\u00f3n"},{"@type":"BreadcrumbList","@id":"https:\/\/wp.gestiondecompras.com\/de\/produkte\/heizung-lueftung-und-klimatisierung\/kueltechnik-und-klimatechnik\/#breadcrumb","itemListElement":[{"@type":"ListItem","position":1,"name":"Heim","item":"https:\/\/wp.gestiondecompras.com\/de\/"},{"@type":"ListItem","position":2,"name":"Produkte","item":"https:\/\/wp.gestiondecompras.com\/de\/productos\/"},{"@type":"ListItem","position":3,"name":"Heizung, L\u00fcftung und Klimatisierung","item":"https:\/\/wp.gestiondecompras.com\/de\/productos\/climatizacion\/"},{"@type":"ListItem","position":4,"name":"K\u00fcltechnik und Klimatechnik"}]},{"@type":"WebSite","@id":"https:\/\/wp.gestiondecompras.com\/de\/#website","url":"https:\/\/wp.gestiondecompras.com\/de\/","name":"Gesti\u00f3n De Compras","description":"Sourcing Internacional","potentialAction":[{"@type":"SearchAction","target":{"@type":"EntryPoint","urlTemplate":"https:\/\/wp.gestiondecompras.com\/de\/?s={search_term_string}"},"query-input":"required name=search_term_string"}],"inLanguage":"de"}]}},"_links":{"self":[{"href":"https:\/\/wp.gestiondecompras.com\/de\/wp-json\/wp\/v2\/pages\/8898"}],"collection":[{"href":"https:\/\/wp.gestiondecompras.com\/de\/wp-json\/wp\/v2\/pages"}],"about":[{"href":"https:\/\/wp.gestiondecompras.com\/de\/wp-json\/wp\/v2\/types\/page"}],"author":[{"embeddable":true,"href":"https:\/\/wp.gestiondecompras.com\/de\/wp-json\/wp\/v2\/users\/3"}],"replies":[{"embeddable":true,"href":"https:\/\/wp.gestiondecompras.com\/de\/wp-json\/wp\/v2\/comments?post=8898"}],"version-history":[{"count":3,"href":"https:\/\/wp.gestiondecompras.com\/de\/wp-json\/wp\/v2\/pages\/8898\/revisions"}],"predecessor-version":[{"id":10500,"href":"https:\/\/wp.gestiondecompras.com\/de\/wp-json\/wp\/v2\/pages\/8898\/revisions\/10500"}],"up":[{"embeddable":true,"href":"https:\/\/wp.gestiondecompras.com\/de\/wp-json\/wp\/v2\/pages\/8732"}],"wp:featuredmedia":[{"embeddable":true,"href":"https:\/\/wp.gestiondecompras.com\/de\/wp-json\/wp\/v2\/media\/4700"}],"wp:attachment":[{"href":"https:\/\/wp.gestiondecompras.com\/de\/wp-json\/wp\/v2\/media?parent=8898"}],"curies":[{"name":"wp","href":"https:\/\/api.w.org\/{rel}","templated":true}]}}