{"id":8814,"date":"2021-05-27T14:38:57","date_gmt":"2021-05-27T14:38:57","guid":{"rendered":"https:\/\/wp.gestiondecompras.com\/?page_id=8814"},"modified":"2021-10-22T12:16:26","modified_gmt":"2021-10-22T12:16:26","slug":"schrauben-und-bolzen","status":"publish","type":"page","link":"https:\/\/wp.gestiondecompras.com\/de\/produkte\/mechanische-komponenten-eisenwaren-ne-produkte\/schrauben-und-bolzen\/","title":{"rendered":"Schrauben und Bolzen"},"content":{"rendered":"[spb_row element_name=&#8220;Row&#8220; wrap_type=&#8220;content-width&#8220; parallax_image_height=&#8220;content-height&#8220; parallax_image_movement=&#8220;fixed&#8220; parallax_image_speed=&#8220;0.5&#8243; bg_video_loop=&#8220;yes&#8220; parallax_video_height=&#8220;window-height&#8220; parallax_video_overlay=&#8220;none&#8220; row_overlay_opacity=&#8220;0&#8243; row_col_pos=&#8220;default&#8220; width=&#8220;1\/1&#8243; el_position=&#8220;first last&#8220;] [spb_column col_animation=&#8220;none&#8220; col_animation_delay=&#8220;0&#8243; col_bg_type=&#8220;cover&#8220; col_parallax_image_movement=&#8220;fixed&#8220; col_parallax_image_speed=&#8220;0.5&#8243; col_padding=&#8220;0&#8243; col_vertical_offset=&#8220;0&#8243; col_horizontal_offset=&#8220;0&#8243; col_custom_zindex=&#8220;0&#8243; col_sm=&#8220;12&#8243; simplified_controls=&#8220;yes&#8220; custom_css_percentage=&#8220;no&#8220; padding_vertical=&#8220;0&#8243; padding_horizontal=&#8220;0&#8243; margin_vertical=&#8220;0&#8243; custom_css=&#8220;margin-top: 0px;margin-bottom: 0px;&#8220; border_styling_global=&#8220;default&#8220; width=&#8220;1\/1&#8243; el_position=&#8220;first last&#8220;] [spb_text_block animation=&#8220;none&#8220; animation_delay=&#8220;0&#8243; simplified_controls=&#8220;yes&#8220; custom_css_percentage=&#8220;no&#8220; padding_vertical=&#8220;0&#8243; padding_horizontal=&#8220;0&#8243; margin_vertical=&#8220;0&#8243; custom_css=&#8220;margin-top: 0px;margin-bottom: 0px;&#8220; border_size=&#8220;0&#8243; border_styling_global=&#8220;default&#8220; width=&#8220;3\/4&#8243; el_position=&#8220;first&#8220;]\n<p>Gesti\u00f3n de Compras verf\u00fcgt \u00fcber die notwendigen Produktionseinrichtungen zur Herstellung von unterschiedlichsten Schraubentypen und Standards.<\/p>\n[\/spb_text_block][spb_text_block animation=&#8220;none&#8220; animation_delay=&#8220;0&#8243; simplified_controls=&#8220;yes&#8220; custom_css_percentage=&#8220;no&#8220; padding_vertical=&#8220;0&#8243; padding_horizontal=&#8220;0&#8243; margin_vertical=&#8220;0&#8243; custom_css=&#8220;margin-top: 0px;margin-bottom: 0px;&#8220; border_size=&#8220;0&#8243; border_styling_global=&#8220;default&#8220; width=&#8220;1\/4&#8243; el_position=&#8220;last&#8220;]\n\n[\/spb_text_block] [spb_text_block animation=&#8220;none&#8220; animation_delay=&#8220;0&#8243; simplified_controls=&#8220;yes&#8220; custom_css_percentage=&#8220;no&#8220; padding_vertical=&#8220;0&#8243; padding_horizontal=&#8220;0&#8243; margin_vertical=&#8220;0&#8243; custom_css=&#8220;margin-top: 0px;margin-bottom: 0px;&#8220; border_size=&#8220;0&#8243; border_styling_global=&#8220;default&#8220; width=&#8220;1\/1&#8243; el_position=&#8220;first last&#8220;]\n<hr style=\"background-color: #0098aa; height: 1px;\" \/>\n[\/spb_text_block] [\/spb_column] [\/spb_row] [spb_row element_name=&#8220;Row&#8220; wrap_type=&#8220;content-width&#8220; parallax_image_height=&#8220;content-height&#8220; parallax_image_movement=&#8220;fixed&#8220; parallax_image_speed=&#8220;0.5&#8243; bg_video_loop=&#8220;yes&#8220; parallax_video_height=&#8220;window-height&#8220; parallax_video_overlay=&#8220;none&#8220; row_overlay_opacity=&#8220;0&#8243; row_col_pos=&#8220;default&#8220; width=&#8220;1\/1&#8243; el_position=&#8220;first last&#8220;] [spb_boxed_content type=&#8220;coloured&#8220; box_link_target=&#8220;_self&#8220; padding_vertical=&#8220;0&#8243; padding_horizontal=&#8220;0&#8243; width=&#8220;1\/1&#8243; el_position=&#8220;first last&#8220;]\n<p style=\"text-align: justify;\">Schrauben wie auch Bolzen nehmen eine elementare Position in Alltag als auch in der Industrie ein. Fakt ist, Schrauben und Bolzen kommen mehr zu Einsatz als alle anderen mechanischen Befestigungen und kommen in so gut wie jeder einfachen und komplexen Maschine zum Einsatz. Obwohl es keinen klaren Unterschied zwischen Schrauben und Bolzen gibt, unterscheidet man das Gewinde und die Gr\u00f6sse des Bauteils. Bolzen sind f\u00fcr gew\u00f6hnlich l\u00e4nger und haben keinen finalen Kopf. Man kann sagen das ein Befestigungselement das zus\u00e4tzlich eine Mutter f\u00fchrt wird generell als Bolzen bezeichnet.<\/p>\n[\/spb_boxed_content] [spb_text_block animation=&#8220;none&#8220; animation_delay=&#8220;0&#8243; simplified_controls=&#8220;yes&#8220; custom_css_percentage=&#8220;no&#8220; padding_vertical=&#8220;0&#8243; padding_horizontal=&#8220;0&#8243; margin_vertical=&#8220;0&#8243; custom_css=&#8220;margin-top: 0px;margin-bottom: 0px;&#8220; border_size=&#8220;0&#8243; border_styling_global=&#8220;default&#8220; width=&#8220;1\/1&#8243; el_position=&#8220;first last&#8220;]\n<h2 style=\"text-align: center;\"><strong>Herstellungsverfahren<br \/>\n<\/strong><\/h2>\n<div class=\"horizontal-break bold\" style=\"background-color: #666d78; width: 100px\"> <\/div>\n[\/spb_text_block] [spb_column col_sm=&#8220;6&#8243; padding_horizontal=&#8220;0&#8243; width=&#8220;1\/2&#8243; el_position=&#8220;first&#8220;] [spb_boxed_content type=&#8220;coloured&#8220; box_link_target=&#8220;_self&#8220; padding_vertical=&#8220;0&#8243; padding_horizontal=&#8220;0&#8243; width=&#8220;1\/1&#8243; el_position=&#8220;first last&#8220;]\n<h3>1- Kaltumformung<\/h3>\n<p style=\"text-align: justify;\">Dieses Verfahren is auch bekannt als \u201cCold heading\u201c. Dieses ist das Ausgangsverfahren der Schraubenfabrikanten zur Herstellung der Schraubenk\u00f6pfe. Das Material wird in eine Form gepresst, normalerweise unter Raumtemperatur. Das Resultat ist ein Nagel, ein Schraube oder ein Bolzen mit dem gew\u00fcnschten Kopfende. Das Werkzeug hierf\u00fcr ist recht einfach und kosteng\u00fcnstig. Dar\u00fcber bietet es weitere Vorteile wie eine bessere Endoberfl\u00e4che, eingehaltene und verbesserte Abmessungen sowie der effiziente Einsatz des Vormaterials.<\/p>\n[\/spb_boxed_content] [\/spb_column] [spb_column col_sm=&#8220;6&#8243; padding_horizontal=&#8220;0&#8243; width=&#8220;1\/2&#8243; el_position=&#8220;last&#8220;] [spb_boxed_content type=&#8220;coloured&#8220; box_link_target=&#8220;_self&#8220; padding_vertical=&#8220;0&#8243; padding_horizontal=&#8220;0&#8243; width=&#8220;1\/1&#8243; el_position=&#8220;first last&#8220;]\n<h3>2- Zerspanung<\/h3>\n<p style=\"text-align: justify;\">Hierbei handelt es sich grunds\u00e4tzlich um Abtragungsprozesse mit welchen gew\u00fcnschte Form und\/oder Gr\u00f6\u00dfen realisierbar sind durch die schrittweise Abtragung von \u00fcberfl\u00fcssigem Material. Die eigentliche Rohschraube wird in eine Maschine eingespannt mit welcher das gew\u00fcnschte Gewinde mittels einem Gewindeschneidewerkzeug umlaufend angebracht wird.<\/p>\n<p>&nbsp;<\/p>\n[\/spb_boxed_content] [\/spb_column] [spb_blank_spacer height=&#8220;50px&#8220; width=&#8220;1\/1&#8243; el_position=&#8220;first last&#8220;] [\/spb_row] [spb_row element_name=&#8220;Row&#8220; wrap_type=&#8220;full-width-contained&#8220; row_bg_type=&#8220;image&#8220; color_row_height=&#8220;content-height&#8220; bg_image=&#8220;4376&#8243; bg_type=&#8220;cover&#8220; parallax_image_height=&#8220;content-height&#8220; parallax_image_movement=&#8220;scroll&#8220; parallax_image_speed=&#8220;standard&#8220; bg_video_loop=&#8220;yes&#8220; parallax_video_height=&#8220;window-height&#8220; row_top_style=&#8220;none&#8220; row_bottom_style=&#8220;none&#8220; parallax_video_overlay=&#8220;none&#8220; row_overlay_opacity=&#8220;0&#8243; remove_element_spacing=&#8220;no&#8220; row_col_spacing=&#8220;0&#8243; row_col_pos=&#8220;default&#8220; row_col_equal_heights=&#8220;no&#8220; row_expanding=&#8220;no&#8220; row_animation=&#8220;none&#8220; row_animation_delay=&#8220;0&#8243; minimize_row=&#8220;no&#8220; simplified_controls=&#8220;yes&#8220; custom_css_percentage=&#8220;no&#8220; custom_css=&#8220;margin-top: 0px;margin-bottom: 0px;padding-top: 157px;padding-bottom: 157px;&#8220; border_styling_global=&#8220;default&#8220; width=&#8220;1\/1&#8243; el_position=&#8220;first last&#8220;] [\/spb_row] [spb_row element_name=&#8220;Row&#8220; wrap_type=&#8220;content-width&#8220; parallax_image_height=&#8220;content-height&#8220; parallax_image_movement=&#8220;fixed&#8220; parallax_image_speed=&#8220;0.5&#8243; bg_video_loop=&#8220;yes&#8220; parallax_video_height=&#8220;window-height&#8220; parallax_video_overlay=&#8220;none&#8220; row_overlay_opacity=&#8220;0&#8243; row_col_pos=&#8220;default&#8220; width=&#8220;1\/1&#8243; el_position=&#8220;first last&#8220;] [spb_blank_spacer height=&#8220;30px&#8220; width=&#8220;1\/1&#8243; el_position=&#8220;first last&#8220;] [spb_text_block animation=&#8220;none&#8220; animation_delay=&#8220;0&#8243; simplified_controls=&#8220;yes&#8220; custom_css_percentage=&#8220;no&#8220; padding_vertical=&#8220;0&#8243; padding_horizontal=&#8220;0&#8243; margin_vertical=&#8220;0&#8243; custom_css=&#8220;margin-top: 0px;margin-bottom: 0px;&#8220; border_size=&#8220;0&#8243; border_styling_global=&#8220;default&#8220; width=&#8220;1\/1&#8243; el_position=&#8220;first last&#8220;]\n<h2 style=\"text-align: center;\"><strong>Standards and Typen<br \/>\n<\/strong><\/h2>\n<div class=\"horizontal-break bold\" style=\"background-color: #666d78; width: 100px\"> <\/div>\n[\/spb_text_block] [spb_column col_sm=&#8220;12&#8243; padding_horizontal=&#8220;0&#8243; width=&#8220;1\/1&#8243; el_position=&#8220;first last&#8220;] [spb_boxed_content type=&#8220;coloured&#8220; box_link_target=&#8220;_self&#8220; padding_vertical=&#8220;0&#8243; padding_horizontal=&#8220;0&#8243; width=&#8220;1\/1&#8243; el_position=&#8220;first last&#8220;]\n<p style=\"text-align: justify;\">Die Gewindestandards von Befestigungsbauteilen sind f\u00fcr gew\u00f6hnlich per ISO-Normen, solche wie ISO 68-1, ISO 261, ISO 262 und ISO 965-1.<\/p>\n<p style=\"text-align: justify;\">Es gibt es riesige Auswahl von Schrauben und Bolzen in Abh\u00e4ngigkeit von dessen Anwendung, dessen Formen, zum untergeordnet in mehrere Klassifizierungen. Einige davon sind die Folgenden:<\/p>\n[\/spb_boxed_content] [\/spb_column] [spb_blank_spacer height=&#8220;30px&#8220; width=&#8220;1\/1&#8243; el_position=&#8220;first last&#8220;] [\/spb_row] [spb_row element_name=&#8220;Row&#8220; wrap_type=&#8220;content-width&#8220; parallax_image_height=&#8220;content-height&#8220; parallax_image_movement=&#8220;fixed&#8220; parallax_image_speed=&#8220;0.5&#8243; bg_video_loop=&#8220;yes&#8220; parallax_video_height=&#8220;window-height&#8220; parallax_video_overlay=&#8220;none&#8220; row_overlay_opacity=&#8220;0&#8243; row_col_pos=&#8220;default&#8220; width=&#8220;1\/1&#8243; el_position=&#8220;first last&#8220;] [spb_blank_spacer height=&#8220;30px&#8220; width=&#8220;1\/1&#8243; el_position=&#8220;first last&#8220;] [spb_boxed_content type=&#8220;coloured&#8220; box_link_target=&#8220;_self&#8220; padding_vertical=&#8220;0&#8243; padding_horizontal=&#8220;0&#8243; width=&#8220;1\/3&#8243; el_position=&#8220;first&#8220;]\n<h3>Holzschraube<\/h3>\n<p>Klassifiziert durch den Standard DIN 97, je nach Schraubenkopf (Flach, Oval, Sternkopf, Phillips, Inbus, ISK, Torx).<\/p>\n[\/spb_boxed_content] [spb_boxed_content type=&#8220;coloured&#8220; box_link_target=&#8220;_self&#8220; padding_vertical=&#8220;0&#8243; padding_horizontal=&#8220;0&#8243; width=&#8220;1\/3&#8243;]\n<h3>Sechskant-Schl\u00fcsselschrauben<\/h3>\n<p>Zur Befestigung von gewichtigen Gegenst\u00e4nden gem\u00e4\u00df DIN 571.<\/p>\n[\/spb_boxed_content] [spb_boxed_content type=&#8220;coloured&#8220; box_link_target=&#8220;_self&#8220; padding_vertical=&#8220;0&#8243; padding_horizontal=&#8220;0&#8243; width=&#8220;1\/3&#8243; el_position=&#8220;last&#8220;]\n<h3>Bohrschrauben oder selbstfurchende Schrauben<\/h3>\n<p>F\u00fcr h\u00e4rtete Materialien bestimmt nach DIN 7970, ISO 1478, BS 4174.<\/p>\n[\/spb_boxed_content] [spb_boxed_content type=&#8220;coloured&#8220; box_link_target=&#8220;_self&#8220; padding_vertical=&#8220;0&#8243; padding_horizontal=&#8220;0&#8243; width=&#8220;1\/3&#8243; el_position=&#8220;first&#8220;]\n<h3>Maschinenschrauben<\/h3>\n<p>Diese Schrauben haben feinere Gewinde als Holzschrauben. Diese sind designet f\u00fcr Gewindel\u00f6cher und auch in Verbindung mit Muttern nach DIN 7985, ISO 7045, DIN 965, DIN 966, DIN 84, DIN 85, DIN 933, DIN 931, DIN 912, &#8230;<\/p>\n[\/spb_boxed_content] [spb_boxed_content type=&#8220;coloured&#8220; box_link_target=&#8220;_self&#8220; padding_vertical=&#8220;0&#8243; padding_horizontal=&#8220;0&#8243; width=&#8220;1\/3&#8243; el_position=&#8220;last&#8220;]\n<h3>Blechschrauben<\/h3>\n<p>Diese Schrauben weise f\u00fcr gew\u00f6hnlich gr\u00f6bere Gewinde vor und werden bei d\u00fcnnen Blechen eingesetzt, nach DIN 7981, ISO 7049, DIN 7976, DIN 7983, DIN 7971, DIN 7504, &#8230;<\/p>\n[\/spb_boxed_content] [spb_blank_spacer height=&#8220;30px&#8220; width=&#8220;1\/1&#8243; el_position=&#8220;first last&#8220;] [spb_boxed_content type=&#8220;coloured&#8220; box_link_target=&#8220;_self&#8220; padding_vertical=&#8220;0&#8243; padding_horizontal=&#8220;0&#8243; width=&#8220;1\/1&#8243; el_position=&#8220;first last&#8220;]\n<p style=\"text-align: justify;\">Obwohl Schraub h\u00e4ufig aus Stahl gefertigt werden, so sind auch anderen Materialien wie Edelstahl, Messing, Titan, Bronze, Zink und Nylon daf\u00fcr verwendbar. Dazu kommen diverse Oberfl\u00e4chenbehandlungen wie Verzinkung, Schwarzoxid, nicht haftende Beschichtung, Feuerverzinkung.<\/p>\n[\/spb_boxed_content] [\/spb_row]\n","protected":false},"excerpt":{"rendered":"<p>[spb_row element_name=&#8220;Row&#8220; wrap_type=&#8220;content-width&#8220; parallax_image_height=&#8220;content-height&#8220; parallax_image_movement=&#8220;fixed&#8220; parallax_image_speed=&#8220;0.5&#8243; bg_video_loop=&#8220;yes&#8220; parallax_video_height=&#8220;window-height&#8220; parallax_video_overlay=&#8220;none&#8220; row_overlay_opacity=&#8220;0&#8243; row_col_pos=&#8220;default&#8220; width=&#8220;1\/1&#8243; el_position=&#8220;first last&#8220;] [spb_column col_animation=&#8220;none&#8220; col_animation_delay=&#8220;0&#8243; col_bg_type=&#8220;cover&#8220; col_parallax_image_movement=&#8220;fixed&#8220; col_parallax_image_speed=&#8220;0.5&#8243; col_padding=&#8220;0&#8243; col_vertical_offset=&#8220;0&#8243; col_horizontal_offset=&#8220;0&#8243; col_custom_zindex=&#8220;0&#8243; col_sm=&#8220;12&#8243; simplified_controls=&#8220;yes&#8220; custom_css_percentage=&#8220;no&#8220; padding_vertical=&#8220;0&#8243; padding_horizontal=&#8220;0&#8243; margin_vertical=&#8220;0&#8243; custom_css=&#8220;margin-top: 0px;margin-bottom: 0px;&#8220; border_styling_global=&#8220;default&#8220; width=&#8220;1\/1&#8243; el_position=&#8220;first last&#8220;] [spb_text_block animation=&#8220;none&#8220; animation_delay=&#8220;0&#8243; simplified_controls=&#8220;yes&#8220; custom_css_percentage=&#8220;no&#8220; padding_vertical=&#8220;0&#8243; padding_horizontal=&#8220;0&#8243; margin_vertical=&#8220;0&#8243; custom_css=&#8220;margin-top: 0px;margin-bottom: 0px;&#8220; border_size=&#8220;0&#8243; border_styling_global=&#8220;default&#8220; width=&#8220;3\/4&#8243; el_position=&#8220;first&#8220;] Gesti\u00f3n de Compras verf\u00fcgt \u00fcber die notwendigen Produktionseinrichtungen [&hellip;]<\/p>\n","protected":false},"author":3,"featured_media":4380,"parent":8695,"menu_order":0,"comment_status":"closed","ping_status":"closed","template":"page-title.php","meta":{"footnotes":""},"yoast_head":"<!-- This site is optimized with the Yoast SEO plugin v22.4 - https:\/\/yoast.com\/wordpress\/plugins\/seo\/ -->\n<title>Schrauben und Bolzen. Produkte - Gesti\u00f3n De Compras<\/title>\n<meta name=\"description\" content=\"Gesti\u00f3n de Compras verf\u00fcgt \u00fcber die notwendigen Produktionseinrichtungen zur Herstellung von unterschiedlichsten Schraubentypen und Standards.\" \/>\n<meta name=\"robots\" content=\"index, follow, max-snippet:-1, max-image-preview:large, max-video-preview:-1\" \/>\n<link rel=\"canonical\" href=\"https:\/\/wp.gestiondecompras.com\/de\/produkte\/mechanische-komponenten-eisenwaren-ne-produkte\/schrauben-und-bolzen\/\" \/>\n<meta property=\"og:locale\" content=\"de_DE\" \/>\n<meta property=\"og:type\" content=\"article\" \/>\n<meta property=\"og:title\" content=\"Schrauben und Bolzen. Produkte - Gesti\u00f3n De Compras\" \/>\n<meta property=\"og:description\" content=\"Gesti\u00f3n de Compras verf\u00fcgt \u00fcber die notwendigen Produktionseinrichtungen zur Herstellung von unterschiedlichsten Schraubentypen und Standards.\" \/>\n<meta property=\"og:url\" content=\"https:\/\/wp.gestiondecompras.com\/de\/produkte\/mechanische-komponenten-eisenwaren-ne-produkte\/schrauben-und-bolzen\/\" \/>\n<meta property=\"og:site_name\" content=\"Gesti\u00f3n De Compras\" \/>\n<meta property=\"article:modified_time\" content=\"2021-10-22T12:16:26+00:00\" \/>\n<meta property=\"og:image\" content=\"https:\/\/wp.gestiondecompras.com\/wp-content\/uploads\/2021\/05\/tornillos-bg-1.png\" \/>\n\t<meta property=\"og:image:width\" content=\"1900\" \/>\n\t<meta property=\"og:image:height\" content=\"406\" \/>\n\t<meta property=\"og:image:type\" content=\"image\/png\" \/>\n<meta name=\"twitter:card\" content=\"summary_large_image\" \/>\n<meta name=\"twitter:label1\" content=\"Gesch\u00e4tzte Lesezeit\" \/>\n\t<meta name=\"twitter:data1\" content=\"4\u00a0Minuten\" \/>\n<script type=\"application\/ld+json\" class=\"yoast-schema-graph\">{\"@context\":\"https:\/\/schema.org\",\"@graph\":[{\"@type\":\"WebPage\",\"@id\":\"https:\/\/wp.gestiondecompras.com\/de\/produkte\/mechanische-komponenten-eisenwaren-ne-produkte\/schrauben-und-bolzen\/\",\"url\":\"https:\/\/wp.gestiondecompras.com\/de\/produkte\/mechanische-komponenten-eisenwaren-ne-produkte\/schrauben-und-bolzen\/\",\"name\":\"Schrauben und Bolzen. Produkte - Gesti\u00f3n De Compras\",\"isPartOf\":{\"@id\":\"https:\/\/wp.gestiondecompras.com\/de\/#website\"},\"primaryImageOfPage\":{\"@id\":\"https:\/\/wp.gestiondecompras.com\/de\/produkte\/mechanische-komponenten-eisenwaren-ne-produkte\/schrauben-und-bolzen\/#primaryimage\"},\"image\":{\"@id\":\"https:\/\/wp.gestiondecompras.com\/de\/produkte\/mechanische-komponenten-eisenwaren-ne-produkte\/schrauben-und-bolzen\/#primaryimage\"},\"thumbnailUrl\":\"https:\/\/wp.gestiondecompras.com\/wp-content\/uploads\/2021\/05\/tornillos-bg-1.png\",\"datePublished\":\"2021-05-27T14:38:57+00:00\",\"dateModified\":\"2021-10-22T12:16:26+00:00\",\"description\":\"Gesti\u00f3n de Compras verf\u00fcgt \u00fcber die notwendigen Produktionseinrichtungen zur Herstellung von unterschiedlichsten Schraubentypen und Standards.\",\"breadcrumb\":{\"@id\":\"https:\/\/wp.gestiondecompras.com\/de\/produkte\/mechanische-komponenten-eisenwaren-ne-produkte\/schrauben-und-bolzen\/#breadcrumb\"},\"inLanguage\":\"de\",\"potentialAction\":[{\"@type\":\"ReadAction\",\"target\":[\"https:\/\/wp.gestiondecompras.com\/de\/produkte\/mechanische-komponenten-eisenwaren-ne-produkte\/schrauben-und-bolzen\/\"]}]},{\"@type\":\"ImageObject\",\"inLanguage\":\"de\",\"@id\":\"https:\/\/wp.gestiondecompras.com\/de\/produkte\/mechanische-komponenten-eisenwaren-ne-produkte\/schrauben-und-bolzen\/#primaryimage\",\"url\":\"https:\/\/wp.gestiondecompras.com\/wp-content\/uploads\/2021\/05\/tornillos-bg-1.png\",\"contentUrl\":\"https:\/\/wp.gestiondecompras.com\/wp-content\/uploads\/2021\/05\/tornillos-bg-1.png\",\"width\":1900,\"height\":406,\"caption\":\"tornillos 02\"},{\"@type\":\"BreadcrumbList\",\"@id\":\"https:\/\/wp.gestiondecompras.com\/de\/produkte\/mechanische-komponenten-eisenwaren-ne-produkte\/schrauben-und-bolzen\/#breadcrumb\",\"itemListElement\":[{\"@type\":\"ListItem\",\"position\":1,\"name\":\"Heim\",\"item\":\"https:\/\/wp.gestiondecompras.com\/de\/\"},{\"@type\":\"ListItem\",\"position\":2,\"name\":\"Produkte\",\"item\":\"https:\/\/wp.gestiondecompras.com\/de\/productos\/\"},{\"@type\":\"ListItem\",\"position\":3,\"name\":\"Mechanische Komponenten, Eisenwaren, NE-Produkte\",\"item\":\"https:\/\/wp.gestiondecompras.com\/de\/productos\/componentes-mecanicos-y-de-ferreteria\/\"},{\"@type\":\"ListItem\",\"position\":4,\"name\":\"Schrauben und Bolzen\"}]},{\"@type\":\"WebSite\",\"@id\":\"https:\/\/wp.gestiondecompras.com\/de\/#website\",\"url\":\"https:\/\/wp.gestiondecompras.com\/de\/\",\"name\":\"Gesti\u00f3n De Compras\",\"description\":\"Sourcing Internacional\",\"potentialAction\":[{\"@type\":\"SearchAction\",\"target\":{\"@type\":\"EntryPoint\",\"urlTemplate\":\"https:\/\/wp.gestiondecompras.com\/de\/?s={search_term_string}\"},\"query-input\":\"required name=search_term_string\"}],\"inLanguage\":\"de\"}]}<\/script>\n<!-- \/ Yoast SEO plugin. -->","yoast_head_json":{"title":"Schrauben und Bolzen. Produkte - Gesti\u00f3n De Compras","description":"Gesti\u00f3n de Compras verf\u00fcgt \u00fcber die notwendigen Produktionseinrichtungen zur Herstellung von unterschiedlichsten Schraubentypen und Standards.","robots":{"index":"index","follow":"follow","max-snippet":"max-snippet:-1","max-image-preview":"max-image-preview:large","max-video-preview":"max-video-preview:-1"},"canonical":"https:\/\/wp.gestiondecompras.com\/de\/produkte\/mechanische-komponenten-eisenwaren-ne-produkte\/schrauben-und-bolzen\/","og_locale":"de_DE","og_type":"article","og_title":"Schrauben und Bolzen. Produkte - Gesti\u00f3n De Compras","og_description":"Gesti\u00f3n de Compras verf\u00fcgt \u00fcber die notwendigen Produktionseinrichtungen zur Herstellung von unterschiedlichsten Schraubentypen und Standards.","og_url":"https:\/\/wp.gestiondecompras.com\/de\/produkte\/mechanische-komponenten-eisenwaren-ne-produkte\/schrauben-und-bolzen\/","og_site_name":"Gesti\u00f3n De Compras","article_modified_time":"2021-10-22T12:16:26+00:00","og_image":[{"width":1900,"height":406,"url":"https:\/\/wp.gestiondecompras.com\/wp-content\/uploads\/2021\/05\/tornillos-bg-1.png","type":"image\/png"}],"twitter_card":"summary_large_image","twitter_misc":{"Gesch\u00e4tzte Lesezeit":"4\u00a0Minuten"},"schema":{"@context":"https:\/\/schema.org","@graph":[{"@type":"WebPage","@id":"https:\/\/wp.gestiondecompras.com\/de\/produkte\/mechanische-komponenten-eisenwaren-ne-produkte\/schrauben-und-bolzen\/","url":"https:\/\/wp.gestiondecompras.com\/de\/produkte\/mechanische-komponenten-eisenwaren-ne-produkte\/schrauben-und-bolzen\/","name":"Schrauben und Bolzen. Produkte - Gesti\u00f3n De Compras","isPartOf":{"@id":"https:\/\/wp.gestiondecompras.com\/de\/#website"},"primaryImageOfPage":{"@id":"https:\/\/wp.gestiondecompras.com\/de\/produkte\/mechanische-komponenten-eisenwaren-ne-produkte\/schrauben-und-bolzen\/#primaryimage"},"image":{"@id":"https:\/\/wp.gestiondecompras.com\/de\/produkte\/mechanische-komponenten-eisenwaren-ne-produkte\/schrauben-und-bolzen\/#primaryimage"},"thumbnailUrl":"https:\/\/wp.gestiondecompras.com\/wp-content\/uploads\/2021\/05\/tornillos-bg-1.png","datePublished":"2021-05-27T14:38:57+00:00","dateModified":"2021-10-22T12:16:26+00:00","description":"Gesti\u00f3n de Compras verf\u00fcgt \u00fcber die notwendigen Produktionseinrichtungen zur Herstellung von unterschiedlichsten Schraubentypen und Standards.","breadcrumb":{"@id":"https:\/\/wp.gestiondecompras.com\/de\/produkte\/mechanische-komponenten-eisenwaren-ne-produkte\/schrauben-und-bolzen\/#breadcrumb"},"inLanguage":"de","potentialAction":[{"@type":"ReadAction","target":["https:\/\/wp.gestiondecompras.com\/de\/produkte\/mechanische-komponenten-eisenwaren-ne-produkte\/schrauben-und-bolzen\/"]}]},{"@type":"ImageObject","inLanguage":"de","@id":"https:\/\/wp.gestiondecompras.com\/de\/produkte\/mechanische-komponenten-eisenwaren-ne-produkte\/schrauben-und-bolzen\/#primaryimage","url":"https:\/\/wp.gestiondecompras.com\/wp-content\/uploads\/2021\/05\/tornillos-bg-1.png","contentUrl":"https:\/\/wp.gestiondecompras.com\/wp-content\/uploads\/2021\/05\/tornillos-bg-1.png","width":1900,"height":406,"caption":"tornillos 02"},{"@type":"BreadcrumbList","@id":"https:\/\/wp.gestiondecompras.com\/de\/produkte\/mechanische-komponenten-eisenwaren-ne-produkte\/schrauben-und-bolzen\/#breadcrumb","itemListElement":[{"@type":"ListItem","position":1,"name":"Heim","item":"https:\/\/wp.gestiondecompras.com\/de\/"},{"@type":"ListItem","position":2,"name":"Produkte","item":"https:\/\/wp.gestiondecompras.com\/de\/productos\/"},{"@type":"ListItem","position":3,"name":"Mechanische Komponenten, Eisenwaren, NE-Produkte","item":"https:\/\/wp.gestiondecompras.com\/de\/productos\/componentes-mecanicos-y-de-ferreteria\/"},{"@type":"ListItem","position":4,"name":"Schrauben und Bolzen"}]},{"@type":"WebSite","@id":"https:\/\/wp.gestiondecompras.com\/de\/#website","url":"https:\/\/wp.gestiondecompras.com\/de\/","name":"Gesti\u00f3n De Compras","description":"Sourcing Internacional","potentialAction":[{"@type":"SearchAction","target":{"@type":"EntryPoint","urlTemplate":"https:\/\/wp.gestiondecompras.com\/de\/?s={search_term_string}"},"query-input":"required name=search_term_string"}],"inLanguage":"de"}]}},"_links":{"self":[{"href":"https:\/\/wp.gestiondecompras.com\/de\/wp-json\/wp\/v2\/pages\/8814"}],"collection":[{"href":"https:\/\/wp.gestiondecompras.com\/de\/wp-json\/wp\/v2\/pages"}],"about":[{"href":"https:\/\/wp.gestiondecompras.com\/de\/wp-json\/wp\/v2\/types\/page"}],"author":[{"embeddable":true,"href":"https:\/\/wp.gestiondecompras.com\/de\/wp-json\/wp\/v2\/users\/3"}],"replies":[{"embeddable":true,"href":"https:\/\/wp.gestiondecompras.com\/de\/wp-json\/wp\/v2\/comments?post=8814"}],"version-history":[{"count":3,"href":"https:\/\/wp.gestiondecompras.com\/de\/wp-json\/wp\/v2\/pages\/8814\/revisions"}],"predecessor-version":[{"id":8817,"href":"https:\/\/wp.gestiondecompras.com\/de\/wp-json\/wp\/v2\/pages\/8814\/revisions\/8817"}],"up":[{"embeddable":true,"href":"https:\/\/wp.gestiondecompras.com\/de\/wp-json\/wp\/v2\/pages\/8695"}],"wp:featuredmedia":[{"embeddable":true,"href":"https:\/\/wp.gestiondecompras.com\/de\/wp-json\/wp\/v2\/media\/4380"}],"wp:attachment":[{"href":"https:\/\/wp.gestiondecompras.com\/de\/wp-json\/wp\/v2\/media?parent=8814"}],"curies":[{"name":"wp","href":"https:\/\/api.w.org\/{rel}","templated":true}]}}