{"id":8732,"date":"2021-05-11T14:45:19","date_gmt":"2021-05-11T14:45:19","guid":{"rendered":"https:\/\/wp.gestiondecompras.com\/?page_id=8732"},"modified":"2021-11-09T11:34:08","modified_gmt":"2021-11-09T11:34:08","slug":"heizung-lueftung-und-klimatisierung","status":"publish","type":"page","link":"https:\/\/wp.gestiondecompras.com\/de\/produkte\/heizung-lueftung-und-klimatisierung\/","title":{"rendered":"Heizung, L\u00fcftung und Klimatisierung"},"content":{"rendered":"[spb_row element_name=&#8220;Row&#8220; wrap_type=&#8220;content-width&#8220; parallax_image_height=&#8220;content-height&#8220; parallax_image_movement=&#8220;fixed&#8220; parallax_image_speed=&#8220;0.5&#8243; bg_video_loop=&#8220;yes&#8220; parallax_video_height=&#8220;window-height&#8220; parallax_video_overlay=&#8220;none&#8220; row_overlay_opacity=&#8220;0&#8243; row_col_pos=&#8220;default&#8220; width=&#8220;1\/1&#8243; el_position=&#8220;first last&#8220;] [spb_column col_sm=&#8220;12&#8243; col_animation=&#8220;none&#8220; col_animation_delay=&#8220;0&#8243; col_bg_type=&#8220;cover&#8220; col_parallax_image_movement=&#8220;fixed&#8220; col_parallax_image_speed=&#8220;0.5&#8243; col_padding=&#8220;0&#8243; col_vertical_offset=&#8220;0&#8243; col_horizontal_offset=&#8220;0&#8243; col_custom_zindex=&#8220;0&#8243; simplified_controls=&#8220;yes&#8220; custom_css_percentage=&#8220;no&#8220; padding_vertical=&#8220;0&#8243; padding_horizontal=&#8220;0&#8243; margin_vertical=&#8220;0&#8243; custom_css=&#8220;margin-top: 0px;margin-bottom: 0px;&#8220; border_styling_global=&#8220;default&#8220; width=&#8220;1\/1&#8243; el_position=&#8220;first last&#8220;] [spb_text_block animation=&#8220;none&#8220; animation_delay=&#8220;0&#8243; simplified_controls=&#8220;yes&#8220; custom_css_percentage=&#8220;no&#8220; padding_vertical=&#8220;0&#8243; padding_horizontal=&#8220;0&#8243; margin_vertical=&#8220;0&#8243; custom_css=&#8220;margin-top: 0px;margin-bottom: 0px;&#8220; border_size=&#8220;0&#8243; border_styling_global=&#8220;default&#8220; width=&#8220;3\/4&#8243; el_position=&#8220;first&#8220;]\n<p>Gestion de Compras bietet eine gro\u00dfe Auswahl von Bauteilen f\u00fcr die Montage, Installation und Instandhaltung von Heizung, L\u00fcftung und Klimatisierung.<\/p>\n[\/spb_text_block] [spb_text_block animation=&#8220;none&#8220; animation_delay=&#8220;0&#8243; simplified_controls=&#8220;yes&#8220; custom_css_percentage=&#8220;no&#8220; padding_vertical=&#8220;0&#8243; padding_horizontal=&#8220;0&#8243; margin_vertical=&#8220;0&#8243; custom_css=&#8220;margin-top: 0px;margin-bottom: 0px;&#8220; border_size=&#8220;0&#8243; border_styling_global=&#8220;default&#8220; width=&#8220;1\/4&#8243; el_position=&#8220;last&#8220;]\n\n[\/spb_text_block] [spb_text_block animation=&#8220;none&#8220; animation_delay=&#8220;0&#8243; simplified_controls=&#8220;yes&#8220; custom_css_percentage=&#8220;no&#8220; padding_vertical=&#8220;0&#8243; padding_horizontal=&#8220;0&#8243; margin_vertical=&#8220;0&#8243; custom_css=&#8220;margin-top: 0px;margin-bottom: 0px;&#8220; border_size=&#8220;0&#8243; border_styling_global=&#8220;default&#8220; width=&#8220;1\/1&#8243; el_position=&#8220;first last&#8220;]\n<hr style=\"background-color: #0098aa; height: 1px;\" \/>\n[\/spb_text_block] [\/spb_column] [\/spb_row] [spb_row element_name=&#8220;Row&#8220; wrap_type=&#8220;content-width&#8220; parallax_image_height=&#8220;content-height&#8220; parallax_image_movement=&#8220;fixed&#8220; parallax_image_speed=&#8220;0.5&#8243; bg_video_loop=&#8220;yes&#8220; parallax_video_height=&#8220;window-height&#8220; parallax_video_overlay=&#8220;none&#8220; row_overlay_opacity=&#8220;0&#8243; row_col_pos=&#8220;default&#8220; width=&#8220;1\/1&#8243; el_position=&#8220;first last&#8220;] [spb_column col_sm=&#8220;12&#8243; col_animation=&#8220;none&#8220; col_animation_delay=&#8220;0&#8243; col_bg_type=&#8220;cover&#8220; col_parallax_image_movement=&#8220;fixed&#8220; col_parallax_image_speed=&#8220;0.5&#8243; col_padding=&#8220;0&#8243; col_vertical_offset=&#8220;0&#8243; col_horizontal_offset=&#8220;0&#8243; col_custom_zindex=&#8220;0&#8243; simplified_controls=&#8220;yes&#8220; custom_css_percentage=&#8220;no&#8220; padding_vertical=&#8220;0&#8243; padding_horizontal=&#8220;0&#8243; margin_vertical=&#8220;15&#8243; custom_css=&#8220;margin-top: 15px;margin-bottom: 15px;&#8220; border_styling_global=&#8220;default&#8220; width=&#8220;1\/1&#8243; el_position=&#8220;first last&#8220;] [spb_text_block animation=&#8220;none&#8220; animation_delay=&#8220;0&#8243; simplified_controls=&#8220;yes&#8220; custom_css_percentage=&#8220;no&#8220; padding_vertical=&#8220;0&#8243; padding_horizontal=&#8220;0&#8243; margin_vertical=&#8220;0&#8243; custom_css=&#8220;margin-top: 0px;margin-bottom: 0px;&#8220; border_size=&#8220;0&#8243; border_styling_global=&#8220;default&#8220; width=&#8220;1\/1&#8243; el_position=&#8220;first last&#8220;]\n<p style=\"text-align: justify;\">Heizung, L\u00fcftung und Klimatisierungssysteme (HVAC) kontrollieren die Temperatur, die Luftfeuchtigkeit und die Luftqualit\u00e4t innerhalb von Geb\u00e4uden um die gew\u00fcnschten Konditionen vorzufinden. Um diese Konditionen zu erreichen muss das System die W\u00e4rme und die Feuchtigkeit in und aus der Luft \u00fcbertragen sowie den Grad der Luftverschmutzung kontrollieren. Entweder bei direkter Entfernung oder durch verd\u00fcnnen zu akzeptablem Niveau.<\/p>\n<p style=\"text-align: justify;\">Heutzutage k\u00f6nnen diese drei Bereiche die Mehrheit der Gesamtausgaben f\u00fcr Energie eines Unternehmens vereinnahmen. Selbst kleine Anpassungen dieser drei Systeme k\u00f6nnen ma\u00dfgeblich die Arbeitsumgebung und die gleichzeitig die Ausgaben verbessern.<\/p>\n<p style=\"text-align: justify;\">Ein HVAC-System schafft das gew\u00fcnschte Umgebungsklima eines Geb\u00e4udes. Das System muss so entwickelt und abgestimmt das es dem maximalen Wert aller gew\u00fcnschten Anforderungen gerecht wird.<\/p>\n<p style=\"text-align: justify;\">M\u00f6gliche Verschwendungen von Energie eines HVAC-Systems entstehen beispielsweise durch \u00dcberhitzung, \u00dcberk\u00fchlung oder \u00dcberl\u00fcftung eines Geb\u00e4udes oder eines Raumes.<\/p>\n[\/spb_text_block] [\/spb_column] [spb_blank_spacer height=&#8220;30px&#8220; width=&#8220;1\/1&#8243; el_position=&#8220;first last&#8220;] [\/spb_row] [spb_row element_name=&#8220;Row&#8220; wrap_type=&#8220;full-width-contained&#8220; row_bg_type=&#8220;image&#8220; row_bg_color=&#8220;#242424&#8243; color_row_height=&#8220;content-height&#8220; bg_image=&#8220;1683&#8243; bg_type=&#8220;cover&#8220; parallax_image_height=&#8220;content-height&#8220; parallax_image_movement=&#8220;scroll&#8220; parallax_image_speed=&#8220;standard&#8220; bg_video_loop=&#8220;yes&#8220; parallax_video_height=&#8220;window-height&#8220; row_top_style=&#8220;none&#8220; row_bottom_style=&#8220;none&#8220; parallax_video_overlay=&#8220;none&#8220; row_overlay_opacity=&#8220;0&#8243; remove_element_spacing=&#8220;no&#8220; row_col_spacing=&#8220;0&#8243; row_col_pos=&#8220;default&#8220; row_col_equal_heights=&#8220;no&#8220; row_expanding=&#8220;no&#8220; row_animation=&#8220;none&#8220; row_animation_delay=&#8220;0&#8243; minimize_row=&#8220;no&#8220; simplified_controls=&#8220;yes&#8220; custom_css_percentage=&#8220;no&#8220; custom_css=&#8220;margin-top: 0px;margin-bottom: 0px;&#8220; border_styling_global=&#8220;default&#8220; width=&#8220;1\/1&#8243; el_position=&#8220;first last&#8220;] [spb_column col_xs=&#8220;12&#8243; col_sm=&#8220;12&#8243; col_md=&#8220;8&#8243; col_lg=&#8220;8&#8243; col_animation=&#8220;none&#8220; col_animation_delay=&#8220;0&#8243; col_bg_color=&#8220;#242424&#8243; col_bg_type=&#8220;cover&#8220; col_parallax_image_movement=&#8220;fixed&#8220; col_parallax_image_speed=&#8220;0.5&#8243; col_padding=&#8220;0&#8243; col_vertical_offset=&#8220;0&#8243; col_horizontal_offset=&#8220;0&#8243; col_custom_zindex=&#8220;0&#8243; simplified_controls=&#8220;yes&#8220; custom_css_percentage=&#8220;no&#8220; padding_vertical=&#8220;20&#8243; padding_horizontal=&#8220;20&#8243; margin_vertical=&#8220;0&#8243; custom_css=&#8220;margin-top: 0px;margin-bottom: 0px;padding-top: 20px;padding-left: 20px;padding-right: 20px;padding-bottom: 20px;&#8220; border_styling_global=&#8220;default&#8220; width=&#8220;1\/1&#8243; el_position=&#8220;first last&#8220;] [spb_text_block animation=&#8220;none&#8220; animation_delay=&#8220;0&#8243; simplified_controls=&#8220;yes&#8220; custom_css_percentage=&#8220;no&#8220; padding_vertical=&#8220;0&#8243; padding_horizontal=&#8220;0&#8243; margin_vertical=&#8220;0&#8243; custom_css=&#8220;margin-top: 0px;margin-bottom: 0px;&#8220; border_size=&#8220;0&#8243; border_styling_global=&#8220;default&#8220; width=&#8220;1\/1&#8243; el_position=&#8220;first last&#8220;]\n<h2><strong>HVAC-Systems<\/strong><\/h2>\n<hr \/>\n<dl>\n<dt>\n<h3><strong>HVAC-Zentralanlage<\/strong><\/h3>\n<p><span style=\"color: #ffffff;\">Hier wird die gew\u00fcnschte und konditionierte Luft mittels eines Verteilersystems in einem kompletten Geb\u00e4ude verteilt. Dieses System ist geeignete f\u00fcr kleinere Anwendungen bis hin zu kompletten Geb\u00e4uden.<\/span><\/dt>\n<dt>\n<h3><strong>HVAC-Einzelanlage<\/strong><\/h3>\n<p><span style=\"color: #ffffff;\">Hier kommt je Raum ein einzelner Apparat zum Einsatz. Dieser l\u00e4sst sich individuell steuern und an die jeweiligen Bed\u00fcrfnisse anpassen. Dabei wird entweder Hei\u00dfwasser, Kaltwasser oder Elektrizit\u00e4t an die jeweilige Einheit weitergeleitet.<\/span><\/dt>\n<dt>\n<h3><strong>Induktionssysteme sind die Kombination von Zentralanlage und Einzelsystemen<\/strong><\/h3>\n<p><span style=\"color: #ffffff;\">Luft wird durch eine Zentraleinheit abgek\u00fchlt und daraufhin an die jeweiligen Einzelsysteme transportiert. Durchflussmenge von Frischluft und die K\u00fchlleistung wird unabh\u00e4ngig, je nach den spezifischen Anforderungen ausgew\u00e4hlt. Eben deswegen sind dieses Systeme hoch effizient und werden beispielsweise Hochh\u00e4usern, B\u00fcrogeb\u00e4uden, Hotels, Krankenh\u00e4user, Produktionsst\u00e4tten\u2026eingesetzt<\/span><\/dt>\n<\/dl>\n<div>\n<div>\n<p><span style=\"color: #ffffff;\">Gestion de Compras bietet Kupferrohre und Kupfercoils (EN 12735-1), insolierte Kupferrohre, Kupferfittings, Messingfittings, Ventile und Flansche, A\/C Halterungen, Schwei\u00dfung, falten, PVC-Bodenst\u00fctzen, Antivibrationsd\u00e4mpfer, Abflussrohre, vormontierte Boxen und Fittings, Abdecksch\u00e4chte, Luftverteiler, Roste, Eolic Abz\u00fcge, flexible Sch\u00e4chte, Schachtbauteile und Fittings, Schachtl\u00fcfter und Antriebselemente, Befestigungssysteme, Kondensatpumpen, Installationsmaterial, Sammelleitung, K\u00fchlmittel HFCs\u2026.<\/span><\/p>\n<\/div>\n<\/div>\n<p><span style=\"color: #ffffff;\">\u00a0<\/span><\/p>\n[\/spb_text_block] [\/spb_column] [\/spb_row]\n","protected":false},"excerpt":{"rendered":"<p>[spb_row element_name=&#8220;Row&#8220; wrap_type=&#8220;content-width&#8220; parallax_image_height=&#8220;content-height&#8220; parallax_image_movement=&#8220;fixed&#8220; parallax_image_speed=&#8220;0.5&#8243; bg_video_loop=&#8220;yes&#8220; parallax_video_height=&#8220;window-height&#8220; parallax_video_overlay=&#8220;none&#8220; row_overlay_opacity=&#8220;0&#8243; row_col_pos=&#8220;default&#8220; width=&#8220;1\/1&#8243; el_position=&#8220;first last&#8220;] [spb_column col_sm=&#8220;12&#8243; col_animation=&#8220;none&#8220; col_animation_delay=&#8220;0&#8243; col_bg_type=&#8220;cover&#8220; col_parallax_image_movement=&#8220;fixed&#8220; col_parallax_image_speed=&#8220;0.5&#8243; col_padding=&#8220;0&#8243; col_vertical_offset=&#8220;0&#8243; col_horizontal_offset=&#8220;0&#8243; col_custom_zindex=&#8220;0&#8243; simplified_controls=&#8220;yes&#8220; custom_css_percentage=&#8220;no&#8220; padding_vertical=&#8220;0&#8243; padding_horizontal=&#8220;0&#8243; margin_vertical=&#8220;0&#8243; custom_css=&#8220;margin-top: 0px;margin-bottom: 0px;&#8220; border_styling_global=&#8220;default&#8220; width=&#8220;1\/1&#8243; el_position=&#8220;first last&#8220;] [spb_text_block animation=&#8220;none&#8220; animation_delay=&#8220;0&#8243; simplified_controls=&#8220;yes&#8220; custom_css_percentage=&#8220;no&#8220; padding_vertical=&#8220;0&#8243; padding_horizontal=&#8220;0&#8243; margin_vertical=&#8220;0&#8243; custom_css=&#8220;margin-top: 0px;margin-bottom: 0px;&#8220; border_size=&#8220;0&#8243; border_styling_global=&#8220;default&#8220; width=&#8220;3\/4&#8243; el_position=&#8220;first&#8220;] Gestion de Compras bietet eine gro\u00dfe Auswahl von [&hellip;]<\/p>\n","protected":false},"author":3,"featured_media":7231,"parent":8647,"menu_order":0,"comment_status":"closed","ping_status":"closed","template":"page-products-category.php","meta":{"footnotes":""},"yoast_head":"<!-- This site is optimized with the Yoast SEO plugin v22.4 - https:\/\/yoast.com\/wordpress\/plugins\/seo\/ -->\n<title>Heizung, L\u00fcftung und Klimatisierung. Produkte - Gesti\u00f3n De Compras<\/title>\n<meta name=\"description\" content=\"Gestion de Compras bietet eine gro\u00dfe Auswahl von Bauteilen f\u00fcr die Montage, Installation und Instandhaltung von Heizung, L\u00fcftung und Klimatisierung.\" \/>\n<meta name=\"robots\" content=\"index, follow, max-snippet:-1, max-image-preview:large, max-video-preview:-1\" \/>\n<link rel=\"canonical\" href=\"https:\/\/wp.gestiondecompras.com\/de\/produkte\/heizung-lueftung-und-klimatisierung\/\" \/>\n<meta property=\"og:locale\" content=\"de_DE\" \/>\n<meta property=\"og:type\" content=\"article\" \/>\n<meta property=\"og:title\" content=\"Heizung, L\u00fcftung und Klimatisierung. Produkte - Gesti\u00f3n De Compras\" \/>\n<meta property=\"og:description\" content=\"Gestion de Compras bietet eine gro\u00dfe Auswahl von Bauteilen f\u00fcr die Montage, Installation und Instandhaltung von Heizung, L\u00fcftung und Klimatisierung.\" \/>\n<meta property=\"og:url\" content=\"https:\/\/wp.gestiondecompras.com\/de\/produkte\/heizung-lueftung-und-klimatisierung\/\" \/>\n<meta property=\"og:site_name\" content=\"Gesti\u00f3n De Compras\" \/>\n<meta property=\"article:modified_time\" content=\"2021-11-09T11:34:08+00:00\" \/>\n<meta property=\"og:image\" content=\"https:\/\/wp.gestiondecompras.com\/wp-content\/uploads\/2021\/09\/ventilation02.jpg\" \/>\n\t<meta property=\"og:image:width\" content=\"550\" \/>\n\t<meta property=\"og:image:height\" content=\"400\" \/>\n\t<meta property=\"og:image:type\" content=\"image\/jpeg\" \/>\n<meta name=\"twitter:card\" content=\"summary_large_image\" \/>\n<meta name=\"twitter:label1\" content=\"Gesch\u00e4tzte Lesezeit\" \/>\n\t<meta name=\"twitter:data1\" content=\"5\u00a0Minuten\" \/>\n<script type=\"application\/ld+json\" class=\"yoast-schema-graph\">{\"@context\":\"https:\/\/schema.org\",\"@graph\":[{\"@type\":\"WebPage\",\"@id\":\"https:\/\/wp.gestiondecompras.com\/de\/produkte\/heizung-lueftung-und-klimatisierung\/\",\"url\":\"https:\/\/wp.gestiondecompras.com\/de\/produkte\/heizung-lueftung-und-klimatisierung\/\",\"name\":\"Heizung, L\u00fcftung und Klimatisierung. Produkte - Gesti\u00f3n De Compras\",\"isPartOf\":{\"@id\":\"https:\/\/wp.gestiondecompras.com\/de\/#website\"},\"primaryImageOfPage\":{\"@id\":\"https:\/\/wp.gestiondecompras.com\/de\/produkte\/heizung-lueftung-und-klimatisierung\/#primaryimage\"},\"image\":{\"@id\":\"https:\/\/wp.gestiondecompras.com\/de\/produkte\/heizung-lueftung-und-klimatisierung\/#primaryimage\"},\"thumbnailUrl\":\"https:\/\/wp.gestiondecompras.com\/wp-content\/uploads\/2021\/09\/ventilation02.jpg\",\"datePublished\":\"2021-05-11T14:45:19+00:00\",\"dateModified\":\"2021-11-09T11:34:08+00:00\",\"description\":\"Gestion de Compras bietet eine gro\u00dfe Auswahl von Bauteilen f\u00fcr die Montage, Installation und Instandhaltung von Heizung, L\u00fcftung und Klimatisierung.\",\"breadcrumb\":{\"@id\":\"https:\/\/wp.gestiondecompras.com\/de\/produkte\/heizung-lueftung-und-klimatisierung\/#breadcrumb\"},\"inLanguage\":\"de\",\"potentialAction\":[{\"@type\":\"ReadAction\",\"target\":[\"https:\/\/wp.gestiondecompras.com\/de\/produkte\/heizung-lueftung-und-klimatisierung\/\"]}]},{\"@type\":\"ImageObject\",\"inLanguage\":\"de\",\"@id\":\"https:\/\/wp.gestiondecompras.com\/de\/produkte\/heizung-lueftung-und-klimatisierung\/#primaryimage\",\"url\":\"https:\/\/wp.gestiondecompras.com\/wp-content\/uploads\/2021\/09\/ventilation02.jpg\",\"contentUrl\":\"https:\/\/wp.gestiondecompras.com\/wp-content\/uploads\/2021\/09\/ventilation02.jpg\",\"width\":550,\"height\":400,\"caption\":\"ventilation02\"},{\"@type\":\"BreadcrumbList\",\"@id\":\"https:\/\/wp.gestiondecompras.com\/de\/produkte\/heizung-lueftung-und-klimatisierung\/#breadcrumb\",\"itemListElement\":[{\"@type\":\"ListItem\",\"position\":1,\"name\":\"Heim\",\"item\":\"https:\/\/wp.gestiondecompras.com\/de\/\"},{\"@type\":\"ListItem\",\"position\":2,\"name\":\"Produkte\",\"item\":\"https:\/\/wp.gestiondecompras.com\/de\/productos\/\"},{\"@type\":\"ListItem\",\"position\":3,\"name\":\"Heizung, L\u00fcftung und Klimatisierung\"}]},{\"@type\":\"WebSite\",\"@id\":\"https:\/\/wp.gestiondecompras.com\/de\/#website\",\"url\":\"https:\/\/wp.gestiondecompras.com\/de\/\",\"name\":\"Gesti\u00f3n De Compras\",\"description\":\"Sourcing Internacional\",\"potentialAction\":[{\"@type\":\"SearchAction\",\"target\":{\"@type\":\"EntryPoint\",\"urlTemplate\":\"https:\/\/wp.gestiondecompras.com\/de\/?s={search_term_string}\"},\"query-input\":\"required name=search_term_string\"}],\"inLanguage\":\"de\"}]}<\/script>\n<!-- \/ Yoast SEO plugin. -->","yoast_head_json":{"title":"Heizung, L\u00fcftung und Klimatisierung. Produkte - Gesti\u00f3n De Compras","description":"Gestion de Compras bietet eine gro\u00dfe Auswahl von Bauteilen f\u00fcr die Montage, Installation und Instandhaltung von Heizung, L\u00fcftung und Klimatisierung.","robots":{"index":"index","follow":"follow","max-snippet":"max-snippet:-1","max-image-preview":"max-image-preview:large","max-video-preview":"max-video-preview:-1"},"canonical":"https:\/\/wp.gestiondecompras.com\/de\/produkte\/heizung-lueftung-und-klimatisierung\/","og_locale":"de_DE","og_type":"article","og_title":"Heizung, L\u00fcftung und Klimatisierung. Produkte - Gesti\u00f3n De Compras","og_description":"Gestion de Compras bietet eine gro\u00dfe Auswahl von Bauteilen f\u00fcr die Montage, Installation und Instandhaltung von Heizung, L\u00fcftung und Klimatisierung.","og_url":"https:\/\/wp.gestiondecompras.com\/de\/produkte\/heizung-lueftung-und-klimatisierung\/","og_site_name":"Gesti\u00f3n De Compras","article_modified_time":"2021-11-09T11:34:08+00:00","og_image":[{"width":550,"height":400,"url":"https:\/\/wp.gestiondecompras.com\/wp-content\/uploads\/2021\/09\/ventilation02.jpg","type":"image\/jpeg"}],"twitter_card":"summary_large_image","twitter_misc":{"Gesch\u00e4tzte Lesezeit":"5\u00a0Minuten"},"schema":{"@context":"https:\/\/schema.org","@graph":[{"@type":"WebPage","@id":"https:\/\/wp.gestiondecompras.com\/de\/produkte\/heizung-lueftung-und-klimatisierung\/","url":"https:\/\/wp.gestiondecompras.com\/de\/produkte\/heizung-lueftung-und-klimatisierung\/","name":"Heizung, L\u00fcftung und Klimatisierung. Produkte - Gesti\u00f3n De Compras","isPartOf":{"@id":"https:\/\/wp.gestiondecompras.com\/de\/#website"},"primaryImageOfPage":{"@id":"https:\/\/wp.gestiondecompras.com\/de\/produkte\/heizung-lueftung-und-klimatisierung\/#primaryimage"},"image":{"@id":"https:\/\/wp.gestiondecompras.com\/de\/produkte\/heizung-lueftung-und-klimatisierung\/#primaryimage"},"thumbnailUrl":"https:\/\/wp.gestiondecompras.com\/wp-content\/uploads\/2021\/09\/ventilation02.jpg","datePublished":"2021-05-11T14:45:19+00:00","dateModified":"2021-11-09T11:34:08+00:00","description":"Gestion de Compras bietet eine gro\u00dfe Auswahl von Bauteilen f\u00fcr die Montage, Installation und Instandhaltung von Heizung, L\u00fcftung und Klimatisierung.","breadcrumb":{"@id":"https:\/\/wp.gestiondecompras.com\/de\/produkte\/heizung-lueftung-und-klimatisierung\/#breadcrumb"},"inLanguage":"de","potentialAction":[{"@type":"ReadAction","target":["https:\/\/wp.gestiondecompras.com\/de\/produkte\/heizung-lueftung-und-klimatisierung\/"]}]},{"@type":"ImageObject","inLanguage":"de","@id":"https:\/\/wp.gestiondecompras.com\/de\/produkte\/heizung-lueftung-und-klimatisierung\/#primaryimage","url":"https:\/\/wp.gestiondecompras.com\/wp-content\/uploads\/2021\/09\/ventilation02.jpg","contentUrl":"https:\/\/wp.gestiondecompras.com\/wp-content\/uploads\/2021\/09\/ventilation02.jpg","width":550,"height":400,"caption":"ventilation02"},{"@type":"BreadcrumbList","@id":"https:\/\/wp.gestiondecompras.com\/de\/produkte\/heizung-lueftung-und-klimatisierung\/#breadcrumb","itemListElement":[{"@type":"ListItem","position":1,"name":"Heim","item":"https:\/\/wp.gestiondecompras.com\/de\/"},{"@type":"ListItem","position":2,"name":"Produkte","item":"https:\/\/wp.gestiondecompras.com\/de\/productos\/"},{"@type":"ListItem","position":3,"name":"Heizung, L\u00fcftung und Klimatisierung"}]},{"@type":"WebSite","@id":"https:\/\/wp.gestiondecompras.com\/de\/#website","url":"https:\/\/wp.gestiondecompras.com\/de\/","name":"Gesti\u00f3n De Compras","description":"Sourcing Internacional","potentialAction":[{"@type":"SearchAction","target":{"@type":"EntryPoint","urlTemplate":"https:\/\/wp.gestiondecompras.com\/de\/?s={search_term_string}"},"query-input":"required name=search_term_string"}],"inLanguage":"de"}]}},"_links":{"self":[{"href":"https:\/\/wp.gestiondecompras.com\/de\/wp-json\/wp\/v2\/pages\/8732"}],"collection":[{"href":"https:\/\/wp.gestiondecompras.com\/de\/wp-json\/wp\/v2\/pages"}],"about":[{"href":"https:\/\/wp.gestiondecompras.com\/de\/wp-json\/wp\/v2\/types\/page"}],"author":[{"embeddable":true,"href":"https:\/\/wp.gestiondecompras.com\/de\/wp-json\/wp\/v2\/users\/3"}],"replies":[{"embeddable":true,"href":"https:\/\/wp.gestiondecompras.com\/de\/wp-json\/wp\/v2\/comments?post=8732"}],"version-history":[{"count":5,"href":"https:\/\/wp.gestiondecompras.com\/de\/wp-json\/wp\/v2\/pages\/8732\/revisions"}],"predecessor-version":[{"id":10493,"href":"https:\/\/wp.gestiondecompras.com\/de\/wp-json\/wp\/v2\/pages\/8732\/revisions\/10493"}],"up":[{"embeddable":true,"href":"https:\/\/wp.gestiondecompras.com\/de\/wp-json\/wp\/v2\/pages\/8647"}],"wp:featuredmedia":[{"embeddable":true,"href":"https:\/\/wp.gestiondecompras.com\/de\/wp-json\/wp\/v2\/media\/7231"}],"wp:attachment":[{"href":"https:\/\/wp.gestiondecompras.com\/de\/wp-json\/wp\/v2\/media?parent=8732"}],"curies":[{"name":"wp","href":"https:\/\/api.w.org\/{rel}","templated":true}]}}