{"id":8707,"date":"2021-05-11T08:13:45","date_gmt":"2021-05-11T08:13:45","guid":{"rendered":"https:\/\/wp.gestiondecompras.com\/?page_id=8707"},"modified":"2021-10-21T08:43:54","modified_gmt":"2021-10-21T08:43:54","slug":"aluminum","status":"publish","type":"page","link":"https:\/\/wp.gestiondecompras.com\/de\/produkte\/aluminum\/","title":{"rendered":"Aluminum"},"content":{"rendered":"[spb_row element_name=&#8220;Row&#8220; wrap_type=&#8220;content-width&#8220; parallax_image_height=&#8220;content-height&#8220; parallax_image_movement=&#8220;fixed&#8220; parallax_image_speed=&#8220;0.5&#8243; bg_video_loop=&#8220;yes&#8220; parallax_video_height=&#8220;window-height&#8220; parallax_video_overlay=&#8220;none&#8220; row_overlay_opacity=&#8220;0&#8243; row_col_pos=&#8220;default&#8220; width=&#8220;1\/1&#8243; el_position=&#8220;first last&#8220;] [spb_column col_animation=&#8220;none&#8220; col_animation_delay=&#8220;0&#8243; col_bg_type=&#8220;cover&#8220; col_parallax_image_movement=&#8220;fixed&#8220; col_parallax_image_speed=&#8220;0.5&#8243; col_padding=&#8220;0&#8243; col_vertical_offset=&#8220;0&#8243; col_horizontal_offset=&#8220;0&#8243; col_custom_zindex=&#8220;0&#8243; col_sm=&#8220;12&#8243; simplified_controls=&#8220;yes&#8220; custom_css_percentage=&#8220;no&#8220; padding_vertical=&#8220;0&#8243; padding_horizontal=&#8220;0&#8243; margin_vertical=&#8220;0&#8243; custom_css=&#8220;margin-top: 0px;margin-bottom: 0px;&#8220; border_styling_global=&#8220;default&#8220; width=&#8220;1\/1&#8243; el_position=&#8220;first last&#8220;] [spb_text_block animation=&#8220;none&#8220; animation_delay=&#8220;0&#8243; simplified_controls=&#8220;yes&#8220; custom_css_percentage=&#8220;no&#8220; padding_vertical=&#8220;0&#8243; padding_horizontal=&#8220;0&#8243; margin_vertical=&#8220;0&#8243; custom_css=&#8220;margin-top: 0px;margin-bottom: 0px;&#8220; border_size=&#8220;0&#8243; border_styling_global=&#8220;default&#8220; width=&#8220;3\/4&#8243; el_position=&#8220;first&#8220;]\n<p>Gestion de Compras bietet Aluminium-Coils, -B\u00e4nder, -Rohre und -Profile in vielen Abmessungen und Legierungen.<\/p>\n[\/spb_text_block][spb_text_block animation=&#8220;none&#8220; animation_delay=&#8220;0&#8243; simplified_controls=&#8220;yes&#8220; custom_css_percentage=&#8220;no&#8220; padding_vertical=&#8220;0&#8243; padding_horizontal=&#8220;0&#8243; margin_vertical=&#8220;0&#8243; custom_css=&#8220;margin-top: 0px;margin-bottom: 0px;&#8220; border_size=&#8220;0&#8243; border_styling_global=&#8220;default&#8220; width=&#8220;1\/4&#8243; el_position=&#8220;last&#8220;]\n\n[\/spb_text_block] [spb_text_block animation=&#8220;none&#8220; animation_delay=&#8220;0&#8243; simplified_controls=&#8220;yes&#8220; custom_css_percentage=&#8220;no&#8220; padding_vertical=&#8220;0&#8243; padding_horizontal=&#8220;0&#8243; margin_vertical=&#8220;0&#8243; custom_css=&#8220;margin-top: 0px;margin-bottom: 0px;&#8220; border_size=&#8220;0&#8243; border_styling_global=&#8220;default&#8220; width=&#8220;1\/1&#8243; el_position=&#8220;first last&#8220;]\n<hr style=\"background-color: #0098aa; height: 1px;\" \/>\n[\/spb_text_block] [\/spb_column] [\/spb_row] [spb_row element_name=&#8220;Row&#8220; wrap_type=&#8220;content-width&#8220; parallax_image_height=&#8220;content-height&#8220; parallax_image_movement=&#8220;fixed&#8220; parallax_image_speed=&#8220;0.5&#8243; bg_video_loop=&#8220;yes&#8220; parallax_video_height=&#8220;window-height&#8220; parallax_video_overlay=&#8220;none&#8220; row_overlay_opacity=&#8220;0&#8243; row_col_pos=&#8220;default&#8220; width=&#8220;1\/1&#8243; el_position=&#8220;first last&#8220;] [spb_text_block animation=&#8220;none&#8220; animation_delay=&#8220;0&#8243; simplified_controls=&#8220;yes&#8220; custom_css_percentage=&#8220;no&#8220; padding_vertical=&#8220;0&#8243; padding_horizontal=&#8220;0&#8243; margin_vertical=&#8220;0&#8243; custom_css=&#8220;margin-top: 0px;margin-bottom: 0px;&#8220; border_size=&#8220;0&#8243; border_styling_global=&#8220;default&#8220; width=&#8220;1\/1&#8243; el_position=&#8220;first last&#8220;]\n<h2 style=\"text-align: center;\"><strong>Eigenschaften<\/strong><\/h2>\n<div class=\"horizontal-break bold\" style=\"background-color: #666d78; width: 100px\"> <\/div>\n[\/spb_text_block] [spb_boxed_content type=&#8220;coloured&#8220; box_link_target=&#8220;_self&#8220; padding_vertical=&#8220;0&#8243; padding_horizontal=&#8220;0&#8243; width=&#8220;1\/1&#8243; el_position=&#8220;first last&#8220;]\n<p style=\"text-align: justify;\">Aluminium ist ein nicht-ferromagnetisches Metall mit sehr n\u00fctzlichen und interessanten Eigenschaften. Aluminium ist ein Metall mit einer geringen Dichte, aber sehr widerstandsf\u00e4hig gegen Korrosion. Es leitet Elektrizit\u00e4t und W\u00e4rm, und ist leicht recyclebar. Dar\u00fcber hinaus gibt es Naturvorkommen im \u00dcberfluss. Aus diesen Gr\u00fcnden ist Aluminium kosteng\u00fcnstiges Metall.<\/p>\n<p style=\"text-align: justify;\">Es kann in reiner Form als auch als Legierung genutzt werden. Die h\u00e4ufigsten und wichtigsten Legierungen enthalten Kuper, Magnesium, Zink, Silizium, Titan und Chrom. All diese Zus\u00e4tze verbessern die mechanischen Eigenschaften des Aluminiums.<\/p>\n<p>Die meist genutzten Verarbeitungsformen sind:<\/p>\n[\/spb_boxed_content] [spb_icon_box title=&#8220;Extrusion&#8220; box_type=&#8220;standard-title&#8220; box_icon_type=&#8220;character&#8220; character=&#8220;\u00b7&#8220; animate_svg=&#8220;no&#8220; target=&#8220;_self&#8220; animation=&#8220;none&#8220; animation_delay=&#8220;0&#8243; animated_box_style=&#8220;coloured&#8220; animated_box_rounded=&#8220;yes&#8220; width=&#8220;1\/3&#8243; el_position=&#8220;first&#8220;]\n<p style=\"text-align: justify;\">\u00a0Bei der Extrusion wird das Aluminium durch eine spezielle \u00d6ffnung, je nach Anforderungen an die Form des Endbauteils, gef\u00fchrt.<\/p>\n[\/spb_icon_box] [spb_icon_box title=&#8220;Guss&#8220; box_type=&#8220;standard-title&#8220; box_icon_type=&#8220;character&#8220; character=&#8220;\u00b7&#8220; animate_svg=&#8220;no&#8220; target=&#8220;_self&#8220; animation=&#8220;none&#8220; animation_delay=&#8220;0&#8243; animated_box_style=&#8220;coloured&#8220; animated_box_rounded=&#8220;yes&#8220; width=&#8220;1\/3&#8243;]\n<p style=\"text-align: justify;\">Aluminium wird geschmelzt und oftmals bei drei unterschiedlichen Gussprozessen eingesetzt: Sandguss, Spritzguss oder Druckguss. Diese drei Verfahren durchlaufen mehrere Schritte, wobei am Ende immer noch eine Nachbehandlung erfolgen muss um dessen Eigenschaften zu verbessern.<\/p>\n[\/spb_icon_box] [spb_icon_box title=&#8220;Zerspanung&#8220; box_type=&#8220;standard-title&#8220; box_icon_type=&#8220;character&#8220; character=&#8220;\u00b7&#8220; animate_svg=&#8220;no&#8220; target=&#8220;_self&#8220; animation=&#8220;none&#8220; animation_delay=&#8220;0&#8243; animated_box_style=&#8220;coloured&#8220; animated_box_rounded=&#8220;yes&#8220; width=&#8220;1\/3&#8243; el_position=&#8220;last&#8220;]\n<p style=\"text-align: justify;\">Dabei wird das Endbauteil oftmals noch abschlie\u00dfend zerspanend bearbeitet.<\/p>\n[\/spb_icon_box] [spb_blank_spacer height=&#8220;15px&#8220; width=&#8220;1\/1&#8243; el_position=&#8220;first last&#8220;] [spb_boxed_content type=&#8220;coloured&#8220; box_link_target=&#8220;_self&#8220; padding_vertical=&#8220;0&#8243; padding_horizontal=&#8220;0&#8243; width=&#8220;1\/1&#8243; el_position=&#8220;first last&#8220;]\n<p style=\"text-align: justify;\">Aluminium ist das meist nachgefragte Metall nach Eisen und Stahl. Genutzt wird es in der Industrie, der Luftfahrt, der Elektronikbranche, de, Automobilsektor, Boiler etc\u2026..<\/p>\n[\/spb_boxed_content] [spb_blank_spacer height=&#8220;30px&#8220; width=&#8220;1\/1&#8243; el_position=&#8220;first last&#8220;] [\/spb_row] [spb_row element_name=&#8220;Row&#8220; wrap_type=&#8220;full-width-contained&#8220; row_bg_type=&#8220;image&#8220; row_bg_color=&#8220;#242424&#8243; color_row_height=&#8220;content-height&#8220; bg_image=&#8220;1515&#8243; bg_type=&#8220;cover&#8220; parallax_image_height=&#8220;content-height&#8220; parallax_image_movement=&#8220;scroll&#8220; parallax_image_speed=&#8220;standard&#8220; bg_video_loop=&#8220;yes&#8220; parallax_video_height=&#8220;window-height&#8220; row_top_style=&#8220;none&#8220; row_bottom_style=&#8220;none&#8220; parallax_video_overlay=&#8220;none&#8220; row_overlay_opacity=&#8220;0&#8243; remove_element_spacing=&#8220;no&#8220; row_col_spacing=&#8220;0&#8243; row_col_pos=&#8220;default&#8220; row_col_equal_heights=&#8220;no&#8220; row_expanding=&#8220;no&#8220; row_animation=&#8220;none&#8220; row_animation_delay=&#8220;0&#8243; minimize_row=&#8220;no&#8220; simplified_controls=&#8220;yes&#8220; custom_css_percentage=&#8220;no&#8220; custom_css=&#8220;margin-top: 0px;margin-bottom: 0px;&#8220; border_styling_global=&#8220;default&#8220; width=&#8220;1\/1&#8243; el_position=&#8220;first last&#8220;] [spb_column col_animation=&#8220;none&#8220; col_animation_delay=&#8220;0&#8243; col_bg_color=&#8220;#242424&#8243; col_bg_type=&#8220;cover&#8220; col_parallax_image_movement=&#8220;fixed&#8220; col_parallax_image_speed=&#8220;0.5&#8243; col_padding=&#8220;0&#8243; col_vertical_offset=&#8220;0&#8243; col_horizontal_offset=&#8220;0&#8243; col_custom_zindex=&#8220;0&#8243; col_xs=&#8220;12&#8243; col_sm=&#8220;12&#8243; col_md=&#8220;8&#8243; col_lg=&#8220;8&#8243; simplified_controls=&#8220;yes&#8220; custom_css_percentage=&#8220;no&#8220; padding_vertical=&#8220;20&#8243; padding_horizontal=&#8220;20&#8243; margin_vertical=&#8220;0&#8243; custom_css=&#8220;margin-top: 0px;margin-bottom: 0px;padding-top: 20px;padding-left: 20px;padding-right: 20px;padding-bottom: 20px;&#8220; border_styling_global=&#8220;default&#8220; width=&#8220;1\/1&#8243; el_position=&#8220;first last&#8220;] [spb_text_block animation=&#8220;none&#8220; animation_delay=&#8220;0&#8243; simplified_controls=&#8220;yes&#8220; custom_css_percentage=&#8220;no&#8220; padding_vertical=&#8220;0&#8243; padding_horizontal=&#8220;0&#8243; margin_vertical=&#8220;0&#8243; custom_css=&#8220;margin-top: 0px;margin-bottom: 0px;&#8220; border_size=&#8220;0&#8243; border_styling_global=&#8220;default&#8220; width=&#8220;1\/1&#8243; el_position=&#8220;first last&#8220;]\n<h2>klassifiziert<\/h2>\n<hr \/>\n<p><span style=\"color: #ffffff;\">Grunds\u00e4tzlich klassifiziert man die Aluminiumlegierungen nach dessen F\u00e4higkeit zur W\u00e4rmebehandlung. Die Legierungen sind nicht f\u00fcr eine W\u00e4rmebehandlung geeignet sind k\u00f6nnen nur im kalten Zustand bearbeitet werden um dessen mechanischen Eigenschaften zu erh\u00f6hen, wobei Legierungen f\u00e4hig zur W\u00e4rmebehandlung k\u00fcnstlich veraltet werden k\u00f6nnen um dessen mechanischen Eigenschaften zu ver\u00e4ndern.<\/span><\/p>\n<h3>Die Hauptlegierungselemente sind wie folgt:<\/h3>\n<div>\n<ul>\n<li><span style=\"color: #ffffff;\">1XXX series: Aluminium mit hohem Reinheitsgrad<br \/>\n<\/span><\/li>\n<li><span style=\"color: #ffffff;\">2XXX series: Al-Cu<br \/>\n<\/span><\/li>\n<li><span style=\"color: #ffffff;\">3XXX series: Al-Mn<br \/>\n<\/span><\/li>\n<li><span style=\"color: #ffffff;\">4XXX series: Al-Si<br \/>\n<\/span><\/li>\n<li><span style=\"color: #ffffff;\">5XXX series: Al-Mg<br \/>\n<\/span><\/li>\n<li><span style=\"color: #ffffff;\">6XXX series: Al-Mg-Si<br \/>\n<\/span><\/li>\n<li><span style=\"color: #ffffff;\">7XXX series: Al-Zn<br \/>\n<\/span><\/li>\n<li><span style=\"color: #ffffff;\">8XXX series: Al-Andere<\/span><\/li>\n<\/ul>\n<\/div>\n<p><span style=\"color: #ffffff;\">Normen: EN 573, EN 485, EN 486, EN 487, EN 515, EN 546, EN 576, EN 754, EN 1706, DIN 1712, DIN 1783, DIN 1798<\/span><\/p>\n<p><span style=\"color: #333333;\">\u00a0<\/span><\/p>\n[\/spb_text_block] [\/spb_column] [\/spb_row]\n","protected":false},"excerpt":{"rendered":"<p>[spb_row element_name=&#8220;Row&#8220; wrap_type=&#8220;content-width&#8220; parallax_image_height=&#8220;content-height&#8220; parallax_image_movement=&#8220;fixed&#8220; parallax_image_speed=&#8220;0.5&#8243; bg_video_loop=&#8220;yes&#8220; parallax_video_height=&#8220;window-height&#8220; parallax_video_overlay=&#8220;none&#8220; row_overlay_opacity=&#8220;0&#8243; row_col_pos=&#8220;default&#8220; width=&#8220;1\/1&#8243; el_position=&#8220;first last&#8220;] [spb_column col_animation=&#8220;none&#8220; col_animation_delay=&#8220;0&#8243; col_bg_type=&#8220;cover&#8220; col_parallax_image_movement=&#8220;fixed&#8220; col_parallax_image_speed=&#8220;0.5&#8243; col_padding=&#8220;0&#8243; col_vertical_offset=&#8220;0&#8243; col_horizontal_offset=&#8220;0&#8243; col_custom_zindex=&#8220;0&#8243; col_sm=&#8220;12&#8243; simplified_controls=&#8220;yes&#8220; custom_css_percentage=&#8220;no&#8220; padding_vertical=&#8220;0&#8243; padding_horizontal=&#8220;0&#8243; margin_vertical=&#8220;0&#8243; custom_css=&#8220;margin-top: 0px;margin-bottom: 0px;&#8220; border_styling_global=&#8220;default&#8220; width=&#8220;1\/1&#8243; el_position=&#8220;first last&#8220;] [spb_text_block animation=&#8220;none&#8220; animation_delay=&#8220;0&#8243; simplified_controls=&#8220;yes&#8220; custom_css_percentage=&#8220;no&#8220; padding_vertical=&#8220;0&#8243; padding_horizontal=&#8220;0&#8243; margin_vertical=&#8220;0&#8243; custom_css=&#8220;margin-top: 0px;margin-bottom: 0px;&#8220; border_size=&#8220;0&#8243; border_styling_global=&#8220;default&#8220; width=&#8220;3\/4&#8243; el_position=&#8220;first&#8220;] Gestion de Compras bietet Aluminium-Coils, -B\u00e4nder, -Rohre und [&hellip;]<\/p>\n","protected":false},"author":3,"featured_media":1510,"parent":8647,"menu_order":0,"comment_status":"closed","ping_status":"closed","template":"page-products-category.php","meta":{"footnotes":""},"yoast_head":"<!-- This site is optimized with the Yoast SEO plugin v22.4 - https:\/\/yoast.com\/wordpress\/plugins\/seo\/ -->\n<title>Aluminum. Prozess und Produkte - Gesti\u00f3n De Compras<\/title>\n<meta name=\"description\" content=\"Gestion de Compras bietet Aluminium-Coils, -B\u00e4nder, -Rohre und -Profile in vielen Abmessungen und Legierungen.\" \/>\n<meta name=\"robots\" content=\"index, follow, max-snippet:-1, max-image-preview:large, max-video-preview:-1\" \/>\n<link rel=\"canonical\" href=\"https:\/\/wp.gestiondecompras.com\/de\/produkte\/aluminum\/\" \/>\n<meta property=\"og:locale\" content=\"de_DE\" \/>\n<meta property=\"og:type\" content=\"article\" \/>\n<meta property=\"og:title\" content=\"Aluminum. Prozess und Produkte - Gesti\u00f3n De Compras\" \/>\n<meta property=\"og:description\" content=\"Gestion de Compras bietet Aluminium-Coils, -B\u00e4nder, -Rohre und -Profile in vielen Abmessungen und Legierungen.\" \/>\n<meta property=\"og:url\" content=\"https:\/\/wp.gestiondecompras.com\/de\/produkte\/aluminum\/\" \/>\n<meta property=\"og:site_name\" content=\"Gesti\u00f3n De Compras\" \/>\n<meta property=\"article:modified_time\" content=\"2021-10-21T08:43:54+00:00\" \/>\n<meta property=\"og:image\" content=\"https:\/\/wp.gestiondecompras.com\/wp-content\/uploads\/2021\/05\/pletina_aluminio.jpg\" \/>\n\t<meta property=\"og:image:width\" content=\"900\" \/>\n\t<meta property=\"og:image:height\" content=\"576\" \/>\n\t<meta property=\"og:image:type\" content=\"image\/jpeg\" \/>\n<meta name=\"twitter:card\" content=\"summary_large_image\" \/>\n<meta name=\"twitter:label1\" content=\"Gesch\u00e4tzte Lesezeit\" \/>\n\t<meta name=\"twitter:data1\" content=\"5\u00a0Minuten\" \/>\n<script type=\"application\/ld+json\" class=\"yoast-schema-graph\">{\"@context\":\"https:\/\/schema.org\",\"@graph\":[{\"@type\":\"WebPage\",\"@id\":\"https:\/\/wp.gestiondecompras.com\/de\/produkte\/aluminum\/\",\"url\":\"https:\/\/wp.gestiondecompras.com\/de\/produkte\/aluminum\/\",\"name\":\"Aluminum. Prozess und Produkte - Gesti\u00f3n De Compras\",\"isPartOf\":{\"@id\":\"https:\/\/wp.gestiondecompras.com\/de\/#website\"},\"primaryImageOfPage\":{\"@id\":\"https:\/\/wp.gestiondecompras.com\/de\/produkte\/aluminum\/#primaryimage\"},\"image\":{\"@id\":\"https:\/\/wp.gestiondecompras.com\/de\/produkte\/aluminum\/#primaryimage\"},\"thumbnailUrl\":\"https:\/\/wp.gestiondecompras.com\/wp-content\/uploads\/2021\/05\/pletina_aluminio.jpg\",\"datePublished\":\"2021-05-11T08:13:45+00:00\",\"dateModified\":\"2021-10-21T08:43:54+00:00\",\"description\":\"Gestion de Compras bietet Aluminium-Coils, -B\u00e4nder, -Rohre und -Profile in vielen Abmessungen und Legierungen.\",\"breadcrumb\":{\"@id\":\"https:\/\/wp.gestiondecompras.com\/de\/produkte\/aluminum\/#breadcrumb\"},\"inLanguage\":\"de\",\"potentialAction\":[{\"@type\":\"ReadAction\",\"target\":[\"https:\/\/wp.gestiondecompras.com\/de\/produkte\/aluminum\/\"]}]},{\"@type\":\"ImageObject\",\"inLanguage\":\"de\",\"@id\":\"https:\/\/wp.gestiondecompras.com\/de\/produkte\/aluminum\/#primaryimage\",\"url\":\"https:\/\/wp.gestiondecompras.com\/wp-content\/uploads\/2021\/05\/pletina_aluminio.jpg\",\"contentUrl\":\"https:\/\/wp.gestiondecompras.com\/wp-content\/uploads\/2021\/05\/pletina_aluminio.jpg\",\"width\":900,\"height\":576,\"caption\":\"aluminio\"},{\"@type\":\"BreadcrumbList\",\"@id\":\"https:\/\/wp.gestiondecompras.com\/de\/produkte\/aluminum\/#breadcrumb\",\"itemListElement\":[{\"@type\":\"ListItem\",\"position\":1,\"name\":\"Heim\",\"item\":\"https:\/\/wp.gestiondecompras.com\/de\/\"},{\"@type\":\"ListItem\",\"position\":2,\"name\":\"Produkte\",\"item\":\"https:\/\/wp.gestiondecompras.com\/de\/productos\/\"},{\"@type\":\"ListItem\",\"position\":3,\"name\":\"Aluminum\"}]},{\"@type\":\"WebSite\",\"@id\":\"https:\/\/wp.gestiondecompras.com\/de\/#website\",\"url\":\"https:\/\/wp.gestiondecompras.com\/de\/\",\"name\":\"Gesti\u00f3n De Compras\",\"description\":\"Sourcing Internacional\",\"potentialAction\":[{\"@type\":\"SearchAction\",\"target\":{\"@type\":\"EntryPoint\",\"urlTemplate\":\"https:\/\/wp.gestiondecompras.com\/de\/?s={search_term_string}\"},\"query-input\":\"required name=search_term_string\"}],\"inLanguage\":\"de\"}]}<\/script>\n<!-- \/ Yoast SEO plugin. -->","yoast_head_json":{"title":"Aluminum. Prozess und Produkte - Gesti\u00f3n De Compras","description":"Gestion de Compras bietet Aluminium-Coils, -B\u00e4nder, -Rohre und -Profile in vielen Abmessungen und Legierungen.","robots":{"index":"index","follow":"follow","max-snippet":"max-snippet:-1","max-image-preview":"max-image-preview:large","max-video-preview":"max-video-preview:-1"},"canonical":"https:\/\/wp.gestiondecompras.com\/de\/produkte\/aluminum\/","og_locale":"de_DE","og_type":"article","og_title":"Aluminum. Prozess und Produkte - Gesti\u00f3n De Compras","og_description":"Gestion de Compras bietet Aluminium-Coils, -B\u00e4nder, -Rohre und -Profile in vielen Abmessungen und Legierungen.","og_url":"https:\/\/wp.gestiondecompras.com\/de\/produkte\/aluminum\/","og_site_name":"Gesti\u00f3n De Compras","article_modified_time":"2021-10-21T08:43:54+00:00","og_image":[{"width":900,"height":576,"url":"https:\/\/wp.gestiondecompras.com\/wp-content\/uploads\/2021\/05\/pletina_aluminio.jpg","type":"image\/jpeg"}],"twitter_card":"summary_large_image","twitter_misc":{"Gesch\u00e4tzte Lesezeit":"5\u00a0Minuten"},"schema":{"@context":"https:\/\/schema.org","@graph":[{"@type":"WebPage","@id":"https:\/\/wp.gestiondecompras.com\/de\/produkte\/aluminum\/","url":"https:\/\/wp.gestiondecompras.com\/de\/produkte\/aluminum\/","name":"Aluminum. Prozess und Produkte - Gesti\u00f3n De Compras","isPartOf":{"@id":"https:\/\/wp.gestiondecompras.com\/de\/#website"},"primaryImageOfPage":{"@id":"https:\/\/wp.gestiondecompras.com\/de\/produkte\/aluminum\/#primaryimage"},"image":{"@id":"https:\/\/wp.gestiondecompras.com\/de\/produkte\/aluminum\/#primaryimage"},"thumbnailUrl":"https:\/\/wp.gestiondecompras.com\/wp-content\/uploads\/2021\/05\/pletina_aluminio.jpg","datePublished":"2021-05-11T08:13:45+00:00","dateModified":"2021-10-21T08:43:54+00:00","description":"Gestion de Compras bietet Aluminium-Coils, -B\u00e4nder, -Rohre und -Profile in vielen Abmessungen und Legierungen.","breadcrumb":{"@id":"https:\/\/wp.gestiondecompras.com\/de\/produkte\/aluminum\/#breadcrumb"},"inLanguage":"de","potentialAction":[{"@type":"ReadAction","target":["https:\/\/wp.gestiondecompras.com\/de\/produkte\/aluminum\/"]}]},{"@type":"ImageObject","inLanguage":"de","@id":"https:\/\/wp.gestiondecompras.com\/de\/produkte\/aluminum\/#primaryimage","url":"https:\/\/wp.gestiondecompras.com\/wp-content\/uploads\/2021\/05\/pletina_aluminio.jpg","contentUrl":"https:\/\/wp.gestiondecompras.com\/wp-content\/uploads\/2021\/05\/pletina_aluminio.jpg","width":900,"height":576,"caption":"aluminio"},{"@type":"BreadcrumbList","@id":"https:\/\/wp.gestiondecompras.com\/de\/produkte\/aluminum\/#breadcrumb","itemListElement":[{"@type":"ListItem","position":1,"name":"Heim","item":"https:\/\/wp.gestiondecompras.com\/de\/"},{"@type":"ListItem","position":2,"name":"Produkte","item":"https:\/\/wp.gestiondecompras.com\/de\/productos\/"},{"@type":"ListItem","position":3,"name":"Aluminum"}]},{"@type":"WebSite","@id":"https:\/\/wp.gestiondecompras.com\/de\/#website","url":"https:\/\/wp.gestiondecompras.com\/de\/","name":"Gesti\u00f3n De Compras","description":"Sourcing Internacional","potentialAction":[{"@type":"SearchAction","target":{"@type":"EntryPoint","urlTemplate":"https:\/\/wp.gestiondecompras.com\/de\/?s={search_term_string}"},"query-input":"required name=search_term_string"}],"inLanguage":"de"}]}},"_links":{"self":[{"href":"https:\/\/wp.gestiondecompras.com\/de\/wp-json\/wp\/v2\/pages\/8707"}],"collection":[{"href":"https:\/\/wp.gestiondecompras.com\/de\/wp-json\/wp\/v2\/pages"}],"about":[{"href":"https:\/\/wp.gestiondecompras.com\/de\/wp-json\/wp\/v2\/types\/page"}],"author":[{"embeddable":true,"href":"https:\/\/wp.gestiondecompras.com\/de\/wp-json\/wp\/v2\/users\/3"}],"replies":[{"embeddable":true,"href":"https:\/\/wp.gestiondecompras.com\/de\/wp-json\/wp\/v2\/comments?post=8707"}],"version-history":[{"count":3,"href":"https:\/\/wp.gestiondecompras.com\/de\/wp-json\/wp\/v2\/pages\/8707\/revisions"}],"predecessor-version":[{"id":8710,"href":"https:\/\/wp.gestiondecompras.com\/de\/wp-json\/wp\/v2\/pages\/8707\/revisions\/8710"}],"up":[{"embeddable":true,"href":"https:\/\/wp.gestiondecompras.com\/de\/wp-json\/wp\/v2\/pages\/8647"}],"wp:featuredmedia":[{"embeddable":true,"href":"https:\/\/wp.gestiondecompras.com\/de\/wp-json\/wp\/v2\/media\/1510"}],"wp:attachment":[{"href":"https:\/\/wp.gestiondecompras.com\/de\/wp-json\/wp\/v2\/media?parent=8707"}],"curies":[{"name":"wp","href":"https:\/\/api.w.org\/{rel}","templated":true}]}}