{"id":8683,"date":"2021-05-10T15:02:38","date_gmt":"2021-05-10T15:02:38","guid":{"rendered":"https:\/\/wp.gestiondecompras.com\/?page_id=8683"},"modified":"2021-11-09T11:51:18","modified_gmt":"2021-11-09T11:51:18","slug":"stahlequipment-kesselteile-und-rohrfittinge","status":"publish","type":"page","link":"https:\/\/wp.gestiondecompras.com\/de\/produkte\/stahlequipment-kesselteile-und-rohrfittinge\/","title":{"rendered":"Stahlequipment, Kesselteile und Rohrfittinge"},"content":{"rendered":"[spb_row element_name=&#8220;Row&#8220; wrap_type=&#8220;content-width&#8220; parallax_image_height=&#8220;content-height&#8220; parallax_image_movement=&#8220;fixed&#8220; parallax_image_speed=&#8220;0.5&#8243; bg_video_loop=&#8220;yes&#8220; parallax_video_height=&#8220;window-height&#8220; parallax_video_overlay=&#8220;none&#8220; row_overlay_opacity=&#8220;0&#8243; row_col_pos=&#8220;default&#8220; width=&#8220;1\/1&#8243; el_position=&#8220;first last&#8220;] [spb_column col_sm=&#8220;12&#8243; col_animation=&#8220;none&#8220; col_animation_delay=&#8220;0&#8243; col_bg_type=&#8220;cover&#8220; col_parallax_image_movement=&#8220;fixed&#8220; col_parallax_image_speed=&#8220;0.5&#8243; col_padding=&#8220;0&#8243; col_vertical_offset=&#8220;0&#8243; col_horizontal_offset=&#8220;0&#8243; col_custom_zindex=&#8220;0&#8243; simplified_controls=&#8220;yes&#8220; custom_css_percentage=&#8220;no&#8220; padding_vertical=&#8220;0&#8243; padding_horizontal=&#8220;0&#8243; margin_vertical=&#8220;0&#8243; custom_css=&#8220;margin-top: 0px;margin-bottom: 0px;&#8220; border_styling_global=&#8220;default&#8220; width=&#8220;1\/1&#8243; el_position=&#8220;first last&#8220;] [spb_text_block animation=&#8220;none&#8220; animation_delay=&#8220;0&#8243; simplified_controls=&#8220;yes&#8220; custom_css_percentage=&#8220;no&#8220; padding_vertical=&#8220;0&#8243; padding_horizontal=&#8220;0&#8243; margin_vertical=&#8220;0&#8243; custom_css=&#8220;margin-top: 0px;margin-bottom: 0px;&#8220; border_size=&#8220;0&#8243; border_styling_global=&#8220;default&#8220; width=&#8220;3\/4&#8243; el_position=&#8220;first&#8220;]\n<p>Gestion de Compras bietet ein breites Sortiment an Rohrfittings: Flansche (Verschwei\u00dfflansch, Aufsteckflansch, \u00dcberlappungsverbindung, mit Gewinde, Blenden; Ventile (Butterfly\/Schmetterling, Absperrklappe, Ausgleichsventil, Kugelhahn, etc\u2026<\/p>\n[\/spb_text_block] [spb_text_block animation=&#8220;none&#8220; animation_delay=&#8220;0&#8243; simplified_controls=&#8220;yes&#8220; custom_css_percentage=&#8220;no&#8220; padding_vertical=&#8220;0&#8243; padding_horizontal=&#8220;0&#8243; margin_vertical=&#8220;0&#8243; custom_css=&#8220;margin-top: 0px;margin-bottom: 0px;&#8220; border_size=&#8220;0&#8243; border_styling_global=&#8220;default&#8220; width=&#8220;1\/4&#8243; el_position=&#8220;last&#8220;]\n\n[\/spb_text_block] [spb_text_block animation=&#8220;none&#8220; animation_delay=&#8220;0&#8243; simplified_controls=&#8220;yes&#8220; custom_css_percentage=&#8220;no&#8220; padding_vertical=&#8220;0&#8243; padding_horizontal=&#8220;0&#8243; margin_vertical=&#8220;0&#8243; custom_css=&#8220;margin-top: 0px;margin-bottom: 0px;&#8220; border_size=&#8220;0&#8243; border_styling_global=&#8220;default&#8220; width=&#8220;1\/1&#8243; el_position=&#8220;first last&#8220;]\n<hr style=\"background-color: #0098aa; height: 1px;\" \/>\n[\/spb_text_block] [\/spb_column] [\/spb_row] [spb_row element_name=&#8220;Row&#8220; wrap_type=&#8220;content-width&#8220; parallax_image_height=&#8220;content-height&#8220; parallax_image_movement=&#8220;fixed&#8220; parallax_image_speed=&#8220;0.5&#8243; bg_video_loop=&#8220;yes&#8220; parallax_video_height=&#8220;window-height&#8220; parallax_video_overlay=&#8220;none&#8220; row_overlay_opacity=&#8220;0&#8243; row_col_pos=&#8220;default&#8220; width=&#8220;1\/1&#8243; el_position=&#8220;first last&#8220;] [spb_text_block animation=&#8220;none&#8220; animation_delay=&#8220;0&#8243; simplified_controls=&#8220;yes&#8220; custom_css_percentage=&#8220;no&#8220; padding_vertical=&#8220;0&#8243; padding_horizontal=&#8220;0&#8243; margin_vertical=&#8220;0&#8243; custom_css=&#8220;margin-top: 0px;margin-bottom: 0px;&#8220; border_size=&#8220;0&#8243; border_styling_global=&#8220;default&#8220; width=&#8220;1\/1&#8243; el_position=&#8220;first last&#8220;]\n<h2 style=\"text-align: center;\"><strong>Produkte<\/strong><\/h2>\n<div class=\"horizontal-break bold\" style=\"background-color: #666d78; width: 100px\"> <\/div>\n[\/spb_text_block] [spb_boxed_content type=&#8220;coloured&#8220; box_link_target=&#8220;_self&#8220; padding_vertical=&#8220;0&#8243; padding_horizontal=&#8220;0&#8243; width=&#8220;1\/1&#8243; el_position=&#8220;first last&#8220;]\n<p style=\"text-align: justify;\">In gro\u00dfen St\u00fcckzahlen werden die Bauteile oftmals in den Bereichen Industrie und Konstruktion eingesetzt. Darunter sind in vielen F\u00e4llen H\u00e4hne\/Wasserh\u00e4hne, Flansche, Ventile, und andere.<\/p>\n[\/spb_boxed_content] [spb_icon_box title=&#8220;Flansche&#8220; box_type=&#8220;standard-title&#8220; box_icon_type=&#8220;character&#8220; character=&#8220;\u00b7&#8220; animate_svg=&#8220;no&#8220; target=&#8220;_self&#8220; animation=&#8220;none&#8220; animation_delay=&#8220;0&#8243; animated_box_style=&#8220;coloured&#8220; animated_box_rounded=&#8220;yes&#8220; width=&#8220;1\/3&#8243; el_position=&#8220;first&#8220;]\n<p style=\"text-align: justify;\">Flansche sind verantwortlich daf\u00fcr zwei Komponenten eines einzigen Rohres oder eines Rohrsystems zusammenzuhalten. Dabei sind vier wesentlich Seiten zu beachten: Gesicht, Hals, Fl\u00fcgel und Bolzendurchmesser. Die h\u00e4ufigsten Flanscharten sind die nachfolgenden: Blindflansche, Vorschwei\u00dfbunde und Gewindeflansche. Wobei diese in den meisten F\u00e4llen aus Karbonstahl, Edelstahl und legiertem Stahl gefertigt werden.<\/p>\n[\/spb_icon_box] [spb_icon_box title=&#8220;Ventile&#8220; box_type=&#8220;standard-title&#8220; box_icon_type=&#8220;character&#8220; character=&#8220;\u00b7&#8220; animate_svg=&#8220;no&#8220; target=&#8220;_self&#8220; animation=&#8220;none&#8220; animation_delay=&#8220;0&#8243; animated_box_style=&#8220;coloured&#8220; animated_box_rounded=&#8220;yes&#8220; width=&#8220;1\/3&#8243;]\n<p style=\"text-align: justify;\">Ventile regeln den Durchfluss von Fl\u00fcssigkeiten von einem zum n\u00e4chsten Punkt einer Maschine, bei Rohren und anderen Anwendungsgebieten. Oftmals werden diese aus Kupfer, Edelstahl und anderen Materialien gefertigt. Membranventile geh\u00f6ren zu den sogenannten R\u00fcckschlagventilen, so dass die jeweilige Fl\u00fcssigkeit in eine einzige Richtung flie\u00dfen kann. Schieberventile \u00f6ffnen und schlie\u00dfen mittels eines Kerns im Innern und regeln dadurch die tats\u00e4chlich durchflie\u00dfende Fl\u00fcssigkeitsmenge.<\/p>\n[\/spb_icon_box] [spb_icon_box title=&#8220;Rohre&#8220; box_type=&#8220;standard-title&#8220; box_icon_type=&#8220;character&#8220; character=&#8220;\u00b7&#8220; animate_svg=&#8220;no&#8220; target=&#8220;_self&#8220; animation=&#8220;none&#8220; animation_delay=&#8220;0&#8243; animated_box_style=&#8220;coloured&#8220; animated_box_rounded=&#8220;yes&#8220; width=&#8220;1\/3&#8243; el_position=&#8220;last&#8220;]\n<p style=\"text-align: justify;\">Einige Rohre fordern mehrere Fittings wie beispielsweise Ellbogen und T-St\u00fccke. Diese werden ebenso meistens aus karbonstahl oder Edelstahl gefertigt, je nach dem Material des eigentlichen Rohres (Stahl, Beton, Gusseisen, Steingut\u2026.)<\/p>\n[\/spb_icon_box] [spb_blank_spacer height=&#8220;15px&#8220; width=&#8220;1\/1&#8243; el_position=&#8220;first last&#8220;] [\/spb_row]\n","protected":false},"excerpt":{"rendered":"<p>[spb_row element_name=&#8220;Row&#8220; wrap_type=&#8220;content-width&#8220; parallax_image_height=&#8220;content-height&#8220; parallax_image_movement=&#8220;fixed&#8220; parallax_image_speed=&#8220;0.5&#8243; bg_video_loop=&#8220;yes&#8220; parallax_video_height=&#8220;window-height&#8220; parallax_video_overlay=&#8220;none&#8220; row_overlay_opacity=&#8220;0&#8243; row_col_pos=&#8220;default&#8220; width=&#8220;1\/1&#8243; el_position=&#8220;first last&#8220;] [spb_column col_sm=&#8220;12&#8243; col_animation=&#8220;none&#8220; col_animation_delay=&#8220;0&#8243; col_bg_type=&#8220;cover&#8220; col_parallax_image_movement=&#8220;fixed&#8220; col_parallax_image_speed=&#8220;0.5&#8243; col_padding=&#8220;0&#8243; col_vertical_offset=&#8220;0&#8243; col_horizontal_offset=&#8220;0&#8243; col_custom_zindex=&#8220;0&#8243; simplified_controls=&#8220;yes&#8220; custom_css_percentage=&#8220;no&#8220; padding_vertical=&#8220;0&#8243; padding_horizontal=&#8220;0&#8243; margin_vertical=&#8220;0&#8243; custom_css=&#8220;margin-top: 0px;margin-bottom: 0px;&#8220; border_styling_global=&#8220;default&#8220; width=&#8220;1\/1&#8243; el_position=&#8220;first last&#8220;] [spb_text_block animation=&#8220;none&#8220; animation_delay=&#8220;0&#8243; simplified_controls=&#8220;yes&#8220; custom_css_percentage=&#8220;no&#8220; padding_vertical=&#8220;0&#8243; padding_horizontal=&#8220;0&#8243; margin_vertical=&#8220;0&#8243; custom_css=&#8220;margin-top: 0px;margin-bottom: 0px;&#8220; border_size=&#8220;0&#8243; border_styling_global=&#8220;default&#8220; width=&#8220;3\/4&#8243; el_position=&#8220;first&#8220;] Gestion de Compras bietet ein breites Sortiment an [&hellip;]<\/p>\n","protected":false},"author":3,"featured_media":7219,"parent":8647,"menu_order":0,"comment_status":"closed","ping_status":"closed","template":"page-products-category.php","meta":{"footnotes":""},"yoast_head":"<!-- This site is optimized with the Yoast SEO plugin v22.4 - https:\/\/yoast.com\/wordpress\/plugins\/seo\/ -->\n<title>Stahlequipment, Kesselteile und Rohrfittinge - Gesti\u00f3n De Compras<\/title>\n<meta name=\"description\" content=\"Gestion de Compras bietet ein breites Sortiment an Rohrfittings: Flansche (Verschwei\u00dfflansch, Aufsteckflansch, \u00dcberlappungsverbindung, mit Gewinde, Blenden; Ventile\u2026\" \/>\n<meta name=\"robots\" content=\"index, follow, max-snippet:-1, max-image-preview:large, max-video-preview:-1\" \/>\n<link rel=\"canonical\" href=\"https:\/\/wp.gestiondecompras.com\/de\/produkte\/stahlequipment-kesselteile-und-rohrfittinge\/\" \/>\n<meta property=\"og:locale\" content=\"de_DE\" \/>\n<meta property=\"og:type\" content=\"article\" \/>\n<meta property=\"og:title\" content=\"Stahlequipment, Kesselteile und Rohrfittinge - Gesti\u00f3n De Compras\" \/>\n<meta property=\"og:description\" content=\"Gestion de Compras bietet ein breites Sortiment an Rohrfittings: Flansche (Verschwei\u00dfflansch, Aufsteckflansch, \u00dcberlappungsverbindung, mit Gewinde, Blenden; Ventile\u2026\" \/>\n<meta property=\"og:url\" content=\"https:\/\/wp.gestiondecompras.com\/de\/produkte\/stahlequipment-kesselteile-und-rohrfittinge\/\" \/>\n<meta property=\"og:site_name\" content=\"Gesti\u00f3n De Compras\" \/>\n<meta property=\"article:modified_time\" content=\"2021-11-09T11:51:18+00:00\" \/>\n<meta property=\"og:image\" content=\"https:\/\/wp.gestiondecompras.com\/wp-content\/uploads\/2021\/09\/accesorios-de-tuberia.jpg\" \/>\n\t<meta property=\"og:image:width\" content=\"1200\" \/>\n\t<meta property=\"og:image:height\" content=\"800\" \/>\n\t<meta property=\"og:image:type\" content=\"image\/jpeg\" \/>\n<meta name=\"twitter:card\" content=\"summary_large_image\" \/>\n<meta name=\"twitter:label1\" content=\"Gesch\u00e4tzte Lesezeit\" \/>\n\t<meta name=\"twitter:data1\" content=\"3\u00a0Minuten\" \/>\n<script type=\"application\/ld+json\" class=\"yoast-schema-graph\">{\"@context\":\"https:\/\/schema.org\",\"@graph\":[{\"@type\":\"WebPage\",\"@id\":\"https:\/\/wp.gestiondecompras.com\/de\/produkte\/stahlequipment-kesselteile-und-rohrfittinge\/\",\"url\":\"https:\/\/wp.gestiondecompras.com\/de\/produkte\/stahlequipment-kesselteile-und-rohrfittinge\/\",\"name\":\"Stahlequipment, Kesselteile und Rohrfittinge - Gesti\u00f3n De Compras\",\"isPartOf\":{\"@id\":\"https:\/\/wp.gestiondecompras.com\/de\/#website\"},\"primaryImageOfPage\":{\"@id\":\"https:\/\/wp.gestiondecompras.com\/de\/produkte\/stahlequipment-kesselteile-und-rohrfittinge\/#primaryimage\"},\"image\":{\"@id\":\"https:\/\/wp.gestiondecompras.com\/de\/produkte\/stahlequipment-kesselteile-und-rohrfittinge\/#primaryimage\"},\"thumbnailUrl\":\"https:\/\/wp.gestiondecompras.com\/wp-content\/uploads\/2021\/09\/accesorios-de-tuberia.jpg\",\"datePublished\":\"2021-05-10T15:02:38+00:00\",\"dateModified\":\"2021-11-09T11:51:18+00:00\",\"description\":\"Gestion de Compras bietet ein breites Sortiment an Rohrfittings: Flansche (Verschwei\u00dfflansch, Aufsteckflansch, \u00dcberlappungsverbindung, mit Gewinde, Blenden; Ventile\u2026\",\"breadcrumb\":{\"@id\":\"https:\/\/wp.gestiondecompras.com\/de\/produkte\/stahlequipment-kesselteile-und-rohrfittinge\/#breadcrumb\"},\"inLanguage\":\"de\",\"potentialAction\":[{\"@type\":\"ReadAction\",\"target\":[\"https:\/\/wp.gestiondecompras.com\/de\/produkte\/stahlequipment-kesselteile-und-rohrfittinge\/\"]}]},{\"@type\":\"ImageObject\",\"inLanguage\":\"de\",\"@id\":\"https:\/\/wp.gestiondecompras.com\/de\/produkte\/stahlequipment-kesselteile-und-rohrfittinge\/#primaryimage\",\"url\":\"https:\/\/wp.gestiondecompras.com\/wp-content\/uploads\/2021\/09\/accesorios-de-tuberia.jpg\",\"contentUrl\":\"https:\/\/wp.gestiondecompras.com\/wp-content\/uploads\/2021\/09\/accesorios-de-tuberia.jpg\",\"width\":1200,\"height\":800,\"caption\":\"accesorios de tuberia\"},{\"@type\":\"BreadcrumbList\",\"@id\":\"https:\/\/wp.gestiondecompras.com\/de\/produkte\/stahlequipment-kesselteile-und-rohrfittinge\/#breadcrumb\",\"itemListElement\":[{\"@type\":\"ListItem\",\"position\":1,\"name\":\"Heim\",\"item\":\"https:\/\/wp.gestiondecompras.com\/de\/\"},{\"@type\":\"ListItem\",\"position\":2,\"name\":\"Produkte\",\"item\":\"https:\/\/wp.gestiondecompras.com\/de\/productos\/\"},{\"@type\":\"ListItem\",\"position\":3,\"name\":\"Stahlequipment, Kesselteile und Rohrfittinge\"}]},{\"@type\":\"WebSite\",\"@id\":\"https:\/\/wp.gestiondecompras.com\/de\/#website\",\"url\":\"https:\/\/wp.gestiondecompras.com\/de\/\",\"name\":\"Gesti\u00f3n De Compras\",\"description\":\"Sourcing Internacional\",\"potentialAction\":[{\"@type\":\"SearchAction\",\"target\":{\"@type\":\"EntryPoint\",\"urlTemplate\":\"https:\/\/wp.gestiondecompras.com\/de\/?s={search_term_string}\"},\"query-input\":\"required name=search_term_string\"}],\"inLanguage\":\"de\"}]}<\/script>\n<!-- \/ Yoast SEO plugin. -->","yoast_head_json":{"title":"Stahlequipment, Kesselteile und Rohrfittinge - Gesti\u00f3n De Compras","description":"Gestion de Compras bietet ein breites Sortiment an Rohrfittings: Flansche (Verschwei\u00dfflansch, Aufsteckflansch, \u00dcberlappungsverbindung, mit Gewinde, Blenden; Ventile\u2026","robots":{"index":"index","follow":"follow","max-snippet":"max-snippet:-1","max-image-preview":"max-image-preview:large","max-video-preview":"max-video-preview:-1"},"canonical":"https:\/\/wp.gestiondecompras.com\/de\/produkte\/stahlequipment-kesselteile-und-rohrfittinge\/","og_locale":"de_DE","og_type":"article","og_title":"Stahlequipment, Kesselteile und Rohrfittinge - Gesti\u00f3n De Compras","og_description":"Gestion de Compras bietet ein breites Sortiment an Rohrfittings: Flansche (Verschwei\u00dfflansch, Aufsteckflansch, \u00dcberlappungsverbindung, mit Gewinde, Blenden; Ventile\u2026","og_url":"https:\/\/wp.gestiondecompras.com\/de\/produkte\/stahlequipment-kesselteile-und-rohrfittinge\/","og_site_name":"Gesti\u00f3n De Compras","article_modified_time":"2021-11-09T11:51:18+00:00","og_image":[{"width":1200,"height":800,"url":"https:\/\/wp.gestiondecompras.com\/wp-content\/uploads\/2021\/09\/accesorios-de-tuberia.jpg","type":"image\/jpeg"}],"twitter_card":"summary_large_image","twitter_misc":{"Gesch\u00e4tzte Lesezeit":"3\u00a0Minuten"},"schema":{"@context":"https:\/\/schema.org","@graph":[{"@type":"WebPage","@id":"https:\/\/wp.gestiondecompras.com\/de\/produkte\/stahlequipment-kesselteile-und-rohrfittinge\/","url":"https:\/\/wp.gestiondecompras.com\/de\/produkte\/stahlequipment-kesselteile-und-rohrfittinge\/","name":"Stahlequipment, Kesselteile und Rohrfittinge - Gesti\u00f3n De Compras","isPartOf":{"@id":"https:\/\/wp.gestiondecompras.com\/de\/#website"},"primaryImageOfPage":{"@id":"https:\/\/wp.gestiondecompras.com\/de\/produkte\/stahlequipment-kesselteile-und-rohrfittinge\/#primaryimage"},"image":{"@id":"https:\/\/wp.gestiondecompras.com\/de\/produkte\/stahlequipment-kesselteile-und-rohrfittinge\/#primaryimage"},"thumbnailUrl":"https:\/\/wp.gestiondecompras.com\/wp-content\/uploads\/2021\/09\/accesorios-de-tuberia.jpg","datePublished":"2021-05-10T15:02:38+00:00","dateModified":"2021-11-09T11:51:18+00:00","description":"Gestion de Compras bietet ein breites Sortiment an Rohrfittings: Flansche (Verschwei\u00dfflansch, Aufsteckflansch, \u00dcberlappungsverbindung, mit Gewinde, Blenden; Ventile\u2026","breadcrumb":{"@id":"https:\/\/wp.gestiondecompras.com\/de\/produkte\/stahlequipment-kesselteile-und-rohrfittinge\/#breadcrumb"},"inLanguage":"de","potentialAction":[{"@type":"ReadAction","target":["https:\/\/wp.gestiondecompras.com\/de\/produkte\/stahlequipment-kesselteile-und-rohrfittinge\/"]}]},{"@type":"ImageObject","inLanguage":"de","@id":"https:\/\/wp.gestiondecompras.com\/de\/produkte\/stahlequipment-kesselteile-und-rohrfittinge\/#primaryimage","url":"https:\/\/wp.gestiondecompras.com\/wp-content\/uploads\/2021\/09\/accesorios-de-tuberia.jpg","contentUrl":"https:\/\/wp.gestiondecompras.com\/wp-content\/uploads\/2021\/09\/accesorios-de-tuberia.jpg","width":1200,"height":800,"caption":"accesorios de tuberia"},{"@type":"BreadcrumbList","@id":"https:\/\/wp.gestiondecompras.com\/de\/produkte\/stahlequipment-kesselteile-und-rohrfittinge\/#breadcrumb","itemListElement":[{"@type":"ListItem","position":1,"name":"Heim","item":"https:\/\/wp.gestiondecompras.com\/de\/"},{"@type":"ListItem","position":2,"name":"Produkte","item":"https:\/\/wp.gestiondecompras.com\/de\/productos\/"},{"@type":"ListItem","position":3,"name":"Stahlequipment, Kesselteile und Rohrfittinge"}]},{"@type":"WebSite","@id":"https:\/\/wp.gestiondecompras.com\/de\/#website","url":"https:\/\/wp.gestiondecompras.com\/de\/","name":"Gesti\u00f3n De Compras","description":"Sourcing Internacional","potentialAction":[{"@type":"SearchAction","target":{"@type":"EntryPoint","urlTemplate":"https:\/\/wp.gestiondecompras.com\/de\/?s={search_term_string}"},"query-input":"required name=search_term_string"}],"inLanguage":"de"}]}},"_links":{"self":[{"href":"https:\/\/wp.gestiondecompras.com\/de\/wp-json\/wp\/v2\/pages\/8683"}],"collection":[{"href":"https:\/\/wp.gestiondecompras.com\/de\/wp-json\/wp\/v2\/pages"}],"about":[{"href":"https:\/\/wp.gestiondecompras.com\/de\/wp-json\/wp\/v2\/types\/page"}],"author":[{"embeddable":true,"href":"https:\/\/wp.gestiondecompras.com\/de\/wp-json\/wp\/v2\/users\/3"}],"replies":[{"embeddable":true,"href":"https:\/\/wp.gestiondecompras.com\/de\/wp-json\/wp\/v2\/comments?post=8683"}],"version-history":[{"count":4,"href":"https:\/\/wp.gestiondecompras.com\/de\/wp-json\/wp\/v2\/pages\/8683\/revisions"}],"predecessor-version":[{"id":10509,"href":"https:\/\/wp.gestiondecompras.com\/de\/wp-json\/wp\/v2\/pages\/8683\/revisions\/10509"}],"up":[{"embeddable":true,"href":"https:\/\/wp.gestiondecompras.com\/de\/wp-json\/wp\/v2\/pages\/8647"}],"wp:featuredmedia":[{"embeddable":true,"href":"https:\/\/wp.gestiondecompras.com\/de\/wp-json\/wp\/v2\/media\/7219"}],"wp:attachment":[{"href":"https:\/\/wp.gestiondecompras.com\/de\/wp-json\/wp\/v2\/media?parent=8683"}],"curies":[{"name":"wp","href":"https:\/\/api.w.org\/{rel}","templated":true}]}}