{"id":8680,"date":"2021-05-10T14:30:19","date_gmt":"2021-05-10T14:30:19","guid":{"rendered":"https:\/\/wp.gestiondecompras.com\/?page_id=8680"},"modified":"2021-10-20T15:45:25","modified_gmt":"2021-10-20T15:45:25","slug":"drahtumformung","status":"publish","type":"page","link":"https:\/\/wp.gestiondecompras.com\/de\/produkte\/drahtumformung\/","title":{"rendered":"Drahtumformung"},"content":{"rendered":"[spb_row element_name=&#8220;Row&#8220; wrap_type=&#8220;content-width&#8220; parallax_image_height=&#8220;content-height&#8220; parallax_image_movement=&#8220;fixed&#8220; parallax_image_speed=&#8220;0.5&#8243; bg_video_loop=&#8220;yes&#8220; parallax_video_height=&#8220;window-height&#8220; parallax_video_overlay=&#8220;none&#8220; row_overlay_opacity=&#8220;0&#8243; row_col_pos=&#8220;default&#8220; width=&#8220;1\/1&#8243; el_position=&#8220;first last&#8220;] [spb_column col_animation=&#8220;none&#8220; col_animation_delay=&#8220;0&#8243; col_bg_type=&#8220;cover&#8220; col_parallax_image_movement=&#8220;fixed&#8220; col_parallax_image_speed=&#8220;0.5&#8243; col_padding=&#8220;0&#8243; col_vertical_offset=&#8220;0&#8243; col_horizontal_offset=&#8220;0&#8243; col_custom_zindex=&#8220;0&#8243; col_sm=&#8220;12&#8243; simplified_controls=&#8220;yes&#8220; custom_css_percentage=&#8220;no&#8220; padding_vertical=&#8220;0&#8243; padding_horizontal=&#8220;0&#8243; margin_vertical=&#8220;0&#8243; custom_css=&#8220;margin-top: 0px;margin-bottom: 0px;&#8220; border_styling_global=&#8220;default&#8220; width=&#8220;1\/1&#8243; el_position=&#8220;first last&#8220;] [spb_text_block animation=&#8220;none&#8220; animation_delay=&#8220;0&#8243; simplified_controls=&#8220;yes&#8220; custom_css_percentage=&#8220;no&#8220; padding_vertical=&#8220;0&#8243; padding_horizontal=&#8220;0&#8243; margin_vertical=&#8220;0&#8243; custom_css=&#8220;margin-top: 0px;margin-bottom: 0px;&#8220; border_size=&#8220;0&#8243; border_styling_global=&#8220;default&#8220; width=&#8220;3\/4&#8243; el_position=&#8220;first&#8220;]\n<p>Gestion de Compras hat gro\u00dfe Erfahrung in der Entwicklung und Herstellung einer Vielzahl von Umformbauteilen, darunter auch jegliche Arten von Federn (Druck-, Zug-, Torsions-, Pr\u00e4zisionsfedern\u2026)<\/p>\n[\/spb_text_block][spb_text_block animation=&#8220;none&#8220; animation_delay=&#8220;0&#8243; simplified_controls=&#8220;yes&#8220; custom_css_percentage=&#8220;no&#8220; padding_vertical=&#8220;0&#8243; padding_horizontal=&#8220;0&#8243; margin_vertical=&#8220;0&#8243; custom_css=&#8220;margin-top: 0px;margin-bottom: 0px;&#8220; border_size=&#8220;0&#8243; border_styling_global=&#8220;default&#8220; width=&#8220;1\/4&#8243; el_position=&#8220;last&#8220;]\n\n[\/spb_text_block] [spb_text_block animation=&#8220;none&#8220; animation_delay=&#8220;0&#8243; simplified_controls=&#8220;yes&#8220; custom_css_percentage=&#8220;no&#8220; padding_vertical=&#8220;0&#8243; padding_horizontal=&#8220;0&#8243; margin_vertical=&#8220;0&#8243; custom_css=&#8220;margin-top: 0px;margin-bottom: 0px;&#8220; border_size=&#8220;0&#8243; border_styling_global=&#8220;default&#8220; width=&#8220;1\/1&#8243; el_position=&#8220;first last&#8220;]\n<hr style=\"background-color: #0098aa; height: 1px;\" \/>\n[\/spb_text_block] [\/spb_column] [\/spb_row] [spb_row element_name=&#8220;Row&#8220; wrap_type=&#8220;content-width&#8220; parallax_image_height=&#8220;content-height&#8220; parallax_image_movement=&#8220;fixed&#8220; parallax_image_speed=&#8220;0.5&#8243; bg_video_loop=&#8220;yes&#8220; parallax_video_height=&#8220;window-height&#8220; parallax_video_overlay=&#8220;none&#8220; row_overlay_opacity=&#8220;0&#8243; row_col_pos=&#8220;default&#8220; width=&#8220;1\/1&#8243; el_position=&#8220;first last&#8220;] [spb_text_block animation=&#8220;none&#8220; animation_delay=&#8220;0&#8243; simplified_controls=&#8220;yes&#8220; custom_css_percentage=&#8220;no&#8220; padding_vertical=&#8220;0&#8243; padding_horizontal=&#8220;0&#8243; margin_vertical=&#8220;0&#8243; custom_css=&#8220;margin-top: 0px;margin-bottom: 0px;&#8220; border_size=&#8220;0&#8243; border_styling_global=&#8220;default&#8220; width=&#8220;1\/1&#8243; el_position=&#8220;first last&#8220;]\n<h2 style=\"text-align: center;\"><strong>Prozess<br \/>\n<\/strong><\/h2>\n<div class=\"horizontal-break bold\" style=\"background-color: #666d78; width: 100px\"> <\/div>\n[\/spb_text_block] [spb_boxed_content type=&#8220;coloured&#8220; box_link_target=&#8220;_self&#8220; padding_vertical=&#8220;0&#8243; padding_horizontal=&#8220;0&#8243; width=&#8220;1\/1&#8243; el_position=&#8220;first last&#8220;]\n<p>Draht ist ein einzelner flexibler Metallfaden oder ein Metallstab welcher f\u00fcr gew\u00f6hnlich dadurch seine endg\u00fcltige Form erh\u00e4lt in dem er durch eine Matrize gezogen wird. Der Draht an sich hat diverse Standarddurchmesser durch die Nutzung von Lehren. Bei der B\u00fcndelung von einzelnen Dr\u00e4hten beziehungsweise bei Drahtgeflechten spricht von einem Kabel.<\/p>\n<p style=\"text-align: justify;\">Draht hat viele Anwendungen und bildet die Grundlage zur Herstellung vieler Endbauteile, beispielsweise f\u00fcr Industriebereiche wie Federn, Netz- und Geflecht-Produktion, Drahtseilherstellung, Drahtgewebeherstellung, Stromleiter (Aluminium, Kupfer, Nickel, Stahldraht), Heizung, Zaunherstellung, Baugewerbe, Raumfahrt, Medizintechnik, Maschinenbau, M\u00f6belherstellung usw. Karbon- und Edelstahl sind bedeutende Materialien zur Herstellung von anspruchsvollen Federn f\u00fcr die Automobilbranche und f\u00fcr Komponenten der Industrie.<\/p>\n[\/spb_boxed_content] [spb_blank_spacer height=&#8220;30px&#8220; width=&#8220;1\/1&#8243; el_position=&#8220;first last&#8220;] [\/spb_row] [spb_row element_name=&#8220;Row&#8220; wrap_type=&#8220;full-width-contained&#8220; row_bg_type=&#8220;image&#8220; row_bg_color=&#8220;#242424&#8243; color_row_height=&#8220;content-height&#8220; bg_image=&#8220;1250&#8243; bg_type=&#8220;cover&#8220; parallax_image_height=&#8220;content-height&#8220; parallax_image_movement=&#8220;scroll&#8220; parallax_image_speed=&#8220;standard&#8220; bg_video_loop=&#8220;yes&#8220; parallax_video_height=&#8220;window-height&#8220; row_top_style=&#8220;none&#8220; row_bottom_style=&#8220;none&#8220; parallax_video_overlay=&#8220;none&#8220; row_overlay_opacity=&#8220;0&#8243; remove_element_spacing=&#8220;no&#8220; row_col_spacing=&#8220;0&#8243; row_col_pos=&#8220;default&#8220; row_col_equal_heights=&#8220;no&#8220; row_expanding=&#8220;no&#8220; row_animation=&#8220;none&#8220; row_animation_delay=&#8220;0&#8243; minimize_row=&#8220;no&#8220; simplified_controls=&#8220;yes&#8220; custom_css_percentage=&#8220;no&#8220; custom_css=&#8220;margin-top: 0px;margin-bottom: 0px;&#8220; border_styling_global=&#8220;default&#8220; width=&#8220;1\/1&#8243; el_position=&#8220;first last&#8220;] [spb_column col_animation=&#8220;none&#8220; col_animation_delay=&#8220;0&#8243; col_bg_color=&#8220;#242424&#8243; col_bg_type=&#8220;cover&#8220; col_parallax_image_movement=&#8220;fixed&#8220; col_parallax_image_speed=&#8220;0.5&#8243; col_padding=&#8220;0&#8243; col_vertical_offset=&#8220;0&#8243; col_horizontal_offset=&#8220;0&#8243; col_custom_zindex=&#8220;0&#8243; col_xs=&#8220;12&#8243; col_sm=&#8220;12&#8243; col_md=&#8220;8&#8243; col_lg=&#8220;8&#8243; simplified_controls=&#8220;yes&#8220; custom_css_percentage=&#8220;no&#8220; padding_vertical=&#8220;20&#8243; padding_horizontal=&#8220;20&#8243; margin_vertical=&#8220;0&#8243; custom_css=&#8220;margin-top: 0px;margin-bottom: 0px;padding-top: 20px;padding-left: 20px;padding-right: 20px;padding-bottom: 20px;&#8220; border_styling_global=&#8220;default&#8220; width=&#8220;1\/1&#8243; el_position=&#8220;first last&#8220;] [spb_text_block animation=&#8220;none&#8220; animation_delay=&#8220;0&#8243; simplified_controls=&#8220;yes&#8220; custom_css_percentage=&#8220;no&#8220; padding_vertical=&#8220;0&#8243; padding_horizontal=&#8220;0&#8243; margin_vertical=&#8220;0&#8243; custom_css=&#8220;margin-top: 0px;margin-bottom: 0px;&#8220; border_size=&#8220;0&#8243; border_styling_global=&#8220;default&#8220; width=&#8220;1\/1&#8243; el_position=&#8220;first last&#8220;]\n<p><span style=\"color: #ffffff;\">Die Drahtumformung kann beschrieben werden als jegliches St\u00fcck Draht welches einem bestimmten Druck ausgesetzt wurde um gew\u00fcnschte Formen und Bauteile zu erhalten, solche wie Clip, Federn, Nadel und Ringe, Haken, Drahtgestelle und viele andere Produkte. Die Form die Drahtes kann ebenso unterschiedlich sein, so wie rund, flach, sechseckig, viereckig, oval, dreieckig, ellipsenf\u00f6rmig, D-f\u00f6rmig, nun um einige der m\u00f6glichen Formen zu nennen.<\/span><\/p>\n<p><span style=\"color: #ffffff;\">Draht wird durch Druck verformt. Dabei kann er gebogen, gestanzt, gepresst, gelocht, abgekantet, gek\u00fcrzt, warm- und kaltgeformt werden. Eine gro\u00dfe Anzahl von sekund\u00e4ren Operation sind verf\u00fcgbar, wie: Schlagen, k\u00fcrzen, biegen, stanzen, formen, erhitzen und pr\u00e4gen des Drahtes zu Erhaltung der gew\u00fcnschten Form.<\/span><\/p>\n<p><span style=\"color: #ffffff;\">Generell beginnt der Prozess der Drahtformgebung mit aufgerolltem Drahtcoil. Der Draht erh\u00e4lt nun sein gew\u00fcnscht Form. Dabei wird der Draht durch Stempel und Multifunktionspresse gef\u00fchrt, in verschiedenen Richtungen, entweder zeitgleich oder nach und nach. Die Herstellung durch progressive Matrizen ist eine sehr effiziente Produktionsmethode, bei welcher der Draht multiple Umformungsprozesse an unterschiedlichsten Positionen w\u00e4hrend des Zyklus durchl\u00e4uft.<\/span><\/p>\n<p><span style=\"color: #ffffff;\">Gestion de Compras liefert Drahtbiegeteile f\u00fcr viele Industriebereiche wie beispielsweise Federn, Geflechte, Z\u00e4une, Nadeln, N\u00e4gel, Haken, Ringe, geschwei\u00dfte Drahtteile, Maschinenbauteile, Haushaltsartikel, Automobilteile, elektronische Instrumente, &#8230;<\/span><\/p>\n[\/spb_text_block] [\/spb_column] [\/spb_row]\n","protected":false},"excerpt":{"rendered":"<p>[spb_row element_name=&#8220;Row&#8220; wrap_type=&#8220;content-width&#8220; parallax_image_height=&#8220;content-height&#8220; parallax_image_movement=&#8220;fixed&#8220; parallax_image_speed=&#8220;0.5&#8243; bg_video_loop=&#8220;yes&#8220; parallax_video_height=&#8220;window-height&#8220; parallax_video_overlay=&#8220;none&#8220; row_overlay_opacity=&#8220;0&#8243; row_col_pos=&#8220;default&#8220; width=&#8220;1\/1&#8243; el_position=&#8220;first last&#8220;] [spb_column col_animation=&#8220;none&#8220; col_animation_delay=&#8220;0&#8243; col_bg_type=&#8220;cover&#8220; col_parallax_image_movement=&#8220;fixed&#8220; col_parallax_image_speed=&#8220;0.5&#8243; col_padding=&#8220;0&#8243; col_vertical_offset=&#8220;0&#8243; col_horizontal_offset=&#8220;0&#8243; col_custom_zindex=&#8220;0&#8243; col_sm=&#8220;12&#8243; simplified_controls=&#8220;yes&#8220; custom_css_percentage=&#8220;no&#8220; padding_vertical=&#8220;0&#8243; padding_horizontal=&#8220;0&#8243; margin_vertical=&#8220;0&#8243; custom_css=&#8220;margin-top: 0px;margin-bottom: 0px;&#8220; border_styling_global=&#8220;default&#8220; width=&#8220;1\/1&#8243; el_position=&#8220;first last&#8220;] [spb_text_block animation=&#8220;none&#8220; animation_delay=&#8220;0&#8243; simplified_controls=&#8220;yes&#8220; custom_css_percentage=&#8220;no&#8220; padding_vertical=&#8220;0&#8243; padding_horizontal=&#8220;0&#8243; margin_vertical=&#8220;0&#8243; custom_css=&#8220;margin-top: 0px;margin-bottom: 0px;&#8220; border_size=&#8220;0&#8243; border_styling_global=&#8220;default&#8220; width=&#8220;3\/4&#8243; el_position=&#8220;first&#8220;] Gestion de Compras hat gro\u00dfe Erfahrung in der [&hellip;]<\/p>\n","protected":false},"author":3,"featured_media":14884,"parent":8647,"menu_order":0,"comment_status":"closed","ping_status":"closed","template":"page-products-category.php","meta":{"footnotes":""},"yoast_head":"<!-- This site is optimized with the Yoast SEO plugin v22.4 - https:\/\/yoast.com\/wordpress\/plugins\/seo\/ -->\n<title>Drahtumformung. Prozess und Produkte - Gesti\u00f3n De Compras<\/title>\n<meta name=\"description\" content=\"Gestion de Compras hat gro\u00dfe Erfahrung in der Entwicklung und Herstellung einer Vielzahl von Umformbauteilen, darunter auch jegliche Arten von Federn.\" \/>\n<meta name=\"robots\" content=\"index, follow, max-snippet:-1, max-image-preview:large, max-video-preview:-1\" \/>\n<link rel=\"canonical\" href=\"https:\/\/wp.gestiondecompras.com\/de\/produkte\/drahtumformung\/\" \/>\n<meta property=\"og:locale\" content=\"de_DE\" \/>\n<meta property=\"og:type\" content=\"article\" \/>\n<meta property=\"og:title\" content=\"Drahtumformung. Prozess und Produkte - Gesti\u00f3n De Compras\" \/>\n<meta property=\"og:description\" content=\"Gestion de Compras hat gro\u00dfe Erfahrung in der Entwicklung und Herstellung einer Vielzahl von Umformbauteilen, darunter auch jegliche Arten von Federn.\" \/>\n<meta property=\"og:url\" content=\"https:\/\/wp.gestiondecompras.com\/de\/produkte\/drahtumformung\/\" \/>\n<meta property=\"og:site_name\" content=\"Gesti\u00f3n De Compras\" \/>\n<meta property=\"article:modified_time\" content=\"2021-10-20T15:45:25+00:00\" \/>\n<meta property=\"og:image\" content=\"https:\/\/wp.gestiondecompras.com\/wp-content\/uploads\/2023\/10\/malla-alambre.jpg\" \/>\n\t<meta property=\"og:image:width\" content=\"1080\" \/>\n\t<meta property=\"og:image:height\" content=\"720\" \/>\n\t<meta property=\"og:image:type\" content=\"image\/jpeg\" \/>\n<meta name=\"twitter:card\" content=\"summary_large_image\" \/>\n<meta name=\"twitter:label1\" content=\"Gesch\u00e4tzte Lesezeit\" \/>\n\t<meta name=\"twitter:data1\" content=\"5\u00a0Minuten\" \/>\n<script type=\"application\/ld+json\" class=\"yoast-schema-graph\">{\"@context\":\"https:\/\/schema.org\",\"@graph\":[{\"@type\":\"WebPage\",\"@id\":\"https:\/\/wp.gestiondecompras.com\/de\/produkte\/drahtumformung\/\",\"url\":\"https:\/\/wp.gestiondecompras.com\/de\/produkte\/drahtumformung\/\",\"name\":\"Drahtumformung. Prozess und Produkte - Gesti\u00f3n De Compras\",\"isPartOf\":{\"@id\":\"https:\/\/wp.gestiondecompras.com\/de\/#website\"},\"primaryImageOfPage\":{\"@id\":\"https:\/\/wp.gestiondecompras.com\/de\/produkte\/drahtumformung\/#primaryimage\"},\"image\":{\"@id\":\"https:\/\/wp.gestiondecompras.com\/de\/produkte\/drahtumformung\/#primaryimage\"},\"thumbnailUrl\":\"https:\/\/wp.gestiondecompras.com\/wp-content\/uploads\/2023\/10\/malla-alambre.jpg\",\"datePublished\":\"2021-05-10T14:30:19+00:00\",\"dateModified\":\"2021-10-20T15:45:25+00:00\",\"description\":\"Gestion de Compras hat gro\u00dfe Erfahrung in der Entwicklung und Herstellung einer Vielzahl von Umformbauteilen, darunter auch jegliche Arten von Federn.\",\"breadcrumb\":{\"@id\":\"https:\/\/wp.gestiondecompras.com\/de\/produkte\/drahtumformung\/#breadcrumb\"},\"inLanguage\":\"de\",\"potentialAction\":[{\"@type\":\"ReadAction\",\"target\":[\"https:\/\/wp.gestiondecompras.com\/de\/produkte\/drahtumformung\/\"]}]},{\"@type\":\"ImageObject\",\"inLanguage\":\"de\",\"@id\":\"https:\/\/wp.gestiondecompras.com\/de\/produkte\/drahtumformung\/#primaryimage\",\"url\":\"https:\/\/wp.gestiondecompras.com\/wp-content\/uploads\/2023\/10\/malla-alambre.jpg\",\"contentUrl\":\"https:\/\/wp.gestiondecompras.com\/wp-content\/uploads\/2023\/10\/malla-alambre.jpg\",\"width\":1080,\"height\":720,\"caption\":\"Malla de alambre\"},{\"@type\":\"BreadcrumbList\",\"@id\":\"https:\/\/wp.gestiondecompras.com\/de\/produkte\/drahtumformung\/#breadcrumb\",\"itemListElement\":[{\"@type\":\"ListItem\",\"position\":1,\"name\":\"Heim\",\"item\":\"https:\/\/wp.gestiondecompras.com\/de\/\"},{\"@type\":\"ListItem\",\"position\":2,\"name\":\"Produkte\",\"item\":\"https:\/\/wp.gestiondecompras.com\/de\/productos\/\"},{\"@type\":\"ListItem\",\"position\":3,\"name\":\"Drahtumformung\"}]},{\"@type\":\"WebSite\",\"@id\":\"https:\/\/wp.gestiondecompras.com\/de\/#website\",\"url\":\"https:\/\/wp.gestiondecompras.com\/de\/\",\"name\":\"Gesti\u00f3n De Compras\",\"description\":\"Sourcing Internacional\",\"potentialAction\":[{\"@type\":\"SearchAction\",\"target\":{\"@type\":\"EntryPoint\",\"urlTemplate\":\"https:\/\/wp.gestiondecompras.com\/de\/?s={search_term_string}\"},\"query-input\":\"required name=search_term_string\"}],\"inLanguage\":\"de\"}]}<\/script>\n<!-- \/ Yoast SEO plugin. -->","yoast_head_json":{"title":"Drahtumformung. Prozess und Produkte - Gesti\u00f3n De Compras","description":"Gestion de Compras hat gro\u00dfe Erfahrung in der Entwicklung und Herstellung einer Vielzahl von Umformbauteilen, darunter auch jegliche Arten von Federn.","robots":{"index":"index","follow":"follow","max-snippet":"max-snippet:-1","max-image-preview":"max-image-preview:large","max-video-preview":"max-video-preview:-1"},"canonical":"https:\/\/wp.gestiondecompras.com\/de\/produkte\/drahtumformung\/","og_locale":"de_DE","og_type":"article","og_title":"Drahtumformung. Prozess und Produkte - Gesti\u00f3n De Compras","og_description":"Gestion de Compras hat gro\u00dfe Erfahrung in der Entwicklung und Herstellung einer Vielzahl von Umformbauteilen, darunter auch jegliche Arten von Federn.","og_url":"https:\/\/wp.gestiondecompras.com\/de\/produkte\/drahtumformung\/","og_site_name":"Gesti\u00f3n De Compras","article_modified_time":"2021-10-20T15:45:25+00:00","og_image":[{"width":1080,"height":720,"url":"https:\/\/wp.gestiondecompras.com\/wp-content\/uploads\/2023\/10\/malla-alambre.jpg","type":"image\/jpeg"}],"twitter_card":"summary_large_image","twitter_misc":{"Gesch\u00e4tzte Lesezeit":"5\u00a0Minuten"},"schema":{"@context":"https:\/\/schema.org","@graph":[{"@type":"WebPage","@id":"https:\/\/wp.gestiondecompras.com\/de\/produkte\/drahtumformung\/","url":"https:\/\/wp.gestiondecompras.com\/de\/produkte\/drahtumformung\/","name":"Drahtumformung. Prozess und Produkte - Gesti\u00f3n De Compras","isPartOf":{"@id":"https:\/\/wp.gestiondecompras.com\/de\/#website"},"primaryImageOfPage":{"@id":"https:\/\/wp.gestiondecompras.com\/de\/produkte\/drahtumformung\/#primaryimage"},"image":{"@id":"https:\/\/wp.gestiondecompras.com\/de\/produkte\/drahtumformung\/#primaryimage"},"thumbnailUrl":"https:\/\/wp.gestiondecompras.com\/wp-content\/uploads\/2023\/10\/malla-alambre.jpg","datePublished":"2021-05-10T14:30:19+00:00","dateModified":"2021-10-20T15:45:25+00:00","description":"Gestion de Compras hat gro\u00dfe Erfahrung in der Entwicklung und Herstellung einer Vielzahl von Umformbauteilen, darunter auch jegliche Arten von Federn.","breadcrumb":{"@id":"https:\/\/wp.gestiondecompras.com\/de\/produkte\/drahtumformung\/#breadcrumb"},"inLanguage":"de","potentialAction":[{"@type":"ReadAction","target":["https:\/\/wp.gestiondecompras.com\/de\/produkte\/drahtumformung\/"]}]},{"@type":"ImageObject","inLanguage":"de","@id":"https:\/\/wp.gestiondecompras.com\/de\/produkte\/drahtumformung\/#primaryimage","url":"https:\/\/wp.gestiondecompras.com\/wp-content\/uploads\/2023\/10\/malla-alambre.jpg","contentUrl":"https:\/\/wp.gestiondecompras.com\/wp-content\/uploads\/2023\/10\/malla-alambre.jpg","width":1080,"height":720,"caption":"Malla de alambre"},{"@type":"BreadcrumbList","@id":"https:\/\/wp.gestiondecompras.com\/de\/produkte\/drahtumformung\/#breadcrumb","itemListElement":[{"@type":"ListItem","position":1,"name":"Heim","item":"https:\/\/wp.gestiondecompras.com\/de\/"},{"@type":"ListItem","position":2,"name":"Produkte","item":"https:\/\/wp.gestiondecompras.com\/de\/productos\/"},{"@type":"ListItem","position":3,"name":"Drahtumformung"}]},{"@type":"WebSite","@id":"https:\/\/wp.gestiondecompras.com\/de\/#website","url":"https:\/\/wp.gestiondecompras.com\/de\/","name":"Gesti\u00f3n De Compras","description":"Sourcing Internacional","potentialAction":[{"@type":"SearchAction","target":{"@type":"EntryPoint","urlTemplate":"https:\/\/wp.gestiondecompras.com\/de\/?s={search_term_string}"},"query-input":"required name=search_term_string"}],"inLanguage":"de"}]}},"_links":{"self":[{"href":"https:\/\/wp.gestiondecompras.com\/de\/wp-json\/wp\/v2\/pages\/8680"}],"collection":[{"href":"https:\/\/wp.gestiondecompras.com\/de\/wp-json\/wp\/v2\/pages"}],"about":[{"href":"https:\/\/wp.gestiondecompras.com\/de\/wp-json\/wp\/v2\/types\/page"}],"author":[{"embeddable":true,"href":"https:\/\/wp.gestiondecompras.com\/de\/wp-json\/wp\/v2\/users\/3"}],"replies":[{"embeddable":true,"href":"https:\/\/wp.gestiondecompras.com\/de\/wp-json\/wp\/v2\/comments?post=8680"}],"version-history":[{"count":2,"href":"https:\/\/wp.gestiondecompras.com\/de\/wp-json\/wp\/v2\/pages\/8680\/revisions"}],"predecessor-version":[{"id":8682,"href":"https:\/\/wp.gestiondecompras.com\/de\/wp-json\/wp\/v2\/pages\/8680\/revisions\/8682"}],"up":[{"embeddable":true,"href":"https:\/\/wp.gestiondecompras.com\/de\/wp-json\/wp\/v2\/pages\/8647"}],"wp:featuredmedia":[{"embeddable":true,"href":"https:\/\/wp.gestiondecompras.com\/de\/wp-json\/wp\/v2\/media\/14884"}],"wp:attachment":[{"href":"https:\/\/wp.gestiondecompras.com\/de\/wp-json\/wp\/v2\/media?parent=8680"}],"curies":[{"name":"wp","href":"https:\/\/api.w.org\/{rel}","templated":true}]}}