{"id":8669,"date":"2021-05-10T10:10:00","date_gmt":"2021-05-10T10:10:00","guid":{"rendered":"https:\/\/wp.gestiondecompras.com\/?page_id=8669"},"modified":"2021-10-27T11:42:12","modified_gmt":"2021-10-27T11:42:12","slug":"zerspanungstechnik","status":"publish","type":"page","link":"https:\/\/wp.gestiondecompras.com\/de\/produkte\/zerspanungstechnik\/","title":{"rendered":"Zerspanungstechnik"},"content":{"rendered":"[spb_row element_name=&#8220;Row&#8220; wrap_type=&#8220;content-width&#8220; parallax_image_height=&#8220;content-height&#8220; parallax_image_movement=&#8220;fixed&#8220; parallax_image_speed=&#8220;0.5&#8243; bg_video_loop=&#8220;yes&#8220; parallax_video_height=&#8220;window-height&#8220; parallax_video_overlay=&#8220;none&#8220; row_overlay_opacity=&#8220;0&#8243; row_col_pos=&#8220;default&#8220; width=&#8220;1\/1&#8243; el_position=&#8220;first last&#8220;] [spb_column col_animation=&#8220;none&#8220; col_animation_delay=&#8220;0&#8243; col_bg_type=&#8220;cover&#8220; col_parallax_image_movement=&#8220;fixed&#8220; col_parallax_image_speed=&#8220;0.5&#8243; col_padding=&#8220;0&#8243; col_vertical_offset=&#8220;0&#8243; col_horizontal_offset=&#8220;0&#8243; col_custom_zindex=&#8220;0&#8243; col_sm=&#8220;12&#8243; simplified_controls=&#8220;yes&#8220; custom_css_percentage=&#8220;no&#8220; padding_vertical=&#8220;0&#8243; padding_horizontal=&#8220;0&#8243; margin_vertical=&#8220;0&#8243; custom_css=&#8220;margin-top: 0px;margin-bottom: 0px;&#8220; border_styling_global=&#8220;default&#8220; width=&#8220;1\/1&#8243; el_position=&#8220;first last&#8220;] [spb_text_block animation=&#8220;none&#8220; animation_delay=&#8220;0&#8243; simplified_controls=&#8220;yes&#8220; custom_css_percentage=&#8220;no&#8220; padding_vertical=&#8220;0&#8243; padding_horizontal=&#8220;0&#8243; margin_vertical=&#8220;0&#8243; custom_css=&#8220;margin-top: 0px;margin-bottom: 0px;&#8220; border_size=&#8220;0&#8243; border_styling_global=&#8220;default&#8220; width=&#8220;3\/4&#8243; el_position=&#8220;first&#8220;]\n<p>Gestion de Compras hat alle notwendigen Mittel zur Ausf\u00fchrung der folgenden Fertigungsprozesse: Fr\u00e4sen, Bohren, Drehen, B\u00fcrsten, Gewindeanfertigung, Schleifen, k\u00fcrzen und CNC.<\/p>\n[\/spb_text_block][spb_text_block animation=&#8220;none&#8220; animation_delay=&#8220;0&#8243; simplified_controls=&#8220;yes&#8220; custom_css_percentage=&#8220;no&#8220; padding_vertical=&#8220;0&#8243; padding_horizontal=&#8220;0&#8243; margin_vertical=&#8220;0&#8243; custom_css=&#8220;margin-top: 0px;margin-bottom: 0px;&#8220; border_size=&#8220;0&#8243; border_styling_global=&#8220;default&#8220; width=&#8220;1\/4&#8243; el_position=&#8220;last&#8220;]\n\n[\/spb_text_block] [spb_text_block animation=&#8220;none&#8220; animation_delay=&#8220;0&#8243; simplified_controls=&#8220;yes&#8220; custom_css_percentage=&#8220;no&#8220; padding_vertical=&#8220;0&#8243; padding_horizontal=&#8220;0&#8243; margin_vertical=&#8220;0&#8243; custom_css=&#8220;margin-top: 0px;margin-bottom: 0px;&#8220; border_size=&#8220;0&#8243; border_styling_global=&#8220;default&#8220; width=&#8220;1\/1&#8243; el_position=&#8220;first last&#8220;]\n<hr style=\"background-color: #0098aa; height: 1px;\" \/>\n[\/spb_text_block] [\/spb_column] [\/spb_row] [spb_row element_name=&#8220;Row&#8220; wrap_type=&#8220;content-width&#8220; parallax_image_height=&#8220;content-height&#8220; parallax_image_movement=&#8220;fixed&#8220; parallax_image_speed=&#8220;0.5&#8243; bg_video_loop=&#8220;yes&#8220; parallax_video_height=&#8220;window-height&#8220; parallax_video_overlay=&#8220;none&#8220; row_overlay_opacity=&#8220;0&#8243; row_col_pos=&#8220;default&#8220; width=&#8220;1\/1&#8243; el_position=&#8220;first last&#8220;] [spb_text_block animation=&#8220;none&#8220; animation_delay=&#8220;0&#8243; simplified_controls=&#8220;yes&#8220; custom_css_percentage=&#8220;no&#8220; padding_vertical=&#8220;0&#8243; padding_horizontal=&#8220;0&#8243; margin_vertical=&#8220;0&#8243; custom_css=&#8220;margin-top: 0px;margin-bottom: 0px;&#8220; border_size=&#8220;0&#8243; border_styling_global=&#8220;default&#8220; width=&#8220;1\/1&#8243; el_position=&#8220;first last&#8220;]\n<h2 style=\"text-align: center;\"><strong>Prozess<br \/>\n<\/strong><\/h2>\n<div class=\"horizontal-break bold\" style=\"background-color: #666d78; width: 100px\"> <\/div>\n[\/spb_text_block] [spb_boxed_content type=&#8220;coloured&#8220; box_link_target=&#8220;_self&#8220; padding_vertical=&#8220;0&#8243; padding_horizontal=&#8220;0&#8243; width=&#8220;1\/1&#8243; el_position=&#8220;first last&#8220;]\n<p style=\"text-align: justify;\">Das Wort Zerspanungstechnik ist ein Zusammenfassung verschiedener Fertigungsprozesse, nachgefragt in Branchen wie Maschinenbau, Automobilbranche etc\u2026Oftmals werden dabei Materialien wie Karbonstahl, Kupfer, Edelstahl oder Aluminium eingesetzt.<\/p>\n<p style=\"text-align: justify;\">In der Industrie werden oftmals mehrere aufeinanderfolgende Prozesse zur Herstellung eines Produktes angewandt. Bei der Zerspanung wird ein Bauteil durch entfernen und abtragen von Material am Ausgangsprodukt hergestellt. Man unterscheidet zwischen Abschleifen und Spanentnahme<\/p>\n[\/spb_boxed_content] [spb_blank_spacer height=&#8220;15px&#8220; width=&#8220;1\/1&#8243; el_position=&#8220;first last&#8220;] [spb_icon_box title=&#8220;Abschleifen nutzt&#8220; box_type=&#8220;standard-title&#8220; box_icon_type=&#8220;character&#8220; character=&#8220;\u00b7&#8220; animate_svg=&#8220;no&#8220; target=&#8220;_self&#8220; animation=&#8220;none&#8220; animation_delay=&#8220;0&#8243; animated_box_style=&#8220;coloured&#8220; animated_box_rounded=&#8220;yes&#8220; width=&#8220;1\/2&#8243; el_position=&#8220;first&#8220;]\n<p style=\"text-align: justify;\">Beim Abschleifen nutzt man ein Werkzeug immer und immer wieder um kleine Materialschichten von dem herzustellen Bauteil zu entfernen bis das gew\u00fcnschte Ergebnis erzielt wurde. Dieses Werkzeug besteht aus kleinen Partikeln mit hoher Schleifwirkung.<\/p>\n[\/spb_icon_box] [spb_icon_box title=&#8220;Spanentnahme nutzt&#8220; box_type=&#8220;standard-title&#8220; box_icon_type=&#8220;character&#8220; character=&#8220;\u00b7&#8220; animate_svg=&#8220;no&#8220; target=&#8220;_self&#8220; animation=&#8220;none&#8220; animation_delay=&#8220;0&#8243; animated_box_style=&#8220;coloured&#8220; animated_box_rounded=&#8220;yes&#8220; width=&#8220;1\/2&#8243; el_position=&#8220;last&#8220;]\n<p style=\"text-align: justify;\">Bei der Spanentnahme nutzt man ein oder mehrere Schneidemesser um das Ausgangsmaterial in Form zu bringen. Dieser Prozess dient der Rohbearbeitung und der Endbearbeitung. Bei der Rohbearbeitung ist weniger die Genauigkeit gefragt. Diese wird durch die Nachfolgende Endbearbeitung erzielt.<\/p>\n[\/spb_icon_box] [spb_blank_spacer height=&#8220;15px&#8220; width=&#8220;1\/1&#8243; el_position=&#8220;first last&#8220;] [\/spb_row] [spb_row element_name=&#8220;Row&#8220; wrap_type=&#8220;full-width-contained&#8220; row_bg_type=&#8220;image&#8220; row_bg_color=&#8220;#242424&#8243; color_row_height=&#8220;content-height&#8220; bg_image=&#8220;1146&#8243; bg_type=&#8220;cover&#8220; parallax_image_height=&#8220;content-height&#8220; parallax_image_movement=&#8220;scroll&#8220; parallax_image_speed=&#8220;standard&#8220; bg_video_loop=&#8220;yes&#8220; parallax_video_height=&#8220;window-height&#8220; row_top_style=&#8220;none&#8220; row_bottom_style=&#8220;none&#8220; parallax_video_overlay=&#8220;none&#8220; row_overlay_opacity=&#8220;0&#8243; remove_element_spacing=&#8220;no&#8220; row_col_spacing=&#8220;0&#8243; row_col_pos=&#8220;default&#8220; row_col_equal_heights=&#8220;no&#8220; row_expanding=&#8220;no&#8220; row_animation=&#8220;none&#8220; row_animation_delay=&#8220;0&#8243; minimize_row=&#8220;no&#8220; simplified_controls=&#8220;yes&#8220; custom_css_percentage=&#8220;no&#8220; custom_css=&#8220;margin-top: 0px;margin-bottom: 0px;&#8220; border_styling_global=&#8220;default&#8220; width=&#8220;1\/1&#8243; el_position=&#8220;first last&#8220;] [spb_column col_animation=&#8220;none&#8220; col_animation_delay=&#8220;0&#8243; col_bg_color=&#8220;#242424&#8243; col_bg_type=&#8220;cover&#8220; col_parallax_image_movement=&#8220;fixed&#8220; col_parallax_image_speed=&#8220;0.5&#8243; col_padding=&#8220;0&#8243; col_vertical_offset=&#8220;0&#8243; col_horizontal_offset=&#8220;0&#8243; col_custom_zindex=&#8220;0&#8243; col_xs=&#8220;12&#8243; col_sm=&#8220;12&#8243; col_md=&#8220;8&#8243; col_lg=&#8220;8&#8243; simplified_controls=&#8220;yes&#8220; custom_css_percentage=&#8220;no&#8220; padding_vertical=&#8220;20&#8243; padding_horizontal=&#8220;20&#8243; margin_vertical=&#8220;0&#8243; custom_css=&#8220;margin-top: 0px;margin-bottom: 0px;padding-top: 20px;padding-left: 20px;padding-right: 20px;padding-bottom: 20px;&#8220; border_styling_global=&#8220;default&#8220; width=&#8220;1\/1&#8243; el_position=&#8220;first last&#8220;] [spb_text_block animation=&#8220;none&#8220; animation_delay=&#8220;0&#8243; simplified_controls=&#8220;yes&#8220; custom_css_percentage=&#8220;no&#8220; padding_vertical=&#8220;0&#8243; padding_horizontal=&#8220;0&#8243; margin_vertical=&#8220;0&#8243; custom_css=&#8220;margin-top: 0px;margin-bottom: 0px;&#8220; border_size=&#8220;0&#8243; border_styling_global=&#8220;default&#8220; width=&#8220;1\/1&#8243; el_position=&#8220;first last&#8220;]\n<h2><strong>Materialien und Produkte<br \/>\n<\/strong><\/h2>\n<hr \/>\n<p><span style=\"color: #ffffff;\">Die meisten Metalle, Eisen- und Nichteisenmetalle, k\u00f6nnen zur Herstellung von Bearbeitungsteilen verwendet werden.\u00a0Es ist sogar m\u00f6glich, einige keramische Materialien oder Polymere zu bearbeiten.\u00a0Aber standardm\u00e4\u00dfig verwendete Materialien in diesen Prozessen sind Kohlenstoffstahl, Kupfer, Edelstahl und Aluminium.<\/span><\/p>\n<p><span style=\"color: #ffffff;\">Die mit diesem Verfahren hergestellten Teile sind wichtig in Industrie-, Automobil-, Maschinen- und Produktionsanwendungen, Telekommunikation und anderen elektrischen und elektronischen Komponenten.\u00a0Zum Beispiel: Gewindestangen, Hanteln, Buchsen, Wellen, Schrauben, Stifte, Muttern, Rollen, Riemenscheiben, Zahnr\u00e4der, Spritzgussformen, Stanzformen, Gesenkschmieden, Werkzeuge, Sinterformen usw.<\/span><\/p>\n[\/spb_text_block] [\/spb_column] [\/spb_row]\n","protected":false},"excerpt":{"rendered":"<p>[spb_row element_name=&#8220;Row&#8220; wrap_type=&#8220;content-width&#8220; parallax_image_height=&#8220;content-height&#8220; parallax_image_movement=&#8220;fixed&#8220; parallax_image_speed=&#8220;0.5&#8243; bg_video_loop=&#8220;yes&#8220; parallax_video_height=&#8220;window-height&#8220; parallax_video_overlay=&#8220;none&#8220; row_overlay_opacity=&#8220;0&#8243; row_col_pos=&#8220;default&#8220; width=&#8220;1\/1&#8243; el_position=&#8220;first last&#8220;] [spb_column col_animation=&#8220;none&#8220; col_animation_delay=&#8220;0&#8243; col_bg_type=&#8220;cover&#8220; col_parallax_image_movement=&#8220;fixed&#8220; col_parallax_image_speed=&#8220;0.5&#8243; col_padding=&#8220;0&#8243; col_vertical_offset=&#8220;0&#8243; col_horizontal_offset=&#8220;0&#8243; col_custom_zindex=&#8220;0&#8243; col_sm=&#8220;12&#8243; simplified_controls=&#8220;yes&#8220; custom_css_percentage=&#8220;no&#8220; padding_vertical=&#8220;0&#8243; padding_horizontal=&#8220;0&#8243; margin_vertical=&#8220;0&#8243; custom_css=&#8220;margin-top: 0px;margin-bottom: 0px;&#8220; border_styling_global=&#8220;default&#8220; width=&#8220;1\/1&#8243; el_position=&#8220;first last&#8220;] [spb_text_block animation=&#8220;none&#8220; animation_delay=&#8220;0&#8243; simplified_controls=&#8220;yes&#8220; custom_css_percentage=&#8220;no&#8220; padding_vertical=&#8220;0&#8243; padding_horizontal=&#8220;0&#8243; margin_vertical=&#8220;0&#8243; custom_css=&#8220;margin-top: 0px;margin-bottom: 0px;&#8220; border_size=&#8220;0&#8243; border_styling_global=&#8220;default&#8220; width=&#8220;3\/4&#8243; el_position=&#8220;first&#8220;] Gestion de Compras hat alle notwendigen Mittel zur [&hellip;]<\/p>\n","protected":false},"author":3,"featured_media":1373,"parent":8647,"menu_order":0,"comment_status":"closed","ping_status":"closed","template":"page-products-category.php","meta":{"footnotes":""},"yoast_head":"<!-- This site is optimized with the Yoast SEO plugin v22.4 - https:\/\/yoast.com\/wordpress\/plugins\/seo\/ -->\n<title>Zerspanungstechnik. Prozess und Produkte - Gesti\u00f3n De Compras<\/title>\n<meta name=\"description\" content=\"Gestion de Compras hat alle notwendigen Mittel zur Ausf\u00fchrung der folgenden Fertigungsprozesse: Fr\u00e4sen, Bohren, Drehen, B\u00fcrsten...\" \/>\n<meta name=\"robots\" content=\"index, follow, max-snippet:-1, max-image-preview:large, max-video-preview:-1\" \/>\n<link rel=\"canonical\" href=\"https:\/\/wp.gestiondecompras.com\/de\/produkte\/zerspanungstechnik\/\" \/>\n<meta property=\"og:locale\" content=\"de_DE\" \/>\n<meta property=\"og:type\" content=\"article\" \/>\n<meta property=\"og:title\" content=\"Zerspanungstechnik. Prozess und Produkte - Gesti\u00f3n De Compras\" \/>\n<meta property=\"og:description\" content=\"Gestion de Compras hat alle notwendigen Mittel zur Ausf\u00fchrung der folgenden Fertigungsprozesse: Fr\u00e4sen, Bohren, Drehen, B\u00fcrsten...\" \/>\n<meta property=\"og:url\" content=\"https:\/\/wp.gestiondecompras.com\/de\/produkte\/zerspanungstechnik\/\" \/>\n<meta property=\"og:site_name\" content=\"Gesti\u00f3n De Compras\" \/>\n<meta property=\"article:modified_time\" content=\"2021-10-27T11:42:12+00:00\" \/>\n<meta property=\"og:image\" content=\"https:\/\/wp.gestiondecompras.com\/wp-content\/uploads\/2021\/05\/shutterstock_188959304.jpg\" \/>\n\t<meta property=\"og:image:width\" content=\"1452\" \/>\n\t<meta property=\"og:image:height\" content=\"969\" \/>\n\t<meta property=\"og:image:type\" content=\"image\/jpeg\" \/>\n<meta name=\"twitter:card\" content=\"summary_large_image\" \/>\n<meta name=\"twitter:label1\" content=\"Gesch\u00e4tzte Lesezeit\" \/>\n\t<meta name=\"twitter:data1\" content=\"5\u00a0Minuten\" \/>\n<script type=\"application\/ld+json\" class=\"yoast-schema-graph\">{\"@context\":\"https:\/\/schema.org\",\"@graph\":[{\"@type\":\"WebPage\",\"@id\":\"https:\/\/wp.gestiondecompras.com\/de\/produkte\/zerspanungstechnik\/\",\"url\":\"https:\/\/wp.gestiondecompras.com\/de\/produkte\/zerspanungstechnik\/\",\"name\":\"Zerspanungstechnik. Prozess und Produkte - Gesti\u00f3n De Compras\",\"isPartOf\":{\"@id\":\"https:\/\/wp.gestiondecompras.com\/de\/#website\"},\"primaryImageOfPage\":{\"@id\":\"https:\/\/wp.gestiondecompras.com\/de\/produkte\/zerspanungstechnik\/#primaryimage\"},\"image\":{\"@id\":\"https:\/\/wp.gestiondecompras.com\/de\/produkte\/zerspanungstechnik\/#primaryimage\"},\"thumbnailUrl\":\"https:\/\/wp.gestiondecompras.com\/wp-content\/uploads\/2021\/05\/shutterstock_188959304.jpg\",\"datePublished\":\"2021-05-10T10:10:00+00:00\",\"dateModified\":\"2021-10-27T11:42:12+00:00\",\"description\":\"Gestion de Compras hat alle notwendigen Mittel zur Ausf\u00fchrung der folgenden Fertigungsprozesse: Fr\u00e4sen, Bohren, Drehen, B\u00fcrsten...\",\"breadcrumb\":{\"@id\":\"https:\/\/wp.gestiondecompras.com\/de\/produkte\/zerspanungstechnik\/#breadcrumb\"},\"inLanguage\":\"de\",\"potentialAction\":[{\"@type\":\"ReadAction\",\"target\":[\"https:\/\/wp.gestiondecompras.com\/de\/produkte\/zerspanungstechnik\/\"]}]},{\"@type\":\"ImageObject\",\"inLanguage\":\"de\",\"@id\":\"https:\/\/wp.gestiondecompras.com\/de\/produkte\/zerspanungstechnik\/#primaryimage\",\"url\":\"https:\/\/wp.gestiondecompras.com\/wp-content\/uploads\/2021\/05\/shutterstock_188959304.jpg\",\"contentUrl\":\"https:\/\/wp.gestiondecompras.com\/wp-content\/uploads\/2021\/05\/shutterstock_188959304.jpg\",\"width\":1452,\"height\":969,\"caption\":\"proceso\"},{\"@type\":\"BreadcrumbList\",\"@id\":\"https:\/\/wp.gestiondecompras.com\/de\/produkte\/zerspanungstechnik\/#breadcrumb\",\"itemListElement\":[{\"@type\":\"ListItem\",\"position\":1,\"name\":\"Heim\",\"item\":\"https:\/\/wp.gestiondecompras.com\/de\/\"},{\"@type\":\"ListItem\",\"position\":2,\"name\":\"Produkte\",\"item\":\"https:\/\/wp.gestiondecompras.com\/de\/productos\/\"},{\"@type\":\"ListItem\",\"position\":3,\"name\":\"Zerspanungstechnik\"}]},{\"@type\":\"WebSite\",\"@id\":\"https:\/\/wp.gestiondecompras.com\/de\/#website\",\"url\":\"https:\/\/wp.gestiondecompras.com\/de\/\",\"name\":\"Gesti\u00f3n De Compras\",\"description\":\"Sourcing Internacional\",\"potentialAction\":[{\"@type\":\"SearchAction\",\"target\":{\"@type\":\"EntryPoint\",\"urlTemplate\":\"https:\/\/wp.gestiondecompras.com\/de\/?s={search_term_string}\"},\"query-input\":\"required name=search_term_string\"}],\"inLanguage\":\"de\"}]}<\/script>\n<!-- \/ Yoast SEO plugin. -->","yoast_head_json":{"title":"Zerspanungstechnik. Prozess und Produkte - Gesti\u00f3n De Compras","description":"Gestion de Compras hat alle notwendigen Mittel zur Ausf\u00fchrung der folgenden Fertigungsprozesse: Fr\u00e4sen, Bohren, Drehen, B\u00fcrsten...","robots":{"index":"index","follow":"follow","max-snippet":"max-snippet:-1","max-image-preview":"max-image-preview:large","max-video-preview":"max-video-preview:-1"},"canonical":"https:\/\/wp.gestiondecompras.com\/de\/produkte\/zerspanungstechnik\/","og_locale":"de_DE","og_type":"article","og_title":"Zerspanungstechnik. Prozess und Produkte - Gesti\u00f3n De Compras","og_description":"Gestion de Compras hat alle notwendigen Mittel zur Ausf\u00fchrung der folgenden Fertigungsprozesse: Fr\u00e4sen, Bohren, Drehen, B\u00fcrsten...","og_url":"https:\/\/wp.gestiondecompras.com\/de\/produkte\/zerspanungstechnik\/","og_site_name":"Gesti\u00f3n De Compras","article_modified_time":"2021-10-27T11:42:12+00:00","og_image":[{"width":1452,"height":969,"url":"https:\/\/wp.gestiondecompras.com\/wp-content\/uploads\/2021\/05\/shutterstock_188959304.jpg","type":"image\/jpeg"}],"twitter_card":"summary_large_image","twitter_misc":{"Gesch\u00e4tzte Lesezeit":"5\u00a0Minuten"},"schema":{"@context":"https:\/\/schema.org","@graph":[{"@type":"WebPage","@id":"https:\/\/wp.gestiondecompras.com\/de\/produkte\/zerspanungstechnik\/","url":"https:\/\/wp.gestiondecompras.com\/de\/produkte\/zerspanungstechnik\/","name":"Zerspanungstechnik. Prozess und Produkte - Gesti\u00f3n De Compras","isPartOf":{"@id":"https:\/\/wp.gestiondecompras.com\/de\/#website"},"primaryImageOfPage":{"@id":"https:\/\/wp.gestiondecompras.com\/de\/produkte\/zerspanungstechnik\/#primaryimage"},"image":{"@id":"https:\/\/wp.gestiondecompras.com\/de\/produkte\/zerspanungstechnik\/#primaryimage"},"thumbnailUrl":"https:\/\/wp.gestiondecompras.com\/wp-content\/uploads\/2021\/05\/shutterstock_188959304.jpg","datePublished":"2021-05-10T10:10:00+00:00","dateModified":"2021-10-27T11:42:12+00:00","description":"Gestion de Compras hat alle notwendigen Mittel zur Ausf\u00fchrung der folgenden Fertigungsprozesse: Fr\u00e4sen, Bohren, Drehen, B\u00fcrsten...","breadcrumb":{"@id":"https:\/\/wp.gestiondecompras.com\/de\/produkte\/zerspanungstechnik\/#breadcrumb"},"inLanguage":"de","potentialAction":[{"@type":"ReadAction","target":["https:\/\/wp.gestiondecompras.com\/de\/produkte\/zerspanungstechnik\/"]}]},{"@type":"ImageObject","inLanguage":"de","@id":"https:\/\/wp.gestiondecompras.com\/de\/produkte\/zerspanungstechnik\/#primaryimage","url":"https:\/\/wp.gestiondecompras.com\/wp-content\/uploads\/2021\/05\/shutterstock_188959304.jpg","contentUrl":"https:\/\/wp.gestiondecompras.com\/wp-content\/uploads\/2021\/05\/shutterstock_188959304.jpg","width":1452,"height":969,"caption":"proceso"},{"@type":"BreadcrumbList","@id":"https:\/\/wp.gestiondecompras.com\/de\/produkte\/zerspanungstechnik\/#breadcrumb","itemListElement":[{"@type":"ListItem","position":1,"name":"Heim","item":"https:\/\/wp.gestiondecompras.com\/de\/"},{"@type":"ListItem","position":2,"name":"Produkte","item":"https:\/\/wp.gestiondecompras.com\/de\/productos\/"},{"@type":"ListItem","position":3,"name":"Zerspanungstechnik"}]},{"@type":"WebSite","@id":"https:\/\/wp.gestiondecompras.com\/de\/#website","url":"https:\/\/wp.gestiondecompras.com\/de\/","name":"Gesti\u00f3n De Compras","description":"Sourcing Internacional","potentialAction":[{"@type":"SearchAction","target":{"@type":"EntryPoint","urlTemplate":"https:\/\/wp.gestiondecompras.com\/de\/?s={search_term_string}"},"query-input":"required name=search_term_string"}],"inLanguage":"de"}]}},"_links":{"self":[{"href":"https:\/\/wp.gestiondecompras.com\/de\/wp-json\/wp\/v2\/pages\/8669"}],"collection":[{"href":"https:\/\/wp.gestiondecompras.com\/de\/wp-json\/wp\/v2\/pages"}],"about":[{"href":"https:\/\/wp.gestiondecompras.com\/de\/wp-json\/wp\/v2\/types\/page"}],"author":[{"embeddable":true,"href":"https:\/\/wp.gestiondecompras.com\/de\/wp-json\/wp\/v2\/users\/3"}],"replies":[{"embeddable":true,"href":"https:\/\/wp.gestiondecompras.com\/de\/wp-json\/wp\/v2\/comments?post=8669"}],"version-history":[{"count":5,"href":"https:\/\/wp.gestiondecompras.com\/de\/wp-json\/wp\/v2\/pages\/8669\/revisions"}],"predecessor-version":[{"id":8974,"href":"https:\/\/wp.gestiondecompras.com\/de\/wp-json\/wp\/v2\/pages\/8669\/revisions\/8974"}],"up":[{"embeddable":true,"href":"https:\/\/wp.gestiondecompras.com\/de\/wp-json\/wp\/v2\/pages\/8647"}],"wp:featuredmedia":[{"embeddable":true,"href":"https:\/\/wp.gestiondecompras.com\/de\/wp-json\/wp\/v2\/media\/1373"}],"wp:attachment":[{"href":"https:\/\/wp.gestiondecompras.com\/de\/wp-json\/wp\/v2\/media?parent=8669"}],"curies":[{"name":"wp","href":"https:\/\/api.w.org\/{rel}","templated":true}]}}