{"id":8575,"date":"2021-04-30T10:08:15","date_gmt":"2021-04-30T10:08:15","guid":{"rendered":"https:\/\/wp.gestiondecompras.com\/?page_id=8575"},"modified":"2021-12-15T16:11:34","modified_gmt":"2021-12-15T16:11:34","slug":"iml-verpackungen","status":"publish","type":"page","link":"https:\/\/wp.gestiondecompras.com\/de\/erfolgsgeschichte\/iml-verpackungen\/","title":{"rendered":"IML Verpackungen"},"content":{"rendered":"[spb_row element_name=&#8220;Row&#8220; wrap_type=&#8220;content-width&#8220; parallax_image_height=&#8220;content-height&#8220; parallax_image_movement=&#8220;fixed&#8220; parallax_image_speed=&#8220;0.5&#8243; bg_video_loop=&#8220;yes&#8220; parallax_video_height=&#8220;window-height&#8220; parallax_video_overlay=&#8220;none&#8220; row_overlay_opacity=&#8220;0&#8243; row_col_pos=&#8220;default&#8220; width=&#8220;1\/1&#8243; el_position=&#8220;first last&#8220;] [spb_blank_spacer height=&#8220;30px&#8220; width=&#8220;1\/1&#8243; el_position=&#8220;first last&#8220;] [spb_boxed_content type=&#8220;coloured&#8220; box_link_target=&#8220;_self&#8220; padding_vertical=&#8220;0&#8243; padding_horizontal=&#8220;0&#8243; width=&#8220;1\/1&#8243; el_position=&#8220;first last&#8220;]\n<h2 style=\"text-align: center;\"><strong>Beschreibung<\/strong><\/h2>\n<div class=\"horizontal-break bold\" style=\"background-color: #666d78; width: 100px\"> <\/div>\n<p style=\"text-align: justify;\">Erfolgsgeschichten eines f\u00fchrenden Verpackungsherstellers f\u00fcr die Lebensmittelindustrie. Obwohl die Form direkt ab Werk mit IML geliefert wurde, kaufte der Kunde auch eine Spritzgussmaschine und einen von unserem Unternehmen empfohlenen Roboter.<\/p>\n[\/spb_boxed_content] [spb_blank_spacer height=&#8220;30px&#8220; width=&#8220;1\/1&#8243; el_position=&#8220;first last&#8220;] [spb_column col_sm=&#8220;4&#8243; padding_horizontal=&#8220;0&#8243; width=&#8220;1\/3&#8243; el_position=&#8220;first&#8220;] [spb_icon_box title=&#8220;Kunde&#8220; box_type=&#8220;standard&#8220; box_icon_type=&#8220;icon&#8220; icon=&#8220;fas fa-user-tie&#8220; animate_svg=&#8220;no&#8220; target=&#8220;_self&#8220; animation=&#8220;none&#8220; animation_delay=&#8220;0&#8243; animated_box_style=&#8220;coloured&#8220; animated_box_rounded=&#8220;yes&#8220; width=&#8220;1\/1&#8243; el_position=&#8220;first last&#8220;]\n<p style=\"font-size: 14px; text-align: center;\">Erster Hersteller von Verpackungen f\u00fcr den Lebensmittelbereich.<\/p>\n[\/spb_icon_box] [\/spb_column] [spb_column col_sm=&#8220;4&#8243; padding_horizontal=&#8220;0&#8243; width=&#8220;1\/3&#8243;] [spb_icon_box title=&#8220;Bestelltes Produkt&#8220; box_type=&#8220;standard&#8220; box_icon_type=&#8220;icon&#8220; icon=&#8220;fas fa-cog&#8220; animate_svg=&#8220;no&#8220; target=&#8220;_self&#8220; animation=&#8220;none&#8220; animation_delay=&#8220;0&#8243; animated_box_style=&#8220;coloured&#8220; animated_box_rounded=&#8220;yes&#8220; width=&#8220;1\/1&#8243; el_position=&#8220;first last&#8220;]\n<p style=\"text-align: justify; font-size: 14px;\">Spritzgussform f\u00fcr d\u00fcnnwandige Beh\u00e4lter mit IML. Hauptmerkmale: Plastikbecher 450ml, Dicke 0.6mm. Zykluszeit 9 Sekunden<\/p>\n[\/spb_icon_box] [\/spb_column] [spb_column col_sm=&#8220;4&#8243; padding_horizontal=&#8220;0&#8243; width=&#8220;1\/3&#8243; el_position=&#8220;last&#8220;] [spb_icon_box title=&#8220;Kundenbed\u00fcrfnisse&#8220; box_type=&#8220;standard&#8220; box_icon_type=&#8220;icon&#8220; icon=&#8220;fas fa-handshake&#8220; animate_svg=&#8220;no&#8220; target=&#8220;_self&#8220; animation=&#8220;none&#8220; animation_delay=&#8220;0&#8243; animated_box_style=&#8220;coloured&#8220; animated_box_rounded=&#8220;yes&#8220; width=&#8220;1\/1&#8243; el_position=&#8220;first last&#8220;]\n<p style=\"text-align: justify; font-size: 14px;\">Unser Kunde m\u00f6chte die Anschaffungskosten f\u00fcr solche Spritzgusswerkzeuge reduzieren bei gleichbleibendem Qualit\u00e4tsniveau.<br \/>\nEs ist notwendig einen neuen Werkzeuglieferant f\u00fcr alle neuen Produktenwicklungen zu etablieren.<\/p>\n[\/spb_icon_box] [\/spb_column] [spb_blank_spacer height=&#8220;20px&#8220; width=&#8220;1\/1&#8243; el_position=&#8220;first last&#8220;] [\/spb_row] [spb_row element_name=&#8220;Row&#8220; wrap_type=&#8220;full-width-contained&#8220; row_bg_type=&#8220;image&#8220; row_bg_color=&#8220;#242424&#8243; color_row_height=&#8220;content-height&#8220; bg_image=&#8220;11838&#8243; bg_type=&#8220;cover&#8220; parallax_image_height=&#8220;content-height&#8220; parallax_image_movement=&#8220;scroll&#8220; parallax_image_speed=&#8220;standard&#8220; bg_video_loop=&#8220;yes&#8220; parallax_video_height=&#8220;window-height&#8220; row_top_style=&#8220;none&#8220; row_bottom_style=&#8220;none&#8220; parallax_video_overlay=&#8220;none&#8220; row_overlay_opacity=&#8220;0&#8243; remove_element_spacing=&#8220;no&#8220; row_col_spacing=&#8220;0&#8243; row_col_pos=&#8220;default&#8220; row_col_equal_heights=&#8220;no&#8220; row_expanding=&#8220;no&#8220; row_animation=&#8220;none&#8220; row_animation_delay=&#8220;0&#8243; minimize_row=&#8220;no&#8220; simplified_controls=&#8220;yes&#8220; custom_css_percentage=&#8220;no&#8220; padding_vertical=&#8220;0&#8243; padding_horizontal=&#8220;0&#8243; margin_vertical=&#8220;0&#8243; custom_css=&#8220;margin-top: 0px;margin-bottom: 0px;&#8220; border_size=&#8220;0&#8243; border_styling_global=&#8220;default&#8220; el_class=&#8220;hideBackImage&#8220; width=&#8220;1\/1&#8243; el_position=&#8220;first last&#8220;] [spb_column col_animation=&#8220;none&#8220; col_animation_delay=&#8220;0&#8243; col_bg_color=&#8220;#242424&#8243; col_bg_type=&#8220;cover&#8220; col_parallax_image_movement=&#8220;fixed&#8220; col_parallax_image_speed=&#8220;0.5&#8243; col_padding=&#8220;0&#8243; col_vertical_offset=&#8220;0&#8243; col_horizontal_offset=&#8220;0&#8243; col_custom_zindex=&#8220;0&#8243; col_xs=&#8220;12&#8243; col_sm=&#8220;12&#8243; col_md=&#8220;8&#8243; col_lg=&#8220;8&#8243; simplified_controls=&#8220;yes&#8220; custom_css_percentage=&#8220;no&#8220; padding_vertical=&#8220;20&#8243; padding_horizontal=&#8220;20&#8243; margin_vertical=&#8220;0&#8243; custom_css=&#8220;margin-top: 0px;margin-bottom: 0px;padding-top: 20px;padding-left: 20px;padding-right: 20px;padding-bottom: 20px;&#8220; border_styling_global=&#8220;default&#8220; width=&#8220;1\/1&#8243; el_position=&#8220;first last&#8220;] [spb_boxed_content type=&#8220;coloured&#8220; box_link_target=&#8220;_self&#8220; padding_vertical=&#8220;0&#8243; padding_horizontal=&#8220;0&#8243; width=&#8220;1\/1&#8243; el_position=&#8220;first last&#8220;]\n<h2><strong>Angebotene Dienstleistungen\/ Ergebnisse<\/strong><\/h2>\n<hr \/>\n<p>&nbsp;<\/p>\n[\/spb_boxed_content] [spb_text_block animation=&#8220;none&#8220; animation_delay=&#8220;0&#8243; simplified_controls=&#8220;yes&#8220; custom_css_percentage=&#8220;no&#8220; padding_vertical=&#8220;0&#8243; padding_horizontal=&#8220;0&#8243; margin_vertical=&#8220;0&#8243; custom_css=&#8220;margin-top: 0px;margin-bottom: 0px;&#8220; border_size=&#8220;0&#8243; border_styling_global=&#8220;default&#8220; width=&#8220;1\/1&#8243; el_position=&#8220;first last&#8220;]\n<p><span style=\"color: #ffffff;\">In Zusammenarbeit mit unseren Fertigungswerken bieten wir unseren Kunden f\u00fcr diese Art von Projekte folgenden Leistungen:<\/span><\/p>\n<ul>\n<li><span style=\"color: #ffffff;\">Erstellung von Werkzeug- und Produktdesign<\/span><\/li>\n<li><span style=\"color: #ffffff;\">Erstellung eines Fertigungsplans<\/span><\/li>\n<li><span style=\"color: #ffffff;\">Freigabemuster<\/span><\/li>\n<li><span style=\"color: #ffffff;\">Musterpr\u00fcfbericht, Messbericht, Bericht zur Werkzeugbemusterung<\/span><\/li>\n<li><span style=\"color: #ffffff;\">Videos und Fotos der Werkzeugbemusterung<\/span><\/li>\n<li><span style=\"color: #ffffff;\">Vollst\u00e4ndige Werkzeugkonstruktion<\/span><\/li>\n<li><span style=\"color: #ffffff;\">Ersatzteile nach europ\u00e4ischem Standard<\/span><\/li>\n<\/ul>\n<p><span style=\"color: #ffffff;\">W\u00e4hrend das Spritzgusswerkzeug direkt ab Werk mit IML geliefert wird, erwarb der Kunde auch eine Spritzgiessmaschine und einen von unserem Unternehmen empfohlenen Roboter. Somit erhielt er ein schl\u00fcsselfertiges Projekt mit hervorragendem Ergebnis.<\/span><\/p>\n[\/spb_text_block] [\/spb_column] [\/spb_row]\n","protected":false},"excerpt":{"rendered":"<p>[spb_row element_name=&#8220;Row&#8220; wrap_type=&#8220;content-width&#8220; parallax_image_height=&#8220;content-height&#8220; parallax_image_movement=&#8220;fixed&#8220; parallax_image_speed=&#8220;0.5&#8243; bg_video_loop=&#8220;yes&#8220; parallax_video_height=&#8220;window-height&#8220; parallax_video_overlay=&#8220;none&#8220; row_overlay_opacity=&#8220;0&#8243; row_col_pos=&#8220;default&#8220; width=&#8220;1\/1&#8243; el_position=&#8220;first last&#8220;] [spb_blank_spacer height=&#8220;30px&#8220; width=&#8220;1\/1&#8243; el_position=&#8220;first last&#8220;] [spb_boxed_content type=&#8220;coloured&#8220; box_link_target=&#8220;_self&#8220; padding_vertical=&#8220;0&#8243; padding_horizontal=&#8220;0&#8243; width=&#8220;1\/1&#8243; el_position=&#8220;first last&#8220;] Beschreibung Erfolgsgeschichten eines f\u00fchrenden Verpackungsherstellers f\u00fcr die Lebensmittelindustrie. Obwohl die Form direkt ab Werk mit IML geliefert wurde, kaufte der Kunde auch eine Spritzgussmaschine und einen von unserem Unternehmen empfohlenen Roboter. [\/spb_boxed_content] [spb_blank_spacer [&hellip;]<\/p>\n","protected":false},"author":3,"featured_media":11844,"parent":8562,"menu_order":0,"comment_status":"closed","ping_status":"closed","template":"","meta":{"footnotes":""},"yoast_head":"<!-- This site is optimized with the Yoast SEO plugin v22.4 - https:\/\/yoast.com\/wordpress\/plugins\/seo\/ -->\n<title>IML Verpackungen - Gesti\u00f3n De Compras<\/title>\n<meta name=\"description\" content=\"Erfolgsgeschichten eines f\u00fchrenden Verpackungsherstellers f\u00fcr die Lebensmittelindustrie.. Obwohl die Form direkt ab Werk mit IML geliefert wurde, kaufte der Kunde auch eine Spritzgussmaschine und einen von unserem Unternehmen empfohlenen Roboter.\" \/>\n<meta name=\"robots\" content=\"index, follow, max-snippet:-1, max-image-preview:large, max-video-preview:-1\" \/>\n<link rel=\"canonical\" href=\"https:\/\/wp.gestiondecompras.com\/de\/erfolgsgeschichte\/iml-verpackungen\/\" \/>\n<meta property=\"og:locale\" content=\"de_DE\" \/>\n<meta property=\"og:type\" content=\"article\" \/>\n<meta property=\"og:title\" content=\"IML Verpackungen - Gesti\u00f3n De Compras\" \/>\n<meta property=\"og:description\" content=\"Erfolgsgeschichten eines f\u00fchrenden Verpackungsherstellers f\u00fcr die Lebensmittelindustrie.. Obwohl die Form direkt ab Werk mit IML geliefert wurde, kaufte der Kunde auch eine Spritzgussmaschine und einen von unserem Unternehmen empfohlenen Roboter.\" \/>\n<meta property=\"og:url\" content=\"https:\/\/wp.gestiondecompras.com\/de\/erfolgsgeschichte\/iml-verpackungen\/\" \/>\n<meta property=\"og:site_name\" content=\"Gesti\u00f3n De Compras\" \/>\n<meta property=\"article:modified_time\" content=\"2021-12-15T16:11:34+00:00\" \/>\n<meta property=\"og:image\" content=\"https:\/\/wp.gestiondecompras.com\/wp-content\/uploads\/2021\/12\/envases_iml.jpg\" \/>\n\t<meta property=\"og:image:width\" content=\"700\" \/>\n\t<meta property=\"og:image:height\" content=\"463\" \/>\n\t<meta property=\"og:image:type\" content=\"image\/jpeg\" \/>\n<meta name=\"twitter:card\" content=\"summary_large_image\" \/>\n<meta name=\"twitter:label1\" content=\"Gesch\u00e4tzte Lesezeit\" \/>\n\t<meta name=\"twitter:data1\" content=\"3\u00a0Minuten\" \/>\n<script type=\"application\/ld+json\" class=\"yoast-schema-graph\">{\"@context\":\"https:\/\/schema.org\",\"@graph\":[{\"@type\":\"WebPage\",\"@id\":\"https:\/\/wp.gestiondecompras.com\/de\/erfolgsgeschichte\/iml-verpackungen\/\",\"url\":\"https:\/\/wp.gestiondecompras.com\/de\/erfolgsgeschichte\/iml-verpackungen\/\",\"name\":\"IML Verpackungen - Gesti\u00f3n De Compras\",\"isPartOf\":{\"@id\":\"https:\/\/wp.gestiondecompras.com\/de\/#website\"},\"primaryImageOfPage\":{\"@id\":\"https:\/\/wp.gestiondecompras.com\/de\/erfolgsgeschichte\/iml-verpackungen\/#primaryimage\"},\"image\":{\"@id\":\"https:\/\/wp.gestiondecompras.com\/de\/erfolgsgeschichte\/iml-verpackungen\/#primaryimage\"},\"thumbnailUrl\":\"https:\/\/wp.gestiondecompras.com\/wp-content\/uploads\/2021\/12\/envases_iml.jpg\",\"datePublished\":\"2021-04-30T10:08:15+00:00\",\"dateModified\":\"2021-12-15T16:11:34+00:00\",\"description\":\"Erfolgsgeschichten eines f\u00fchrenden Verpackungsherstellers f\u00fcr die Lebensmittelindustrie.. Obwohl die Form direkt ab Werk mit IML geliefert wurde, kaufte der Kunde auch eine Spritzgussmaschine und einen von unserem Unternehmen empfohlenen Roboter.\",\"breadcrumb\":{\"@id\":\"https:\/\/wp.gestiondecompras.com\/de\/erfolgsgeschichte\/iml-verpackungen\/#breadcrumb\"},\"inLanguage\":\"de\",\"potentialAction\":[{\"@type\":\"ReadAction\",\"target\":[\"https:\/\/wp.gestiondecompras.com\/de\/erfolgsgeschichte\/iml-verpackungen\/\"]}]},{\"@type\":\"ImageObject\",\"inLanguage\":\"de\",\"@id\":\"https:\/\/wp.gestiondecompras.com\/de\/erfolgsgeschichte\/iml-verpackungen\/#primaryimage\",\"url\":\"https:\/\/wp.gestiondecompras.com\/wp-content\/uploads\/2021\/12\/envases_iml.jpg\",\"contentUrl\":\"https:\/\/wp.gestiondecompras.com\/wp-content\/uploads\/2021\/12\/envases_iml.jpg\",\"width\":700,\"height\":463,\"caption\":\"envases_iml 01\"},{\"@type\":\"BreadcrumbList\",\"@id\":\"https:\/\/wp.gestiondecompras.com\/de\/erfolgsgeschichte\/iml-verpackungen\/#breadcrumb\",\"itemListElement\":[{\"@type\":\"ListItem\",\"position\":1,\"name\":\"Heim\",\"item\":\"https:\/\/wp.gestiondecompras.com\/de\/\"},{\"@type\":\"ListItem\",\"position\":2,\"name\":\"Erfolgsgeschichte\",\"item\":\"https:\/\/wp.gestiondecompras.com\/de\/casos-de-exito\/\"},{\"@type\":\"ListItem\",\"position\":3,\"name\":\"IML Verpackungen\"}]},{\"@type\":\"WebSite\",\"@id\":\"https:\/\/wp.gestiondecompras.com\/de\/#website\",\"url\":\"https:\/\/wp.gestiondecompras.com\/de\/\",\"name\":\"Gesti\u00f3n De Compras\",\"description\":\"Sourcing Internacional\",\"potentialAction\":[{\"@type\":\"SearchAction\",\"target\":{\"@type\":\"EntryPoint\",\"urlTemplate\":\"https:\/\/wp.gestiondecompras.com\/de\/?s={search_term_string}\"},\"query-input\":\"required name=search_term_string\"}],\"inLanguage\":\"de\"}]}<\/script>\n<!-- \/ Yoast SEO plugin. -->","yoast_head_json":{"title":"IML Verpackungen - Gesti\u00f3n De Compras","description":"Erfolgsgeschichten eines f\u00fchrenden Verpackungsherstellers f\u00fcr die Lebensmittelindustrie.. Obwohl die Form direkt ab Werk mit IML geliefert wurde, kaufte der Kunde auch eine Spritzgussmaschine und einen von unserem Unternehmen empfohlenen Roboter.","robots":{"index":"index","follow":"follow","max-snippet":"max-snippet:-1","max-image-preview":"max-image-preview:large","max-video-preview":"max-video-preview:-1"},"canonical":"https:\/\/wp.gestiondecompras.com\/de\/erfolgsgeschichte\/iml-verpackungen\/","og_locale":"de_DE","og_type":"article","og_title":"IML Verpackungen - Gesti\u00f3n De Compras","og_description":"Erfolgsgeschichten eines f\u00fchrenden Verpackungsherstellers f\u00fcr die Lebensmittelindustrie.. Obwohl die Form direkt ab Werk mit IML geliefert wurde, kaufte der Kunde auch eine Spritzgussmaschine und einen von unserem Unternehmen empfohlenen Roboter.","og_url":"https:\/\/wp.gestiondecompras.com\/de\/erfolgsgeschichte\/iml-verpackungen\/","og_site_name":"Gesti\u00f3n De Compras","article_modified_time":"2021-12-15T16:11:34+00:00","og_image":[{"width":700,"height":463,"url":"https:\/\/wp.gestiondecompras.com\/wp-content\/uploads\/2021\/12\/envases_iml.jpg","type":"image\/jpeg"}],"twitter_card":"summary_large_image","twitter_misc":{"Gesch\u00e4tzte Lesezeit":"3\u00a0Minuten"},"schema":{"@context":"https:\/\/schema.org","@graph":[{"@type":"WebPage","@id":"https:\/\/wp.gestiondecompras.com\/de\/erfolgsgeschichte\/iml-verpackungen\/","url":"https:\/\/wp.gestiondecompras.com\/de\/erfolgsgeschichte\/iml-verpackungen\/","name":"IML Verpackungen - Gesti\u00f3n De Compras","isPartOf":{"@id":"https:\/\/wp.gestiondecompras.com\/de\/#website"},"primaryImageOfPage":{"@id":"https:\/\/wp.gestiondecompras.com\/de\/erfolgsgeschichte\/iml-verpackungen\/#primaryimage"},"image":{"@id":"https:\/\/wp.gestiondecompras.com\/de\/erfolgsgeschichte\/iml-verpackungen\/#primaryimage"},"thumbnailUrl":"https:\/\/wp.gestiondecompras.com\/wp-content\/uploads\/2021\/12\/envases_iml.jpg","datePublished":"2021-04-30T10:08:15+00:00","dateModified":"2021-12-15T16:11:34+00:00","description":"Erfolgsgeschichten eines f\u00fchrenden Verpackungsherstellers f\u00fcr die Lebensmittelindustrie.. Obwohl die Form direkt ab Werk mit IML geliefert wurde, kaufte der Kunde auch eine Spritzgussmaschine und einen von unserem Unternehmen empfohlenen Roboter.","breadcrumb":{"@id":"https:\/\/wp.gestiondecompras.com\/de\/erfolgsgeschichte\/iml-verpackungen\/#breadcrumb"},"inLanguage":"de","potentialAction":[{"@type":"ReadAction","target":["https:\/\/wp.gestiondecompras.com\/de\/erfolgsgeschichte\/iml-verpackungen\/"]}]},{"@type":"ImageObject","inLanguage":"de","@id":"https:\/\/wp.gestiondecompras.com\/de\/erfolgsgeschichte\/iml-verpackungen\/#primaryimage","url":"https:\/\/wp.gestiondecompras.com\/wp-content\/uploads\/2021\/12\/envases_iml.jpg","contentUrl":"https:\/\/wp.gestiondecompras.com\/wp-content\/uploads\/2021\/12\/envases_iml.jpg","width":700,"height":463,"caption":"envases_iml 01"},{"@type":"BreadcrumbList","@id":"https:\/\/wp.gestiondecompras.com\/de\/erfolgsgeschichte\/iml-verpackungen\/#breadcrumb","itemListElement":[{"@type":"ListItem","position":1,"name":"Heim","item":"https:\/\/wp.gestiondecompras.com\/de\/"},{"@type":"ListItem","position":2,"name":"Erfolgsgeschichte","item":"https:\/\/wp.gestiondecompras.com\/de\/casos-de-exito\/"},{"@type":"ListItem","position":3,"name":"IML Verpackungen"}]},{"@type":"WebSite","@id":"https:\/\/wp.gestiondecompras.com\/de\/#website","url":"https:\/\/wp.gestiondecompras.com\/de\/","name":"Gesti\u00f3n De Compras","description":"Sourcing Internacional","potentialAction":[{"@type":"SearchAction","target":{"@type":"EntryPoint","urlTemplate":"https:\/\/wp.gestiondecompras.com\/de\/?s={search_term_string}"},"query-input":"required name=search_term_string"}],"inLanguage":"de"}]}},"_links":{"self":[{"href":"https:\/\/wp.gestiondecompras.com\/de\/wp-json\/wp\/v2\/pages\/8575"}],"collection":[{"href":"https:\/\/wp.gestiondecompras.com\/de\/wp-json\/wp\/v2\/pages"}],"about":[{"href":"https:\/\/wp.gestiondecompras.com\/de\/wp-json\/wp\/v2\/types\/page"}],"author":[{"embeddable":true,"href":"https:\/\/wp.gestiondecompras.com\/de\/wp-json\/wp\/v2\/users\/3"}],"replies":[{"embeddable":true,"href":"https:\/\/wp.gestiondecompras.com\/de\/wp-json\/wp\/v2\/comments?post=8575"}],"version-history":[{"count":4,"href":"https:\/\/wp.gestiondecompras.com\/de\/wp-json\/wp\/v2\/pages\/8575\/revisions"}],"predecessor-version":[{"id":11855,"href":"https:\/\/wp.gestiondecompras.com\/de\/wp-json\/wp\/v2\/pages\/8575\/revisions\/11855"}],"up":[{"embeddable":true,"href":"https:\/\/wp.gestiondecompras.com\/de\/wp-json\/wp\/v2\/pages\/8562"}],"wp:featuredmedia":[{"embeddable":true,"href":"https:\/\/wp.gestiondecompras.com\/de\/wp-json\/wp\/v2\/media\/11844"}],"wp:attachment":[{"href":"https:\/\/wp.gestiondecompras.com\/de\/wp-json\/wp\/v2\/media?parent=8575"}],"curies":[{"name":"wp","href":"https:\/\/api.w.org\/{rel}","templated":true}]}}