{"id":8567,"date":"2021-04-30T10:05:44","date_gmt":"2021-04-30T10:05:44","guid":{"rendered":"https:\/\/wp.gestiondecompras.com\/?page_id=8567"},"modified":"2021-10-20T11:34:34","modified_gmt":"2021-10-20T11:34:34","slug":"verbindungselemente","status":"publish","type":"page","link":"https:\/\/wp.gestiondecompras.com\/de\/erfolgsgeschichte\/verbindungselemente\/","title":{"rendered":"Verbindungselemente"},"content":{"rendered":"[spb_row element_name=&#8220;Row&#8220; wrap_type=&#8220;content-width&#8220; parallax_image_height=&#8220;content-height&#8220; parallax_image_movement=&#8220;fixed&#8220; parallax_image_speed=&#8220;0.5&#8243; bg_video_loop=&#8220;yes&#8220; parallax_video_height=&#8220;window-height&#8220; parallax_video_overlay=&#8220;none&#8220; row_overlay_opacity=&#8220;0&#8243; row_col_pos=&#8220;default&#8220; width=&#8220;1\/1&#8243; el_position=&#8220;first last&#8220;] [spb_blank_spacer height=&#8220;30px&#8220; width=&#8220;1\/1&#8243; el_position=&#8220;first last&#8220;] [spb_boxed_content type=&#8220;coloured&#8220; box_link_target=&#8220;_self&#8220; padding_vertical=&#8220;0&#8243; padding_horizontal=&#8220;0&#8243; width=&#8220;1\/1&#8243; el_position=&#8220;first last&#8220;]\n<h2 style=\"text-align: center;\"><strong>Beschreibung<\/strong><\/h2>\n<div class=\"horizontal-break bold\" style=\"background-color: #666d78; width: 100px\"> <\/div>\n<p style=\"text-align: justify;\">Erfolgsgeschichten eines spanischen Herstellers von Verbindungselementen. Gesti\u00f3n de Compras begann mit der Lieferung der erforderlichen \u00fcber einen unser asiatischen Fertigungspartner. Die Kundenzufriedenheit ist in Bezug auf Service, Preis und Qualit\u00e4t steht an erste Stelle.<\/p>\n[\/spb_boxed_content] [spb_blank_spacer height=&#8220;30px&#8220; width=&#8220;1\/1&#8243; el_position=&#8220;first last&#8220;] [spb_column col_sm=&#8220;4&#8243; padding_horizontal=&#8220;0&#8243; width=&#8220;1\/3&#8243; el_position=&#8220;first&#8220;] [spb_icon_box title=&#8220;Kunde&#8220; box_type=&#8220;standard&#8220; box_icon_type=&#8220;icon&#8220; icon=&#8220;fas fa-user-tie&#8220; animate_svg=&#8220;no&#8220; target=&#8220;_self&#8220; animation=&#8220;none&#8220; animation_delay=&#8220;0&#8243; animated_box_style=&#8220;coloured&#8220; animated_box_rounded=&#8220;yes&#8220; width=&#8220;1\/1&#8243; el_position=&#8220;first last&#8220;]\n<p style=\"text-align: justify; font-size: 14px;\">Spanischer Hersteller von Verbindungselementen<\/p>\n[\/spb_icon_box] [\/spb_column] [spb_column col_sm=&#8220;4&#8243; padding_horizontal=&#8220;0&#8243; width=&#8220;1\/3&#8243;] [spb_icon_box title=&#8220;Produkt&#8220; box_type=&#8220;standard&#8220; box_icon_type=&#8220;icon&#8220; icon=&#8220;fas fa-cog&#8220; animate_svg=&#8220;no&#8220; target=&#8220;_self&#8220; animation=&#8220;none&#8220; animation_delay=&#8220;0&#8243; animated_box_style=&#8220;coloured&#8220; animated_box_rounded=&#8220;yes&#8220; width=&#8220;1\/1&#8243; el_position=&#8220;first last&#8220;]\n<p style=\"text-align: justify; font-size: 14px;\">Der Kunde kontaktierte Gesti\u00f3n de Compras, um ein Teil einer Produktfamilie auszulagern, dass er selbst produzierte.<\/p>\n[\/spb_icon_box] [\/spb_column] [spb_column col_sm=&#8220;4&#8243; padding_horizontal=&#8220;0&#8243; width=&#8220;1\/3&#8243; el_position=&#8220;last&#8220;] [spb_icon_box title=&#8220;Kundenanforderungen&#8220; box_type=&#8220;standard&#8220; box_icon_type=&#8220;icon&#8220; icon=&#8220;fas fa-handshake&#8220; animate_svg=&#8220;no&#8220; target=&#8220;_self&#8220; animation=&#8220;none&#8220; animation_delay=&#8220;0&#8243; animated_box_style=&#8220;coloured&#8220; animated_box_rounded=&#8220;yes&#8220; width=&#8220;1\/1&#8243; el_position=&#8220;first last&#8220;]\n<p style=\"text-align: justify; font-size: 14px;\">Unser Kunde wollte die Kosten f\u00fcr das Endprodukt senken, indem er einige Teile (Unterlegscheiben und Sechskantenmuttern) der finalen Baugruppe auslagert.<\/p>\n<p style=\"text-align: justify; font-size: 14px;\">Der Hersteller musste die erforderlichen Qualit\u00e4tsanforderungen erf\u00fcllen und \u00fcber ausreichende Produktionskapazit\u00e4t verf\u00fcgen, um die Anforderungen des Kunden zu erf\u00fcllen.<\/p>\n<p style=\"text-align: justify; font-size: 14px;\">Der Produktionsprozess musste vor Ort im Werk von einer externen Pr\u00fcfstelle \u00fcberpr\u00fcft.<\/p>\n<p style=\"text-align: left;\">\n[\/spb_icon_box] [\/spb_column] [spb_blank_spacer height=&#8220;20px&#8220; width=&#8220;1\/1&#8243; el_position=&#8220;first last&#8220;] [\/spb_row] [spb_row element_name=&#8220;Row&#8220; wrap_type=&#8220;full-width-contained&#8220; row_bg_type=&#8220;image&#8220; row_bg_color=&#8220;#242424&#8243; color_row_height=&#8220;content-height&#8220; bg_image=&#8220;426&#8243; bg_type=&#8220;cover&#8220; parallax_image_height=&#8220;content-height&#8220; parallax_image_movement=&#8220;scroll&#8220; parallax_image_speed=&#8220;standard&#8220; bg_video_loop=&#8220;yes&#8220; parallax_video_height=&#8220;window-height&#8220; row_top_style=&#8220;none&#8220; row_bottom_style=&#8220;none&#8220; parallax_video_overlay=&#8220;none&#8220; row_overlay_opacity=&#8220;0&#8243; remove_element_spacing=&#8220;no&#8220; row_col_spacing=&#8220;0&#8243; row_col_pos=&#8220;default&#8220; row_col_equal_heights=&#8220;no&#8220; row_expanding=&#8220;no&#8220; row_animation=&#8220;none&#8220; row_animation_delay=&#8220;0&#8243; minimize_row=&#8220;no&#8220; simplified_controls=&#8220;no&#8220; custom_css_percentage=&#8220;no&#8220; custom_css=&#8220;margin-top: 0px;margin-bottom: 0px;&#8220; border_styling_global=&#8220;default&#8220; el_class=&#8220;hideBackImage&#8220; width=&#8220;1\/1&#8243; el_position=&#8220;first last&#8220;] [spb_column col_animation=&#8220;none&#8220; col_animation_delay=&#8220;0&#8243; col_bg_color=&#8220;#242424&#8243; col_bg_type=&#8220;cover&#8220; col_parallax_image_movement=&#8220;fixed&#8220; col_parallax_image_speed=&#8220;0.5&#8243; col_padding=&#8220;0&#8243; col_vertical_offset=&#8220;0&#8243; col_horizontal_offset=&#8220;0&#8243; col_custom_zindex=&#8220;0&#8243; col_xs=&#8220;12&#8243; col_sm=&#8220;12&#8243; col_md=&#8220;8&#8243; col_lg=&#8220;8&#8243; simplified_controls=&#8220;yes&#8220; custom_css_percentage=&#8220;no&#8220; padding_vertical=&#8220;20&#8243; padding_horizontal=&#8220;20&#8243; margin_vertical=&#8220;0&#8243; custom_css=&#8220;margin-top: 0px;margin-bottom: 0px;padding-top: 20px;padding-left: 20px;padding-right: 20px;padding-bottom: 20px;&#8220; border_styling_global=&#8220;default&#8220; width=&#8220;1\/1&#8243; el_position=&#8220;first last&#8220;] [spb_boxed_content type=&#8220;coloured&#8220; box_link_target=&#8220;_self&#8220; padding_vertical=&#8220;0&#8243; padding_horizontal=&#8220;0&#8243; width=&#8220;1\/1&#8243; el_position=&#8220;first last&#8220;]\n<h2><strong>Angebotene Dienstleistungen \/ Ergebnisse<\/strong><\/h2>\n<hr \/>\n<h2><\/h2>\n[\/spb_boxed_content] [spb_blank_spacer height=&#8220;30px&#8220; width=&#8220;1\/1&#8243; el_position=&#8220;first last&#8220;] [spb_text_block animation=&#8220;none&#8220; animation_delay=&#8220;0&#8243; simplified_controls=&#8220;yes&#8220; custom_css_percentage=&#8220;no&#8220; padding_vertical=&#8220;0&#8243; padding_horizontal=&#8220;0&#8243; margin_vertical=&#8220;0&#8243; custom_css=&#8220;margin-top: 0px;margin-bottom: 0px;&#8220; border_size=&#8220;0&#8243; border_styling_global=&#8220;default&#8220; width=&#8220;1\/1&#8243; el_position=&#8220;first last&#8220;]\n<section class=\"article\">\n<div class=\"content\">\n<dl>\n<dd><span style=\"color: #ffffff;\">Nach einem harten Auswahlprozess des endg\u00fcltigen asiatischen Fertigungspartners und nach der finalen Musterfreigabe durch den Kunden begann Gesti\u00f3n de Compras mit der Lieferung der gew\u00fcnschten Artikel. Durch unsere Preise erzielte der Kunde eine signifikante Kostenersparnis in Bezug auf das Endprodukt.<\/span>&nbsp;<\/p>\n<p><span style=\"color: #ffffff;\">Der Produktionsprozess wurde von \u201cBureau Veritas\u201c mit Unterst\u00fctzung unserer Mitarbeiter im Werk erfolgreich gepr\u00fcft. Derzeit wird diese Zertifizierung alle zwei Jahre ordnungsgem\u00e4\u00df erneuert.<\/span><\/p>\n<p><span style=\"color: #ffffff;\">Wir liefern diese Teile regelm\u00e4\u00dfig mit einem Jahresvolumen von rund 1.5 Millionen Euro.<\/span><\/p>\n<p><span style=\"color: #ffffff;\">Die Zufriedenheit des Kunden ist in Bezug auf Service, Preis und Qualit\u00e4t der gelieferten Artikel steht an oberster Stelle.<\/span><\/dd>\n<\/dl>\n<\/div>\n<\/section>\n[\/spb_text_block] [\/spb_column] [\/spb_row]\n","protected":false},"excerpt":{"rendered":"<p>[spb_row element_name=&#8220;Row&#8220; wrap_type=&#8220;content-width&#8220; parallax_image_height=&#8220;content-height&#8220; parallax_image_movement=&#8220;fixed&#8220; parallax_image_speed=&#8220;0.5&#8243; bg_video_loop=&#8220;yes&#8220; parallax_video_height=&#8220;window-height&#8220; parallax_video_overlay=&#8220;none&#8220; row_overlay_opacity=&#8220;0&#8243; row_col_pos=&#8220;default&#8220; width=&#8220;1\/1&#8243; el_position=&#8220;first last&#8220;] [spb_blank_spacer height=&#8220;30px&#8220; width=&#8220;1\/1&#8243; el_position=&#8220;first last&#8220;] [spb_boxed_content type=&#8220;coloured&#8220; box_link_target=&#8220;_self&#8220; padding_vertical=&#8220;0&#8243; padding_horizontal=&#8220;0&#8243; width=&#8220;1\/1&#8243; el_position=&#8220;first last&#8220;] Beschreibung Erfolgsgeschichten eines spanischen Herstellers von Verbindungselementen. Gesti\u00f3n de Compras begann mit der Lieferung der erforderlichen \u00fcber einen unser asiatischen Fertigungspartner. Die Kundenzufriedenheit ist in Bezug auf Service, Preis und Qualit\u00e4t steht an [&hellip;]<\/p>\n","protected":false},"author":3,"featured_media":303,"parent":8562,"menu_order":0,"comment_status":"closed","ping_status":"closed","template":"","meta":{"footnotes":""},"yoast_head":"<!-- This site is optimized with the Yoast SEO plugin v22.4 - https:\/\/yoast.com\/wordpress\/plugins\/seo\/ -->\n<title>Verbindungselemente - Gesti\u00f3n De Compras<\/title>\n<meta name=\"description\" content=\"Erfolgsgeschichten eines spanischen Herstellers von Verbindungselementen. Gesti\u00f3n de Compras begann mit der Lieferung der erforderlichen \u00fcber einen unser asiatischen Fertigungspartner.\" \/>\n<meta name=\"robots\" content=\"index, follow, max-snippet:-1, max-image-preview:large, max-video-preview:-1\" \/>\n<link rel=\"canonical\" href=\"https:\/\/wp.gestiondecompras.com\/de\/erfolgsgeschichte\/verbindungselemente\/\" \/>\n<meta property=\"og:locale\" content=\"de_DE\" \/>\n<meta property=\"og:type\" content=\"article\" \/>\n<meta property=\"og:title\" content=\"Verbindungselemente - Gesti\u00f3n De Compras\" \/>\n<meta property=\"og:description\" content=\"Erfolgsgeschichten eines spanischen Herstellers von Verbindungselementen. Gesti\u00f3n de Compras begann mit der Lieferung der erforderlichen \u00fcber einen unser asiatischen Fertigungspartner.\" \/>\n<meta property=\"og:url\" content=\"https:\/\/wp.gestiondecompras.com\/de\/erfolgsgeschichte\/verbindungselemente\/\" \/>\n<meta property=\"og:site_name\" content=\"Gesti\u00f3n De Compras\" \/>\n<meta property=\"article:modified_time\" content=\"2021-10-20T11:34:34+00:00\" \/>\n<meta property=\"og:image\" content=\"https:\/\/wp.gestiondecompras.com\/wp-content\/uploads\/2021\/04\/pexels-pixabay-259968.jpg\" \/>\n\t<meta property=\"og:image:width\" content=\"640\" \/>\n\t<meta property=\"og:image:height\" content=\"426\" \/>\n\t<meta property=\"og:image:type\" content=\"image\/jpeg\" \/>\n<meta name=\"twitter:card\" content=\"summary_large_image\" \/>\n<meta name=\"twitter:label1\" content=\"Gesch\u00e4tzte Lesezeit\" \/>\n\t<meta name=\"twitter:data1\" content=\"4\u00a0Minuten\" \/>\n<script type=\"application\/ld+json\" class=\"yoast-schema-graph\">{\"@context\":\"https:\/\/schema.org\",\"@graph\":[{\"@type\":\"WebPage\",\"@id\":\"https:\/\/wp.gestiondecompras.com\/de\/erfolgsgeschichte\/verbindungselemente\/\",\"url\":\"https:\/\/wp.gestiondecompras.com\/de\/erfolgsgeschichte\/verbindungselemente\/\",\"name\":\"Verbindungselemente - Gesti\u00f3n De Compras\",\"isPartOf\":{\"@id\":\"https:\/\/wp.gestiondecompras.com\/de\/#website\"},\"primaryImageOfPage\":{\"@id\":\"https:\/\/wp.gestiondecompras.com\/de\/erfolgsgeschichte\/verbindungselemente\/#primaryimage\"},\"image\":{\"@id\":\"https:\/\/wp.gestiondecompras.com\/de\/erfolgsgeschichte\/verbindungselemente\/#primaryimage\"},\"thumbnailUrl\":\"https:\/\/wp.gestiondecompras.com\/wp-content\/uploads\/2021\/04\/pexels-pixabay-259968.jpg\",\"datePublished\":\"2021-04-30T10:05:44+00:00\",\"dateModified\":\"2021-10-20T11:34:34+00:00\",\"description\":\"Erfolgsgeschichten eines spanischen Herstellers von Verbindungselementen. Gesti\u00f3n de Compras begann mit der Lieferung der erforderlichen \u00fcber einen unser asiatischen Fertigungspartner.\",\"breadcrumb\":{\"@id\":\"https:\/\/wp.gestiondecompras.com\/de\/erfolgsgeschichte\/verbindungselemente\/#breadcrumb\"},\"inLanguage\":\"de\",\"potentialAction\":[{\"@type\":\"ReadAction\",\"target\":[\"https:\/\/wp.gestiondecompras.com\/de\/erfolgsgeschichte\/verbindungselemente\/\"]}]},{\"@type\":\"ImageObject\",\"inLanguage\":\"de\",\"@id\":\"https:\/\/wp.gestiondecompras.com\/de\/erfolgsgeschichte\/verbindungselemente\/#primaryimage\",\"url\":\"https:\/\/wp.gestiondecompras.com\/wp-content\/uploads\/2021\/04\/pexels-pixabay-259968.jpg\",\"contentUrl\":\"https:\/\/wp.gestiondecompras.com\/wp-content\/uploads\/2021\/04\/pexels-pixabay-259968.jpg\",\"width\":640,\"height\":426,\"caption\":\"Tornillos\"},{\"@type\":\"BreadcrumbList\",\"@id\":\"https:\/\/wp.gestiondecompras.com\/de\/erfolgsgeschichte\/verbindungselemente\/#breadcrumb\",\"itemListElement\":[{\"@type\":\"ListItem\",\"position\":1,\"name\":\"Heim\",\"item\":\"https:\/\/wp.gestiondecompras.com\/de\/\"},{\"@type\":\"ListItem\",\"position\":2,\"name\":\"Erfolgsgeschichte\",\"item\":\"https:\/\/wp.gestiondecompras.com\/de\/casos-de-exito\/\"},{\"@type\":\"ListItem\",\"position\":3,\"name\":\"Verbindungselemente\"}]},{\"@type\":\"WebSite\",\"@id\":\"https:\/\/wp.gestiondecompras.com\/de\/#website\",\"url\":\"https:\/\/wp.gestiondecompras.com\/de\/\",\"name\":\"Gesti\u00f3n De Compras\",\"description\":\"Sourcing Internacional\",\"potentialAction\":[{\"@type\":\"SearchAction\",\"target\":{\"@type\":\"EntryPoint\",\"urlTemplate\":\"https:\/\/wp.gestiondecompras.com\/de\/?s={search_term_string}\"},\"query-input\":\"required name=search_term_string\"}],\"inLanguage\":\"de\"}]}<\/script>\n<!-- \/ Yoast SEO plugin. -->","yoast_head_json":{"title":"Verbindungselemente - Gesti\u00f3n De Compras","description":"Erfolgsgeschichten eines spanischen Herstellers von Verbindungselementen. Gesti\u00f3n de Compras begann mit der Lieferung der erforderlichen \u00fcber einen unser asiatischen Fertigungspartner.","robots":{"index":"index","follow":"follow","max-snippet":"max-snippet:-1","max-image-preview":"max-image-preview:large","max-video-preview":"max-video-preview:-1"},"canonical":"https:\/\/wp.gestiondecompras.com\/de\/erfolgsgeschichte\/verbindungselemente\/","og_locale":"de_DE","og_type":"article","og_title":"Verbindungselemente - Gesti\u00f3n De Compras","og_description":"Erfolgsgeschichten eines spanischen Herstellers von Verbindungselementen. Gesti\u00f3n de Compras begann mit der Lieferung der erforderlichen \u00fcber einen unser asiatischen Fertigungspartner.","og_url":"https:\/\/wp.gestiondecompras.com\/de\/erfolgsgeschichte\/verbindungselemente\/","og_site_name":"Gesti\u00f3n De Compras","article_modified_time":"2021-10-20T11:34:34+00:00","og_image":[{"width":640,"height":426,"url":"https:\/\/wp.gestiondecompras.com\/wp-content\/uploads\/2021\/04\/pexels-pixabay-259968.jpg","type":"image\/jpeg"}],"twitter_card":"summary_large_image","twitter_misc":{"Gesch\u00e4tzte Lesezeit":"4\u00a0Minuten"},"schema":{"@context":"https:\/\/schema.org","@graph":[{"@type":"WebPage","@id":"https:\/\/wp.gestiondecompras.com\/de\/erfolgsgeschichte\/verbindungselemente\/","url":"https:\/\/wp.gestiondecompras.com\/de\/erfolgsgeschichte\/verbindungselemente\/","name":"Verbindungselemente - Gesti\u00f3n De Compras","isPartOf":{"@id":"https:\/\/wp.gestiondecompras.com\/de\/#website"},"primaryImageOfPage":{"@id":"https:\/\/wp.gestiondecompras.com\/de\/erfolgsgeschichte\/verbindungselemente\/#primaryimage"},"image":{"@id":"https:\/\/wp.gestiondecompras.com\/de\/erfolgsgeschichte\/verbindungselemente\/#primaryimage"},"thumbnailUrl":"https:\/\/wp.gestiondecompras.com\/wp-content\/uploads\/2021\/04\/pexels-pixabay-259968.jpg","datePublished":"2021-04-30T10:05:44+00:00","dateModified":"2021-10-20T11:34:34+00:00","description":"Erfolgsgeschichten eines spanischen Herstellers von Verbindungselementen. Gesti\u00f3n de Compras begann mit der Lieferung der erforderlichen \u00fcber einen unser asiatischen Fertigungspartner.","breadcrumb":{"@id":"https:\/\/wp.gestiondecompras.com\/de\/erfolgsgeschichte\/verbindungselemente\/#breadcrumb"},"inLanguage":"de","potentialAction":[{"@type":"ReadAction","target":["https:\/\/wp.gestiondecompras.com\/de\/erfolgsgeschichte\/verbindungselemente\/"]}]},{"@type":"ImageObject","inLanguage":"de","@id":"https:\/\/wp.gestiondecompras.com\/de\/erfolgsgeschichte\/verbindungselemente\/#primaryimage","url":"https:\/\/wp.gestiondecompras.com\/wp-content\/uploads\/2021\/04\/pexels-pixabay-259968.jpg","contentUrl":"https:\/\/wp.gestiondecompras.com\/wp-content\/uploads\/2021\/04\/pexels-pixabay-259968.jpg","width":640,"height":426,"caption":"Tornillos"},{"@type":"BreadcrumbList","@id":"https:\/\/wp.gestiondecompras.com\/de\/erfolgsgeschichte\/verbindungselemente\/#breadcrumb","itemListElement":[{"@type":"ListItem","position":1,"name":"Heim","item":"https:\/\/wp.gestiondecompras.com\/de\/"},{"@type":"ListItem","position":2,"name":"Erfolgsgeschichte","item":"https:\/\/wp.gestiondecompras.com\/de\/casos-de-exito\/"},{"@type":"ListItem","position":3,"name":"Verbindungselemente"}]},{"@type":"WebSite","@id":"https:\/\/wp.gestiondecompras.com\/de\/#website","url":"https:\/\/wp.gestiondecompras.com\/de\/","name":"Gesti\u00f3n De Compras","description":"Sourcing Internacional","potentialAction":[{"@type":"SearchAction","target":{"@type":"EntryPoint","urlTemplate":"https:\/\/wp.gestiondecompras.com\/de\/?s={search_term_string}"},"query-input":"required name=search_term_string"}],"inLanguage":"de"}]}},"_links":{"self":[{"href":"https:\/\/wp.gestiondecompras.com\/de\/wp-json\/wp\/v2\/pages\/8567"}],"collection":[{"href":"https:\/\/wp.gestiondecompras.com\/de\/wp-json\/wp\/v2\/pages"}],"about":[{"href":"https:\/\/wp.gestiondecompras.com\/de\/wp-json\/wp\/v2\/types\/page"}],"author":[{"embeddable":true,"href":"https:\/\/wp.gestiondecompras.com\/de\/wp-json\/wp\/v2\/users\/3"}],"replies":[{"embeddable":true,"href":"https:\/\/wp.gestiondecompras.com\/de\/wp-json\/wp\/v2\/comments?post=8567"}],"version-history":[{"count":4,"href":"https:\/\/wp.gestiondecompras.com\/de\/wp-json\/wp\/v2\/pages\/8567\/revisions"}],"predecessor-version":[{"id":8571,"href":"https:\/\/wp.gestiondecompras.com\/de\/wp-json\/wp\/v2\/pages\/8567\/revisions\/8571"}],"up":[{"embeddable":true,"href":"https:\/\/wp.gestiondecompras.com\/de\/wp-json\/wp\/v2\/pages\/8562"}],"wp:featuredmedia":[{"embeddable":true,"href":"https:\/\/wp.gestiondecompras.com\/de\/wp-json\/wp\/v2\/media\/303"}],"wp:attachment":[{"href":"https:\/\/wp.gestiondecompras.com\/de\/wp-json\/wp\/v2\/media?parent=8567"}],"curies":[{"name":"wp","href":"https:\/\/api.w.org\/{rel}","templated":true}]}}