{"id":15352,"date":"2024-02-23T11:57:18","date_gmt":"2024-02-23T11:57:18","guid":{"rendered":"https:\/\/wp.gestiondecompras.com\/?page_id=15352"},"modified":"2024-03-06T09:05:45","modified_gmt":"2024-03-06T09:05:45","slug":"sektoren","status":"publish","type":"page","link":"https:\/\/wp.gestiondecompras.com\/de\/sektoren\/","title":{"rendered":"Sektoren"},"content":{"rendered":"[spb_row element_name=&#8220;Row&#8220; wrap_type=&#8220;content-width&#8220; parallax_image_height=&#8220;content-height&#8220; parallax_image_movement=&#8220;fixed&#8220; parallax_image_speed=&#8220;0.5&#8243; bg_video_loop=&#8220;yes&#8220; parallax_video_height=&#8220;window-height&#8220; parallax_video_overlay=&#8220;none&#8220; row_overlay_opacity=&#8220;0&#8243; row_col_pos=&#8220;default&#8220; width=&#8220;1\/1&#8243; el_position=&#8220;first last&#8220;] [spb_column col_sm=&#8220;12&#8243; padding_horizontal=&#8220;0&#8243; width=&#8220;1\/1&#8243; el_position=&#8220;first last&#8220;] [spb_text_block animation=&#8220;none&#8220; animation_delay=&#8220;0&#8243; simplified_controls=&#8220;yes&#8220; custom_css_percentage=&#8220;no&#8220; padding_vertical=&#8220;0&#8243; padding_horizontal=&#8220;0&#8243; margin_vertical=&#8220;0&#8243; custom_css=&#8220;margin-top: 0px;margin-bottom: 0px;&#8220; border_size=&#8220;0&#8243; border_styling_global=&#8220;default&#8220; width=&#8220;1\/1&#8243; el_position=&#8220;first last&#8220;]\n<p>Gesti\u00f3n de Compras verf\u00fcgt \u00fcber umfangreiche Erfahrungen in einer Vielzahl von Sektoren, u. a. in der Automobilindustrie, im Baugewerbe, in der Industrie, in der Landwirtschaft, in der Medizin und im Gesundheitswesen usw.<\/p>\n[\/spb_text_block] [\/spb_column] [spb_blank_spacer height=&#8220;30px&#8220; width=&#8220;1\/1&#8243; el_position=&#8220;first last&#8220;] [\/spb_row]\n","protected":false},"excerpt":{"rendered":"<p>[spb_row element_name=&#8220;Row&#8220; wrap_type=&#8220;content-width&#8220; parallax_image_height=&#8220;content-height&#8220; parallax_image_movement=&#8220;fixed&#8220; parallax_image_speed=&#8220;0.5&#8243; bg_video_loop=&#8220;yes&#8220; parallax_video_height=&#8220;window-height&#8220; parallax_video_overlay=&#8220;none&#8220; row_overlay_opacity=&#8220;0&#8243; row_col_pos=&#8220;default&#8220; width=&#8220;1\/1&#8243; el_position=&#8220;first last&#8220;] [spb_column col_sm=&#8220;12&#8243; padding_horizontal=&#8220;0&#8243; width=&#8220;1\/1&#8243; el_position=&#8220;first last&#8220;] [spb_text_block animation=&#8220;none&#8220; animation_delay=&#8220;0&#8243; simplified_controls=&#8220;yes&#8220; custom_css_percentage=&#8220;no&#8220; padding_vertical=&#8220;0&#8243; padding_horizontal=&#8220;0&#8243; margin_vertical=&#8220;0&#8243; custom_css=&#8220;margin-top: 0px;margin-bottom: 0px;&#8220; border_size=&#8220;0&#8243; border_styling_global=&#8220;default&#8220; width=&#8220;1\/1&#8243; el_position=&#8220;first last&#8220;] Gesti\u00f3n de Compras verf\u00fcgt \u00fcber umfangreiche Erfahrungen in einer Vielzahl von Sektoren, u. a. in der Automobilindustrie, im Baugewerbe, in der Industrie, in der [&hellip;]<\/p>\n","protected":false},"author":5,"featured_media":14999,"parent":0,"menu_order":0,"comment_status":"closed","ping_status":"closed","template":"page-sectors.php","meta":{"footnotes":""},"yoast_head":"<!-- This site is optimized with the Yoast SEO plugin v22.4 - https:\/\/yoast.com\/wordpress\/plugins\/seo\/ -->\n<title>Sektoren - Gesti\u00f3n De Compras<\/title>\n<meta name=\"description\" content=\"Wir bieten unseren Kunden qualitativ hochwertiges Design, Entwicklung und Fertigung in einer Vielzahl von Industriesektoren.\" \/>\n<meta name=\"robots\" content=\"index, follow, max-snippet:-1, max-image-preview:large, max-video-preview:-1\" \/>\n<link rel=\"canonical\" href=\"https:\/\/wp.gestiondecompras.com\/de\/sektoren\/\" \/>\n<meta property=\"og:locale\" content=\"de_DE\" \/>\n<meta property=\"og:type\" content=\"article\" \/>\n<meta property=\"og:title\" content=\"Sektoren - Gesti\u00f3n De Compras\" \/>\n<meta property=\"og:description\" content=\"Wir bieten unseren Kunden qualitativ hochwertiges Design, Entwicklung und Fertigung in einer Vielzahl von Industriesektoren.\" \/>\n<meta property=\"og:url\" content=\"https:\/\/wp.gestiondecompras.com\/de\/sektoren\/\" \/>\n<meta property=\"og:site_name\" content=\"Gesti\u00f3n De Compras\" \/>\n<meta property=\"article:modified_time\" content=\"2024-03-06T09:05:45+00:00\" \/>\n<meta property=\"og:image\" content=\"https:\/\/wp.gestiondecompras.com\/wp-content\/uploads\/2024\/02\/manufacturing-facility-producing-solar-cells-for-r-2024-02-14-16-51-45-utc-scaled.jpg\" \/>\n\t<meta property=\"og:image:width\" content=\"2560\" \/>\n\t<meta property=\"og:image:height\" content=\"1440\" \/>\n\t<meta property=\"og:image:type\" content=\"image\/jpeg\" \/>\n<meta name=\"twitter:card\" content=\"summary_large_image\" \/>\n<meta name=\"twitter:label1\" content=\"Gesch\u00e4tzte Lesezeit\" \/>\n\t<meta name=\"twitter:data1\" content=\"1\u00a0Minute\" \/>\n<script type=\"application\/ld+json\" class=\"yoast-schema-graph\">{\"@context\":\"https:\/\/schema.org\",\"@graph\":[{\"@type\":\"WebPage\",\"@id\":\"https:\/\/wp.gestiondecompras.com\/de\/sektoren\/\",\"url\":\"https:\/\/wp.gestiondecompras.com\/de\/sektoren\/\",\"name\":\"Sektoren - Gesti\u00f3n De Compras\",\"isPartOf\":{\"@id\":\"https:\/\/wp.gestiondecompras.com\/de\/#website\"},\"primaryImageOfPage\":{\"@id\":\"https:\/\/wp.gestiondecompras.com\/de\/sektoren\/#primaryimage\"},\"image\":{\"@id\":\"https:\/\/wp.gestiondecompras.com\/de\/sektoren\/#primaryimage\"},\"thumbnailUrl\":\"https:\/\/wp.gestiondecompras.com\/wp-content\/uploads\/2024\/02\/manufacturing-facility-producing-solar-cells-for-r-2024-02-14-16-51-45-utc-scaled.jpg\",\"datePublished\":\"2024-02-23T11:57:18+00:00\",\"dateModified\":\"2024-03-06T09:05:45+00:00\",\"description\":\"Wir bieten unseren Kunden qualitativ hochwertiges Design, Entwicklung und Fertigung in einer Vielzahl von Industriesektoren.\",\"breadcrumb\":{\"@id\":\"https:\/\/wp.gestiondecompras.com\/de\/sektoren\/#breadcrumb\"},\"inLanguage\":\"de\",\"potentialAction\":[{\"@type\":\"ReadAction\",\"target\":[\"https:\/\/wp.gestiondecompras.com\/de\/sektoren\/\"]}]},{\"@type\":\"ImageObject\",\"inLanguage\":\"de\",\"@id\":\"https:\/\/wp.gestiondecompras.com\/de\/sektoren\/#primaryimage\",\"url\":\"https:\/\/wp.gestiondecompras.com\/wp-content\/uploads\/2024\/02\/manufacturing-facility-producing-solar-cells-for-r-2024-02-14-16-51-45-utc-scaled.jpg\",\"contentUrl\":\"https:\/\/wp.gestiondecompras.com\/wp-content\/uploads\/2024\/02\/manufacturing-facility-producing-solar-cells-for-r-2024-02-14-16-51-45-utc-scaled.jpg\",\"width\":2560,\"height\":1440,\"caption\":\"Business producing solar panels in factory with robotic arms placing photovoltaic modules on conveyor belts, 3D render. Manufacturing facility producing solar cells for renewable energy industry\"},{\"@type\":\"BreadcrumbList\",\"@id\":\"https:\/\/wp.gestiondecompras.com\/de\/sektoren\/#breadcrumb\",\"itemListElement\":[{\"@type\":\"ListItem\",\"position\":1,\"name\":\"Heim\",\"item\":\"https:\/\/wp.gestiondecompras.com\/de\/\"},{\"@type\":\"ListItem\",\"position\":2,\"name\":\"Sektoren\"}]},{\"@type\":\"WebSite\",\"@id\":\"https:\/\/wp.gestiondecompras.com\/de\/#website\",\"url\":\"https:\/\/wp.gestiondecompras.com\/de\/\",\"name\":\"Gesti\u00f3n De Compras\",\"description\":\"Sourcing Internacional\",\"potentialAction\":[{\"@type\":\"SearchAction\",\"target\":{\"@type\":\"EntryPoint\",\"urlTemplate\":\"https:\/\/wp.gestiondecompras.com\/de\/?s={search_term_string}\"},\"query-input\":\"required name=search_term_string\"}],\"inLanguage\":\"de\"}]}<\/script>\n<!-- \/ Yoast SEO plugin. -->","yoast_head_json":{"title":"Sektoren - Gesti\u00f3n De Compras","description":"Wir bieten unseren Kunden qualitativ hochwertiges Design, Entwicklung und Fertigung in einer Vielzahl von Industriesektoren.","robots":{"index":"index","follow":"follow","max-snippet":"max-snippet:-1","max-image-preview":"max-image-preview:large","max-video-preview":"max-video-preview:-1"},"canonical":"https:\/\/wp.gestiondecompras.com\/de\/sektoren\/","og_locale":"de_DE","og_type":"article","og_title":"Sektoren - Gesti\u00f3n De Compras","og_description":"Wir bieten unseren Kunden qualitativ hochwertiges Design, Entwicklung und Fertigung in einer Vielzahl von Industriesektoren.","og_url":"https:\/\/wp.gestiondecompras.com\/de\/sektoren\/","og_site_name":"Gesti\u00f3n De Compras","article_modified_time":"2024-03-06T09:05:45+00:00","og_image":[{"width":2560,"height":1440,"url":"https:\/\/wp.gestiondecompras.com\/wp-content\/uploads\/2024\/02\/manufacturing-facility-producing-solar-cells-for-r-2024-02-14-16-51-45-utc-scaled.jpg","type":"image\/jpeg"}],"twitter_card":"summary_large_image","twitter_misc":{"Gesch\u00e4tzte Lesezeit":"1\u00a0Minute"},"schema":{"@context":"https:\/\/schema.org","@graph":[{"@type":"WebPage","@id":"https:\/\/wp.gestiondecompras.com\/de\/sektoren\/","url":"https:\/\/wp.gestiondecompras.com\/de\/sektoren\/","name":"Sektoren - Gesti\u00f3n De Compras","isPartOf":{"@id":"https:\/\/wp.gestiondecompras.com\/de\/#website"},"primaryImageOfPage":{"@id":"https:\/\/wp.gestiondecompras.com\/de\/sektoren\/#primaryimage"},"image":{"@id":"https:\/\/wp.gestiondecompras.com\/de\/sektoren\/#primaryimage"},"thumbnailUrl":"https:\/\/wp.gestiondecompras.com\/wp-content\/uploads\/2024\/02\/manufacturing-facility-producing-solar-cells-for-r-2024-02-14-16-51-45-utc-scaled.jpg","datePublished":"2024-02-23T11:57:18+00:00","dateModified":"2024-03-06T09:05:45+00:00","description":"Wir bieten unseren Kunden qualitativ hochwertiges Design, Entwicklung und Fertigung in einer Vielzahl von Industriesektoren.","breadcrumb":{"@id":"https:\/\/wp.gestiondecompras.com\/de\/sektoren\/#breadcrumb"},"inLanguage":"de","potentialAction":[{"@type":"ReadAction","target":["https:\/\/wp.gestiondecompras.com\/de\/sektoren\/"]}]},{"@type":"ImageObject","inLanguage":"de","@id":"https:\/\/wp.gestiondecompras.com\/de\/sektoren\/#primaryimage","url":"https:\/\/wp.gestiondecompras.com\/wp-content\/uploads\/2024\/02\/manufacturing-facility-producing-solar-cells-for-r-2024-02-14-16-51-45-utc-scaled.jpg","contentUrl":"https:\/\/wp.gestiondecompras.com\/wp-content\/uploads\/2024\/02\/manufacturing-facility-producing-solar-cells-for-r-2024-02-14-16-51-45-utc-scaled.jpg","width":2560,"height":1440,"caption":"Business producing solar panels in factory with robotic arms placing photovoltaic modules on conveyor belts, 3D render. Manufacturing facility producing solar cells for renewable energy industry"},{"@type":"BreadcrumbList","@id":"https:\/\/wp.gestiondecompras.com\/de\/sektoren\/#breadcrumb","itemListElement":[{"@type":"ListItem","position":1,"name":"Heim","item":"https:\/\/wp.gestiondecompras.com\/de\/"},{"@type":"ListItem","position":2,"name":"Sektoren"}]},{"@type":"WebSite","@id":"https:\/\/wp.gestiondecompras.com\/de\/#website","url":"https:\/\/wp.gestiondecompras.com\/de\/","name":"Gesti\u00f3n De Compras","description":"Sourcing Internacional","potentialAction":[{"@type":"SearchAction","target":{"@type":"EntryPoint","urlTemplate":"https:\/\/wp.gestiondecompras.com\/de\/?s={search_term_string}"},"query-input":"required name=search_term_string"}],"inLanguage":"de"}]}},"_links":{"self":[{"href":"https:\/\/wp.gestiondecompras.com\/de\/wp-json\/wp\/v2\/pages\/15352"}],"collection":[{"href":"https:\/\/wp.gestiondecompras.com\/de\/wp-json\/wp\/v2\/pages"}],"about":[{"href":"https:\/\/wp.gestiondecompras.com\/de\/wp-json\/wp\/v2\/types\/page"}],"author":[{"embeddable":true,"href":"https:\/\/wp.gestiondecompras.com\/de\/wp-json\/wp\/v2\/users\/5"}],"replies":[{"embeddable":true,"href":"https:\/\/wp.gestiondecompras.com\/de\/wp-json\/wp\/v2\/comments?post=15352"}],"version-history":[{"count":4,"href":"https:\/\/wp.gestiondecompras.com\/de\/wp-json\/wp\/v2\/pages\/15352\/revisions"}],"predecessor-version":[{"id":15367,"href":"https:\/\/wp.gestiondecompras.com\/de\/wp-json\/wp\/v2\/pages\/15352\/revisions\/15367"}],"wp:featuredmedia":[{"embeddable":true,"href":"https:\/\/wp.gestiondecompras.com\/de\/wp-json\/wp\/v2\/media\/14999"}],"wp:attachment":[{"href":"https:\/\/wp.gestiondecompras.com\/de\/wp-json\/wp\/v2\/media?parent=15352"}],"curies":[{"name":"wp","href":"https:\/\/api.w.org\/{rel}","templated":true}]}}