{"id":13709,"date":"2023-02-27T11:57:34","date_gmt":"2023-02-27T11:57:34","guid":{"rendered":"https:\/\/wp.gestiondecompras.com\/?page_id=13709"},"modified":"2023-02-27T11:57:57","modified_gmt":"2023-02-27T11:57:57","slug":"stanzteile-automobil-elektrobereich","status":"publish","type":"page","link":"https:\/\/wp.gestiondecompras.com\/de\/erfolgsgeschichte\/stanzteile-automobil-elektrobereich\/","title":{"rendered":"Stanzteile. Automobil-Elektrobereich"},"content":{"rendered":"[spb_row element_name=&#8220;Row&#8220; wrap_type=&#8220;content-width&#8220; parallax_image_height=&#8220;content-height&#8220; parallax_image_movement=&#8220;fixed&#8220; parallax_image_speed=&#8220;0.5&#8243; bg_video_loop=&#8220;yes&#8220; parallax_video_height=&#8220;window-height&#8220; parallax_video_overlay=&#8220;none&#8220; row_overlay_opacity=&#8220;0&#8243; row_col_pos=&#8220;default&#8220; width=&#8220;1\/1&#8243; el_position=&#8220;first last&#8220;] [spb_blank_spacer height=&#8220;30px&#8220; width=&#8220;1\/1&#8243; el_position=&#8220;first last&#8220;] [spb_column col_sm=&#8220;12&#8243; padding_horizontal=&#8220;0&#8243; width=&#8220;1\/1&#8243; el_position=&#8220;first last&#8220;] [spb_boxed_content type=&#8220;coloured&#8220; box_link_target=&#8220;_self&#8220; padding_vertical=&#8220;0&#8243; padding_horizontal=&#8220;0&#8243; width=&#8220;1\/1&#8243; el_position=&#8220;first last&#8220;]\n<h2 style=\"text-align: center;\"><strong>Beschreibung<\/strong><\/h2>\n<div class=\"horizontal-break bold\" style=\"background-color: #666d78; width: 100px\"> <\/div>\n<p style=\"text-align: center;\">Gesti\u00f3n de Compras erh\u00e4lt eine Anfrage f\u00fcr die Entwicklung und Industrialisierung einer Familie von Komponenten, die zum Energiespeichersystem eines Plug-in-Elektrofahrzeugs geh\u00f6ren, das der Kunde mit seiner eigenen Technologie entwickelt und produziert. Konkret handelt es sich um einen K\u00fchlk\u00f6rper, einen Sockel und Anschl\u00fcsse aus Aluminium und eine Grundplatte aus Cu 99%, die f\u00fcr ein anschlie\u00dfendes automatisiertes Laserschwei\u00dfverfahren geeignet ist.<\/p>\n<p>&nbsp;<\/p>\n<hr \/>\n<p><strong>ANGEBOT<\/strong> &#8211; Studie zur Werkzeugentwicklung, Definition der Produktionsprozesse und anschlie\u00dfende Kostenoptimierung.<\/p>\n<p>Der Kunde nimmt den technischen und wirtschaftlichen Vorschlag an.<\/p>\n<p><strong>PROJEKTVERARBEITUNG<\/strong> &#8211; Gesti\u00f3n de Compras wird mit der Entwicklung von Werkzeugen und der anschlie\u00dfenden Herstellung von repr\u00e4sentativen Prototypen beauftragt, um die Eignung der vom Kunden ausgew\u00e4hlten Materialien zu \u00fcberpr\u00fcfen.<\/p>\n<p>&nbsp;<\/p>\n<p>&nbsp;<\/p>\n[\/spb_boxed_content] [\/spb_column] [spb_blank_spacer height=&#8220;30px&#8220; width=&#8220;1\/1&#8243; el_position=&#8220;first last&#8220;] [spb_column col_sm=&#8220;4&#8243; padding_horizontal=&#8220;0&#8243; width=&#8220;1\/3&#8243; el_position=&#8220;first&#8220;] [spb_icon_box title=&#8220;Projekt&#8220; box_type=&#8220;standard&#8220; box_icon_type=&#8220;icon&#8220; icon=&#8220;fas fa-book&#8220; animate_svg=&#8220;no&#8220; target=&#8220;_self&#8220; animation=&#8220;none&#8220; animation_delay=&#8220;0&#8243; animated_box_style=&#8220;coloured&#8220; animated_box_rounded=&#8220;yes&#8220; width=&#8220;1\/1&#8243; el_position=&#8220;first last&#8220;]\n<p style=\"text-align: justify; font-size: 14px;\">Entwicklung von Folgeverbundwerkzeugen, Vorserienproduktion und Serienproduktion von verschiedenen Komponenten eines PEV-Energiespeichersystems.<\/p>\n[\/spb_icon_box] [\/spb_column] [spb_column col_sm=&#8220;4&#8243; padding_horizontal=&#8220;0&#8243; width=&#8220;1\/3&#8243;] [spb_icon_box title=&#8220;Produktionsfaktoren&#8220; box_type=&#8220;standard&#8220; box_icon_type=&#8220;icon&#8220; icon=&#8220;fas fa-exclamation-triangle&#8220; animate_svg=&#8220;no&#8220; target=&#8220;_self&#8220; animation=&#8220;none&#8220; animation_delay=&#8220;0&#8243; animated_box_style=&#8220;coloured&#8220; animated_box_rounded=&#8220;yes&#8220; width=&#8220;1\/1&#8243; el_position=&#8220;first last&#8220;]\n<p style=\"text-align: justify; font-size: 14px;\">Entwicklung der ersten Entw\u00fcrfe der kundeneigenen Produkte, Aktualisierungen gem\u00e4\u00df den funktionalen Anforderungen des Endprodukts und Lieferung gem\u00e4\u00df den Kundenauftr\u00e4gen und -terminen.<\/p>\n<p style=\"text-align: justify; font-size: 14px;\">Die Teile m\u00fcssen sauber und frei von Graten, Unebenheiten und Kratzern geliefert werden. Daher sind spezielle Produktions- und Handhabungsanweisungen sowie eine ordnungsgem\u00e4\u00dfe Verpackung des Produkts f\u00fcr den Langstreckentransport unerl\u00e4sslich.<\/p>\n<p style=\"text-align: justify; font-size: 14px;\">Flexibilit\u00e4t und die F\u00e4higkeit, Liefertermine einzuhalten, sind erforderlich.<\/p>\n<p>&nbsp;<\/p>\n[\/spb_icon_box] [\/spb_column] [spb_column col_sm=&#8220;4&#8243; padding_horizontal=&#8220;0&#8243; width=&#8220;1\/3&#8243; el_position=&#8220;last&#8220;] [spb_icon_box title=&#8220;Ergebnis&#8220; box_type=&#8220;standard&#8220; box_icon_type=&#8220;icon&#8220; icon=&#8220;fas fa-trophy&#8220; animate_svg=&#8220;no&#8220; target=&#8220;_self&#8220; animation=&#8220;none&#8220; animation_delay=&#8220;0&#8243; animated_box_style=&#8220;coloured&#8220; animated_box_rounded=&#8220;yes&#8220; width=&#8220;1\/1&#8243; el_position=&#8220;first last&#8220;]\n<p style=\"text-align: justify; font-size: 14px;\">Fortschreitende Entwicklung von Werkzeugen, einschlie\u00dflich Designaktualisierungen zur Verbesserung des Endprodukts. Produktion und Lieferung von Auftr\u00e4gen gem\u00e4\u00df den Zeitpl\u00e4nen und unter den geforderten technischen Lieferbedingungen.<br \/>\nProdukte insgesamt: 7 Komponenten (2 K\u00fchlk\u00f6rper, 4 Aluminiumplatten und 1 Kupferplatte 99%Cu).<\/p>\n[\/spb_icon_box] [\/spb_column] [spb_blank_spacer height=&#8220;20px&#8220; width=&#8220;1\/1&#8243; el_position=&#8220;first last&#8220;] [\/spb_row] [spb_row element_name=&#8220;Row&#8220; wrap_type=&#8220;full-width-contained&#8220; row_bg_type=&#8220;image&#8220; row_bg_color=&#8220;#242424&#8243; color_row_height=&#8220;content-height&#8220; bg_image=&#8220;13690&#8243; bg_type=&#8220;cover&#8220; parallax_image_height=&#8220;content-height&#8220; parallax_image_movement=&#8220;scroll&#8220; parallax_image_speed=&#8220;standard&#8220; bg_video_loop=&#8220;yes&#8220; parallax_video_height=&#8220;window-height&#8220; row_top_style=&#8220;none&#8220; row_bottom_style=&#8220;none&#8220; parallax_video_overlay=&#8220;none&#8220; row_overlay_opacity=&#8220;0&#8243; remove_element_spacing=&#8220;no&#8220; row_col_spacing=&#8220;0&#8243; row_col_pos=&#8220;default&#8220; row_col_equal_heights=&#8220;no&#8220; row_expanding=&#8220;no&#8220; row_animation=&#8220;none&#8220; row_animation_delay=&#8220;0&#8243; minimize_row=&#8220;no&#8220; simplified_controls=&#8220;yes&#8220; custom_css_percentage=&#8220;no&#8220; custom_css=&#8220;margin-top: 0px;margin-bottom: 0px;&#8220; border_styling_global=&#8220;default&#8220; el_class=&#8220;hideBackImage&#8220; width=&#8220;1\/1&#8243; el_position=&#8220;first last&#8220;] [spb_column col_animation=&#8220;none&#8220; col_animation_delay=&#8220;0&#8243; col_bg_color=&#8220;#242424&#8243; col_bg_type=&#8220;cover&#8220; col_parallax_image_movement=&#8220;fixed&#8220; col_parallax_image_speed=&#8220;0.5&#8243; col_padding=&#8220;0&#8243; col_vertical_offset=&#8220;0&#8243; col_horizontal_offset=&#8220;0&#8243; col_custom_zindex=&#8220;0&#8243; col_xs=&#8220;12&#8243; col_sm=&#8220;12&#8243; col_md=&#8220;8&#8243; col_lg=&#8220;8&#8243; simplified_controls=&#8220;yes&#8220; custom_css_percentage=&#8220;no&#8220; padding_vertical=&#8220;20&#8243; padding_horizontal=&#8220;20&#8243; margin_vertical=&#8220;0&#8243; custom_css=&#8220;margin-top: 0px;margin-bottom: 0px;padding-top: 20px;padding-left: 20px;padding-right: 20px;padding-bottom: 20px;&#8220; border_styling_global=&#8220;default&#8220; width=&#8220;1\/1&#8243; el_position=&#8220;first last&#8220;] [spb_boxed_content type=&#8220;coloured&#8220; box_link_target=&#8220;_self&#8220; padding_vertical=&#8220;0&#8243; padding_horizontal=&#8220;0&#8243; width=&#8220;1\/1&#8243; el_position=&#8220;first last&#8220;]\n<h2><strong>Projektzusammenfassung<br \/>\n<\/strong><\/h2>\n<hr \/>\n<p><span style=\"color: #ffffff;\"><strong>ERSTE STUFE<\/strong> &#8211; Herstellung von Vorserien f\u00fcr die Validierung des Montageprozesses des Endprodukts durch den Kunden.<\/span><\/p>\n<p><span style=\"color: #ffffff;\"><strong>ZWEITE STUFE<\/strong> &#8211; Herstellung der ersten Charge f\u00fcr die Massenproduktion.<\/span><\/p>\n<p><span style=\"color: #ffffff;\"><strong>DRITTE STUFE<\/strong> &#8211; Teilweise \u00c4nderung der Stanzwerkzeuge aufgrund von Konstruktions\u00e4nderungen bei verschiedenen Komponenten zur Optimierung des Endprodukts.<\/span><\/p>\n<p><span style=\"color: #ffffff;\"><strong>VIERTE STUFE<\/strong> &#8211; Regelm\u00e4\u00dfige Produktion und Lieferung der verschiedenen Komponenten entsprechend den Anforderungen des Kunden an die Fahrzeugproduktion.<\/span><\/p>\n<p><span style=\"color: #ffffff;\"><strong>F\u00dcNFTE STUFE<\/strong> &#8211; Entwicklung einer K\u00fchlk\u00f6rpervariante unter Verwendung austauschbarer Elemente aus dem bestehenden Vorpr\u00e4gewerkzeug. Vorserienproduktion und Homologation.<\/span><\/p>\n<p><span style=\"color: #ffffff;\"><strong>SECHSTE STUFE<\/strong> &#8211; Regelm\u00e4\u00dfige Produktion und Lieferung der Komponenten und ihrer Varianten entsprechend den Bed\u00fcrfnissen der Fahrzeugproduktion des Kunden.<\/span><\/p>\n<p><span style=\"color: #ffffff;\">Flexibilit\u00e4t bei dringendem Bedarf.<\/span><\/p>\n<p><span style=\"color: #ffffff;\">Hohe Kapazit\u00e4t f\u00fcr programmierten Bedarf.<\/span><\/p>\n<p><span style=\"color: #ffffff;\">Verpackung der Waren f\u00fcr den Luft- oder Seetransport.<\/span><\/p>\n[\/spb_boxed_content] [\/spb_column] [\/spb_row] [spb_row element_name=&#8220;Row&#8220; wrap_type=&#8220;content-width&#8220; parallax_image_height=&#8220;content-height&#8220; parallax_image_movement=&#8220;fixed&#8220; parallax_image_speed=&#8220;0.5&#8243; bg_video_loop=&#8220;yes&#8220; parallax_video_height=&#8220;window-height&#8220; parallax_video_overlay=&#8220;none&#8220; row_overlay_opacity=&#8220;0&#8243; row_col_pos=&#8220;default&#8220; width=&#8220;1\/1&#8243; el_position=&#8220;first last&#8220;] [spb_column col_sm=&#8220;12&#8243; padding_horizontal=&#8220;0&#8243; width=&#8220;1\/1&#8243; el_position=&#8220;first last&#8220;] [spb_blank_spacer height=&#8220;30px&#8220; width=&#8220;1\/1&#8243; el_position=&#8220;first last&#8220;] [\/spb_column] [spb_column col_sm=&#8220;4&#8243; padding_horizontal=&#8220;0&#8243; width=&#8220;1\/3&#8243; el_position=&#8220;first&#8220;] [spb_boxed_content type=&#8220;coloured&#8220; box_link_target=&#8220;_self&#8220; padding_vertical=&#8220;0&#8243; padding_horizontal=&#8220;0&#8243; width=&#8220;1\/1&#8243; el_position=&#8220;first last&#8220;]\n<p><img loading=\"lazy\" decoding=\"async\" class=\"aligncenter size-full wp-image-13644\" src=\"https:\/\/wp.gestiondecompras.com\/wp-content\/uploads\/2023\/02\/1-removebg-preview.png\" alt=\"\" width=\"309\" height=\"228\" srcset=\"https:\/\/wp.gestiondecompras.com\/wp-content\/uploads\/2023\/02\/1-removebg-preview.png 309w, https:\/\/wp.gestiondecompras.com\/wp-content\/uploads\/2023\/02\/1-removebg-preview-300x221.png 300w\" sizes=\"(max-width: 309px) 100vw, 309px\" \/><\/p>\n[\/spb_boxed_content] [\/spb_column] [spb_column col_sm=&#8220;4&#8243; padding_horizontal=&#8220;0&#8243; width=&#8220;1\/3&#8243;] [spb_boxed_content type=&#8220;coloured&#8220; box_link_target=&#8220;_self&#8220; padding_vertical=&#8220;0&#8243; padding_horizontal=&#8220;0&#8243; width=&#8220;1\/1&#8243; el_position=&#8220;first last&#8220;]\n<p><img loading=\"lazy\" decoding=\"async\" class=\"aligncenter size-full wp-image-13655\" src=\"https:\/\/wp.gestiondecompras.com\/wp-content\/uploads\/2023\/02\/pic3-removebg-preview-removebg-preview.png\" alt=\"\" width=\"568\" height=\"329\" srcset=\"https:\/\/wp.gestiondecompras.com\/wp-content\/uploads\/2023\/02\/pic3-removebg-preview-removebg-preview.png 568w, https:\/\/wp.gestiondecompras.com\/wp-content\/uploads\/2023\/02\/pic3-removebg-preview-removebg-preview-300x174.png 300w\" sizes=\"(max-width: 568px) 100vw, 568px\" \/><\/p>\n[\/spb_boxed_content] [\/spb_column] [spb_column col_sm=&#8220;4&#8243; padding_horizontal=&#8220;0&#8243; width=&#8220;1\/3&#8243; el_position=&#8220;last&#8220;] [spb_boxed_content type=&#8220;coloured&#8220; box_link_target=&#8220;_self&#8220; padding_vertical=&#8220;0&#8243; padding_horizontal=&#8220;0&#8243; width=&#8220;1\/1&#8243; el_position=&#8220;first last&#8220;]\n<p><img loading=\"lazy\" decoding=\"async\" class=\"aligncenter size-full wp-image-13639\" src=\"https:\/\/wp.gestiondecompras.com\/wp-content\/uploads\/2023\/02\/2-removebg-preview.png\" alt=\"\" width=\"369\" height=\"347\" srcset=\"https:\/\/wp.gestiondecompras.com\/wp-content\/uploads\/2023\/02\/2-removebg-preview.png 369w, https:\/\/wp.gestiondecompras.com\/wp-content\/uploads\/2023\/02\/2-removebg-preview-300x282.png 300w\" sizes=\"(max-width: 369px) 100vw, 369px\" \/><\/p>\n[\/spb_boxed_content] [\/spb_column] [\/spb_row]\n","protected":false},"excerpt":{"rendered":"<p>[spb_row element_name=&#8220;Row&#8220; wrap_type=&#8220;content-width&#8220; parallax_image_height=&#8220;content-height&#8220; parallax_image_movement=&#8220;fixed&#8220; parallax_image_speed=&#8220;0.5&#8243; bg_video_loop=&#8220;yes&#8220; parallax_video_height=&#8220;window-height&#8220; parallax_video_overlay=&#8220;none&#8220; row_overlay_opacity=&#8220;0&#8243; row_col_pos=&#8220;default&#8220; width=&#8220;1\/1&#8243; el_position=&#8220;first last&#8220;] [spb_blank_spacer height=&#8220;30px&#8220; width=&#8220;1\/1&#8243; el_position=&#8220;first last&#8220;] [spb_column col_sm=&#8220;12&#8243; padding_horizontal=&#8220;0&#8243; width=&#8220;1\/1&#8243; el_position=&#8220;first last&#8220;] [spb_boxed_content type=&#8220;coloured&#8220; box_link_target=&#8220;_self&#8220; padding_vertical=&#8220;0&#8243; padding_horizontal=&#8220;0&#8243; width=&#8220;1\/1&#8243; el_position=&#8220;first last&#8220;] Beschreibung Gesti\u00f3n de Compras erh\u00e4lt eine Anfrage f\u00fcr die Entwicklung und Industrialisierung einer Familie von Komponenten, die zum Energiespeichersystem eines Plug-in-Elektrofahrzeugs geh\u00f6ren, das der Kunde mit seiner [&hellip;]<\/p>\n","protected":false},"author":3,"featured_media":13648,"parent":8562,"menu_order":0,"comment_status":"closed","ping_status":"closed","template":"","meta":{"footnotes":""},"yoast_head":"<!-- This site is optimized with the Yoast SEO plugin v22.4 - https:\/\/yoast.com\/wordpress\/plugins\/seo\/ -->\n<title>Stanzteile. Automobil-Elektrobereich - Gesti\u00f3n De Compras<\/title>\n<meta name=\"description\" content=\"Erfolgsgeschichte: die Entwicklung und Industrialisierung einer Familie von Komponenten, die zum Energiespeichersystem eines Plug-in-Elektrofahrzeugs geh\u00f6ren\" \/>\n<meta name=\"robots\" content=\"index, follow, max-snippet:-1, max-image-preview:large, max-video-preview:-1\" \/>\n<link rel=\"canonical\" href=\"https:\/\/wp.gestiondecompras.com\/de\/erfolgsgeschichte\/stanzteile-automobil-elektrobereich\/\" \/>\n<meta property=\"og:locale\" content=\"de_DE\" \/>\n<meta property=\"og:type\" content=\"article\" \/>\n<meta property=\"og:title\" content=\"Stanzteile. Automobil-Elektrobereich - Gesti\u00f3n De Compras\" \/>\n<meta property=\"og:description\" content=\"Erfolgsgeschichte: die Entwicklung und Industrialisierung einer Familie von Komponenten, die zum Energiespeichersystem eines Plug-in-Elektrofahrzeugs geh\u00f6ren\" \/>\n<meta property=\"og:url\" content=\"https:\/\/wp.gestiondecompras.com\/de\/erfolgsgeschichte\/stanzteile-automobil-elektrobereich\/\" \/>\n<meta property=\"og:site_name\" content=\"Gesti\u00f3n De Compras\" \/>\n<meta property=\"article:modified_time\" content=\"2023-02-27T11:57:57+00:00\" \/>\n<meta property=\"og:image\" content=\"https:\/\/wp.gestiondecompras.com\/wp-content\/uploads\/2023\/02\/1-removebg-preview.png\" \/>\n\t<meta property=\"og:image:width\" content=\"309\" \/>\n\t<meta property=\"og:image:height\" content=\"228\" \/>\n\t<meta property=\"og:image:type\" content=\"image\/png\" \/>\n<meta name=\"twitter:card\" content=\"summary_large_image\" \/>\n<meta name=\"twitter:label1\" content=\"Gesch\u00e4tzte Lesezeit\" \/>\n\t<meta name=\"twitter:data1\" content=\"5\u00a0Minuten\" \/>\n<script type=\"application\/ld+json\" class=\"yoast-schema-graph\">{\"@context\":\"https:\/\/schema.org\",\"@graph\":[{\"@type\":\"WebPage\",\"@id\":\"https:\/\/wp.gestiondecompras.com\/de\/erfolgsgeschichte\/stanzteile-automobil-elektrobereich\/\",\"url\":\"https:\/\/wp.gestiondecompras.com\/de\/erfolgsgeschichte\/stanzteile-automobil-elektrobereich\/\",\"name\":\"Stanzteile. Automobil-Elektrobereich - Gesti\u00f3n De Compras\",\"isPartOf\":{\"@id\":\"https:\/\/wp.gestiondecompras.com\/de\/#website\"},\"primaryImageOfPage\":{\"@id\":\"https:\/\/wp.gestiondecompras.com\/de\/erfolgsgeschichte\/stanzteile-automobil-elektrobereich\/#primaryimage\"},\"image\":{\"@id\":\"https:\/\/wp.gestiondecompras.com\/de\/erfolgsgeschichte\/stanzteile-automobil-elektrobereich\/#primaryimage\"},\"thumbnailUrl\":\"https:\/\/wp.gestiondecompras.com\/wp-content\/uploads\/2023\/02\/1-removebg-preview.png\",\"datePublished\":\"2023-02-27T11:57:34+00:00\",\"dateModified\":\"2023-02-27T11:57:57+00:00\",\"description\":\"Erfolgsgeschichte: die Entwicklung und Industrialisierung einer Familie von Komponenten, die zum Energiespeichersystem eines Plug-in-Elektrofahrzeugs geh\u00f6ren\",\"breadcrumb\":{\"@id\":\"https:\/\/wp.gestiondecompras.com\/de\/erfolgsgeschichte\/stanzteile-automobil-elektrobereich\/#breadcrumb\"},\"inLanguage\":\"de\",\"potentialAction\":[{\"@type\":\"ReadAction\",\"target\":[\"https:\/\/wp.gestiondecompras.com\/de\/erfolgsgeschichte\/stanzteile-automobil-elektrobereich\/\"]}]},{\"@type\":\"ImageObject\",\"inLanguage\":\"de\",\"@id\":\"https:\/\/wp.gestiondecompras.com\/de\/erfolgsgeschichte\/stanzteile-automobil-elektrobereich\/#primaryimage\",\"url\":\"https:\/\/wp.gestiondecompras.com\/wp-content\/uploads\/2023\/02\/1-removebg-preview.png\",\"contentUrl\":\"https:\/\/wp.gestiondecompras.com\/wp-content\/uploads\/2023\/02\/1-removebg-preview.png\",\"width\":309,\"height\":228,\"caption\":\"pieza de estampaci\u00f3n sector automotriz\"},{\"@type\":\"BreadcrumbList\",\"@id\":\"https:\/\/wp.gestiondecompras.com\/de\/erfolgsgeschichte\/stanzteile-automobil-elektrobereich\/#breadcrumb\",\"itemListElement\":[{\"@type\":\"ListItem\",\"position\":1,\"name\":\"Heim\",\"item\":\"https:\/\/wp.gestiondecompras.com\/de\/\"},{\"@type\":\"ListItem\",\"position\":2,\"name\":\"Erfolgsgeschichte\",\"item\":\"https:\/\/wp.gestiondecompras.com\/de\/casos-de-exito\/\"},{\"@type\":\"ListItem\",\"position\":3,\"name\":\"Stanzteile. Automobil-Elektrobereich\"}]},{\"@type\":\"WebSite\",\"@id\":\"https:\/\/wp.gestiondecompras.com\/de\/#website\",\"url\":\"https:\/\/wp.gestiondecompras.com\/de\/\",\"name\":\"Gesti\u00f3n De Compras\",\"description\":\"Sourcing Internacional\",\"potentialAction\":[{\"@type\":\"SearchAction\",\"target\":{\"@type\":\"EntryPoint\",\"urlTemplate\":\"https:\/\/wp.gestiondecompras.com\/de\/?s={search_term_string}\"},\"query-input\":\"required name=search_term_string\"}],\"inLanguage\":\"de\"}]}<\/script>\n<!-- \/ Yoast SEO plugin. -->","yoast_head_json":{"title":"Stanzteile. Automobil-Elektrobereich - Gesti\u00f3n De Compras","description":"Erfolgsgeschichte: die Entwicklung und Industrialisierung einer Familie von Komponenten, die zum Energiespeichersystem eines Plug-in-Elektrofahrzeugs geh\u00f6ren","robots":{"index":"index","follow":"follow","max-snippet":"max-snippet:-1","max-image-preview":"max-image-preview:large","max-video-preview":"max-video-preview:-1"},"canonical":"https:\/\/wp.gestiondecompras.com\/de\/erfolgsgeschichte\/stanzteile-automobil-elektrobereich\/","og_locale":"de_DE","og_type":"article","og_title":"Stanzteile. Automobil-Elektrobereich - Gesti\u00f3n De Compras","og_description":"Erfolgsgeschichte: die Entwicklung und Industrialisierung einer Familie von Komponenten, die zum Energiespeichersystem eines Plug-in-Elektrofahrzeugs geh\u00f6ren","og_url":"https:\/\/wp.gestiondecompras.com\/de\/erfolgsgeschichte\/stanzteile-automobil-elektrobereich\/","og_site_name":"Gesti\u00f3n De Compras","article_modified_time":"2023-02-27T11:57:57+00:00","og_image":[{"width":309,"height":228,"url":"https:\/\/wp.gestiondecompras.com\/wp-content\/uploads\/2023\/02\/1-removebg-preview.png","type":"image\/png"}],"twitter_card":"summary_large_image","twitter_misc":{"Gesch\u00e4tzte Lesezeit":"5\u00a0Minuten"},"schema":{"@context":"https:\/\/schema.org","@graph":[{"@type":"WebPage","@id":"https:\/\/wp.gestiondecompras.com\/de\/erfolgsgeschichte\/stanzteile-automobil-elektrobereich\/","url":"https:\/\/wp.gestiondecompras.com\/de\/erfolgsgeschichte\/stanzteile-automobil-elektrobereich\/","name":"Stanzteile. Automobil-Elektrobereich - Gesti\u00f3n De Compras","isPartOf":{"@id":"https:\/\/wp.gestiondecompras.com\/de\/#website"},"primaryImageOfPage":{"@id":"https:\/\/wp.gestiondecompras.com\/de\/erfolgsgeschichte\/stanzteile-automobil-elektrobereich\/#primaryimage"},"image":{"@id":"https:\/\/wp.gestiondecompras.com\/de\/erfolgsgeschichte\/stanzteile-automobil-elektrobereich\/#primaryimage"},"thumbnailUrl":"https:\/\/wp.gestiondecompras.com\/wp-content\/uploads\/2023\/02\/1-removebg-preview.png","datePublished":"2023-02-27T11:57:34+00:00","dateModified":"2023-02-27T11:57:57+00:00","description":"Erfolgsgeschichte: die Entwicklung und Industrialisierung einer Familie von Komponenten, die zum Energiespeichersystem eines Plug-in-Elektrofahrzeugs geh\u00f6ren","breadcrumb":{"@id":"https:\/\/wp.gestiondecompras.com\/de\/erfolgsgeschichte\/stanzteile-automobil-elektrobereich\/#breadcrumb"},"inLanguage":"de","potentialAction":[{"@type":"ReadAction","target":["https:\/\/wp.gestiondecompras.com\/de\/erfolgsgeschichte\/stanzteile-automobil-elektrobereich\/"]}]},{"@type":"ImageObject","inLanguage":"de","@id":"https:\/\/wp.gestiondecompras.com\/de\/erfolgsgeschichte\/stanzteile-automobil-elektrobereich\/#primaryimage","url":"https:\/\/wp.gestiondecompras.com\/wp-content\/uploads\/2023\/02\/1-removebg-preview.png","contentUrl":"https:\/\/wp.gestiondecompras.com\/wp-content\/uploads\/2023\/02\/1-removebg-preview.png","width":309,"height":228,"caption":"pieza de estampaci\u00f3n sector automotriz"},{"@type":"BreadcrumbList","@id":"https:\/\/wp.gestiondecompras.com\/de\/erfolgsgeschichte\/stanzteile-automobil-elektrobereich\/#breadcrumb","itemListElement":[{"@type":"ListItem","position":1,"name":"Heim","item":"https:\/\/wp.gestiondecompras.com\/de\/"},{"@type":"ListItem","position":2,"name":"Erfolgsgeschichte","item":"https:\/\/wp.gestiondecompras.com\/de\/casos-de-exito\/"},{"@type":"ListItem","position":3,"name":"Stanzteile. Automobil-Elektrobereich"}]},{"@type":"WebSite","@id":"https:\/\/wp.gestiondecompras.com\/de\/#website","url":"https:\/\/wp.gestiondecompras.com\/de\/","name":"Gesti\u00f3n De Compras","description":"Sourcing Internacional","potentialAction":[{"@type":"SearchAction","target":{"@type":"EntryPoint","urlTemplate":"https:\/\/wp.gestiondecompras.com\/de\/?s={search_term_string}"},"query-input":"required name=search_term_string"}],"inLanguage":"de"}]}},"_links":{"self":[{"href":"https:\/\/wp.gestiondecompras.com\/de\/wp-json\/wp\/v2\/pages\/13709"}],"collection":[{"href":"https:\/\/wp.gestiondecompras.com\/de\/wp-json\/wp\/v2\/pages"}],"about":[{"href":"https:\/\/wp.gestiondecompras.com\/de\/wp-json\/wp\/v2\/types\/page"}],"author":[{"embeddable":true,"href":"https:\/\/wp.gestiondecompras.com\/de\/wp-json\/wp\/v2\/users\/3"}],"replies":[{"embeddable":true,"href":"https:\/\/wp.gestiondecompras.com\/de\/wp-json\/wp\/v2\/comments?post=13709"}],"version-history":[{"count":4,"href":"https:\/\/wp.gestiondecompras.com\/de\/wp-json\/wp\/v2\/pages\/13709\/revisions"}],"predecessor-version":[{"id":13718,"href":"https:\/\/wp.gestiondecompras.com\/de\/wp-json\/wp\/v2\/pages\/13709\/revisions\/13718"}],"up":[{"embeddable":true,"href":"https:\/\/wp.gestiondecompras.com\/de\/wp-json\/wp\/v2\/pages\/8562"}],"wp:featuredmedia":[{"embeddable":true,"href":"https:\/\/wp.gestiondecompras.com\/de\/wp-json\/wp\/v2\/media\/13648"}],"wp:attachment":[{"href":"https:\/\/wp.gestiondecompras.com\/de\/wp-json\/wp\/v2\/media?parent=13709"}],"curies":[{"name":"wp","href":"https:\/\/api.w.org\/{rel}","templated":true}]}}