{"id":13358,"date":"2022-12-09T11:50:09","date_gmt":"2022-12-09T11:50:09","guid":{"rendered":"https:\/\/wp.gestiondecompras.com\/?page_id=13358"},"modified":"2023-02-13T07:22:31","modified_gmt":"2023-02-13T07:22:31","slug":"solarenergie","status":"publish","type":"page","link":"https:\/\/wp.gestiondecompras.com\/de\/produkte\/elektrizitaet-und-elektornik\/solarenergie\/","title":{"rendered":"Solarenergie"},"content":{"rendered":"[spb_row element_name=&#8220;Row&#8220; wrap_type=&#8220;content-width&#8220; parallax_image_height=&#8220;content-height&#8220; parallax_image_movement=&#8220;fixed&#8220; parallax_image_speed=&#8220;0.5&#8243; bg_video_loop=&#8220;yes&#8220; parallax_video_height=&#8220;window-height&#8220; parallax_video_overlay=&#8220;none&#8220; row_overlay_opacity=&#8220;0&#8243; row_col_pos=&#8220;default&#8220; width=&#8220;1\/1&#8243; el_position=&#8220;first last&#8220;] [spb_column col_sm=&#8220;12&#8243; col_animation=&#8220;none&#8220; col_animation_delay=&#8220;0&#8243; col_bg_type=&#8220;cover&#8220; col_parallax_image_movement=&#8220;fixed&#8220; col_parallax_image_speed=&#8220;0.5&#8243; col_padding=&#8220;0&#8243; col_vertical_offset=&#8220;0&#8243; col_horizontal_offset=&#8220;0&#8243; col_custom_zindex=&#8220;0&#8243; simplified_controls=&#8220;yes&#8220; custom_css_percentage=&#8220;no&#8220; padding_vertical=&#8220;0&#8243; padding_horizontal=&#8220;0&#8243; margin_vertical=&#8220;0&#8243; custom_css=&#8220;margin-top: 0px;margin-bottom: 0px;&#8220; border_styling_global=&#8220;default&#8220; width=&#8220;1\/1&#8243; el_position=&#8220;first last&#8220;] [spb_text_block animation=&#8220;none&#8220; animation_delay=&#8220;0&#8243; simplified_controls=&#8220;yes&#8220; custom_css_percentage=&#8220;no&#8220; padding_vertical=&#8220;0&#8243; padding_horizontal=&#8220;0&#8243; margin_vertical=&#8220;0&#8243; custom_css=&#8220;margin-top: 0px;margin-bottom: 0px;&#8220; border_size=&#8220;0&#8243; border_styling_global=&#8220;default&#8220; width=&#8220;3\/4&#8243; el_position=&#8220;first&#8220;]\n<p>Gesti\u00f3n de Compras verf\u00fcgt \u00fcber eine breite Palette von Produkten im Bereich der Fotovoltaik. Wir liefern Solarmodule, Befestigungsstrukturen und Mikrowechselrichter.<\/p>\n[\/spb_text_block] [spb_text_block animation=&#8220;none&#8220; animation_delay=&#8220;0&#8243; simplified_controls=&#8220;yes&#8220; custom_css_percentage=&#8220;no&#8220; padding_vertical=&#8220;0&#8243; padding_horizontal=&#8220;0&#8243; margin_vertical=&#8220;0&#8243; custom_css=&#8220;margin-top: 0px;margin-bottom: 0px;&#8220; border_size=&#8220;0&#8243; border_styling_global=&#8220;default&#8220; width=&#8220;1\/4&#8243; el_position=&#8220;last&#8220;]\n\n[\/spb_text_block] [spb_text_block animation=&#8220;none&#8220; animation_delay=&#8220;0&#8243; simplified_controls=&#8220;yes&#8220; custom_css_percentage=&#8220;no&#8220; padding_vertical=&#8220;0&#8243; padding_horizontal=&#8220;0&#8243; margin_vertical=&#8220;0&#8243; custom_css=&#8220;margin-top: 0px;margin-bottom: 0px;&#8220; border_size=&#8220;0&#8243; border_styling_global=&#8220;default&#8220; width=&#8220;1\/1&#8243; el_position=&#8220;first last&#8220;]\n<hr style=\"background-color: #0098aa; height: 1px;\" \/>\n[\/spb_text_block] [\/spb_column] [\/spb_row] [spb_row element_name=&#8220;Row&#8220; wrap_type=&#8220;content-width&#8220; parallax_image_height=&#8220;content-height&#8220; parallax_image_movement=&#8220;fixed&#8220; parallax_image_speed=&#8220;0.5&#8243; bg_video_loop=&#8220;yes&#8220; parallax_video_height=&#8220;window-height&#8220; parallax_video_overlay=&#8220;none&#8220; row_overlay_opacity=&#8220;0&#8243; row_col_pos=&#8220;default&#8220; width=&#8220;1\/1&#8243; el_position=&#8220;first last&#8220;] [spb_column col_sm=&#8220;12&#8243; padding_horizontal=&#8220;0&#8243; width=&#8220;1\/1&#8243; el_position=&#8220;first last&#8220;] [spb_text_block animation=&#8220;none&#8220; animation_delay=&#8220;0&#8243; simplified_controls=&#8220;yes&#8220; custom_css_percentage=&#8220;no&#8220; padding_vertical=&#8220;0&#8243; padding_horizontal=&#8220;0&#8243; margin_vertical=&#8220;0&#8243; custom_css=&#8220;margin-top: 0px;margin-bottom: 0px;&#8220; border_size=&#8220;0&#8243; border_styling_global=&#8220;default&#8220; width=&#8220;1\/1&#8243; el_position=&#8220;first last&#8220;]\n<h2 style=\"text-align: center;\"><strong>Komponenten f\u00fcr photovoltaische Anlagen<\/strong><\/h2>\n<div class=\"horizontal-break bold\" style=\"background-color: #666d78; width: 100px\"> <\/div>\n[\/spb_text_block] [spb_boxed_content type=&#8220;coloured&#8220; box_link_target=&#8220;_self&#8220; padding_vertical=&#8220;0&#8243; padding_horizontal=&#8220;0&#8243; width=&#8220;1\/1&#8243; el_position=&#8220;first last&#8220;]\n<p style=\"text-align: justify;\">Der Photovoltaiksektor hat seit seinen Anf\u00e4ngen einen langen Weg zur\u00fcckgelegt. Heute sind photovoltaische Komponenten in unserer Gesellschaft zum Standard geworden und geh\u00f6ren zu vielen Aspekten unseres t\u00e4glichen Lebens, die in immer mehr Anlagen zu finden sind. Industrie, Automobilindustrie, Freizeit- und Arbeitszentren, Haushalte&#8230; sind nur einige davon. Aus diesem Grund bieten wir von Gesti\u00f3n de Compras unseren Kunden verschiedene Photovoltaik-Komponenten an. F\u00fcr spezifische Informationen zu den einzelnen Produkten nehmen Sie bitte Kontakt mit uns auf.<\/p>\n[\/spb_boxed_content] [\/spb_column] [spb_blank_spacer height=&#8220;30px&#8220; width=&#8220;1\/1&#8243; el_position=&#8220;first last&#8220;] [spb_column col_sm=&#8220;4&#8243; padding_horizontal=&#8220;0&#8243; width=&#8220;1\/3&#8243; el_position=&#8220;first&#8220;] [spb_boxed_content type=&#8220;coloured&#8220; box_link_target=&#8220;_self&#8220; padding_vertical=&#8220;0&#8243; padding_horizontal=&#8220;0&#8243; width=&#8220;1\/1&#8243; el_position=&#8220;first last&#8220;]\n<p><img loading=\"lazy\" decoding=\"async\" class=\"aligncenter size-medium wp-image-13268\" src=\"https:\/\/wp.gestiondecompras.com\/wp-content\/uploads\/2022\/12\/paneles-solares-300x225.jpg\" alt=\"paneles solares\" width=\"300\" height=\"225\" srcset=\"https:\/\/wp.gestiondecompras.com\/wp-content\/uploads\/2022\/12\/paneles-solares-300x225.jpg 300w, https:\/\/wp.gestiondecompras.com\/wp-content\/uploads\/2022\/12\/paneles-solares-1024x768.jpg 1024w, https:\/\/wp.gestiondecompras.com\/wp-content\/uploads\/2022\/12\/paneles-solares-768x576.jpg 768w, https:\/\/wp.gestiondecompras.com\/wp-content\/uploads\/2022\/12\/paneles-solares-600x450.jpg 600w, https:\/\/wp.gestiondecompras.com\/wp-content\/uploads\/2022\/12\/paneles-solares-900x675.jpg 900w, https:\/\/wp.gestiondecompras.com\/wp-content\/uploads\/2022\/12\/paneles-solares.jpg 1080w\" sizes=\"(max-width: 300px) 100vw, 300px\" \/><\/p>\n[\/spb_boxed_content] [spb_icon_box title=&#8220;Sonnenkollektoren&#8220; box_type=&#8220;standard-title&#8220; animate_svg=&#8220;no&#8220; target=&#8220;_self&#8220; animation=&#8220;none&#8220; animation_delay=&#8220;0&#8243; animated_box_style=&#8220;coloured&#8220; animated_box_rounded=&#8220;yes&#8220; width=&#8220;1\/1&#8243; el_position=&#8220;first last&#8220;]\n<p style=\"text-align: justify;\">Die Hauptkomponente sind die Photovoltaikmodule, besser bekannt als Solarmodule. Fotovoltaikmodule erzeugen Energie durch die Fotovoltaikzellen, aus denen sie bestehen. Es gibt zwei Arten: monokristallin, mit Abschnitten aus einem einzigen Siliziumkristall, und polykristallin, mit kleinen kristallisierten Partikeln.<\/p>\n[\/spb_icon_box] [\/spb_column] [spb_column col_sm=&#8220;4&#8243; padding_horizontal=&#8220;0&#8243; width=&#8220;1\/3&#8243;] [spb_boxed_content type=&#8220;coloured&#8220; box_link_target=&#8220;_self&#8220; padding_vertical=&#8220;0&#8243; padding_horizontal=&#8220;0&#8243; width=&#8220;1\/1&#8243; el_position=&#8220;first last&#8220;]\n<p><img loading=\"lazy\" decoding=\"async\" class=\"aligncenter size-medium wp-image-13263\" src=\"https:\/\/wp.gestiondecompras.com\/wp-content\/uploads\/2022\/12\/microinversores-300x225.jpg\" alt=\"microinversores\" width=\"300\" height=\"225\" srcset=\"https:\/\/wp.gestiondecompras.com\/wp-content\/uploads\/2022\/12\/microinversores-300x225.jpg 300w, https:\/\/wp.gestiondecompras.com\/wp-content\/uploads\/2022\/12\/microinversores-1024x768.jpg 1024w, https:\/\/wp.gestiondecompras.com\/wp-content\/uploads\/2022\/12\/microinversores-768x576.jpg 768w, https:\/\/wp.gestiondecompras.com\/wp-content\/uploads\/2022\/12\/microinversores-600x450.jpg 600w, https:\/\/wp.gestiondecompras.com\/wp-content\/uploads\/2022\/12\/microinversores-900x675.jpg 900w, https:\/\/wp.gestiondecompras.com\/wp-content\/uploads\/2022\/12\/microinversores.jpg 1080w\" sizes=\"(max-width: 300px) 100vw, 300px\" \/><\/p>\n[\/spb_boxed_content] [spb_icon_box title=&#8220;Mikro-Wechselrichter&#8220; box_type=&#8220;standard-title&#8220; animate_svg=&#8220;no&#8220; target=&#8220;_self&#8220; animation=&#8220;none&#8220; animation_delay=&#8220;0&#8243; animated_box_style=&#8220;coloured&#8220; animated_box_rounded=&#8220;yes&#8220; width=&#8220;1\/1&#8243; el_position=&#8220;first last&#8220;]\n<p style=\"text-align: justify;\">Die Wahl des richtigen Mikrowechselrichters ist eine der wichtigsten Entscheidungen, wenn es um Ihre Solarstromanlage geht. Unsere Mikro-Wechselrichter verf\u00fcgen \u00fcber die fortschrittlichste Technologie auf dem Markt, was h\u00f6here Effizienz, gr\u00f6\u00dfere Zuverl\u00e4ssigkeit und un\u00fcbertroffene Systemintelligenz bedeutet.<\/p>\n[\/spb_icon_box] [\/spb_column] [spb_column col_sm=&#8220;4&#8243; padding_horizontal=&#8220;0&#8243; width=&#8220;1\/3&#8243; el_position=&#8220;last&#8220;] [spb_boxed_content type=&#8220;coloured&#8220; box_link_target=&#8220;_self&#8220; padding_vertical=&#8220;0&#8243; padding_horizontal=&#8220;0&#8243; width=&#8220;1\/1&#8243; el_position=&#8220;first last&#8220;]\n<p><img loading=\"lazy\" decoding=\"async\" class=\"aligncenter size-medium wp-image-13258\" src=\"https:\/\/wp.gestiondecompras.com\/wp-content\/uploads\/2022\/12\/sistema-de-montaje-solar-300x225.png\" alt=\"Sistema de montaje solar\" width=\"300\" height=\"225\" srcset=\"https:\/\/wp.gestiondecompras.com\/wp-content\/uploads\/2022\/12\/sistema-de-montaje-solar-300x225.png 300w, https:\/\/wp.gestiondecompras.com\/wp-content\/uploads\/2022\/12\/sistema-de-montaje-solar-1024x768.png 1024w, https:\/\/wp.gestiondecompras.com\/wp-content\/uploads\/2022\/12\/sistema-de-montaje-solar-768x576.png 768w, https:\/\/wp.gestiondecompras.com\/wp-content\/uploads\/2022\/12\/sistema-de-montaje-solar-600x450.png 600w, https:\/\/wp.gestiondecompras.com\/wp-content\/uploads\/2022\/12\/sistema-de-montaje-solar-900x675.png 900w, https:\/\/wp.gestiondecompras.com\/wp-content\/uploads\/2022\/12\/sistema-de-montaje-solar.png 1080w\" sizes=\"(max-width: 300px) 100vw, 300px\" \/><\/p>\n[\/spb_boxed_content] [spb_icon_box title=&#8220;Solar-Montagesystem&#8220; box_type=&#8220;standard-title&#8220; animate_svg=&#8220;no&#8220; target=&#8220;_self&#8220; animation=&#8220;none&#8220; animation_delay=&#8220;0&#8243; animated_box_style=&#8220;coloured&#8220; animated_box_rounded=&#8220;yes&#8220; width=&#8220;1\/1&#8243; el_position=&#8220;first last&#8220;]\n<p style=\"text-align: justify;\">Die Montagesysteme f\u00fcr Solarmodule umfassen eine Reihe von Elementen und spezifischen Produkten zur Befestigung der Solarmodule auf dem Dach, auf einer Metalldachfl\u00e4che oder auf Sandwichpaneelen, um die beste Montage mit h\u00f6herer Qualit\u00e4t und Funktionalit\u00e4t zu erreichen. In Gesti\u00f3n de Compras haben wir je nach Oberfl\u00e4che und Zweck Plattenst\u00fctzen, Schr\u00e4gst\u00fctzen, Klammern, Klemmen, Montages\u00e4tze, usw.<\/p>\n[\/spb_icon_box] [\/spb_column] [\/spb_row]\n","protected":false},"excerpt":{"rendered":"<p>[spb_row element_name=&#8220;Row&#8220; wrap_type=&#8220;content-width&#8220; parallax_image_height=&#8220;content-height&#8220; parallax_image_movement=&#8220;fixed&#8220; parallax_image_speed=&#8220;0.5&#8243; bg_video_loop=&#8220;yes&#8220; parallax_video_height=&#8220;window-height&#8220; parallax_video_overlay=&#8220;none&#8220; row_overlay_opacity=&#8220;0&#8243; row_col_pos=&#8220;default&#8220; width=&#8220;1\/1&#8243; el_position=&#8220;first last&#8220;] [spb_column col_sm=&#8220;12&#8243; col_animation=&#8220;none&#8220; col_animation_delay=&#8220;0&#8243; col_bg_type=&#8220;cover&#8220; col_parallax_image_movement=&#8220;fixed&#8220; col_parallax_image_speed=&#8220;0.5&#8243; col_padding=&#8220;0&#8243; col_vertical_offset=&#8220;0&#8243; col_horizontal_offset=&#8220;0&#8243; col_custom_zindex=&#8220;0&#8243; simplified_controls=&#8220;yes&#8220; custom_css_percentage=&#8220;no&#8220; padding_vertical=&#8220;0&#8243; padding_horizontal=&#8220;0&#8243; margin_vertical=&#8220;0&#8243; custom_css=&#8220;margin-top: 0px;margin-bottom: 0px;&#8220; border_styling_global=&#8220;default&#8220; width=&#8220;1\/1&#8243; el_position=&#8220;first last&#8220;] [spb_text_block animation=&#8220;none&#8220; animation_delay=&#8220;0&#8243; simplified_controls=&#8220;yes&#8220; custom_css_percentage=&#8220;no&#8220; padding_vertical=&#8220;0&#8243; padding_horizontal=&#8220;0&#8243; margin_vertical=&#8220;0&#8243; custom_css=&#8220;margin-top: 0px;margin-bottom: 0px;&#8220; border_size=&#8220;0&#8243; border_styling_global=&#8220;default&#8220; width=&#8220;3\/4&#8243; el_position=&#8220;first&#8220;] Gesti\u00f3n de Compras verf\u00fcgt \u00fcber eine breite Palette [&hellip;]<\/p>\n","protected":false},"author":5,"featured_media":13352,"parent":8689,"menu_order":0,"comment_status":"closed","ping_status":"closed","template":"page-title.php","meta":{"footnotes":""},"yoast_head":"<!-- This site is optimized with the Yoast SEO plugin v22.4 - https:\/\/yoast.com\/wordpress\/plugins\/seo\/ -->\n<title>Solarenergie - Gesti\u00f3n De Compras<\/title>\n<meta name=\"description\" content=\"Gesti\u00f3n de Compras verf\u00fcgt \u00fcber eine breite Palette von Produkten im Bereich der Fotovoltaik. Solarmodule, Mikrowechselrichter.\" \/>\n<meta name=\"robots\" content=\"index, follow, max-snippet:-1, max-image-preview:large, max-video-preview:-1\" \/>\n<link rel=\"canonical\" href=\"https:\/\/wp.gestiondecompras.com\/de\/produkte\/elektrizitaet-und-elektornik\/solarenergie\/\" \/>\n<meta property=\"og:locale\" content=\"de_DE\" \/>\n<meta property=\"og:type\" content=\"article\" \/>\n<meta property=\"og:title\" content=\"Solarenergie - Gesti\u00f3n De Compras\" \/>\n<meta property=\"og:description\" content=\"Gesti\u00f3n de Compras verf\u00fcgt \u00fcber eine breite Palette von Produkten im Bereich der Fotovoltaik. Solarmodule, Mikrowechselrichter.\" \/>\n<meta property=\"og:url\" content=\"https:\/\/wp.gestiondecompras.com\/de\/produkte\/elektrizitaet-und-elektornik\/solarenergie\/\" \/>\n<meta property=\"og:site_name\" content=\"Gesti\u00f3n De Compras\" \/>\n<meta property=\"article:modified_time\" content=\"2023-02-13T07:22:31+00:00\" \/>\n<meta property=\"og:image\" content=\"https:\/\/wp.gestiondecompras.com\/wp-content\/uploads\/2022\/12\/FOTO-RECURSO.jpg\" \/>\n\t<meta property=\"og:image:width\" content=\"1920\" \/>\n\t<meta property=\"og:image:height\" content=\"1080\" \/>\n\t<meta property=\"og:image:type\" content=\"image\/jpeg\" \/>\n<meta name=\"twitter:card\" content=\"summary_large_image\" \/>\n<meta name=\"twitter:label1\" content=\"Gesch\u00e4tzte Lesezeit\" \/>\n\t<meta name=\"twitter:data1\" content=\"4\u00a0Minuten\" \/>\n<script type=\"application\/ld+json\" class=\"yoast-schema-graph\">{\"@context\":\"https:\/\/schema.org\",\"@graph\":[{\"@type\":\"WebPage\",\"@id\":\"https:\/\/wp.gestiondecompras.com\/de\/produkte\/elektrizitaet-und-elektornik\/solarenergie\/\",\"url\":\"https:\/\/wp.gestiondecompras.com\/de\/produkte\/elektrizitaet-und-elektornik\/solarenergie\/\",\"name\":\"Solarenergie - Gesti\u00f3n De Compras\",\"isPartOf\":{\"@id\":\"https:\/\/wp.gestiondecompras.com\/de\/#website\"},\"primaryImageOfPage\":{\"@id\":\"https:\/\/wp.gestiondecompras.com\/de\/produkte\/elektrizitaet-und-elektornik\/solarenergie\/#primaryimage\"},\"image\":{\"@id\":\"https:\/\/wp.gestiondecompras.com\/de\/produkte\/elektrizitaet-und-elektornik\/solarenergie\/#primaryimage\"},\"thumbnailUrl\":\"https:\/\/wp.gestiondecompras.com\/wp-content\/uploads\/2022\/12\/FOTO-RECURSO.jpg\",\"datePublished\":\"2022-12-09T11:50:09+00:00\",\"dateModified\":\"2023-02-13T07:22:31+00:00\",\"description\":\"Gesti\u00f3n de Compras verf\u00fcgt \u00fcber eine breite Palette von Produkten im Bereich der Fotovoltaik. Solarmodule, Mikrowechselrichter.\",\"breadcrumb\":{\"@id\":\"https:\/\/wp.gestiondecompras.com\/de\/produkte\/elektrizitaet-und-elektornik\/solarenergie\/#breadcrumb\"},\"inLanguage\":\"de\",\"potentialAction\":[{\"@type\":\"ReadAction\",\"target\":[\"https:\/\/wp.gestiondecompras.com\/de\/produkte\/elektrizitaet-und-elektornik\/solarenergie\/\"]}]},{\"@type\":\"ImageObject\",\"inLanguage\":\"de\",\"@id\":\"https:\/\/wp.gestiondecompras.com\/de\/produkte\/elektrizitaet-und-elektornik\/solarenergie\/#primaryimage\",\"url\":\"https:\/\/wp.gestiondecompras.com\/wp-content\/uploads\/2022\/12\/FOTO-RECURSO.jpg\",\"contentUrl\":\"https:\/\/wp.gestiondecompras.com\/wp-content\/uploads\/2022\/12\/FOTO-RECURSO.jpg\",\"width\":1920,\"height\":1080,\"caption\":\"energ\u00eda solar\"},{\"@type\":\"BreadcrumbList\",\"@id\":\"https:\/\/wp.gestiondecompras.com\/de\/produkte\/elektrizitaet-und-elektornik\/solarenergie\/#breadcrumb\",\"itemListElement\":[{\"@type\":\"ListItem\",\"position\":1,\"name\":\"Heim\",\"item\":\"https:\/\/wp.gestiondecompras.com\/de\/\"},{\"@type\":\"ListItem\",\"position\":2,\"name\":\"Produkte\",\"item\":\"https:\/\/wp.gestiondecompras.com\/de\/productos\/\"},{\"@type\":\"ListItem\",\"position\":3,\"name\":\"Elektrizit\u00e4t und Elektornik\",\"item\":\"https:\/\/wp.gestiondecompras.com\/de\/productos\/electricidad-y-electronica\/\"},{\"@type\":\"ListItem\",\"position\":4,\"name\":\"Solarenergie\"}]},{\"@type\":\"WebSite\",\"@id\":\"https:\/\/wp.gestiondecompras.com\/de\/#website\",\"url\":\"https:\/\/wp.gestiondecompras.com\/de\/\",\"name\":\"Gesti\u00f3n De Compras\",\"description\":\"Sourcing Internacional\",\"potentialAction\":[{\"@type\":\"SearchAction\",\"target\":{\"@type\":\"EntryPoint\",\"urlTemplate\":\"https:\/\/wp.gestiondecompras.com\/de\/?s={search_term_string}\"},\"query-input\":\"required name=search_term_string\"}],\"inLanguage\":\"de\"}]}<\/script>\n<!-- \/ Yoast SEO plugin. -->","yoast_head_json":{"title":"Solarenergie - Gesti\u00f3n De Compras","description":"Gesti\u00f3n de Compras verf\u00fcgt \u00fcber eine breite Palette von Produkten im Bereich der Fotovoltaik. Solarmodule, Mikrowechselrichter.","robots":{"index":"index","follow":"follow","max-snippet":"max-snippet:-1","max-image-preview":"max-image-preview:large","max-video-preview":"max-video-preview:-1"},"canonical":"https:\/\/wp.gestiondecompras.com\/de\/produkte\/elektrizitaet-und-elektornik\/solarenergie\/","og_locale":"de_DE","og_type":"article","og_title":"Solarenergie - Gesti\u00f3n De Compras","og_description":"Gesti\u00f3n de Compras verf\u00fcgt \u00fcber eine breite Palette von Produkten im Bereich der Fotovoltaik. Solarmodule, Mikrowechselrichter.","og_url":"https:\/\/wp.gestiondecompras.com\/de\/produkte\/elektrizitaet-und-elektornik\/solarenergie\/","og_site_name":"Gesti\u00f3n De Compras","article_modified_time":"2023-02-13T07:22:31+00:00","og_image":[{"width":1920,"height":1080,"url":"https:\/\/wp.gestiondecompras.com\/wp-content\/uploads\/2022\/12\/FOTO-RECURSO.jpg","type":"image\/jpeg"}],"twitter_card":"summary_large_image","twitter_misc":{"Gesch\u00e4tzte Lesezeit":"4\u00a0Minuten"},"schema":{"@context":"https:\/\/schema.org","@graph":[{"@type":"WebPage","@id":"https:\/\/wp.gestiondecompras.com\/de\/produkte\/elektrizitaet-und-elektornik\/solarenergie\/","url":"https:\/\/wp.gestiondecompras.com\/de\/produkte\/elektrizitaet-und-elektornik\/solarenergie\/","name":"Solarenergie - Gesti\u00f3n De Compras","isPartOf":{"@id":"https:\/\/wp.gestiondecompras.com\/de\/#website"},"primaryImageOfPage":{"@id":"https:\/\/wp.gestiondecompras.com\/de\/produkte\/elektrizitaet-und-elektornik\/solarenergie\/#primaryimage"},"image":{"@id":"https:\/\/wp.gestiondecompras.com\/de\/produkte\/elektrizitaet-und-elektornik\/solarenergie\/#primaryimage"},"thumbnailUrl":"https:\/\/wp.gestiondecompras.com\/wp-content\/uploads\/2022\/12\/FOTO-RECURSO.jpg","datePublished":"2022-12-09T11:50:09+00:00","dateModified":"2023-02-13T07:22:31+00:00","description":"Gesti\u00f3n de Compras verf\u00fcgt \u00fcber eine breite Palette von Produkten im Bereich der Fotovoltaik. Solarmodule, Mikrowechselrichter.","breadcrumb":{"@id":"https:\/\/wp.gestiondecompras.com\/de\/produkte\/elektrizitaet-und-elektornik\/solarenergie\/#breadcrumb"},"inLanguage":"de","potentialAction":[{"@type":"ReadAction","target":["https:\/\/wp.gestiondecompras.com\/de\/produkte\/elektrizitaet-und-elektornik\/solarenergie\/"]}]},{"@type":"ImageObject","inLanguage":"de","@id":"https:\/\/wp.gestiondecompras.com\/de\/produkte\/elektrizitaet-und-elektornik\/solarenergie\/#primaryimage","url":"https:\/\/wp.gestiondecompras.com\/wp-content\/uploads\/2022\/12\/FOTO-RECURSO.jpg","contentUrl":"https:\/\/wp.gestiondecompras.com\/wp-content\/uploads\/2022\/12\/FOTO-RECURSO.jpg","width":1920,"height":1080,"caption":"energ\u00eda solar"},{"@type":"BreadcrumbList","@id":"https:\/\/wp.gestiondecompras.com\/de\/produkte\/elektrizitaet-und-elektornik\/solarenergie\/#breadcrumb","itemListElement":[{"@type":"ListItem","position":1,"name":"Heim","item":"https:\/\/wp.gestiondecompras.com\/de\/"},{"@type":"ListItem","position":2,"name":"Produkte","item":"https:\/\/wp.gestiondecompras.com\/de\/productos\/"},{"@type":"ListItem","position":3,"name":"Elektrizit\u00e4t und Elektornik","item":"https:\/\/wp.gestiondecompras.com\/de\/productos\/electricidad-y-electronica\/"},{"@type":"ListItem","position":4,"name":"Solarenergie"}]},{"@type":"WebSite","@id":"https:\/\/wp.gestiondecompras.com\/de\/#website","url":"https:\/\/wp.gestiondecompras.com\/de\/","name":"Gesti\u00f3n De Compras","description":"Sourcing Internacional","potentialAction":[{"@type":"SearchAction","target":{"@type":"EntryPoint","urlTemplate":"https:\/\/wp.gestiondecompras.com\/de\/?s={search_term_string}"},"query-input":"required name=search_term_string"}],"inLanguage":"de"}]}},"_links":{"self":[{"href":"https:\/\/wp.gestiondecompras.com\/de\/wp-json\/wp\/v2\/pages\/13358"}],"collection":[{"href":"https:\/\/wp.gestiondecompras.com\/de\/wp-json\/wp\/v2\/pages"}],"about":[{"href":"https:\/\/wp.gestiondecompras.com\/de\/wp-json\/wp\/v2\/types\/page"}],"author":[{"embeddable":true,"href":"https:\/\/wp.gestiondecompras.com\/de\/wp-json\/wp\/v2\/users\/5"}],"replies":[{"embeddable":true,"href":"https:\/\/wp.gestiondecompras.com\/de\/wp-json\/wp\/v2\/comments?post=13358"}],"version-history":[{"count":3,"href":"https:\/\/wp.gestiondecompras.com\/de\/wp-json\/wp\/v2\/pages\/13358\/revisions"}],"predecessor-version":[{"id":13572,"href":"https:\/\/wp.gestiondecompras.com\/de\/wp-json\/wp\/v2\/pages\/13358\/revisions\/13572"}],"up":[{"embeddable":true,"href":"https:\/\/wp.gestiondecompras.com\/de\/wp-json\/wp\/v2\/pages\/8689"}],"wp:featuredmedia":[{"embeddable":true,"href":"https:\/\/wp.gestiondecompras.com\/de\/wp-json\/wp\/v2\/media\/13352"}],"wp:attachment":[{"href":"https:\/\/wp.gestiondecompras.com\/de\/wp-json\/wp\/v2\/media?parent=13358"}],"curies":[{"name":"wp","href":"https:\/\/api.w.org\/{rel}","templated":true}]}}